{"id":1984,"date":"2025-06-19T09:22:04","date_gmt":"2025-06-19T01:22:04","guid":{"rendered":"https:\/\/www.gigapa.com\/?post_type=product&#038;p=1984"},"modified":"2025-10-13T09:15:17","modified_gmt":"2025-10-13T01:15:17","slug":"heavy-duty-twin-shaft-shredder","status":"publish","type":"product","link":"https:\/\/www.gigapa.com\/de\/product\/heavy-duty-twin-shaft-shredder\/","title":{"rendered":"Schwerer Doppelwellenzerkleinerer"},"content":{"rendered":"<p data-start=\"243\" data-end=\"712\" data-immersive-translate-walked=\"f13ecb9b-f395-4d73-8ba2-14988f63f557\" data-immersive-translate-paragraph=\"1\">Effiziente und zuverl\u00e4ssige Abfallzerkleinerung ist ein entscheidender Aspekt moderner Industriebetriebe. Der Hochleistungs-Doppelwellenzerkleinerer wurde entwickelt, um die anspruchsvollsten Zerkleinerungsaufgaben in einer Vielzahl von Branchen zu bew\u00e4ltigen. Ganz gleich, ob Sie mit Sperrm\u00fcll, Bauschutt, Metallf\u00e4ssern, Gummi, Holz, Elektroschrott oder sogar gef\u00e4hrlichen Materialien zu tun haben, dieser Zweiwellenzerkleinerer ist f\u00fcr ein hohes Drehmoment, eine niedrige Drehzahl und eine starke Leistung ausgelegt - Tag f\u00fcr Tag.<\/p>\n<p data-start=\"714\" data-end=\"1053\" data-immersive-translate-walked=\"f13ecb9b-f395-4d73-8ba2-14988f63f557\" data-immersive-translate-paragraph=\"1\">Dieses robuste Zerkleinerungssystem ist f\u00fcr den kontinuierlichen Betrieb in gro\u00dfem Ma\u00dfstab ausgelegt und verwandelt komplexe und \u00fcbergro\u00dfe Materialien in handliche, einheitliche St\u00fccke, die sich f\u00fcr das Recycling, die Verbrennung oder die Entsorgung eignen. Wenn Ihr Betrieb eine leistungsstarke Abfallverarbeitung mit minimalen Ausfallzeiten ben\u00f6tigt, ist der Hochleistungs-Doppelwellenzerkleinerer die perfekte L\u00f6sung.<\/p>\n<h3 data-start=\"1060\" data-end=\"1108\" data-immersive-translate-walked=\"f13ecb9b-f395-4d73-8ba2-14988f63f557\">Was ist ein Hochleistungs-Zweiwellenzerkleinerer?<\/h3>\n<p data-start=\"1110\" data-end=\"1508\" data-immersive-translate-walked=\"f13ecb9b-f395-4d73-8ba2-14988f63f557\" data-immersive-translate-paragraph=\"1\">Ein Zweiwellenzerkleinerer ist eine Industriemaschine mit zwei parallelen Wellen, die mit gegenl\u00e4ufigen Messern ausgestattet sind. Diese Klingen greifen, zerrei\u00dfen und scheren das Material in kleinere St\u00fccke, indem sie das Drehmoment nutzen, anstatt es mit hoher Geschwindigkeit zu schneiden. Im Gegensatz zu Einwellenzerkleinerern eignen sich Zweiwellenzerkleinerer ideal f\u00fcr die grobe Zerkleinerung von Materialien, die zu gro\u00df, zu z\u00e4h oder zu verschmutzt f\u00fcr feinere Maschinen sind.<\/p>\n<p data-start=\"1510\" data-end=\"1711\" data-immersive-translate-walked=\"f13ecb9b-f395-4d73-8ba2-14988f63f557\" data-immersive-translate-paragraph=\"1\">Dieses besondere Hochleistungsmodell ist mit einem verst\u00e4rkten Stahlgeh\u00e4use, geh\u00e4rteten Legierungsmessern und einem intelligenten Steuersystem ausgestattet, wodurch es sich auch f\u00fcr die aggressivsten Anwendungen gut eignet.<\/p>\n<h3 data-start=\"1718\" data-end=\"1776\" data-immersive-translate-walked=\"f13ecb9b-f395-4d73-8ba2-14988f63f557\">Die wichtigsten Merkmale des Hochleistungs-Doppelwellenzerkleinerers<\/h3>\n<p data-start=\"1778\" data-end=\"1821\" data-immersive-translate-walked=\"f13ecb9b-f395-4d73-8ba2-14988f63f557\" data-immersive-translate-paragraph=\"1\"><strong>Betrieb mit hohem Drehmoment und niedriger Geschwindigkeit<\/strong><\/p>\n<p data-start=\"1822\" data-end=\"2044\" data-immersive-translate-walked=\"f13ecb9b-f395-4d73-8ba2-14988f63f557\" data-immersive-translate-paragraph=\"1\">Der H\u00e4cksler arbeitet mit niedrigen Drehzahlen, liefert aber ein hohes Drehmoment. Diese Konstruktion sorgt f\u00fcr Energieeffizienz, einen leisen Betrieb und eine geringere Staub- und W\u00e4rmeentwicklung - und zerkleinert dennoch m\u00fchelos harten oder sperrigen Abfall.<\/p>\n<p data-start=\"2046\" data-end=\"2094\" data-immersive-translate-walked=\"f13ecb9b-f395-4d73-8ba2-14988f63f557\" data-immersive-translate-paragraph=\"1\"><strong>Robuste Konstruktion f\u00fcr langfristigen Einsatz<\/strong><\/p>\n<p data-start=\"2095\" data-end=\"2279\" data-immersive-translate-walked=\"f13ecb9b-f395-4d73-8ba2-14988f63f557\" data-immersive-translate-paragraph=\"1\">Der gesamte Rahmen ist aus hochbelastbarem, geschwei\u00dftem Stahl gefertigt und mit Schwingungsd\u00e4mpfern und Schutzplatten verst\u00e4rkt. Er ist so gebaut, dass er Verformungen und Verschlei\u00df in stark beanspruchten Umgebungen standh\u00e4lt.<\/p>\n<p data-start=\"2281\" data-end=\"2322\" data-immersive-translate-walked=\"f13ecb9b-f395-4d73-8ba2-14988f63f557\" data-immersive-translate-paragraph=\"1\"><strong>Verschlei\u00dffeste Schneidklingen<\/strong><\/p>\n<p data-start=\"2323\" data-end=\"2535\" data-immersive-translate-walked=\"f13ecb9b-f395-4d73-8ba2-14988f63f557\" data-immersive-translate-paragraph=\"1\">Jede Welle ist mit austauschbaren Schneiden aus hochwertigem legiertem Stahl ausgekleidet, die f\u00fcr Verschlei\u00dffestigkeit und lange Lebensdauer w\u00e4rmebehandelt sind. Je nach Materialtyp sind verschiedene Messerkonfigurationen erh\u00e4ltlich.<\/p>\n<p data-start=\"2537\" data-end=\"2574\" data-immersive-translate-walked=\"f13ecb9b-f395-4d73-8ba2-14988f63f557\" data-immersive-translate-paragraph=\"1\"><strong>Intelligentes Steuerungssystem (PLC)<\/strong><\/p>\n<p data-start=\"2575\" data-end=\"2794\" data-immersive-translate-walked=\"f13ecb9b-f395-4d73-8ba2-14988f63f557\" data-immersive-translate-paragraph=\"1\">Ein integriertes SPS-Steuerungssystem erm\u00f6glicht den automatischen Start\/Stopp, die Umkehrung der Drehrichtung im Falle einer \u00dcberlastung und eine Not-Aus-Funktion. Das System \u00fcberwacht auch das Drehmoment, die Geschwindigkeit und die Motortemperatur in Echtzeit.<\/p>\n<p data-start=\"2796\" data-end=\"2841\" data-immersive-translate-walked=\"f13ecb9b-f395-4d73-8ba2-14988f63f557\" data-immersive-translate-paragraph=\"1\"><strong>Gr\u00f6\u00dfenanpassung und Durchsatz<\/strong><\/p>\n<p data-start=\"2842\" data-end=\"2989\" data-immersive-translate-walked=\"f13ecb9b-f395-4d73-8ba2-14988f63f557\" data-immersive-translate-paragraph=\"1\">Je nach Ihren Anforderungen an die Zerkleinerungskapazit\u00e4t kann die Maschine hinsichtlich Motorleistung, Wellenl\u00e4nge, Messerst\u00e4rke und Kammergr\u00f6\u00dfe angepasst werden.<\/p>\n<p data-start=\"2991\" data-end=\"3025\" data-immersive-translate-walked=\"f13ecb9b-f395-4d73-8ba2-14988f63f557\" data-immersive-translate-paragraph=\"1\"><strong>Auto-Reverse-Schutz<\/strong><\/p>\n<p data-start=\"3026\" data-end=\"3198\" data-immersive-translate-walked=\"f13ecb9b-f395-4d73-8ba2-14988f63f557\" data-immersive-translate-paragraph=\"1\">Um ein Verklemmen zu verhindern, kehrt der Zerkleinerer automatisch die Wellenrichtung um, wenn er eine Materialblockade feststellt, und nimmt den normalen Betrieb wieder auf, sobald das Material beseitigt ist.<\/p>\n<h3 data-start=\"3205\" data-end=\"3262\" data-immersive-translate-walked=\"f13ecb9b-f395-4d73-8ba2-14988f63f557\">Vorteile des Einsatzes eines Hochleistungs-Zweiwellenzerkleinerers<\/h3>\n<p data-start=\"3264\" data-end=\"3303\" data-immersive-translate-walked=\"f13ecb9b-f395-4d73-8ba2-14988f63f557\" data-immersive-translate-paragraph=\"1\"><strong>1. Vielseitigkeit bei verschiedenen Materialien<\/strong><\/p>\n<p data-start=\"3304\" data-end=\"3513\" data-immersive-translate-walked=\"f13ecb9b-f395-4d73-8ba2-14988f63f557\" data-immersive-translate-paragraph=\"1\">Von Kunststofff\u00e4ssern \u00fcber Autoreifen und Aluminiumschrott bis hin zu Elektronikschrott - dieser Shredder kann ein breites Spektrum an schwer zu verarbeitenden Materialien verarbeiten. Er ist eine All-in-One-L\u00f6sung f\u00fcr komplexe Abfallstr\u00f6me.<\/p>\n<p data-start=\"3515\" data-end=\"3558\" data-immersive-translate-walked=\"f13ecb9b-f395-4d73-8ba2-14988f63f557\" data-immersive-translate-paragraph=\"1\"><strong>2. Gesteigerte betriebliche Effizienz<\/strong><\/p>\n<p data-start=\"3559\" data-end=\"3750\" data-immersive-translate-walked=\"f13ecb9b-f395-4d73-8ba2-14988f63f557\" data-immersive-translate-paragraph=\"1\">Das gro\u00dfe Fassungsverm\u00f6gen und die M\u00f6glichkeit der kontinuierlichen Zuf\u00fchrung tragen zur Steigerung der Gesamtproduktivit\u00e4t bei. Da nur minimale \u00dcberwachung erforderlich ist, k\u00f6nnen sich die Bediener auf andere Aufgaben konzentrieren, w\u00e4hrend der H\u00e4cksler im Hintergrund l\u00e4uft.<\/p>\n<p data-start=\"3752\" data-end=\"3793\" data-immersive-translate-walked=\"f13ecb9b-f395-4d73-8ba2-14988f63f557\" data-immersive-translate-paragraph=\"1\"><strong>3. Verbesserte Sicherheit und Compliance<\/strong><\/p>\n<p data-start=\"3794\" data-end=\"3972\" data-immersive-translate-walked=\"f13ecb9b-f395-4d73-8ba2-14988f63f557\" data-immersive-translate-paragraph=\"1\">Durch die Verringerung der Abfallmenge tr\u00e4gt die Maschine dazu bei, die Einhaltung lokaler und internationaler Abfallverarbeitungsvorschriften zu gew\u00e4hrleisten und gleichzeitig die Brandgefahr und das Kontaminationsrisiko zu minimieren.<\/p>\n<p data-start=\"3974\" data-end=\"4025\" data-immersive-translate-walked=\"f13ecb9b-f395-4d73-8ba2-14988f63f557\" data-immersive-translate-paragraph=\"1\"><strong>4. Unterst\u00fctzung f\u00fcr Recycling und Abfallverwertung<\/strong><\/p>\n<p data-start=\"4026\" data-end=\"4218\" data-immersive-translate-walked=\"f13ecb9b-f395-4d73-8ba2-14988f63f557\" data-immersive-translate-paragraph=\"1\">Das zerkleinerte Material eignet sich perfekt f\u00fcr die Weiterverarbeitung, sei es durch Sortierung, Verbrennung oder direktes Recycling, und hilft Unternehmen, den Deponieverbrauch zu minimieren und wertvolle Sekund\u00e4rmaterialien zur\u00fcckzugewinnen.<\/p>\n<p data-start=\"4220\" data-end=\"4254\" data-immersive-translate-walked=\"f13ecb9b-f395-4d73-8ba2-14988f63f557\" data-immersive-translate-paragraph=\"1\"><strong>5. Niedrigere Wartungskosten<\/strong><\/p>\n<p data-start=\"4255\" data-end=\"4414\" data-immersive-translate-walked=\"f13ecb9b-f395-4d73-8ba2-14988f63f557\" data-immersive-translate-paragraph=\"1\">Dank der robusten Bauweise und des automatischen \u00dcberlastungsschutzes werden die Ausfallzeiten minimiert. Die modulare Bauweise der Teile erm\u00f6glicht au\u00dferdem einen schnellen Austausch von Verschlei\u00dfteilen.<\/p>\n<h3 data-start=\"4421\" data-end=\"4467\" data-immersive-translate-walked=\"f13ecb9b-f395-4d73-8ba2-14988f63f557\">Typische Anwendungen und Materialtypen<\/h3>\n<p data-start=\"4469\" data-end=\"4551\" data-immersive-translate-walked=\"f13ecb9b-f395-4d73-8ba2-14988f63f557\" data-immersive-translate-paragraph=\"1\">Der Hochleistungs-Doppelwellenzerkleinerer ist in den folgenden Branchen weit verbreitet:<\/p>\n<ul>\n<li data-start=\"4555\" data-end=\"4635\" data-immersive-translate-walked=\"f13ecb9b-f395-4d73-8ba2-14988f63f557\" data-immersive-translate-paragraph=\"1\">Siedlungsabfallverarbeitung - Hausm\u00fcll, organische Abf\u00e4lle, Sperrm\u00fcll<\/li>\n<li data-start=\"4638\" data-end=\"4712\" data-immersive-translate-walked=\"f13ecb9b-f395-4d73-8ba2-14988f63f557\" data-immersive-translate-paragraph=\"1\">Bau- und Abbrucharbeiten - Holz, Betonteile, D\u00e4mmplatten<\/li>\n<li data-start=\"4715\" data-end=\"4789\" data-immersive-translate-walked=\"f13ecb9b-f395-4d73-8ba2-14988f63f557\" data-immersive-translate-paragraph=\"1\">Recycling von Metallschrott - Aluminiumbleche, Stahlf\u00e4sser, Metallsp\u00e4ne<\/li>\n<li data-start=\"4792\" data-end=\"4856\" data-immersive-translate-walked=\"f13ecb9b-f395-4d73-8ba2-14988f63f557\" data-immersive-translate-paragraph=\"1\">Kunststoffindustrie - Kunststoffbeh\u00e4lter, Rohre, Formteile<\/li>\n<li data-start=\"4859\" data-end=\"4922\" data-immersive-translate-walked=\"f13ecb9b-f395-4d73-8ba2-14988f63f557\" data-immersive-translate-paragraph=\"1\">Gummi &amp; Reifen - Autoreifen, F\u00f6rderb\u00e4nder, Gummiplatten<\/li>\n<li data-start=\"4925\" data-end=\"4992\" data-immersive-translate-walked=\"f13ecb9b-f395-4d73-8ba2-14988f63f557\" data-immersive-translate-paragraph=\"1\">E-Waste Management - Platinen, Kabel, Kleinger\u00e4te<\/li>\n<li data-start=\"4995\" data-end=\"5065\" data-immersive-translate-walked=\"f13ecb9b-f395-4d73-8ba2-14988f63f557\" data-immersive-translate-paragraph=\"1\">Zerkleinerung von Textilien und Geweben - Altkleider, industrielle Textilien<\/li>\n<li data-start=\"5068\" data-end=\"5135\" data-immersive-translate-walked=\"f13ecb9b-f395-4d73-8ba2-14988f63f557\" data-immersive-translate-paragraph=\"1\">Landwirtschaftliche Abf\u00e4lle - Biomasse, Kokosnussschalen, Zuckerrohrabf\u00e4lle<\/li>\n<\/ul>\n<p data-start=\"5137\" data-end=\"5236\" data-immersive-translate-walked=\"f13ecb9b-f395-4d73-8ba2-14988f63f557\" data-immersive-translate-paragraph=\"1\">Ganz gleich, in welchem Bereich Sie t\u00e4tig sind, wenn Ihr Material z\u00e4h, verworren oder \u00fcberdimensioniert ist, diese Maschine kann es bew\u00e4ltigen.<\/p>\n<h3 data-start=\"5243\" data-end=\"5271\" data-immersive-translate-walked=\"f13ecb9b-f395-4d73-8ba2-14988f63f557\">Anpassungsoptionen<\/h3>\n<p data-start=\"5273\" data-end=\"5369\" data-immersive-translate-walked=\"f13ecb9b-f395-4d73-8ba2-14988f63f557\" data-immersive-translate-paragraph=\"1\">Wir wissen, dass jede Anwendung anders ist. Deshalb bieten wir mehrere benutzerdefinierte Funktionen:<\/p>\n<ul>\n<li data-start=\"5373\" data-end=\"5411\" data-immersive-translate-walked=\"f13ecb9b-f395-4d73-8ba2-14988f63f557\" data-immersive-translate-paragraph=\"1\">Motorleistungsoptionen (30kW bis 200kW+)<\/li>\n<li data-start=\"5414\" data-end=\"5463\" data-immersive-translate-walked=\"f13ecb9b-f395-4d73-8ba2-14988f63f557\" data-immersive-translate-paragraph=\"1\">Dicke des Schneidwerkzeugs (15mm-100mm) und Materialtyp<\/li>\n<li data-start=\"5466\" data-end=\"5512\" data-immersive-translate-walked=\"f13ecb9b-f395-4d73-8ba2-14988f63f557\" data-immersive-translate-paragraph=\"1\">Auf die Materialgr\u00f6\u00dfe abgestimmte Kammerabmessungen<\/li>\n<li data-start=\"5515\" data-end=\"5544\" data-immersive-translate-walked=\"f13ecb9b-f395-4d73-8ba2-14988f63f557\" data-immersive-translate-paragraph=\"1\">Integration des Ausgangsf\u00f6rderers<\/li>\n<li data-start=\"5547\" data-end=\"5574\" data-immersive-translate-walked=\"f13ecb9b-f395-4d73-8ba2-14988f63f557\" data-immersive-translate-paragraph=\"1\">Schnittstelle zur Staubabsaugung<\/li>\n<li data-start=\"5577\" data-end=\"5624\" data-immersive-translate-walked=\"f13ecb9b-f395-4d73-8ba2-14988f63f557\" data-immersive-translate-paragraph=\"1\">Fern\u00fcberwachung und automatische Warnsysteme<\/li>\n<\/ul>\n<p data-start=\"5626\" data-end=\"5738\" data-immersive-translate-walked=\"f13ecb9b-f395-4d73-8ba2-14988f63f557\" data-immersive-translate-paragraph=\"1\">Unsere Ingenieure arbeiten mit Ihnen zusammen, um die richtige Konfiguration f\u00fcr Ihre Abfallart, Ihr Volumen und Ihre Verarbeitungsziele zu finden.<\/p>\n<hr data-start=\"5740\" data-end=\"5743\" data-immersive-translate-walked=\"f13ecb9b-f395-4d73-8ba2-14988f63f557\" \/>\n<h3 data-start=\"5745\" data-end=\"5788\" data-immersive-translate-walked=\"f13ecb9b-f395-4d73-8ba2-14988f63f557\">Zertifizierungen und Qualit\u00e4tssicherung<\/h3>\n<p data-start=\"5790\" data-end=\"5855\" data-immersive-translate-walked=\"f13ecb9b-f395-4d73-8ba2-14988f63f557\" data-immersive-translate-paragraph=\"1\">Unsere Maschinen werden nach strengen internationalen Normen gebaut:<\/p>\n<ul>\n<li data-start=\"5859\" data-end=\"5873\" data-immersive-translate-walked=\"f13ecb9b-f395-4d73-8ba2-14988f63f557\" data-immersive-translate-paragraph=\"1\">CE-zertifiziert<\/li>\n<li data-start=\"5876\" data-end=\"5896\" data-immersive-translate-walked=\"f13ecb9b-f395-4d73-8ba2-14988f63f557\" data-immersive-translate-paragraph=\"1\">ISO 9001-konform<\/li>\n<li data-start=\"5899\" data-end=\"5931\" data-immersive-translate-walked=\"f13ecb9b-f395-4d73-8ba2-14988f63f557\" data-immersive-translate-paragraph=\"1\">Werkseitig vor dem Versand getestet<\/li>\n<li data-start=\"5934\" data-end=\"5979\" data-immersive-translate-walked=\"f13ecb9b-f395-4d73-8ba2-14988f63f557\" data-immersive-translate-paragraph=\"1\">Enth\u00e4lt Inspektionsberichte und Testvideos<\/li>\n<\/ul>\n<p data-start=\"5981\" data-end=\"6105\" data-immersive-translate-walked=\"f13ecb9b-f395-4d73-8ba2-14988f63f557\" data-immersive-translate-paragraph=\"1\">Wir verwenden ausschlie\u00dflich industrietaugliche Komponenten bew\u00e4hrter Weltmarken (Siemens, SKF usw.), um Zuverl\u00e4ssigkeit und Leistung zu gew\u00e4hrleisten.<\/p>\n<h3 data-start=\"6112\" data-end=\"6160\" data-immersive-translate-walked=\"f13ecb9b-f395-4d73-8ba2-14988f63f557\">Kundendienst und technische Unterst\u00fctzung<\/h3>\n<p data-start=\"6162\" data-end=\"6220\" data-immersive-translate-walked=\"f13ecb9b-f395-4d73-8ba2-14988f63f557\" data-immersive-translate-paragraph=\"1\">Ihre Investition ist durch unser robustes Supportsystem gesch\u00fctzt:<\/p>\n<ul>\n<li data-start=\"6224\" data-end=\"6280\" data-immersive-translate-walked=\"f13ecb9b-f395-4d73-8ba2-14988f63f557\" data-immersive-translate-paragraph=\"1\">Professionelle Installationsanleitung (vor Ort oder aus der Ferne)<\/li>\n<li data-start=\"6283\" data-end=\"6331\" data-immersive-translate-walked=\"f13ecb9b-f395-4d73-8ba2-14988f63f557\" data-immersive-translate-paragraph=\"1\">Bedienerschulung und Wartungsanweisungen<\/li>\n<li data-start=\"6334\" data-end=\"6378\" data-immersive-translate-walked=\"f13ecb9b-f395-4d73-8ba2-14988f63f557\" data-immersive-translate-paragraph=\"1\">Ersatzteilverf\u00fcgbarkeit und schnelle Lieferung<\/li>\n<li data-start=\"6381\" data-end=\"6435\" data-immersive-translate-walked=\"f13ecb9b-f395-4d73-8ba2-14988f63f557\" data-immersive-translate-paragraph=\"1\">24\/7-Kundensupport und Video-Fehlerbehebung<\/li>\n<li data-start=\"6438\" data-end=\"6490\" data-immersive-translate-walked=\"f13ecb9b-f395-4d73-8ba2-14988f63f557\" data-immersive-translate-paragraph=\"1\">Langfristige Servicevertr\u00e4ge f\u00fcr Industriekunden<\/li>\n<\/ul>\n<h3 data-start=\"6497\" data-end=\"6514\" data-immersive-translate-walked=\"f13ecb9b-f395-4d73-8ba2-14988f63f557\">Schlussfolgerung<\/h3>\n<p data-start=\"6516\" data-end=\"6837\" data-immersive-translate-walked=\"f13ecb9b-f395-4d73-8ba2-14988f63f557\" data-immersive-translate-paragraph=\"1\">Der Hochleistungs-Doppelwellenzerkleinerer ist nicht einfach nur ein weiterer Industriezerkleinerer - er ist ein zuverl\u00e4ssiger Partner bei der Abfallreduzierung, Ressourcenr\u00fcckgewinnung und Umweltverantwortung. Seine leistungsstarke Bauweise, seine Automatisierungsfunktionen und seine Anwendungsvielfalt machen ihn ideal f\u00fcr Unternehmen, die gro\u00dfe oder schwierige Abfallmaterialien verarbeiten.<\/p>\n<p data-start=\"6839\" data-end=\"7010\" data-immersive-translate-walked=\"f13ecb9b-f395-4d73-8ba2-14988f63f557\" data-immersive-translate-paragraph=\"1\">Ganz gleich, ob Sie eine kommunale Abfallentsorgungsanlage, eine Recyclinganlage oder eine Fertigungsstra\u00dfe betreiben, dieser Shredder bietet die St\u00e4rke und Intelligenz, die Ihr Betrieb ben\u00f6tigt.<\/p>","protected":false},"excerpt":{"rendered":"<p>Der Hochleistungs-Doppelwellenzerkleinerer wurde f\u00fcr extreme industrielle Anwendungen entwickelt und verf\u00fcgt \u00fcber zwei 30-200 kW starke Motoren, die m\u00fchelos Metalle, Reifen und Elektroschrott mit einem Durchsatz von 50-100 Tonnen pro Stunde verarbeiten. Die Klingen aus geh\u00e4rtetem Stahl bieten eine dreifach l\u00e4ngere Lebensdauer als bei Standardzerkleinerern, w\u00e4hrend die anpassbaren Siebgr\u00f6\u00dfen eine pr\u00e4zise Sortierung des Outputs gew\u00e4hrleisten. Das System verf\u00fcgt \u00fcber einen \u00dcberlastungsschutz, eine automatische Umkehrung und Schmiermittelwarnungen f\u00fcr einen unterbrechungsfreien Betrieb. Diese CE- und ISO-zertifizierte Maschine ist ideal f\u00fcr Metallrecyclinganlagen, Reifenaufbereitungsanlagen und E-Schrott-Demontageanlagen und bietet maximale Haltbarkeit bei minimalem Wartungsaufwand.<\/p>","protected":false},"featured_media":2147,"template":"","meta":{"site-sidebar-layout":"default","site-content-layout":"","ast-site-content-layout":"default","site-content-style":"default","site-sidebar-style":"default","ast-global-header-display":"","ast-banner-title-visibility":"","ast-main-header-display":"","ast-hfb-above-header-display":"","ast-hfb-below-header-display":"","ast-hfb-mobile-header-display":"","site-post-title":"","ast-breadcrumbs-content":"","ast-featured-img":"","footer-sml-layout":"","ast-disable-related-posts":"","theme-transparent-header-meta":"default","adv-header-id-meta":"","stick-header-meta":"","header-above-stick-meta":"","header-main-stick-meta":"","header-below-stick-meta":"","astra-migrate-meta-layouts":"set","ast-page-background-enabled":"default","ast-page-background-meta":{"desktop":{"background-color":"var(--ast-global-color-5)","background-image":"","background-repeat":"repeat","background-position":"center center","background-size":"auto","background-attachment":"scroll","background-type":"","background-media":"","overlay-type":"","overlay-color":"","overlay-opacity":"","overlay-gradient":""},"tablet":{"background-color":"","background-image":"","background-repeat":"repeat","background-position":"center center","background-size":"auto","background-attachment":"scroll","background-type":"","background-media":"","overlay-type":"","overlay-color":"","overlay-opacity":"","overlay-gradient":""},"mobile":{"background-color":"","background-image":"","background-repeat":"repeat","background-position":"center center","background-size":"auto","background-attachment":"scroll","background-type":"","background-media":"","overlay-type":"","overlay-color":"","overlay-opacity":"","overlay-gradient":""}},"ast-content-background-meta":{"desktop":{"background-color":"var(--ast-global-color-4)","background-image":"","background-repeat":"repeat","background-position":"center center","background-size":"auto","background-attachment":"scroll","background-type":"","background-media":"","overlay-type":"","overlay-color":"","overlay-opacity":"","overlay-gradient":""},"tablet":{"background-color":"var(--ast-global-color-4)","background-image":"","background-repeat":"repeat","background-position":"center center","background-size":"auto","background-attachment":"scroll","background-type":"","background-media":"","overlay-type":"","overlay-color":"","overlay-opacity":"","overlay-gradient":""},"mobile":{"background-color":"var(--ast-global-color-4)","background-image":"","background-repeat":"repeat","background-position":"center center","background-size":"auto","background-attachment":"scroll","background-type":"","background-media":"","overlay-type":"","overlay-color":"","overlay-opacity":"","overlay-gradient":""}}},"product_brand":[],"product_cat":[20,149],"product_tag":[],"class_list":{"0":"post-1984","1":"product","2":"type-product","3":"status-publish","4":"has-post-thumbnail","6":"product_cat-shredding-and-crushing-machine","7":"product_cat-double-shaft-shredder","8":"desktop-align-left","9":"tablet-align-left","10":"mobile-align-left","12":"first","13":"instock","14":"shipping-taxable","15":"product-type-simple"},"_links":{"self":[{"href":"https:\/\/www.gigapa.com\/de\/wp-json\/wp\/v2\/product\/1984","targetHints":{"allow":["GET"]}}],"collection":[{"href":"https:\/\/www.gigapa.com\/de\/wp-json\/wp\/v2\/product"}],"about":[{"href":"https:\/\/www.gigapa.com\/de\/wp-json\/wp\/v2\/types\/product"}],"version-history":[{"count":3,"href":"https:\/\/www.gigapa.com\/de\/wp-json\/wp\/v2\/product\/1984\/revisions"}],"predecessor-version":[{"id":2148,"href":"https:\/\/www.gigapa.com\/de\/wp-json\/wp\/v2\/product\/1984\/revisions\/2148"}],"wp:featuredmedia":[{"embeddable":true,"href":"https:\/\/www.gigapa.com\/de\/wp-json\/wp\/v2\/media\/2147"}],"wp:attachment":[{"href":"https:\/\/www.gigapa.com\/de\/wp-json\/wp\/v2\/media?parent=1984"}],"wp:term":[{"taxonomy":"product_brand","embeddable":true,"href":"https:\/\/www.gigapa.com\/de\/wp-json\/wp\/v2\/product_brand?post=1984"},{"taxonomy":"product_cat","embeddable":true,"href":"https:\/\/www.gigapa.com\/de\/wp-json\/wp\/v2\/product_cat?post=1984"},{"taxonomy":"product_tag","embeddable":true,"href":"https:\/\/www.gigapa.com\/de\/wp-json\/wp\/v2\/product_tag?post=1984"}],"curies":[{"name":"wp","href":"https:\/\/api.w.org\/{rel}","templated":true}]}}