{"id":1986,"date":"2025-06-19T09:01:21","date_gmt":"2025-06-19T01:01:21","guid":{"rendered":"https:\/\/www.gigapa.com\/?post_type=product&#038;p=1986"},"modified":"2025-10-13T09:15:24","modified_gmt":"2025-10-13T01:15:24","slug":"fully-automatic-horizontal-baler-pp-pet-strap","status":"publish","type":"product","link":"https:\/\/www.gigapa.com\/de\/product\/fully-automatic-horizontal-baler-pp-pet-strap\/","title":{"rendered":"Vollautomatische horizontale Ballenpresse - (PP\/PET-Band)"},"content":{"rendered":"<p data-start=\"256\" data-end=\"739\" data-immersive-translate-walked=\"e6b01ccc-ff44-428b-9be7-c36321e56974\" data-immersive-translate-paragraph=\"1\">In modernen Industrieumgebungen ist ein effizientes Abfallmanagement nicht mehr optional, sondern unverzichtbar. Die vollautomatische horizontale Ballenpresse (PP\/PET-Band) wurde entwickelt, um die Anforderungen von Betrieben mit hohem Aufkommen zu erf\u00fcllen, die konsistente, zuverl\u00e4ssige und schnelle Ballenpressl\u00f6sungen ben\u00f6tigen. Ganz gleich, ob Sie wiederverwertbares Papier, Kartonagen, Kunststofffolien, Textilabf\u00e4lle oder andere komprimierbare Materialien verarbeiten, diese Ballenpresse bietet Automatisierung, Pr\u00e4zision und Produktivit\u00e4t in einem einzigen, optimierten System.<\/p>\n<p data-start=\"741\" data-end=\"1089\" data-immersive-translate-walked=\"e6b01ccc-ff44-428b-9be7-c36321e56974\" data-immersive-translate-paragraph=\"1\">Diese f\u00fcr den Dauerbetrieb ausgelegte Maschine ist mit automatischer Zuf\u00fchrung, Verdichtung, Umreifung und Ballenauswurf ausgestattet, wodurch sich der Bedarf an manuellen Eingriffen verringert und gleichzeitig der Durchsatz und die betriebliche Effizienz erh\u00f6ht werden. In Kombination mit einem PP\/PET-Umreifungssystem produziert sie kompakte, sicher verschn\u00fcrte Ballen, die sich leicht stapeln, lagern und transportieren lassen.<\/p>\n<h3 data-start=\"1096\" data-end=\"1164\" data-immersive-translate-walked=\"e6b01ccc-ff44-428b-9be7-c36321e56974\">Was ist eine vollautomatische horizontale Ballenpresse mit PP\/PET-Band?<\/h3>\n<p data-start=\"1166\" data-end=\"1519\" data-immersive-translate-walked=\"e6b01ccc-ff44-428b-9be7-c36321e56974\" data-immersive-translate-paragraph=\"1\">Eine vollautomatische horizontale Ballenpresse ist eine robuste Industriemaschine, die den Prozess der Verdichtung von losem Abfall zu dichten, gleichm\u00e4\u00dfigen Ballen automatisiert. Im Gegensatz zu vertikalen Ballenpressen, die manuell beladen und umreift werden m\u00fcssen, arbeiten horizontale Ballenpressen kontinuierlich und eignen sich besser f\u00fcr gro\u00dfe Recyclingzentren, Fertigungsbetriebe und Logistikzentren.<\/p>\n<p data-start=\"1521\" data-end=\"1840\" data-immersive-translate-walked=\"e6b01ccc-ff44-428b-9be7-c36321e56974\" data-immersive-translate-paragraph=\"1\">Die Integration eines PP\/PET-Bandsystems erm\u00f6glicht das automatische Binden von Ballen mit haltbaren Kunststoffb\u00e4ndern. Diese B\u00e4nder bieten im Vergleich zu herk\u00f6mmlichen Metalldr\u00e4hten eine hervorragende Zugfestigkeit, Wetterbest\u00e4ndigkeit und Sicherheit. Das Ergebnis ist ein schneller, effizienter und sicherer Bindeprozess von Anfang bis Ende.<\/p>\n<h3 data-start=\"1847\" data-end=\"1906\" data-immersive-translate-walked=\"e6b01ccc-ff44-428b-9be7-c36321e56974\">Hauptmerkmale der vollautomatischen Horizontal-Ballenpresse<\/h3>\n<p data-start=\"1908\" data-end=\"1949\" data-immersive-translate-walked=\"e6b01ccc-ff44-428b-9be7-c36321e56974\" data-immersive-translate-paragraph=\"1\"><strong>Automatische Zuf\u00fchrung und Komprimierung<\/strong><\/p>\n<p data-start=\"1950\" data-end=\"2109\" data-immersive-translate-walked=\"e6b01ccc-ff44-428b-9be7-c36321e56974\" data-immersive-translate-paragraph=\"1\">Das System verf\u00fcgt \u00fcber ein vollautomatisches Zuf\u00fchrband und einen hydraulischen Verdichtungszyklus, der eine kontinuierliche Materialzufuhr ohne Unterbrechung f\u00fcr manuelle Einstellungen gew\u00e4hrleistet.<\/p>\n<p data-start=\"2111\" data-end=\"2144\" data-immersive-translate-walked=\"e6b01ccc-ff44-428b-9be7-c36321e56974\" data-immersive-translate-paragraph=\"1\"><strong>PP\/PET-Umreifungssystem<\/strong><\/p>\n<p data-start=\"2145\" data-end=\"2328\" data-immersive-translate-walked=\"e6b01ccc-ff44-428b-9be7-c36321e56974\" data-immersive-translate-paragraph=\"1\">Unter Verwendung von Kunststoffband - entweder Polypropylen (PP) oder Polyethylenterephthalat (PET) - bindet die Maschine jeden Ballen mit starken, witterungsbest\u00e4ndigen B\u00e4ndern, die sicher und umweltfreundlich sind.<\/p>\n<p data-start=\"2330\" data-end=\"2363\" data-immersive-translate-walked=\"e6b01ccc-ff44-428b-9be7-c36321e56974\" data-immersive-translate-paragraph=\"1\"><strong>PLC Touchscreen-Steuerung<\/strong><\/p>\n<p data-start=\"2364\" data-end=\"2542\" data-immersive-translate-walked=\"e6b01ccc-ff44-428b-9be7-c36321e56974\" data-immersive-translate-paragraph=\"1\">Ein intelligentes Steuerungssystem mit einem benutzerfreundlichen SPS-Touchscreen erm\u00f6glicht es dem Bediener, Einstellungen vorzunehmen, den Betrieb zu \u00fcberwachen und Warnungen f\u00fcr die Wartung oder Fehlerbehebung zu erhalten.<\/p>\n<p data-start=\"2544\" data-end=\"2581\" data-immersive-translate-walked=\"e6b01ccc-ff44-428b-9be7-c36321e56974\" data-immersive-translate-paragraph=\"1\"><strong>Hochleistungs-Hydrauliksystem<\/strong><\/p>\n<p data-start=\"2582\" data-end=\"2737\" data-immersive-translate-walked=\"e6b01ccc-ff44-428b-9be7-c36321e56974\" data-immersive-translate-paragraph=\"1\">Die Ballenpresse wird von einem Hochdruck-Hydraulikaggregat angetrieben, das f\u00fcr eine kraftvolle Verdichtung sorgt und Ballen mit hoher Dichte erzeugt, die sich ideal f\u00fcr Lagerung und Transport eignen.<\/p>\n<p data-start=\"2739\" data-end=\"2774\" data-immersive-translate-walked=\"e6b01ccc-ff44-428b-9be7-c36321e56974\" data-immersive-translate-paragraph=\"1\"><strong>Kontinuierlicher 24\/7-Betrieb<\/strong><\/p>\n<p data-start=\"2775\" data-end=\"2911\" data-immersive-translate-walked=\"e6b01ccc-ff44-428b-9be7-c36321e56974\" data-immersive-translate-paragraph=\"1\">Die f\u00fcr anspruchsvolle Umgebungen konzipierte Ballenpresse unterst\u00fctzt den Betrieb rund um die Uhr und maximiert so die Produktivit\u00e4t bei gleichzeitiger Minimierung der Arbeitskosten.<\/p>\n<p data-start=\"2913\" data-end=\"2944\" data-immersive-translate-walked=\"e6b01ccc-ff44-428b-9be7-c36321e56974\" data-immersive-translate-paragraph=\"1\"><strong>Einstellbare Ballengr\u00f6\u00dfen<\/strong><\/p>\n<p data-start=\"2945\" data-end=\"3084\" data-immersive-translate-walked=\"e6b01ccc-ff44-428b-9be7-c36321e56974\" data-immersive-translate-paragraph=\"1\">Je nach Materialart und Logistikanforderungen k\u00f6nnen Sie die Ballenl\u00e4nge und -dichte einstellen und haben so die volle Kontrolle \u00fcber Ihre Abfallproduktion.<\/p>\n<h3 data-start=\"3091\" data-end=\"3139\" data-immersive-translate-walked=\"e6b01ccc-ff44-428b-9be7-c36321e56974\">Warum sollten Sie PP\/PET-B\u00e4nder dem Stahldraht vorziehen?<\/h3>\n<p data-start=\"3141\" data-end=\"3289\" data-immersive-translate-walked=\"e6b01ccc-ff44-428b-9be7-c36321e56974\" data-immersive-translate-paragraph=\"1\">Eines der innovativsten Merkmale dieser Ballenpresse ist die Verwendung von PP- oder PET-Kunststoffb\u00e4ndern. Im Vergleich zu traditionellem Stahldraht sind Kunststoffb\u00e4nder:<\/p>\n<ul>\n<li data-start=\"3293\" data-end=\"3329\" data-immersive-translate-walked=\"e6b01ccc-ff44-428b-9be7-c36321e56974\" data-immersive-translate-paragraph=\"1\">sind sicherer in der Handhabung (keine scharfen Kanten)<\/li>\n<li data-start=\"3332\" data-end=\"3377\" data-immersive-translate-walked=\"e6b01ccc-ff44-428b-9be7-c36321e56974\" data-immersive-translate-paragraph=\"1\">Bessere Flexibilit\u00e4t und Sto\u00dfd\u00e4mpfung<\/li>\n<li data-start=\"3380\" data-end=\"3419\" data-immersive-translate-walked=\"e6b01ccc-ff44-428b-9be7-c36321e56974\" data-immersive-translate-paragraph=\"1\">sind resistent gegen Feuchtigkeit und Korrosion<\/li>\n<li data-start=\"3422\" data-end=\"3466\" data-immersive-translate-walked=\"e6b01ccc-ff44-428b-9be7-c36321e56974\" data-immersive-translate-paragraph=\"1\">Kann zusammen mit dem Balleninhalt recycelt werden<\/li>\n<li data-start=\"3469\" data-end=\"3528\" data-immersive-translate-walked=\"e6b01ccc-ff44-428b-9be7-c36321e56974\" data-immersive-translate-paragraph=\"1\">Erfordert keine spezielle Schutzausr\u00fcstung bei der Handhabung<\/li>\n<\/ul>\n<p data-start=\"3530\" data-end=\"3631\" data-immersive-translate-walked=\"e6b01ccc-ff44-428b-9be7-c36321e56974\" data-immersive-translate-paragraph=\"1\">Das macht sie ideal f\u00fcr Unternehmen, die sich auf Sicherheit, Effizienz und Umweltverantwortung konzentrieren.<\/p>\n<h3 data-start=\"3638\" data-end=\"3699\" data-immersive-translate-walked=\"e6b01ccc-ff44-428b-9be7-c36321e56974\">Vorteile des Einsatzes der vollautomatischen horizontalen Ballenpresse<\/h3>\n<p data-start=\"3701\" data-end=\"3733\" data-immersive-translate-walked=\"e6b01ccc-ff44-428b-9be7-c36321e56974\" data-immersive-translate-paragraph=\"1\"><strong>Niedrigere Betriebskosten<\/strong><\/p>\n<p data-start=\"3734\" data-end=\"3853\" data-immersive-translate-walked=\"e6b01ccc-ff44-428b-9be7-c36321e56974\" data-immersive-translate-paragraph=\"1\">Senken Sie die Arbeitskosten durch vollst\u00e4ndige Automatisierung. Ein einziger Bediener kann den gesamten Prozess \u00fcberwachen, wodurch Personal f\u00fcr andere Aufgaben frei wird.<\/p>\n<p data-start=\"3855\" data-end=\"3886\" data-immersive-translate-walked=\"e6b01ccc-ff44-428b-9be7-c36321e56974\" data-immersive-translate-paragraph=\"1\"><strong>Gesteigerte Effizienz<\/strong><\/p>\n<p data-start=\"3887\" data-end=\"4030\" data-immersive-translate-walked=\"e6b01ccc-ff44-428b-9be7-c36321e56974\" data-immersive-translate-paragraph=\"1\">Kontinuierliche Zuf\u00fchrung und automatische Umreifung sorgen daf\u00fcr, dass das Material schneller und gleichm\u00e4\u00dfiger verarbeitet wird als bei manuellen oder halbautomatischen Systemen.<\/p>\n<p data-start=\"4032\" data-end=\"4066\" data-immersive-translate-walked=\"e6b01ccc-ff44-428b-9be7-c36321e56974\" data-immersive-translate-paragraph=\"1\"><strong>Optimierte Ballenhandhabung<\/strong><\/p>\n<p data-start=\"4067\" data-end=\"4199\" data-immersive-translate-walked=\"e6b01ccc-ff44-428b-9be7-c36321e56974\" data-immersive-translate-paragraph=\"1\">Einheitliche Ballen sparen Platz und verbessern die Stapelf\u00e4higkeit bei der Lagerung und beim Transport, was die Versandkosten und die Bearbeitungszeit reduziert.<\/p>\n<p data-start=\"4201\" data-end=\"4236\" data-immersive-translate-walked=\"e6b01ccc-ff44-428b-9be7-c36321e56974\" data-immersive-translate-paragraph=\"1\"><strong>Umweltschonend<\/strong><\/p>\n<p data-start=\"4237\" data-end=\"4348\" data-immersive-translate-walked=\"e6b01ccc-ff44-428b-9be7-c36321e56974\" data-immersive-translate-paragraph=\"1\">Dieses Ger\u00e4t unterst\u00fctzt die Umweltinitiativen Ihres Unternehmens, indem es das Recycling rationeller und kosteng\u00fcnstiger macht.<\/p>\n<p data-start=\"4350\" data-end=\"4377\" data-immersive-translate-walked=\"e6b01ccc-ff44-428b-9be7-c36321e56974\" data-immersive-translate-paragraph=\"1\"><strong>Weniger Ausfallzeiten<\/strong><\/p>\n<p data-start=\"4378\" data-end=\"4500\" data-immersive-translate-walked=\"e6b01ccc-ff44-428b-9be7-c36321e56974\" data-immersive-translate-paragraph=\"1\">Mit intelligenten Warnmeldungen, einfachem Wartungszugang und langlebigen Komponenten minimiert die Maschine Ausf\u00e4lle und maximiert die Betriebszeit.<\/p>\n<h3 data-start=\"4507\" data-end=\"4553\" data-immersive-translate-walked=\"e6b01ccc-ff44-428b-9be7-c36321e56974\">Anwendungen in verschiedenen Branchen<\/h3>\n<p data-start=\"4555\" data-end=\"4665\" data-immersive-translate-walked=\"e6b01ccc-ff44-428b-9be7-c36321e56974\" data-immersive-translate-paragraph=\"1\">Die vollautomatische horizontale Ballenpresse (PP\/PET-Band) eignet sich f\u00fcr eine Vielzahl von Industrien, darunter:<\/p>\n<ul>\n<li data-start=\"4669\" data-end=\"4746\" data-immersive-translate-walked=\"e6b01ccc-ff44-428b-9be7-c36321e56974\" data-immersive-translate-paragraph=\"1\">Recycling-Zentren - F\u00fcr das Pressen von gemischtem Papier, PET-Flaschen und Kunststofffolien<\/li>\n<li data-start=\"4749\" data-end=\"4827\" data-immersive-translate-walked=\"e6b01ccc-ff44-428b-9be7-c36321e56974\" data-immersive-translate-paragraph=\"1\">Verpackungs- und Druckanlagen - Zum Verdichten von Papierabf\u00e4llen und Kartonagen<\/li>\n<li data-start=\"4830\" data-end=\"4897\" data-immersive-translate-walked=\"e6b01ccc-ff44-428b-9be7-c36321e56974\" data-immersive-translate-paragraph=\"1\">Logistik- und Vertriebszentren - F\u00fcr die Verwaltung von Verpackungsabf\u00e4llen<\/li>\n<li data-start=\"4900\" data-end=\"4952\" data-immersive-translate-walked=\"e6b01ccc-ff44-428b-9be7-c36321e56974\" data-immersive-translate-paragraph=\"1\">Textilindustrie - Zum Komprimieren von Stoffresten<\/li>\n<li data-start=\"4955\" data-end=\"5038\" data-immersive-translate-walked=\"e6b01ccc-ff44-428b-9be7-c36321e56974\" data-immersive-translate-paragraph=\"1\">Landwirtschaftliche Verarbeitung - Zum Verdichten von trockenem Pflanzenmaterial oder Verpackungsabf\u00e4llen<\/li>\n<\/ul>\n<p data-start=\"5040\" data-end=\"5136\" data-immersive-translate-walked=\"e6b01ccc-ff44-428b-9be7-c36321e56974\" data-immersive-translate-paragraph=\"1\">\u00dcberall dort, wo gro\u00dfe Mengen an komprimierbarem Material anfallen, ist diese Maschine eine wertvolle Hilfe.<\/p>\n<h3 data-start=\"5143\" data-end=\"5181\" data-immersive-translate-walked=\"e6b01ccc-ff44-428b-9be7-c36321e56974\">Anpassungsoptionen verf\u00fcgbar<\/h3>\n<p data-start=\"5183\" data-end=\"5249\" data-immersive-translate-walked=\"e6b01ccc-ff44-428b-9be7-c36321e56974\" data-immersive-translate-paragraph=\"1\">Wir bieten verschiedene Optionen zur Anpassung an Ihre spezifischen Bed\u00fcrfnisse:<\/p>\n<ul>\n<li data-start=\"5253\" data-end=\"5283\" data-immersive-translate-walked=\"e6b01ccc-ff44-428b-9be7-c36321e56974\" data-immersive-translate-paragraph=\"1\">Breite und L\u00e4nge des F\u00f6rderbandes<\/li>\n<li data-start=\"5286\" data-end=\"5315\" data-immersive-translate-walked=\"e6b01ccc-ff44-428b-9be7-c36321e56974\" data-immersive-translate-paragraph=\"1\">Einstellungen f\u00fcr Ballengr\u00f6\u00dfe und -gewicht<\/li>\n<li data-start=\"5318\" data-end=\"5342\" data-immersive-translate-walked=\"e6b01ccc-ff44-428b-9be7-c36321e56974\" data-immersive-translate-paragraph=\"1\">Kompressionskraftstufen<\/li>\n<li data-start=\"5345\" data-end=\"5370\" data-immersive-translate-walked=\"e6b01ccc-ff44-428b-9be7-c36321e56974\" data-immersive-translate-paragraph=\"1\">Anzahl der Umreifungslinien<\/li>\n<li data-start=\"5373\" data-end=\"5406\" data-immersive-translate-walked=\"e6b01ccc-ff44-428b-9be7-c36321e56974\" data-immersive-translate-paragraph=\"1\">Manuelles vs. automatisches Bindesystem<\/li>\n<li data-start=\"5409\" data-end=\"5433\" data-immersive-translate-walked=\"e6b01ccc-ff44-428b-9be7-c36321e56974\" data-immersive-translate-paragraph=\"1\">Ausf\u00fchrungen von Sicherheitsschr\u00e4nken<\/li>\n<li data-start=\"5436\" data-end=\"5462\" data-immersive-translate-walked=\"e6b01ccc-ff44-428b-9be7-c36321e56974\" data-immersive-translate-paragraph=\"1\">Maschinenfarbe und Branding<\/li>\n<\/ul>\n<p data-start=\"5464\" data-end=\"5614\" data-immersive-translate-walked=\"e6b01ccc-ff44-428b-9be7-c36321e56974\" data-immersive-translate-paragraph=\"1\">Unabh\u00e4ngig davon, ob Sie die Ballenpresse in eine bestehende Anlage integrieren m\u00f6chten oder eine eigenst\u00e4ndige L\u00f6sung ben\u00f6tigen, k\u00f6nnen wir die Maschine an den Arbeitsablauf in Ihrem Betrieb anpassen.<\/p>\n<h3 data-start=\"5621\" data-end=\"5664\" data-immersive-translate-walked=\"e6b01ccc-ff44-428b-9be7-c36321e56974\">Qualit\u00e4tssicherung und Zertifizierungen<\/h3>\n<p data-start=\"5666\" data-end=\"5728\" data-immersive-translate-walked=\"e6b01ccc-ff44-428b-9be7-c36321e56974\" data-immersive-translate-paragraph=\"1\">Unsere Maschinen werden nach internationalen Standards gebaut und umfassen:<\/p>\n<ul>\n<li data-start=\"5732\" data-end=\"5761\" data-immersive-translate-walked=\"e6b01ccc-ff44-428b-9be7-c36321e56974\">CE- und ISO-Zertifizierungen<\/li>\n<li data-start=\"5764\" data-end=\"5810\" data-immersive-translate-walked=\"e6b01ccc-ff44-428b-9be7-c36321e56974\" data-immersive-translate-paragraph=\"1\">Hochwertige hydraulische und elektrische Komponenten<\/li>\n<li data-start=\"5813\" data-end=\"5857\" data-immersive-translate-walked=\"e6b01ccc-ff44-428b-9be7-c36321e56974\" data-immersive-translate-paragraph=\"1\">Strenge Werkspr\u00fcfungen und Qualit\u00e4tskontrollen<\/li>\n<li data-start=\"5860\" data-end=\"5899\" data-immersive-translate-walked=\"e6b01ccc-ff44-428b-9be7-c36321e56974\" data-immersive-translate-paragraph=\"1\">Einhaltung der weltweiten Sicherheitsstandards<\/li>\n<\/ul>\n<p data-start=\"5901\" data-end=\"5999\" data-immersive-translate-walked=\"e6b01ccc-ff44-428b-9be7-c36321e56974\" data-immersive-translate-paragraph=\"1\">Jedes Ger\u00e4t wird vor dem Versand einer strengen Pr\u00fcfung unterzogen, um optimale Leistung und Haltbarkeit zu gew\u00e4hrleisten.<\/p>\n<h3 data-start=\"6006\" data-end=\"6048\" data-immersive-translate-walked=\"e6b01ccc-ff44-428b-9be7-c36321e56974\">Kundendienst, auf den Sie sich verlassen k\u00f6nnen<\/h3>\n<p data-start=\"6050\" data-end=\"6149\" data-immersive-translate-walked=\"e6b01ccc-ff44-428b-9be7-c36321e56974\" data-immersive-translate-paragraph=\"1\">Wenn Sie in unsere vollautomatische Ballenpresse investieren, investieren Sie auch in langfristige Unterst\u00fctzung. Wir bieten:<\/p>\n<ul>\n<li data-start=\"6153\" data-end=\"6193\" data-immersive-translate-walked=\"e6b01ccc-ff44-428b-9be7-c36321e56974\" data-immersive-translate-paragraph=\"1\">Anleitung zur Installation aus der Ferne und vor Ort<\/li>\n<li data-start=\"6196\" data-end=\"6222\" data-immersive-translate-walked=\"e6b01ccc-ff44-428b-9be7-c36321e56974\" data-immersive-translate-paragraph=\"1\">Schulungsprogramme f\u00fcr Bediener<\/li>\n<li data-start=\"6225\" data-end=\"6253\" data-immersive-translate-walked=\"e6b01ccc-ff44-428b-9be7-c36321e56974\" data-immersive-translate-paragraph=\"1\">Pakete f\u00fcr Wartungsdienste<\/li>\n<li data-start=\"6256\" data-end=\"6290\" data-immersive-translate-walked=\"e6b01ccc-ff44-428b-9be7-c36321e56974\" data-immersive-translate-paragraph=\"1\">Ersatzteilverf\u00fcgbarkeit weltweit<\/li>\n<li data-start=\"6293\" data-end=\"6345\" data-immersive-translate-walked=\"e6b01ccc-ff44-428b-9be7-c36321e56974\" data-immersive-translate-paragraph=\"1\">24\/7 technische Unterst\u00fctzung per Telefon, E-Mail oder Video<\/li>\n<\/ul>\n<h3 data-start=\"6352\" data-end=\"6369\" data-immersive-translate-walked=\"e6b01ccc-ff44-428b-9be7-c36321e56974\">Schlussfolgerung<\/h3>\n<p data-start=\"6371\" data-end=\"6751\" data-immersive-translate-walked=\"e6b01ccc-ff44-428b-9be7-c36321e56974\" data-immersive-translate-paragraph=\"1\">Die vollautomatische horizontale Ballenpresse mit PP\/PET-Umreifungsband ist die ultimative L\u00f6sung f\u00fcr Unternehmen, die hohe Leistung, Zuverl\u00e4ssigkeit und umweltfreundliche Abfallverarbeitung verlangen. Mit ihrer fortschrittlichen Automatisierung, dem sicheren und stabilen Kunststoffband und den anpassbaren Funktionen ist sie die perfekte Maschine zur Optimierung des Abfallmanagements und zur Unterst\u00fctzung der Nachhaltigkeitsziele Ihres Unternehmens.<\/p>\n<p data-start=\"6753\" data-end=\"6889\" data-immersive-translate-walked=\"e6b01ccc-ff44-428b-9be7-c36321e56974\" data-immersive-translate-paragraph=\"1\">Wenn Ihr Unternehmen bereit ist, Kosten zu senken, die Produktivit\u00e4t zu steigern und seine Recyclingf\u00e4higkeiten zu verbessern, ist diese Ballenpresse die richtige Wahl.<\/p>","protected":false},"excerpt":{"rendered":"<p>Diese vollautomatische horizontale Ballenpresse mit PP\/PET-Bandsystem ist f\u00fcr die Verarbeitung gro\u00dfer Abfallmengen konzipiert. Sie automatisiert das Pressen, Umreifen und Auswerfen der Ballen, wodurch die Arbeitskosten gesenkt und die Produktivit\u00e4t erh\u00f6ht werden. Die Presse eignet sich f\u00fcr Kartonagen, Kunststoffe, Textilien und vieles mehr und liefert gleichm\u00e4\u00dfige, dichte Ballen f\u00fcr einfache Lagerung und Transport. Sie ist f\u00fcr den industriellen Einsatz rund um die Uhr konzipiert und zeichnet sich durch eine robuste Konstruktion, fortschrittliche Steuersysteme und anpassbare Einstellungen zur Erf\u00fcllung spezifischer betrieblicher Anforderungen aus. Diese Maschine ist ideal f\u00fcr Recycling-Zentren, Fertigungsbetriebe und Logistikeinrichtungen und rationalisiert Ihr Abfallmanagement und unterst\u00fctzt nachhaltige Gesch\u00e4ftspraktiken.<\/p>","protected":false},"featured_media":1951,"template":"","meta":{"site-sidebar-layout":"default","site-content-layout":"","ast-site-content-layout":"default","site-content-style":"default","site-sidebar-style":"default","ast-global-header-display":"","ast-banner-title-visibility":"","ast-main-header-display":"","ast-hfb-above-header-display":"","ast-hfb-below-header-display":"","ast-hfb-mobile-header-display":"","site-post-title":"","ast-breadcrumbs-content":"","ast-featured-img":"","footer-sml-layout":"","ast-disable-related-posts":"","theme-transparent-header-meta":"default","adv-header-id-meta":"","stick-header-meta":"","header-above-stick-meta":"","header-main-stick-meta":"","header-below-stick-meta":"","astra-migrate-meta-layouts":"set","ast-page-background-enabled":"default","ast-page-background-meta":{"desktop":{"background-color":"var(--ast-global-color-5)","background-image":"","background-repeat":"repeat","background-position":"center center","background-size":"auto","background-attachment":"scroll","background-type":"","background-media":"","overlay-type":"","overlay-color":"","overlay-opacity":"","overlay-gradient":""},"tablet":{"background-color":"","background-image":"","background-repeat":"repeat","background-position":"center center","background-size":"auto","background-attachment":"scroll","background-type":"","background-media":"","overlay-type":"","overlay-color":"","overlay-opacity":"","overlay-gradient":""},"mobile":{"background-color":"","background-image":"","background-repeat":"repeat","background-position":"center center","background-size":"auto","background-attachment":"scroll","background-type":"","background-media":"","overlay-type":"","overlay-color":"","overlay-opacity":"","overlay-gradient":""}},"ast-content-background-meta":{"desktop":{"background-color":"var(--ast-global-color-4)","background-image":"","background-repeat":"repeat","background-position":"center center","background-size":"auto","background-attachment":"scroll","background-type":"","background-media":"","overlay-type":"","overlay-color":"","overlay-opacity":"","overlay-gradient":""},"tablet":{"background-color":"var(--ast-global-color-4)","background-image":"","background-repeat":"repeat","background-position":"center center","background-size":"auto","background-attachment":"scroll","background-type":"","background-media":"","overlay-type":"","overlay-color":"","overlay-opacity":"","overlay-gradient":""},"mobile":{"background-color":"var(--ast-global-color-4)","background-image":"","background-repeat":"repeat","background-position":"center center","background-size":"auto","background-attachment":"scroll","background-type":"","background-media":"","overlay-type":"","overlay-color":"","overlay-opacity":"","overlay-gradient":""}}},"product_brand":[],"product_cat":[21,153],"product_tag":[],"class_list":{"0":"post-1986","1":"product","2":"type-product","3":"status-publish","4":"has-post-thumbnail","6":"product_cat-baling-machine","7":"product_cat-horizontal-baler","8":"desktop-align-left","9":"tablet-align-left","10":"mobile-align-left","12":"first","13":"instock","14":"shipping-taxable","15":"product-type-simple"},"_links":{"self":[{"href":"https:\/\/www.gigapa.com\/de\/wp-json\/wp\/v2\/product\/1986","targetHints":{"allow":["GET"]}}],"collection":[{"href":"https:\/\/www.gigapa.com\/de\/wp-json\/wp\/v2\/product"}],"about":[{"href":"https:\/\/www.gigapa.com\/de\/wp-json\/wp\/v2\/types\/product"}],"version-history":[{"count":3,"href":"https:\/\/www.gigapa.com\/de\/wp-json\/wp\/v2\/product\/1986\/revisions"}],"predecessor-version":[{"id":2387,"href":"https:\/\/www.gigapa.com\/de\/wp-json\/wp\/v2\/product\/1986\/revisions\/2387"}],"wp:featuredmedia":[{"embeddable":true,"href":"https:\/\/www.gigapa.com\/de\/wp-json\/wp\/v2\/media\/1951"}],"wp:attachment":[{"href":"https:\/\/www.gigapa.com\/de\/wp-json\/wp\/v2\/media?parent=1986"}],"wp:term":[{"taxonomy":"product_brand","embeddable":true,"href":"https:\/\/www.gigapa.com\/de\/wp-json\/wp\/v2\/product_brand?post=1986"},{"taxonomy":"product_cat","embeddable":true,"href":"https:\/\/www.gigapa.com\/de\/wp-json\/wp\/v2\/product_cat?post=1986"},{"taxonomy":"product_tag","embeddable":true,"href":"https:\/\/www.gigapa.com\/de\/wp-json\/wp\/v2\/product_tag?post=1986"}],"curies":[{"name":"wp","href":"https:\/\/api.w.org\/{rel}","templated":true}]}}