{"id":1990,"date":"2025-06-19T08:34:10","date_gmt":"2025-06-19T00:34:10","guid":{"rendered":"https:\/\/www.gigapa.com\/?post_type=product&#038;p=1990"},"modified":"2025-10-13T09:15:37","modified_gmt":"2025-10-13T01:15:37","slug":"cardboard-vertical-baler","status":"publish","type":"product","link":"https:\/\/www.gigapa.com\/de\/product\/cardboard-vertical-baler\/","title":{"rendered":"Vertikale Kartonballenpresse"},"content":{"rendered":"<p>Wenn in Ihrem Unternehmen eine gro\u00dfe Menge an Kartonagenabf\u00e4llen anf\u00e4llt, kann die Investition in eine vertikale Kartonagenpresse Ihr Abfallmanagementsystem erheblich verbessern. Diese Maschine wurde speziell f\u00fcr die Verdichtung von Kartonagen und anderen wiederverwertbaren Materialien entwickelt und bietet eine platzsparende, kosteng\u00fcnstige und umweltfreundliche L\u00f6sung f\u00fcr Lagerh\u00e4user, Superm\u00e4rkte, Druckereien, Logistikzentren und Recyclingzentren. Durch die Umwandlung von loser Pappe in dicht gepresste Ballen k\u00f6nnen Unternehmen ihre Entsorgungskosten senken, die Umwelt sauberer halten und durch den Verkauf der gepressten Materialien an Recyclingunternehmen sogar zus\u00e4tzliche Einnahmen erzielen.<\/p>\n<h3>Was ist eine vertikale Kartonballenpresse?<\/h3>\n<p>Eine vertikale Kartonagenpresse ist eine Art von Ballenpresse, die Kartonagenabf\u00e4lle durch vertikale Kraft in handliche Ballen presst. Im Gegensatz zu horizontalen Ballenpressen, die mehr Platz und eine gr\u00f6\u00dfere Investition erfordern, sind vertikale Ballenpressen kompakt und eignen sich gut f\u00fcr kleine bis mittelgro\u00dfe Recyclingbetriebe. Diese Maschinen verf\u00fcgen in der Regel \u00fcber eine Frontladet\u00fcr, in die der Bediener lose Kartonagen einlegen kann. Sobald die T\u00fcr geschlossen ist, presst die Maschine das Material mit hydraulischem Druck zu einem dichten Ballen, der dann manuell verschn\u00fcrt und zur Sammlung ausgeworfen wird.<\/p>\n<h3>Wesentliche Merkmale<\/h3>\n<p><strong>Leistungsstarkes hydraulisches System <\/strong><\/p>\n<p>Diese Ballenpresse ist mit einem Hochdruck-Hydraulikzylinder ausgestattet, der eine starke Presskraft erzeugt und damit die Herstellung von dicht gepressten, gleichm\u00e4\u00dfigen Kartonballen erm\u00f6glicht, die leicht zu handhaben und zu lagern sind.<\/p>\n<p><strong>Platzsparendes vertikales Design <\/strong><\/p>\n<p>Die vertikale Konfiguration dieses Ger\u00e4ts ben\u00f6tigt nur eine minimale Stellfl\u00e4che und ist daher ideal f\u00fcr Standorte mit begrenztem Platzangebot, wie z. B. Einzelhandelsgesch\u00e4fte, B\u00fcros oder Produktionsbereiche.<\/p>\n<p><strong>Einfach zu benutzen <\/strong><\/p>\n<p>Die Maschine ist auf Sicherheit und Benutzerfreundlichkeit ausgelegt und verf\u00fcgt \u00fcber eine manuelle T\u00fcr, Sicherheitsschalter mit Verriegelung und benutzerfreundliche Bedienfelder. Die Bediener k\u00f6nnen das Laden, Pressen, Binden und Auswerfen von Ballen schnell und ohne gro\u00dfen Schulungsaufwand erlernen.<\/p>\n<p><strong>Hohe Ballendichte <\/strong><\/p>\n<p>Diese Maschine erzeugt hochdichte Ballen, die das Transportvolumen minimieren und den Wiederverkaufswert von wiederverwertbarer Pappe erh\u00f6hen.<\/p>\n<p><strong>Robuste Konstruktion <\/strong><\/p>\n<p>Die aus verst\u00e4rktem Stahl gefertigte und mit einer Rostschutzbeschichtung versehene vertikale Kartonballenpresse ist f\u00fcr dauerhafte Zuverl\u00e4ssigkeit ausgelegt und erfordert nur minimale Wartung, selbst in schwierigen Umgebungen.<\/p>\n<h3>Vorteile des Einsatzes einer vertikalen Kartonballenpresse<\/h3>\n<p>1. Verringertes Abfallvolumen<br \/>\nEin wesentlicher Vorteil dieser vertikalen Ballenpresse ist ihre F\u00e4higkeit, das Volumen der Kartonabf\u00e4lle erheblich zu reduzieren. Dies f\u00fchrt zu weniger Abholungen von M\u00fcllcontainern und geringeren Entsorgungskosten, was zu Kosteneinsparungen f\u00fcr Ihr Unternehmen f\u00fchrt.<\/p>\n<p>2. Verbesserte Arbeitsplatzeffizienz<br \/>\nDie Ballenpresse tr\u00e4gt zu einer saubereren und besser organisierten Arbeitsumgebung bei, was den Arbeitsablauf verbessert und Sicherheitsrisiken verringert. Ungeordneter loser Karton kann nicht nur unattraktiv sein, sondern auch eine m\u00f6gliche Ursache f\u00fcr Unf\u00e4lle oder Br\u00e4nde.<\/p>\n<p>3. Engagement f\u00fcr Nachhaltigkeit und Recycling<br \/>\nRecycling ist ein wesentlicher Aspekt der heutigen Unternehmensverantwortung. Der Einsatz einer Ballenpresse zeigt, dass sich Ihr Unternehmen f\u00fcr nachhaltige Praktiken einsetzt. Gepresste Ballen sind einfacher zu recyceln und zu transportieren, wodurch die Umweltbelastung verringert wird.<\/p>\n<p>4. Einnahmen aus der Verwertung von Wertstoffen<br \/>\nRecyclingunternehmen zahlen h\u00e4ufig f\u00fcr sauberen, sortierten und gepressten Karton. Durch die Herstellung einheitlicher Ballen k\u00f6nnen Unternehmen Abfall in eine zus\u00e4tzliche Einnahmequelle umwandeln.<\/p>\n<p>5. Einhaltung der Abfallwirtschaftsvorschriften<br \/>\nEine ordnungsgem\u00e4\u00dfe Abfallbewirtschaftung ist h\u00e4ufig durch lokale Umweltvorschriften vorgeschrieben. Eine Ballenpresse hilft Unternehmen bei der Erf\u00fcllung dieser Anforderungen, indem sie den Abfall ordnet und die Anzahl der erforderlichen Entsorgungsfahrten minimiert.<\/p>\n<h3>Ideale Verwendungszwecke<\/h3>\n<p>Die vertikale Kartonballenpresse ist f\u00fcr verschiedene Bereiche geeignet:<\/p>\n<ul>\n<li>Einzelhandel und Superm\u00e4rkte - Verdichten Sie Verpackungsabf\u00e4lle zu Ballen, anstatt M\u00fcllcontainer zu f\u00fcllen.<\/li>\n<li>Vertriebszentren und Lagerh\u00e4user - Halten Sie die Versandbereiche sauber und organisiert.<\/li>\n<li>Produktionsst\u00e4tten - Hier fallen erhebliche Mengen an Verpackungs- oder Kartonresten an.<\/li>\n<li>Recyclingstationen - Steigern Sie Effizienz und Rentabilit\u00e4t durch effektives Ballenpressen.<\/li>\n<\/ul>\n<h3>Technische Unterst\u00fctzung und Anpassung<\/h3>\n<p>Unsere vertikalen Ballenpressen f\u00fcr Kartonagen k\u00f6nnen auf Ihre spezifischen Anforderungen zugeschnitten werden, wie z. B. Ballengr\u00f6\u00dfe, Verdichtungsst\u00e4rke und Konstruktion der Ladet\u00fcr. Wir bieten:<\/p>\n<ul>\n<li>Technische Unterst\u00fctzung und Wartung<\/li>\n<li>Verf\u00fcgbarkeit von Ersatzteilen<\/li>\n<li>Individuelle Farb- und Branding-Optionen<\/li>\n<\/ul>\n<h3>Warum uns w\u00e4hlen?<\/h3>\n<p>Als professioneller Hersteller mit umfangreicher Erfahrung in der Entwicklung und Produktion von industriellen Ballenpressen sind unsere Maschinen CE-zertifiziert und werden unter strengen Qualit\u00e4tskontrollstandards hergestellt. Mit dem Fokus auf Kundenzufriedenheit, garantieren wir:<\/p>\n<ul>\n<li>Zuverl\u00e4ssige Produktqualit\u00e4t<\/li>\n<li>Wettbewerbsf\u00e4hige Fabrikpreise<\/li>\n<li>Schnelle Lieferung und Unterst\u00fctzung nach dem Kauf<\/li>\n<li>OEM- und ODM-Dienstleistungen<\/li>\n<\/ul>\n<h3>Schlussfolgerung<\/h3>\n<p>Die Investition in eine vertikale Kartonagenpresse ist eine kluge Entscheidung f\u00fcr Unternehmen, die ihr Abfallmanagement effektiver gestalten, die Betriebskosten senken und die Nachhaltigkeit verbessern wollen. Die kompakte, leistungsstarke und einfach zu bedienende Maschine ist eine effiziente L\u00f6sung f\u00fcr das Abfallmanagement in verschiedenen Branchen.<\/p>","protected":false},"excerpt":{"rendered":"<p>Die vertikale Kartonagenpresse ist eine platzsparende und kosteneffiziente L\u00f6sung zur Verdichtung von Kartonagenabf\u00e4llen zu sauberen, stapelbaren Ballen. Diese vertikale Ballenpresse eignet sich perfekt f\u00fcr Superm\u00e4rkte, Lagerh\u00e4user, Einzelhandelsgesch\u00e4fte und Recyclingzentren. Sie reduziert das Volumen von sperrigen Kartons erheblich und hilft Unternehmen, Entsorgungs- und Transportkosten zu sparen. Ihr benutzerfreundliches Design sorgt f\u00fcr einfaches Beladen, effizienten Betrieb und minimale Wartung. Durch die Optimierung des Abfallmanagements und die Unterst\u00fctzung von Recycling-Initiativen tr\u00e4gt diese Ballenpresse zu mehr Sauberkeit und Nachhaltigkeit am Arbeitsplatz bei. Eine zuverl\u00e4ssige Wahl f\u00fcr Unternehmen, die ihre betriebliche Effizienz und ihr Umweltbewusstsein verbessern wollen.<\/p>","protected":false},"featured_media":1949,"template":"","meta":{"site-sidebar-layout":"default","site-content-layout":"","ast-site-content-layout":"default","site-content-style":"default","site-sidebar-style":"default","ast-global-header-display":"","ast-banner-title-visibility":"","ast-main-header-display":"","ast-hfb-above-header-display":"","ast-hfb-below-header-display":"","ast-hfb-mobile-header-display":"","site-post-title":"","ast-breadcrumbs-content":"","ast-featured-img":"","footer-sml-layout":"","ast-disable-related-posts":"","theme-transparent-header-meta":"default","adv-header-id-meta":"","stick-header-meta":"","header-above-stick-meta":"","header-main-stick-meta":"","header-below-stick-meta":"","astra-migrate-meta-layouts":"set","ast-page-background-enabled":"default","ast-page-background-meta":{"desktop":{"background-color":"var(--ast-global-color-5)","background-image":"","background-repeat":"repeat","background-position":"center center","background-size":"auto","background-attachment":"scroll","background-type":"","background-media":"","overlay-type":"","overlay-color":"","overlay-opacity":"","overlay-gradient":""},"tablet":{"background-color":"","background-image":"","background-repeat":"repeat","background-position":"center center","background-size":"auto","background-attachment":"scroll","background-type":"","background-media":"","overlay-type":"","overlay-color":"","overlay-opacity":"","overlay-gradient":""},"mobile":{"background-color":"","background-image":"","background-repeat":"repeat","background-position":"center center","background-size":"auto","background-attachment":"scroll","background-type":"","background-media":"","overlay-type":"","overlay-color":"","overlay-opacity":"","overlay-gradient":""}},"ast-content-background-meta":{"desktop":{"background-color":"var(--ast-global-color-4)","background-image":"","background-repeat":"repeat","background-position":"center center","background-size":"auto","background-attachment":"scroll","background-type":"","background-media":"","overlay-type":"","overlay-color":"","overlay-opacity":"","overlay-gradient":""},"tablet":{"background-color":"var(--ast-global-color-4)","background-image":"","background-repeat":"repeat","background-position":"center center","background-size":"auto","background-attachment":"scroll","background-type":"","background-media":"","overlay-type":"","overlay-color":"","overlay-opacity":"","overlay-gradient":""},"mobile":{"background-color":"var(--ast-global-color-4)","background-image":"","background-repeat":"repeat","background-position":"center center","background-size":"auto","background-attachment":"scroll","background-type":"","background-media":"","overlay-type":"","overlay-color":"","overlay-opacity":"","overlay-gradient":""}}},"product_brand":[],"product_cat":[21,152],"product_tag":[],"class_list":{"0":"post-1990","1":"product","2":"type-product","3":"status-publish","4":"has-post-thumbnail","6":"product_cat-baling-machine","7":"product_cat-vertical-baler","8":"desktop-align-left","9":"tablet-align-left","10":"mobile-align-left","12":"first","13":"instock","14":"shipping-taxable","15":"product-type-simple"},"_links":{"self":[{"href":"https:\/\/www.gigapa.com\/de\/wp-json\/wp\/v2\/product\/1990","targetHints":{"allow":["GET"]}}],"collection":[{"href":"https:\/\/www.gigapa.com\/de\/wp-json\/wp\/v2\/product"}],"about":[{"href":"https:\/\/www.gigapa.com\/de\/wp-json\/wp\/v2\/types\/product"}],"version-history":[{"count":4,"href":"https:\/\/www.gigapa.com\/de\/wp-json\/wp\/v2\/product\/1990\/revisions"}],"predecessor-version":[{"id":2376,"href":"https:\/\/www.gigapa.com\/de\/wp-json\/wp\/v2\/product\/1990\/revisions\/2376"}],"wp:featuredmedia":[{"embeddable":true,"href":"https:\/\/www.gigapa.com\/de\/wp-json\/wp\/v2\/media\/1949"}],"wp:attachment":[{"href":"https:\/\/www.gigapa.com\/de\/wp-json\/wp\/v2\/media?parent=1990"}],"wp:term":[{"taxonomy":"product_brand","embeddable":true,"href":"https:\/\/www.gigapa.com\/de\/wp-json\/wp\/v2\/product_brand?post=1990"},{"taxonomy":"product_cat","embeddable":true,"href":"https:\/\/www.gigapa.com\/de\/wp-json\/wp\/v2\/product_cat?post=1990"},{"taxonomy":"product_tag","embeddable":true,"href":"https:\/\/www.gigapa.com\/de\/wp-json\/wp\/v2\/product_tag?post=1990"}],"curies":[{"name":"wp","href":"https:\/\/api.w.org\/{rel}","templated":true}]}}