{"id":1992,"date":"2025-06-18T14:27:01","date_gmt":"2025-06-18T06:27:01","guid":{"rendered":"https:\/\/www.gigapa.com\/?post_type=product&#038;p=1992"},"modified":"2025-10-13T09:15:52","modified_gmt":"2025-10-13T01:15:52","slug":"standard-vertical-hydraulic-baler-manual-door-opening","status":"publish","type":"product","link":"https:\/\/www.gigapa.com\/de\/product\/standard-vertical-hydraulic-baler-manual-door-opening\/","title":{"rendered":"Vertikale hydraulische Standard-Ballenpresse - (manuelle T\u00fcr\u00f6ffnung)"},"content":{"rendered":"<p data-start=\"274\" data-end=\"799\">In der heutigen, zunehmend umweltbewussten und auf Effizienz ausgerichteten industriellen Umgebung ist die Abfallwirtschaft in vielen Sektoren zu einer entscheidenden Priorit\u00e4t geworden. Ob in der Fertigung, im Einzelhandel, im Vertrieb oder in der Logistik - Unternehmen sind st\u00e4ndig auf der Suche nach L\u00f6sungen, die kosteneffizient, platzsparend und umweltvertr\u00e4glich sind. Die serienm\u00e4\u00dfige vertikale hydraulische Ballenpresse mit manueller T\u00fcr\u00f6ffnung bietet eine zuverl\u00e4ssige, benutzerfreundliche und budgetschonende L\u00f6sung f\u00fcr die Verdichtung einer Vielzahl von wiederverwertbaren Abfallmaterialien.<\/p>\n<p data-start=\"801\" data-end=\"1217\">Diese vertikale Ballenpresse wurde speziell f\u00fcr die Anforderungen von Unternehmen entwickelt, die m\u00e4\u00dfige Mengen an Abfallmaterialien wie Pappe, Papier, Textilien, Kunststofffolien und Weichverpackungen produzieren. Sie verpresst diese Materialien zu dicht gepackten Ballen, die sich leichter lagern, transportieren oder recyceln lassen. So k\u00f6nnen Unternehmen ihre Entsorgungskosten senken, ihre Arbeitspl\u00e4tze sauberer halten und ihre Umweltverantwortung unter Beweis stellen.<\/p>\n<h3 data-start=\"1224\" data-end=\"1260\"><strong data-start=\"1228\" data-end=\"1260\">Platzsparendes vertikales Design<\/strong><\/h3>\n<p data-start=\"1262\" data-end=\"1688\">Die vertikale Konfiguration dieser Ballenpresse ist ideal f\u00fcr Unternehmen mit begrenztem Platzangebot. Dank ihrer aufrechten Struktur kann sie in kleineren Bereichen wie Lagerhallen, Back-of-Store-Fl\u00e4chen und engen Laderampen installiert werden, ohne den t\u00e4glichen Betrieb zu beeintr\u00e4chtigen. Die kompakte Stellfl\u00e4che geht nicht zu Lasten der Leistung und liefert dennoch eine hohe Verdichtungskraft, was sie zu einer bevorzugten Wahl f\u00fcr kleine bis mittlere Unternehmen macht.<\/p>\n<h3 data-start=\"1695\" data-end=\"1752\"><strong data-start=\"1699\" data-end=\"1752\">Manuelle T\u00fcr\u00f6ffnung f\u00fcr sichere und einfache Bedienung<\/strong><\/h3>\n<p data-start=\"1754\" data-end=\"2128\">Die <strong data-start=\"1758\" data-end=\"1781\">manuelle T\u00fcr\u00f6ffnung<\/strong> bietet einen kontrollierten und sicheren Zugang zur Ladekammer. Diese Konstruktion erm\u00f6glicht es dem Bediener, die vordere T\u00fcr manuell zu \u00f6ffnen und zu schlie\u00dfen, wenn Materialien geladen oder fertige Ballen entnommen werden. Im Gegensatz zu automatischen T\u00fcren, die komplexere Mechanismen und Wartung erfordern, reduziert das manuelle System die mechanische Komplexit\u00e4t und erh\u00f6ht die Zuverl\u00e4ssigkeit der Maschine.<\/p>\n<p data-start=\"2130\" data-end=\"2452\">Dar\u00fcber hinaus erh\u00f6ht die manuelle T\u00fcrbedienung die Kontrolle des Benutzers, was besonders bei der Verarbeitung von unregelm\u00e4\u00dfigen Materialien wie Textilabf\u00e4llen oder zerknitterter Pappe von Vorteil sein kann. Die Bediener k\u00f6nnen die Kammer genau \u00fcberwachen, die Materialien richtig positionieren und vor dem Pressen eine maximale Effizienz der Ladung sicherstellen.<\/p>\n<h3 data-start=\"2459\" data-end=\"2502\"><strong data-start=\"2463\" data-end=\"2502\">Ideal f\u00fcr eine breite Palette von Materialien<\/strong><\/h3>\n<p data-start=\"2504\" data-end=\"2617\">Die hydraulische Standard-Vertikalpresse ist f\u00fcr die Verdichtung mehrerer Materialien ausgelegt. Sie wird h\u00e4ufig bei der Handhabung eingesetzt:<\/p>\n<ul>\n<li data-start=\"2621\" data-end=\"2653\">Kartons aus Wellpappe (OCC)<\/li>\n<li data-start=\"2656\" data-end=\"2691\">B\u00fcropapier und geschredderte Dokumente<\/li>\n<li data-start=\"2694\" data-end=\"2742\">Kunststofffolien, Schrumpffolien und Verpackungsabf\u00e4lle<\/li>\n<li data-start=\"2745\" data-end=\"2779\">Textilien, Lumpen und Kleidungsreste<\/li>\n<li data-start=\"2782\" data-end=\"2817\">Aluminiumdosen und PET-Flaschen (trocken)<\/li>\n<li data-start=\"2820\" data-end=\"2843\">Allgemeine trockene feste Abf\u00e4lle<\/li>\n<\/ul>\n<p data-start=\"2845\" data-end=\"3096\">Diese Vielseitigkeit macht die Maschine zu einer hervorragenden Allround-Presse f\u00fcr Unternehmen mit unterschiedlichen Abfallstr\u00f6men. Au\u00dferdem f\u00f6rdert sie die Materialtrennung an der Quelle und hilft Unternehmen, die \u00f6rtlichen Recyclingvorschriften einzuhalten und die Recyclingeffizienz zu verbessern.<\/p>\n<h3 data-start=\"3103\" data-end=\"3141\"><strong data-start=\"3107\" data-end=\"3141\">Kosteneffiziente Abfallreduzierung<\/strong><\/h3>\n<p data-start=\"3143\" data-end=\"3278\">Durch die Verdichtung gro\u00dfer Mengen loser Abf\u00e4lle zu kleineren, dichteren Ballen bietet die vertikale Ballenpresse direkte finanzielle Vorteile, unter anderem:<\/p>\n<ul>\n<li data-start=\"3282\" data-end=\"3316\">Geringere H\u00e4ufigkeit der Abfallsammlung<\/li>\n<li data-start=\"3319\" data-end=\"3361\">Geringere Transport- und Deponiegeb\u00fchren<\/li>\n<li data-start=\"3364\" data-end=\"3396\">Minimierter Lagerbedarf<\/li>\n<li data-start=\"3399\" data-end=\"3439\">Verbesserte Sauberkeit und Sicherheit der Einrichtung<\/li>\n<\/ul>\n<p data-start=\"3441\" data-end=\"3639\">Diese Einsparungen summieren sich schnell, insbesondere f\u00fcr Unternehmen mit wiederkehrenden Verpackungsabf\u00e4llen. Au\u00dferdem k\u00f6nnen gut geformte Ballen verkauft oder zu Recyclingunternehmen transportiert werden, wodurch sich Abfall in potenzielle Einnahmen verwandelt.<\/p>\n<h3 data-start=\"3646\" data-end=\"3687\"><strong data-start=\"3650\" data-end=\"3687\">Benutzerfreundlich und wartungsarm<\/strong><\/h3>\n<p data-start=\"3689\" data-end=\"4066\">Bei der Entwicklung der Ballenpresse wurde auf Einfachheit geachtet, so dass sie von den Bedienern mit minimalem Schulungsaufwand leicht zu bedienen ist. Die grundlegenden Funktionen sind intuitiv und erm\u00f6glichen eine schnelle Einarbeitung und einen konstanten Betrieb auch in Umgebungen mit hoher Fluktuation. Der manuell zu bedienende T\u00fcrmechanismus tr\u00e4gt auch zu weniger Ausf\u00e4llen und einem geringeren Wartungsbedarf bei, wodurch Ausfallzeiten und Servicekosten reduziert werden.<\/p>\n<p data-start=\"4068\" data-end=\"4099\">Die wichtigsten Vorteile f\u00fcr die Nutzer sind:<\/p>\n<ul>\n<li data-start=\"4103\" data-end=\"4141\">Leicht verst\u00e4ndliche Steuerungsoberfl\u00e4che<\/li>\n<li data-start=\"4144\" data-end=\"4180\">Manuelles Vorschubsystem in H\u00fcfth\u00f6he<\/li>\n<li data-start=\"4183\" data-end=\"4224\">Einfache Ballenentnahme und -abbindung<\/li>\n<li data-start=\"4227\" data-end=\"4270\">Langlebige Komponenten f\u00fcr eine lange Lebensdauer<\/li>\n<\/ul>\n<p data-start=\"4272\" data-end=\"4391\">Diese Eigenschaften machen es besonders geeignet f\u00fcr kleine Unternehmen oder Betriebe ohne eigenes Personal f\u00fcr die Abfallentsorgung.<\/p>\n<h3 data-start=\"5077\" data-end=\"5124\"><strong data-start=\"5081\" data-end=\"5124\">Anwendungen in verschiedenen Branchen<\/strong><\/h3>\n<p data-start=\"5126\" data-end=\"5260\">Dank ihrer Flexibilit\u00e4t, Zuverl\u00e4ssigkeit und Erschwinglichkeit eignet sich diese Ballenpresse f\u00fcr ein breites Spektrum von Branchen und Sektoren, darunter:<\/p>\n<ul>\n<li data-start=\"5264\" data-end=\"5361\"><strong data-start=\"5264\" data-end=\"5291\">Einzelhandel und Superm\u00e4rkte<\/strong> - F\u00fcr t\u00e4gliche Verpackungsabf\u00e4lle wie Kartons und Schrumpffolie<\/li>\n<li data-start=\"5364\" data-end=\"5447\"><strong data-start=\"5364\" data-end=\"5393\">Lagerhaltung und Logistik<\/strong> - F\u00fcr Kunststofffolien, Papier und ausrangierte Verpackungen<\/li>\n<li data-start=\"5450\" data-end=\"5528\"><strong data-start=\"5450\" data-end=\"5483\">Bekleidungs- und Textilfabriken<\/strong> - F\u00fcr Stoffreste und defekte Kleidung<\/li>\n<li data-start=\"5531\" data-end=\"5601\"><strong data-start=\"5531\" data-end=\"5560\">Lebensmittel- und Getr\u00e4nkem\u00e4rkte<\/strong> - F\u00fcr trockene Verpackungsmaterialien und Dosen<\/li>\n<li data-start=\"5604\" data-end=\"5704\"><strong data-start=\"5604\" data-end=\"5626\">Gastgewerbe<\/strong> - Hotels und Ferienanlagen, die gro\u00dfe Mengen an g\u00e4stebezogenem Verpackungsm\u00fcll verwalten<\/li>\n<li data-start=\"5707\" data-end=\"5781\"><strong data-start=\"5707\" data-end=\"5729\">Kommerzielle B\u00fcros<\/strong> - F\u00fcr Papierabf\u00e4lle und interne Recyclingprogramme<\/li>\n<\/ul>\n<p data-start=\"5783\" data-end=\"5907\">Das Design der manuellen T\u00fcr erm\u00f6glicht eine einfache Integration in bestehende Arbeitsabl\u00e4ufe, ohne dass komplexe Upgrades oder Automatisierung erforderlich sind.<\/p>\n<h3 data-start=\"5914\" data-end=\"5963\"><strong data-start=\"5918\" data-end=\"5963\">Eine kluge Investition f\u00fcr nachhaltiges Wachstum<\/strong><\/h3>\n<p data-start=\"5965\" data-end=\"6307\">Die vertikale hydraulische Standard-Ballenpresse (manuelle T\u00fcr\u00f6ffnung) ist mehr als nur eine Maschine - sie ist eine strategische Investition in Effizienz, Sauberkeit und Nachhaltigkeit. Angesichts steigender Kosten f\u00fcr die Abfallentsorgung und der zunehmenden Nachfrage der Verbraucher nach umweltbewusstem Handeln m\u00fcssen Unternehmen Strategien zur Abfallreduzierung umsetzen, die einen echten Mehrwert bieten.<\/p>\n<p data-start=\"6309\" data-end=\"6576\">Diese Ballenpresse bietet genau das: zuverl\u00e4ssige Leistung, minimale Wartung, einfache Bedienung und sofortige Kosteneinsparungen. Ganz gleich, ob Sie gerade erst mit der Organisation Ihres Abfalls beginnen oder von der Entsorgung loser Beh\u00e4lter aufr\u00fcsten m\u00f6chten, diese Ballenpresse bietet eine intelligente, skalierbare L\u00f6sung.<\/p>\n<h3 data-start=\"6583\" data-end=\"6601\"><strong data-start=\"6587\" data-end=\"6601\">Schlussfolgerung<\/strong><\/h3>\n<p data-start=\"6603\" data-end=\"7007\">Wenn in Ihrem Unternehmen wiederverwertbare Abf\u00e4lle anfallen und Sie nach einer kosteng\u00fcnstigen, effizienten und umweltfreundlichen M\u00f6glichkeit suchen, diese zu entsorgen, ist die vertikale hydraulische Standardpresse mit manueller T\u00fcr\u00f6ffnung die ideale Wahl. Diese Ballenpresse wurde entwickelt, um ein Gleichgewicht zwischen Einfachheit und Funktionalit\u00e4t zu schaffen. Sie ist der perfekte Begleiter f\u00fcr jedes Unternehmen, das seine Abl\u00e4ufe rationalisieren, Kosten senken und eine umweltfreundlichere Zukunft unterst\u00fctzen m\u00f6chte.<\/p>","protected":false},"excerpt":{"rendered":"<p data-start=\"480\" data-end=\"1132\">Die vertikale Standard-Hydraulikballenpresse mit manueller T\u00fcr\u00f6ffnung ist eine zuverl\u00e4ssige L\u00f6sung f\u00fcr die Verdichtung von Kartonagen, Kunststoffen, Textilien und anderen recycelbaren Materialien. Diese f\u00fcr Benutzerfreundlichkeit und geringen Wartungsaufwand konzipierte Ballenpresse verf\u00fcgt \u00fcber eine manuell zu bedienende Frontt\u00fcr f\u00fcr sicheres Be- und Entladen. Ihre vertikale Bauweise spart Platz und macht sie ideal f\u00fcr Einzelhandelsgesch\u00e4fte, Lagerh\u00e4user, Fabriken und Recyclingzentren. Mit ihrem starken hydraulischen Druck reduziert sie das Abfallvolumen effizient und unterst\u00fctzt einen nachhaltigen Betrieb. Er ist kosteneffizient und benutzerfreundlich und eignet sich perfekt f\u00fcr Unternehmen, die ihre Abf\u00e4lle verantwortungsbewusster verwalten und die Sauberkeit am Standort verbessern wollen.<\/p>","protected":false},"featured_media":1948,"template":"","meta":{"site-sidebar-layout":"default","site-content-layout":"","ast-site-content-layout":"default","site-content-style":"default","site-sidebar-style":"default","ast-global-header-display":"","ast-banner-title-visibility":"","ast-main-header-display":"","ast-hfb-above-header-display":"","ast-hfb-below-header-display":"","ast-hfb-mobile-header-display":"","site-post-title":"","ast-breadcrumbs-content":"","ast-featured-img":"","footer-sml-layout":"","ast-disable-related-posts":"","theme-transparent-header-meta":"default","adv-header-id-meta":"","stick-header-meta":"","header-above-stick-meta":"","header-main-stick-meta":"","header-below-stick-meta":"","astra-migrate-meta-layouts":"set","ast-page-background-enabled":"default","ast-page-background-meta":{"desktop":{"background-color":"var(--ast-global-color-5)","background-image":"","background-repeat":"repeat","background-position":"center center","background-size":"auto","background-attachment":"scroll","background-type":"","background-media":"","overlay-type":"","overlay-color":"","overlay-opacity":"","overlay-gradient":""},"tablet":{"background-color":"","background-image":"","background-repeat":"repeat","background-position":"center center","background-size":"auto","background-attachment":"scroll","background-type":"","background-media":"","overlay-type":"","overlay-color":"","overlay-opacity":"","overlay-gradient":""},"mobile":{"background-color":"","background-image":"","background-repeat":"repeat","background-position":"center center","background-size":"auto","background-attachment":"scroll","background-type":"","background-media":"","overlay-type":"","overlay-color":"","overlay-opacity":"","overlay-gradient":""}},"ast-content-background-meta":{"desktop":{"background-color":"var(--ast-global-color-4)","background-image":"","background-repeat":"repeat","background-position":"center center","background-size":"auto","background-attachment":"scroll","background-type":"","background-media":"","overlay-type":"","overlay-color":"","overlay-opacity":"","overlay-gradient":""},"tablet":{"background-color":"var(--ast-global-color-4)","background-image":"","background-repeat":"repeat","background-position":"center center","background-size":"auto","background-attachment":"scroll","background-type":"","background-media":"","overlay-type":"","overlay-color":"","overlay-opacity":"","overlay-gradient":""},"mobile":{"background-color":"var(--ast-global-color-4)","background-image":"","background-repeat":"repeat","background-position":"center center","background-size":"auto","background-attachment":"scroll","background-type":"","background-media":"","overlay-type":"","overlay-color":"","overlay-opacity":"","overlay-gradient":""}}},"product_brand":[],"product_cat":[21,152],"product_tag":[],"class_list":{"0":"post-1992","1":"product","2":"type-product","3":"status-publish","4":"has-post-thumbnail","6":"product_cat-baling-machine","7":"product_cat-vertical-baler","8":"desktop-align-left","9":"tablet-align-left","10":"mobile-align-left","12":"first","13":"instock","14":"shipping-taxable","15":"product-type-simple"},"_links":{"self":[{"href":"https:\/\/www.gigapa.com\/de\/wp-json\/wp\/v2\/product\/1992","targetHints":{"allow":["GET"]}}],"collection":[{"href":"https:\/\/www.gigapa.com\/de\/wp-json\/wp\/v2\/product"}],"about":[{"href":"https:\/\/www.gigapa.com\/de\/wp-json\/wp\/v2\/types\/product"}],"version-history":[{"count":2,"href":"https:\/\/www.gigapa.com\/de\/wp-json\/wp\/v2\/product\/1992\/revisions"}],"predecessor-version":[{"id":2138,"href":"https:\/\/www.gigapa.com\/de\/wp-json\/wp\/v2\/product\/1992\/revisions\/2138"}],"wp:featuredmedia":[{"embeddable":true,"href":"https:\/\/www.gigapa.com\/de\/wp-json\/wp\/v2\/media\/1948"}],"wp:attachment":[{"href":"https:\/\/www.gigapa.com\/de\/wp-json\/wp\/v2\/media?parent=1992"}],"wp:term":[{"taxonomy":"product_brand","embeddable":true,"href":"https:\/\/www.gigapa.com\/de\/wp-json\/wp\/v2\/product_brand?post=1992"},{"taxonomy":"product_cat","embeddable":true,"href":"https:\/\/www.gigapa.com\/de\/wp-json\/wp\/v2\/product_cat?post=1992"},{"taxonomy":"product_tag","embeddable":true,"href":"https:\/\/www.gigapa.com\/de\/wp-json\/wp\/v2\/product_tag?post=1992"}],"curies":[{"name":"wp","href":"https:\/\/api.w.org\/{rel}","templated":true}]}}