{"id":1994,"date":"2025-06-18T09:49:58","date_gmt":"2025-06-18T01:49:58","guid":{"rendered":"https:\/\/www.gigapa.com\/?post_type=product&#038;p=1994"},"modified":"2025-10-13T09:15:52","modified_gmt":"2025-10-13T01:15:52","slug":"vertical-solid-waste-baler","status":"publish","type":"product","link":"https:\/\/www.gigapa.com\/de\/product\/vertical-solid-waste-baler\/","title":{"rendered":"Vertikale Ballenpresse f\u00fcr feste Abf\u00e4lle"},"content":{"rendered":"<h3 data-start=\"215\" data-end=\"239\" data-immersive-translate-walked=\"d031e606-b67d-4f5f-96db-1fa1e624d354\"><strong data-start=\"215\" data-end=\"239\" data-immersive-translate-walked=\"d031e606-b67d-4f5f-96db-1fa1e624d354\" data-immersive-translate-paragraph=\"1\">Beschreibung des Produkts:<\/strong><\/h3>\n<p data-start=\"241\" data-end=\"678\" data-immersive-translate-walked=\"d031e606-b67d-4f5f-96db-1fa1e624d354\" data-immersive-translate-paragraph=\"1\">Die vertikale Abfallpresse ist ein unverzichtbares Ger\u00e4t f\u00fcr Unternehmen und Einrichtungen, in denen gro\u00dfe Mengen an festen Abf\u00e4llen und wiederverwertbaren Materialien anfallen. Sie ist eine zuverl\u00e4ssige und platzsparende L\u00f6sung f\u00fcr die Verdichtung von Materialien wie Pappe, Papier, Kunststofffolien, Textilien und allgemeinem Feststoffm\u00fcll. Diese vertikale Ballenpresse hilft, die Entsorgungskosten zu senken, die Sauberkeit vor Ort zu verbessern und Nachhaltigkeitsziele zu unterst\u00fctzen.<\/p>\n<p data-start=\"680\" data-end=\"1036\" data-immersive-translate-walked=\"d031e606-b67d-4f5f-96db-1fa1e624d354\" data-immersive-translate-paragraph=\"1\">In einer Zeit, in der Umweltverantwortung und betriebliche Effizienz oberste Priorit\u00e4t haben, ist ein effizientes Abfallmanagement wichtiger denn je. Die vertikale Abfallpresse bietet eine unkomplizierte und dennoch leistungsstarke L\u00f6sung f\u00fcr diese Anforderungen, die es Unternehmen erm\u00f6glicht, die Abfallbehandlung zu rationalisieren, die Recyclingraten zu erh\u00f6hen und die Einhaltung gesetzlicher Vorschriften zu gew\u00e4hrleisten.<\/p>\n<h3 data-start=\"1038\" data-end=\"1070\" data-immersive-translate-walked=\"d031e606-b67d-4f5f-96db-1fa1e624d354\"><strong data-start=\"1038\" data-end=\"1070\" data-immersive-translate-walked=\"d031e606-b67d-4f5f-96db-1fa1e624d354\" data-immersive-translate-paragraph=\"1\">Hauptmerkmale und Vorteile:<\/strong><\/h3>\n<p data-start=\"1077\" data-end=\"1505\" data-immersive-translate-walked=\"d031e606-b67d-4f5f-96db-1fa1e624d354\" data-immersive-translate-paragraph=\"1\"><strong data-start=\"1077\" data-end=\"1115\" data-immersive-translate-walked=\"d031e606-b67d-4f5f-96db-1fa1e624d354\" data-immersive-translate-paragraph=\"1\">1. Platzsparendes vertikales Design<\/strong><br data-start=\"1115\" data-end=\"1118\" data-immersive-translate-walked=\"d031e606-b67d-4f5f-96db-1fa1e624d354\" \/>Einer der bemerkenswertesten Vorteile dieser Ballenpresse ist ihre vertikale Struktur, die den Platzbedarf f\u00fcr Installation und Betrieb erheblich reduziert. Sie ist ideal f\u00fcr Einrichtungen mit begrenzter Arbeitsfl\u00e4che - wie Lagerh\u00e4user, Einzelhandelsgesch\u00e4fte, Distributionszentren und Hotels - und kann an einer Wand oder in einer Ecke platziert werden, um den nutzbaren Raum zu maximieren und gleichzeitig gro\u00dfe Abfallmengen zu verarbeiten.<\/p>\n<p data-start=\"1512\" data-end=\"1644\" data-immersive-translate-walked=\"d031e606-b67d-4f5f-96db-1fa1e624d354\" data-immersive-translate-paragraph=\"1\"><strong data-start=\"1512\" data-end=\"1556\" data-immersive-translate-walked=\"d031e606-b67d-4f5f-96db-1fa1e624d354\" data-immersive-translate-paragraph=\"1\">2. Vielseitige M\u00f6glichkeiten der Abfallbehandlung<\/strong><br data-start=\"1556\" data-end=\"1559\" data-immersive-translate-walked=\"d031e606-b67d-4f5f-96db-1fa1e624d354\" \/>Diese Ballenpresse ist f\u00fcr die Verarbeitung eines breiten Spektrums fester Abfallstoffe ausgelegt, darunter:<\/p>\n<ul>\n<li data-start=\"1648\" data-end=\"1670\" data-immersive-translate-walked=\"d031e606-b67d-4f5f-96db-1fa1e624d354\" data-immersive-translate-paragraph=\"1\">Wellpappe<\/li>\n<li data-start=\"1673\" data-end=\"1710\" data-immersive-translate-walked=\"d031e606-b67d-4f5f-96db-1fa1e624d354\" data-immersive-translate-paragraph=\"1\">B\u00fcropapier und geschredderte Dokumente<\/li>\n<li data-start=\"1713\" data-end=\"1751\" data-immersive-translate-walked=\"d031e606-b67d-4f5f-96db-1fa1e624d354\" data-immersive-translate-paragraph=\"1\">Plastikfolie, Stretchfolie und Beutel<\/li>\n<li data-start=\"1754\" data-end=\"1780\" data-immersive-translate-walked=\"d031e606-b67d-4f5f-96db-1fa1e624d354\" data-immersive-translate-paragraph=\"1\">Weiche Verpackungsmaterialien<\/li>\n<li data-start=\"1783\" data-end=\"1816\" data-immersive-translate-walked=\"d031e606-b67d-4f5f-96db-1fa1e624d354\" data-immersive-translate-paragraph=\"1\">Textilreste und Stoffabf\u00e4lle<\/li>\n<li data-start=\"1819\" data-end=\"1870\" data-immersive-translate-walked=\"d031e606-b67d-4f5f-96db-1fa1e624d354\" data-immersive-translate-paragraph=\"1\">Aluminiumdosen und PET-Flaschen (nicht mit Fl\u00fcssigkeit gef\u00fcllt)<\/li>\n<li data-start=\"1873\" data-end=\"1898\" data-immersive-translate-walked=\"d031e606-b67d-4f5f-96db-1fa1e624d354\" data-immersive-translate-paragraph=\"1\">Allgemeine trockene feste Abf\u00e4lle<\/li>\n<\/ul>\n<p data-start=\"1900\" data-end=\"2050\" data-immersive-translate-walked=\"d031e606-b67d-4f5f-96db-1fa1e624d354\" data-immersive-translate-paragraph=\"1\">Seine F\u00e4higkeit, verschiedene Materialien zu verwalten, macht ihn zu einer universellen L\u00f6sung f\u00fcr Unternehmen, die ihr Abfallmanagement zentralisieren und vereinfachen wollen.<\/p>\n<p data-start=\"2057\" data-end=\"2281\" data-immersive-translate-walked=\"d031e606-b67d-4f5f-96db-1fa1e624d354\" data-immersive-translate-paragraph=\"1\"><strong data-start=\"2057\" data-end=\"2105\" data-immersive-translate-walked=\"d031e606-b67d-4f5f-96db-1fa1e624d354\" data-immersive-translate-paragraph=\"1\">3. Kostenreduzierung durch Volumenkompression<\/strong><br data-start=\"2105\" data-end=\"2108\" data-immersive-translate-walked=\"d031e606-b67d-4f5f-96db-1fa1e624d354\" \/>Einer der gr\u00f6\u00dften Vorteile des Einsatzes einer vertikalen Ballenpresse ist die erhebliche Verringerung des Abfallvolumens. Durch das Pressen von Materialien in dichte, handliche Ballen k\u00f6nnen Unternehmen:<\/p>\n<ul>\n<li data-start=\"2285\" data-end=\"2338\" data-immersive-translate-walked=\"d031e606-b67d-4f5f-96db-1fa1e624d354\" data-immersive-translate-paragraph=\"1\">Minimierung der H\u00e4ufigkeit und der Kosten der Abfallsammlung<\/li>\n<li data-start=\"2341\" data-end=\"2395\" data-immersive-translate-walked=\"d031e606-b67d-4f5f-96db-1fa1e624d354\" data-immersive-translate-paragraph=\"1\">Senkung der Transportkosten f\u00fcr wiederverwertbare Materialien<\/li>\n<li data-start=\"2398\" data-end=\"2453\" data-immersive-translate-walked=\"d031e606-b67d-4f5f-96db-1fa1e624d354\" data-immersive-translate-paragraph=\"1\">Eliminieren Sie den Bedarf an sperrigen Abfallbeh\u00e4ltern<\/li>\n<li data-start=\"2456\" data-end=\"2505\" data-immersive-translate-walked=\"d031e606-b67d-4f5f-96db-1fa1e624d354\" data-immersive-translate-paragraph=\"1\">Verbesserung der Lagereffizienz und der Sauberkeit am Standort<\/li>\n<\/ul>\n<p data-start=\"2507\" data-end=\"2584\" data-immersive-translate-walked=\"d031e606-b67d-4f5f-96db-1fa1e624d354\" data-immersive-translate-paragraph=\"1\">Dies f\u00fchrt unmittelbar zu messbaren Kosteneinsparungen und verbesserten Betriebsabl\u00e4ufen.<\/p>\n<p data-start=\"2591\" data-end=\"3109\" data-immersive-translate-walked=\"d031e606-b67d-4f5f-96db-1fa1e624d354\" data-immersive-translate-paragraph=\"1\"><strong data-start=\"2591\" data-end=\"2653\" data-immersive-translate-walked=\"d031e606-b67d-4f5f-96db-1fa1e624d354\" data-immersive-translate-paragraph=\"1\">4. Unterst\u00fctzt die Einhaltung von Umweltvorschriften und Recycling-Bem\u00fchungen<\/strong><br data-start=\"2653\" data-end=\"2656\" data-immersive-translate-walked=\"d031e606-b67d-4f5f-96db-1fa1e624d354\" \/>Weltweit versch\u00e4rfen Regierungen und Umweltbeh\u00f6rden die Vorschriften f\u00fcr Abfallentsorgung und Recycling. Die vertikale Abfallballenpresse hilft Unternehmen, diese Vorschriften einzuhalten, indem sie die Abfalltrennung erleichtert und recycelbare Materialien f\u00fcr eine effiziente Weiterverarbeitung vorbereitet. Viele Recyclingzentren bieten Rabatte f\u00fcr gut gepresste Materialien an, was den Unternehmen eine zus\u00e4tzliche Einnahmequelle er\u00f6ffnet und die Umweltbelastung verringert.<\/p>\n<p data-start=\"3116\" data-end=\"3612\" data-immersive-translate-walked=\"d031e606-b67d-4f5f-96db-1fa1e624d354\" data-immersive-translate-paragraph=\"1\"><strong data-start=\"3116\" data-end=\"3153\" data-immersive-translate-walked=\"d031e606-b67d-4f5f-96db-1fa1e624d354\" data-immersive-translate-paragraph=\"1\">5. Benutzerfreundlich und arbeitssparend<\/strong><br data-start=\"3153\" data-end=\"3156\" data-immersive-translate-walked=\"d031e606-b67d-4f5f-96db-1fa1e624d354\" \/>Die Ballenpresse zeichnet sich durch ein einfaches Steuersystem und einen sicheren, benutzerfreundlichen Betrieb aus. Dank der vertikalen Ladekammer kann der Bediener das Material ohne \u00fcberm\u00e4\u00dfiges B\u00fccken oder Heben manuell auf H\u00fcfth\u00f6he laden. Der automatische Ballenauswurf vereinfacht den Entnahmevorgang, so dass weniger manuelle Eingriffe erforderlich sind und die Gefahr von Verletzungen am Arbeitsplatz sinkt. Selbst Mitarbeiter mit minimaler technischer Erfahrung k\u00f6nnen ihn nach einer kurzen Schulung sicher und effizient bedienen.<\/p>\n<p data-start=\"3619\" data-end=\"3772\" data-immersive-translate-walked=\"d031e606-b67d-4f5f-96db-1fa1e624d354\" data-immersive-translate-paragraph=\"1\"><strong data-start=\"3619\" data-end=\"3672\" data-immersive-translate-walked=\"d031e606-b67d-4f5f-96db-1fa1e624d354\" data-immersive-translate-paragraph=\"1\">6. Ideal f\u00fcr eine Reihe von Branchen und Einrichtungen<\/strong><br data-start=\"3672\" data-end=\"3675\" data-immersive-translate-walked=\"d031e606-b67d-4f5f-96db-1fa1e624d354\" \/>Die vertikale Ballenpresse f\u00fcr feste Abf\u00e4lle ist \u00e4u\u00dferst anpassungsf\u00e4hig und eignet sich f\u00fcr eine Vielzahl von Sektoren, darunter:<\/p>\n<ul>\n<li data-start=\"3776\" data-end=\"3842\" data-immersive-translate-walked=\"d031e606-b67d-4f5f-96db-1fa1e624d354\" data-immersive-translate-paragraph=\"1\"><strong data-start=\"3776\" data-end=\"3803\" data-immersive-translate-walked=\"d031e606-b67d-4f5f-96db-1fa1e624d354\">Einzelhandel und Superm\u00e4rkte<\/strong>: Kartonverpackung und Schrumpffolie<\/li>\n<li data-start=\"3845\" data-end=\"3932\" data-immersive-translate-walked=\"d031e606-b67d-4f5f-96db-1fa1e624d354\" data-immersive-translate-paragraph=\"1\"><strong data-start=\"3845\" data-end=\"3874\" data-immersive-translate-walked=\"d031e606-b67d-4f5f-96db-1fa1e624d354\">Logistik und Lagerhaltung<\/strong>: Palettenverpackungen, Wellpappkartons und ausrangierte Verpackungen<\/li>\n<li data-start=\"3935\" data-end=\"4007\" data-immersive-translate-walked=\"d031e606-b67d-4f5f-96db-1fa1e624d354\" data-immersive-translate-paragraph=\"1\"><strong data-start=\"3935\" data-end=\"3968\" data-immersive-translate-walked=\"d031e606-b67d-4f5f-96db-1fa1e624d354\">Textil- und Bekleidungsfabriken<\/strong>: Stoffreste und Produktionsabf\u00e4lle<\/li>\n<li data-start=\"4010\" data-end=\"4084\" data-immersive-translate-walked=\"d031e606-b67d-4f5f-96db-1fa1e624d354\" data-immersive-translate-paragraph=\"1\"><strong data-start=\"4010\" data-end=\"4042\" data-immersive-translate-walked=\"d031e606-b67d-4f5f-96db-1fa1e624d354\">Einrichtungen f\u00fcr Lebensmittel und Getr\u00e4nke<\/strong>: Trockener Verpackungsm\u00fcll, Flaschen und Dosen<\/li>\n<li data-start=\"4087\" data-end=\"4164\" data-immersive-translate-walked=\"d031e606-b67d-4f5f-96db-1fa1e624d354\" data-immersive-translate-paragraph=\"1\"><strong data-start=\"4087\" data-end=\"4109\" data-immersive-translate-walked=\"d031e606-b67d-4f5f-96db-1fa1e624d354\">Kommerzielle B\u00fcros<\/strong>: Papierabf\u00e4lle, Aktenvernichtung und Dokumentenentsorgung<\/li>\n<li data-start=\"4167\" data-end=\"4256\" data-immersive-translate-walked=\"d031e606-b67d-4f5f-96db-1fa1e624d354\" data-immersive-translate-paragraph=\"1\"><strong data-start=\"4167\" data-end=\"4189\" data-immersive-translate-walked=\"d031e606-b67d-4f5f-96db-1fa1e624d354\">Gastgewerbe<\/strong>: Hotels, Resorts und Restaurants verwalten den t\u00e4glichen Verpackungsm\u00fcll<\/li>\n<\/ul>\n<p data-start=\"4258\" data-end=\"4366\" data-immersive-translate-walked=\"d031e606-b67d-4f5f-96db-1fa1e624d354\" data-immersive-translate-paragraph=\"1\">Seine Vielseitigkeit macht ihn sowohl f\u00fcr kleine Unternehmen als auch f\u00fcr gro\u00dfe Industriebetriebe zu einer wertvollen Bereicherung.<\/p>\n<p data-start=\"4373\" data-end=\"4768\" data-immersive-translate-walked=\"d031e606-b67d-4f5f-96db-1fa1e624d354\" data-immersive-translate-paragraph=\"1\"><strong data-start=\"4373\" data-end=\"4426\" data-immersive-translate-walked=\"d031e606-b67d-4f5f-96db-1fa1e624d354\" data-immersive-translate-paragraph=\"1\">7. Saubere, aufger\u00e4umte und professionelle Arbeitsumgebung<\/strong><br data-start=\"4426\" data-end=\"4429\" data-immersive-translate-walked=\"d031e606-b67d-4f5f-96db-1fa1e624d354\" \/>Loser Abfall nimmt wertvollen Platz weg, verunreinigt die Arbeitsumgebung und stellt ein Brand- und Sicherheitsrisiko dar. Durch die Verdichtung des Abfalls zu dichten, stapelbaren Ballen tr\u00e4gt die vertikale Ballenpresse zu einer saubereren, besser organisierten Anlage bei. Dadurch wird nicht nur die Effizienz der Mitarbeiter verbessert, sondern auch das Image des Unternehmens bei Kunden und Beh\u00f6rden verbessert.<\/p>\n<p data-start=\"4775\" data-end=\"5162\" data-immersive-translate-walked=\"d031e606-b67d-4f5f-96db-1fa1e624d354\" data-immersive-translate-paragraph=\"1\"><strong data-start=\"4775\" data-end=\"4817\" data-immersive-translate-walked=\"d031e606-b67d-4f5f-96db-1fa1e624d354\" data-immersive-translate-paragraph=\"1\">8. Nachhaltigkeit und Markenreputation<\/strong><br data-start=\"4817\" data-end=\"4820\" data-immersive-translate-walked=\"d031e606-b67d-4f5f-96db-1fa1e624d354\" \/>Da immer mehr Verbraucher und Gesch\u00e4ftspartner Wert auf \u00f6kologische Verantwortung legen, kann ein sichtbares, verantwortungsvolles Abfallmanagement die Markenwahrnehmung verbessern und Ihrem Unternehmen einen Wettbewerbsvorteil verschaffen. Der Einsatz einer vertikalen Ballenpresse demonstriert einen proaktiven Ansatz zur Nachhaltigkeit und positioniert Ihr Unternehmen als umweltbewusst.<\/p>\n<p data-start=\"5169\" data-end=\"5578\" data-immersive-translate-walked=\"d031e606-b67d-4f5f-96db-1fa1e624d354\" data-immersive-translate-paragraph=\"1\"><strong data-start=\"5169\" data-end=\"5216\" data-immersive-translate-walked=\"d031e606-b67d-4f5f-96db-1fa1e624d354\" data-immersive-translate-paragraph=\"1\">9. Langlebige und wartungsarme Konstruktion<\/strong><br data-start=\"5216\" data-end=\"5219\" data-immersive-translate-walked=\"d031e606-b67d-4f5f-96db-1fa1e624d354\" \/>Die mit hochwertigen Komponenten und einem robusten Stahlrahmen ausgestattete vertikale M\u00fcllpresse ist f\u00fcr den langfristigen Einsatz in anspruchsvollen Umgebungen konzipiert. Sie erfordert nur minimale Wartung, was die Ausfallzeiten reduziert und die Lebensdauer verl\u00e4ngert. Bei richtiger Pflege liefert diese Maschine \u00fcber Jahre hinweg konstante Leistung und bietet eine hervorragende Investitionsrendite.<\/p>\n<h3 data-start=\"5585\" data-end=\"5600\" data-immersive-translate-walked=\"d031e606-b67d-4f5f-96db-1fa1e624d354\"><strong data-start=\"5585\" data-end=\"5600\" data-immersive-translate-walked=\"d031e606-b67d-4f5f-96db-1fa1e624d354\" data-immersive-translate-paragraph=\"1\">Schlussfolgerung:<\/strong><\/h3>\n<p data-start=\"5602\" data-end=\"5937\" data-immersive-translate-walked=\"d031e606-b67d-4f5f-96db-1fa1e624d354\" data-immersive-translate-paragraph=\"1\">Die vertikale Ballenpresse f\u00fcr feste Abf\u00e4lle ist eine intelligente, platzsparende und kosteng\u00fcnstige L\u00f6sung f\u00fcr jedes Unternehmen, das seine Abfallmanagementstrategie verbessern m\u00f6chte. Durch die Reduzierung des Abfallvolumens, die Senkung der Entsorgungskosten und die Verbesserung der Recyclingprozesse tr\u00e4gt diese Ballenpresse direkt zu Ihrem Endergebnis bei und unterst\u00fctzt gleichzeitig Ihre Nachhaltigkeitsziele.<\/p>\n<p data-start=\"5939\" data-end=\"6181\" data-immersive-translate-walked=\"d031e606-b67d-4f5f-96db-1fa1e624d354\" data-immersive-translate-paragraph=\"1\">Ganz gleich, ob Sie ein Einzelh\u00e4ndler sind, der mit Verpackungsabf\u00e4llen zu tun hat, ein Hersteller, der Produktionsabf\u00e4lle verwaltet, oder eine Gewerbeimmobilie, die ihre Anlage sauber und effizient halten will - diese Ballenpresse bietet die Flexibilit\u00e4t, Sicherheit und Leistung, die Sie brauchen.<\/p>\n<p data-start=\"6183\" data-end=\"6331\" data-immersive-translate-walked=\"d031e606-b67d-4f5f-96db-1fa1e624d354\" data-immersive-translate-paragraph=\"1\">Investieren Sie noch heute in die Vertikale Abfallpresse, um Ihr Abfallmanagement in einen rationellen, umweltfreundlichen Betrieb zu verwandeln.<\/p>","protected":false},"excerpt":{"rendered":"<p>Die vertikale Abfallpresse ist eine kompakte und leistungsstarke L\u00f6sung f\u00fcr die Verdichtung von Kartonagen, Kunststoffen, Verpackungen und anderen trockenen festen Abf\u00e4llen. Ihre vertikale Bauweise spart Platz und bietet gleichzeitig eine hohe Verdichtungseffizienz, wodurch sie sich ideal f\u00fcr den Einzelhandel, die Lagerhaltung, die Fertigung und gewerbliche Einrichtungen eignet. Diese Ballenpresse hilft, das Abfallvolumen zu reduzieren, die Entsorgungskosten zu senken und Recyclinginitiativen zu unterst\u00fctzen. Sie ist benutzerfreundlich und wartungsarm, l\u00e4sst sich leicht in bestehende Arbeitsabl\u00e4ufe integrieren und f\u00f6rdert eine saubere, organisierte Arbeitsumgebung. Eine ausgezeichnete Wahl f\u00fcr Unternehmen, die ein nachhaltiges Abfallmanagement anstreben, ohne dabei Kompromisse bei der Betriebsfl\u00e4che oder dem Budget einzugehen.<\/p>","protected":false},"featured_media":1947,"template":"","meta":{"site-sidebar-layout":"default","site-content-layout":"","ast-site-content-layout":"default","site-content-style":"default","site-sidebar-style":"default","ast-global-header-display":"","ast-banner-title-visibility":"","ast-main-header-display":"","ast-hfb-above-header-display":"","ast-hfb-below-header-display":"","ast-hfb-mobile-header-display":"","site-post-title":"","ast-breadcrumbs-content":"","ast-featured-img":"","footer-sml-layout":"","ast-disable-related-posts":"","theme-transparent-header-meta":"default","adv-header-id-meta":"","stick-header-meta":"","header-above-stick-meta":"","header-main-stick-meta":"","header-below-stick-meta":"","astra-migrate-meta-layouts":"set","ast-page-background-enabled":"default","ast-page-background-meta":{"desktop":{"background-color":"var(--ast-global-color-5)","background-image":"","background-repeat":"repeat","background-position":"center center","background-size":"auto","background-attachment":"scroll","background-type":"","background-media":"","overlay-type":"","overlay-color":"","overlay-opacity":"","overlay-gradient":""},"tablet":{"background-color":"","background-image":"","background-repeat":"repeat","background-position":"center center","background-size":"auto","background-attachment":"scroll","background-type":"","background-media":"","overlay-type":"","overlay-color":"","overlay-opacity":"","overlay-gradient":""},"mobile":{"background-color":"","background-image":"","background-repeat":"repeat","background-position":"center center","background-size":"auto","background-attachment":"scroll","background-type":"","background-media":"","overlay-type":"","overlay-color":"","overlay-opacity":"","overlay-gradient":""}},"ast-content-background-meta":{"desktop":{"background-color":"var(--ast-global-color-4)","background-image":"","background-repeat":"repeat","background-position":"center center","background-size":"auto","background-attachment":"scroll","background-type":"","background-media":"","overlay-type":"","overlay-color":"","overlay-opacity":"","overlay-gradient":""},"tablet":{"background-color":"var(--ast-global-color-4)","background-image":"","background-repeat":"repeat","background-position":"center center","background-size":"auto","background-attachment":"scroll","background-type":"","background-media":"","overlay-type":"","overlay-color":"","overlay-opacity":"","overlay-gradient":""},"mobile":{"background-color":"var(--ast-global-color-4)","background-image":"","background-repeat":"repeat","background-position":"center center","background-size":"auto","background-attachment":"scroll","background-type":"","background-media":"","overlay-type":"","overlay-color":"","overlay-opacity":"","overlay-gradient":""}}},"product_brand":[],"product_cat":[21,152],"product_tag":[],"class_list":{"0":"post-1994","1":"product","2":"type-product","3":"status-publish","4":"has-post-thumbnail","6":"product_cat-baling-machine","7":"product_cat-vertical-baler","8":"desktop-align-left","9":"tablet-align-left","10":"mobile-align-left","12":"first","13":"instock","14":"shipping-taxable","15":"product-type-simple"},"_links":{"self":[{"href":"https:\/\/www.gigapa.com\/de\/wp-json\/wp\/v2\/product\/1994","targetHints":{"allow":["GET"]}}],"collection":[{"href":"https:\/\/www.gigapa.com\/de\/wp-json\/wp\/v2\/product"}],"about":[{"href":"https:\/\/www.gigapa.com\/de\/wp-json\/wp\/v2\/types\/product"}],"version-history":[{"count":2,"href":"https:\/\/www.gigapa.com\/de\/wp-json\/wp\/v2\/product\/1994\/revisions"}],"predecessor-version":[{"id":2137,"href":"https:\/\/www.gigapa.com\/de\/wp-json\/wp\/v2\/product\/1994\/revisions\/2137"}],"wp:featuredmedia":[{"embeddable":true,"href":"https:\/\/www.gigapa.com\/de\/wp-json\/wp\/v2\/media\/1947"}],"wp:attachment":[{"href":"https:\/\/www.gigapa.com\/de\/wp-json\/wp\/v2\/media?parent=1994"}],"wp:term":[{"taxonomy":"product_brand","embeddable":true,"href":"https:\/\/www.gigapa.com\/de\/wp-json\/wp\/v2\/product_brand?post=1994"},{"taxonomy":"product_cat","embeddable":true,"href":"https:\/\/www.gigapa.com\/de\/wp-json\/wp\/v2\/product_cat?post=1994"},{"taxonomy":"product_tag","embeddable":true,"href":"https:\/\/www.gigapa.com\/de\/wp-json\/wp\/v2\/product_tag?post=1994"}],"curies":[{"name":"wp","href":"https:\/\/api.w.org\/{rel}","templated":true}]}}