{"id":1996,"date":"2025-06-18T09:31:25","date_gmt":"2025-06-18T01:31:25","guid":{"rendered":"https:\/\/www.gigapa.com\/?post_type=product&#038;p=1996"},"modified":"2025-10-13T09:16:04","modified_gmt":"2025-10-13T01:16:04","slug":"single-shaft-shredder-flat-pushing","status":"publish","type":"product","link":"https:\/\/www.gigapa.com\/de\/product\/single-shaft-shredder-flat-pushing\/","title":{"rendered":"Einwellenzerkleinerer (Flachschieber)"},"content":{"rendered":"<h3 data-start=\"323\" data-end=\"347\" data-immersive-translate-walked=\"c66c6190-f640-4ac3-b4c5-9c62bdc808a8\"><strong data-start=\"323\" data-end=\"347\" data-immersive-translate-walked=\"c66c6190-f640-4ac3-b4c5-9c62bdc808a8\" data-immersive-translate-paragraph=\"1\">Beschreibung des Produkts:<\/strong><\/h3>\n<p data-start=\"349\" data-end=\"718\" data-immersive-translate-walked=\"c66c6190-f640-4ac3-b4c5-9c62bdc808a8\" data-immersive-translate-paragraph=\"1\">Der Einwellenzerkleinerer (Flachschieber) ist eine fortschrittliche L\u00f6sung f\u00fcr die Zerkleinerung von Industrieabf\u00e4llen, die f\u00fcr eine hocheffiziente Materialzerkleinerung in einer Vielzahl von Branchen entwickelt wurde. Dieser Zerkleinerer ist mit einem Flachschiebemechanismus ausgestattet, der eine gleichm\u00e4\u00dfige Materialzufuhr gew\u00e4hrleistet. Er wurde entwickelt, um sperriges, dichtes oder unregelm\u00e4\u00dfiges Abfallmaterial mit h\u00f6chster Pr\u00e4zision und Zuverl\u00e4ssigkeit zu verarbeiten.<\/p>\n<p data-start=\"720\" data-end=\"1141\" data-immersive-translate-walked=\"c66c6190-f640-4ac3-b4c5-9c62bdc808a8\" data-immersive-translate-paragraph=\"1\">In der modernen Fertigung, im Recycling und in der Abfallwirtschaft ist eine effektive Zerkleinerung unerl\u00e4sslich, um die Weiterverarbeitung zu verbessern, die Entsorgungskosten zu senken und einen nachhaltigen Betrieb zu erreichen. Ganz gleich, ob Sie mit Kunststoffabf\u00e4llen, Holzbl\u00f6cken, Textilresten, Gummiabf\u00e4llen oder Leichtmetallen zu tun haben, der Einwellenzerkleinerer (Flachschieber) bietet eine kompakte und dennoch leistungsstarke L\u00f6sung f\u00fcr Ihre Materialhandhabungsanforderungen.<\/p>\n<h3 data-start=\"1143\" data-end=\"1206\" data-immersive-translate-walked=\"c66c6190-f640-4ac3-b4c5-9c62bdc808a8\"><strong data-start=\"1143\" data-end=\"1206\" data-immersive-translate-walked=\"c66c6190-f640-4ac3-b4c5-9c62bdc808a8\" data-immersive-translate-paragraph=\"1\">Die wichtigsten Vorteile des Einwellenzerkleinerers (Flachschieber):<\/strong><\/h3>\n<p data-start=\"1208\" data-end=\"1640\" data-immersive-translate-walked=\"c66c6190-f640-4ac3-b4c5-9c62bdc808a8\" data-immersive-translate-paragraph=\"1\"><strong data-start=\"1208\" data-end=\"1257\" data-immersive-translate-walked=\"c66c6190-f640-4ac3-b4c5-9c62bdc808a8\" data-immersive-translate-paragraph=\"1\">1. Optimierte Beschickung mit Flachschiebesystem<\/strong><br data-start=\"1257\" data-end=\"1260\" data-immersive-translate-walked=\"c66c6190-f640-4ac3-b4c5-9c62bdc808a8\" \/>Das herausragende Merkmal dieses Modells ist sein Flachschiebesystem. Im Gegensatz zu Schwerkraft- oder Rotationszuf\u00fchrungssystemen sorgt das Flachschiebesystem f\u00fcr einen gleichm\u00e4\u00dfigen Druck in der Zuf\u00fchrkammer. Dies erm\u00f6glicht einen gleichm\u00e4\u00dfigeren und kontrollierteren Materialeinzug, insbesondere bei ungleichm\u00e4\u00dfigen, sperrigen oder schwer zu greifenden Materialien. Das Ergebnis ist ein kontinuierlicher Zerkleinerungsfluss mit minimalen Materialstaus und Unterbrechungen.<\/p>\n<p data-start=\"1642\" data-end=\"2053\" data-immersive-translate-walked=\"c66c6190-f640-4ac3-b4c5-9c62bdc808a8\" data-immersive-translate-paragraph=\"1\"><strong data-start=\"1642\" data-end=\"1673\" data-immersive-translate-walked=\"c66c6190-f640-4ac3-b4c5-9c62bdc808a8\" data-immersive-translate-paragraph=\"1\">2. Vielseitige Abfallbehandlung<\/strong><br data-start=\"1673\" data-end=\"1676\" data-immersive-translate-walked=\"c66c6190-f640-4ac3-b4c5-9c62bdc808a8\" \/>Der Einwellenzerkleinerer (Flachschieber) ist eine Mehrzweckmaschine, die ein breites Spektrum von Materialien verarbeiten kann. Ob Sie mit Hartkunststoffen, Weichfolien, dickem Gummi, Verpackungsabf\u00e4llen, Textilien oder sogar Elektronikschrott arbeiten, dieser Zerkleinerer passt sich Ihren Bed\u00fcrfnissen an. Er eignet sich besonders f\u00fcr die Vorverarbeitung von Abf\u00e4llen vor der Granulierung, Verbrennung oder dem Recycling.<\/p>\n<p data-start=\"2055\" data-end=\"2411\" data-immersive-translate-walked=\"c66c6190-f640-4ac3-b4c5-9c62bdc808a8\" data-immersive-translate-paragraph=\"1\"><strong data-start=\"2055\" data-end=\"2094\" data-immersive-translate-walked=\"c66c6190-f640-4ac3-b4c5-9c62bdc808a8\" data-immersive-translate-paragraph=\"1\">3. Hervorragende Materialzerkleinerung<\/strong><br data-start=\"2094\" data-end=\"2097\" data-immersive-translate-walked=\"c66c6190-f640-4ac3-b4c5-9c62bdc808a8\" \/>Dieser Zerkleinerer ist in der Lage, gro\u00dfe, unhandliche Gegenst\u00e4nde in gleichm\u00e4\u00dfige Fragmente zu verwandeln, was die Effizienz weiterer Verarbeitungsschritte wie Sortierung, Verdichtung oder Extrusion erh\u00f6ht. Die gleichm\u00e4\u00dfige Partikelgr\u00f6\u00dfe, die mit dieser Maschine erreicht wird, tr\u00e4gt zu einem h\u00f6herwertigen Recycling-Output und einer verbesserten logistischen Abwicklung bei.<\/p>\n<p data-start=\"2413\" data-end=\"2778\" data-immersive-translate-walked=\"c66c6190-f640-4ac3-b4c5-9c62bdc808a8\" data-immersive-translate-paragraph=\"1\"><strong data-start=\"2413\" data-end=\"2463\" data-immersive-translate-walked=\"c66c6190-f640-4ac3-b4c5-9c62bdc808a8\" data-immersive-translate-paragraph=\"1\">4. Langlebigkeit und Zuverl\u00e4ssigkeit auf Industrie-Niveau<\/strong><br data-start=\"2463\" data-end=\"2466\" data-immersive-translate-walked=\"c66c6190-f640-4ac3-b4c5-9c62bdc808a8\" \/>Der Einwellenzerkleinerer ist f\u00fcr anspruchsvolle industrielle Umgebungen gebaut. Seine robuste Konstruktion und die verschlei\u00dffesten Komponenten sorgen f\u00fcr eine lange Lebensdauer auch im Dauereinsatz. Mit seinem hochbelastbaren Rotor und den Hochleistungsmessern h\u00e4lt dieser Zerkleinerer abrasiven Materialien und rauen Betriebsbedingungen stand.<\/p>\n<p data-start=\"2780\" data-end=\"3158\" data-immersive-translate-walked=\"c66c6190-f640-4ac3-b4c5-9c62bdc808a8\" data-immersive-translate-paragraph=\"1\"><strong data-start=\"2780\" data-end=\"2823\" data-immersive-translate-walked=\"c66c6190-f640-4ac3-b4c5-9c62bdc808a8\" data-immersive-translate-paragraph=\"1\">5. Automatisierungsf\u00e4hig und wartungsarm<\/strong><br data-start=\"2823\" data-end=\"2826\" data-immersive-translate-walked=\"c66c6190-f640-4ac3-b4c5-9c62bdc808a8\" \/>Mit intelligenten Konstruktionsmerkmalen wie automatischer Schiebesteuerung, R\u00fcckw\u00e4rtsdrehung zur Vermeidung von Staus und leicht zug\u00e4nglichen Wartungspunkten bietet die Maschine eine hohe Betriebszeit und einen geringeren Bedarf an manueller Arbeit. Die Flachschiebeplatte wird mit Pr\u00e4zision gesteuert, um den Durchsatz zu maximieren und gleichzeitig die internen Komponenten zu sch\u00fctzen.<\/p>\n<p data-start=\"3160\" data-end=\"3536\" data-immersive-translate-walked=\"c66c6190-f640-4ac3-b4c5-9c62bdc808a8\" data-immersive-translate-paragraph=\"1\"><strong data-start=\"3160\" data-end=\"3217\" data-immersive-translate-walked=\"c66c6190-f640-4ac3-b4c5-9c62bdc808a8\" data-immersive-translate-paragraph=\"1\">6. L\u00e4rm- und Staubkontrolle f\u00fcr eine sicherere Arbeitsumgebung<\/strong><br data-start=\"3217\" data-end=\"3220\" data-immersive-translate-walked=\"c66c6190-f640-4ac3-b4c5-9c62bdc808a8\" \/>Industrielle Zerkleinerung kann laut und staubig sein und einen unangenehmen oder gef\u00e4hrlichen Arbeitsplatz schaffen. Der Einwellenzerkleinerer (Flachschieber) begegnet diesem Problem mit isolierten Geh\u00e4usen, kontrollierten Vorschubgeschwindigkeiten und staubbegrenzenden Konstruktionsmerkmalen. Dadurch eignet er sich besser f\u00fcr den Einsatz in Fabrikhallen oder in der N\u00e4he von Arbeitsbereichen f\u00fcr Mitarbeiter.<\/p>\n<p data-start=\"3538\" data-end=\"3872\" data-immersive-translate-walked=\"c66c6190-f640-4ac3-b4c5-9c62bdc808a8\" data-immersive-translate-paragraph=\"1\"><strong data-start=\"3538\" data-end=\"3582\" data-immersive-translate-walked=\"c66c6190-f640-4ac3-b4c5-9c62bdc808a8\" data-immersive-translate-paragraph=\"1\">7. Platzsparend und leicht zu integrieren<\/strong><br data-start=\"3582\" data-end=\"3585\" data-immersive-translate-walked=\"c66c6190-f640-4ac3-b4c5-9c62bdc808a8\" \/>Dank ihrer kompakten Stellfl\u00e4che und der vertikalen Schubkonstruktion spart die Maschine Platz und f\u00fcgt sich nahtlos in bestehende Produktionslinien oder Recyclingsysteme ein. Sie kann mit F\u00f6rderb\u00e4ndern, Ballenpressen, Schneidm\u00fchlen oder Lagersilos integriert werden, je nach den Anforderungen Ihres Betriebs.<\/p>\n<p data-start=\"3874\" data-end=\"4279\" data-immersive-translate-walked=\"c66c6190-f640-4ac3-b4c5-9c62bdc808a8\" data-immersive-translate-paragraph=\"1\"><strong data-start=\"3874\" data-end=\"3925\" data-immersive-translate-walked=\"c66c6190-f640-4ac3-b4c5-9c62bdc808a8\" data-immersive-translate-paragraph=\"1\">8. Energieeffizienz und Umweltvorteile<\/strong><br data-start=\"3925\" data-end=\"3928\" data-immersive-translate-walked=\"c66c6190-f640-4ac3-b4c5-9c62bdc808a8\" \/>Eine effiziente Abfallzerkleinerung senkt nicht nur die Entsorgungskosten, sondern tr\u00e4gt auch zu einer nachhaltigeren industriellen Praxis bei. Durch die Reduzierung des Abfallvolumens an der Quelle tr\u00e4gt dieser Zerkleinerer dazu bei, den Kraftstoffverbrauch beim Transport zu senken und die Recyclingquoten zu verbessern. Sein energieeffizienter Betrieb bedeutet im Laufe der Zeit einen geringeren Stromverbrauch, was den Zielen einer umweltfreundlichen Produktion entgegenkommt.<\/p>\n<h3 data-start=\"4281\" data-end=\"4305\" data-immersive-translate-walked=\"c66c6190-f640-4ac3-b4c5-9c62bdc808a8\"><strong data-start=\"4281\" data-end=\"4305\" data-immersive-translate-walked=\"c66c6190-f640-4ac3-b4c5-9c62bdc808a8\" data-immersive-translate-paragraph=\"1\">Gemeinsame Anwendungen:<\/strong><\/h3>\n<ul>\n<li data-start=\"4309\" data-end=\"4423\" data-immersive-translate-walked=\"c66c6190-f640-4ac3-b4c5-9c62bdc808a8\" data-immersive-translate-paragraph=\"1\"><strong data-start=\"4309\" data-end=\"4329\" data-immersive-translate-walked=\"c66c6190-f640-4ac3-b4c5-9c62bdc808a8\">Kunststoffindustrie<\/strong>: Vorzerkleinerung von Spritzgie\u00dfkan\u00e4len, Kunststoffplatten, Flaschen, Folien und Beh\u00e4ltern.<\/li>\n<li data-start=\"4426\" data-end=\"4525\" data-immersive-translate-walked=\"c66c6190-f640-4ac3-b4c5-9c62bdc808a8\" data-immersive-translate-paragraph=\"1\"><strong data-start=\"4426\" data-end=\"4445\" data-immersive-translate-walked=\"c66c6190-f640-4ac3-b4c5-9c62bdc808a8\">Holzverarbeitung<\/strong>: Zerkleinerung von Holzabf\u00e4llen, Paletten, Faserplatten und Verpackungsmaterial aus Holz.<\/li>\n<li data-start=\"4528\" data-end=\"4625\" data-immersive-translate-walked=\"c66c6190-f640-4ac3-b4c5-9c62bdc808a8\" data-immersive-translate-paragraph=\"1\"><strong data-start=\"4528\" data-end=\"4551\" data-immersive-translate-walked=\"c66c6190-f640-4ac3-b4c5-9c62bdc808a8\">Textil- und Bekleidungsindustrie<\/strong>: Umgang mit Stoffresten, Altkleidern, Vliesstoffabf\u00e4llen und Textilrollen.<\/li>\n<li data-start=\"4628\" data-end=\"4731\" data-immersive-translate-walked=\"c66c6190-f640-4ac3-b4c5-9c62bdc808a8\" data-immersive-translate-paragraph=\"1\"><strong data-start=\"4628\" data-end=\"4647\" data-immersive-translate-walked=\"c66c6190-f640-4ac3-b4c5-9c62bdc808a8\">Gummi und Schaumstoff<\/strong>: Reduktion von Reifensplittern, Gummidichtungen, Isolierschaum und Polstermaterial.<\/li>\n<li data-start=\"4734\" data-end=\"4829\" data-immersive-translate-walked=\"c66c6190-f640-4ac3-b4c5-9c62bdc808a8\" data-immersive-translate-paragraph=\"1\"><strong data-start=\"4734\" data-end=\"4764\" data-immersive-translate-walked=\"c66c6190-f640-4ac3-b4c5-9c62bdc808a8\">Elektronikschrott (E-Schrott)<\/strong>: Verarbeitung von Tastaturen, Kabeln, Geh\u00e4usen und kleiner Elektronik.<\/li>\n<li data-start=\"4832\" data-end=\"4931\" data-immersive-translate-walked=\"c66c6190-f640-4ac3-b4c5-9c62bdc808a8\" data-immersive-translate-paragraph=\"1\"><strong data-start=\"4832\" data-end=\"4860\" data-immersive-translate-walked=\"c66c6190-f640-4ac3-b4c5-9c62bdc808a8\">Allgemeine Industrieabf\u00e4lle<\/strong>: Gemischte Produktionsabf\u00e4lle, Verpackungsabf\u00e4lle und defekte Produkte.<\/li>\n<\/ul>\n<h3 data-start=\"4933\" data-end=\"4971\" data-immersive-translate-walked=\"c66c6190-f640-4ac3-b4c5-9c62bdc808a8\"><strong data-start=\"4933\" data-end=\"4971\" data-immersive-translate-walked=\"c66c6190-f640-4ac3-b4c5-9c62bdc808a8\" data-immersive-translate-paragraph=\"1\">Warum das Flat-Pushing-Modell?<\/strong><\/h3>\n<p data-start=\"4973\" data-end=\"5375\" data-immersive-translate-walked=\"c66c6190-f640-4ac3-b4c5-9c62bdc808a8\" data-immersive-translate-paragraph=\"1\">Der flache Schiebemechanismus verleiht diesem Zerkleinerer einen Vorteil in Bezug auf die Konsistenz der Verarbeitung und die Anpassungsf\u00e4higkeit des Materials. W\u00e4hrend herk\u00f6mmliche Zerkleinerer mit \u00fcbergro\u00dfen oder ung\u00fcnstig geformten Abf\u00e4llen zu k\u00e4mpfen haben, sorgt der flache Schiebemechanismus daf\u00fcr, dass die Materialien direkt und gleichm\u00e4\u00dfig auf den Schneidrotor gedr\u00fcckt werden. Dies verbessert nicht nur die Durchsatzleistung, sondern auch die Qualit\u00e4t und Vorhersagbarkeit des Zerkleinerungsergebnisses.<\/p>\n<p data-start=\"5377\" data-end=\"5705\" data-immersive-translate-walked=\"c66c6190-f640-4ac3-b4c5-9c62bdc808a8\" data-immersive-translate-paragraph=\"1\">Dar\u00fcber hinaus minimiert die Konstruktion die Leerlaufzeiten zwischen den Zerkleinerungszyklen, da der Schieber in st\u00e4ndigem Kontakt mit dem Materialbett bleibt. Dies f\u00fchrt zu einer h\u00f6heren Verarbeitungseffizienz und geringeren Betriebskosten. Die Wartung wird durch leicht austauschbare Schneidwerkzeuge und intuitiv zug\u00e4ngliche Paneele f\u00fcr Reinigung und Einstellungen vereinfacht.<\/p>\n<h3 data-start=\"5707\" data-end=\"5722\" data-immersive-translate-walked=\"c66c6190-f640-4ac3-b4c5-9c62bdc808a8\"><strong data-start=\"5707\" data-end=\"5722\" data-immersive-translate-walked=\"c66c6190-f640-4ac3-b4c5-9c62bdc808a8\" data-immersive-translate-paragraph=\"1\">Schlussfolgerung:<\/strong><\/h3>\n<p data-start=\"5724\" data-end=\"6119\" data-immersive-translate-walked=\"c66c6190-f640-4ac3-b4c5-9c62bdc808a8\" data-immersive-translate-paragraph=\"1\">Der Einwellenzerkleinerer (Flachschieber) ist eine professionelle Maschine zur Abfallreduzierung, die sich durch konstante Leistung, hervorragende Vielseitigkeit und au\u00dfergew\u00f6hnliche Zuverl\u00e4ssigkeit auszeichnet. Er eignet sich f\u00fcr eine Vielzahl von Branchen - von Kunststoffen und Verpackungen bis hin zu Textilien und Elektroschrott - und ist eine kluge Investition f\u00fcr Unternehmen, die ein effizientes, kosteng\u00fcnstiges und umweltfreundliches Abfallmanagement anstreben.<\/p>\n<p data-start=\"6121\" data-end=\"6368\" data-immersive-translate-walked=\"c66c6190-f640-4ac3-b4c5-9c62bdc808a8\" data-immersive-translate-paragraph=\"1\">Die Kombination aus einem flachen Einzugssystem, einer robusten Konstruktion und einer automatisierbaren Steuerung macht ihn ideal f\u00fcr Unternehmen, die ihre Zerkleinerungskapazit\u00e4t erh\u00f6hen und die Zerkleinerung in umfassendere Recycling- oder Produktionsprozesse integrieren m\u00f6chten.<\/p>\n<p data-start=\"6370\" data-end=\"6569\" data-immersive-translate-walked=\"c66c6190-f640-4ac3-b4c5-9c62bdc808a8\" data-immersive-translate-paragraph=\"1\">Ganz gleich, ob Sie Ihr Abfallverarbeitungssystem aufr\u00fcsten oder eine neue Verarbeitungslinie bauen, der Einwellenzerkleinerer (Flachschieber) bietet die St\u00e4rke, Flexibilit\u00e4t und Pr\u00e4zision, die Ihr Betrieb erfordert.<\/p>","protected":false},"excerpt":{"rendered":"<p>Der Einwellenzerkleinerer (Flachschieber) ist eine robuste und effiziente L\u00f6sung f\u00fcr die Verarbeitung eines breiten Spektrums von Industrieabf\u00e4llen, einschlie\u00dflich Kunststoffen, Holz, Textilien und Gummi. Sein Flachschiebesystem gew\u00e4hrleistet eine gleichm\u00e4\u00dfige Materialzufuhr, minimiert Staus und sorgt f\u00fcr eine gleichm\u00e4\u00dfige Zerkleinerung. Dieser auf Langlebigkeit und Dauerbetrieb ausgelegte Zerkleinerer ist ideal f\u00fcr Recyclinganlagen, Fertigungsbetriebe und Abfallbehandlungszentren. Mit seiner kompakten Stellfl\u00e4che und dem wartungsarmen Design f\u00fcgt er sich nahtlos in bestehende Arbeitsabl\u00e4ufe ein und unterst\u00fctzt ein nachhaltiges, kosteng\u00fcnstiges Abfallmanagement.<\/p>","protected":false},"featured_media":1946,"template":"","meta":{"site-sidebar-layout":"default","site-content-layout":"","ast-site-content-layout":"default","site-content-style":"default","site-sidebar-style":"default","ast-global-header-display":"","ast-banner-title-visibility":"","ast-main-header-display":"","ast-hfb-above-header-display":"","ast-hfb-below-header-display":"","ast-hfb-mobile-header-display":"","site-post-title":"","ast-breadcrumbs-content":"","ast-featured-img":"","footer-sml-layout":"","ast-disable-related-posts":"","theme-transparent-header-meta":"default","adv-header-id-meta":"","stick-header-meta":"","header-above-stick-meta":"","header-main-stick-meta":"","header-below-stick-meta":"","astra-migrate-meta-layouts":"set","ast-page-background-enabled":"default","ast-page-background-meta":{"desktop":{"background-color":"var(--ast-global-color-5)","background-image":"","background-repeat":"repeat","background-position":"center center","background-size":"auto","background-attachment":"scroll","background-type":"","background-media":"","overlay-type":"","overlay-color":"","overlay-opacity":"","overlay-gradient":""},"tablet":{"background-color":"","background-image":"","background-repeat":"repeat","background-position":"center center","background-size":"auto","background-attachment":"scroll","background-type":"","background-media":"","overlay-type":"","overlay-color":"","overlay-opacity":"","overlay-gradient":""},"mobile":{"background-color":"","background-image":"","background-repeat":"repeat","background-position":"center center","background-size":"auto","background-attachment":"scroll","background-type":"","background-media":"","overlay-type":"","overlay-color":"","overlay-opacity":"","overlay-gradient":""}},"ast-content-background-meta":{"desktop":{"background-color":"var(--ast-global-color-4)","background-image":"","background-repeat":"repeat","background-position":"center center","background-size":"auto","background-attachment":"scroll","background-type":"","background-media":"","overlay-type":"","overlay-color":"","overlay-opacity":"","overlay-gradient":""},"tablet":{"background-color":"var(--ast-global-color-4)","background-image":"","background-repeat":"repeat","background-position":"center center","background-size":"auto","background-attachment":"scroll","background-type":"","background-media":"","overlay-type":"","overlay-color":"","overlay-opacity":"","overlay-gradient":""},"mobile":{"background-color":"var(--ast-global-color-4)","background-image":"","background-repeat":"repeat","background-position":"center center","background-size":"auto","background-attachment":"scroll","background-type":"","background-media":"","overlay-type":"","overlay-color":"","overlay-opacity":"","overlay-gradient":""}}},"product_brand":[],"product_cat":[20,148],"product_tag":[127,138,137],"class_list":{"0":"post-1996","1":"product","2":"type-product","3":"status-publish","4":"has-post-thumbnail","6":"product_cat-shredding-and-crushing-machine","7":"product_cat-single-shaft-shredder","8":"product_tag-animal-carcass-shredder","9":"product_tag-fabric-shredder","10":"product_tag-plastic-shredder","11":"desktop-align-left","12":"tablet-align-left","13":"mobile-align-left","15":"first","16":"instock","17":"shipping-taxable","18":"product-type-simple"},"_links":{"self":[{"href":"https:\/\/www.gigapa.com\/de\/wp-json\/wp\/v2\/product\/1996","targetHints":{"allow":["GET"]}}],"collection":[{"href":"https:\/\/www.gigapa.com\/de\/wp-json\/wp\/v2\/product"}],"about":[{"href":"https:\/\/www.gigapa.com\/de\/wp-json\/wp\/v2\/types\/product"}],"version-history":[{"count":2,"href":"https:\/\/www.gigapa.com\/de\/wp-json\/wp\/v2\/product\/1996\/revisions"}],"predecessor-version":[{"id":2136,"href":"https:\/\/www.gigapa.com\/de\/wp-json\/wp\/v2\/product\/1996\/revisions\/2136"}],"wp:featuredmedia":[{"embeddable":true,"href":"https:\/\/www.gigapa.com\/de\/wp-json\/wp\/v2\/media\/1946"}],"wp:attachment":[{"href":"https:\/\/www.gigapa.com\/de\/wp-json\/wp\/v2\/media?parent=1996"}],"wp:term":[{"taxonomy":"product_brand","embeddable":true,"href":"https:\/\/www.gigapa.com\/de\/wp-json\/wp\/v2\/product_brand?post=1996"},{"taxonomy":"product_cat","embeddable":true,"href":"https:\/\/www.gigapa.com\/de\/wp-json\/wp\/v2\/product_cat?post=1996"},{"taxonomy":"product_tag","embeddable":true,"href":"https:\/\/www.gigapa.com\/de\/wp-json\/wp\/v2\/product_tag?post=1996"}],"curies":[{"name":"wp","href":"https:\/\/api.w.org\/{rel}","templated":true}]}}