{"id":1998,"date":"2025-06-18T09:28:09","date_gmt":"2025-06-18T01:28:09","guid":{"rendered":"https:\/\/www.gigapa.com\/?post_type=product&#038;p=1998"},"modified":"2025-10-13T09:16:13","modified_gmt":"2025-10-13T01:16:13","slug":"medical-waste-single-shaft-shredder","status":"publish","type":"product","link":"https:\/\/www.gigapa.com\/de\/product\/medical-waste-single-shaft-shredder\/","title":{"rendered":"Zerkleinerer f\u00fcr medizinische Abf\u00e4lle mit einer Welle"},"content":{"rendered":"<h3 data-start=\"373\" data-end=\"397\"><strong data-start=\"373\" data-end=\"397\">Beschreibung des Produkts:<\/strong><\/h3>\n<p data-start=\"399\" data-end=\"793\">Der Einwellenzerkleinerer f\u00fcr medizinische Abf\u00e4lle ist eine hocheffektive L\u00f6sung, die auf die besonderen Herausforderungen des Sonderm\u00fcllmanagements im Gesundheitswesen und in der medizinischen Industrie zugeschnitten ist. Dieser auf Langlebigkeit, Pr\u00e4zision und Hygiene ausgelegte Zerkleinerer spielt eine entscheidende Rolle bei der Reduzierung des Volumens infekti\u00f6ser Abf\u00e4lle, erleichtert die sichere Entsorgung und gew\u00e4hrleistet die Einhaltung strenger gesetzlicher Vorschriften.<\/p>\n<p data-start=\"795\" data-end=\"1337\">Medizinische Abf\u00e4lle sind einer der komplexesten und sensibelsten Abfallstr\u00f6me, die in Krankenh\u00e4usern, Kliniken, Labors und pharmazeutischen Einrichtungen anfallen. Er umfasst eine breite Palette gef\u00e4hrlicher Materialien wie Spritzen, Skalpelle, kontaminierte Mullbinden, Kunststoffverpackungen, abgelaufene Medikamente und andere biologisch kontaminierte Abf\u00e4lle. Der unsachgem\u00e4\u00dfe Umgang mit solchen Abf\u00e4llen birgt ernsthafte Risiken f\u00fcr die \u00f6ffentliche Gesundheit, die Mitarbeiter von Sanit\u00e4reinrichtungen und die Umwelt. Deshalb ist eine zuverl\u00e4ssige und gesetzeskonforme Zerkleinerung ein wichtiger erster Schritt im Prozess der Behandlung medizinischer Abf\u00e4lle.<\/p>\n<p data-start=\"1339\" data-end=\"1675\">Der Einwellenzerkleinerer ist speziell f\u00fcr diese kritischen Anforderungen konzipiert. Im Gegensatz zu herk\u00f6mmlichen Zerkleinerungssystemen, die mit uneinheitlichem Aufgabematerial zu k\u00e4mpfen haben oder einen hohen Wartungsaufwand erfordern, bietet diese Maschine einen robusten und rationellen Zerkleinerungsprozess, der f\u00fcr den Dauerbetrieb in anspruchsvollen Umgebungen geeignet ist.<\/p>\n<h3 data-start=\"1677\" data-end=\"1737\"><strong data-start=\"1677\" data-end=\"1737\">Die wichtigsten Vorteile des Einwellenzerkleinerers f\u00fcr medizinische Abf\u00e4lle:<\/strong><\/h3>\n<p data-start=\"1739\" data-end=\"2231\"><strong data-start=\"1739\" data-end=\"1773\">1. Erh\u00f6hte Sicherheit und Hygiene<\/strong><br data-start=\"1773\" data-end=\"1776\" \/>Sicherheit hat beim Umgang mit infekti\u00f6sen medizinischen Abf\u00e4llen oberste Priorit\u00e4t. Der Zerkleinerer verf\u00fcgt \u00fcber eine vollst\u00e4ndig geschlossene Zerkleinerungskammer und ein Design, das den direkten Kontakt von Menschen mit gef\u00e4hrlichen Materialien minimiert. Sein automatisches Beschickungs- und Entladesystem reduziert den Bedarf an manueller Handhabung, wodurch das Verletzungs- und Kontaminationsrisiko erheblich gesenkt wird. Auslaufsichere Dichtungsstrukturen und leicht zu reinigende Oberfl\u00e4chen tragen dazu bei, dass w\u00e4hrend des gesamten Betriebs ein hohes Ma\u00df an Hygiene gew\u00e4hrleistet ist.<\/p>\n<p data-start=\"2233\" data-end=\"2624\"><strong data-start=\"2233\" data-end=\"2266\">2. Effiziente Volumenreduzierung<\/strong><br data-start=\"2266\" data-end=\"2269\" \/>Der Hauptzweck der Zerkleinerung medizinischer Abf\u00e4lle besteht darin, ihr Volumen vor den nachfolgenden Behandlungsschritten wie Autoklavieren, Verbrennung oder chemische Desinfektion zu reduzieren. Der Einwellenzerkleinerer f\u00fcr medizinische Abf\u00e4lle eignet sich hervorragend f\u00fcr die Zerkleinerung von sperrigen Abf\u00e4llen in einheitliche, handhabbare St\u00fccke, wodurch die nachfolgende Verarbeitung optimiert und die Lager- und Transportkosten drastisch gesenkt werden.<\/p>\n<p data-start=\"2626\" data-end=\"3099\"><strong data-start=\"2626\" data-end=\"2663\">3. Vielseitigkeit f\u00fcr alle Abfallarten<\/strong><br data-start=\"2663\" data-end=\"2666\" \/>Dieser Zerkleinerer kann eine Vielzahl von medizinischen Abf\u00e4llen verarbeiten - von weichen Kunststoffen und Verpackungen bis hin zu h\u00e4rteren Gegenst\u00e4nden wie Metallwerkzeugen und Glasbeh\u00e4ltern. Seine Ein-Wellen-Konstruktion gew\u00e4hrleistet eine gleichm\u00e4\u00dfige und kontrollierte Zerkleinerungsleistung und eignet sich daher ideal f\u00fcr gemischte Abfallmengen, ohne dass eine vorherige Sortierung erforderlich ist. Egal, ob es sich um rote Beutel, scharfe Gegenst\u00e4nde in Beh\u00e4ltern oder Einweg-PSA handelt, der Zerkleinerer bietet zuverl\u00e4ssige Leistung.<\/p>\n<p data-start=\"3101\" data-end=\"3548\"><strong data-start=\"3101\" data-end=\"3149\">4. Einhaltung von Umweltvorschriften<\/strong><br data-start=\"3149\" data-end=\"3152\" \/>Die ordnungsgem\u00e4\u00dfe Zerkleinerung medizinischer Abf\u00e4lle ist nicht nur eine Frage der betrieblichen Effizienz - sie ist in vielen L\u00e4ndern gesetzlich vorgeschrieben. Der Einwellenzerkleinerer f\u00fcr medizinische Abf\u00e4lle unterst\u00fctzt die vollst\u00e4ndige Einhaltung internationaler und lokaler Umwelt- und Gesundheitsvorschriften durch die zuverl\u00e4ssige Vernichtung von kontaminierten Materialien. Dies hilft Einrichtungen des Gesundheitswesens, ihre Lizenzen aufrechtzuerhalten und ihren guten Ruf zu sch\u00fctzen.<\/p>\n<p data-start=\"3550\" data-end=\"4054\"><strong data-start=\"3550\" data-end=\"3602\">5. Konzipiert f\u00fcr hohen Durchsatz und geringe Ausfallzeiten<\/strong><br data-start=\"3602\" data-end=\"3605\" \/>In einem gesch\u00e4ftigen Krankenhaus oder einer Klinik f\u00e4llt schnell viel Abfall an. Der Einwellenzerkleinerer f\u00fcr medizinische Abf\u00e4lle ist f\u00fcr die kontinuierliche Verarbeitung gro\u00dfer Mengen bei minimaler \u00dcberwachung ausgelegt. Das System ist mit automatischen Funktionen wie dem automatischen R\u00fccklauf ausgestattet, um Staus und Verstopfungen zu vermeiden. Die Wartungszug\u00e4nge sind strategisch positioniert, und verschlei\u00dffeste Komponenten reduzieren die H\u00e4ufigkeit von Wartungsarbeiten, was eine l\u00e4ngere Betriebszeit und weniger Betriebsunterbrechungen gew\u00e4hrleistet.<\/p>\n<p data-start=\"4056\" data-end=\"4574\"><strong data-start=\"4056\" data-end=\"4091\">6. Nachhaltige Abfallwirtschaft<\/strong><br data-start=\"4091\" data-end=\"4094\" \/>Nachhaltigkeit wird zu einem Kernprinzip der modernen Gesundheitsinfrastruktur. Durch die Einbeziehung der Zerkleinerung in den Abfallentsorgungsprozess k\u00f6nnen Einrichtungen die Abfallmenge, die auf M\u00fclldeponien landet, drastisch reduzieren. In einigen F\u00e4llen kann der zerkleinerte medizinische Abfall sogar inertisiert und als alternativer Brennstoff oder recyceltes Material wiederverwendet werden, je nach den \u00f6rtlichen Vorschriften. Der Einwellenzerkleinerer f\u00fcr medizinische Abf\u00e4lle tr\u00e4gt somit zu einem umweltbewussteren und kosteng\u00fcnstigeren Betrieb bei.<\/p>\n<p data-start=\"4576\" data-end=\"5088\"><strong data-start=\"4576\" data-end=\"4617\">7. Kompakter Platzbedarf, skalierbares Design<\/strong><br data-start=\"4617\" data-end=\"4620\" \/>Viele medizinische Einrichtungen haben nur begrenzten Platz f\u00fcr Abfallentsorgungsanlagen. Die kompakte Bauweise des Einwellenzerkleinerers f\u00fcr medizinische Abf\u00e4lle erm\u00f6glicht die Installation auch in beengten Umgebungen. F\u00fcr gro\u00dfe Krankenh\u00e4user oder zentralisierte Abfallbehandlungsanlagen k\u00f6nnen mehrere Einheiten konfiguriert werden, um hohe Kapazit\u00e4tsanforderungen zu erf\u00fcllen. Das System ist auch mit F\u00f6rderb\u00e4ndern, Beh\u00e4ltern und Sterilisationseinheiten kompatibel, was die Integration in bestehende Arbeitsabl\u00e4ufe einfach und effizient macht.<\/p>\n<p data-start=\"5090\" data-end=\"5498\"><strong data-start=\"5090\" data-end=\"5127\">8. Leiser und kontrollierter Betrieb<\/strong><br data-start=\"5127\" data-end=\"5130\" \/>Im Gegensatz zu gro\u00dfen Industriezerkleinerern, die laut und st\u00f6rend sein k\u00f6nnen, ist dieses Modell schallged\u00e4mmt und mit einem ger\u00e4uscharmen Motor ausgestattet. Dies macht ihn ideal f\u00fcr den Betrieb in sensiblen Umgebungen wie Krankenhaustrakten oder Laborbereichen. Die gleichm\u00e4\u00dfige Drehmomentabgabe der Einzelwelle sorgt f\u00fcr einen gleichm\u00e4\u00dfigen Schnitt ohne Vibrationen oder laute mechanische Beanspruchung.<\/p>\n<h3 data-start=\"5500\" data-end=\"5532\"><strong data-start=\"5500\" data-end=\"5532\">Ideale Anwendungsszenarien:<\/strong><\/h3>\n<ul>\n<li data-start=\"5536\" data-end=\"5580\">Allgemeine Krankenh\u00e4user und Notfallstationen<\/li>\n<li data-start=\"5583\" data-end=\"5627\">Spezialisierte Kliniken und ambulante Zentren<\/li>\n<li data-start=\"5630\" data-end=\"5654\">Pathologie-Laboratorien<\/li>\n<li data-start=\"5657\" data-end=\"5693\">Blutbanken und Testeinrichtungen<\/li>\n<li data-start=\"5696\" data-end=\"5726\">Pharmazeutische Hersteller<\/li>\n<li data-start=\"5729\" data-end=\"5773\">Zentralisierte Anlagen zur Behandlung medizinischer Abf\u00e4lle<\/li>\n<li data-start=\"5776\" data-end=\"5825\">Staatlich regulierte Abfallentsorgungsunternehmen<\/li>\n<\/ul>\n<h3 data-start=\"5827\" data-end=\"5842\"><strong data-start=\"5827\" data-end=\"5842\">Schlussfolgerung:<\/strong><\/h3>\n<p data-start=\"5844\" data-end=\"6208\">Der Einwellenzerkleinerer f\u00fcr medizinische Abf\u00e4lle ist ein unverzichtbares Werkzeug f\u00fcr jede Organisation, die ihren Abfallstrom im Gesundheitswesen sicherer, sauberer und effizienter verwalten m\u00f6chte. Mit dem Fokus auf Sicherheit, Leistung, Konformit\u00e4t und Nachhaltigkeit ist diese Maschine eine kluge Investition f\u00fcr die langfristigen Anforderungen moderner medizinischer Einrichtungen an das Abfallmanagement.<\/p>\n<p data-start=\"6210\" data-end=\"6558\">Ganz gleich, ob Sie Ihr Abfallentsorgungssystem aufr\u00fcsten oder eine neue Anlage einrichten, die Wahl der richtigen Zerkleinerungsanlage ist eine wichtige Entscheidung. Mit dem Einwellenzerkleinerer f\u00fcr medizinische Abf\u00e4lle erhalten Sie einen zuverl\u00e4ssigen Partner, der zum Schutz Ihrer Mitarbeiter, Patienten und der Umwelt beitr\u00e4gt und gleichzeitig Ihre Betriebsabl\u00e4ufe f\u00fcr maximale Effizienz rationalisiert.<\/p>","protected":false},"excerpt":{"rendered":"<p>Der Zerkleinerer f\u00fcr medizinische Abf\u00e4lle mit einer Welle bietet eine zuverl\u00e4ssige und hygienische L\u00f6sung f\u00fcr die Entsorgung gef\u00e4hrlicher medizinischer Abf\u00e4lle. Er wurde f\u00fcr Krankenh\u00e4user, Labore und Kliniken entwickelt und reduziert effektiv die Menge an kontaminierten Materialien wie Spritzen, Verpackungen und abgelaufene Medikamente. Durch die automatische Zuf\u00fchrung, den geringen Ger\u00e4uschpegel und die kompakte Bauweise gew\u00e4hrleistet dieser Shredder Sicherheit, Effizienz und die Einhaltung von Umweltvorschriften. Er unterst\u00fctzt ein nachhaltiges Abfallmanagement und l\u00e4sst sich problemlos in Sterilisations- oder Verbrennungsanlagen integrieren, was ihn zu einem unverzichtbaren Bestandteil der Abfallverarbeitungsprozesse in Gesundheitseinrichtungen macht.<\/p>","protected":false},"featured_media":1945,"template":"","meta":{"site-sidebar-layout":"default","site-content-layout":"","ast-site-content-layout":"default","site-content-style":"default","site-sidebar-style":"default","ast-global-header-display":"","ast-banner-title-visibility":"","ast-main-header-display":"","ast-hfb-above-header-display":"","ast-hfb-below-header-display":"","ast-hfb-mobile-header-display":"","site-post-title":"","ast-breadcrumbs-content":"","ast-featured-img":"","footer-sml-layout":"","ast-disable-related-posts":"","theme-transparent-header-meta":"default","adv-header-id-meta":"","stick-header-meta":"","header-above-stick-meta":"","header-main-stick-meta":"","header-below-stick-meta":"","astra-migrate-meta-layouts":"set","ast-page-background-enabled":"default","ast-page-background-meta":{"desktop":{"background-color":"var(--ast-global-color-5)","background-image":"","background-repeat":"repeat","background-position":"center center","background-size":"auto","background-attachment":"scroll","background-type":"","background-media":"","overlay-type":"","overlay-color":"","overlay-opacity":"","overlay-gradient":""},"tablet":{"background-color":"","background-image":"","background-repeat":"repeat","background-position":"center center","background-size":"auto","background-attachment":"scroll","background-type":"","background-media":"","overlay-type":"","overlay-color":"","overlay-opacity":"","overlay-gradient":""},"mobile":{"background-color":"","background-image":"","background-repeat":"repeat","background-position":"center center","background-size":"auto","background-attachment":"scroll","background-type":"","background-media":"","overlay-type":"","overlay-color":"","overlay-opacity":"","overlay-gradient":""}},"ast-content-background-meta":{"desktop":{"background-color":"var(--ast-global-color-4)","background-image":"","background-repeat":"repeat","background-position":"center center","background-size":"auto","background-attachment":"scroll","background-type":"","background-media":"","overlay-type":"","overlay-color":"","overlay-opacity":"","overlay-gradient":""},"tablet":{"background-color":"var(--ast-global-color-4)","background-image":"","background-repeat":"repeat","background-position":"center center","background-size":"auto","background-attachment":"scroll","background-type":"","background-media":"","overlay-type":"","overlay-color":"","overlay-opacity":"","overlay-gradient":""},"mobile":{"background-color":"var(--ast-global-color-4)","background-image":"","background-repeat":"repeat","background-position":"center center","background-size":"auto","background-attachment":"scroll","background-type":"","background-media":"","overlay-type":"","overlay-color":"","overlay-opacity":"","overlay-gradient":""}}},"product_brand":[],"product_cat":[20,148],"product_tag":[],"class_list":{"0":"post-1998","1":"product","2":"type-product","3":"status-publish","4":"has-post-thumbnail","6":"product_cat-shredding-and-crushing-machine","7":"product_cat-single-shaft-shredder","8":"desktop-align-left","9":"tablet-align-left","10":"mobile-align-left","12":"first","13":"instock","14":"shipping-taxable","15":"product-type-simple"},"_links":{"self":[{"href":"https:\/\/www.gigapa.com\/de\/wp-json\/wp\/v2\/product\/1998","targetHints":{"allow":["GET"]}}],"collection":[{"href":"https:\/\/www.gigapa.com\/de\/wp-json\/wp\/v2\/product"}],"about":[{"href":"https:\/\/www.gigapa.com\/de\/wp-json\/wp\/v2\/types\/product"}],"version-history":[{"count":2,"href":"https:\/\/www.gigapa.com\/de\/wp-json\/wp\/v2\/product\/1998\/revisions"}],"predecessor-version":[{"id":2135,"href":"https:\/\/www.gigapa.com\/de\/wp-json\/wp\/v2\/product\/1998\/revisions\/2135"}],"wp:featuredmedia":[{"embeddable":true,"href":"https:\/\/www.gigapa.com\/de\/wp-json\/wp\/v2\/media\/1945"}],"wp:attachment":[{"href":"https:\/\/www.gigapa.com\/de\/wp-json\/wp\/v2\/media?parent=1998"}],"wp:term":[{"taxonomy":"product_brand","embeddable":true,"href":"https:\/\/www.gigapa.com\/de\/wp-json\/wp\/v2\/product_brand?post=1998"},{"taxonomy":"product_cat","embeddable":true,"href":"https:\/\/www.gigapa.com\/de\/wp-json\/wp\/v2\/product_cat?post=1998"},{"taxonomy":"product_tag","embeddable":true,"href":"https:\/\/www.gigapa.com\/de\/wp-json\/wp\/v2\/product_tag?post=1998"}],"curies":[{"name":"wp","href":"https:\/\/api.w.org\/{rel}","templated":true}]}}