{"id":2002,"date":"2025-06-18T09:03:44","date_gmt":"2025-06-18T01:03:44","guid":{"rendered":"https:\/\/www.gigapa.com\/?post_type=product&#038;p=2002"},"modified":"2025-11-05T08:52:01","modified_gmt":"2025-11-05T00:52:01","slug":"fully-automatic-baler-for-textile-waste","status":"publish","type":"product","link":"https:\/\/www.gigapa.com\/de\/product\/fully-automatic-baler-for-textile-waste\/","title":{"rendered":"Halbautomatische Ballenpresse f\u00fcr Textilabf\u00e4lle"},"content":{"rendered":"<p data-start=\"213\" data-end=\"853\">In der sich schnell entwickelnden Textilindustrie von heute ist eine wirksame und nachhaltige Abfallbewirtschaftung zu einem wichtigen Anliegen geworden. Textilabf\u00e4lle k\u00f6nnen, wenn sie nicht ordnungsgem\u00e4\u00df behandelt werden, erheblich zur Umweltverschmutzung und zu erh\u00f6hten Betriebskosten beitragen. Die halbautomatische Ballenpresse f\u00fcr Textilabf\u00e4lle bietet eine fortschrittliche, zuverl\u00e4ssige und kosteng\u00fcnstige L\u00f6sung f\u00fcr diese Herausforderungen. Diese hochmoderne Ballenpresse wurde entwickelt, um die Handhabung und Entsorgung von Textilabf\u00e4llen zu rationalisieren. Sie bietet Textilherstellern, Recyclingzentren und Abfallentsorgungsunternehmen einen automatisierten Ansatz zur effizienten Verdichtung und B\u00fcndelung von Textilabf\u00e4llen.<\/p>\n<h3 data-start=\"855\" data-end=\"909\">Was ist eine halbautomatische Ballenpresse f\u00fcr Textilabf\u00e4lle?<\/h3>\n<p data-start=\"911\" data-end=\"1442\">Eine halbautomatische Ballenpresse ist eine hochentwickelte Maschine, die lose Textilabf\u00e4lle zu dichten, handlichen Ballen verdichtet, ohne dass ein st\u00e4ndiges menschliches Eingreifen erforderlich ist. Im Gegensatz zu herk\u00f6mmlichen Ballenpressen, die manuell beschickt und bedient werden m\u00fcssen, automatisiert diese Maschine den gesamten Prozess von der Beschickung \u00fcber das Pressen bis hin zum Binden und Auswerfen der Ballen. Diese Automatisierung spart nicht nur Arbeitskosten, sondern erh\u00f6ht auch die Betriebssicherheit und Produktivit\u00e4t, so dass sich die Unternehmen auf andere Kernt\u00e4tigkeiten konzentrieren k\u00f6nnen, w\u00e4hrend der Abfall effizient verarbeitet wird.<\/p>\n<h3 data-start=\"1444\" data-end=\"1507\">Die wichtigsten Vorteile einer halbautomatischen Ballenpresse f\u00fcr Textilabf\u00e4lle<\/h3>\n<p data-start=\"1509\" data-end=\"1949\"><strong data-start=\"1509\" data-end=\"1555\">1. Maximierte Effizienz durch Automatisierung<\/strong><br data-start=\"1555\" data-end=\"1558\" \/>In die halbautomatische Ballenpresse sind intelligente Steuersysteme integriert, die jeden Schritt des Ballenpressvorgangs nahtlos steuern. Vom automatischen Laden der Textilabf\u00e4lle bis hin zum hydraulischen Pressen und endg\u00fcltigen Binden arbeitet die Maschine kontinuierlich, ohne dass manuelle Eingriffe erforderlich sind. Dies reduziert die Ausfallzeiten und erh\u00f6ht den Gesamtdurchsatz, was sie ideal f\u00fcr Textilbetriebe mit hohem Abfallaufkommen macht.<\/p>\n<p data-start=\"1951\" data-end=\"2351\"><strong data-start=\"1951\" data-end=\"1993\">2. Verbesserte Abfallbehandlung und -lagerung<\/strong><br data-start=\"1993\" data-end=\"1996\" \/>Textilabf\u00e4lle sind oft sperrig und schwer zu lagern oder zu transportieren. Durch das Pressen dieser Materialien in kompakte Ballen reduziert die Ballenpresse das Volumen erheblich, wodurch die Lagerung platzsparender wird und die Transportkosten sinken. Dichte Ballen sind leichter zu handhaben, zu stapeln und zu transportieren, was zur Rationalisierung der Logistik und zur Verringerung der CO2-Bilanz w\u00e4hrend des Transports beitr\u00e4gt.<\/p>\n<p data-start=\"2353\" data-end=\"2718\"><strong data-start=\"2353\" data-end=\"2400\">3. Verbesserte Sicherheit und Ergonomie am Arbeitsplatz<\/strong><br data-start=\"2400\" data-end=\"2403\" \/>Die manuelle Handhabung von losen Textilabf\u00e4llen kann zu Verletzungen und Erm\u00fcdung am Arbeitsplatz f\u00fchren. Die halbautomatische Ballenpresse reduziert die Notwendigkeit des direkten menschlichen Kontakts mit Abfallmaterialien und minimiert so das Unfallrisiko. Automatisierte Prozesse reduzieren auch sich wiederholende manuelle Aufgaben und verbessern so die Ergonomie und das Wohlbefinden der Mitarbeiter.<\/p>\n<p data-start=\"2720\" data-end=\"3074\"><strong data-start=\"2720\" data-end=\"2768\">4. Vielseitigkeit f\u00fcr verschiedene Textilmaterialien<\/strong><br data-start=\"2768\" data-end=\"2771\" \/>Diese Ballenpresse ist f\u00fcr eine breite Palette von Textilabf\u00e4llen ausgelegt, darunter Baumwollreste, Garne, Stoffreste und gebrauchte Kleidungsst\u00fccke. Ihre anpassungsf\u00e4hige Konstruktion erm\u00f6glicht die effiziente Verarbeitung von Materialien unterschiedlicher Form und Dichte und gew\u00e4hrleistet unabh\u00e4ngig von der Abfallzusammensetzung eine gleichbleibende Ballenqualit\u00e4t.<\/p>\n<p data-start=\"3076\" data-end=\"3548\"><strong data-start=\"3076\" data-end=\"3111\">5. \u00d6kologische Nachhaltigkeit<\/strong><br data-start=\"3111\" data-end=\"3114\" \/>Angesichts des zunehmenden Drucks durch die Gesetzgebung und der Verpflichtung der Unternehmen zur Nachhaltigkeit m\u00fcssen die Unternehmen umweltfreundlichere Abfallentsorgungspraktiken einf\u00fchren. Die halbautomatische Ballenpresse f\u00fcr Textilabf\u00e4lle hilft Unternehmen, ihre Umweltziele zu erreichen, indem sie die Abfallverdichtung und die Wiederverwendung oder das Recycling erleichtert. Durch die Reduzierung des Abfallvolumens tr\u00e4gt sie dazu bei, dass weniger Deponien genutzt werden und weniger Treibhausgasemissionen durch den Transport entstehen.<\/p>\n<h3 data-start=\"3550\" data-end=\"3610\">Anwendungen in der gesamten Textil- und Recyclingindustrie<\/h3>\n<p data-start=\"3612\" data-end=\"3731\">Diese fortschrittliche Ballenpresse findet in zahlreichen Bereichen der Textilproduktion und der Abfallwirtschaft Anwendung:<\/p>\n<ul>\n<li data-start=\"3735\" data-end=\"3878\"><strong data-start=\"3735\" data-end=\"3768\">Textilfabriken:<\/strong> Effizientes Management der bei der Stoffproduktion anfallenden Reste, wodurch das Durcheinander reduziert und die Abfallentsorgung optimiert wird.<\/li>\n<li data-start=\"3881\" data-end=\"4043\"><strong data-start=\"3881\" data-end=\"3906\">Recycling-Einrichtungen:<\/strong> Bereiten Sie Textilabf\u00e4lle f\u00fcr das Recycling vor, indem Sie die Materialien komprimieren und b\u00fcndeln und so den Recyclingprozess rationeller und wirtschaftlicher gestalten.<\/li>\n<li data-start=\"4046\" data-end=\"4197\"><strong data-start=\"4046\" data-end=\"4075\">Bekleidungsproduktionseinheiten:<\/strong> Verarbeiten Sie Stoffreste und defekte Kleidungsst\u00fccke durch kompaktes Ballenpressen, verbessern Sie die Haushaltsf\u00fchrung und reduzieren Sie den Materialabfall.<\/li>\n<li data-start=\"4200\" data-end=\"4358\"><strong data-start=\"4200\" data-end=\"4231\">Unternehmen der Abfallwirtschaft:<\/strong> Bieten Sie Ihren Kunden eine zuverl\u00e4ssige L\u00f6sung f\u00fcr die Verdichtung von Textilabf\u00e4llen und verbessern Sie Ihr Dienstleistungsangebot und Ihre betriebliche Effizienz.<\/li>\n<\/ul>\n<h3 data-start=\"4360\" data-end=\"4415\">Warum sollten Sie sich f\u00fcr unsere halbautomatische Ballenpresse f\u00fcr Textilabf\u00e4lle entscheiden?<\/h3>\n<p data-start=\"4417\" data-end=\"4593\">Wir sind stolz darauf, hochmoderne Ballenpressenl\u00f6sungen zu liefern, die innovative Technologie mit Langlebigkeit und Benutzerfreundlichkeit verbinden. Unsere halbautomatische Ballenpresse zeichnet sich aus durch:<\/p>\n<ul>\n<li data-start=\"4597\" data-end=\"4733\"><strong data-start=\"4597\" data-end=\"4621\">\u00dcberlegene Automatisierung:<\/strong> Erm\u00f6glicht einen freih\u00e4ndigen Betrieb mit intelligenten Steuerungssystemen, die den Arbeitsaufwand und die Komplexit\u00e4t des Betriebs reduzieren.<\/li>\n<li data-start=\"4736\" data-end=\"4889\"><strong data-start=\"4736\" data-end=\"4761\">Robuste Bauqualit\u00e4t:<\/strong> Hergestellt aus hochwertigen Materialien und Komponenten, die auch bei starker Beanspruchung in der Industrie eine lange Lebensdauer gew\u00e4hrleisten.<\/li>\n<li data-start=\"4892\" data-end=\"5007\"><strong data-start=\"4892\" data-end=\"4920\">Benutzerfreundliches Interface:<\/strong> Entwickelt f\u00fcr eine einfache Bedienung und Wartung, wodurch die Lernkurve und die Ausfallzeiten reduziert werden.<\/li>\n<li data-start=\"5010\" data-end=\"5177\"><strong data-start=\"5010\" data-end=\"5036\">Umfassende Unterst\u00fctzung:<\/strong> Wir bieten fachkundige Installation, Bedienerschulung und Kundendienst, um sicherzustellen, dass Ihre Ballenpresse w\u00e4hrend ihrer gesamten Lebensdauer optimal funktioniert.<\/li>\n<li data-start=\"5180\" data-end=\"5329\"><strong data-start=\"5180\" data-end=\"5207\">Anpassbare L\u00f6sungen:<\/strong> Wir arbeiten eng mit unseren Kunden zusammen, um die Ballenpresse auf ihr spezifisches Abfallvolumen und ihre Materialeigenschaften abzustimmen.<\/li>\n<\/ul>\n<h3 data-start=\"5331\" data-end=\"5401\">Wie die halbautomatische Ballenpresse zu Ihrem Gesch\u00e4ftserfolg beitr\u00e4gt<\/h3>\n<p data-start=\"5403\" data-end=\"5930\">Die Einf\u00fchrung einer halbautomatischen Ballenpresse f\u00fcr Textilabf\u00e4lle ist mehr als nur ein betriebliches Upgrade - es ist ein strategischer Schritt, der die Nachhaltigkeit, Kosteneffizienz und Produktivit\u00e4t Ihres Unternehmens verbessert. Durch die Automatisierung der Abfallverdichtung setzen Sie wertvolle Personalressourcen f\u00fcr andere Aufgaben frei, senken die Kosten f\u00fcr das Abfallmanagement und verbessern die allgemeine Sicherheit am Standort. Dar\u00fcber hinaus f\u00fchren das verringerte Volumen und die verbesserte Handhabung von Abf\u00e4llen direkt zu geringeren Transportkosten und einer besseren Platzausnutzung in Lagern und auf H\u00f6fen.<\/p>\n<p data-start=\"5932\" data-end=\"6319\">Da die globale Textilindustrie zunehmend auf ihren \u00f6kologischen Fu\u00dfabdruck hin \u00fcberpr\u00fcft wird, zeigt die Einf\u00fchrung fortschrittlicher Abfallmanagementl\u00f6sungen wie unserer halbautomatischen Ballenpresse Ihr Engagement f\u00fcr verantwortungsvolle Produktionspraktiken. Dies st\u00e4rkt nicht nur den Ruf Ihrer Marke, sondern kann auch die T\u00fcren zu Partnerschaften mit umweltbewussten K\u00e4ufern und Interessengruppen \u00f6ffnen.<\/p>\n<h3 data-start=\"6321\" data-end=\"6335\">Schlussfolgerung<\/h3>\n<p data-start=\"6337\" data-end=\"6649\">Die halbautomatische Ballenpresse f\u00fcr Textilabf\u00e4lle stellt die Zukunft eines nachhaltigen und effizienten Textilabfallmanagements dar. Ihre Automatisierung, Zuverl\u00e4ssigkeit und Vielseitigkeit machen sie zu einem unentbehrlichen Werkzeug f\u00fcr jedes textilverarbeitende Unternehmen, das die Abfallbehandlung optimieren und gleichzeitig die Umweltbelastung minimieren m\u00f6chte.<\/p>\n<p data-start=\"6651\" data-end=\"6926\">Wenn Sie Ihr Textilabfallmanagement mit einer hochmodernen, halbautomatischen Ballenpresse verbessern m\u00f6chten, die h\u00f6here Produktivit\u00e4t, Kosteneinsparungen und Nachhaltigkeit garantiert, kontaktieren Sie uns noch heute, um weitere Informationen und ma\u00dfgeschneiderte L\u00f6sungen f\u00fcr Ihre spezifischen Anforderungen zu erhalten.<\/p>","protected":false},"excerpt":{"rendered":"<p>Die halbautomatische Ballenpresse f\u00fcr Textilabf\u00e4lle erm\u00f6glicht ein automatisches, hocheffizientes Pressen von Textilabf\u00e4llen. Sie verpresst die Abf\u00e4lle zu dichten Ballen, wodurch die Lager- und Transportkosten gesenkt und gleichzeitig die Sicherheit und Nachhaltigkeit am Arbeitsplatz verbessert werden. Ideal f\u00fcr Textilhersteller und Recyclingzentren, die intelligente Abfalll\u00f6sungen suchen.<\/p>","protected":false},"featured_media":1943,"template":"","meta":{"site-sidebar-layout":"default","site-content-layout":"","ast-site-content-layout":"default","site-content-style":"default","site-sidebar-style":"default","ast-global-header-display":"","ast-banner-title-visibility":"","ast-main-header-display":"","ast-hfb-above-header-display":"","ast-hfb-below-header-display":"","ast-hfb-mobile-header-display":"","site-post-title":"","ast-breadcrumbs-content":"","ast-featured-img":"","footer-sml-layout":"","ast-disable-related-posts":"","theme-transparent-header-meta":"default","adv-header-id-meta":"","stick-header-meta":"","header-above-stick-meta":"","header-main-stick-meta":"","header-below-stick-meta":"","astra-migrate-meta-layouts":"set","ast-page-background-enabled":"default","ast-page-background-meta":{"desktop":{"background-color":"var(--ast-global-color-5)","background-image":"","background-repeat":"repeat","background-position":"center center","background-size":"auto","background-attachment":"scroll","background-type":"","background-media":"","overlay-type":"","overlay-color":"","overlay-opacity":"","overlay-gradient":""},"tablet":{"background-color":"","background-image":"","background-repeat":"repeat","background-position":"center center","background-size":"auto","background-attachment":"scroll","background-type":"","background-media":"","overlay-type":"","overlay-color":"","overlay-opacity":"","overlay-gradient":""},"mobile":{"background-color":"","background-image":"","background-repeat":"repeat","background-position":"center center","background-size":"auto","background-attachment":"scroll","background-type":"","background-media":"","overlay-type":"","overlay-color":"","overlay-opacity":"","overlay-gradient":""}},"ast-content-background-meta":{"desktop":{"background-color":"var(--ast-global-color-4)","background-image":"","background-repeat":"repeat","background-position":"center center","background-size":"auto","background-attachment":"scroll","background-type":"","background-media":"","overlay-type":"","overlay-color":"","overlay-opacity":"","overlay-gradient":""},"tablet":{"background-color":"var(--ast-global-color-4)","background-image":"","background-repeat":"repeat","background-position":"center center","background-size":"auto","background-attachment":"scroll","background-type":"","background-media":"","overlay-type":"","overlay-color":"","overlay-opacity":"","overlay-gradient":""},"mobile":{"background-color":"var(--ast-global-color-4)","background-image":"","background-repeat":"repeat","background-position":"center center","background-size":"auto","background-attachment":"scroll","background-type":"","background-media":"","overlay-type":"","overlay-color":"","overlay-opacity":"","overlay-gradient":""}}},"product_brand":[],"product_cat":[21,153],"product_tag":[],"class_list":{"0":"post-2002","1":"product","2":"type-product","3":"status-publish","4":"has-post-thumbnail","6":"product_cat-baling-machine","7":"product_cat-horizontal-baler","8":"desktop-align-left","9":"tablet-align-left","10":"mobile-align-left","12":"first","13":"instock","14":"shipping-taxable","15":"product-type-simple"},"_links":{"self":[{"href":"https:\/\/www.gigapa.com\/de\/wp-json\/wp\/v2\/product\/2002","targetHints":{"allow":["GET"]}}],"collection":[{"href":"https:\/\/www.gigapa.com\/de\/wp-json\/wp\/v2\/product"}],"about":[{"href":"https:\/\/www.gigapa.com\/de\/wp-json\/wp\/v2\/types\/product"}],"version-history":[{"count":4,"href":"https:\/\/www.gigapa.com\/de\/wp-json\/wp\/v2\/product\/2002\/revisions"}],"predecessor-version":[{"id":2796,"href":"https:\/\/www.gigapa.com\/de\/wp-json\/wp\/v2\/product\/2002\/revisions\/2796"}],"wp:featuredmedia":[{"embeddable":true,"href":"https:\/\/www.gigapa.com\/de\/wp-json\/wp\/v2\/media\/1943"}],"wp:attachment":[{"href":"https:\/\/www.gigapa.com\/de\/wp-json\/wp\/v2\/media?parent=2002"}],"wp:term":[{"taxonomy":"product_brand","embeddable":true,"href":"https:\/\/www.gigapa.com\/de\/wp-json\/wp\/v2\/product_brand?post=2002"},{"taxonomy":"product_cat","embeddable":true,"href":"https:\/\/www.gigapa.com\/de\/wp-json\/wp\/v2\/product_cat?post=2002"},{"taxonomy":"product_tag","embeddable":true,"href":"https:\/\/www.gigapa.com\/de\/wp-json\/wp\/v2\/product_tag?post=2002"}],"curies":[{"name":"wp","href":"https:\/\/api.w.org\/{rel}","templated":true}]}}