{"id":2004,"date":"2025-06-18T08:34:31","date_gmt":"2025-06-18T00:34:31","guid":{"rendered":"https:\/\/www.gigapa.com\/?post_type=product&#038;p=2004"},"modified":"2025-10-13T09:16:39","modified_gmt":"2025-10-13T01:16:39","slug":"gfw-c-wood-shavings-machine-chain","status":"publish","type":"product","link":"https:\/\/www.gigapa.com\/de\/product\/gfw-c-wood-shavings-machine-chain\/","title":{"rendered":"GFW-C Holzsp\u00e4ne-Maschine\uff08Kette\uff09"},"content":{"rendered":"<p data-start=\"227\" data-end=\"639\" data-immersive-translate-walked=\"9ec46095-6f33-46d5-a55c-91c5fae88c58\" data-immersive-translate-paragraph=\"1\">Die <em data-start=\"231\" data-end=\"262\" data-immersive-translate-walked=\"9ec46095-6f33-46d5-a55c-91c5fae88c58\">Hackschnitzelmaschine (Kette)<\/em> ist eine leistungsstarke Industriemaschine zur Herstellung sauberer, gleichm\u00e4\u00dfiger und staubfreier Holzsp\u00e4ne aus St\u00e4mmen, Holzabf\u00e4llen, \u00c4sten oder anderen Holzst\u00fccken. Mit einem langlebigen Kettenvorschubsystem und einer Pr\u00e4zisionsschneidestruktur ist sie weit verbreitet in der Tiereinstreuproduktion, Gefl\u00fcgelzucht, Holzverpackung, Biomassebrennstoffaufbereitung und holzbasierten Fertigungsindustrien.<\/p>\n<p data-start=\"641\" data-end=\"859\" data-immersive-translate-walked=\"9ec46095-6f33-46d5-a55c-91c5fae88c58\" data-immersive-translate-paragraph=\"1\">Dieses Kettenmodell gew\u00e4hrleistet eine stabile Beschickung, eine genaue Spandicke und eine geringere Arbeitsintensit\u00e4t, was es zur bevorzugten Wahl f\u00fcr Fabriken macht, die eine automatisierte, kontinuierliche Sp\u00e4neproduktion mit minimalem Abfall anstreben.<\/p>\n<h3 data-start=\"866\" data-end=\"913\" data-immersive-translate-walked=\"9ec46095-6f33-46d5-a55c-91c5fae88c58\" data-immersive-translate-paragraph=\"1\">Was ist eine Kettenzuf\u00fchrungsmaschine f\u00fcr Holzsp\u00e4ne?<\/h3>\n<p data-start=\"915\" data-end=\"1323\" data-immersive-translate-walked=\"9ec46095-6f33-46d5-a55c-91c5fae88c58\" data-immersive-translate-paragraph=\"1\">Im Gegensatz zu rollen- oder riemengetriebenen Maschinen ist die Kettenspanmaschine mit einem Kettenf\u00f6rderersystem ausgestattet, das das Rohholz sicher h\u00e4lt und in die Messerwelle transportiert. Diese Struktur verhindert ein Verrutschen oder eine ungleichm\u00e4\u00dfige Zuf\u00fchrung, was die Konsistenz der Sp\u00e4ne und die Produktionskapazit\u00e4t direkt verbessert. Sie eignet sich besonders f\u00fcr die Verarbeitung von geradfaserigem Material und Stammabschnitten mit fester L\u00e4nge.<\/p>\n<p data-start=\"1325\" data-end=\"1582\" data-immersive-translate-walked=\"9ec46095-6f33-46d5-a55c-91c5fae88c58\" data-immersive-translate-paragraph=\"1\">Sobald das Holz von der Kettenzuf\u00fchrungsplattform geklemmt wird, wird es gleichm\u00e4\u00dfig zu den mit hoher Geschwindigkeit rotierenden Messern bef\u00f6rdert, die die Oberfl\u00e4che Schicht f\u00fcr Schicht abtragen. Die fertigen Sp\u00e4ne sind weich, d\u00fcnn und von gleichm\u00e4\u00dfiger Gr\u00f6\u00dfe - ideal als Einstreu f\u00fcr Tiere oder als F\u00fcllmaterial f\u00fcr Verpackungen.<\/p>\n<h3 data-start=\"1589\" data-end=\"1642\" data-immersive-translate-walked=\"9ec46095-6f33-46d5-a55c-91c5fae88c58\" data-immersive-translate-paragraph=\"1\">Hauptmerkmale der Holzsp\u00e4nemaschine (Kette)<\/h3>\n<ul data-start=\"1644\" data-end=\"2469\" data-immersive-translate-walked=\"9ec46095-6f33-46d5-a55c-91c5fae88c58\">\n<li data-start=\"1644\" data-end=\"1804\" data-immersive-translate-walked=\"9ec46095-6f33-46d5-a55c-91c5fae88c58\">\n<p data-start=\"1646\" data-end=\"1804\" data-immersive-translate-walked=\"9ec46095-6f33-46d5-a55c-91c5fae88c58\" data-immersive-translate-paragraph=\"1\">Langlebige Kettenf\u00f6rderer Zuf\u00fchrung<br data-start=\"1680\" data-end=\"1683\" data-immersive-translate-walked=\"9ec46095-6f33-46d5-a55c-91c5fae88c58\" \/>Sorgt f\u00fcr einen gleichm\u00e4\u00dfigen und pr\u00e4zisen Materialvorschub, der einen gleichm\u00e4\u00dfigen Schnitt gew\u00e4hrleistet und verhindert, dass sich das Rohholz w\u00e4hrend des Betriebs bewegt.<\/p>\n<\/li>\n<li data-start=\"1806\" data-end=\"1966\" data-immersive-translate-walked=\"9ec46095-6f33-46d5-a55c-91c5fae88c58\">\n<p data-start=\"1808\" data-end=\"1966\" data-immersive-translate-walked=\"9ec46095-6f33-46d5-a55c-91c5fae88c58\" data-immersive-translate-paragraph=\"1\">Einstellbare Scherschichtdicke<br data-start=\"1840\" data-end=\"1843\" data-immersive-translate-walked=\"9ec46095-6f33-46d5-a55c-91c5fae88c58\" \/>Die Klingenh\u00f6he und -position kann pr\u00e4zise eingestellt werden, um die gew\u00fcnschte Rasierst\u00e4rke von 0,2 mm bis 2 mm zu erreichen.<\/p>\n<\/li>\n<li data-start=\"1968\" data-end=\"2120\" data-immersive-translate-walked=\"9ec46095-6f33-46d5-a55c-91c5fae88c58\">\n<p data-start=\"1970\" data-end=\"2120\" data-immersive-translate-walked=\"9ec46095-6f33-46d5-a55c-91c5fae88c58\" data-immersive-translate-paragraph=\"1\">Hocheffizientes Messerkopfsystem<br data-start=\"2007\" data-end=\"2010\" data-immersive-translate-walked=\"9ec46095-6f33-46d5-a55c-91c5fae88c58\" \/>Ausgestattet mit scharfen und verschlei\u00dffesten Stahlklingen, die saubere, krause Sp\u00e4ne mit geringem Staubaussto\u00df erzeugen.<\/p>\n<\/li>\n<li data-start=\"2122\" data-end=\"2300\" data-immersive-translate-walked=\"9ec46095-6f33-46d5-a55c-91c5fae88c58\">\n<p data-start=\"2124\" data-end=\"2300\" data-immersive-translate-walked=\"9ec46095-6f33-46d5-a55c-91c5fae88c58\" data-immersive-translate-paragraph=\"1\">Hochbelastbare Rahmenkonstruktion<br data-start=\"2157\" data-end=\"2160\" data-immersive-translate-walked=\"9ec46095-6f33-46d5-a55c-91c5fae88c58\" \/>Der Maschinenk\u00f6rper besteht aus dicken Kohlenstoffstahlplatten, die eine lange Lebensdauer und Vibrationsfestigkeit im Dauerbetrieb gew\u00e4hrleisten.<\/p>\n<\/li>\n<li data-start=\"2302\" data-end=\"2469\" data-immersive-translate-walked=\"9ec46095-6f33-46d5-a55c-91c5fae88c58\">\n<p data-start=\"2304\" data-end=\"2469\" data-immersive-translate-walked=\"9ec46095-6f33-46d5-a55c-91c5fae88c58\" data-immersive-translate-paragraph=\"1\">Einfache Wartung und sicheres Design<br data-start=\"2342\" data-end=\"2345\" data-immersive-translate-walked=\"9ec46095-6f33-46d5-a55c-91c5fae88c58\" \/>Ausgestattet mit Schnellwechselschlitzen f\u00fcr die Klingen, Sicherheitsverriegelungen und Not-Aus-Tasten zum Schutz des Bedieners.<\/p>\n<\/li>\n<\/ul>\n<h3 data-start=\"2476\" data-end=\"2492\" data-immersive-translate-walked=\"9ec46095-6f33-46d5-a55c-91c5fae88c58\" data-immersive-translate-paragraph=\"1\">Anwendungen<\/h3>\n<p data-start=\"2494\" data-end=\"2589\" data-immersive-translate-walked=\"9ec46095-6f33-46d5-a55c-91c5fae88c58\" data-immersive-translate-paragraph=\"1\">Die <em data-start=\"2498\" data-end=\"2529\" data-immersive-translate-walked=\"9ec46095-6f33-46d5-a55c-91c5fae88c58\">Hackschnitzelmaschine (Kette)<\/em> ist ideal f\u00fcr eine Vielzahl von industriellen und landwirtschaftlichen Anwendungen:<\/p>\n<ul data-start=\"2591\" data-end=\"3207\" data-immersive-translate-walked=\"9ec46095-6f33-46d5-a55c-91c5fae88c58\">\n<li data-start=\"2591\" data-end=\"2712\" data-immersive-translate-walked=\"9ec46095-6f33-46d5-a55c-91c5fae88c58\">\n<p data-start=\"2593\" data-end=\"2712\" data-immersive-translate-walked=\"9ec46095-6f33-46d5-a55c-91c5fae88c58\" data-immersive-translate-paragraph=\"1\">Produktion von Tiereinstreu<br data-start=\"2622\" data-end=\"2625\" data-immersive-translate-walked=\"9ec46095-6f33-46d5-a55c-91c5fae88c58\" \/>Erzeugt weiche und staubfreie Sp\u00e4ne f\u00fcr Gefl\u00fcgel, Pferde, Milchk\u00fche und kleine Haustiere.<\/p>\n<\/li>\n<li data-start=\"2714\" data-end=\"2820\" data-immersive-translate-walked=\"9ec46095-6f33-46d5-a55c-91c5fae88c58\">\n<p data-start=\"2716\" data-end=\"2820\" data-immersive-translate-walked=\"9ec46095-6f33-46d5-a55c-91c5fae88c58\" data-immersive-translate-paragraph=\"1\">Verpackungsmaterial<br data-start=\"2738\" data-end=\"2741\" data-immersive-translate-walked=\"9ec46095-6f33-46d5-a55c-91c5fae88c58\" \/>Wird als F\u00fcllmaterial in Holzkisten oder Kisten verwendet, um zerbrechliche Waren zu sch\u00fctzen.<\/p>\n<\/li>\n<li data-start=\"2822\" data-end=\"2946\" data-immersive-translate-walked=\"9ec46095-6f33-46d5-a55c-91c5fae88c58\">\n<p data-start=\"2824\" data-end=\"2946\" data-immersive-translate-walked=\"9ec46095-6f33-46d5-a55c-91c5fae88c58\" data-immersive-translate-paragraph=\"1\">Kompostierung und Biomasse<br data-start=\"2850\" data-end=\"2853\" data-immersive-translate-walked=\"9ec46095-6f33-46d5-a55c-91c5fae88c58\" \/>Zerkleinert Holzabf\u00e4lle in gleichm\u00e4\u00dfige Partikel, die f\u00fcr die Kompostierung oder die Verarbeitung zu Biokraftstoffen geeignet sind.<\/p>\n<\/li>\n<li data-start=\"2948\" data-end=\"3074\" data-immersive-translate-walked=\"9ec46095-6f33-46d5-a55c-91c5fae88c58\">\n<p data-start=\"2950\" data-end=\"3074\" data-immersive-translate-walked=\"9ec46095-6f33-46d5-a55c-91c5fae88c58\" data-immersive-translate-paragraph=\"1\">M\u00f6bel- und Plattenindustrie<br data-start=\"2984\" data-end=\"2987\" data-immersive-translate-walked=\"9ec46095-6f33-46d5-a55c-91c5fae88c58\" \/>Erzeugt gleichm\u00e4\u00dfige Sp\u00e4ne f\u00fcr die weitere Spanplatten- oder D\u00e4mmplattenproduktion.<\/p>\n<\/li>\n<li data-start=\"3076\" data-end=\"3207\" data-immersive-translate-walked=\"9ec46095-6f33-46d5-a55c-91c5fae88c58\">\n<p data-start=\"3078\" data-end=\"3207\" data-immersive-translate-walked=\"9ec46095-6f33-46d5-a55c-91c5fae88c58\" data-immersive-translate-paragraph=\"1\">Herstellung von Holzpaletten<br data-start=\"3109\" data-end=\"3112\" data-immersive-translate-walked=\"9ec46095-6f33-46d5-a55c-91c5fae88c58\" \/>Verwendet Holzabf\u00e4lle von Paletten und Restst\u00fccken effizient und reduziert den Abfall in den Produktionslinien.<\/p>\n<\/li>\n<\/ul>\n<h3 data-start=\"3214\" data-end=\"3243\" data-immersive-translate-walked=\"9ec46095-6f33-46d5-a55c-91c5fae88c58\" data-immersive-translate-paragraph=\"1\">Vorteile<\/h3>\n<ol data-start=\"3245\" data-end=\"3906\" data-immersive-translate-walked=\"9ec46095-6f33-46d5-a55c-91c5fae88c58\">\n<li data-start=\"3245\" data-end=\"3361\" data-immersive-translate-walked=\"9ec46095-6f33-46d5-a55c-91c5fae88c58\">\n<p data-start=\"3248\" data-end=\"3361\" data-immersive-translate-walked=\"9ec46095-6f33-46d5-a55c-91c5fae88c58\" data-immersive-translate-paragraph=\"1\">Konsistente Ausgabequalit\u00e4t<br data-start=\"3277\" data-end=\"3280\" data-immersive-translate-walked=\"9ec46095-6f33-46d5-a55c-91c5fae88c58\" \/>Sie erhalten einheitliche, hochwertige Sp\u00e4ne, die sich f\u00fcr den kommerziellen Weiterverkauf oder die Endverwendung eignen.<\/p>\n<\/li>\n<li data-start=\"3363\" data-end=\"3473\" data-immersive-translate-walked=\"9ec46095-6f33-46d5-a55c-91c5fae88c58\">\n<p data-start=\"3366\" data-end=\"3473\" data-immersive-translate-walked=\"9ec46095-6f33-46d5-a55c-91c5fae88c58\" data-immersive-translate-paragraph=\"1\">Reduzierte Arbeitskosten<br data-start=\"3388\" data-end=\"3391\" data-immersive-translate-walked=\"9ec46095-6f33-46d5-a55c-91c5fae88c58\" \/>Der Kettenvorschub gew\u00e4hrleistet einen halbautomatischen Betrieb mit weniger manuellen Eingriffen.<\/p>\n<\/li>\n<li data-start=\"3475\" data-end=\"3611\" data-immersive-translate-walked=\"9ec46095-6f33-46d5-a55c-91c5fae88c58\">\n<p data-start=\"3478\" data-end=\"3611\" data-immersive-translate-walked=\"9ec46095-6f33-46d5-a55c-91c5fae88c58\" data-immersive-translate-paragraph=\"1\">Hohe Tagesleistung<br data-start=\"3499\" data-end=\"3502\" data-immersive-translate-walked=\"9ec46095-6f33-46d5-a55c-91c5fae88c58\" \/>Kann mehrere Kubikmeter Holz pro Stunde verarbeiten, je nach Maschinengr\u00f6\u00dfe und Stammabmessungen.<\/p>\n<\/li>\n<li data-start=\"3613\" data-end=\"3757\" data-immersive-translate-walked=\"9ec46095-6f33-46d5-a55c-91c5fae88c58\">\n<p data-start=\"3616\" data-end=\"3757\" data-immersive-translate-walked=\"9ec46095-6f33-46d5-a55c-91c5fae88c58\" data-immersive-translate-paragraph=\"1\">Anpassbar an Ihre Bed\u00fcrfnisse<br data-start=\"3646\" data-end=\"3649\" data-immersive-translate-walked=\"9ec46095-6f33-46d5-a55c-91c5fae88c58\" \/>Mehrere Modelle mit unterschiedlichen Schabest\u00e4rken, Vorschubgr\u00f6\u00dfen und Motorleistungskonfigurationen erh\u00e4ltlich.<\/p>\n<\/li>\n<li data-start=\"3759\" data-end=\"3906\" data-immersive-translate-walked=\"9ec46095-6f33-46d5-a55c-91c5fae88c58\">\n<p data-start=\"3762\" data-end=\"3906\" data-immersive-translate-walked=\"9ec46095-6f33-46d5-a55c-91c5fae88c58\" data-immersive-translate-paragraph=\"1\">Geringer Wartungsaufwand, hoher ROI<br data-start=\"3791\" data-end=\"3794\" data-immersive-translate-walked=\"9ec46095-6f33-46d5-a55c-91c5fae88c58\" \/>Entwickelt f\u00fcr eine lange Lebensdauer mit leicht austauschbaren Verschlei\u00dfteilen, die Ausfallzeiten und Gesamtbetriebskosten reduzieren.<\/p>\n<\/li>\n<\/ol>\n<h3 data-start=\"84\" data-end=\"137\" data-immersive-translate-walked=\"0ff46864-e9bc-4926-86d7-982219388fa6\" data-immersive-translate-paragraph=\"1\">Erh\u00e4ltlich als Modelle mit Kettenvorschub und hydraulisch<\/h3>\n<p data-start=\"139\" data-end=\"537\" data-immersive-translate-walked=\"0ff46864-e9bc-4926-86d7-982219388fa6\" data-immersive-translate-paragraph=\"1\">Neben der Version mit Kettenvorschub bieten wir auch eine hydraulische Sp\u00e4nemaschine an, die noch mehr Flexibilit\u00e4t f\u00fcr unterschiedliche Produktionsumgebungen und Materialhandhabungsanforderungen bietet. Die hydraulische Version ist mit einem hydraulischen Schiebesystem ausgestattet, das das Holzmaterial nach vorne in die Messerwelle dr\u00fcckt und eine stabile Zuf\u00fchrung gew\u00e4hrleistet, insbesondere bei unregelm\u00e4\u00dfigen oder k\u00fcrzeren Holzbl\u00f6cken.<\/p>\n<h4 data-start=\"539\" data-end=\"580\" data-immersive-translate-walked=\"0ff46864-e9bc-4926-86d7-982219388fa6\" data-immersive-translate-paragraph=\"1\">Die wichtigsten Vorteile des hydraulischen Modells:<\/h4>\n<ul>\n<li data-start=\"584\" data-end=\"691\" data-immersive-translate-walked=\"0ff46864-e9bc-4926-86d7-982219388fa6\" data-immersive-translate-paragraph=\"1\">Anpassungsf\u00e4higere Beschickung: Ideal f\u00fcr ungleichm\u00e4\u00dfige Holzformen wie Bl\u00f6cke, kurze St\u00e4mme oder Holzreste.<\/li>\n<li data-start=\"694\" data-end=\"793\" data-immersive-translate-walked=\"0ff46864-e9bc-4926-86d7-982219388fa6\" data-immersive-translate-paragraph=\"1\">Kompakte Stellfl\u00e4che: Optimiert f\u00fcr begrenzten Platz in der Werkstatt ohne Einbu\u00dfen bei der Leistung.<\/li>\n<li data-start=\"796\" data-end=\"902\" data-immersive-translate-walked=\"0ff46864-e9bc-4926-86d7-982219388fa6\" data-immersive-translate-paragraph=\"1\">Leiser und reibungsloser Betrieb: Der hydraulische Vorschub sorgt f\u00fcr eine sanftere Bewegung mit weniger Vibrationen und L\u00e4rm.<\/li>\n<li data-start=\"905\" data-end=\"1036\" data-immersive-translate-walked=\"0ff46864-e9bc-4926-86d7-982219388fa6\" data-immersive-translate-paragraph=\"1\">Einfache Bedienung und Wartung: Einfache hydraulische Steuerungen und weniger bewegliche Teile reduzieren die Arbeitsbelastung des Bedieners und die Wartungszeit.<\/li>\n<\/ul>\n<p data-start=\"1038\" data-end=\"1227\" data-immersive-translate-walked=\"0ff46864-e9bc-4926-86d7-982219388fa6\" data-immersive-translate-paragraph=\"1\">Dieses duale Angebot von Ketten- und hydraulischen Holzspaltmaschinen erm\u00f6glicht es den Kunden, je nach Materialart, Produktionsvolumen und Automatisierungsanforderungen die am besten geeignete Maschine zu w\u00e4hlen.<\/p>","protected":false},"excerpt":{"rendered":"<p>Unsere Hackschnitzelmaschinen gibt es in kettenbeschickten und hydraulischen Ausf\u00fchrungen, die f\u00fcr die Verarbeitung verschiedener Holzarten und -gr\u00f6\u00dfen ausgelegt sind. Sie produzieren saubere, gleichm\u00e4\u00dfige Sp\u00e4ne, die sich ideal f\u00fcr Tiereinstreu, Verpackungen und Biomassebrennstoff eignen. Diese Maschinen sind mit langlebigen Materialien und effizienten Messern ausgestattet und gew\u00e4hrleisten hohe Produktivit\u00e4t, geringen Wartungsaufwand und sicheren Betrieb in industriellen Umgebungen.<\/p>","protected":false},"featured_media":1942,"template":"","meta":{"site-sidebar-layout":"default","site-content-layout":"","ast-site-content-layout":"default","site-content-style":"default","site-sidebar-style":"default","ast-global-header-display":"","ast-banner-title-visibility":"","ast-main-header-display":"","ast-hfb-above-header-display":"","ast-hfb-below-header-display":"","ast-hfb-mobile-header-display":"","site-post-title":"","ast-breadcrumbs-content":"","ast-featured-img":"","footer-sml-layout":"","ast-disable-related-posts":"","theme-transparent-header-meta":"default","adv-header-id-meta":"","stick-header-meta":"","header-above-stick-meta":"","header-main-stick-meta":"","header-below-stick-meta":"","astra-migrate-meta-layouts":"set","ast-page-background-enabled":"default","ast-page-background-meta":{"desktop":{"background-color":"var(--ast-global-color-5)","background-image":"","background-repeat":"repeat","background-position":"center center","background-size":"auto","background-attachment":"scroll","background-type":"","background-media":"","overlay-type":"","overlay-color":"","overlay-opacity":"","overlay-gradient":""},"tablet":{"background-color":"","background-image":"","background-repeat":"repeat","background-position":"center center","background-size":"auto","background-attachment":"scroll","background-type":"","background-media":"","overlay-type":"","overlay-color":"","overlay-opacity":"","overlay-gradient":""},"mobile":{"background-color":"","background-image":"","background-repeat":"repeat","background-position":"center center","background-size":"auto","background-attachment":"scroll","background-type":"","background-media":"","overlay-type":"","overlay-color":"","overlay-opacity":"","overlay-gradient":""}},"ast-content-background-meta":{"desktop":{"background-color":"var(--ast-global-color-4)","background-image":"","background-repeat":"repeat","background-position":"center center","background-size":"auto","background-attachment":"scroll","background-type":"","background-media":"","overlay-type":"","overlay-color":"","overlay-opacity":"","overlay-gradient":""},"tablet":{"background-color":"var(--ast-global-color-4)","background-image":"","background-repeat":"repeat","background-position":"center center","background-size":"auto","background-attachment":"scroll","background-type":"","background-media":"","overlay-type":"","overlay-color":"","overlay-opacity":"","overlay-gradient":""},"mobile":{"background-color":"var(--ast-global-color-4)","background-image":"","background-repeat":"repeat","background-position":"center center","background-size":"auto","background-attachment":"scroll","background-type":"","background-media":"","overlay-type":"","overlay-color":"","overlay-opacity":"","overlay-gradient":""}}},"product_brand":[],"product_cat":[20,150],"product_tag":[],"class_list":{"0":"post-2004","1":"product","2":"type-product","3":"status-publish","4":"has-post-thumbnail","6":"product_cat-shredding-and-crushing-machine","7":"product_cat-wood-shavings-machine","8":"desktop-align-left","9":"tablet-align-left","10":"mobile-align-left","12":"first","13":"instock","14":"shipping-taxable","15":"product-type-simple"},"_links":{"self":[{"href":"https:\/\/www.gigapa.com\/de\/wp-json\/wp\/v2\/product\/2004","targetHints":{"allow":["GET"]}}],"collection":[{"href":"https:\/\/www.gigapa.com\/de\/wp-json\/wp\/v2\/product"}],"about":[{"href":"https:\/\/www.gigapa.com\/de\/wp-json\/wp\/v2\/types\/product"}],"version-history":[{"count":3,"href":"https:\/\/www.gigapa.com\/de\/wp-json\/wp\/v2\/product\/2004\/revisions"}],"predecessor-version":[{"id":2132,"href":"https:\/\/www.gigapa.com\/de\/wp-json\/wp\/v2\/product\/2004\/revisions\/2132"}],"wp:featuredmedia":[{"embeddable":true,"href":"https:\/\/www.gigapa.com\/de\/wp-json\/wp\/v2\/media\/1942"}],"wp:attachment":[{"href":"https:\/\/www.gigapa.com\/de\/wp-json\/wp\/v2\/media?parent=2004"}],"wp:term":[{"taxonomy":"product_brand","embeddable":true,"href":"https:\/\/www.gigapa.com\/de\/wp-json\/wp\/v2\/product_brand?post=2004"},{"taxonomy":"product_cat","embeddable":true,"href":"https:\/\/www.gigapa.com\/de\/wp-json\/wp\/v2\/product_cat?post=2004"},{"taxonomy":"product_tag","embeddable":true,"href":"https:\/\/www.gigapa.com\/de\/wp-json\/wp\/v2\/product_tag?post=2004"}],"curies":[{"name":"wp","href":"https:\/\/api.w.org\/{rel}","templated":true}]}}