{"id":2006,"date":"2025-06-18T08:26:33","date_gmt":"2025-06-18T00:26:33","guid":{"rendered":"https:\/\/www.gigapa.com\/?post_type=product&#038;p=2006"},"modified":"2025-10-13T09:16:48","modified_gmt":"2025-10-13T01:16:48","slug":"hopper-type-metal-baler","status":"publish","type":"product","link":"https:\/\/www.gigapa.com\/de\/product\/hopper-type-metal-baler\/","title":{"rendered":"Metallballenpresse mit Trichter"},"content":{"rendered":"<p data-start=\"200\" data-end=\"629\">Die Metallballenpresse mit Trichter ist eine hocheffiziente Ballenpresse, die f\u00fcr die Verarbeitung gro\u00dfer Mengen von Metallschrott bei minimalem Arbeitsaufwand konzipiert wurde. Diese Hochleistungsballenpresse ist mit einem Trichterzuf\u00fchrungssystem ausgestattet, das eine kontinuierliche und automatische Materialbeschickung erm\u00f6glicht. Damit ist sie die ideale Wahl f\u00fcr Recyclinganlagen, Schrottpl\u00e4tze, stahlverarbeitende Betriebe und Industrieunternehmen, die ihren Prozess zur Handhabung von Metallabf\u00e4llen optimieren m\u00f6chten.<\/p>\n<p data-start=\"631\" data-end=\"1056\">Im Gegensatz zu herk\u00f6mmlichen Metallballenpressen, die manuell beschickt werden m\u00fcssen, verwendet die Ballenpresse mit Trichter einen gro\u00dfen Trichter zur automatischen Aufnahme von Metallschrott von F\u00f6rderb\u00e4ndern, Gabelstaplern oder Kr\u00e4nen. Sobald das Metall in die Kammer gelangt, presst die Maschine das Material mit Hilfe von leistungsstarken Hydraulikzylindern zu dichten, handlichen Ballen. Dieses automatisierte System verbessert die betriebliche Effizienz erheblich, senkt die Arbeitskosten und maximiert den Aussto\u00df.<\/p>\n<h3 data-start=\"1058\" data-end=\"1106\">Die wichtigsten Merkmale der Metallballenpresse mit Trichter:<\/h3>\n<ul>\n<li data-start=\"1110\" data-end=\"1341\">Automatisierte Trichterbeschickung: Der integrierte Trichter erm\u00f6glicht die kontinuierliche Zuf\u00fchrung von Metallschrott ohne manuelles Eingreifen. Dies ist besonders n\u00fctzlich f\u00fcr Anlagen, in denen gro\u00dfe Mengen an Verschnitt, Beschnitt oder Sp\u00e4nen anfallen.<\/li>\n<li data-start=\"1344\" data-end=\"1507\">Robustes hydraulisches System: Ausgestattet mit Hochdruck-Hydraulikzylindern verdichtet die Presse Metallschrott zu kompakten Bl\u00f6cken mit einheitlicher Dichte und Form.<\/li>\n<li data-start=\"1510\" data-end=\"1650\">Strapazierf\u00e4higer Rahmen: Der aus verschlei\u00dffestem Stahl gefertigte Rahmen bietet eine hohe Festigkeit und Haltbarkeit f\u00fcr den langfristigen industriellen Einsatz.<\/li>\n<li data-start=\"1653\" data-end=\"1806\">PLC-Steuersystem: Die einfach zu bedienende Schnittstelle zur speicherprogrammierbaren Steuerung (SPS) erm\u00f6glicht eine vollst\u00e4ndige Automatisierung und pr\u00e4zise Steuerung des Ballenpressvorgangs.<\/li>\n<li data-start=\"1809\" data-end=\"1967\">Anpassbare Ballengr\u00f6\u00dfe: Die Abmessungen der ausgegebenen Ballen k\u00f6nnen an die Anforderungen des Kunden angepasst werden, um die Kompatibilit\u00e4t mit Transport- und Lagersystemen zu gew\u00e4hrleisten.<\/li>\n<li data-start=\"1970\" data-end=\"2082\">Sicherheitskonzept: Eingebaute Sicherheitsverriegelungen und Not-Aus-Funktionen gew\u00e4hrleisten den Schutz des Bedieners w\u00e4hrend des Einsatzes.<\/li>\n<\/ul>\n<h3 data-start=\"2084\" data-end=\"2101\">Anwendungen:<\/h3>\n<p data-start=\"2103\" data-end=\"2226\">Die Metallballenpresse mit Trichter ist f\u00fcr eine Vielzahl von Metallschrott-Recyclingverfahren geeignet, einschlie\u00dflich, aber nicht beschr\u00e4nkt auf:<\/p>\n<ul>\n<li data-start=\"2229\" data-end=\"2244\">Stahlwerke<\/li>\n<li data-start=\"2247\" data-end=\"2285\">Recyclinganlagen f\u00fcr Nichteisenmetalle<\/li>\n<li data-start=\"2288\" data-end=\"2320\">Fabriken f\u00fcr Aluminiumextrusion<\/li>\n<li data-start=\"2323\" data-end=\"2356\">Hersteller von Automobilteilen<\/li>\n<li data-start=\"2359\" data-end=\"2387\">Stanzwerkst\u00e4tten f\u00fcr Metall<\/li>\n<li data-start=\"2390\" data-end=\"2441\">Bearbeitungszentren und Werkzeugherstellungsanlagen<\/li>\n<\/ul>\n<p data-start=\"2443\" data-end=\"2476\">Sie kann Materialien wie z.B.:<\/p>\n<ul>\n<li data-start=\"2479\" data-end=\"2494\">Aluminiumschrott<\/li>\n<li data-start=\"2497\" data-end=\"2519\">Kupferdr\u00e4hte und -rohre<\/li>\n<li data-start=\"2522\" data-end=\"2537\">Garnituren aus Stahl<\/li>\n<li data-start=\"2540\" data-end=\"2562\">Schrott aus rostfreiem Stahl<\/li>\n<li data-start=\"2565\" data-end=\"2578\">Eisensp\u00e4ne<\/li>\n<li data-start=\"2581\" data-end=\"2599\">Legierte Metallteile<\/li>\n<\/ul>\n<p data-start=\"2601\" data-end=\"2799\">Durch die Verarbeitung von losen Metallabf\u00e4llen zu hochverdichteten Ballen hilft diese Maschine Unternehmen, Transport- und Lagerkosten zu sparen und gleichzeitig den Schrottwert beim Verkauf an Schmelzwerke oder Metallverarbeiter zu erh\u00f6hen.<\/p>\n<h3 data-start=\"2801\" data-end=\"2853\">Vorteile der Verwendung unserer Metallballenpresse mit Trichter:<\/h3>\n<ol>\n<li data-start=\"2858\" data-end=\"2993\">Arbeitsersparnis: Durch die automatische Zuf\u00fchrung werden weniger Arbeiter f\u00fcr den Ballenpressvorgang ben\u00f6tigt, wodurch Arbeitskr\u00e4fte f\u00fcr andere Aufgaben frei werden.<\/li>\n<li data-start=\"2997\" data-end=\"3145\">Zeiteffizienz: Durch den schnelleren Betrieb und die kontinuierliche Beschickung wird die Produktivit\u00e4t erheblich gesteigert, so dass mehr Schrott in k\u00fcrzerer Zeit verarbeitet werden kann.<\/li>\n<li data-start=\"3149\" data-end=\"3278\">Platzsparend: Gepresste Ballen nehmen deutlich weniger Platz ein als loses Metall, wodurch die Lagerung in Lagern und Containern optimiert wird.<\/li>\n<li data-start=\"3282\" data-end=\"3391\">H\u00f6herer Wiederverkaufswert: Dichte, gleichm\u00e4\u00dfige Ballen sind leichter zu handhaben und auf dem Recyclingmarkt wertvoller.<\/li>\n<li data-start=\"3395\" data-end=\"3527\">Einhaltung von Umweltvorschriften: Hilft bei der Einhaltung von Umweltschutzstandards durch die F\u00f6rderung von nachhaltigem Abfallmanagement und Recycling.<\/li>\n<\/ol>\n<h3 data-start=\"3529\" data-end=\"3572\">Warum sollten Sie sich f\u00fcr unsere Metallballenpresse mit Trichter entscheiden?<\/h3>\n<p data-start=\"3574\" data-end=\"3859\">Wir verf\u00fcgen \u00fcber jahrelange Erfahrung in der Entwicklung und Herstellung von Ballenpressen f\u00fcr industrielle und gewerbliche Anwendungen. Unsere Metallballenpressen mit Trichter werden mit Pr\u00e4zision entwickelt, wobei hochwertige Materialien und zuverl\u00e4ssige Komponenten verwendet werden, um eine stabile Leistung in anspruchsvollen Umgebungen zu gew\u00e4hrleisten.<\/p>\n<p data-start=\"3861\" data-end=\"4149\">Wir bieten auch kundenspezifische Anpassungen an Ihr Produktionslayout und Ihre Recyclinganforderungen, einschlie\u00dflich Anpassungen der Trichtergr\u00f6\u00dfe, der Ballenabmessungen und der Motorleistung. Umfassende technische Unterst\u00fctzung, Installationsanleitung und Kundendienst garantieren die Zufriedenheit unserer Kunden.<\/p>\n<h3 data-start=\"4156\" data-end=\"4170\">Schlussfolgerung<\/h3>\n<p data-start=\"4172\" data-end=\"4584\">Die Bunkerpresse ist ein unverzichtbares Ger\u00e4t f\u00fcr alle Unternehmen, die mit gro\u00dfen Mengen an Metallschrott umgehen. Mit ihrer automatischen Zuf\u00fchrung, der leistungsstarken hydraulischen Kompression und der robusten Konstruktion bietet diese Maschine un\u00fcbertroffene Effizienz und Zuverl\u00e4ssigkeit. Ganz gleich, ob Sie Aluminium-, Kupfer- oder Stahlabf\u00e4lle verarbeiten, unsere Ballenpresse hilft Ihnen, Kosten zu senken, Abl\u00e4ufe zu rationalisieren und die Rentabilit\u00e4t zu steigern.<\/p>","protected":false},"excerpt":{"rendered":"<p>Die Metallballenpresse mit Trichter bietet eine leistungsstarke Verdichtung f\u00fcr die Verarbeitung von Metallschrott. Die Konstruktion mit offenem Trichter erm\u00f6glicht die kontinuierliche Zuf\u00fchrung von Stahl-, Aluminium- und Kupferschrott, w\u00e4hrend der hydraulische Druck von 50-200 T dichte, stapelbare Ballen (bis zu 800 kg\/m\u00b3) erzeugt. Zu den Merkmalen geh\u00f6ren automatische Beladung, SPS-Steuerung und \u00dcberlastungsschutz, wodurch die Arbeitskosten um 60% gesenkt werden. Ideal f\u00fcr Schrottpl\u00e4tze, Gie\u00dfereien und Recyclingbetriebe.<\/p>","protected":false},"featured_media":1941,"template":"","meta":{"site-sidebar-layout":"default","site-content-layout":"","ast-site-content-layout":"default","site-content-style":"default","site-sidebar-style":"default","ast-global-header-display":"","ast-banner-title-visibility":"","ast-main-header-display":"","ast-hfb-above-header-display":"","ast-hfb-below-header-display":"","ast-hfb-mobile-header-display":"","site-post-title":"","ast-breadcrumbs-content":"","ast-featured-img":"","footer-sml-layout":"","ast-disable-related-posts":"","theme-transparent-header-meta":"default","adv-header-id-meta":"","stick-header-meta":"","header-above-stick-meta":"","header-main-stick-meta":"","header-below-stick-meta":"","astra-migrate-meta-layouts":"set","ast-page-background-enabled":"default","ast-page-background-meta":{"desktop":{"background-color":"var(--ast-global-color-5)","background-image":"","background-repeat":"repeat","background-position":"center center","background-size":"auto","background-attachment":"scroll","background-type":"","background-media":"","overlay-type":"","overlay-color":"","overlay-opacity":"","overlay-gradient":""},"tablet":{"background-color":"","background-image":"","background-repeat":"repeat","background-position":"center center","background-size":"auto","background-attachment":"scroll","background-type":"","background-media":"","overlay-type":"","overlay-color":"","overlay-opacity":"","overlay-gradient":""},"mobile":{"background-color":"","background-image":"","background-repeat":"repeat","background-position":"center center","background-size":"auto","background-attachment":"scroll","background-type":"","background-media":"","overlay-type":"","overlay-color":"","overlay-opacity":"","overlay-gradient":""}},"ast-content-background-meta":{"desktop":{"background-color":"var(--ast-global-color-4)","background-image":"","background-repeat":"repeat","background-position":"center center","background-size":"auto","background-attachment":"scroll","background-type":"","background-media":"","overlay-type":"","overlay-color":"","overlay-opacity":"","overlay-gradient":""},"tablet":{"background-color":"var(--ast-global-color-4)","background-image":"","background-repeat":"repeat","background-position":"center center","background-size":"auto","background-attachment":"scroll","background-type":"","background-media":"","overlay-type":"","overlay-color":"","overlay-opacity":"","overlay-gradient":""},"mobile":{"background-color":"var(--ast-global-color-4)","background-image":"","background-repeat":"repeat","background-position":"center center","background-size":"auto","background-attachment":"scroll","background-type":"","background-media":"","overlay-type":"","overlay-color":"","overlay-opacity":"","overlay-gradient":""}}},"product_brand":[],"product_cat":[21,155],"product_tag":[],"class_list":{"0":"post-2006","1":"product","2":"type-product","3":"status-publish","4":"has-post-thumbnail","6":"product_cat-baling-machine","7":"product_cat-metal-baler","8":"desktop-align-left","9":"tablet-align-left","10":"mobile-align-left","12":"first","13":"instock","14":"shipping-taxable","15":"product-type-simple"},"_links":{"self":[{"href":"https:\/\/www.gigapa.com\/de\/wp-json\/wp\/v2\/product\/2006","targetHints":{"allow":["GET"]}}],"collection":[{"href":"https:\/\/www.gigapa.com\/de\/wp-json\/wp\/v2\/product"}],"about":[{"href":"https:\/\/www.gigapa.com\/de\/wp-json\/wp\/v2\/types\/product"}],"version-history":[{"count":3,"href":"https:\/\/www.gigapa.com\/de\/wp-json\/wp\/v2\/product\/2006\/revisions"}],"predecessor-version":[{"id":2150,"href":"https:\/\/www.gigapa.com\/de\/wp-json\/wp\/v2\/product\/2006\/revisions\/2150"}],"wp:featuredmedia":[{"embeddable":true,"href":"https:\/\/www.gigapa.com\/de\/wp-json\/wp\/v2\/media\/1941"}],"wp:attachment":[{"href":"https:\/\/www.gigapa.com\/de\/wp-json\/wp\/v2\/media?parent=2006"}],"wp:term":[{"taxonomy":"product_brand","embeddable":true,"href":"https:\/\/www.gigapa.com\/de\/wp-json\/wp\/v2\/product_brand?post=2006"},{"taxonomy":"product_cat","embeddable":true,"href":"https:\/\/www.gigapa.com\/de\/wp-json\/wp\/v2\/product_cat?post=2006"},{"taxonomy":"product_tag","embeddable":true,"href":"https:\/\/www.gigapa.com\/de\/wp-json\/wp\/v2\/product_tag?post=2006"}],"curies":[{"name":"wp","href":"https:\/\/api.w.org\/{rel}","templated":true}]}}