{"id":2012,"date":"2025-06-17T16:08:51","date_gmt":"2025-06-17T08:08:51","guid":{"rendered":"https:\/\/www.gigapa.com\/?post_type=product&#038;p=2012"},"modified":"2025-10-13T09:17:02","modified_gmt":"2025-10-13T01:17:02","slug":"dual-shaft-shredder-for-waste-recycling","status":"publish","type":"product","link":"https:\/\/www.gigapa.com\/de\/product\/dual-shaft-shredder-for-waste-recycling\/","title":{"rendered":"Doppelwellenzerkleinerer f\u00fcr das Abfallrecycling"},"content":{"rendered":"<p data-start=\"212\" data-end=\"598\" data-immersive-translate-walked=\"cc814a56-c726-41fa-87f3-90e3d83f536c\" data-immersive-translate-paragraph=\"1\">Der Zweiwellenzerkleinerer f\u00fcr das Abfallrecycling ist eine \u00e4u\u00dferst vielseitige und robuste Maschine, die f\u00fcr die Verarbeitung einer Vielzahl von Abfallmaterialien ausgelegt ist. Dieser Zweiwellenzerkleinerer besteht aus Komponenten in Industriequalit\u00e4t und ist auf maximale Effizienz ausgelegt. Er ist die ideale L\u00f6sung f\u00fcr Industrien, die das Abfallvolumen reduzieren, die Recyclingeffizienz verbessern und die Einhaltung von Umweltvorschriften sicherstellen wollen.<\/p>\n<h3 data-start=\"600\" data-end=\"657\" data-immersive-translate-walked=\"cc814a56-c726-41fa-87f3-90e3d83f536c\" data-immersive-translate-paragraph=\"1\">Unerreichte Leistung f\u00fcr die Verarbeitung schwerer Abf\u00e4lle<\/h3>\n<p data-start=\"659\" data-end=\"1132\" data-immersive-translate-walked=\"cc814a56-c726-41fa-87f3-90e3d83f536c\" data-immersive-translate-paragraph=\"1\">Das Herzst\u00fcck dieses Zerkleinerers sind zwei gegenl\u00e4ufige Wellen, die mit drehmomentstarken Motoren mit niedriger Drehzahl ausgestattet sind. Dank dieser Konstruktion kann der Zerkleinerer selbst die schwierigsten Materialien wie Kunststofff\u00e4sser, Metallschrott, Elektroschrott, Holzpaletten, Gummireifen, Textilien und feste Siedlungsabf\u00e4lle problemlos verarbeiten. Der langsame Betrieb minimiert die Ger\u00e4usch- und Staubentwicklung und verhindert gleichzeitig ein Verklemmen und \u00dcberhitzen - ideal f\u00fcr den Dauerbetrieb in anspruchsvollen Umgebungen.<\/p>\n<h3 data-start=\"1134\" data-end=\"1182\" data-immersive-translate-walked=\"cc814a56-c726-41fa-87f3-90e3d83f536c\" data-immersive-translate-paragraph=\"1\">Robuste Konstruktion, f\u00fcr Langlebigkeit ausgelegt<\/h3>\n<p data-start=\"1184\" data-end=\"1556\" data-immersive-translate-walked=\"cc814a56-c726-41fa-87f3-90e3d83f536c\" data-immersive-translate-paragraph=\"1\">Der Doppelwellenzerkleinerer f\u00fcr das Abfallrecycling ist mit einem robusten Stahlgeh\u00e4use und verschlei\u00dffesten Messern ausgestattet, die eine lange Lebensdauer garantieren. Die Klingen bestehen aus hochlegiertem, geh\u00e4rtetem Stahl und sind vollst\u00e4ndig austauschbar, was die Wartungskosten und Ausfallzeiten reduziert. Das Getriebe und der Motor sind f\u00fcr eine kompakte Leistung und optimierte Kraft\u00fcbertragung integriert.<\/p>\n<h3 data-start=\"1558\" data-end=\"1602\" data-immersive-translate-walked=\"cc814a56-c726-41fa-87f3-90e3d83f536c\" data-immersive-translate-paragraph=\"1\">Vielseitige Anwendungen in verschiedenen Branchen<\/h3>\n<p data-start=\"1604\" data-end=\"1774\" data-immersive-translate-walked=\"cc814a56-c726-41fa-87f3-90e3d83f536c\" data-immersive-translate-paragraph=\"1\">Dieser Doppelwellenzerkleinerer wird h\u00e4ufig in Recyclinganlagen, Produktionsst\u00e4tten, M\u00fcllverbrennungsanlagen und Logistiklagern eingesetzt. Er unterst\u00fctzt Anwendungen wie z. B.:<\/p>\n<ul>\n<li data-start=\"1778\" data-end=\"1842\" data-immersive-translate-walked=\"cc814a56-c726-41fa-87f3-90e3d83f536c\" data-immersive-translate-paragraph=\"1\">Kunststoffrecycling - Zerkleinerung von HDPE, PP, PET, PVC und mehr<\/li>\n<li data-start=\"1845\" data-end=\"1917\" data-immersive-translate-walked=\"cc814a56-c726-41fa-87f3-90e3d83f536c\" data-immersive-translate-paragraph=\"1\">Metallrecycling - Umgang mit leichten Eisen- und Nichteisenwerkstoffen<\/li>\n<li data-start=\"1920\" data-end=\"2010\" data-immersive-translate-walked=\"cc814a56-c726-41fa-87f3-90e3d83f536c\" data-immersive-translate-paragraph=\"1\">Elektronikschrott (E-Schrott) - Demontage von Leiterplatten, Kabeln und Kleinger\u00e4ten<\/li>\n<li data-start=\"2013\" data-end=\"2082\" data-immersive-translate-walked=\"cc814a56-c726-41fa-87f3-90e3d83f536c\" data-immersive-translate-paragraph=\"1\">Gummiverarbeitung - Zerkleinerung von Reifen und Gummiplatten zur Wiederverwendung<\/li>\n<li data-start=\"2085\" data-end=\"2148\" data-immersive-translate-walked=\"cc814a56-c726-41fa-87f3-90e3d83f536c\" data-immersive-translate-paragraph=\"1\">Holzrecycling - Zerlegung von Paletten und Holzverpackungen<\/li>\n<li data-start=\"2151\" data-end=\"2230\" data-immersive-translate-walked=\"cc814a56-c726-41fa-87f3-90e3d83f536c\" data-immersive-translate-paragraph=\"1\">Textilschreddern - Zerkleinerung von Altkleidern, Stoffen und Vliesstoffen<\/li>\n<\/ul>\n<h3 data-start=\"2232\" data-end=\"2276\" data-immersive-translate-walked=\"cc814a56-c726-41fa-87f3-90e3d83f536c\" data-immersive-translate-paragraph=\"1\">Intelligente Steuerungen und Sicherheitsfunktionen<\/h3>\n<p data-start=\"2278\" data-end=\"2670\" data-immersive-translate-walked=\"cc814a56-c726-41fa-87f3-90e3d83f536c\" data-immersive-translate-paragraph=\"1\">Der H\u00e4cksler ist mit einem benutzerfreundlichen Bedienfeld und einem SPS-System ausgestattet, das es dem Bediener erm\u00f6glicht, die Einstellungen einfach anzupassen und den Betrieb in Echtzeit zu \u00fcberwachen. Er verf\u00fcgt \u00fcber einen automatischen \u00dcberlastungsschutz, Not-Aus-Tasten und eine R\u00fcckw\u00e4rtslauffunktion, um Sch\u00e4den durch unerwartete Blockaden zu vermeiden. Diese Sicherheitsfunktionen gew\u00e4hrleisten einen sicheren Betrieb und sch\u00fctzen sowohl die Maschine als auch den Bediener.<\/p>\n<h3 data-start=\"2672\" data-end=\"2713\" data-immersive-translate-walked=\"cc814a56-c726-41fa-87f3-90e3d83f536c\" data-immersive-translate-paragraph=\"1\">Umweltfreundliche L\u00f6sung zur Abfallreduzierung<\/h3>\n<p data-start=\"2715\" data-end=\"3126\" data-immersive-translate-walked=\"cc814a56-c726-41fa-87f3-90e3d83f536c\" data-immersive-translate-paragraph=\"1\">Der Zweiwellenzerkleinerer f\u00fcr das Abfallrecycling spielt eine entscheidende Rolle bei der Minimierung von Deponieabf\u00e4llen und der Maximierung der Materialr\u00fcckgewinnung. Durch die effiziente Zerkleinerung sperriger Abf\u00e4lle in kleinere, handhabbare Teile vereinfacht er die nachgeschaltete Verarbeitung und tr\u00e4gt zur Einhaltung von Umweltstandards bei. Unternehmen, die ihren CO2-Fu\u00dfabdruck reduzieren und eine Kreislaufwirtschaft f\u00f6rdern wollen, finden in diesem Zerkleinerer einen unverzichtbaren Vorteil.<\/p>\n<h3 data-start=\"3128\" data-end=\"3174\" data-immersive-translate-walked=\"cc814a56-c726-41fa-87f3-90e3d83f536c\" data-immersive-translate-paragraph=\"1\">Einfache Wartung und Anpassungsm\u00f6glichkeiten<\/h3>\n<p data-start=\"3176\" data-end=\"3598\" data-immersive-translate-walked=\"cc814a56-c726-41fa-87f3-90e3d83f536c\" data-immersive-translate-paragraph=\"1\">Der Zerkleinerer ist so konzipiert, dass er leicht zug\u00e4nglich ist und einen schnellen Messerwechsel und eine schnelle Innenreinigung erm\u00f6glicht. Er ist in verschiedenen Modellen mit anpassbaren Konfigurationen erh\u00e4ltlich, wie z. B. Messerbreite, Motorleistung, Trichtergr\u00f6\u00dfe und Auswurfoptionen, um spezifischen Recyclinganforderungen gerecht zu werden. Ganz gleich, ob Sie eine kleine Recyclinganlage oder eine gro\u00dfe Industrieanlage betreiben, dieser Zerkleinerer kann genau auf Ihre Anforderungen zugeschnitten werden.<\/p>\n<h3 data-start=\"3605\" data-end=\"3664\" data-immersive-translate-walked=\"cc814a56-c726-41fa-87f3-90e3d83f536c\">Warum sollten Sie unseren Doppelwellenzerkleinerer f\u00fcr das Abfallrecycling w\u00e4hlen?<\/h3>\n<ul data-start=\"3666\" data-end=\"3975\" data-immersive-translate-walked=\"cc814a56-c726-41fa-87f3-90e3d83f536c\">\n<li data-start=\"3666\" data-end=\"3739\" data-immersive-translate-walked=\"cc814a56-c726-41fa-87f3-90e3d83f536c\">\n<p data-start=\"3668\" data-end=\"3739\" data-immersive-translate-walked=\"cc814a56-c726-41fa-87f3-90e3d83f536c\">Zerkleinerung mit hohem Drehmoment und niedriger Geschwindigkeit f\u00fcr \u00fcberragende Leistung und Pr\u00e4zision<\/p>\n<\/li>\n<li data-start=\"3740\" data-end=\"3788\" data-immersive-translate-walked=\"cc814a56-c726-41fa-87f3-90e3d83f536c\">\n<p data-start=\"3742\" data-end=\"3788\" data-immersive-translate-walked=\"cc814a56-c726-41fa-87f3-90e3d83f536c\">Verarbeitet eine breite Palette von Abfallstoffen<\/p>\n<\/li>\n<li data-start=\"3789\" data-end=\"3848\" data-immersive-translate-walked=\"cc814a56-c726-41fa-87f3-90e3d83f536c\">\n<p data-start=\"3791\" data-end=\"3848\" data-immersive-translate-walked=\"cc814a56-c726-41fa-87f3-90e3d83f536c\">Konzipiert f\u00fcr minimale Ausfallzeiten und geringen Wartungsaufwand<\/p>\n<\/li>\n<li data-start=\"3849\" data-end=\"3912\" data-immersive-translate-walked=\"cc814a56-c726-41fa-87f3-90e3d83f536c\">\n<p data-start=\"3851\" data-end=\"3912\" data-immersive-translate-walked=\"cc814a56-c726-41fa-87f3-90e3d83f536c\">Unterst\u00fctzt gr\u00fcne Initiativen und Ziele der Abfallminimierung<\/p>\n<\/li>\n<li data-start=\"3913\" data-end=\"3975\" data-immersive-translate-walked=\"cc814a56-c726-41fa-87f3-90e3d83f536c\">\n<p data-start=\"3915\" data-end=\"3975\" data-immersive-translate-walked=\"cc814a56-c726-41fa-87f3-90e3d83f536c\">Entspricht den internationalen Qualit\u00e4ts- und Sicherheitsstandards<\/p>\n<\/li>\n<\/ul>\n<h3 data-start=\"3982\" data-end=\"3996\" data-immersive-translate-walked=\"cc814a56-c726-41fa-87f3-90e3d83f536c\">Schlussfolgerung<\/h3>\n<p data-start=\"3998\" data-end=\"4396\" data-immersive-translate-walked=\"cc814a56-c726-41fa-87f3-90e3d83f536c\" data-immersive-translate-paragraph=\"1\">Wenn Sie auf der Suche nach einer zuverl\u00e4ssigen, leistungsstarken L\u00f6sung f\u00fcr die umweltgerechte und kosteneffiziente Verarbeitung von Abf\u00e4llen sind, ist der Zweiwellenzerkleinerer f\u00fcr das Abfallrecycling Ihre beste Wahl. Er wurde entwickelt, um die Herausforderungen der modernen Abfallwirtschaft zu meistern, und bietet Langlebigkeit, Effizienz und Flexibilit\u00e4t, die Ihre Recyclingprozesse verbessern und zum Aufbau einer nachhaltigen Zukunft beitragen werden.<\/p>","protected":false},"excerpt":{"rendered":"<p>Unser Doppelwellenzerkleinerer wurde f\u00fcr ein leistungsstarkes Abfallrecycling entwickelt und verarbeitet m\u00fchelos Kunststoffe, Holz, Gummi und Leichtmetalle. Die robusten Doppelwellen mit geh\u00e4rteten Messern gew\u00e4hrleisten eine gleichm\u00e4\u00dfige Zerkleinerung bei minimalem Wartungsaufwand. Dieser Zerkleinerer ist ideal f\u00fcr Industrie-, Kommunal- und Recyclinganlagen und maximiert die Leistung bei gleichzeitiger Reduzierung des Energieverbrauchs. Die robuste Konstruktion und die anpassbaren Siebgr\u00f6\u00dfen erm\u00f6glichen eine pr\u00e4zise Steuerung der Ausgangsmaterialgr\u00f6\u00dfe. Ganz gleich, ob Sie Sperrm\u00fcll verarbeiten oder Materialien f\u00fcr das weitere Recycling vorbereiten, diese Maschine bietet un\u00fcbertroffene Zuverl\u00e4ssigkeit.<\/p>","protected":false},"featured_media":2151,"template":"","meta":{"site-sidebar-layout":"default","site-content-layout":"","ast-site-content-layout":"default","site-content-style":"default","site-sidebar-style":"default","ast-global-header-display":"","ast-banner-title-visibility":"","ast-main-header-display":"","ast-hfb-above-header-display":"","ast-hfb-below-header-display":"","ast-hfb-mobile-header-display":"","site-post-title":"","ast-breadcrumbs-content":"","ast-featured-img":"","footer-sml-layout":"","ast-disable-related-posts":"","theme-transparent-header-meta":"default","adv-header-id-meta":"","stick-header-meta":"","header-above-stick-meta":"","header-main-stick-meta":"","header-below-stick-meta":"","astra-migrate-meta-layouts":"set","ast-page-background-enabled":"default","ast-page-background-meta":{"desktop":{"background-color":"var(--ast-global-color-5)","background-image":"","background-repeat":"repeat","background-position":"center center","background-size":"auto","background-attachment":"scroll","background-type":"","background-media":"","overlay-type":"","overlay-color":"","overlay-opacity":"","overlay-gradient":""},"tablet":{"background-color":"","background-image":"","background-repeat":"repeat","background-position":"center center","background-size":"auto","background-attachment":"scroll","background-type":"","background-media":"","overlay-type":"","overlay-color":"","overlay-opacity":"","overlay-gradient":""},"mobile":{"background-color":"","background-image":"","background-repeat":"repeat","background-position":"center center","background-size":"auto","background-attachment":"scroll","background-type":"","background-media":"","overlay-type":"","overlay-color":"","overlay-opacity":"","overlay-gradient":""}},"ast-content-background-meta":{"desktop":{"background-color":"var(--ast-global-color-4)","background-image":"","background-repeat":"repeat","background-position":"center center","background-size":"auto","background-attachment":"scroll","background-type":"","background-media":"","overlay-type":"","overlay-color":"","overlay-opacity":"","overlay-gradient":""},"tablet":{"background-color":"var(--ast-global-color-4)","background-image":"","background-repeat":"repeat","background-position":"center center","background-size":"auto","background-attachment":"scroll","background-type":"","background-media":"","overlay-type":"","overlay-color":"","overlay-opacity":"","overlay-gradient":""},"mobile":{"background-color":"var(--ast-global-color-4)","background-image":"","background-repeat":"repeat","background-position":"center center","background-size":"auto","background-attachment":"scroll","background-type":"","background-media":"","overlay-type":"","overlay-color":"","overlay-opacity":"","overlay-gradient":""}}},"product_brand":[],"product_cat":[20,149],"product_tag":[],"class_list":{"0":"post-2012","1":"product","2":"type-product","3":"status-publish","4":"has-post-thumbnail","6":"product_cat-shredding-and-crushing-machine","7":"product_cat-double-shaft-shredder","8":"desktop-align-left","9":"tablet-align-left","10":"mobile-align-left","12":"first","13":"instock","14":"shipping-taxable","15":"product-type-simple"},"_links":{"self":[{"href":"https:\/\/www.gigapa.com\/de\/wp-json\/wp\/v2\/product\/2012","targetHints":{"allow":["GET"]}}],"collection":[{"href":"https:\/\/www.gigapa.com\/de\/wp-json\/wp\/v2\/product"}],"about":[{"href":"https:\/\/www.gigapa.com\/de\/wp-json\/wp\/v2\/types\/product"}],"version-history":[{"count":2,"href":"https:\/\/www.gigapa.com\/de\/wp-json\/wp\/v2\/product\/2012\/revisions"}],"predecessor-version":[{"id":2152,"href":"https:\/\/www.gigapa.com\/de\/wp-json\/wp\/v2\/product\/2012\/revisions\/2152"}],"wp:featuredmedia":[{"embeddable":true,"href":"https:\/\/www.gigapa.com\/de\/wp-json\/wp\/v2\/media\/2151"}],"wp:attachment":[{"href":"https:\/\/www.gigapa.com\/de\/wp-json\/wp\/v2\/media?parent=2012"}],"wp:term":[{"taxonomy":"product_brand","embeddable":true,"href":"https:\/\/www.gigapa.com\/de\/wp-json\/wp\/v2\/product_brand?post=2012"},{"taxonomy":"product_cat","embeddable":true,"href":"https:\/\/www.gigapa.com\/de\/wp-json\/wp\/v2\/product_cat?post=2012"},{"taxonomy":"product_tag","embeddable":true,"href":"https:\/\/www.gigapa.com\/de\/wp-json\/wp\/v2\/product_tag?post=2012"}],"curies":[{"name":"wp","href":"https:\/\/api.w.org\/{rel}","templated":true}]}}