{"id":2016,"date":"2025-06-17T14:42:33","date_gmt":"2025-06-17T06:42:33","guid":{"rendered":"https:\/\/www.gigapa.com\/?post_type=product&#038;p=2016"},"modified":"2025-10-13T09:19:00","modified_gmt":"2025-10-13T01:19:00","slug":"door-cover-hydraulic-metal-baling-press","status":"publish","type":"product","link":"https:\/\/www.gigapa.com\/de\/product\/door-cover-hydraulic-metal-baling-press\/","title":{"rendered":"T\u00fcrabdeckung Hydraulische Metallballenpresse"},"content":{"rendered":"<p data-start=\"216\" data-end=\"639\" data-immersive-translate-walked=\"9fa03a8b-0bd0-4f86-b251-1ba77676cccc\" data-immersive-translate-paragraph=\"1\">Die hydraulische Metallballenpresse mit T\u00fcrabdeckung ist eine hochleistungsf\u00e4hige Ballenpresse, die f\u00fcr die Verdichtung einer Vielzahl von Metallschrott in hochdichte, leicht zu transportierende Ballen ausgelegt ist. Ausgestattet mit einer vorderen T\u00fcrabdeckung und hydraulischen Hochleistungszylindern ist diese Ballenpresse ideal f\u00fcr Recyclingzentren, metallverarbeitende Betriebe und Schrottpl\u00e4tze, die das Materialvolumen reduzieren, die Logistik verbessern und die Rentabilit\u00e4t des Recyclings steigern m\u00f6chten.<\/p>\n<h3 data-start=\"646\" data-end=\"666\" data-immersive-translate-walked=\"9fa03a8b-0bd0-4f86-b251-1ba77676cccc\">Wesentliche Merkmale<\/h3>\n<p data-start=\"668\" data-end=\"704\" data-immersive-translate-walked=\"9fa03a8b-0bd0-4f86-b251-1ba77676cccc\" data-immersive-translate-paragraph=\"1\"><strong>Robuste Struktur der T\u00fcrabdeckung<\/strong><\/p>\n<p data-start=\"705\" data-end=\"976\" data-immersive-translate-walked=\"9fa03a8b-0bd0-4f86-b251-1ba77676cccc\" data-immersive-translate-paragraph=\"1\">Diese Metallballenpresse ist mit einer nach vorne klappbaren T\u00fcrabdeckung ausgestattet, die die Presskammer vor der letzten Presse sicher verschlie\u00dft. Die Konstruktion erh\u00f6ht die Betriebssicherheit und sorgt daf\u00fcr, dass der Schrott w\u00e4hrend des Pressvorgangs an seinem Platz bleibt und gut geformte, gleichm\u00e4\u00dfige Ballen entstehen.<\/p>\n<p data-start=\"978\" data-end=\"1017\" data-immersive-translate-walked=\"9fa03a8b-0bd0-4f86-b251-1ba77676cccc\" data-immersive-translate-paragraph=\"1\"><strong>Hochdruck-Hydrauliksystem<\/strong><\/p>\n<p data-start=\"1018\" data-end=\"1312\" data-immersive-translate-walked=\"9fa03a8b-0bd0-4f86-b251-1ba77676cccc\" data-immersive-translate-paragraph=\"1\">Angetrieben durch ein hocheffizientes Hydrauliksystem liefert die Presse eine starke und stabile Presskraft, die in der Lage ist, Stahl-, Aluminium-, Kupfer- und Edelstahlschrott zu verdichten. Der Hauptzylinder erzeugt eine Kraft von bis zu 1250kN oder mehr (je nach Modell) und sorgt so f\u00fcr dichte und stapelbare Ballen.<\/p>\n<p data-start=\"1314\" data-end=\"1355\" data-immersive-translate-walked=\"9fa03a8b-0bd0-4f86-b251-1ba77676cccc\" data-immersive-translate-paragraph=\"1\"><strong>Vielseitige Materialkompatibilit\u00e4t<\/strong><\/p>\n<p data-start=\"1356\" data-end=\"1437\" data-immersive-translate-walked=\"9fa03a8b-0bd0-4f86-b251-1ba77676cccc\" data-immersive-translate-paragraph=\"1\">Diese Maschine eignet sich f\u00fcr die Verdichtung verschiedener Metallschrottmaterialien, einschlie\u00dflich:<\/p>\n<ul>\n<li data-start=\"1441\" data-end=\"1470\" data-immersive-translate-walked=\"9fa03a8b-0bd0-4f86-b251-1ba77676cccc\" data-immersive-translate-paragraph=\"1\">Leichte und d\u00fcnne Stahlbleche<\/li>\n<li data-start=\"1473\" data-end=\"1501\" data-immersive-translate-walked=\"9fa03a8b-0bd0-4f86-b251-1ba77676cccc\" data-immersive-translate-paragraph=\"1\">Aluminiumdosen und -profile<\/li>\n<li data-start=\"1504\" data-end=\"1528\" data-immersive-translate-walked=\"9fa03a8b-0bd0-4f86-b251-1ba77676cccc\" data-immersive-translate-paragraph=\"1\">Kupferrohre und -dr\u00e4hte<\/li>\n<li data-start=\"1531\" data-end=\"1559\" data-immersive-translate-walked=\"9fa03a8b-0bd0-4f86-b251-1ba77676cccc\" data-immersive-translate-paragraph=\"1\">Autoschalen und wei\u00dfe Ware<\/li>\n<li data-start=\"1562\" data-end=\"1607\" data-immersive-translate-walked=\"9fa03a8b-0bd0-4f86-b251-1ba77676cccc\" data-immersive-translate-paragraph=\"1\">Bauschutt und industrielle Metallabf\u00e4lle<\/li>\n<\/ul>\n<p data-start=\"1609\" data-end=\"1776\" data-immersive-translate-walked=\"9fa03a8b-0bd0-4f86-b251-1ba77676cccc\" data-immersive-translate-paragraph=\"1\">Ganz gleich, ob Sie Schrott aus der Neuproduktion oder gemischten Schrott aus Demontagearbeiten verarbeiten, die hydraulische Metallballenpresse mit T\u00fcrabdeckung bietet gleichbleibende Ergebnisse.<\/p>\n<p data-start=\"1778\" data-end=\"1817\" data-immersive-translate-walked=\"9fa03a8b-0bd0-4f86-b251-1ba77676cccc\" data-immersive-translate-paragraph=\"1\"><strong>Manuelle und PLC-Steuerungsoptionen<\/strong><\/p>\n<p data-start=\"1818\" data-end=\"2091\" data-immersive-translate-walked=\"9fa03a8b-0bd0-4f86-b251-1ba77676cccc\" data-immersive-translate-paragraph=\"1\">Die Ballenpresse ist entweder mit manueller Hebelbedienung oder mit SPS-gesteuerter Automatisierung erh\u00e4ltlich und bietet somit Flexibilit\u00e4t f\u00fcr unterschiedliche Betriebsanforderungen. Mit der SPS-Steuerung k\u00f6nnen die Bediener von der automatischen Zykluspressung, dem One-Touch-Betrieb und den Selbstschutzfunktionen des Hydrauliksystems profitieren.<\/p>\n<p data-start=\"2093\" data-end=\"2121\" data-immersive-translate-walked=\"9fa03a8b-0bd0-4f86-b251-1ba77676cccc\" data-immersive-translate-paragraph=\"1\"><strong>Einfache Ballenentladung<\/strong><\/p>\n<p data-start=\"2122\" data-end=\"2380\" data-immersive-translate-walked=\"9fa03a8b-0bd0-4f86-b251-1ba77676cccc\" data-immersive-translate-paragraph=\"1\">Die Maschine verf\u00fcgt \u00fcber einen mechanischen oder hydraulischen Auswerfer, der den fertigen Ballen automatisch aus der Presskammer dr\u00fcckt, was den Betrieb schneller und effizienter macht. Die Ballen k\u00f6nnen je nach Modellkonfiguration horizontal oder seitlich ausgeworfen werden.<\/p>\n<h3 data-start=\"2387\" data-end=\"2428\" data-immersive-translate-walked=\"9fa03a8b-0bd0-4f86-b251-1ba77676cccc\">Technische Spezifikationen (Muster)<\/h3>\n<div class=\"_tableContainer_16hzy_1\" data-immersive-translate-walked=\"9fa03a8b-0bd0-4f86-b251-1ba77676cccc\">\n<div class=\"_tableWrapper_16hzy_14 group flex w-fit flex-col-reverse\" tabindex=\"-1\" data-immersive-translate-walked=\"9fa03a8b-0bd0-4f86-b251-1ba77676cccc\">\n<table class=\"w-fit min-w-(--thread-content-width)\" data-start=\"2430\" data-end=\"3020\" data-immersive-translate-walked=\"9fa03a8b-0bd0-4f86-b251-1ba77676cccc\">\n<thead data-start=\"2430\" data-end=\"2489\" data-immersive-translate-walked=\"9fa03a8b-0bd0-4f86-b251-1ba77676cccc\">\n<tr data-start=\"2430\" data-end=\"2489\" data-immersive-translate-walked=\"9fa03a8b-0bd0-4f86-b251-1ba77676cccc\">\n<th style=\"text-align: left;\" data-start=\"2430\" data-end=\"2456\" data-col-size=\"sm\" data-immersive-translate-walked=\"9fa03a8b-0bd0-4f86-b251-1ba77676cccc\" data-immersive-translate-paragraph=\"1\">Parameter<\/th>\n<th style=\"text-align: left;\" data-start=\"2456\" data-end=\"2489\" data-col-size=\"sm\" data-immersive-translate-walked=\"9fa03a8b-0bd0-4f86-b251-1ba77676cccc\" data-immersive-translate-paragraph=\"1\">Wert<\/th>\n<\/tr>\n<\/thead>\n<tbody data-start=\"2549\" data-end=\"3020\" data-immersive-translate-walked=\"9fa03a8b-0bd0-4f86-b251-1ba77676cccc\">\n<tr data-start=\"2549\" data-end=\"2607\" data-immersive-translate-walked=\"9fa03a8b-0bd0-4f86-b251-1ba77676cccc\">\n<td data-start=\"2549\" data-end=\"2574\" data-col-size=\"sm\" data-immersive-translate-walked=\"9fa03a8b-0bd0-4f86-b251-1ba77676cccc\" data-immersive-translate-paragraph=\"1\">Dr\u00fcckende Kraft<\/td>\n<td data-col-size=\"sm\" data-start=\"2574\" data-end=\"2607\" data-immersive-translate-walked=\"9fa03a8b-0bd0-4f86-b251-1ba77676cccc\" data-immersive-translate-paragraph=\"1\">125 - 315 Tonnen (anpassbar)<\/td>\n<\/tr>\n<tr data-start=\"2608\" data-end=\"2666\" data-immersive-translate-walked=\"9fa03a8b-0bd0-4f86-b251-1ba77676cccc\">\n<td data-start=\"2608\" data-end=\"2633\" data-col-size=\"sm\" data-immersive-translate-walked=\"9fa03a8b-0bd0-4f86-b251-1ba77676cccc\" data-immersive-translate-paragraph=\"1\">Ballengr\u00f6\u00dfe<\/td>\n<td data-col-size=\"sm\" data-start=\"2633\" data-end=\"2666\" data-immersive-translate-walked=\"9fa03a8b-0bd0-4f86-b251-1ba77676cccc\" data-immersive-translate-paragraph=\"1\">300\u00d7300mm \/ 400\u00d7400mm usw.<\/td>\n<\/tr>\n<tr data-start=\"2667\" data-end=\"2725\" data-immersive-translate-walked=\"9fa03a8b-0bd0-4f86-b251-1ba77676cccc\">\n<td data-start=\"2667\" data-end=\"2692\" data-col-size=\"sm\" data-immersive-translate-walked=\"9fa03a8b-0bd0-4f86-b251-1ba77676cccc\" data-immersive-translate-paragraph=\"1\">Ballengewicht<\/td>\n<td data-col-size=\"sm\" data-start=\"2692\" data-end=\"2725\" data-immersive-translate-walked=\"9fa03a8b-0bd0-4f86-b251-1ba77676cccc\" data-immersive-translate-paragraph=\"1\">40 - 200 kg<\/td>\n<\/tr>\n<tr data-start=\"2726\" data-end=\"2784\" data-immersive-translate-walked=\"9fa03a8b-0bd0-4f86-b251-1ba77676cccc\">\n<td data-start=\"2726\" data-end=\"2751\" data-col-size=\"sm\" data-immersive-translate-walked=\"9fa03a8b-0bd0-4f86-b251-1ba77676cccc\" data-immersive-translate-paragraph=\"1\">Zykluszeit<\/td>\n<td data-col-size=\"sm\" data-start=\"2751\" data-end=\"2784\" data-immersive-translate-walked=\"9fa03a8b-0bd0-4f86-b251-1ba77676cccc\" data-immersive-translate-paragraph=\"1\">60 - 90 Sekunden<\/td>\n<\/tr>\n<tr data-start=\"2785\" data-end=\"2843\" data-immersive-translate-walked=\"9fa03a8b-0bd0-4f86-b251-1ba77676cccc\">\n<td data-start=\"2785\" data-end=\"2810\" data-col-size=\"sm\" data-immersive-translate-walked=\"9fa03a8b-0bd0-4f86-b251-1ba77676cccc\" data-immersive-translate-paragraph=\"1\">Motorleistung<\/td>\n<td data-col-size=\"sm\" data-start=\"2810\" data-end=\"2843\" data-immersive-translate-walked=\"9fa03a8b-0bd0-4f86-b251-1ba77676cccc\" data-immersive-translate-paragraph=\"1\">15 - 45 kW<\/td>\n<\/tr>\n<tr data-start=\"2844\" data-end=\"2902\" data-immersive-translate-walked=\"9fa03a8b-0bd0-4f86-b251-1ba77676cccc\">\n<td data-start=\"2844\" data-end=\"2869\" data-col-size=\"sm\" data-immersive-translate-walked=\"9fa03a8b-0bd0-4f86-b251-1ba77676cccc\" data-immersive-translate-paragraph=\"1\">Betriebsart<\/td>\n<td data-col-size=\"sm\" data-start=\"2869\" data-end=\"2902\" data-immersive-translate-walked=\"9fa03a8b-0bd0-4f86-b251-1ba77676cccc\" data-immersive-translate-paragraph=\"1\">Manuell \/ PLC Auto<\/td>\n<\/tr>\n<tr data-start=\"2903\" data-end=\"2961\" data-immersive-translate-walked=\"9fa03a8b-0bd0-4f86-b251-1ba77676cccc\">\n<td data-start=\"2903\" data-end=\"2928\" data-col-size=\"sm\" data-immersive-translate-walked=\"9fa03a8b-0bd0-4f86-b251-1ba77676cccc\" data-immersive-translate-paragraph=\"1\">Auswurfmethode<\/td>\n<td data-col-size=\"sm\" data-start=\"2928\" data-end=\"2961\" data-immersive-translate-walked=\"9fa03a8b-0bd0-4f86-b251-1ba77676cccc\" data-immersive-translate-paragraph=\"1\">Hydraulischer Seitenschub<\/td>\n<\/tr>\n<tr data-start=\"2962\" data-end=\"3020\" data-immersive-translate-walked=\"9fa03a8b-0bd0-4f86-b251-1ba77676cccc\">\n<td data-start=\"2962\" data-end=\"2987\" data-col-size=\"sm\" data-immersive-translate-walked=\"9fa03a8b-0bd0-4f86-b251-1ba77676cccc\" data-immersive-translate-paragraph=\"1\">Kammer Typ<\/td>\n<td data-col-size=\"sm\" data-start=\"2987\" data-end=\"3020\" data-immersive-translate-walked=\"9fa03a8b-0bd0-4f86-b251-1ba77676cccc\" data-immersive-translate-paragraph=\"1\">Geschlossen mit Fl\u00fcgelt\u00fcr<\/td>\n<\/tr>\n<\/tbody>\n<\/table>\n<div class=\"sticky end-(--thread-content-margin) h-0 self-end select-none\" data-immersive-translate-walked=\"9fa03a8b-0bd0-4f86-b251-1ba77676cccc\">\n<h3 class=\"absolute end-0 flex items-end\" data-immersive-translate-walked=\"9fa03a8b-0bd0-4f86-b251-1ba77676cccc\"><span style=\"font-size: 1.5em; font-weight: bold;\">Anwendungsszenarien<\/span><\/h3>\n<\/div>\n<\/div>\n<\/div>\n<p data-start=\"3058\" data-end=\"3124\" data-immersive-translate-walked=\"9fa03a8b-0bd0-4f86-b251-1ba77676cccc\" data-immersive-translate-paragraph=\"1\">Die hydraulische Metallballenpresse mit T\u00fcrabdeckung ist weit verbreitet in:<\/p>\n<ul>\n<li data-start=\"3128\" data-end=\"3208\" data-immersive-translate-walked=\"9fa03a8b-0bd0-4f86-b251-1ba77676cccc\" data-immersive-translate-paragraph=\"1\">Schrottrecyclingh\u00f6fe - zur Verringerung des Volumens und zur Erh\u00f6hung der Lagerdichte<\/li>\n<li data-start=\"3211\" data-end=\"3277\" data-immersive-translate-walked=\"9fa03a8b-0bd0-4f86-b251-1ba77676cccc\" data-immersive-translate-paragraph=\"1\">Stahlwerke und Gie\u00dfereien - zur Verdichtung von Schrott vor dem Einschmelzen<\/li>\n<li data-start=\"3280\" data-end=\"3362\" data-immersive-translate-walked=\"9fa03a8b-0bd0-4f86-b251-1ba77676cccc\" data-immersive-translate-paragraph=\"1\">Metallhandelsunternehmen - f\u00fcr leichteren Transport und besseren Schrottwert<\/li>\n<li data-start=\"3365\" data-end=\"3445\" data-immersive-translate-walked=\"9fa03a8b-0bd0-4f86-b251-1ba77676cccc\" data-immersive-translate-paragraph=\"1\">Demontage von Fahrzeugen - zur Bearbeitung von Karosserieteilen und Rahmen<\/li>\n<li data-start=\"3448\" data-end=\"3521\" data-immersive-translate-walked=\"9fa03a8b-0bd0-4f86-b251-1ba77676cccc\" data-immersive-translate-paragraph=\"1\">Produktionsanlagen - zum Pressen von Verschnitt und Blechabf\u00e4llen<\/li>\n<\/ul>\n<p data-start=\"3523\" data-end=\"3680\" data-immersive-translate-walked=\"9fa03a8b-0bd0-4f86-b251-1ba77676cccc\" data-immersive-translate-paragraph=\"1\">Durch die Zerkleinerung von losem Schrott in kompakte Ballen werden die Transportkosten minimiert, der Platzbedarf im Lager verringert und der gesamte Recycling-Workflow verbessert.<\/p>\n<h3 data-start=\"3687\" data-end=\"3717\" data-immersive-translate-walked=\"9fa03a8b-0bd0-4f86-b251-1ba77676cccc\">Vorteile auf einen Blick<\/h3>\n<ul>\n<li data-start=\"3721\" data-end=\"3764\" data-immersive-translate-walked=\"9fa03a8b-0bd0-4f86-b251-1ba77676cccc\" data-immersive-translate-paragraph=\"1\">Starke Rahmenkonstruktion f\u00fcr lange Nutzungsdauer<\/li>\n<li data-start=\"3767\" data-end=\"3834\" data-immersive-translate-walked=\"9fa03a8b-0bd0-4f86-b251-1ba77676cccc\" data-immersive-translate-paragraph=\"1\">Die T\u00fcrabdeckung gew\u00e4hrleistet saubere, quadratische Ballen mit minimalem Materialverlust<\/li>\n<li data-start=\"3837\" data-end=\"3895\" data-immersive-translate-walked=\"9fa03a8b-0bd0-4f86-b251-1ba77676cccc\" data-immersive-translate-paragraph=\"1\">Effiziente Hydraulikkomponenten reduzieren den Energieverbrauch<\/li>\n<li data-start=\"3898\" data-end=\"3959\" data-immersive-translate-walked=\"9fa03a8b-0bd0-4f86-b251-1ba77676cccc\" data-immersive-translate-paragraph=\"1\">Optionale Fernbedienungen oder Fu\u00dfschalter f\u00fcr mehr Sicherheit<\/li>\n<li data-start=\"3962\" data-end=\"4007\" data-immersive-translate-walked=\"9fa03a8b-0bd0-4f86-b251-1ba77676cccc\" data-immersive-translate-paragraph=\"1\">Einfache Installation, Bedienung und Wartung<\/li>\n<\/ul>\n<h3 data-start=\"4014\" data-end=\"4064\" data-immersive-translate-walked=\"9fa03a8b-0bd0-4f86-b251-1ba77676cccc\">Warum sollten Sie unsere hydraulische Ballenpresse mit T\u00fcrabdeckung w\u00e4hlen?<\/h3>\n<ul>\n<li data-start=\"4068\" data-end=\"4118\" data-immersive-translate-walked=\"9fa03a8b-0bd0-4f86-b251-1ba77676cccc\" data-immersive-translate-paragraph=\"1\">ISO- und CE-zertifiziert f\u00fcr den weltweiten industriellen Einsatz<\/li>\n<li data-start=\"4121\" data-end=\"4199\" data-immersive-translate-walked=\"9fa03a8b-0bd0-4f86-b251-1ba77676cccc\" data-immersive-translate-paragraph=\"1\">Anpassbare Spezifikationen f\u00fcr unterschiedliche Materialien und Ausgabegr\u00f6\u00dfen<\/li>\n<li data-start=\"4202\" data-end=\"4263\" data-immersive-translate-walked=\"9fa03a8b-0bd0-4f86-b251-1ba77676cccc\" data-immersive-translate-paragraph=\"1\">Erfahrenes Ingenieurteam mit schnellem Reaktionssupport<\/li>\n<li data-start=\"4266\" data-end=\"4345\" data-immersive-translate-walked=\"9fa03a8b-0bd0-4f86-b251-1ba77676cccc\" data-immersive-translate-paragraph=\"1\">Erfolgreiche Installationen in S\u00fcdostasien, Europa und S\u00fcdamerika<\/li>\n<li data-start=\"4348\" data-end=\"4421\" data-immersive-translate-walked=\"9fa03a8b-0bd0-4f86-b251-1ba77676cccc\" data-immersive-translate-paragraph=\"1\">Wettbewerbsf\u00e4hige Preise, einschlie\u00dflich Ersatzteile und Kundendienst<\/li>\n<\/ul>\n<h3 data-start=\"4428\" data-end=\"4446\" data-immersive-translate-walked=\"9fa03a8b-0bd0-4f86-b251-1ba77676cccc\">Schlussfolgerung<\/h3>\n<p data-start=\"4448\" data-end=\"4841\" data-immersive-translate-walked=\"9fa03a8b-0bd0-4f86-b251-1ba77676cccc\">Die hydraulische Metallballenpresse mit T\u00fcrabdeckung ist eine kosteng\u00fcnstige, leistungsstarke L\u00f6sung f\u00fcr die Verarbeitung von Metallschrott. Mit ihrer sicheren T\u00fcrstruktur, der leistungsstarken Hydraulik und den flexiblen Konfigurationsm\u00f6glichkeiten liefert diese Maschine eine gleichbleibende Ballenqualit\u00e4t und reduziert gleichzeitig die Betriebszeit und die Arbeitskosten. Sie ist die ideale Ausr\u00fcstung f\u00fcr jeden Betrieb, der seinen Metallrecyclingprozess optimieren m\u00f6chte.<\/p>","protected":false},"excerpt":{"rendered":"<p>Die hydraulische Metallballenpresse mit T\u00fcrabdeckung ist eine leistungsstarke Schrottpresse, die verschiedene Metallabf\u00e4lle, einschlie\u00dflich Stahl, Aluminium und Kupfer, zu dichten, stapelbaren Ballen verdichtet. Die sichere Konstruktion der T\u00fcrabdeckung gew\u00e4hrleistet eine gleichm\u00e4\u00dfige Ballenbildung und erh\u00f6hte Sicherheit f\u00fcr den Bediener. Diese Ballenpresse ist ideal f\u00fcr Recyclinganlagen und metallverarbeitende Betriebe und erh\u00f6ht die Effizienz der Lagerung und senkt die Transportkosten.<\/p>","protected":false},"featured_media":2009,"template":"","meta":{"site-sidebar-layout":"default","site-content-layout":"","ast-site-content-layout":"default","site-content-style":"default","site-sidebar-style":"default","ast-global-header-display":"","ast-banner-title-visibility":"","ast-main-header-display":"","ast-hfb-above-header-display":"","ast-hfb-below-header-display":"","ast-hfb-mobile-header-display":"","site-post-title":"","ast-breadcrumbs-content":"","ast-featured-img":"","footer-sml-layout":"","ast-disable-related-posts":"","theme-transparent-header-meta":"default","adv-header-id-meta":"","stick-header-meta":"","header-above-stick-meta":"","header-main-stick-meta":"","header-below-stick-meta":"","astra-migrate-meta-layouts":"set","ast-page-background-enabled":"default","ast-page-background-meta":{"desktop":{"background-color":"var(--ast-global-color-5)","background-image":"","background-repeat":"repeat","background-position":"center center","background-size":"auto","background-attachment":"scroll","background-type":"","background-media":"","overlay-type":"","overlay-color":"","overlay-opacity":"","overlay-gradient":""},"tablet":{"background-color":"","background-image":"","background-repeat":"repeat","background-position":"center center","background-size":"auto","background-attachment":"scroll","background-type":"","background-media":"","overlay-type":"","overlay-color":"","overlay-opacity":"","overlay-gradient":""},"mobile":{"background-color":"","background-image":"","background-repeat":"repeat","background-position":"center center","background-size":"auto","background-attachment":"scroll","background-type":"","background-media":"","overlay-type":"","overlay-color":"","overlay-opacity":"","overlay-gradient":""}},"ast-content-background-meta":{"desktop":{"background-color":"var(--ast-global-color-4)","background-image":"","background-repeat":"repeat","background-position":"center center","background-size":"auto","background-attachment":"scroll","background-type":"","background-media":"","overlay-type":"","overlay-color":"","overlay-opacity":"","overlay-gradient":""},"tablet":{"background-color":"var(--ast-global-color-4)","background-image":"","background-repeat":"repeat","background-position":"center center","background-size":"auto","background-attachment":"scroll","background-type":"","background-media":"","overlay-type":"","overlay-color":"","overlay-opacity":"","overlay-gradient":""},"mobile":{"background-color":"var(--ast-global-color-4)","background-image":"","background-repeat":"repeat","background-position":"center center","background-size":"auto","background-attachment":"scroll","background-type":"","background-media":"","overlay-type":"","overlay-color":"","overlay-opacity":"","overlay-gradient":""}}},"product_brand":[],"product_cat":[21,155],"product_tag":[144,143,131],"class_list":{"0":"post-2016","1":"product","2":"type-product","3":"status-publish","4":"has-post-thumbnail","6":"product_cat-baling-machine","7":"product_cat-metal-baler","8":"product_tag-hydraulic-metal-baler","9":"product_tag-metal-baling-machine","10":"product_tag-scrap-metal-baler","11":"desktop-align-left","12":"tablet-align-left","13":"mobile-align-left","15":"first","16":"instock","17":"shipping-taxable","18":"product-type-simple"},"_links":{"self":[{"href":"https:\/\/www.gigapa.com\/de\/wp-json\/wp\/v2\/product\/2016","targetHints":{"allow":["GET"]}}],"collection":[{"href":"https:\/\/www.gigapa.com\/de\/wp-json\/wp\/v2\/product"}],"about":[{"href":"https:\/\/www.gigapa.com\/de\/wp-json\/wp\/v2\/types\/product"}],"version-history":[{"count":2,"href":"https:\/\/www.gigapa.com\/de\/wp-json\/wp\/v2\/product\/2016\/revisions"}],"predecessor-version":[{"id":2032,"href":"https:\/\/www.gigapa.com\/de\/wp-json\/wp\/v2\/product\/2016\/revisions\/2032"}],"wp:featuredmedia":[{"embeddable":true,"href":"https:\/\/www.gigapa.com\/de\/wp-json\/wp\/v2\/media\/2009"}],"wp:attachment":[{"href":"https:\/\/www.gigapa.com\/de\/wp-json\/wp\/v2\/media?parent=2016"}],"wp:term":[{"taxonomy":"product_brand","embeddable":true,"href":"https:\/\/www.gigapa.com\/de\/wp-json\/wp\/v2\/product_brand?post=2016"},{"taxonomy":"product_cat","embeddable":true,"href":"https:\/\/www.gigapa.com\/de\/wp-json\/wp\/v2\/product_cat?post=2016"},{"taxonomy":"product_tag","embeddable":true,"href":"https:\/\/www.gigapa.com\/de\/wp-json\/wp\/v2\/product_tag?post=2016"}],"curies":[{"name":"wp","href":"https:\/\/api.w.org\/{rel}","templated":true}]}}