{"id":2294,"date":"2025-06-26T08:35:07","date_gmt":"2025-06-26T00:35:07","guid":{"rendered":"https:\/\/www.gigapa.com\/?post_type=product&#038;p=2294"},"modified":"2026-05-08T17:23:20","modified_gmt":"2026-05-08T09:23:20","slug":"wood-chip-shaving-machine","status":"publish","type":"product","link":"https:\/\/www.gigapa.com\/de\/product\/wood-chip-shaving-machine\/","title":{"rendered":"Hackschnitzelspaltmaschine"},"content":{"rendered":"<h3 data-start=\"95\" data-end=\"111\">Einf\u00fchrung<\/h3>\n<p data-start=\"113\" data-end=\"544\">Die Hackschnitzelmaschine ist ein spezielles Ger\u00e4t, das f\u00fcr die effiziente Herstellung von Hackschnitzeln aus Holzsp\u00e4nen entwickelt wurde. Diese Maschine wird in verschiedenen Industriezweigen wie der Holzverarbeitung, der Herstellung von Tiereinstreu und sogar bei der Herstellung von Holzverbundwerkstoffen eingesetzt. Sie wurde f\u00fcr hohe Effizienz, Langlebigkeit und Pr\u00e4zision bei der Zerkleinerung von Holz in feine, gleichm\u00e4\u00dfige Sp\u00e4ne entwickelt, die den Industriestandards entsprechen.<\/p>\n<p data-start=\"546\" data-end=\"941\">Ganz gleich, ob Sie in der Herstellung von Einstreumaterialien f\u00fcr Tiere oder von Produkten auf Holzbasis t\u00e4tig sind, die Hackschnitzelmaschine ist ein unverzichtbares Werkzeug zur Steigerung Ihrer Produktivit\u00e4t und zur Verringerung des Abfalls. Diese vielseitige Maschine kann verschiedene Arten von Holzsp\u00e4nen verarbeiten und Sp\u00e4ne in verschiedenen Gr\u00f6\u00dfen produzieren, was sie zu einem wertvollen Werkzeug f\u00fcr Unternehmen macht, die ihre Holzverarbeitungsm\u00f6glichkeiten optimieren wollen.<\/p>\n<h3 data-start=\"948\" data-end=\"993\">Merkmale der Hackschnitzelspaltmaschine<\/h3>\n<ol data-start=\"995\" data-end=\"2905\">\n<li data-start=\"995\" data-end=\"1351\">\n<p data-start=\"998\" data-end=\"1351\">Hohe Effizienz und Leistung<br \/>\nDie Hackschnitzelmaschine ist f\u00fcr die Hochgeschwindigkeitsproduktion ausgelegt und gew\u00e4hrleistet einen gleichm\u00e4\u00dfigen Aussto\u00df von Hackschnitzeln. Der effiziente Betrieb der Maschine minimiert die Ausfallzeiten und erm\u00f6glicht eine gleichm\u00e4\u00dfige Produktion in gro\u00dfen Mengen. Sie ist ideal f\u00fcr Unternehmen, die eine hohe Nachfrage befriedigen und gleichzeitig die betriebliche Effizienz aufrechterhalten wollen.<\/p>\n<\/li>\n<li data-start=\"1353\" data-end=\"1761\">\n<p data-start=\"1356\" data-end=\"1761\">Anpassbare Rasiergr\u00f6\u00dfe<br \/>\nEiner der wichtigsten Vorteile der Hackschnitzelmaschine ist die einstellbare Sp\u00e4negr\u00f6\u00dfe. Je nach Anwendung k\u00f6nnen die Bediener die Dicke und Beschaffenheit der Sp\u00e4ne leicht einstellen. Dank dieser Flexibilit\u00e4t eignet sich die Maschine f\u00fcr zahlreiche Branchen, von der Herstellung feiner Sp\u00e4ne f\u00fcr Tiereinstreu bis hin zu gr\u00f6beren Sp\u00e4nen, die in Holzwerkstoffen verwendet werden.<\/p>\n<\/li>\n<li data-start=\"1763\" data-end=\"2149\">\n<p data-start=\"1766\" data-end=\"2149\">Robuste und langlebige Konstruktion<br \/>\nDie aus hochwertigen Materialien gefertigte Holzspanmaschine ist f\u00fcr die Anforderungen der schweren Holzverarbeitung ausgelegt. Die robuste Konstruktion der Maschine gew\u00e4hrleistet eine lange Lebensdauer, auch im Dauerbetrieb. Sie ist verschlei\u00dffest und bietet eine zuverl\u00e4ssige L\u00f6sung f\u00fcr Unternehmen, die auf gleichbleibende Leistung angewiesen sind.<\/p>\n<\/li>\n<li data-start=\"2151\" data-end=\"2516\">\n<p data-start=\"2154\" data-end=\"2516\">Geringe Wartungsanforderungen<br \/>\nDas Design der Maschine umfasst auch wartungsfreundliche Komponenten. Dank der minimalen Anzahl beweglicher Teile ist die Hackschnitzelmaschine einfach zu warten, was kostspielige Reparaturen oder l\u00e4ngere Ausfallzeiten reduziert. Regelm\u00e4\u00dfige Wartung gew\u00e4hrleistet die optimale Leistung und Langlebigkeit der Maschine und macht sie zu einer kosteneffizienten Investition.<\/p>\n<\/li>\n<li data-start=\"2518\" data-end=\"2905\">\n<p data-start=\"2521\" data-end=\"2905\">Umweltfreundlicher Betrieb<br \/>\nDie Maschine arbeitet auf umweltfreundliche Weise, indem sie Holzabf\u00e4lle effizient verwertet. Anstatt die Holzsp\u00e4ne als Abfall zu entsorgen, verwandelt die Maschine sie in n\u00fctzliche Sp\u00e4ne und tr\u00e4gt so zu einer Verringerung der Umweltbelastung bei. Dies macht sie zu einer ausgezeichneten Wahl f\u00fcr Unternehmen, die nachhaltige Praktiken anwenden wollen.<\/p>\n<\/li>\n<\/ol>\n<h3 data-start=\"2912\" data-end=\"2961\">Anwendungen der Hackschnitzelspaltmaschine<\/h3>\n<p data-start=\"2963\" data-end=\"3134\">Die Holzspanmaschine hat eine breite Palette von Anwendungen, die sie zu einem unverzichtbaren Ausr\u00fcstungsgegenstand f\u00fcr verschiedene Branchen machen. Einige der h\u00e4ufigsten Anwendungen sind:<\/p>\n<ol data-start=\"3136\" data-end=\"4735\">\n<li data-start=\"3136\" data-end=\"3493\">\n<p data-start=\"3139\" data-end=\"3493\">Tierische Einstreu<br \/>\nEine der h\u00e4ufigsten Anwendungen der Hackschnitzelmaschine ist die Herstellung von Tiereinstreu. Die von der Maschine produzierten feinen, weichen Sp\u00e4ne sind ideal, um eine komfortable und hygienische Umgebung f\u00fcr Tiere zu schaffen. Die Sp\u00e4ne sind saugf\u00e4hig und tragen dazu bei, die Feuchtigkeit zu regulieren und die Geruchsbildung in Tiergehegen zu verringern.<\/p>\n<\/li>\n<li data-start=\"3495\" data-end=\"3847\">\n<p data-start=\"3498\" data-end=\"3847\">Herstellung von Holzwerkstoffen<br \/>\nDie von der Holzspanmaschine produzierten Sp\u00e4ne werden h\u00e4ufig f\u00fcr die Herstellung von Holzwerkstoffen wie Spanplatten, MDF-Platten (mitteldichte Faserplatten) und Sperrholz verwendet. Diese Sp\u00e4ne dienen als Rohmaterial, das mit Klebstoffen gemischt und zu stabilen Holzverbundprodukten gepresst wird.<\/p>\n<\/li>\n<li data-start=\"3849\" data-end=\"4202\">\n<p data-start=\"3852\" data-end=\"4202\">Holzpellets-Produktion<br \/>\nDie von dieser Maschine erzeugten Sp\u00e4ne k\u00f6nnen auch als Rohmaterial f\u00fcr die Herstellung von Holzpellets verwendet werden. Diese Pellets werden \u00fcblicherweise in Heizungsanlagen sowie in industriellen Anwendungen eingesetzt. Die feinen und gleichm\u00e4\u00dfigen Sp\u00e4ne, die von der Maschine erzeugt werden, sorgen daf\u00fcr, dass die entstehenden Pellets eine gleichm\u00e4\u00dfige Gr\u00f6\u00dfe und Verbrennungseffizienz aufweisen.<\/p>\n<\/li>\n<li data-start=\"4204\" data-end=\"4478\">\n<p data-start=\"4207\" data-end=\"4478\">Verpackungsmaterialien<br \/>\nDie von der Hackschnitzelmaschine produzierten Sp\u00e4ne k\u00f6nnen f\u00fcr die Herstellung umweltfreundlicher Verpackungsmaterialien verwendet werden. Diese Sp\u00e4ne k\u00f6nnen als Polsterung f\u00fcr zerbrechliche Produkte verwendet werden und herk\u00f6mmliche Verpackungsmaterialien wie Schaumstoff oder Kunststoff ersetzen.<\/p>\n<\/li>\n<li data-start=\"4480\" data-end=\"4735\">\n<p data-start=\"4483\" data-end=\"4735\">Landschaftsbau und Mulch<br \/>\nHolzsp\u00e4ne k\u00f6nnen bei Landschaftsbauprojekten und als Mulch im Garten verwendet werden. Die Hackschnitzelmaschine kann Sp\u00e4ne mit gleichm\u00e4\u00dfiger Gr\u00f6\u00dfe produzieren, die sich perfekt f\u00fcr die Verwendung in Gartenbeeten, Blument\u00f6pfen und Rasenfl\u00e4chen eignen.<\/p>\n<\/li>\n<\/ol>\n<h3 data-start=\"4742\" data-end=\"4785\">So funktioniert die Holzspanmaschine<\/h3>\n<p data-start=\"4787\" data-end=\"5046\">Die Hackschnitzelmaschine arbeitet mit einer Reihe mechanischer Prozesse, die Hackschnitzel in feines Hackgut verwandeln. Die Maschine besteht aus einem Zufuhrtrichter, rotierenden Messern und einem Austragssystem. Hier ist ein kurzer \u00dcberblick \u00fcber die Funktionsweise der Maschine:<\/p>\n<ol data-start=\"5048\" data-end=\"5666\">\n<li data-start=\"5048\" data-end=\"5181\">\n<p data-start=\"5051\" data-end=\"5181\">F\u00fctterung von Hackschnitzeln<br \/>\nDie Hackschnitzel werden der Maschine \u00fcber den Einf\u00fclltrichter zugef\u00fchrt, der sie in die Spankammer leitet.<\/p>\n<\/li>\n<li data-start=\"5183\" data-end=\"5436\">\n<p data-start=\"5186\" data-end=\"5436\">Rasierprozess<br \/>\nIn der Sp\u00e4nekammer werden die Holzsp\u00e4ne von hochtourig rotierenden Messern zerschnitten. Die Messer sind so konstruiert, dass sie das Holz in d\u00fcnne, gleichm\u00e4\u00dfige Sp\u00e4ne zerschneiden. Die Gr\u00f6\u00dfe der Sp\u00e4ne kann durch \u00c4nderung der Messereinstellungen angepasst werden.<\/p>\n<\/li>\n<li data-start=\"5438\" data-end=\"5666\">\n<p data-start=\"5441\" data-end=\"5666\">Sp\u00e4neabfuhr<br \/>\nSobald die Hackschnitzel zu Sp\u00e4nen verarbeitet sind, wird das Endprodukt \u00fcber einen Auslaufschacht ausgetragen. Die Sp\u00e4ne werden dann gesammelt und je nach Verwendungszweck weiterverarbeitet.<\/p>\n<\/li>\n<\/ol>\n<h3 data-start=\"5673\" data-end=\"5718\">Vorteile der Hackschnitzelspaltmaschine<\/h3>\n<ol data-start=\"5720\" data-end=\"6889\">\n<li data-start=\"5720\" data-end=\"6035\">\n<p data-start=\"5723\" data-end=\"6035\">Kosteng\u00fcnstig<br \/>\nDie Holzspanmaschine ist eine erschwingliche L\u00f6sung f\u00fcr Unternehmen, die Holzabf\u00e4lle zu wertvollen Produkten verarbeiten wollen. Ihre Effizienz und Langlebigkeit sorgen f\u00fcr niedrige Betriebskosten und machen sie zu einer sinnvollen Investition f\u00fcr Unternehmen in der Holzverarbeitung, Tiereinstreu und anderen Branchen.<\/p>\n<\/li>\n<li data-start=\"6037\" data-end=\"6314\">\n<p data-start=\"6040\" data-end=\"6314\">Verbesserte Abfallwirtschaft<br \/>\nDurch die Umwandlung von Holzsp\u00e4nen in Hackschnitzel hilft diese Maschine Unternehmen, Holzabf\u00e4lle effektiv zu verwalten. Anstatt Holzsp\u00e4ne auf Deponien zu entsorgen, k\u00f6nnen Unternehmen sie in n\u00fctzliche Produkte umwandeln und so zu einer besseren Ressourcennutzung beitragen.<\/p>\n<\/li>\n<li data-start=\"6316\" data-end=\"6587\">\n<p data-start=\"6319\" data-end=\"6587\">Gesteigerte Produktivit\u00e4t<br \/>\nMit ihrer hohen Leistung steigert die Hackschnitzelmaschine die Produktivit\u00e4t, indem sie die Bearbeitungszeiten verk\u00fcrzt und die Ausfallzeiten minimiert. So k\u00f6nnen Unternehmen die hohen Produktionsanforderungen ohne Qualit\u00e4tseinbu\u00dfen erf\u00fcllen.<\/p>\n<\/li>\n<li data-start=\"6589\" data-end=\"6889\">\n<p data-start=\"6592\" data-end=\"6889\">Vielseitigkeit<br \/>\nDie F\u00e4higkeit der Maschine, die Spangr\u00f6\u00dfe einzustellen, macht sie so vielseitig, dass sie in verschiedenen Branchen eingesetzt werden kann. Ganz gleich, ob Sie feine Sp\u00e4ne f\u00fcr Tiereinstreu oder gr\u00f6\u00dfere Sp\u00e4ne f\u00fcr Holzverbundwerkstoffe herstellen m\u00f6chten, die Holzspanmaschine bietet die Flexibilit\u00e4t, die Sie brauchen.<\/p>\n<\/li>\n<\/ol>\n<h3 data-start=\"6896\" data-end=\"6910\">Schlussfolgerung<\/h3>\n<p data-start=\"6912\" data-end=\"7456\">Die Hackschnitzelmaschine ist eine hocheffiziente und vielseitige L\u00f6sung f\u00fcr die Verarbeitung von Hackschnitzeln zu feinen, gleichm\u00e4\u00dfigen Sp\u00e4nen. Ihr robustes Design, ihre anpassbaren Funktionen und ihr umweltfreundlicher Betrieb machen sie zu einer wertvollen Bereicherung f\u00fcr Branchen wie die Tiereinstreuproduktion, die Herstellung holzbasierter Produkte und den Landschaftsbau. Mit ihrer F\u00e4higkeit, Arbeitsabl\u00e4ufe zu rationalisieren und Abf\u00e4lle zu reduzieren, bietet die Holzspanmaschine eine kosteneffektive und nachhaltige L\u00f6sung f\u00fcr Unternehmen, die ihre Produktivit\u00e4t und Ressourcennutzung verbessern m\u00f6chten.<\/p>\n<p data-start=\"7458\" data-end=\"7637\">Durch die Investition in eine Hackschnitzelmaschine k\u00f6nnen Unternehmen nicht nur ihre Bilanz verbessern, sondern auch einen Beitrag zu einer nachhaltigeren und umweltfreundlicheren Industrie leisten.<\/p>","protected":false},"excerpt":{"rendered":"<p>Die Hackschnitzelmaschine verwandelt Holzsp\u00e4ne effizient in hochwertige, gleichm\u00e4\u00dfige Holzsp\u00e4ne. Perfekt f\u00fcr verschiedene Anwendungen, einschlie\u00dflich Tiereinstreu, Verpackungen und Produkte auf Holzbasis. Diese Maschine ist einfach zu bedienen, wartungsarm und f\u00fcr eine lange Lebensdauer ausgelegt und bietet eine kosteng\u00fcnstige L\u00f6sung f\u00fcr die holzverarbeitende Industrie.<\/p>","protected":false},"featured_media":2293,"template":"","meta":{"site-sidebar-layout":"default","site-content-layout":"","ast-site-content-layout":"default","site-content-style":"default","site-sidebar-style":"default","ast-global-header-display":"","ast-banner-title-visibility":"","ast-main-header-display":"","ast-hfb-above-header-display":"","ast-hfb-below-header-display":"","ast-hfb-mobile-header-display":"","site-post-title":"","ast-breadcrumbs-content":"","ast-featured-img":"","footer-sml-layout":"","ast-disable-related-posts":"","theme-transparent-header-meta":"default","adv-header-id-meta":"","stick-header-meta":"","header-above-stick-meta":"","header-main-stick-meta":"","header-below-stick-meta":"","astra-migrate-meta-layouts":"set","ast-page-background-enabled":"default","ast-page-background-meta":{"desktop":{"background-color":"var(--ast-global-color-5)","background-image":"","background-repeat":"repeat","background-position":"center center","background-size":"auto","background-attachment":"scroll","background-type":"","background-media":"","overlay-type":"","overlay-color":"","overlay-opacity":"","overlay-gradient":""},"tablet":{"background-color":"","background-image":"","background-repeat":"repeat","background-position":"center center","background-size":"auto","background-attachment":"scroll","background-type":"","background-media":"","overlay-type":"","overlay-color":"","overlay-opacity":"","overlay-gradient":""},"mobile":{"background-color":"","background-image":"","background-repeat":"repeat","background-position":"center center","background-size":"auto","background-attachment":"scroll","background-type":"","background-media":"","overlay-type":"","overlay-color":"","overlay-opacity":"","overlay-gradient":""}},"ast-content-background-meta":{"desktop":{"background-color":"var(--ast-global-color-4)","background-image":"","background-repeat":"repeat","background-position":"center center","background-size":"auto","background-attachment":"scroll","background-type":"","background-media":"","overlay-type":"","overlay-color":"","overlay-opacity":"","overlay-gradient":""},"tablet":{"background-color":"var(--ast-global-color-4)","background-image":"","background-repeat":"repeat","background-position":"center center","background-size":"auto","background-attachment":"scroll","background-type":"","background-media":"","overlay-type":"","overlay-color":"","overlay-opacity":"","overlay-gradient":""},"mobile":{"background-color":"var(--ast-global-color-4)","background-image":"","background-repeat":"repeat","background-position":"center center","background-size":"auto","background-attachment":"scroll","background-type":"","background-media":"","overlay-type":"","overlay-color":"","overlay-opacity":"","overlay-gradient":""}}},"product_brand":[],"product_cat":[20,150],"product_tag":[123,125,124,126],"class_list":{"0":"post-2294","1":"product","2":"type-product","3":"status-publish","4":"has-post-thumbnail","6":"product_cat-shredding-and-crushing-machine","7":"product_cat-wood-shavings-machine","8":"product_tag-wood-chip-shaving-machine","9":"product_tag-wood-shaving-cutter","10":"product_tag-wood-shaving-cutting-machine","11":"product_tag-wood-shaving-making-machine","12":"desktop-align-left","13":"tablet-align-left","14":"mobile-align-left","16":"first","17":"instock","18":"shipping-taxable","19":"product-type-simple"},"_links":{"self":[{"href":"https:\/\/www.gigapa.com\/de\/wp-json\/wp\/v2\/product\/2294","targetHints":{"allow":["GET"]}}],"collection":[{"href":"https:\/\/www.gigapa.com\/de\/wp-json\/wp\/v2\/product"}],"about":[{"href":"https:\/\/www.gigapa.com\/de\/wp-json\/wp\/v2\/types\/product"}],"version-history":[{"count":3,"href":"https:\/\/www.gigapa.com\/de\/wp-json\/wp\/v2\/product\/2294\/revisions"}],"predecessor-version":[{"id":2297,"href":"https:\/\/www.gigapa.com\/de\/wp-json\/wp\/v2\/product\/2294\/revisions\/2297"}],"wp:featuredmedia":[{"embeddable":true,"href":"https:\/\/www.gigapa.com\/de\/wp-json\/wp\/v2\/media\/2293"}],"wp:attachment":[{"href":"https:\/\/www.gigapa.com\/de\/wp-json\/wp\/v2\/media?parent=2294"}],"wp:term":[{"taxonomy":"product_brand","embeddable":true,"href":"https:\/\/www.gigapa.com\/de\/wp-json\/wp\/v2\/product_brand?post=2294"},{"taxonomy":"product_cat","embeddable":true,"href":"https:\/\/www.gigapa.com\/de\/wp-json\/wp\/v2\/product_cat?post=2294"},{"taxonomy":"product_tag","embeddable":true,"href":"https:\/\/www.gigapa.com\/de\/wp-json\/wp\/v2\/product_tag?post=2294"}],"curies":[{"name":"wp","href":"https:\/\/api.w.org\/{rel}","templated":true}]}}