{"id":2298,"date":"2025-06-26T08:53:55","date_gmt":"2025-06-26T00:53:55","guid":{"rendered":"https:\/\/www.gigapa.com\/?post_type=product&#038;p=2298"},"modified":"2025-10-13T09:14:45","modified_gmt":"2025-10-13T01:14:45","slug":"industrial-hydraulic-press-baler","status":"publish","type":"product","link":"https:\/\/www.gigapa.com\/de\/product\/industrial-hydraulic-press-baler\/","title":{"rendered":"Industrielle hydraulische Pressenballenpresse"},"content":{"rendered":"<h3 data-start=\"96\" data-end=\"112\">Einf\u00fchrung<\/h3>\n<p data-start=\"114\" data-end=\"619\">Die hydraulische Industriepressenpresse ist eine leistungsstarke, hochbelastbare Maschine, die f\u00fcr die effiziente Komprimierung und Ballenpressung verschiedener Materialien, einschlie\u00dflich Karton, Kunststoff, Metall und Papierabf\u00e4lle, konzipiert ist. Diese Maschine wird h\u00e4ufig in Recyclingzentren, Lagern, Schrottpl\u00e4tzen und Industrieanlagen eingesetzt. Sie sorgt f\u00fcr Platzoptimierung, Kostenreduzierung und Umweltvertr\u00e4glichkeit, indem sie gro\u00dfe Abfallmengen zu handlichen Ballen presst, die dann leicht gelagert, transportiert oder recycelt werden k\u00f6nnen.<\/p>\n<p data-start=\"621\" data-end=\"951\">Mit ihrer fortschrittlichen Hydrauliktechnologie bietet die Ballenpresse f\u00fcr Industrieabf\u00e4lle starke Leistung, Zuverl\u00e4ssigkeit und Vielseitigkeit f\u00fcr eine Vielzahl von Branchen. Sie ist ein unverzichtbares Werkzeug f\u00fcr Unternehmen, die ihre Abfallmanagementprozesse rationalisieren und zu einem nachhaltigeren und kosteneffizienteren Betrieb beitragen wollen.<\/p>\n<h3 data-start=\"958\" data-end=\"1014\">Hauptmerkmale der industriellen hydraulischen Ballenpresse<\/h3>\n<ol data-start=\"1016\" data-end=\"3305\">\n<li data-start=\"1016\" data-end=\"1400\">\n<p data-start=\"1019\" data-end=\"1400\">Hochdruck-Hydrauliksystem<br \/>\nDas Hauptmerkmal der Ballenpresse f\u00fcr Industrieabf\u00e4lle ist das hydraulische Pressensystem, das mit Hilfe von Hochdruckmechanismen die Materialien fest verdichtet. Das Ergebnis sind hochverdichtete Ballen, die sich leicht lagern und transportieren lassen. Das hydraulische System bietet eine gleichbleibende Leistung und eignet sich daher f\u00fcr den Dauerbetrieb mit hoher Beanspruchung.<\/p>\n<\/li>\n<li data-start=\"1402\" data-end=\"1730\">\n<p data-start=\"1405\" data-end=\"1730\">Vielseitigkeit im Materialtransport<br \/>\nDiese Maschine ist in der Lage, eine Vielzahl von Materialien zu verarbeiten, darunter Karton, Papier, Kunststoff, Textilien, Aluminiumdosen und vieles mehr. Ihre Anpassungsf\u00e4higkeit macht sie zu einer unsch\u00e4tzbaren Bereicherung f\u00fcr Branchen, die vom Abfallrecycling bis zur Fertigung reichen und in denen ein effizientes Abfallmanagement von entscheidender Bedeutung ist.<\/p>\n<\/li>\n<li data-start=\"1732\" data-end=\"2088\">\n<p data-start=\"1735\" data-end=\"2088\">Vollautomatischer Betrieb<br \/>\nDie hydraulische Industriepressenpresse ist mit fortschrittlichen automatischen Funktionen ausgestattet, die den Bedarf an manuellen Eingriffen reduzieren. Durch den vollautomatischen Betrieb kann die Ballenpresse Abfallmaterialien mit minimalem Bedienereingriff effizient zuf\u00fchren, verdichten und entladen, wodurch die Effizienz gesteigert und die Arbeitskosten gesenkt werden.<\/p>\n<\/li>\n<li data-start=\"2090\" data-end=\"2367\">\n<p data-start=\"2093\" data-end=\"2367\">Hohe Ballendichte<br \/>\nDie Maschine ist so konstruiert, dass sie Ballen mit hoher Dichte produziert, was dazu beitr\u00e4gt, wertvollen Lagerraum zu sparen und die Transportkosten zu senken. Die dichten Ballen sind leichter zu handhaben und k\u00f6nnen sicher gestapelt werden, wodurch die Raumnutzung in Ihrem Betrieb weiter optimiert wird.<\/p>\n<\/li>\n<li data-start=\"2369\" data-end=\"2720\">\n<p data-start=\"2372\" data-end=\"2720\">Langlebiges und zuverl\u00e4ssiges Design<br \/>\nDie aus hochwertigen Materialien gefertigte hydraulische Ballenpresse f\u00fcr den industriellen Einsatz ist f\u00fcr eine lange Lebensdauer ausgelegt. Die robuste Konstruktion stellt sicher, dass die Maschine den t\u00e4glichen Belastungen in anspruchsvollen Umgebungen standh\u00e4lt und Unternehmen eine zuverl\u00e4ssige L\u00f6sung f\u00fcr ihre Abfallwirtschaft bietet.<\/p>\n<\/li>\n<li data-start=\"2722\" data-end=\"3012\">\n<p data-start=\"2725\" data-end=\"3012\">Sicherheitsmerkmale<br \/>\nDie Maschine ist mit mehreren Sicherheitsfunktionen ausgestattet, um den Schutz des Bedieners zu gew\u00e4hrleisten und das Unfallrisiko zu minimieren. Zu diesen Merkmalen geh\u00f6ren Not-Aus-Tasten, automatische Abschaltung und Schutzvorrichtungen, die den Betrieb der Maschine in industriellen Umgebungen sicher machen.<\/p>\n<\/li>\n<li data-start=\"3014\" data-end=\"3305\">\n<p data-start=\"3017\" data-end=\"3305\">Benutzerfreundliche Steuerelemente<br \/>\nDie Ballenpresse ist mit einem intuitiven Bedienfeld ausgestattet, das es dem Bediener leicht macht, die Einstellungen zu \u00fcberwachen und anzupassen. Selbst Benutzer mit minimaler Schulung k\u00f6nnen die Maschine effizient bedienen, was das Risiko von Fehlern verringert und die Gesamtproduktivit\u00e4t verbessert.<\/p>\n<\/li>\n<\/ol>\n<h3 data-start=\"3312\" data-end=\"3368\">Anwendungen der Ballenpresse f\u00fcr Industrieabf\u00e4lle<\/h3>\n<p data-start=\"3370\" data-end=\"3568\">Die hydraulische Industriepressenpresse ist eine \u00e4u\u00dferst vielseitige Maschine, die sich f\u00fcr eine Vielzahl von Anwendungen eignet. Einige der wichtigsten Branchen und Sektoren, die von dieser Technologie profitieren, sind:<\/p>\n<ol data-start=\"3570\" data-end=\"5120\">\n<li data-start=\"3570\" data-end=\"3861\">\n<p data-start=\"3573\" data-end=\"3861\">Abfallverwertung<br \/>\nRecyclingzentren nutzen die industrielle Abfallpressenpresse, um gro\u00dfe Mengen an wiederverwertbaren Materialien effizient zu verarbeiten. Durch die Verdichtung von Materialien wie Pappe, Kunststoff und Papier reduziert die Presse das Abfallvolumen und erleichtert den Transport und das Recycling.<\/p>\n<\/li>\n<li data-start=\"3863\" data-end=\"4163\">\n<p data-start=\"3866\" data-end=\"4163\">Metallschrottverarbeitung<br \/>\nSchrottpl\u00e4tze und metallverarbeitende Betriebe verwenden diese Ballenpresse, um Metallabf\u00e4lle, einschlie\u00dflich Aluminiumdosen und Stahlschrott, zu dichten Ballen zu pressen. Diese Ballen sind dann leichter zu handhaben und k\u00f6nnen als Metallschrott zum Recycling verkauft oder in Fertigungsprozessen wiederverwendet werden.<\/p>\n<\/li>\n<li data-start=\"4165\" data-end=\"4490\">\n<p data-start=\"4168\" data-end=\"4490\">Einzelhandel und Produktion<br \/>\nEinzelhandelsunternehmen und Produktionsbetriebe, die eine gro\u00dfe Menge an Verpackungsabf\u00e4llen erzeugen, k\u00f6nnen von der hydraulischen Industriepressenpresse profitieren. Sie hilft bei der Verdichtung von Kartons, Kunststoffverpackungen und anderen Materialien, senkt die Entsorgungskosten und verbessert die betriebliche Effizienz.<\/p>\n<\/li>\n<li data-start=\"4492\" data-end=\"4760\">\n<p data-start=\"4495\" data-end=\"4760\">Textilindustrie<br \/>\nIn der Textilherstellung wird die Ballenpresse zur Verdichtung von Textilabf\u00e4llen wie Stoffresten und Fasern eingesetzt. Die gepressten Ballen sind leichter zu lagern, zu verwalten und zu recyceln und tragen so zur Abfallreduzierung und Nachhaltigkeit in der Textilindustrie bei.<\/p>\n<\/li>\n<li data-start=\"4762\" data-end=\"5120\">\n<p data-start=\"4765\" data-end=\"5120\">Papier- und Kartonagenabfallwirtschaft<br \/>\nUnternehmen der Papier- und Kartonagenindustrie setzen hydraulische Ballenpressen ein, um das Abfallvolumen von Verpackungsmaterialien zu reduzieren. Die von der Presse produzierten hochverdichteten Ballen erleichtern den Transport und das Recycling von Papier und Pappe, verringern den Deponieverbrauch und tragen zur Kreislaufwirtschaft bei.<\/p>\n<\/li>\n<\/ol>\n<h3 data-start=\"5127\" data-end=\"5177\">Funktionsweise der industriellen hydraulischen Ballenpresse<\/h3>\n<p data-start=\"5179\" data-end=\"5359\">Die industrielle hydraulische Ballenpresse arbeitet nach einem einfachen, aber effizienten Verfahren, das die Verdichtung von Abfallstoffen maximiert. Hier ist ein grundlegender \u00dcberblick \u00fcber ihre Funktionsweise:<\/p>\n<ol data-start=\"5361\" data-end=\"6415\">\n<li data-start=\"5361\" data-end=\"5624\">\n<p data-start=\"5364\" data-end=\"5624\">Einspeisung des Materials<br \/>\nDie Abf\u00e4lle werden in den Trichter geladen, von wo aus sie in die Presskammer geleitet werden. Die Maschine ist mit einem automatischen Beschickungssystem ausgestattet, das eine kontinuierliche Verarbeitung der Materialien ohne manuellen Eingriff erm\u00f6glicht.<\/p>\n<\/li>\n<li data-start=\"5626\" data-end=\"5944\">\n<p data-start=\"5629\" data-end=\"5944\">Komprimierung<br \/>\nIn der Presskammer werden die Materialien durch Hydraulikkolben gepresst. Durch den hohen Druck werden die Materialien fest gepresst und es entstehen Ballen mit hoher Dichte. Das Hydrauliksystem sorgt f\u00fcr eine gleichm\u00e4\u00dfige und kraftvolle Verdichtung, selbst bei schwer zu verdichtenden Materialien wie Metallschrott.<\/p>\n<\/li>\n<li data-start=\"5946\" data-end=\"6200\">\n<p data-start=\"5949\" data-end=\"6200\">Ballenauswurf<br \/>\nSobald das Material verdichtet ist, wird der geformte Ballen automatisch \u00fcber den Auswurfschacht ausgeworfen. Je nach Ausf\u00fchrung k\u00f6nnen die Ballen entweder horizontal oder vertikal ausgeworfen werden, was das Stapeln und Lagern erleichtert.<\/p>\n<\/li>\n<li data-start=\"6202\" data-end=\"6415\">\n<p data-start=\"6205\" data-end=\"6415\">Schneiden und Binden<br \/>\nDie Ballenpresse kann mit einem automatischen Bindesystem ausgestattet sein, das den Ballen mit Draht oder Schnur umwickelt, um ihn zu fixieren. Dadurch wird sichergestellt, dass der Ballen bei Lagerung und Transport seine Form beh\u00e4lt.<\/p>\n<\/li>\n<\/ol>\n<h3 data-start=\"6422\" data-end=\"6479\">Vorteile des Einsatzes einer hydraulischen Ballenpresse f\u00fcr die Industrie<\/h3>\n<ol data-start=\"6481\" data-end=\"7546\">\n<li data-start=\"6481\" data-end=\"6735\">\n<p data-start=\"6484\" data-end=\"6735\">Kosteneinsparungen<br \/>\nDurch die Verringerung des Abfallvolumens senkt die Ballenpresse f\u00fcr Industrieabf\u00e4lle die Entsorgungs- und Transportkosten. Die hochverdichteten Ballen sind leichter zu handhaben und ben\u00f6tigen weniger Platz, was auch die Lagerkosten senkt.<\/p>\n<\/li>\n<li data-start=\"6737\" data-end=\"6991\">\n<p data-start=\"6740\" data-end=\"6991\">Auswirkungen auf die Umwelt<br \/>\nDie Ballenpresse f\u00f6rdert die \u00f6kologische Nachhaltigkeit durch Unterst\u00fctzung des Recyclingprozesses. Die Maschine tr\u00e4gt dazu bei, dass Abf\u00e4lle nicht auf M\u00fclldeponien landen, was sie zu einem unverzichtbaren Werkzeug f\u00fcr Unternehmen macht, die ihren \u00f6kologischen Fu\u00dfabdruck minimieren wollen.<\/p>\n<\/li>\n<li data-start=\"6993\" data-end=\"7256\">\n<p data-start=\"6996\" data-end=\"7256\">Gesteigerte Effizienz<br \/>\nMit automatisierten Funktionen und Hochgeschwindigkeitsbetrieb verbessert die industrielle hydraulische Pressballenpresse die Produktivit\u00e4t und Effizienz in der Abfallwirtschaft. Die Maschine reduziert den Bedarf an manueller Arbeit und spart Zeit und Ressourcen.<\/p>\n<\/li>\n<li data-start=\"7258\" data-end=\"7546\">\n<p data-start=\"7261\" data-end=\"7546\">Optimierung der Raumfahrt<br \/>\nDie kompakten Ballen, die von der Ballenpresse produziert werden, nutzen den verf\u00fcgbaren Lagerraum besser aus. Dies ist vor allem f\u00fcr Unternehmen mit begrenzten Lagerfl\u00e4chen wichtig, da sie so gr\u00f6\u00dfere Mengen an Abfallmaterialien geordneter und \u00fcbersichtlicher lagern k\u00f6nnen.<\/p>\n<\/li>\n<\/ol>\n<h3 data-start=\"7553\" data-end=\"7567\">Schlussfolgerung<\/h3>\n<p data-start=\"7569\" data-end=\"8200\">Die hydraulische Industriepressenpresse ist ein unverzichtbares Ger\u00e4t f\u00fcr Unternehmen in Branchen wie Recycling, Schrottverarbeitung und Fertigung. Ihr leistungsstarkes Hydrauliksystem, ihre Vielseitigkeit und ihre automatisierten Funktionen machen sie zu einer hocheffizienten L\u00f6sung f\u00fcr die Verdichtung und Verwaltung von Abfallmaterialien. Durch die Investition in diese Maschine k\u00f6nnen Unternehmen die Kosten f\u00fcr die Abfallentsorgung senken, die Recyclingbem\u00fchungen verbessern und zu einer nachhaltigeren Umwelt beitragen. Mit ihrem robusten Design und ihrer einfachen Bedienung ist die hydraulische Industriepressenpresse eine intelligente und kosteneffiziente Wahl zur Verbesserung des Abfallmanagements.<\/p>","protected":false},"excerpt":{"rendered":"<p>Die industrielle hydraulische Ballenpresse ist eine leistungsstarke L\u00f6sung zum Pressen und Verdichten von Abfallmaterialien zu hochverdichteten Ballen. Sie eignet sich perfekt f\u00fcr Recyclingzentren, Schrottpl\u00e4tze und Fertigungsbetriebe und verarbeitet eine Vielzahl von Materialien wie Karton, Metall und Kunststoffe. Der vollautomatische Betrieb der Maschine steigert die Produktivit\u00e4t, senkt die Abfallentsorgungskosten und f\u00f6rdert die Umweltvertr\u00e4glichkeit.<\/p>","protected":false},"featured_media":2292,"template":"","meta":{"site-sidebar-layout":"default","site-content-layout":"","ast-site-content-layout":"default","site-content-style":"default","site-sidebar-style":"default","ast-global-header-display":"","ast-banner-title-visibility":"","ast-main-header-display":"","ast-hfb-above-header-display":"","ast-hfb-below-header-display":"","ast-hfb-mobile-header-display":"","site-post-title":"","ast-breadcrumbs-content":"","ast-featured-img":"","footer-sml-layout":"","ast-disable-related-posts":"","theme-transparent-header-meta":"default","adv-header-id-meta":"","stick-header-meta":"","header-above-stick-meta":"","header-main-stick-meta":"","header-below-stick-meta":"","astra-migrate-meta-layouts":"set","ast-page-background-enabled":"default","ast-page-background-meta":{"desktop":{"background-color":"var(--ast-global-color-5)","background-image":"","background-repeat":"repeat","background-position":"center center","background-size":"auto","background-attachment":"scroll","background-type":"","background-media":"","overlay-type":"","overlay-color":"","overlay-opacity":"","overlay-gradient":""},"tablet":{"background-color":"","background-image":"","background-repeat":"repeat","background-position":"center center","background-size":"auto","background-attachment":"scroll","background-type":"","background-media":"","overlay-type":"","overlay-color":"","overlay-opacity":"","overlay-gradient":""},"mobile":{"background-color":"","background-image":"","background-repeat":"repeat","background-position":"center center","background-size":"auto","background-attachment":"scroll","background-type":"","background-media":"","overlay-type":"","overlay-color":"","overlay-opacity":"","overlay-gradient":""}},"ast-content-background-meta":{"desktop":{"background-color":"var(--ast-global-color-4)","background-image":"","background-repeat":"repeat","background-position":"center center","background-size":"auto","background-attachment":"scroll","background-type":"","background-media":"","overlay-type":"","overlay-color":"","overlay-opacity":"","overlay-gradient":""},"tablet":{"background-color":"var(--ast-global-color-4)","background-image":"","background-repeat":"repeat","background-position":"center center","background-size":"auto","background-attachment":"scroll","background-type":"","background-media":"","overlay-type":"","overlay-color":"","overlay-opacity":"","overlay-gradient":""},"mobile":{"background-color":"var(--ast-global-color-4)","background-image":"","background-repeat":"repeat","background-position":"center center","background-size":"auto","background-attachment":"scroll","background-type":"","background-media":"","overlay-type":"","overlay-color":"","overlay-opacity":"","overlay-gradient":""}}},"product_brand":[],"product_cat":[21,153],"product_tag":[136],"class_list":{"0":"post-2298","1":"product","2":"type-product","3":"status-publish","4":"has-post-thumbnail","6":"product_cat-baling-machine","7":"product_cat-horizontal-baler","8":"product_tag-automatic-cardboard-baler","9":"desktop-align-left","10":"tablet-align-left","11":"mobile-align-left","13":"first","14":"instock","15":"shipping-taxable","16":"product-type-simple"},"_links":{"self":[{"href":"https:\/\/www.gigapa.com\/de\/wp-json\/wp\/v2\/product\/2298","targetHints":{"allow":["GET"]}}],"collection":[{"href":"https:\/\/www.gigapa.com\/de\/wp-json\/wp\/v2\/product"}],"about":[{"href":"https:\/\/www.gigapa.com\/de\/wp-json\/wp\/v2\/types\/product"}],"version-history":[{"count":2,"href":"https:\/\/www.gigapa.com\/de\/wp-json\/wp\/v2\/product\/2298\/revisions"}],"predecessor-version":[{"id":2489,"href":"https:\/\/www.gigapa.com\/de\/wp-json\/wp\/v2\/product\/2298\/revisions\/2489"}],"wp:featuredmedia":[{"embeddable":true,"href":"https:\/\/www.gigapa.com\/de\/wp-json\/wp\/v2\/media\/2292"}],"wp:attachment":[{"href":"https:\/\/www.gigapa.com\/de\/wp-json\/wp\/v2\/media?parent=2298"}],"wp:term":[{"taxonomy":"product_brand","embeddable":true,"href":"https:\/\/www.gigapa.com\/de\/wp-json\/wp\/v2\/product_brand?post=2298"},{"taxonomy":"product_cat","embeddable":true,"href":"https:\/\/www.gigapa.com\/de\/wp-json\/wp\/v2\/product_cat?post=2298"},{"taxonomy":"product_tag","embeddable":true,"href":"https:\/\/www.gigapa.com\/de\/wp-json\/wp\/v2\/product_tag?post=2298"}],"curies":[{"name":"wp","href":"https:\/\/api.w.org\/{rel}","templated":true}]}}