{"id":2526,"date":"2025-09-01T15:01:11","date_gmt":"2025-09-01T07:01:11","guid":{"rendered":"https:\/\/www.gigapa.com\/?post_type=product&#038;p=2526"},"modified":"2026-04-27T15:35:10","modified_gmt":"2026-04-27T07:35:10","slug":"explosion-proof-vertical-baler","status":"publish","type":"product","link":"https:\/\/www.gigapa.com\/de\/product\/explosion-proof-vertical-baler\/","title":{"rendered":"Explosionsgesch\u00fctzte vertikale Ballenpresse"},"content":{"rendered":"<p data-start=\"205\" data-end=\"596\">Die explosionsgesch\u00fctzte vertikale Ballenpresse ist eine spezielle Abfallverdichtungsmaschine, die f\u00fcr den sicheren Umgang mit Materialien in gef\u00e4hrlichen Umgebungen entwickelt wurde, in denen brennbare Gase, Staub oder fl\u00fcchtige Substanzen vorhanden sein k\u00f6nnen. Im Gegensatz zu herk\u00f6mmlichen Ballenpressen ist diese fortschrittliche Maschine mit explosionsgesch\u00fctzter Technologie ausgestattet und damit die perfekte L\u00f6sung f\u00fcr Branchen, in denen sowohl Sicherheit als auch Effizienz h\u00f6chste Priorit\u00e4t haben.<\/p>\n<div class=\"ast-oembed-container\" style=\"height: 100%;\"><iframe title=\"Explosionsgesch\u00fctzte vertikale Ballenpresse\" width=\"422\" height=\"750\" src=\"https:\/\/www.youtube.com\/embed\/qyOOLYYF24E?feature=oembed\" frameborder=\"0\" allow=\"accelerometer; autoplay; clipboard-write; encrypted-media; gyroscope; picture-in-picture; web-share\" referrerpolicy=\"strict-origin-when-cross-origin\" allowfullscreen><\/iframe><\/div>\n<h3 data-start=\"598\" data-end=\"648\">Arbeitsprinzip der explosionsgesch\u00fctzten vertikalen Ballenpresse<\/h3>\n<p data-start=\"598\" data-end=\"648\">1\ufe0f\u20e3 Einspeisung des Materials<br \/>\nAbfallstoffe wie Pappe, Plastik, Textilien oder Verpackungen werden in die Presskammer geladen.<br \/>\n2\ufe0f\u20e3 Hydraulische Verdichtung<br \/>\nDer explosionsgesch\u00fctzte Motor treibt die Hydraulikpumpe an, die \u00d6l unter hohem Druck erzeugt. Der Hydraulikzylinder treibt die Verdichtungsplatte nach unten und presst das Material vertikal.<br \/>\n3\ufe0f\u20e3 Kontinuierliche Verdichtung<br \/>\nDas Material wird Schicht f\u00fcr Schicht verdichtet, bis es den eingestellten Druck erreicht. Explosionsgesch\u00fctzte elektrische Komponenten gew\u00e4hrleisten einen sicheren Betrieb auch in gef\u00e4hrlichen Umgebungen.<br \/>\n4\ufe0f\u20e3 Umreifung und Sicherung<br \/>\nSobald der Ballen vollst\u00e4ndig gepresst ist, h\u00e4lt die Maschine den Druck aufrecht. Die Bediener verwenden Umreifungsb\u00e4nder oder Dr\u00e4hte, um den Ballen fest zu binden und zu sichern.<br \/>\n5\ufe0f\u20e3 Ballenauswurf<br \/>\nDer fertige, dichte Ballen wird automatisch oder manuell aus der Kammer ausgeworfen und ist bereit f\u00fcr die Lagerung, den Transport oder das Recycling.<\/p>\n<h3 data-start=\"598\" data-end=\"648\">Warum eine explosionsgesch\u00fctzte vertikale Ballenpresse?<\/h3>\n<p data-start=\"650\" data-end=\"1108\">Sicherheit hat in Branchen wie der chemischen und pharmazeutischen Industrie, dem Bergbau, der \u00d6l- und Gasindustrie sowie der Lebensmittelverarbeitung oberste Priorit\u00e4t. Herk\u00f6mmliche Ballenpressen k\u00f6nnen beim Einsatz in Gefahrenbereichen ein Risiko darstellen, da elektrische Funken oder gro\u00dfe Hitze zu Unf\u00e4llen f\u00fchren k\u00f6nnen. Die explosionsgesch\u00fctzte vertikale Ballenpresse ist mit zertifizierten explosionsgesch\u00fctzten Motoren, elektrischen Komponenten und abgedichteten Steuersystemen ausgestattet, um einen zuverl\u00e4ssigen Betrieb auch in sensiblen Umgebungen zu gew\u00e4hrleisten.<\/p>\n<p data-start=\"1110\" data-end=\"1440\">Gleichzeitig bietet diese Ballenpresse eine hohe Verdichtungsleistung mit einer vertikalen Pressstruktur. Indem sie sperrige Abf\u00e4lle wie Papier, Pappe, Kunststoffe, Textilien und Verpackungsmaterialien zu dichten Ballen presst, hilft sie Unternehmen, Lagerraum zu sparen, Transportkosten zu senken und die Effizienz des Abfallmanagements insgesamt zu verbessern.<\/p>\n<p><img fetchpriority=\"high\" decoding=\"async\" class=\"wp-image-2527 alignleft\" src=\"https:\/\/www.gigapa.com\/wp-content\/uploads\/2025\/09\/50702-2.png\" alt=\"Explosionsgesch\u00fctzte vertikale Ballenpresse\" width=\"500\" height=\"500\" srcset=\"https:\/\/www.gigapa.com\/wp-content\/uploads\/2025\/09\/50702-2.png 1024w, https:\/\/www.gigapa.com\/wp-content\/uploads\/2025\/09\/50702-2-300x300.png 300w, https:\/\/www.gigapa.com\/wp-content\/uploads\/2025\/09\/50702-2-150x150.png 150w, https:\/\/www.gigapa.com\/wp-content\/uploads\/2025\/09\/50702-2-768x768.png 768w, https:\/\/www.gigapa.com\/wp-content\/uploads\/2025\/09\/50702-2-12x12.png 12w, https:\/\/www.gigapa.com\/wp-content\/uploads\/2025\/09\/50702-2-600x600.png 600w, https:\/\/www.gigapa.com\/wp-content\/uploads\/2025\/09\/50702-2-100x100.png 100w\" sizes=\"(max-width: 500px) 100vw, 500px\" \/><img decoding=\"async\" class=\"alignnone wp-image-2528\" src=\"https:\/\/www.gigapa.com\/wp-content\/uploads\/2025\/09\/50702-6.png\" alt=\"Explosionsgesch\u00fctzte vertikale Ballenpresse\" width=\"500\" height=\"500\" srcset=\"https:\/\/www.gigapa.com\/wp-content\/uploads\/2025\/09\/50702-6.png 1024w, https:\/\/www.gigapa.com\/wp-content\/uploads\/2025\/09\/50702-6-300x300.png 300w, https:\/\/www.gigapa.com\/wp-content\/uploads\/2025\/09\/50702-6-150x150.png 150w, https:\/\/www.gigapa.com\/wp-content\/uploads\/2025\/09\/50702-6-768x768.png 768w, https:\/\/www.gigapa.com\/wp-content\/uploads\/2025\/09\/50702-6-12x12.png 12w, https:\/\/www.gigapa.com\/wp-content\/uploads\/2025\/09\/50702-6-600x600.png 600w, https:\/\/www.gigapa.com\/wp-content\/uploads\/2025\/09\/50702-6-100x100.png 100w\" sizes=\"(max-width: 500px) 100vw, 500px\" \/><\/p>\n<h3>Modellparameter:<\/h3>\n<table border=\"0\" width=\"972\" cellspacing=\"0\" cellpadding=\"0\">\n<tbody>\n<tr>\n<td class=\"et3\" width=\"313\" height=\"18\">Modell<\/td>\n<td class=\"et4\" width=\"165\">GSB-V0604<\/td>\n<td class=\"et4\" width=\"159\">GSB-V0806<\/td>\n<td class=\"et4\" width=\"167\">GSB-V1107<\/td>\n<td class=\"et4\" width=\"168\">GSB-V1208<\/td>\n<\/tr>\n<tr>\n<td class=\"et3\" width=\"313\" height=\"18\">Gr\u00f6\u00dfe der Einf\u00fcll\u00f6ffnung (L\u00d7H) (mm)<\/td>\n<td class=\"et4\" width=\"165\">600\u00d7360<\/td>\n<td class=\"et4\" width=\"159\">800\u00d7450<\/td>\n<td class=\"et4\" width=\"167\">1100\u00d7550<\/td>\n<td class=\"et4\" width=\"168\">1200\u00d7550<\/td>\n<\/tr>\n<tr>\n<td class=\"et3\" width=\"313\" height=\"18\">Packungsgr\u00f6\u00dfe (L\u00d7B\u00d7H)(mm)<\/td>\n<td class=\"et4\" width=\"165\">600\u00d7400\u00d7(400-640)<\/td>\n<td class=\"et4\" width=\"159\">800\u00d7600\u00d7(300-800)<\/td>\n<td class=\"et4\" width=\"167\">1100\u00d7700\u00d7(500-950)<\/td>\n<td class=\"et4\" width=\"168\">1200\u00d7800\u00d7(500-950)<\/td>\n<\/tr>\n<tr>\n<td class=\"et3\" width=\"313\" height=\"18\">Zykluszeit (s)<\/td>\n<td class=\"et4\" width=\"165\">25<\/td>\n<td class=\"et4\" width=\"159\">50<\/td>\n<td class=\"et4\" width=\"167\">50<\/td>\n<td class=\"et4\" width=\"168\">47<\/td>\n<\/tr>\n<tr>\n<td class=\"et3\" width=\"313\" height=\"18\">Anzahl der Umreifungsspuren (PCS)<\/td>\n<td class=\"et4\" width=\"165\">4<\/td>\n<td class=\"et4\" width=\"159\">4<\/td>\n<td class=\"et4\" width=\"167\">4<\/td>\n<td class=\"et4\" width=\"168\">4<\/td>\n<\/tr>\n<tr>\n<td class=\"et3\" width=\"313\" height=\"18\">Innendurchmesser des Hauptzylinders (mm)<\/td>\n<td class=\"et4\" width=\"165\">\u03c690<\/td>\n<td class=\"et4\" width=\"159\">\u03c6125<\/td>\n<td class=\"et4\" width=\"167\">\u03c6110<\/td>\n<td class=\"et4\" width=\"168\">\u03c6125<\/td>\n<\/tr>\n<tr>\n<td class=\"et3\" width=\"313\" height=\"18\">Druck im Hauptzylinder (T)<\/td>\n<td class=\"et4\" width=\"165\">16<\/td>\n<td class=\"et4\" width=\"159\">31.5<\/td>\n<td class=\"et4\" width=\"167\">25\u00d72<\/td>\n<td class=\"et4\" width=\"168\">31.5\u00d72<\/td>\n<\/tr>\n<tr>\n<td class=\"et3\" width=\"313\" height=\"18\">Hydraulische Leistung (kW)<\/td>\n<td class=\"et4\" width=\"165\">2.2<\/td>\n<td class=\"et4\" width=\"159\">4<\/td>\n<td class=\"et4\" width=\"167\">5.5<\/td>\n<td class=\"et4\" width=\"168\">7.5<\/td>\n<\/tr>\n<tr>\n<td class=\"et3\" width=\"313\" height=\"18\">Abmessungen (L\u00d7B\u00d7H)(mm)<\/td>\n<td class=\"et4\" width=\"165\">950\u00d7760\u00d72070<\/td>\n<td class=\"et4\" width=\"159\">1150\u00d7960\u00d72850<\/td>\n<td class=\"et4\" width=\"167\">1580\u00d71080\u00d73140<\/td>\n<td class=\"et4\" width=\"168\">1680\u00d71160\u00d73280<\/td>\n<\/tr>\n<tr>\n<td class=\"et3\" width=\"313\" height=\"18\">Gesamtgewicht (kg)<\/td>\n<td class=\"et4\" width=\"165\">Etwa 500<\/td>\n<td class=\"et4\" width=\"159\">Etwa 850<\/td>\n<td class=\"et4\" width=\"167\">Etwa 1500<\/td>\n<td class=\"et4\" width=\"168\">Etwa 1850<\/td>\n<\/tr>\n<\/tbody>\n<\/table>\n<p>Die oben genannten Modelle sind universelle Standardmodelle. Wenn Sie andere Modelle ben\u00f6tigen, wenden Sie sich bitte an unsere Mitarbeiter, und wir k\u00f6nnen auch ma\u00dfgeschneiderte Dienstleistungen nach Ihren Bed\u00fcrfnissen anbieten.<\/p>\n<h3 data-start=\"1442\" data-end=\"1497\">Hauptmerkmale der explosionsgesch\u00fctzten vertikalen Ballenpresse<\/h3>\n<ul>\n<li data-start=\"1501\" data-end=\"1655\">Explosionssichere Konstruktion - Ausgestattet mit explosionssicheren elektrischen Systemen, versiegelten Schalttafeln und sicherer Verdrahtung zur Vermeidung von Funkenbildung und \u00dcberhitzung.<\/li>\n<li data-start=\"1658\" data-end=\"1799\">Vertikale Verdichtung - Vertikales Pressen mit hohem Druck reduziert das Materialvolumen erheblich und erzeugt gleichm\u00e4\u00dfige und leicht zu handhabende Ballen.<\/li>\n<li data-start=\"1802\" data-end=\"1940\">Langlebige Konstruktion - Der robuste Stahlrahmen und das verst\u00e4rkte Hydrauliksystem sind f\u00fcr den Langzeitbetrieb in anspruchsvollen Branchen ausgelegt.<\/li>\n<li data-start=\"1943\" data-end=\"2054\">Benutzerfreundliche Steuerung - Einfache Bedienung mit One-Touch-Start und Sicherheitsverriegelungen zum Schutz der Bediener.<\/li>\n<li data-start=\"2057\" data-end=\"2168\">Energieeffizienz - Optimierter Motor und Hydrauliksystem f\u00fcr hohe Leistung bei reduziertem Energieverbrauch.<\/li>\n<\/ul>\n<h3 data-start=\"2170\" data-end=\"2222\">Anwendungen von explosionsgesch\u00fctzten vertikalen Ballenpressen<\/h3>\n<p data-start=\"2224\" data-end=\"2360\">Diese Maschine ist f\u00fcr Unternehmen geeignet, die sowohl eine Abfallverdichtung als auch Explosionssicherheit ben\u00f6tigen. H\u00e4ufige Anwendungsbereiche sind:<\/p>\n<ul>\n<li data-start=\"2364\" data-end=\"2461\">Chemische Industrie - Verdichtung von Verpackungsmaterial und Produktionsabf\u00e4llen in Chemieanlagen.<\/li>\n<li data-start=\"2464\" data-end=\"2551\">\u00d6l und Gas - Handhabung von Abf\u00e4llen in der N\u00e4he von brennbaren Materialien ohne Gefahr von Funkenbildung.<\/li>\n<li data-start=\"2554\" data-end=\"2652\">Pharmazeutika - Sichere Entsorgung von Verpackungsabf\u00e4llen und nicht gef\u00e4hrlichen Nebenprodukten der Produktion.<\/li>\n<li data-start=\"2655\" data-end=\"2747\">Lebensmittelverarbeitung - Reduzierung des Verpackungsm\u00fclls in Umgebungen mit brennbarem Staub.<\/li>\n<li data-start=\"2750\" data-end=\"2834\">Bergbau und Metallurgie - Handhabung von Schrott und Verpackungen in explosionsgef\u00e4hrdeten Bereichen.<\/li>\n<\/ul>\n<p data-start=\"2836\" data-end=\"2986\">Durch die Integration einer explosionsgesch\u00fctzten Ballenpresse k\u00f6nnen Unternehmen die Einhaltung von Sicherheitsvorschriften gew\u00e4hrleisten und gleichzeitig die Effizienz ihrer Abfallwirtschaft verbessern.<\/p>\n<p><img decoding=\"async\" class=\"alignnone wp-image-2530 size-full\" src=\"https:\/\/www.gigapa.com\/wp-content\/uploads\/2025\/09\/50702-9.png\" alt=\"Explosionsgesch\u00fctzte vertikale Ballenpresse\" width=\"500\" height=\"500\" srcset=\"https:\/\/www.gigapa.com\/wp-content\/uploads\/2025\/09\/50702-9.png 500w, https:\/\/www.gigapa.com\/wp-content\/uploads\/2025\/09\/50702-9-300x300.png 300w, https:\/\/www.gigapa.com\/wp-content\/uploads\/2025\/09\/50702-9-150x150.png 150w, https:\/\/www.gigapa.com\/wp-content\/uploads\/2025\/09\/50702-9-12x12.png 12w, https:\/\/www.gigapa.com\/wp-content\/uploads\/2025\/09\/50702-9-100x100.png 100w\" sizes=\"(max-width: 500px) 100vw, 500px\" \/><img loading=\"lazy\" decoding=\"async\" class=\"wp-image-2529 size-full\" src=\"https:\/\/www.gigapa.com\/wp-content\/uploads\/2025\/09\/50702-7.png\" alt=\"Explosionsgesch\u00fctzte vertikale Ballenpresse\" width=\"500\" height=\"500\" srcset=\"https:\/\/www.gigapa.com\/wp-content\/uploads\/2025\/09\/50702-7.png 500w, https:\/\/www.gigapa.com\/wp-content\/uploads\/2025\/09\/50702-7-300x300.png 300w, https:\/\/www.gigapa.com\/wp-content\/uploads\/2025\/09\/50702-7-150x150.png 150w, https:\/\/www.gigapa.com\/wp-content\/uploads\/2025\/09\/50702-7-12x12.png 12w, https:\/\/www.gigapa.com\/wp-content\/uploads\/2025\/09\/50702-7-100x100.png 100w\" sizes=\"(max-width: 500px) 100vw, 500px\" \/><\/p>\n<h3 data-start=\"2988\" data-end=\"3019\">Vorteile f\u00fcr Ihr Unternehmen<\/h3>\n<p data-start=\"3021\" data-end=\"3099\">Die Investition in eine explosionsgesch\u00fctzte vertikale Ballenpresse bietet mehrere Vorteile:<\/p>\n<ul>\n<li data-start=\"3103\" data-end=\"3194\">Erh\u00f6hte Sicherheit - Eliminiert Brand- und Explosionsgefahren, die von Standardmaschinen ausgehen.<\/li>\n<li data-start=\"3197\" data-end=\"3284\">Kostenreduzierung - Reduziert das Abfallvolumen und senkt die Transport- und Lagerkosten.<\/li>\n<li data-start=\"3287\" data-end=\"3373\">Einhaltung von Vorschriften - Erf\u00fcllt die in gef\u00e4hrlichen Branchen geforderten Sicherheitsstandards.<\/li>\n<li data-start=\"3376\" data-end=\"3459\">Nachhaltigkeit - Hilft Unternehmen bei der Verwirklichung umweltfreundlicher Ziele im Abfallmanagement.<\/li>\n<li data-start=\"3462\" data-end=\"3556\">Verbesserte Produktivit\u00e4t - Zuverl\u00e4ssige Ger\u00e4te, die Ausfallzeiten minimieren und den Aussto\u00df maximieren.<\/li>\n<\/ul>\n<h3 data-start=\"3558\" data-end=\"3573\">Schlussfolgerung<\/h3>\n<p data-start=\"3575\" data-end=\"3890\">Die explosionsgesch\u00fctzte Vertikalpresse ist nicht einfach nur eine Abfallverdichtungsmaschine - sie ist eine auf Sicherheit ausgerichtete L\u00f6sung, die auf gef\u00e4hrliche Industrien zugeschnitten ist. Mit ihrer explosionsgesch\u00fctzten Technologie, der starken vertikalen Verdichtung und dem benutzerfreundlichen Design bietet sie ein ideales Gleichgewicht zwischen Sicherheit, Effizienz und Kosteneffizienz.<\/p>\n<p data-start=\"3892\" data-end=\"4057\">Wenn Sie auf der Suche nach einer sicheren und effizienten L\u00f6sung f\u00fcr die Abfallentsorgung in sicherheitskritischen Umgebungen sind, ist die explosionsgesch\u00fctzte vertikale Ballenpresse die beste Wahl f\u00fcr Sie.<\/p>","protected":false},"excerpt":{"rendered":"<p>Die explosionsgesch\u00fctzte vertikale Ballenpresse ist eine spezielle Abfallverdichtungsmaschine f\u00fcr gef\u00e4hrliche Umgebungen. Mit explosionsgesch\u00fctzten Motoren, abgedichteten elektrischen Komponenten und einem langlebigen vertikalen Presssystem gew\u00e4hrleistet sie sowohl Sicherheit als auch Effizienz beim Verdichten von Kartonagen, Kunststoffen, Textilien und anderen Materialien. Diese Ballenpresse ist ideal f\u00fcr Branchen wie Chemie, \u00d6l und Gas, Pharmazeutika und Lebensmittelverarbeitung und tr\u00e4gt dazu bei, das Abfallvolumen zu reduzieren, die Transportkosten zu senken und strenge Sicherheitsstandards zu erf\u00fcllen.<\/p>","protected":false},"featured_media":2528,"template":"","meta":{"site-sidebar-layout":"default","site-content-layout":"","ast-site-content-layout":"default","site-content-style":"default","site-sidebar-style":"default","ast-global-header-display":"","ast-banner-title-visibility":"","ast-main-header-display":"","ast-hfb-above-header-display":"","ast-hfb-below-header-display":"","ast-hfb-mobile-header-display":"","site-post-title":"","ast-breadcrumbs-content":"","ast-featured-img":"","footer-sml-layout":"","ast-disable-related-posts":"","theme-transparent-header-meta":"default","adv-header-id-meta":"","stick-header-meta":"","header-above-stick-meta":"","header-main-stick-meta":"","header-below-stick-meta":"","astra-migrate-meta-layouts":"set","ast-page-background-enabled":"default","ast-page-background-meta":{"desktop":{"background-color":"var(--ast-global-color-5)","background-image":"","background-repeat":"repeat","background-position":"center center","background-size":"auto","background-attachment":"scroll","background-type":"","background-media":"","overlay-type":"","overlay-color":"","overlay-opacity":"","overlay-gradient":""},"tablet":{"background-color":"","background-image":"","background-repeat":"repeat","background-position":"center center","background-size":"auto","background-attachment":"scroll","background-type":"","background-media":"","overlay-type":"","overlay-color":"","overlay-opacity":"","overlay-gradient":""},"mobile":{"background-color":"","background-image":"","background-repeat":"repeat","background-position":"center center","background-size":"auto","background-attachment":"scroll","background-type":"","background-media":"","overlay-type":"","overlay-color":"","overlay-opacity":"","overlay-gradient":""}},"ast-content-background-meta":{"desktop":{"background-color":"var(--ast-global-color-4)","background-image":"","background-repeat":"repeat","background-position":"center center","background-size":"auto","background-attachment":"scroll","background-type":"","background-media":"","overlay-type":"","overlay-color":"","overlay-opacity":"","overlay-gradient":""},"tablet":{"background-color":"var(--ast-global-color-4)","background-image":"","background-repeat":"repeat","background-position":"center center","background-size":"auto","background-attachment":"scroll","background-type":"","background-media":"","overlay-type":"","overlay-color":"","overlay-opacity":"","overlay-gradient":""},"mobile":{"background-color":"var(--ast-global-color-4)","background-image":"","background-repeat":"repeat","background-position":"center center","background-size":"auto","background-attachment":"scroll","background-type":"","background-media":"","overlay-type":"","overlay-color":"","overlay-opacity":"","overlay-gradient":""}}},"product_brand":[],"product_cat":[21,152],"product_tag":[145],"class_list":{"0":"post-2526","1":"product","2":"type-product","3":"status-publish","4":"has-post-thumbnail","6":"product_cat-baling-machine","7":"product_cat-vertical-baler","8":"product_tag-anti-explosion-vertical-baler","9":"desktop-align-left","10":"tablet-align-left","11":"mobile-align-left","13":"first","14":"instock","15":"shipping-taxable","16":"product-type-simple"},"_links":{"self":[{"href":"https:\/\/www.gigapa.com\/de\/wp-json\/wp\/v2\/product\/2526","targetHints":{"allow":["GET"]}}],"collection":[{"href":"https:\/\/www.gigapa.com\/de\/wp-json\/wp\/v2\/product"}],"about":[{"href":"https:\/\/www.gigapa.com\/de\/wp-json\/wp\/v2\/types\/product"}],"version-history":[{"count":1,"href":"https:\/\/www.gigapa.com\/de\/wp-json\/wp\/v2\/product\/2526\/revisions"}],"predecessor-version":[{"id":2531,"href":"https:\/\/www.gigapa.com\/de\/wp-json\/wp\/v2\/product\/2526\/revisions\/2531"}],"wp:featuredmedia":[{"embeddable":true,"href":"https:\/\/www.gigapa.com\/de\/wp-json\/wp\/v2\/media\/2528"}],"wp:attachment":[{"href":"https:\/\/www.gigapa.com\/de\/wp-json\/wp\/v2\/media?parent=2526"}],"wp:term":[{"taxonomy":"product_brand","embeddable":true,"href":"https:\/\/www.gigapa.com\/de\/wp-json\/wp\/v2\/product_brand?post=2526"},{"taxonomy":"product_cat","embeddable":true,"href":"https:\/\/www.gigapa.com\/de\/wp-json\/wp\/v2\/product_cat?post=2526"},{"taxonomy":"product_tag","embeddable":true,"href":"https:\/\/www.gigapa.com\/de\/wp-json\/wp\/v2\/product_tag?post=2526"}],"curies":[{"name":"wp","href":"https:\/\/api.w.org\/{rel}","templated":true}]}}