{"id":2710,"date":"2025-10-10T14:48:40","date_gmt":"2025-10-10T06:48:40","guid":{"rendered":"https:\/\/www.gigapa.com\/?post_type=product&#038;p=2710"},"modified":"2026-04-27T14:57:37","modified_gmt":"2026-04-27T06:57:37","slug":"steel-swarf-compactor","status":"publish","type":"product","link":"https:\/\/www.gigapa.com\/de\/product\/steel-swarf-compactor\/","title":{"rendered":"Stahlsp\u00e4neverdichter"},"content":{"rendered":"<p data-start=\"242\" data-end=\"813\">Ein Stahlsp\u00e4neverdichter ist ein wichtiges Ger\u00e4t in modernen Metallverarbeitungs- und Recyclingbetrieben. Er ist daf\u00fcr ausgelegt, lose Stahlsp\u00e4ne, Drehsp\u00e4ne und andere Metallsp\u00e4ne zu dichten, trockenen und leicht zu handhabenden Briketts zu verdichten. Dadurch wird nicht nur der Platzbedarf f\u00fcr die Lagerung von Metallabf\u00e4llen verringert, sondern das Material wird auch f\u00fcr das Recycling oder die Verh\u00fcttung wertvoller. F\u00fcr Hersteller, die Stahl, Edelstahl, Gusseisen oder Aluminium verarbeiten, bedeutet die Investition in einen Stahlsp\u00e4neverdichter eine erhebliche Verbesserung der Umweltvertr\u00e4glichkeit und der betrieblichen Effizienz.<\/p>\n<div class=\"ast-oembed-container\" style=\"height: 100%;\"><iframe title=\"Metallsp\u00e4ne-Brikettiermaschine | Aluminiumsp\u00e4ne-Brikettiermaschine\" width=\"500\" height=\"281\" src=\"https:\/\/www.youtube.com\/embed\/9eDjw4K6_lM?feature=oembed\" frameborder=\"0\" allow=\"accelerometer; autoplay; clipboard-write; encrypted-media; gyroscope; picture-in-picture; web-share\" referrerpolicy=\"strict-origin-when-cross-origin\" allowfullscreen><\/iframe><\/div>\n<h3 data-start=\"820\" data-end=\"874\">Arbeitsprinzip des Stahlsp\u00e4neverdichters<\/h3>\n<p data-start=\"876\" data-end=\"1346\">Der Stahlsp\u00e4neverdichter arbeitet mit einer Kombination aus hydraulischem Druck und mechanischer Kompression. Nachdem die Sp\u00e4ne von Bearbeitungs- oder Schleifvorg\u00e4ngen gesammelt wurden, werden sie in den Trichter des Verdichters geleitet. Im Inneren der Verdichtungskammer \u00fcbt ein leistungsstarker Hydraulikzylinder einen hohen Druck - oft mehr als 2000 psi - auf die losen Stahlsp\u00e4ne aus. Durch diesen Druck werden Schneidfl\u00fcssigkeiten, K\u00fchlmittel und andere \u00d6lr\u00fcckst\u00e4nde herausgepresst und zu kompakten, festen Briketts geformt.<\/p>\n<p data-start=\"1348\" data-end=\"1706\">Die entstehenden Briketts sind in der Regel zylindrisch oder blockf\u00f6rmig und haben eine wesentlich h\u00f6here Dichte als lose Sp\u00e4ne. Sie k\u00f6nnen problemlos gestapelt, gelagert oder zu Schmelzanlagen transportiert werden, ohne dass es zu Verunreinigungen oder Fl\u00fcssigkeitsaustritt kommt. Das abgesaugte K\u00fchlmittel kann au\u00dferdem gefiltert und wiederverwendet werden, was zu einem saubereren und nachhaltigeren Produktionsprozess beitr\u00e4gt.<\/p>\n<h3 data-start=\"1713\" data-end=\"1764\">Vorteile des Einsatzes eines Stahlsp\u00e4neverdichters<\/h3>\n<ol data-start=\"1766\" data-end=\"2793\">\n<li data-start=\"1766\" data-end=\"1983\">\n<p data-start=\"1769\" data-end=\"1983\">Platz- und Kosteneinsparungen<br data-start=\"1795\" data-end=\"1798\" \/>Lose Stahlsp\u00e4ne nehmen ein gro\u00dfes Volumen ein. Durch die Verdichtung zu festen Briketts kann der Lagerbedarf um bis zu 80% reduziert werden. Dies f\u00fchrt zu niedrigeren Logistik- und Handhabungskosten.<\/p>\n<\/li>\n<li data-start=\"1985\" data-end=\"2210\">\n<p data-start=\"1988\" data-end=\"2210\">Recycling-Effizienz<br data-start=\"2012\" data-end=\"2015\" \/>Kompaktbriketts haben eine h\u00f6here Sch\u00fcttdichte, was die Effizienz der Ofenbeschickung beim Umschmelzen verbessert. Dadurch wird der Energieverbrauch gesenkt und die Recyclingrate insgesamt erh\u00f6ht.<\/p>\n<\/li>\n<li data-start=\"2212\" data-end=\"2409\">\n<p data-start=\"2215\" data-end=\"2409\">\u00d6l- und K\u00fchlmittelr\u00fcckgewinnung<br data-start=\"2243\" data-end=\"2246\" \/>Durch den Verdichtungsprozess werden die restlichen Schneidfl\u00fcssigkeiten von den Sp\u00e4nen getrennt und zur\u00fcckgewonnen. Diese Fl\u00fcssigkeiten k\u00f6nnen wiederverwendet werden, was die Abfallmenge minimiert und die Nachhaltigkeit verbessert.<\/p>\n<\/li>\n<li data-start=\"2411\" data-end=\"2596\">\n<p data-start=\"2414\" data-end=\"2596\">Saubere und sichere Arbeitsumgebung<br data-start=\"2452\" data-end=\"2455\" \/>Das Brikettieren beseitigt tropfende \u00d6le und verstreute Sp\u00e4ne auf dem Werkstattboden und schafft so einen sauberen, sicheren und organisierten Arbeitsbereich.<\/p>\n<\/li>\n<li data-start=\"2598\" data-end=\"2793\">\n<p data-start=\"2601\" data-end=\"2793\">Einhaltung der Umweltvorschriften<br data-start=\"2629\" data-end=\"2632\" \/>Der Stahlsp\u00e4neverdichter unterst\u00fctzt die Einhaltung moderner Umweltstandards, indem er das Abfallvolumen reduziert, das Auslaufen von Fl\u00fcssigkeiten verhindert und das Recycling f\u00f6rdert.<\/p>\n<\/li>\n<\/ol>\n<h3 data-start=\"2800\" data-end=\"2826\">Technische Merkmale<\/h3>\n<ul>\n<li data-start=\"2830\" data-end=\"2935\">Hochdruck-Hydrauliksystem - Sorgt f\u00fcr maximale Verdichtungsdichte und stabile Brikettbildung.<\/li>\n<li data-start=\"2938\" data-end=\"3043\">Automatische Beschickung und Entleerung - Reduziert den Arbeitsaufwand und erh\u00f6ht die Produktionseffizienz.<\/li>\n<li data-start=\"3046\" data-end=\"3144\">Programmierbare Steuerung (PLC) - Erm\u00f6glicht voll- oder halbautomatischen Betrieb mit einfachen Einstellungen.<\/li>\n<li data-start=\"3147\" data-end=\"3246\">Langlebige Kompressionskammer - Hergestellt aus verschlei\u00dffestem Stahl, um eine langfristige Zuverl\u00e4ssigkeit zu gew\u00e4hrleisten.<\/li>\n<li data-start=\"3249\" data-end=\"3337\">\u00d6lr\u00fcckgewinnungssystem - Sammelt und trennt K\u00fchl- oder Schmiermittel f\u00fcr das Recycling.<\/li>\n<li data-start=\"3340\" data-end=\"3442\">Optionales K\u00fchl- und Filtersystem - H\u00e4lt das Hydraulik\u00f6l sauber und verl\u00e4ngert die Lebensdauer der Maschine.<\/li>\n<\/ul>\n<p><img fetchpriority=\"high\" decoding=\"async\" class=\"wp-image-2711 size-full aligncenter\" src=\"https:\/\/www.gigapa.com\/wp-content\/uploads\/2025\/10\/\u538b\u997c\u673a1.jpg\" alt=\"Stahlsp\u00e4neverdichter\" width=\"500\" height=\"500\" srcset=\"https:\/\/www.gigapa.com\/wp-content\/uploads\/2025\/10\/\u538b\u997c\u673a1.jpg 500w, https:\/\/www.gigapa.com\/wp-content\/uploads\/2025\/10\/\u538b\u997c\u673a1-300x300.jpg 300w, https:\/\/www.gigapa.com\/wp-content\/uploads\/2025\/10\/\u538b\u997c\u673a1-150x150.jpg 150w, https:\/\/www.gigapa.com\/wp-content\/uploads\/2025\/10\/\u538b\u997c\u673a1-12x12.jpg 12w, https:\/\/www.gigapa.com\/wp-content\/uploads\/2025\/10\/\u538b\u997c\u673a1-100x100.jpg 100w\" sizes=\"(max-width: 500px) 100vw, 500px\" \/><\/p>\n<h3 data-start=\"3449\" data-end=\"3469\">Anwendungen<\/h3>\n<p data-start=\"3471\" data-end=\"3540\">Der Stahlsp\u00e4neverdichter wird in vielen Industriezweigen eingesetzt, z. B:<\/p>\n<ul>\n<li data-start=\"3543\" data-end=\"3579\">Metallbearbeitung und Bearbeitungszentren<\/li>\n<li data-start=\"3582\" data-end=\"3632\">Herstellung von Automobil- und Luft- und Raumfahrtkomponenten<\/li>\n<li data-start=\"3635\" data-end=\"3681\">Anlagen zur Herstellung von Stahl und Edelstahl<\/li>\n<li data-start=\"3684\" data-end=\"3719\">Gie\u00dfereien und Schmelzbetriebe<\/li>\n<li data-start=\"3722\" data-end=\"3765\">Recycling- und Abfallentsorgungseinrichtungen<\/li>\n<\/ul>\n<p data-start=\"3767\" data-end=\"3928\">Ganz gleich, ob es sich um Stahl, Gusseisen oder Nichteisenmetalle handelt, der Verdichter wandelt Abf\u00e4lle effektiv in wertvolle Ressourcen um und unterst\u00fctzt so eine Kreislaufwirtschaft.<\/p>\n<h3 data-start=\"3935\" data-end=\"3979\">Warum sollten Sie sich f\u00fcr unseren Stahlsp\u00e4neverdichter entscheiden?<\/h3>\n<p data-start=\"3981\" data-end=\"4396\">Unser Unternehmen ist auf die Entwicklung und Herstellung industrieller Brikettier- und Recyclinganlagen spezialisiert und verf\u00fcgt \u00fcber mehr als zehn Jahre Erfahrung im Maschinenbau. Jeder Stahlsp\u00e4neverdichter ist f\u00fcr hohe Leistung, einfache Wartung und gleichm\u00e4\u00dfigen Betrieb ausgelegt. Ma\u00dfgeschneiderte L\u00f6sungen sind je nach Kundenwunsch erh\u00e4ltlich, einschlie\u00dflich Beschickungssysteme, automatische F\u00f6rderb\u00e4nder oder vollst\u00e4ndig integrierte Recyclinglinien.<\/p>\n<p data-start=\"4398\" data-end=\"4611\">Wir bieten umfassende technische Unterst\u00fctzung, von der Auswahl der Ger\u00e4te bis zur Installation und dem Kundendienst. Unser Ziel ist es, Herstellern zu helfen, Abfall zu reduzieren, die Effizienz zu verbessern und eine nachhaltige Produktion zu erreichen.<\/p>\n<h3 data-start=\"4618\" data-end=\"4636\">Schlussfolgerung<\/h3>\n<p data-start=\"4638\" data-end=\"4989\">Ein Stahlsp\u00e4neverdichter ist nicht nur eine Maschine f\u00fcr die Abfallentsorgung, sondern eine intelligente Investition, die messbare Vorteile bei der Kostensenkung, dem Umweltschutz und der Produktivit\u00e4tssteigerung bringt. Indem Sie lose Stahlsp\u00e4ne in dichte Briketts umwandeln, k\u00f6nnen Sie die Lagerung vereinfachen, wertvolle Fl\u00fcssigkeiten zur\u00fcckgewinnen und zu einem saubereren industriellen Prozess beitragen.<\/p>\n<p data-start=\"4991\" data-end=\"5264\">Wenn Sie auf der Suche nach einem zuverl\u00e4ssigen Hersteller oder Lieferanten von Stahlsp\u00e4nepressen sind, kontaktieren Sie uns noch heute, um Ihre Projektanforderungen zu besprechen. Unser professionelles Team wird Ihnen das am besten geeignete Modell empfehlen und eine auf Ihre Bed\u00fcrfnisse zugeschnittene Komplettl\u00f6sung f\u00fcr das Metallrecycling anbieten.<\/p>","protected":false},"excerpt":{"rendered":"<p>Der Stahlsp\u00e4neverdichter ist eine hydraulische Brikettiermaschine, die lose Stahlsp\u00e4ne und Drehsp\u00e4ne zu dichten, trockenen Briketts verdichtet. Sie hilft, das Lagervolumen zu reduzieren, wertvolle K\u00fchlschmierstoffe zur\u00fcckzugewinnen und die Recyclingeffizienz zu verbessern. Mit seiner Hochdruck-Hydrauliktechnologie, dem automatischen Betrieb und der robusten Konstruktion ist dieser Verdichter ideal f\u00fcr die metallverarbeitende Industrie, die spanabhebende Bearbeitung und das Recycling. Er spart nicht nur Platz und Transportkosten, sondern tr\u00e4gt auch zu einer sauberen und nachhaltigen Produktionsumgebung bei.<\/p>","protected":false},"featured_media":2711,"template":"","meta":{"site-sidebar-layout":"default","site-content-layout":"","ast-site-content-layout":"default","site-content-style":"default","site-sidebar-style":"default","ast-global-header-display":"","ast-banner-title-visibility":"","ast-main-header-display":"","ast-hfb-above-header-display":"","ast-hfb-below-header-display":"","ast-hfb-mobile-header-display":"","site-post-title":"","ast-breadcrumbs-content":"","ast-featured-img":"","footer-sml-layout":"","ast-disable-related-posts":"","theme-transparent-header-meta":"default","adv-header-id-meta":"","stick-header-meta":"","header-above-stick-meta":"","header-main-stick-meta":"","header-below-stick-meta":"","astra-migrate-meta-layouts":"set","ast-page-background-enabled":"default","ast-page-background-meta":{"desktop":{"background-color":"var(--ast-global-color-5)","background-image":"","background-repeat":"repeat","background-position":"center center","background-size":"auto","background-attachment":"scroll","background-type":"","background-media":"","overlay-type":"","overlay-color":"","overlay-opacity":"","overlay-gradient":""},"tablet":{"background-color":"","background-image":"","background-repeat":"repeat","background-position":"center center","background-size":"auto","background-attachment":"scroll","background-type":"","background-media":"","overlay-type":"","overlay-color":"","overlay-opacity":"","overlay-gradient":""},"mobile":{"background-color":"","background-image":"","background-repeat":"repeat","background-position":"center center","background-size":"auto","background-attachment":"scroll","background-type":"","background-media":"","overlay-type":"","overlay-color":"","overlay-opacity":"","overlay-gradient":""}},"ast-content-background-meta":{"desktop":{"background-color":"var(--ast-global-color-4)","background-image":"","background-repeat":"repeat","background-position":"center center","background-size":"auto","background-attachment":"scroll","background-type":"","background-media":"","overlay-type":"","overlay-color":"","overlay-opacity":"","overlay-gradient":""},"tablet":{"background-color":"var(--ast-global-color-4)","background-image":"","background-repeat":"repeat","background-position":"center center","background-size":"auto","background-attachment":"scroll","background-type":"","background-media":"","overlay-type":"","overlay-color":"","overlay-opacity":"","overlay-gradient":""},"mobile":{"background-color":"var(--ast-global-color-4)","background-image":"","background-repeat":"repeat","background-position":"center center","background-size":"auto","background-attachment":"scroll","background-type":"","background-media":"","overlay-type":"","overlay-color":"","overlay-opacity":"","overlay-gradient":""}}},"product_brand":[],"product_cat":[21,156],"product_tag":[193,160,191,192,159,190],"class_list":{"0":"post-2710","1":"product","2":"type-product","3":"status-publish","4":"has-post-thumbnail","6":"product_cat-baling-machine","7":"product_cat-briquetting-press-machine","8":"product_tag-automatic-swarf-compactor","9":"product_tag-chip-briquetting-machine","10":"product_tag-hydraulic-metal-chip-compactor","11":"product_tag-metal-briquette-press-machine","12":"product_tag-scrap-briquetting-machine","13":"product_tag-steel-swarf-compactor","14":"desktop-align-left","15":"tablet-align-left","16":"mobile-align-left","18":"first","19":"instock","20":"shipping-taxable","21":"product-type-simple"},"_links":{"self":[{"href":"https:\/\/www.gigapa.com\/de\/wp-json\/wp\/v2\/product\/2710","targetHints":{"allow":["GET"]}}],"collection":[{"href":"https:\/\/www.gigapa.com\/de\/wp-json\/wp\/v2\/product"}],"about":[{"href":"https:\/\/www.gigapa.com\/de\/wp-json\/wp\/v2\/types\/product"}],"version-history":[{"count":2,"href":"https:\/\/www.gigapa.com\/de\/wp-json\/wp\/v2\/product\/2710\/revisions"}],"predecessor-version":[{"id":2714,"href":"https:\/\/www.gigapa.com\/de\/wp-json\/wp\/v2\/product\/2710\/revisions\/2714"}],"wp:featuredmedia":[{"embeddable":true,"href":"https:\/\/www.gigapa.com\/de\/wp-json\/wp\/v2\/media\/2711"}],"wp:attachment":[{"href":"https:\/\/www.gigapa.com\/de\/wp-json\/wp\/v2\/media?parent=2710"}],"wp:term":[{"taxonomy":"product_brand","embeddable":true,"href":"https:\/\/www.gigapa.com\/de\/wp-json\/wp\/v2\/product_brand?post=2710"},{"taxonomy":"product_cat","embeddable":true,"href":"https:\/\/www.gigapa.com\/de\/wp-json\/wp\/v2\/product_cat?post=2710"},{"taxonomy":"product_tag","embeddable":true,"href":"https:\/\/www.gigapa.com\/de\/wp-json\/wp\/v2\/product_tag?post=2710"}],"curies":[{"name":"wp","href":"https:\/\/api.w.org\/{rel}","templated":true}]}}