{"id":2783,"date":"2025-11-06T17:11:30","date_gmt":"2025-11-06T09:11:30","guid":{"rendered":"https:\/\/www.gigapa.com\/?post_type=product&#038;p=2783"},"modified":"2026-04-27T14:44:51","modified_gmt":"2026-04-27T06:44:51","slug":"fully-automatic-horizontal-cotton-baler","status":"publish","type":"product","link":"https:\/\/www.gigapa.com\/de\/product\/fully-automatic-horizontal-cotton-baler\/","title":{"rendered":"Vollautomatische horizontale Baumwollballenpresse"},"content":{"rendered":"<h3>Einf\u00fchrung der Ausr\u00fcstung:<\/h3>\n<p>Die vollautomatische horizontale Baumwollballenpresse besteht aus einem Geh\u00e4use, einer Hydraulikstation, einem Hydraulikzylinder, einem Druckkopf und einem Bindemechanismus. Der von der Hydraulikstation bereitgestellte Hydraulikdruck treibt den Hauptzylinder an, um das Material mithilfe des Druckkopfes zu pressen. Nach dem Pressen wird der Ballen durch den hydraulischen Auswurfzylinder ausgeworfen, und der Bindemechanismus bindet den Ballen. Der gesamte Prozess der Ballenpressung und -bindung wird von einer SPS gesteuert. Der Bindemechanismus f\u00fchrt den Zuf\u00fchr-, Binde- und Spannvorgang automatisch und ohne manuelle Eingriffe durch, wodurch ein hoher Automatisierungsgrad erreicht wird. Dies macht die Maschine nicht nur sehr effizient, sondern spart auch Arbeitskosten. Daher wird sie h\u00e4ufig in Anwendungen eingesetzt, die einen gro\u00dfen Durchsatz und eine hohe Verarbeitungsgeschwindigkeit erfordern, wie z. B. in Baumwollspinnereien, Textilfabriken und Abfallbehandlungsanlagen.<\/p>\n<h3>Auswahl der Parameter:<\/h3>\n<table style=\"border-collapse: collapse; width: 558.02pt;\" border=\"0\" width=\"744\" cellspacing=\"0\" cellpadding=\"0\">\n<tbody>\n<tr style=\"height: 13.50pt;\">\n<td class=\"et2\" style=\"height: 13.50pt; width: 196.50pt;\" width=\"262\" height=\"18\">Modell<\/td>\n<td class=\"et2\" style=\"width: 180.75pt;\" width=\"241\">GSB-P0505<\/td>\n<td class=\"et2\" style=\"width: 180.75pt;\" width=\"241\">GSB-P0606<\/td>\n<\/tr>\n<tr style=\"height: 13.50pt;\">\n<td class=\"et3\" style=\"height: 13.50pt; width: 196.50pt;\" width=\"262\" height=\"18\">Ballengr\u00f6\u00dfe (B\u00d7H\u00d7L) (mm)<\/td>\n<td class=\"et3\" style=\"width: 180.75pt;\" width=\"241\">500\u00d7500\u00d7500<\/td>\n<td class=\"et3\" style=\"width: 180.75pt;\" width=\"241\">600\u00d7600\u00d7750<\/td>\n<\/tr>\n<tr style=\"height: 13.50pt;\">\n<td class=\"et3\" style=\"height: 13.50pt; width: 196.50pt;\" width=\"262\" height=\"18\">Anzahl der Bindedr\u00e4hte (PCS)<\/td>\n<td class=\"et4\" style=\"width: 180.75pt;\" width=\"241\">2-5<\/td>\n<td class=\"et3\" style=\"width: 180.75pt;\" width=\"241\">3-5<\/td>\n<\/tr>\n<tr style=\"height: 13.50pt;\">\n<td class=\"et3\" style=\"height: 13.50pt; width: 196.50pt;\" width=\"262\" height=\"18\">Druck im Hauptzylinder (T)<\/td>\n<td class=\"et3\" style=\"width: 180.75pt;\" width=\"241\">40<\/td>\n<td class=\"et3\" style=\"width: 180.75pt;\" width=\"241\">50<\/td>\n<\/tr>\n<tr style=\"height: 13.50pt;\">\n<td class=\"et3\" style=\"height: 13.50pt; width: 196.50pt;\" width=\"262\" height=\"18\">Hydraulische Leistung (kW)<\/td>\n<td class=\"et3\" style=\"width: 180.75pt;\" width=\"241\">7.5<\/td>\n<td class=\"et3\" style=\"width: 180.75pt;\" width=\"241\">15<\/td>\n<\/tr>\n<tr style=\"height: 13.50pt;\">\n<td class=\"et3\" style=\"height: 13.50pt; width: 196.50pt;\" width=\"262\" height=\"18\">Gr\u00f6\u00dfe der Maschine (B\u00d7H\u00d7L) (mm)<\/td>\n<td class=\"et3\" style=\"width: 180.75pt;\" width=\"241\">3990\u00d73960\u00d72220<\/td>\n<td class=\"et3\" style=\"width: 180.75pt;\" width=\"241\">5980\u00d74680\u00d72430<\/td>\n<\/tr>\n<tr style=\"height: 13.50pt;\">\n<td class=\"et3\" style=\"height: 13.50pt; width: 196.50pt;\" width=\"262\" height=\"18\">Gewicht der Maschine (kg)<\/td>\n<td class=\"et3\" style=\"width: 180.75pt;\" width=\"241\">2600<\/td>\n<td class=\"et3\" style=\"width: 180.75pt;\" width=\"241\">4500<\/td>\n<\/tr>\n<\/tbody>\n<\/table>\n<h3>Anwendungen:<\/h3>\n<p>Baumwolle, Baumwoll-Linters, Chemiefasern, Hanf, Wolle, Gras, medizinisches Material, recycelte Materialien (wie Altpapier und Kunststoffe) und andere leichte, lose Materialien.<\/p>\n<h3>Technische Highlights:<\/h3>\n<ol>\n<li>Hohe Verl\u00e4sslichkeit: Die gesamte Maschinenstruktur ist mit einem hohen Sicherheitsfaktor ausgestattet, der eine dauerhafte Verformung oder Rissbildung verhindert.<\/li>\n<li>Hohe Intelligenz: Ein strenges und zuverl\u00e4ssiges PLC-Steuerungsprogramm, kombiniert mit Sensoren, verbessert die Effizienz und Effektivit\u00e4t der Verpackung.<\/li>\n<li>Gute Stabilit\u00e4t: Die ausger\u00fcstete Materialschneidevorrichtung reduziert effektiv das Risiko von Ausfallzeiten durch Materialverstopfung.<\/li>\n<\/ol>\n<h3>Vergleich der Wirkung:<\/h3>\n<p><img fetchpriority=\"high\" decoding=\"async\" class=\"alignnone wp-image-2803\" src=\"https:\/\/www.gigapa.com\/wp-content\/uploads\/2025\/11\/\u68c9\u82b12.png\" alt=\"\" width=\"400\" height=\"251\" srcset=\"https:\/\/www.gigapa.com\/wp-content\/uploads\/2025\/11\/\u68c9\u82b12.png 1034w, https:\/\/www.gigapa.com\/wp-content\/uploads\/2025\/11\/\u68c9\u82b12-300x188.png 300w, https:\/\/www.gigapa.com\/wp-content\/uploads\/2025\/11\/\u68c9\u82b12-1024x643.png 1024w, https:\/\/www.gigapa.com\/wp-content\/uploads\/2025\/11\/\u68c9\u82b12-768x482.png 768w, https:\/\/www.gigapa.com\/wp-content\/uploads\/2025\/11\/\u68c9\u82b12-18x12.png 18w, https:\/\/www.gigapa.com\/wp-content\/uploads\/2025\/11\/\u68c9\u82b12-600x377.png 600w\" sizes=\"(max-width: 400px) 100vw, 400px\" \/> <img decoding=\"async\" class=\"alignnone wp-image-2804\" src=\"https:\/\/www.gigapa.com\/wp-content\/uploads\/2025\/11\/\u68c9\u82b1.png\" alt=\"\" width=\"400\" height=\"251\" srcset=\"https:\/\/www.gigapa.com\/wp-content\/uploads\/2025\/11\/\u68c9\u82b1.png 1034w, https:\/\/www.gigapa.com\/wp-content\/uploads\/2025\/11\/\u68c9\u82b1-300x188.png 300w, https:\/\/www.gigapa.com\/wp-content\/uploads\/2025\/11\/\u68c9\u82b1-1024x643.png 1024w, https:\/\/www.gigapa.com\/wp-content\/uploads\/2025\/11\/\u68c9\u82b1-768x482.png 768w, https:\/\/www.gigapa.com\/wp-content\/uploads\/2025\/11\/\u68c9\u82b1-18x12.png 18w, https:\/\/www.gigapa.com\/wp-content\/uploads\/2025\/11\/\u68c9\u82b1-600x377.png 600w\" sizes=\"(max-width: 400px) 100vw, 400px\" \/><\/p>\n<h3>Vorteile der vollautomatischen horizontalen Baumwollballenpresse:<\/h3>\n<p>Hohe Automatisierung und Produktivit\u00e4t: Durch die Integration von F\u00f6rderb\u00e4ndern entf\u00e4llt die manuelle Beschickung und der Ballenauswurf, was einen kontinuierlichen Betrieb erm\u00f6glicht. Dies senkt die Arbeitskosten und steigert den Durchsatz - ideal f\u00fcr gro\u00dfe Baumwollverarbeitungsbetriebe, die t\u00e4glich gro\u00dfe Mengen verarbeiten.<\/p>\n<p>Hervorragende Ballendichte und Gleichm\u00e4\u00dfigkeit: Die horizontale Verdichtung sorgt f\u00fcr eine gleichm\u00e4\u00dfige Verdichtung mit hohem Druck, wodurch dichte, gleichm\u00e4\u00dfige Ballen entstehen. Dichtere Ballen minimieren den Platzbedarf f\u00fcr die Lagerung und reduzieren die Transportkosten durch Maximierung der Ladekapazit\u00e4t pro Sendung.<\/p>\n<p>Platzsparender Arbeitsablauf: Trotz der gr\u00f6\u00dferen Gesamtgr\u00f6\u00dfe f\u00fcgt sich das horizontale Layout nahtlos in Produktionslinien ein (z. B. Baumwollentk\u00f6rnung oder Verarbeitung von Textilabf\u00e4llen) und optimiert so die Fl\u00e4chennutzung im Vergleich zu unzusammenh\u00e4ngenden manuellen oder halbautomatischen Aufbauten.<\/p>\n<p>Bedienungskomfort und Sicherheit: Automatisierte Steuerungen (z. B. SPS-Systeme) vereinfachen den Betrieb, w\u00e4hrend eingebaute Sicherheitsfunktionen (Notausschalter, Verriegelungen) die Einhaltung von Sicherheitsstandards am Arbeitsplatz gew\u00e4hrleisten. Durch weniger manuelle Eingriffe wird auch das Unfallrisiko gesenkt.<\/p>\n<p>Langfristige Kosteneinsparungen: Geringere Arbeitskosten, reduzierte Logistikkosten und minimale Ausfallzeiten (aufgrund der zuverl\u00e4ssigen Automatisierung) tragen zu niedrigeren Gesamtbetriebskosten bei und machen das System zu einer langfristigen, kosteneffektiven Investition f\u00fcr Betriebe mit hohen St\u00fcckzahlen.<\/p>","protected":false},"excerpt":{"rendered":"<p>Die vollautomatische horizontale Baumwollballenpresse ist eine hydraulische Maschine, die durch PLC gesteuert wird. Sie presst und bindet automatisch Baumwoll- oder Textilabf\u00e4lle ohne manuelle Bedienung und bietet hohe Effizienz und Arbeitsersparnis.<\/p>","protected":false},"featured_media":2784,"template":"","meta":{"site-sidebar-layout":"default","site-content-layout":"","ast-site-content-layout":"default","site-content-style":"default","site-sidebar-style":"default","ast-global-header-display":"","ast-banner-title-visibility":"","ast-main-header-display":"","ast-hfb-above-header-display":"","ast-hfb-below-header-display":"","ast-hfb-mobile-header-display":"","site-post-title":"","ast-breadcrumbs-content":"","ast-featured-img":"","footer-sml-layout":"","ast-disable-related-posts":"","theme-transparent-header-meta":"default","adv-header-id-meta":"","stick-header-meta":"","header-above-stick-meta":"","header-main-stick-meta":"","header-below-stick-meta":"","astra-migrate-meta-layouts":"set","ast-page-background-enabled":"default","ast-page-background-meta":{"desktop":{"background-color":"var(--ast-global-color-5)","background-image":"","background-repeat":"repeat","background-position":"center center","background-size":"auto","background-attachment":"scroll","background-type":"","background-media":"","overlay-type":"","overlay-color":"","overlay-opacity":"","overlay-gradient":""},"tablet":{"background-color":"","background-image":"","background-repeat":"repeat","background-position":"center center","background-size":"auto","background-attachment":"scroll","background-type":"","background-media":"","overlay-type":"","overlay-color":"","overlay-opacity":"","overlay-gradient":""},"mobile":{"background-color":"","background-image":"","background-repeat":"repeat","background-position":"center center","background-size":"auto","background-attachment":"scroll","background-type":"","background-media":"","overlay-type":"","overlay-color":"","overlay-opacity":"","overlay-gradient":""}},"ast-content-background-meta":{"desktop":{"background-color":"var(--ast-global-color-4)","background-image":"","background-repeat":"repeat","background-position":"center center","background-size":"auto","background-attachment":"scroll","background-type":"","background-media":"","overlay-type":"","overlay-color":"","overlay-opacity":"","overlay-gradient":""},"tablet":{"background-color":"var(--ast-global-color-4)","background-image":"","background-repeat":"repeat","background-position":"center center","background-size":"auto","background-attachment":"scroll","background-type":"","background-media":"","overlay-type":"","overlay-color":"","overlay-opacity":"","overlay-gradient":""},"mobile":{"background-color":"var(--ast-global-color-4)","background-image":"","background-repeat":"repeat","background-position":"center center","background-size":"auto","background-attachment":"scroll","background-type":"","background-media":"","overlay-type":"","overlay-color":"","overlay-opacity":"","overlay-gradient":""}}},"product_brand":[],"product_cat":[153,21],"product_tag":[189,183,188,185,186,187,184],"class_list":{"0":"post-2783","1":"product","2":"type-product","3":"status-publish","4":"has-post-thumbnail","6":"product_cat-horizontal-baler","7":"product_cat-baling-machine","8":"product_tag-cotton-baler-for-sale","9":"product_tag-cotton-baler-machine","10":"product_tag-cotton-baler-manufacturer","11":"product_tag-cotton-compress-machine","12":"product_tag-cotton-packing-machine","13":"product_tag-horizontal-baler-machine","14":"product_tag-plc-control-cotton-baler","15":"desktop-align-left","16":"tablet-align-left","17":"mobile-align-left","19":"first","20":"instock","21":"shipping-taxable","22":"product-type-simple"},"_links":{"self":[{"href":"https:\/\/www.gigapa.com\/de\/wp-json\/wp\/v2\/product\/2783","targetHints":{"allow":["GET"]}}],"collection":[{"href":"https:\/\/www.gigapa.com\/de\/wp-json\/wp\/v2\/product"}],"about":[{"href":"https:\/\/www.gigapa.com\/de\/wp-json\/wp\/v2\/types\/product"}],"version-history":[{"count":7,"href":"https:\/\/www.gigapa.com\/de\/wp-json\/wp\/v2\/product\/2783\/revisions"}],"predecessor-version":[{"id":2885,"href":"https:\/\/www.gigapa.com\/de\/wp-json\/wp\/v2\/product\/2783\/revisions\/2885"}],"wp:featuredmedia":[{"embeddable":true,"href":"https:\/\/www.gigapa.com\/de\/wp-json\/wp\/v2\/media\/2784"}],"wp:attachment":[{"href":"https:\/\/www.gigapa.com\/de\/wp-json\/wp\/v2\/media?parent=2783"}],"wp:term":[{"taxonomy":"product_brand","embeddable":true,"href":"https:\/\/www.gigapa.com\/de\/wp-json\/wp\/v2\/product_brand?post=2783"},{"taxonomy":"product_cat","embeddable":true,"href":"https:\/\/www.gigapa.com\/de\/wp-json\/wp\/v2\/product_cat?post=2783"},{"taxonomy":"product_tag","embeddable":true,"href":"https:\/\/www.gigapa.com\/de\/wp-json\/wp\/v2\/product_tag?post=2783"}],"curies":[{"name":"wp","href":"https:\/\/api.w.org\/{rel}","templated":true}]}}