{"id":2865,"date":"2025-12-12T17:17:34","date_gmt":"2025-12-12T09:17:34","guid":{"rendered":"https:\/\/www.gigapa.com\/?post_type=product&#038;p=2865"},"modified":"2026-03-18T17:17:13","modified_gmt":"2026-03-18T09:17:13","slug":"gsg-q204-plastic-granulator-machine","status":"publish","type":"product","link":"https:\/\/www.gigapa.com\/de\/product\/gsg-q204-plastic-granulator-machine\/","title":{"rendered":"GSG-Q204 Kunststoff-Granuliermaschine"},"content":{"rendered":"<h3>Produkt\u00fcbersicht<\/h3>\n<p>Die Kunststoffgranuliermaschine GSG-Q204 ist eine kompakte, leistungsstarke Granuliermaschine, die f\u00fcr die effiziente Zerkleinerung von Kunststoffabf\u00e4llen, Spritzgussabf\u00e4llen, Ang\u00fcssen, Angusskan\u00e4len, Folienmaterialien und verschiedenen leichten Recyclingkunststoffen konzipiert wurde. Mit seiner robusten Schneidwerkskonstruktion, der stabilen Leistung und dem geringen Energieverbrauch ist dieses Modell ideal f\u00fcr kleine bis mittelgro\u00dfe Recyclingbetriebe, kunststoffverarbeitende Fabriken und Materialr\u00fcckgewinnungsanlagen.<\/p>\n<p>Die Maschine arbeitet mit einem ger\u00e4uscharmen Schneidesystem mit hohem Drehmoment, das eine gleichm\u00e4\u00dfige Partikelgr\u00f6\u00dfe und einen kontinuierlichen, zuverl\u00e4ssigen Betrieb gew\u00e4hrleistet - so k\u00f6nnen Sie Kunststoffabf\u00e4lle in wiederverwendbare Rohstoffe umwandeln und gleichzeitig die Produktionskosten senken.<\/p>\n<div class=\"ast-oembed-container\" style=\"height: 100%;\"><iframe title=\"GSG-Q204 Kunststoff-Granuliermaschine\" width=\"422\" height=\"750\" src=\"https:\/\/www.youtube.com\/embed\/23k9o8xtIgg?feature=oembed\" frameborder=\"0\" allow=\"accelerometer; autoplay; clipboard-write; encrypted-media; gyroscope; picture-in-picture; web-share\" referrerpolicy=\"strict-origin-when-cross-origin\" allowfullscreen><\/iframe><\/div>\n<h3>Spezifikation Parameter<\/h3>\n<table style=\"border-collapse: collapse; width: 509px; height: 542px;\" border=\"0\" width=\"362\" cellspacing=\"0\" cellpadding=\"0\">\n<tbody>\n<tr style=\"height: 13.50pt;\">\n<td style=\"height: 13.50pt; width: 194.25pt;\" width=\"259\" height=\"18\">Modell<\/td>\n<td style=\"width: 77.25pt;\" width=\"103\">GSG-Q204<\/td>\n<\/tr>\n<tr style=\"height: 13.50pt;\">\n<td style=\"height: 13.50pt;\" height=\"18\">Gr\u00f6\u00dfe der Zufuhr\u00f6ffnung (B\u00d7H) (mm)<\/td>\n<td>400 \u00d7 230<\/td>\n<\/tr>\n<tr style=\"height: 13.50pt;\">\n<td style=\"height: 13.50pt;\" height=\"18\">Rotierender Durchmesser (mm)<\/td>\n<td>245<\/td>\n<\/tr>\n<tr style=\"height: 13.50pt;\">\n<td style=\"height: 13.50pt;\" height=\"18\">L\u00e4nge der Schneidwalze (mm)<\/td>\n<td>400<\/td>\n<\/tr>\n<tr style=\"height: 13.50pt;\">\n<td style=\"height: 13.50pt;\" height=\"18\">Drehzahl der Messerwalze (RPM)<\/td>\n<td>580<\/td>\n<\/tr>\n<tr style=\"height: 13.50pt;\">\n<td style=\"height: 13.50pt;\" height=\"18\">Siebmaschen\u00f6ffnung (mm)<\/td>\n<td>20<\/td>\n<\/tr>\n<tr style=\"height: 13.50pt;\">\n<td style=\"height: 13.50pt;\" height=\"18\">Anzahl der beweglichen Klingen (St\u00fcck)<\/td>\n<td>12<\/td>\n<\/tr>\n<tr style=\"height: 13.50pt;\">\n<td style=\"height: 13.50pt;\" height=\"18\">Anzahl der festen Klingen (St\u00fcck)<\/td>\n<td>2<\/td>\n<\/tr>\n<tr style=\"height: 13.50pt;\">\n<td style=\"height: 13.50pt;\" height=\"18\">Motorleistung (KW)<\/td>\n<td>7.5<\/td>\n<\/tr>\n<\/tbody>\n<\/table>\n<p><img fetchpriority=\"high\" decoding=\"async\" class=\"alignnone wp-image-2866\" src=\"https:\/\/www.gigapa.com\/wp-content\/uploads\/2025\/12\/\u7c89\u788e\u673a4-scaled.jpg\" alt=\"\" width=\"400\" height=\"533\" srcset=\"https:\/\/www.gigapa.com\/wp-content\/uploads\/2025\/12\/\u7c89\u788e\u673a4-scaled.jpg 1920w, https:\/\/www.gigapa.com\/wp-content\/uploads\/2025\/12\/\u7c89\u788e\u673a4-225x300.jpg 225w, https:\/\/www.gigapa.com\/wp-content\/uploads\/2025\/12\/\u7c89\u788e\u673a4-768x1024.jpg 768w, https:\/\/www.gigapa.com\/wp-content\/uploads\/2025\/12\/\u7c89\u788e\u673a4-1152x1536.jpg 1152w, https:\/\/www.gigapa.com\/wp-content\/uploads\/2025\/12\/\u7c89\u788e\u673a4-1536x2048.jpg 1536w, https:\/\/www.gigapa.com\/wp-content\/uploads\/2025\/12\/\u7c89\u788e\u673a4-9x12.jpg 9w, https:\/\/www.gigapa.com\/wp-content\/uploads\/2025\/12\/\u7c89\u788e\u673a4-600x800.jpg 600w\" sizes=\"(max-width: 400px) 100vw, 400px\" \/> <img decoding=\"async\" class=\"alignnone wp-image-2869\" src=\"https:\/\/www.gigapa.com\/wp-content\/uploads\/2025\/12\/\u7c89\u788e\u673a1-scaled.jpg\" alt=\"\" width=\"400\" height=\"533\" srcset=\"https:\/\/www.gigapa.com\/wp-content\/uploads\/2025\/12\/\u7c89\u788e\u673a1-scaled.jpg 1920w, https:\/\/www.gigapa.com\/wp-content\/uploads\/2025\/12\/\u7c89\u788e\u673a1-225x300.jpg 225w, https:\/\/www.gigapa.com\/wp-content\/uploads\/2025\/12\/\u7c89\u788e\u673a1-768x1024.jpg 768w, https:\/\/www.gigapa.com\/wp-content\/uploads\/2025\/12\/\u7c89\u788e\u673a1-1152x1536.jpg 1152w, https:\/\/www.gigapa.com\/wp-content\/uploads\/2025\/12\/\u7c89\u788e\u673a1-1536x2048.jpg 1536w, https:\/\/www.gigapa.com\/wp-content\/uploads\/2025\/12\/\u7c89\u788e\u673a1-9x12.jpg 9w, https:\/\/www.gigapa.com\/wp-content\/uploads\/2025\/12\/\u7c89\u788e\u673a1-600x800.jpg 600w\" sizes=\"(max-width: 400px) 100vw, 400px\" \/><\/p>\n<h3 data-start=\"913\" data-end=\"931\"><strong data-start=\"915\" data-end=\"931\">Wesentliche Merkmale<\/strong><\/h3>\n<p data-start=\"933\" data-end=\"970\"><strong data-start=\"937\" data-end=\"970\">Kompaktes, aber leistungsstarkes Design<\/strong><\/p>\n<p data-start=\"971\" data-end=\"1107\">Die Kunststoffgranuliermaschine GSG-Q204 kombiniert einen Rotationsdurchmesser von 245 mm mit einem 7,5-kW-Motor und bietet eine hervorragende Schneidleistung bei gleichzeitiger Platzersparnis.<\/p>\n<p data-start=\"1109\" data-end=\"1149\"><strong data-start=\"1113\" data-end=\"1149\">Hocheffizientes Schneidesystem<\/strong><\/p>\n<p data-start=\"1150\" data-end=\"1164\">Ausgestattet mit:<\/p>\n<ul>\n<li data-start=\"1167\" data-end=\"1187\">12 bewegliche Fl\u00fcgel<\/li>\n<li data-start=\"1190\" data-end=\"1208\">2 feste Bl\u00e4tter<\/li>\n<li data-start=\"1211\" data-end=\"1242\">580 RPM Drehzahl der Messerwalze<\/li>\n<\/ul>\n<p data-start=\"1244\" data-end=\"1331\">Der Granulator produziert sauberes, gleichm\u00e4\u00dfiges Granulat, das sich ideal f\u00fcr die Wiederaufbereitung und das Compoundieren eignet.<\/p>\n<p data-start=\"1333\" data-end=\"1368\"><strong data-start=\"1337\" data-end=\"1368\">Konsistente Ausgabequalit\u00e4t<\/strong><\/p>\n<p data-start=\"1369\" data-end=\"1537\">Eine 20-mm-Siebmaschen\u00f6ffnung sorgt f\u00fcr eine stabile Partikelgr\u00f6\u00dfe, so dass sich das Recyclinggranulat zum Spritzgie\u00dfen, Extrudieren oder Mischen mit Neuware eignet.<\/p>\n<p data-start=\"1539\" data-end=\"1563\"><strong data-start=\"1543\" data-end=\"1563\">Breite Einspeise\u00f6ffnung<\/strong><\/p>\n<p data-start=\"1564\" data-end=\"1645\">Die 400 \u00d7 230 mm gro\u00dfe Zuf\u00fchrungs\u00f6ffnung nimmt verschiedene Kunststoffmaterialien auf, darunter auch:<\/p>\n<ul>\n<li data-start=\"1648\" data-end=\"1673\">Schrott aus Spritzgussverfahren<\/li>\n<li data-start=\"1676\" data-end=\"1702\">Kunststoffbl\u00f6cke und -klumpen<\/li>\n<li data-start=\"1705\" data-end=\"1743\">Folien, Platten und kleine Hohlk\u00f6rper<\/li>\n<li data-start=\"1746\" data-end=\"1769\">Garnituren und L\u00e4ufer<\/li>\n<\/ul>\n<p data-start=\"1771\" data-end=\"1797\"><strong data-start=\"1775\" data-end=\"1797\">Einfache Wartung<\/strong><\/p>\n<p data-start=\"1798\" data-end=\"1915\">Die Messerkammer ist so konstruiert, dass die Messer schnell ausgetauscht und gereinigt werden k\u00f6nnen, was die Ausfallzeiten reduziert und die Produktivit\u00e4t erh\u00f6ht.<\/p>\n<p data-start=\"1917\" data-end=\"1947\"><strong data-start=\"1921\" data-end=\"1947\">Langlebige Konstruktion<\/strong><\/p>\n<p data-start=\"1948\" data-end=\"2072\">Hergestellt aus hochwertigen Materialien und pr\u00e4ziser Technik, die eine lange Lebensdauer in anspruchsvollen industriellen Umgebungen gew\u00e4hrleisten.<\/p>\n<h3>Einzelheiten zur Handhabung<\/h3>\n<p><img decoding=\"async\" class=\"alignnone wp-image-2872\" src=\"https:\/\/www.gigapa.com\/wp-content\/uploads\/2025\/12\/\u7c89\u788e\u673a\u7269\u6599-scaled.jpg\" alt=\"\" width=\"400\" height=\"533\" srcset=\"https:\/\/www.gigapa.com\/wp-content\/uploads\/2025\/12\/\u7c89\u788e\u673a\u7269\u6599-scaled.jpg 1920w, https:\/\/www.gigapa.com\/wp-content\/uploads\/2025\/12\/\u7c89\u788e\u673a\u7269\u6599-225x300.jpg 225w, https:\/\/www.gigapa.com\/wp-content\/uploads\/2025\/12\/\u7c89\u788e\u673a\u7269\u6599-768x1024.jpg 768w, https:\/\/www.gigapa.com\/wp-content\/uploads\/2025\/12\/\u7c89\u788e\u673a\u7269\u6599-1152x1536.jpg 1152w, https:\/\/www.gigapa.com\/wp-content\/uploads\/2025\/12\/\u7c89\u788e\u673a\u7269\u6599-1536x2048.jpg 1536w, https:\/\/www.gigapa.com\/wp-content\/uploads\/2025\/12\/\u7c89\u788e\u673a\u7269\u6599-9x12.jpg 9w, https:\/\/www.gigapa.com\/wp-content\/uploads\/2025\/12\/\u7c89\u788e\u673a\u7269\u6599-600x800.jpg 600w\" sizes=\"(max-width: 400px) 100vw, 400px\" \/> <img loading=\"lazy\" decoding=\"async\" class=\"alignnone wp-image-2871\" src=\"https:\/\/www.gigapa.com\/wp-content\/uploads\/2025\/12\/\u7c89\u788e\u673a\u7269\u65991-scaled.jpg\" alt=\"\" width=\"400\" height=\"533\" srcset=\"https:\/\/www.gigapa.com\/wp-content\/uploads\/2025\/12\/\u7c89\u788e\u673a\u7269\u65991-scaled.jpg 1920w, https:\/\/www.gigapa.com\/wp-content\/uploads\/2025\/12\/\u7c89\u788e\u673a\u7269\u65991-225x300.jpg 225w, https:\/\/www.gigapa.com\/wp-content\/uploads\/2025\/12\/\u7c89\u788e\u673a\u7269\u65991-768x1024.jpg 768w, https:\/\/www.gigapa.com\/wp-content\/uploads\/2025\/12\/\u7c89\u788e\u673a\u7269\u65991-1152x1536.jpg 1152w, https:\/\/www.gigapa.com\/wp-content\/uploads\/2025\/12\/\u7c89\u788e\u673a\u7269\u65991-1536x2048.jpg 1536w, https:\/\/www.gigapa.com\/wp-content\/uploads\/2025\/12\/\u7c89\u788e\u673a\u7269\u65991-9x12.jpg 9w, https:\/\/www.gigapa.com\/wp-content\/uploads\/2025\/12\/\u7c89\u788e\u673a\u7269\u65991-600x800.jpg 600w\" sizes=\"(max-width: 400px) 100vw, 400px\" \/><\/p>\n<h3 data-start=\"2425\" data-end=\"2443\"><strong data-start=\"2427\" data-end=\"2443\">Anwendungen<\/strong><\/h3>\n<p data-start=\"2445\" data-end=\"2511\">Die Kunststoffgranuliermaschine GSG-Q204 ist f\u00fcr eine Vielzahl von Materialien geeignet, darunter auch f\u00fcr<\/p>\n<ul>\n<li data-start=\"2515\" data-end=\"2546\">Harte Kunststoffe (ABS, PP, PS, PE)<\/li>\n<li data-start=\"2549\" data-end=\"2581\">Weiche Kunststoffe (LDPE, HDPE-Folien)<\/li>\n<li data-start=\"2584\" data-end=\"2607\">Abf\u00e4lle aus dem Spritzguss<\/li>\n<li data-start=\"2610\" data-end=\"2628\">Gusskan\u00e4le und Kufen<\/li>\n<li data-start=\"2631\" data-end=\"2658\">Kunststoffplatten und -profile<\/li>\n<li data-start=\"2661\" data-end=\"2686\">Kleine Hohlk\u00f6rper<\/li>\n<li data-start=\"2689\" data-end=\"2710\">Verpackungsmaterialien<\/li>\n<\/ul>\n<p data-start=\"2712\" data-end=\"2731\">Perfekt f\u00fcr die Verwendung in:<\/p>\n<ul>\n<li data-start=\"2734\" data-end=\"2764\">Kunststoffverarbeitende Fabriken<\/li>\n<li data-start=\"2767\" data-end=\"2789\">Recycling-Einrichtungen<\/li>\n<li data-start=\"2792\" data-end=\"2821\">Werkst\u00e4tten f\u00fcr Spritzgie\u00dfer<\/li>\n<li data-start=\"2824\" data-end=\"2850\">Anlagen zur Materialr\u00fcckgewinnung<\/li>\n<\/ul>","protected":false},"excerpt":{"rendered":"<p>Die Kunststoffgranuliermaschine GSG-Q204 ist eine hocheffiziente Zerkleinerungsmaschine, die f\u00fcr die Verarbeitung von Kunststoffabf\u00e4llen, Spritzgussabf\u00e4llen, Folienmaterialien und leichten Recyclinganwendungen entwickelt wurde.<\/p>","protected":false},"featured_media":2873,"template":"","meta":{"site-sidebar-layout":"default","site-content-layout":"","ast-site-content-layout":"default","site-content-style":"default","site-sidebar-style":"default","ast-global-header-display":"","ast-banner-title-visibility":"","ast-main-header-display":"","ast-hfb-above-header-display":"","ast-hfb-below-header-display":"","ast-hfb-mobile-header-display":"","site-post-title":"","ast-breadcrumbs-content":"","ast-featured-img":"","footer-sml-layout":"","ast-disable-related-posts":"","theme-transparent-header-meta":"default","adv-header-id-meta":"","stick-header-meta":"","header-above-stick-meta":"","header-main-stick-meta":"","header-below-stick-meta":"","astra-migrate-meta-layouts":"set","ast-page-background-enabled":"default","ast-page-background-meta":{"desktop":{"background-color":"var(--ast-global-color-5)","background-image":"","background-repeat":"repeat","background-position":"center center","background-size":"auto","background-attachment":"scroll","background-type":"","background-media":"","overlay-type":"","overlay-color":"","overlay-opacity":"","overlay-gradient":""},"tablet":{"background-color":"","background-image":"","background-repeat":"repeat","background-position":"center center","background-size":"auto","background-attachment":"scroll","background-type":"","background-media":"","overlay-type":"","overlay-color":"","overlay-opacity":"","overlay-gradient":""},"mobile":{"background-color":"","background-image":"","background-repeat":"repeat","background-position":"center center","background-size":"auto","background-attachment":"scroll","background-type":"","background-media":"","overlay-type":"","overlay-color":"","overlay-opacity":"","overlay-gradient":""}},"ast-content-background-meta":{"desktop":{"background-color":"var(--ast-global-color-4)","background-image":"","background-repeat":"repeat","background-position":"center center","background-size":"auto","background-attachment":"scroll","background-type":"","background-media":"","overlay-type":"","overlay-color":"","overlay-opacity":"","overlay-gradient":""},"tablet":{"background-color":"var(--ast-global-color-4)","background-image":"","background-repeat":"repeat","background-position":"center center","background-size":"auto","background-attachment":"scroll","background-type":"","background-media":"","overlay-type":"","overlay-color":"","overlay-opacity":"","overlay-gradient":""},"mobile":{"background-color":"var(--ast-global-color-4)","background-image":"","background-repeat":"repeat","background-position":"center center","background-size":"auto","background-attachment":"scroll","background-type":"","background-media":"","overlay-type":"","overlay-color":"","overlay-opacity":"","overlay-gradient":""}}},"product_brand":[],"product_cat":[20,151],"product_tag":[178,174,176,175,177,179],"class_list":{"0":"post-2865","1":"product","2":"type-product","3":"status-publish","4":"has-post-thumbnail","6":"product_cat-shredding-and-crushing-machine","7":"product_cat-single-shaft-crusher","8":"product_tag-pet-bottle-granulator","9":"product_tag-plastic-granulator-machine","10":"product_tag-plastic-granulator-machine-for-recycling","11":"product_tag-plastic-recycling-equipment","12":"product_tag-plastic-recycling-machine","13":"product_tag-pp-pe-granulator","14":"desktop-align-left","15":"tablet-align-left","16":"mobile-align-left","18":"first","19":"instock","20":"shipping-taxable","21":"product-type-simple"},"_links":{"self":[{"href":"https:\/\/www.gigapa.com\/de\/wp-json\/wp\/v2\/product\/2865","targetHints":{"allow":["GET"]}}],"collection":[{"href":"https:\/\/www.gigapa.com\/de\/wp-json\/wp\/v2\/product"}],"about":[{"href":"https:\/\/www.gigapa.com\/de\/wp-json\/wp\/v2\/types\/product"}],"version-history":[{"count":2,"href":"https:\/\/www.gigapa.com\/de\/wp-json\/wp\/v2\/product\/2865\/revisions"}],"predecessor-version":[{"id":2886,"href":"https:\/\/www.gigapa.com\/de\/wp-json\/wp\/v2\/product\/2865\/revisions\/2886"}],"wp:featuredmedia":[{"embeddable":true,"href":"https:\/\/www.gigapa.com\/de\/wp-json\/wp\/v2\/media\/2873"}],"wp:attachment":[{"href":"https:\/\/www.gigapa.com\/de\/wp-json\/wp\/v2\/media?parent=2865"}],"wp:term":[{"taxonomy":"product_brand","embeddable":true,"href":"https:\/\/www.gigapa.com\/de\/wp-json\/wp\/v2\/product_brand?post=2865"},{"taxonomy":"product_cat","embeddable":true,"href":"https:\/\/www.gigapa.com\/de\/wp-json\/wp\/v2\/product_cat?post=2865"},{"taxonomy":"product_tag","embeddable":true,"href":"https:\/\/www.gigapa.com\/de\/wp-json\/wp\/v2\/product_tag?post=2865"}],"curies":[{"name":"wp","href":"https:\/\/api.w.org\/{rel}","templated":true}]}}