{"id":3000,"date":"2026-03-31T17:31:18","date_gmt":"2026-03-31T09:31:18","guid":{"rendered":"https:\/\/www.gigapa.com\/?post_type=product&#038;p=3000"},"modified":"2026-04-01T11:17:09","modified_gmt":"2026-04-01T03:17:09","slug":"gbb-gs405marine-baler","status":"publish","type":"product","link":"https:\/\/www.gigapa.com\/de\/product\/gbb-gs405marine-baler\/","title":{"rendered":"GBB-GS405Marine-Ballenpresse"},"content":{"rendered":"<h3>Produkt\u00fcbersicht<\/h3>\n<p data-start=\"974\" data-end=\"1237\">Die Marine Baler ist eine hydraulische Abfallverdichtungsmaschine, die f\u00fcr den Einsatz in Meeresumgebungen entwickelt wurde. Sie ist aus robusten Materialien und korrosionsbest\u00e4ndigen Komponenten gebaut, um den rauen Bedingungen auf See, einschlie\u00dflich Feuchtigkeit, salzhaltiger Luft und Dauerbetrieb, standzuhalten.<\/p>\n<p data-start=\"1239\" data-end=\"1538\">Diese Anlage verpresst verschiedene Arten von Schiffsabf\u00e4llen zu dichten, handlichen Ballen, was Lagerung und Transport einfacher und kosteng\u00fcnstiger macht. Ihre kompakte Struktur erm\u00f6glicht eine einfache Installation in begrenzten R\u00e4umen an Bord, wie z. B. in Maschinenr\u00e4umen, Abfallbehandlungsbereichen oder Wartungsdecks.<\/p>\n<div class=\"ast-oembed-container\" style=\"height: 100%;\"><iframe title=\"Marine Ballenpresse\" width=\"500\" height=\"281\" src=\"https:\/\/www.youtube.com\/embed\/gbMM4ntNNHA?feature=oembed\" frameborder=\"0\" allow=\"accelerometer; autoplay; clipboard-write; encrypted-media; gyroscope; picture-in-picture; web-share\" referrerpolicy=\"strict-origin-when-cross-origin\" allowfullscreen><\/iframe><\/div>\n<h3>Spezifikation Parameter<\/h3>\n<table style=\"height: 461px;\" width=\"823\">\n<tbody>\n<tr>\n<td width=\"334\">Modell<\/td>\n<td width=\"207\">GBB-GS405<\/td>\n<\/tr>\n<tr>\n<td width=\"334\">Trichtergr\u00f6\u00dfe (L\u00d7B\u00d7H) (mm)<\/td>\n<td width=\"207\">440 \u00d7 440 \u00d7 600<\/td>\n<\/tr>\n<tr>\n<td width=\"334\">Volumen des Trichters (L)<\/td>\n<td width=\"207\">100<\/td>\n<\/tr>\n<tr>\n<td width=\"334\">Druck im Hauptzylinder (T)<\/td>\n<td width=\"207\">5<\/td>\n<\/tr>\n<tr>\n<td width=\"334\">Hydraulische Leistung (kw)<\/td>\n<td width=\"207\">0.75<\/td>\n<\/tr>\n<tr>\n<td width=\"334\">Gesamtabmessungen (L\u00d7B\u00d7H) (mm)<\/td>\n<td width=\"207\">800\u00d7670\u00d71730<\/td>\n<\/tr>\n<tr>\n<td width=\"334\">Gesamtgewicht (kg)<\/td>\n<td width=\"207\">Ca. 220<\/td>\n<\/tr>\n<\/tbody>\n<\/table>\n<p><img fetchpriority=\"high\" decoding=\"async\" class=\"alignnone size-medium wp-image-3001\" src=\"https:\/\/www.gigapa.com\/wp-content\/uploads\/2026\/03\/c15d80ee127b3c3ff4822da68d5a1b12-225x300.jpg\" alt=\"\" width=\"225\" height=\"300\" srcset=\"https:\/\/www.gigapa.com\/wp-content\/uploads\/2026\/03\/c15d80ee127b3c3ff4822da68d5a1b12-225x300.jpg 225w, https:\/\/www.gigapa.com\/wp-content\/uploads\/2026\/03\/c15d80ee127b3c3ff4822da68d5a1b12-768x1024.jpg 768w, https:\/\/www.gigapa.com\/wp-content\/uploads\/2026\/03\/c15d80ee127b3c3ff4822da68d5a1b12-1152x1536.jpg 1152w, https:\/\/www.gigapa.com\/wp-content\/uploads\/2026\/03\/c15d80ee127b3c3ff4822da68d5a1b12-9x12.jpg 9w, https:\/\/www.gigapa.com\/wp-content\/uploads\/2026\/03\/c15d80ee127b3c3ff4822da68d5a1b12-600x800.jpg 600w, https:\/\/www.gigapa.com\/wp-content\/uploads\/2026\/03\/c15d80ee127b3c3ff4822da68d5a1b12.jpg 1280w\" sizes=\"(max-width: 225px) 100vw, 225px\" \/><img decoding=\"async\" class=\"alignnone size-medium wp-image-3004\" src=\"https:\/\/www.gigapa.com\/wp-content\/uploads\/2026\/03\/430fd4ce52a5e8d283012e40897a6cc0-225x300.jpg\" alt=\"\" width=\"225\" height=\"300\" srcset=\"https:\/\/www.gigapa.com\/wp-content\/uploads\/2026\/03\/430fd4ce52a5e8d283012e40897a6cc0-225x300.jpg 225w, https:\/\/www.gigapa.com\/wp-content\/uploads\/2026\/03\/430fd4ce52a5e8d283012e40897a6cc0-768x1024.jpg 768w, https:\/\/www.gigapa.com\/wp-content\/uploads\/2026\/03\/430fd4ce52a5e8d283012e40897a6cc0-1152x1536.jpg 1152w, https:\/\/www.gigapa.com\/wp-content\/uploads\/2026\/03\/430fd4ce52a5e8d283012e40897a6cc0-9x12.jpg 9w, https:\/\/www.gigapa.com\/wp-content\/uploads\/2026\/03\/430fd4ce52a5e8d283012e40897a6cc0-600x800.jpg 600w, https:\/\/www.gigapa.com\/wp-content\/uploads\/2026\/03\/430fd4ce52a5e8d283012e40897a6cc0.jpg 1280w\" sizes=\"(max-width: 225px) 100vw, 225px\" \/><img decoding=\"async\" class=\"alignnone size-medium wp-image-3002\" src=\"https:\/\/www.gigapa.com\/wp-content\/uploads\/2026\/03\/094167fcebd99dc46c9db1ffc33aac4d-225x300.jpg\" alt=\"\" width=\"225\" height=\"300\" srcset=\"https:\/\/www.gigapa.com\/wp-content\/uploads\/2026\/03\/094167fcebd99dc46c9db1ffc33aac4d-225x300.jpg 225w, https:\/\/www.gigapa.com\/wp-content\/uploads\/2026\/03\/094167fcebd99dc46c9db1ffc33aac4d-768x1024.jpg 768w, https:\/\/www.gigapa.com\/wp-content\/uploads\/2026\/03\/094167fcebd99dc46c9db1ffc33aac4d-1152x1536.jpg 1152w, https:\/\/www.gigapa.com\/wp-content\/uploads\/2026\/03\/094167fcebd99dc46c9db1ffc33aac4d-9x12.jpg 9w, https:\/\/www.gigapa.com\/wp-content\/uploads\/2026\/03\/094167fcebd99dc46c9db1ffc33aac4d-600x800.jpg 600w, https:\/\/www.gigapa.com\/wp-content\/uploads\/2026\/03\/094167fcebd99dc46c9db1ffc33aac4d.jpg 1280w\" sizes=\"(max-width: 225px) 100vw, 225px\" \/><\/p>\n<h3 data-start=\"913\" data-end=\"931\"><strong data-start=\"915\" data-end=\"931\">Wesentliche Merkmale<\/strong><\/h3>\n<ol>\n<li>\n<p data-start=\"1563\" data-end=\"1604\"><strong>Kompaktes und platzsparendes Design<\/strong><\/p>\n<p data-start=\"1605\" data-end=\"1843\">Platz an Bord von Schiffen ist extrem wertvoll. Die Marine Baler wurde mit einer kompakten Grundfl\u00e4che konstruiert, so dass sie auch auf engem Raum installiert werden kann. Ihre vertikale oder horizontale Konfiguration gew\u00e4hrleistet Flexibilit\u00e4t f\u00fcr unterschiedliche Schiffslayouts.<\/p>\n<\/li>\n<li>\n<p data-start=\"1845\" data-end=\"1882\"><strong>Hoher Verdichtungswirkungsgrad<\/strong><\/p>\n<p data-start=\"1883\" data-end=\"2133\">Die mit einem leistungsstarken Hydrauliksystem ausgestattete Marine Baler erzeugt eine starke Presskraft, die das Volumen der Abf\u00e4lle erheblich reduziert. Dies hilft Schiffen, mehr Abfall auf weniger Raum zu lagern, und verringert die H\u00e4ufigkeit der Abfallentsorgung in H\u00e4fen.<\/p>\n<\/li>\n<li>\n<p data-start=\"2135\" data-end=\"2174\"><strong>Korrosionsbest\u00e4ndige Struktur<\/strong><\/p>\n<p data-start=\"2175\" data-end=\"2334\">Alle wichtigen Komponenten sind mit Korrosionsschutzbeschichtungen versehen oder aus maritimen Materialien gefertigt, um eine lange Haltbarkeit in salzhaltigen und feuchten Umgebungen zu gew\u00e4hrleisten.<\/p>\n<\/li>\n<li>\n<p data-start=\"2336\" data-end=\"2360\"><strong>Einfache Bedienung<\/strong><\/p>\n<p data-start=\"2361\" data-end=\"2576\">Die Maschine verf\u00fcgt \u00fcber ein benutzerfreundliches Steuersystem, das es den Besatzungsmitgliedern erm\u00f6glicht, sie mit minimalem Schulungsaufwand sicher und effizient zu bedienen. Je nach den betrieblichen Erfordernissen sind automatische und halbautomatische Modi verf\u00fcgbar.<\/p>\n<\/li>\n<li>\n<p data-start=\"2807\" data-end=\"2845\"><strong>Geringe Wartungsanforderungen<\/strong><\/p>\n<p data-start=\"2846\" data-end=\"3032\">Die Marine Baler ist auf Zuverl\u00e4ssigkeit ausgelegt und erfordert nur minimale Wartung. Die wichtigsten hydraulischen und mechanischen Komponenten sind f\u00fcr eine lange Lebensdauer ausgelegt, was Ausfallzeiten und Betriebskosten reduziert.<\/p>\n<\/li>\n<li>\n<p data-start=\"3034\" data-end=\"3064\"><strong>Anpassbare Optionen<\/strong><\/p>\n<p data-start=\"3065\" data-end=\"3222\">Die Maschine kann entsprechend den spezifischen Anforderungen an den Beh\u00e4lter angepasst werden, einschlie\u00dflich Ballengr\u00f6\u00dfe, Kammerabmessungen, Spannung und Steuersystemkonfigurationen.<\/p>\n<\/li>\n<li>\n<p data-start=\"2578\" data-end=\"2612\"><strong>Sicherheitsschutzsystem<\/strong><\/p>\n<p data-start=\"2613\" data-end=\"2805\">Sicherheit hat im Schiffsbetrieb oberste Priorit\u00e4t. Die Marine Baler ist mit zahlreichen Sicherheitsfunktionen ausgestattet, darunter Not-Aus-Tasten, Sicherheitsverriegelungen und \u00dcberlastungsschutzsysteme.<\/p>\n<\/li>\n<\/ol>\n<h3 data-start=\"2425\" data-end=\"2443\"><strong data-start=\"2427\" data-end=\"2443\">Anwendungen<\/strong><\/h3>\n<p>Die Ballenpresse f\u00fcr die Schifffahrt ist auf verschiedenen Arten von Schiffen und Offshore-Anlagen weit verbreitet:<\/p>\n<ul>\n<li>Frachtschiffe<\/li>\n<li>Containerschiffe<\/li>\n<li>Kreuzfahrtschiffe<\/li>\n<li>Offshore-Plattformen<\/li>\n<li>Fischereifahrzeuge<\/li>\n<li>Marineschiffe<\/li>\n<\/ul>\n<p>Er eignet sich f\u00fcr die Verdichtung einer Vielzahl von Abfallstoffen, die an Bord anfallen, darunter:<\/p>\n<ul>\n<li>Kunststoffflaschen (PET, HDPE)<\/li>\n<li>Verpackungsmaterialien<\/li>\n<li>Pappe und Papier<\/li>\n<li>Aluminiumdosen und Metallschrott<\/li>\n<li>Lebensmittelverpackungsabf\u00e4lle<\/li>\n<li>Allgemeiner Hausm\u00fcll<\/li>\n<\/ul>\n<p>Durch die Verdichtung dieser Materialien zu dichten Ballen tr\u00e4gt die Marine Baler dazu bei, den Platzbedarf f\u00fcr die Lagerung zu verringern und die Abfalllogistik zu vereinfachen.<\/p>\n<h3><strong>Vorteile<\/strong><\/h3>\n<ol>\n<li>\n<p data-start=\"3878\" data-end=\"3929\"><strong>Einhaltung von Umweltvorschriften<\/strong><\/p>\n<p data-start=\"3930\" data-end=\"4108\">Die Marine Baler hilft Schiffsbetreibern bei der Einhaltung internationaler Schifffahrtsvorschriften wie MARPOL, indem sie eine ordnungsgem\u00e4\u00dfe Abfallentsorgung erm\u00f6glicht und das Risiko einer illegalen Entsorgung verringert.<\/p>\n<\/li>\n<li>\n<p data-start=\"4110\" data-end=\"4140\"><strong>Reduzierte Abfallmenge<\/strong><\/p>\n<p data-start=\"4141\" data-end=\"4277\">Durch die Komprimierung von Abfallstoffen kann die Maschine das Abfallvolumen um bis zu 80-90% reduzieren und damit die Lagereffizienz an Bord erheblich verbessern.<\/p>\n<\/li>\n<li>\n<p data-start=\"4279\" data-end=\"4309\"><strong>Niedrigere Entsorgungskosten<\/strong><\/p>\n<p data-start=\"4310\" data-end=\"4435\">Kompakte Ballen sind einfacher und billiger zu transportieren und in den Hafenanlagen zu entsorgen, was die Gesamtkosten f\u00fcr die Abfallentsorgung senkt.<\/p>\n<\/li>\n<li>\n<p data-start=\"4437\" data-end=\"4471\"><strong>Verbesserte Hygiene an Bord<\/strong><\/p>\n<p data-start=\"4472\" data-end=\"4589\">Eine effiziente Abfallentsorgung reduziert die Unordnung und tr\u00e4gt dazu bei, dass die Arbeitsumgebung f\u00fcr die Besatzungsmitglieder sauberer und sicherer wird.<\/p>\n<\/li>\n<li>\n<p data-start=\"4591\" data-end=\"4632\"><strong>Verbesserte betriebliche Effizienz<\/strong><\/p>\n<p data-start=\"4633\" data-end=\"4780\">Dank des geringeren Abfallvolumens und der verbesserten Organisation verbringen die Mitarbeiter weniger Zeit mit der Abfallentsorgung, so dass sie sich auf ihre eigentlichen Aufgaben konzentrieren k\u00f6nnen.<\/p>\n<\/li>\n<\/ol>\n<h3><strong>Installation und Unterst\u00fctzung<\/strong><\/h3>\n<p>Unser Team bietet umfassende Unterst\u00fctzung, unter anderem:<\/p>\n<ul>\n<li>Anleitung zur Auswahl der Ausr\u00fcstung<\/li>\n<li>Individuelle Designl\u00f6sungen<\/li>\n<li>Unterst\u00fctzung bei der Installation<\/li>\n<li>Betriebliche Ausbildung<\/li>\n<li>Ersatzteilversorgung<\/li>\n<li>Technische Unterst\u00fctzung<\/li>\n<\/ul>\n<p>Wir stellen sicher, dass jede Ballenpresse f\u00fcr die Schifffahrt so geliefert wird, dass sie nahtlos in das Abfallmanagementsystem Ihres Schiffes integriert werden kann.<\/p>\n<h3><strong>Schlussfolgerung<\/strong><\/h3>\n<p data-start=\"6204\" data-end=\"6521\">Die Marine Baler ist ein wesentliches Ausr\u00fcstungsst\u00fcck f\u00fcr moderne Schiffe, die ein effizientes, gesetzeskonformes und kosteng\u00fcnstiges Abfallmanagement anstreben. Mit ihrem kompakten Design, ihrer hohen Leistung und ihrer robusten Konstruktion ist sie eine zuverl\u00e4ssige L\u00f6sung f\u00fcr die Abfallentsorgung an Bord von Schiffen unter schwierigen Bedingungen.<\/p>\n<p data-start=\"6523\" data-end=\"6738\">Ganz gleich, ob Sie Frachtschiffe, Kreuzfahrtschiffe oder Offshore-Plattformen betreiben, die Marine Baler ist die ideale Wahl, um Ihren Abfallentsorgungsprozess zu optimieren und zu einer saubereren, nachhaltigeren maritimen Industrie beizutragen.<\/p>","protected":false},"excerpt":{"rendered":"<p>Marine Baler ist eine robuste Abfallverdichtungsanlage f\u00fcr Schiffe, die Kunststoff-, Papier-, Karton- und Metallabf\u00e4lle effizient zu dichten Ballen verdichtet. Das spart Platz, senkt die Entsorgungskosten und gew\u00e4hrleistet die Einhaltung der maritimen Umweltvorschriften.<\/p>","protected":false},"featured_media":3007,"template":"","meta":{"site-sidebar-layout":"default","site-content-layout":"","ast-site-content-layout":"default","site-content-style":"default","site-sidebar-style":"default","ast-global-header-display":"","ast-banner-title-visibility":"","ast-main-header-display":"","ast-hfb-above-header-display":"","ast-hfb-below-header-display":"","ast-hfb-mobile-header-display":"","site-post-title":"","ast-breadcrumbs-content":"","ast-featured-img":"","footer-sml-layout":"","ast-disable-related-posts":"","theme-transparent-header-meta":"default","adv-header-id-meta":"","stick-header-meta":"","header-above-stick-meta":"","header-main-stick-meta":"","header-below-stick-meta":"","astra-migrate-meta-layouts":"set","ast-page-background-enabled":"default","ast-page-background-meta":{"desktop":{"background-color":"var(--ast-global-color-5)","background-image":"","background-repeat":"repeat","background-position":"center center","background-size":"auto","background-attachment":"scroll","background-type":"","background-media":"","overlay-type":"","overlay-color":"","overlay-opacity":"","overlay-gradient":""},"tablet":{"background-color":"","background-image":"","background-repeat":"repeat","background-position":"center center","background-size":"auto","background-attachment":"scroll","background-type":"","background-media":"","overlay-type":"","overlay-color":"","overlay-opacity":"","overlay-gradient":""},"mobile":{"background-color":"","background-image":"","background-repeat":"repeat","background-position":"center center","background-size":"auto","background-attachment":"scroll","background-type":"","background-media":"","overlay-type":"","overlay-color":"","overlay-opacity":"","overlay-gradient":""}},"ast-content-background-meta":{"desktop":{"background-color":"var(--ast-global-color-4)","background-image":"","background-repeat":"repeat","background-position":"center center","background-size":"auto","background-attachment":"scroll","background-type":"","background-media":"","overlay-type":"","overlay-color":"","overlay-opacity":"","overlay-gradient":""},"tablet":{"background-color":"var(--ast-global-color-4)","background-image":"","background-repeat":"repeat","background-position":"center center","background-size":"auto","background-attachment":"scroll","background-type":"","background-media":"","overlay-type":"","overlay-color":"","overlay-opacity":"","overlay-gradient":""},"mobile":{"background-color":"var(--ast-global-color-4)","background-image":"","background-repeat":"repeat","background-position":"center center","background-size":"auto","background-attachment":"scroll","background-type":"","background-media":"","overlay-type":"","overlay-color":"","overlay-opacity":"","overlay-gradient":""}}},"product_brand":[],"product_cat":[21,152],"product_tag":[180,115,181,182],"class_list":{"0":"post-3000","1":"product","2":"type-product","3":"status-publish","4":"has-post-thumbnail","6":"product_cat-baling-machine","7":"product_cat-vertical-baler","8":"product_tag-garbage-compactor","9":"product_tag-marine-baler","10":"product_tag-marine-baler-manufacturer","11":"product_tag-marine-trash-compactors","12":"desktop-align-left","13":"tablet-align-left","14":"mobile-align-left","16":"first","17":"instock","18":"shipping-taxable","19":"product-type-simple"},"_links":{"self":[{"href":"https:\/\/www.gigapa.com\/de\/wp-json\/wp\/v2\/product\/3000","targetHints":{"allow":["GET"]}}],"collection":[{"href":"https:\/\/www.gigapa.com\/de\/wp-json\/wp\/v2\/product"}],"about":[{"href":"https:\/\/www.gigapa.com\/de\/wp-json\/wp\/v2\/types\/product"}],"version-history":[{"count":3,"href":"https:\/\/www.gigapa.com\/de\/wp-json\/wp\/v2\/product\/3000\/revisions"}],"predecessor-version":[{"id":3011,"href":"https:\/\/www.gigapa.com\/de\/wp-json\/wp\/v2\/product\/3000\/revisions\/3011"}],"wp:featuredmedia":[{"embeddable":true,"href":"https:\/\/www.gigapa.com\/de\/wp-json\/wp\/v2\/media\/3007"}],"wp:attachment":[{"href":"https:\/\/www.gigapa.com\/de\/wp-json\/wp\/v2\/media?parent=3000"}],"wp:term":[{"taxonomy":"product_brand","embeddable":true,"href":"https:\/\/www.gigapa.com\/de\/wp-json\/wp\/v2\/product_brand?post=3000"},{"taxonomy":"product_cat","embeddable":true,"href":"https:\/\/www.gigapa.com\/de\/wp-json\/wp\/v2\/product_cat?post=3000"},{"taxonomy":"product_tag","embeddable":true,"href":"https:\/\/www.gigapa.com\/de\/wp-json\/wp\/v2\/product_tag?post=3000"}],"curies":[{"name":"wp","href":"https:\/\/api.w.org\/{rel}","templated":true}]}}