{"id":855,"date":"2025-05-06T16:32:50","date_gmt":"2025-05-06T08:32:50","guid":{"rendered":"https:\/\/gigapa.com\/?post_type=product&#038;p=855"},"modified":"2025-12-02T13:55:31","modified_gmt":"2025-12-02T05:55:31","slug":"single-shaft-crushers","status":"publish","type":"product","link":"https:\/\/www.gigapa.com\/de\/product\/single-shaft-crushers\/","title":{"rendered":"GSG-M Einwellenbrecher"},"content":{"rendered":"<h3>Einf\u00fchrung der Ausr\u00fcstung:<\/h3>\n<p>Ein Einwellenzerkleinerer, auch bekannt als Einwellenzerkleinerer. Die mit hoher Geschwindigkeit rotierenden Messer des Einwellenbrechers schneiden kontinuierlich gegen die feststehenden Messer, bis das Material so weit zerkleinert ist, dass es durch die kleinere \u00d6ffnung des Siebgitters passt. Aufgrund der hohen Rotationsgeschwindigkeit und der kleinen Maschenweite des Siebs wird er in der Regel als Nachzerkleinerungsmethode eingesetzt. Das kleinere und einheitliche Granulat ist f\u00fcr den Betrieb nachfolgender Anlagen wie Schneidm\u00fchlen von Vorteil. Durch den Einsatz einer Luftaustragsvorrichtung kann das Problem des gro\u00dfen Platzbedarfs von F\u00f6rderb\u00e4ndern wirksam gel\u00f6st werden, und die endg\u00fcltige Austragsposition ist flexibler. Aufgrund dieser Vorteile wird der Einwellenbrecher h\u00e4ufig in der Recyclingindustrie f\u00fcr Rohstoffe eingesetzt, die eine hohe Partikelqualit\u00e4t erfordern.<\/p>\n<div class=\"ast-oembed-container\" style=\"height: 100%;\"><iframe title=\"1TP5Kunststoffzerkleinerer 1TP5Kunststoffgranulator\" width=\"422\" height=\"750\" src=\"https:\/\/www.youtube.com\/embed\/4GzPAiCfg3Y?feature=oembed\" frameborder=\"0\" allow=\"accelerometer; autoplay; clipboard-write; encrypted-media; gyroscope; picture-in-picture; web-share\" referrerpolicy=\"strict-origin-when-cross-origin\" allowfullscreen><\/iframe><\/div>\n<h3>Anwendungsbereich:<\/h3>\n<table style=\"border-collapse: collapse; width: 1402px; height: 349px;\" border=\"0\" width=\"1563\" cellspacing=\"0\" cellpadding=\"0\">\n<tbody>\n<tr style=\"height: 13.50pt;\">\n<td style=\"height: 13.50pt; width: 155.25pt;\" width=\"207\" height=\"18\">Kunststoffe<\/td>\n<td style=\"width: 1017.00pt;\" width=\"1356\">Spritzgie\u00dfen, Extrusion, Blasformen und andere allgemeine Kunststoffe; Verkehrsleitkegel, Geh\u00e4use f\u00fcr Kleinger\u00e4te, Getr\u00e4nkeflaschen, gewebte Beutel und andere Kunststoffprodukte.<\/td>\n<\/tr>\n<tr style=\"height: 13.50pt;\">\n<td style=\"height: 13.50pt;\" height=\"18\">Holz<\/td>\n<td>Holzabf\u00e4lle, Holzreste, Holzformen, Holzpaletten, Holzt\u00fcren, Holztische, Holzst\u00fchle, usw.<\/td>\n<\/tr>\n<tr style=\"height: 13.50pt;\">\n<td style=\"height: 13.50pt;\" height=\"18\">Gummi<\/td>\n<td>Reifengummi, recycelter Gummi, Dichtungsstreifen usw.<\/td>\n<\/tr>\n<tr style=\"height: 13.50pt;\">\n<td style=\"height: 13.50pt;\" height=\"18\">Papier<\/td>\n<td>Dokumentenpapier, Geschenkpapier, Karton, B\u00fccher usw.<\/td>\n<\/tr>\n<tr style=\"height: 13.50pt;\">\n<td style=\"height: 13.50pt;\" height=\"18\">Stoff und Leder<\/td>\n<td>Lederreste, synthetische Stoffe, Teppiche, Kleidung, Vorh\u00e4nge usw.<\/td>\n<\/tr>\n<tr style=\"height: 13.50pt;\">\n<td style=\"height: 13.50pt;\" height=\"18\">Andere<\/td>\n<td>Leiterplatten, Dr\u00e4hte, Kabel, Schwamm, Schaumstoff, Latex, Glasfasern usw.<\/td>\n<\/tr>\n<\/tbody>\n<\/table>\n<h3>Parameter des Modells:<\/h3>\n<table style=\"border-collapse: collapse; width: 1344px; height: 429px;\" border=\"0\" width=\"1103\" cellspacing=\"0\" cellpadding=\"0\">\n<tbody>\n<tr style=\"height: 13.50pt;\">\n<td class=\"et2\" style=\"height: 13.50pt; width: 155.25pt;\" width=\"207\" height=\"18\">Modell<\/td>\n<td class=\"et2\" style=\"width: 153.00pt;\" width=\"204\">GSG-M806<\/td>\n<td class=\"et2\" style=\"width: 97.50pt;\" width=\"130\">GSG-M808<\/td>\n<td class=\"et2\" style=\"width: 111.00pt;\" width=\"148\">GSG-M408<\/td>\n<td class=\"et2\" style=\"width: 102.00pt;\" width=\"136\">GSG-M508<\/td>\n<td class=\"et2\" style=\"width: 100.50pt;\" width=\"134\">GSG-M512<\/td>\n<td class=\"et2\" style=\"width: 108.00pt;\" width=\"144\">GSG-M612<\/td>\n<\/tr>\n<tr style=\"height: 13.50pt;\">\n<td class=\"et2\" style=\"height: 13.50pt;\" height=\"18\">Umlaufdurchmesser (mm)<\/td>\n<td class=\"et2\">\u03c6320<\/td>\n<td class=\"et2\">\u03c6320<\/td>\n<td class=\"et2\">\u03c6420<\/td>\n<td class=\"et2\">\u03c6520<\/td>\n<td class=\"et2\">\u03c6520<\/td>\n<td class=\"et2\">\u03c6660<\/td>\n<\/tr>\n<tr style=\"height: 13.50pt;\">\n<td class=\"et2\" style=\"height: 13.50pt;\" height=\"18\">Rollenl\u00e4nge (mm)<\/td>\n<td class=\"et2\">600<\/td>\n<td class=\"et2\">800<\/td>\n<td class=\"et2\">800<\/td>\n<td class=\"et2\">800<\/td>\n<td class=\"et2\">1200<\/td>\n<td class=\"et2\">1200<\/td>\n<\/tr>\n<tr style=\"height: 13.50pt;\">\n<td class=\"et2\" style=\"height: 13.50pt;\" height=\"18\">Maschenweite (mm)<\/td>\n<td class=\"et2\">\u03c612<\/td>\n<td class=\"et2\">\u03c612<\/td>\n<td class=\"et2\">\u03c612<\/td>\n<td class=\"et2\">\u03c612<\/td>\n<td class=\"et2\">\u03c612<\/td>\n<td class=\"et2\">\u03c612<\/td>\n<\/tr>\n<tr style=\"height: 13.50pt;\">\n<td class=\"et2\" style=\"height: 13.50pt;\" height=\"18\">Motorleistung (kW)<\/td>\n<td class=\"et2\">22<\/td>\n<td class=\"et2\">30<\/td>\n<td class=\"et2\">37<\/td>\n<td class=\"et2\">45<\/td>\n<td class=\"et2\">75<\/td>\n<td class=\"et2\">90<\/td>\n<\/tr>\n<tr style=\"height: 13.50pt;\">\n<td class=\"et2\" style=\"height: 13.50pt;\" height=\"18\">Abmessungen (L-B-H)(mm)<\/td>\n<td class=\"et2\">1400\u00d71180\u00d72220<\/td>\n<td class=\"et2\">1400\u00d71380\u00d72220<\/td>\n<td class=\"et2\">1580\u00d71450\u00d72310<\/td>\n<td class=\"et2\">2170\u00d71780\u00d73100<\/td>\n<td class=\"et2\">2170\u00d72180\u00d73100<\/td>\n<td class=\"et2\">2490\u00d72280\u00d73350<\/td>\n<\/tr>\n<tr style=\"height: 13.50pt;\">\n<td class=\"et2\" style=\"height: 13.50pt;\" height=\"18\">Gesamtgewicht (kg)<\/td>\n<td class=\"et2\">Etwa 1500<\/td>\n<td class=\"et2\">Etwa 1800<\/td>\n<td class=\"et2\">Etwa 3100<\/td>\n<td class=\"et2\">Etwa 4300<\/td>\n<td class=\"et2\">Etwa 5400<\/td>\n<td class=\"et2\">Etwa 7200<\/td>\n<\/tr>\n<\/tbody>\n<\/table>\n<p>Die oben genannten Modelle sind universelle Standardmodelle. Wenn Sie andere Modelle ben\u00f6tigen, wenden Sie sich bitte an unsere Mitarbeiter, und wir k\u00f6nnen auch ma\u00dfgeschneiderte Dienstleistungen nach Ihren Bed\u00fcrfnissen anbieten.<\/p>\n<h3>Technische Highlights:<\/h3>\n<p>1. Hohe Zuverl\u00e4ssigkeit<br \/>\nEs werden Hochgeschwindigkeitslager mit hohem Sicherheitsfaktor verwendet, was die Stabilit\u00e4t und Langlebigkeit der Lager erh\u00f6ht.<\/p>\n<p>2. Gute Wirtschaftlichkeit<br \/>\nSowohl die beweglichen als auch die feststehenden Messer k\u00f6nnen mehrfach geschliffen werden, was die Kosten f\u00fcr Verschlei\u00dfteile effektiv reduziert.<\/p>\n<p>3. Ausgezeichnete Wartbarkeit<br \/>\nDie geteilte Box ist mit einem \u00d6ffnungs- und Schlie\u00dfmechanismus ausgestattet, der die Wartung einfach, effizient und sicher macht.<\/p>\n<p><img fetchpriority=\"high\" decoding=\"async\" class=\"alignnone wp-image-1002\" title=\"Ein-Wellen-Brecher\" src=\"https:\/\/www.gigapa.com\/wp-content\/uploads\/2025\/05\/\u5e9f\u8f6e\u80ce\u7834\u788e.jpg\" alt=\"Ein-Wellen-Brecher\" width=\"500\" height=\"314\" srcset=\"https:\/\/www.gigapa.com\/wp-content\/uploads\/2025\/05\/\u5e9f\u8f6e\u80ce\u7834\u788e.jpg 1034w, https:\/\/www.gigapa.com\/wp-content\/uploads\/2025\/05\/\u5e9f\u8f6e\u80ce\u7834\u788e-300x188.jpg 300w, https:\/\/www.gigapa.com\/wp-content\/uploads\/2025\/05\/\u5e9f\u8f6e\u80ce\u7834\u788e-1024x643.jpg 1024w, https:\/\/www.gigapa.com\/wp-content\/uploads\/2025\/05\/\u5e9f\u8f6e\u80ce\u7834\u788e-768x482.jpg 768w, https:\/\/www.gigapa.com\/wp-content\/uploads\/2025\/05\/\u5e9f\u8f6e\u80ce\u7834\u788e-600x377.jpg 600w\" sizes=\"(max-width: 500px) 100vw, 500px\" \/> <img decoding=\"async\" class=\"alignnone wp-image-1003\" title=\"Ein-Wellen-Brecher\" src=\"https:\/\/www.gigapa.com\/wp-content\/uploads\/2025\/05\/\u5e9f\u5851\u6599\u7834\u788e.jpg\" alt=\"Ein-Wellen-Brecher\" width=\"500\" height=\"314\" srcset=\"https:\/\/www.gigapa.com\/wp-content\/uploads\/2025\/05\/\u5e9f\u5851\u6599\u7834\u788e.jpg 1034w, https:\/\/www.gigapa.com\/wp-content\/uploads\/2025\/05\/\u5e9f\u5851\u6599\u7834\u788e-300x188.jpg 300w, https:\/\/www.gigapa.com\/wp-content\/uploads\/2025\/05\/\u5e9f\u5851\u6599\u7834\u788e-1024x643.jpg 1024w, https:\/\/www.gigapa.com\/wp-content\/uploads\/2025\/05\/\u5e9f\u5851\u6599\u7834\u788e-768x482.jpg 768w, https:\/\/www.gigapa.com\/wp-content\/uploads\/2025\/05\/\u5e9f\u5851\u6599\u7834\u788e-600x377.jpg 600w\" sizes=\"(max-width: 500px) 100vw, 500px\" \/><\/p>\n<p><img decoding=\"async\" class=\"alignnone wp-image-1004\" title=\"Ein-Wellen-Brecher\" src=\"https:\/\/www.gigapa.com\/wp-content\/uploads\/2025\/05\/\u5e9f\u7eb8\u7834\u788e.jpg\" alt=\"Ein-Wellen-Brecher\" width=\"500\" height=\"314\" srcset=\"https:\/\/www.gigapa.com\/wp-content\/uploads\/2025\/05\/\u5e9f\u7eb8\u7834\u788e.jpg 1034w, https:\/\/www.gigapa.com\/wp-content\/uploads\/2025\/05\/\u5e9f\u7eb8\u7834\u788e-300x188.jpg 300w, https:\/\/www.gigapa.com\/wp-content\/uploads\/2025\/05\/\u5e9f\u7eb8\u7834\u788e-1024x643.jpg 1024w, https:\/\/www.gigapa.com\/wp-content\/uploads\/2025\/05\/\u5e9f\u7eb8\u7834\u788e-768x482.jpg 768w, https:\/\/www.gigapa.com\/wp-content\/uploads\/2025\/05\/\u5e9f\u7eb8\u7834\u788e-600x377.jpg 600w\" sizes=\"(max-width: 500px) 100vw, 500px\" \/> <img loading=\"lazy\" decoding=\"async\" class=\"alignnone wp-image-1005\" title=\"Ein-Wellen-Brecher\" src=\"https:\/\/www.gigapa.com\/wp-content\/uploads\/2025\/05\/\u6d77\u7ef5\u7834\u788e.jpg\" alt=\"Ein-Wellen-Brecher\" width=\"500\" height=\"314\" srcset=\"https:\/\/www.gigapa.com\/wp-content\/uploads\/2025\/05\/\u6d77\u7ef5\u7834\u788e.jpg 1034w, https:\/\/www.gigapa.com\/wp-content\/uploads\/2025\/05\/\u6d77\u7ef5\u7834\u788e-300x188.jpg 300w, https:\/\/www.gigapa.com\/wp-content\/uploads\/2025\/05\/\u6d77\u7ef5\u7834\u788e-1024x643.jpg 1024w, https:\/\/www.gigapa.com\/wp-content\/uploads\/2025\/05\/\u6d77\u7ef5\u7834\u788e-768x482.jpg 768w, https:\/\/www.gigapa.com\/wp-content\/uploads\/2025\/05\/\u6d77\u7ef5\u7834\u788e-600x377.jpg 600w\" sizes=\"(max-width: 500px) 100vw, 500px\" \/><\/p>\n<h3>Arbeitsprinzip<\/h3>\n<p data-start=\"449\" data-end=\"476\"><strong>1. Materialzufuhr<\/strong><\/p>\n<ul>\n<li data-start=\"479\" data-end=\"701\">Materialzufuhr: Das Material wird durch einen Einlass in die Brechkammer des Brechers geleitet. Je nach Ausf\u00fchrung kann das Material manuell oder automatisch \u00fcber ein F\u00f6rderband oder andere Vorrichtungen in die Maschine eingef\u00fchrt werden.<\/li>\n<li data-start=\"704\" data-end=\"841\">Anwendbare Materialien: Dieser Zerkleinerer kann eine Vielzahl von Materialien wie Kunststoff, Gummi, Elektroschrott, Metalle, Holz, Papier usw. verarbeiten.<\/li>\n<\/ul>\n<p data-start=\"843\" data-end=\"894\"><strong>2. Schneiden und Zerkleinern durch rotierende Klingen<\/strong><\/p>\n<ul>\n<li data-start=\"897\" data-end=\"1114\">Rotierende Klingen: Der Einwellenzerkleinerer ist mit einer Hauptwelle ausgestattet, die mehrere starke Messer antreibt. Die Hauptwelle wird in der Regel von einem Elektromotor angetrieben, der die Messer mit hoher Geschwindigkeit rotieren l\u00e4sst.<\/li>\n<li data-start=\"1117\" data-end=\"1341\">Scherwirkung: Wenn das Material in die Zerkleinerungskammer eintritt, kommen die rotierenden Messer mit dem Material in Kontakt. Die Klingen \u00fcben eine schneidende, rei\u00dfende und komprimierende Kraft aus, um das Material in kleinere Partikel zu zerkleinern.<\/li>\n<li data-start=\"1344\" data-end=\"1575\">Wechselwirkung zwischen Material und Klingen: Das Material wird in den Klingenbereich gedr\u00fcckt, wo die Klingen es schnell schneiden und zerkleinern. Die Relativbewegung der Klingen gegen das Material erzeugt starke Schneid- und Zerkleinerungskr\u00e4fte.<\/li>\n<\/ul>\n<p data-start=\"1577\" data-end=\"1610\"><strong>3. Zerkleinerung und Siebung<\/strong><\/p>\n<ul>\n<li data-start=\"1613\" data-end=\"1868\">Zerkleinerungsprozess: W\u00e4hrend das Material durch die Messer l\u00e4uft, wird es schnell zerkleinert und gebrochen. Das zerkleinerte Material flie\u00dft dann aus der Kammer, wo es entweder durch ein Sieb l\u00e4uft oder f\u00fcr eine feinere Verarbeitung weiter zerkleinert wird.<\/li>\n<li data-start=\"1871\" data-end=\"2207\">Siebfunktion: Einige Modelle des Einwellenbrechers sind mit Sieben ausgestattet, um die Gr\u00f6\u00dfe des gebrochenen Materials zu kontrollieren. Das Material muss das Sieb passieren, und wenn die Partikelgr\u00f6\u00dfe den erforderlichen Spezifikationen entspricht, wird es ausgesto\u00dfen. Ist dies nicht der Fall, wird das Material zur weiteren Zerkleinerung erneut in die Brechkammer geleitet.<\/li>\n<\/ul>\n<p data-start=\"2209\" data-end=\"2235\"><strong>4. Material Output<\/strong><\/p>\n<ul>\n<li data-start=\"2238\" data-end=\"2512\">Zerkleinerte Partikel: Das Material wird von den rotierenden Messern kontinuierlich zerkleinert und durch den Auslass aus dem Brecher ausgesto\u00dfen. Aufgrund der hohen Schnitt- und Zerkleinerungsgeschwindigkeit werden in der Regel kleinere, gleichm\u00e4\u00dfige Partikel erzeugt.<\/li>\n<li data-start=\"2515\" data-end=\"2744\">Partikelgr\u00f6\u00dfe: Die endg\u00fcltige Partikelgr\u00f6\u00dfe h\u00e4ngt von der Konstruktion der Klinge, der Materialh\u00e4rte und den Betriebsbedingungen ab. Wenn kleinere Partikel ben\u00f6tigt werden, kann die Klingenpr\u00e4zision angepasst werden, oder die Betriebseinstellungen k\u00f6nnen fein abgestimmt werden.<\/li>\n<\/ul>","protected":false},"excerpt":{"rendered":"<p>Einwellenzerkleinerer werden haupts\u00e4chlich f\u00fcr Kunststoffe - allgemeine Kunststoffe wie Spritzguss, Extrusion, Blasfolien, Matrizenbl\u00f6cke usw.; Kabel - Kupfer-, Aluminium- und Verbundkabel; Aluminium - Dosen, Aluminiumsp\u00e4ne usw. verwendet.<\/p>","protected":false},"featured_media":754,"template":"","meta":{"site-sidebar-layout":"default","site-content-layout":"","ast-site-content-layout":"default","site-content-style":"default","site-sidebar-style":"default","ast-global-header-display":"","ast-banner-title-visibility":"","ast-main-header-display":"","ast-hfb-above-header-display":"","ast-hfb-below-header-display":"","ast-hfb-mobile-header-display":"","site-post-title":"","ast-breadcrumbs-content":"","ast-featured-img":"","footer-sml-layout":"","ast-disable-related-posts":"","theme-transparent-header-meta":"default","adv-header-id-meta":"","stick-header-meta":"","header-above-stick-meta":"","header-main-stick-meta":"","header-below-stick-meta":"","astra-migrate-meta-layouts":"set","ast-page-background-enabled":"default","ast-page-background-meta":{"desktop":{"background-color":"var(--ast-global-color-5)","background-image":"","background-repeat":"repeat","background-position":"center center","background-size":"auto","background-attachment":"scroll","background-type":"","background-media":"","overlay-type":"","overlay-color":"","overlay-opacity":"","overlay-gradient":""},"tablet":{"background-color":"","background-image":"","background-repeat":"repeat","background-position":"center center","background-size":"auto","background-attachment":"scroll","background-type":"","background-media":"","overlay-type":"","overlay-color":"","overlay-opacity":"","overlay-gradient":""},"mobile":{"background-color":"","background-image":"","background-repeat":"repeat","background-position":"center center","background-size":"auto","background-attachment":"scroll","background-type":"","background-media":"","overlay-type":"","overlay-color":"","overlay-opacity":"","overlay-gradient":""}},"ast-content-background-meta":{"desktop":{"background-color":"var(--ast-global-color-4)","background-image":"","background-repeat":"repeat","background-position":"center center","background-size":"auto","background-attachment":"scroll","background-type":"","background-media":"","overlay-type":"","overlay-color":"","overlay-opacity":"","overlay-gradient":""},"tablet":{"background-color":"var(--ast-global-color-4)","background-image":"","background-repeat":"repeat","background-position":"center center","background-size":"auto","background-attachment":"scroll","background-type":"","background-media":"","overlay-type":"","overlay-color":"","overlay-opacity":"","overlay-gradient":""},"mobile":{"background-color":"var(--ast-global-color-4)","background-image":"","background-repeat":"repeat","background-position":"center center","background-size":"auto","background-attachment":"scroll","background-type":"","background-media":"","overlay-type":"","overlay-color":"","overlay-opacity":"","overlay-gradient":""}}},"product_brand":[],"product_cat":[20,151],"product_tag":[57,59,61,60,58],"class_list":{"0":"post-855","1":"product","2":"type-product","3":"status-publish","4":"has-post-thumbnail","6":"product_cat-shredding-and-crushing-machine","7":"product_cat-single-shaft-crusher","8":"product_tag-china-single-shaft-crusher-factory","9":"product_tag-single-shaft-crusher-machine","10":"product_tag-single-shaft-crusher-machine-price","11":"product_tag-single-shaft-metal-crusher-machine","12":"product_tag-single-shaft-waste-plastic-crusher","13":"desktop-align-left","14":"tablet-align-left","15":"mobile-align-left","17":"first","18":"instock","19":"shipping-taxable","20":"product-type-simple"},"_links":{"self":[{"href":"https:\/\/www.gigapa.com\/de\/wp-json\/wp\/v2\/product\/855","targetHints":{"allow":["GET"]}}],"collection":[{"href":"https:\/\/www.gigapa.com\/de\/wp-json\/wp\/v2\/product"}],"about":[{"href":"https:\/\/www.gigapa.com\/de\/wp-json\/wp\/v2\/types\/product"}],"version-history":[{"count":12,"href":"https:\/\/www.gigapa.com\/de\/wp-json\/wp\/v2\/product\/855\/revisions"}],"predecessor-version":[{"id":2833,"href":"https:\/\/www.gigapa.com\/de\/wp-json\/wp\/v2\/product\/855\/revisions\/2833"}],"wp:featuredmedia":[{"embeddable":true,"href":"https:\/\/www.gigapa.com\/de\/wp-json\/wp\/v2\/media\/754"}],"wp:attachment":[{"href":"https:\/\/www.gigapa.com\/de\/wp-json\/wp\/v2\/media?parent=855"}],"wp:term":[{"taxonomy":"product_brand","embeddable":true,"href":"https:\/\/www.gigapa.com\/de\/wp-json\/wp\/v2\/product_brand?post=855"},{"taxonomy":"product_cat","embeddable":true,"href":"https:\/\/www.gigapa.com\/de\/wp-json\/wp\/v2\/product_cat?post=855"},{"taxonomy":"product_tag","embeddable":true,"href":"https:\/\/www.gigapa.com\/de\/wp-json\/wp\/v2\/product_tag?post=855"}],"curies":[{"name":"wp","href":"https:\/\/api.w.org\/{rel}","templated":true}]}}