{"id":857,"date":"2025-05-06T16:35:58","date_gmt":"2025-05-06T08:35:58","guid":{"rendered":"https:\/\/gigapa.com\/?post_type=product&#038;p=857"},"modified":"2025-10-20T13:53:09","modified_gmt":"2025-10-20T05:53:09","slug":"vertical-baling-machines","status":"publish","type":"product","link":"https:\/\/www.gigapa.com\/de\/product\/vertical-baling-machines\/","title":{"rendered":"GSB-V Vertikale Ballenpressen"},"content":{"rendered":"<h3>Einf\u00fchrung der Ausr\u00fcstung:<\/h3>\n<p>Die vertikale Ballenpresse wird von einer Hydraulikpumpe angetrieben, die den Hydraulikzylinder in Bewegung setzt und so den Presskopf bewegt, um die Verdichtung auszuf\u00fchren und das Volumen der Materialien zu verringern und die Sch\u00fcttdichte zu erh\u00f6hen. Nach der Kompression k\u00f6nnen diese Materialien im Allgemeinen ihre Form nicht durch vollst\u00e4ndige Verformung beibehalten, so dass sie durch Bindemethoden bei der Aufrechterhaltung der Kompressionswirkung unterst\u00fctzt werden m\u00fcssen. Aufgrund ihrer gro\u00dfen Vielseitigkeit, ihres geringen Platzbedarfs und ihrer einfachen Bedienung ist die vertikale Ballenpresse in Unternehmen mit geringem Verarbeitungsvolumen weit verbreitet, insbesondere in Superm\u00e4rkten und kleinen Recyclingh\u00f6fen, die diese Art von vertikaler Ballenpresse intensiv nutzen.<\/p>\n<div class=\"ast-oembed-container\" style=\"height: 100%;\"><iframe title=\"Kartonabf\u00e4lle zu Ziegelsteinen gepresst! Vertikale Ballenpresse f\u00fcr 2 Tonnen pro Stunde #verticalbaler\" width=\"500\" height=\"375\" src=\"https:\/\/www.youtube.com\/embed\/az3REtxEzkA?feature=oembed\" frameborder=\"0\" allow=\"accelerometer; autoplay; clipboard-write; encrypted-media; gyroscope; picture-in-picture; web-share\" referrerpolicy=\"strict-origin-when-cross-origin\" allowfullscreen><\/iframe><\/div>\n<h3>Anwendungsbereich:<\/h3>\n<table style=\"border-collapse: collapse; width: 1325px; height: 313px;\" border=\"0\" width=\"1409\" cellspacing=\"0\" cellpadding=\"0\">\n<tbody>\n<tr style=\"height: 13.50pt;\">\n<td style=\"height: 13.50pt; width: 155.25pt;\" width=\"207\" height=\"18\">Papier<\/td>\n<td style=\"width: 901.50pt;\" width=\"1202\">Zeitungen, Zeitschriften, B\u00fccher, Geschenkpapier, Wellpappe, Kartons, Pappschachteln, Werbepapier, verschiedene Papierfabrikabf\u00e4lle usw.<\/td>\n<\/tr>\n<tr style=\"height: 13.50pt;\">\n<td style=\"height: 13.50pt;\" height=\"18\">Kunststoff<\/td>\n<td>Kunststoffbeutel, Kunststoffverpackungen, Kunststoffflaschen, Getr\u00e4nkeflaschen, Mulchfolie, Kunststofffolie, gewebte S\u00e4cke usw.<\/td>\n<\/tr>\n<tr style=\"height: 13.50pt;\">\n<td style=\"height: 13.50pt;\" height=\"18\">Stoff und Leder<\/td>\n<td>Lederabf\u00e4lle, Abf\u00e4lle aus Textilfabriken, Abf\u00e4lle aus Bekleidungsfabriken, Teppiche, Kleidung, Gardinen, Pl\u00fcschtiere usw.<\/td>\n<\/tr>\n<tr style=\"height: 13.50pt;\">\n<td style=\"height: 13.50pt;\" height=\"18\">Pflanzen<\/td>\n<td>Verschiedene Strohhalme, \u00c4ste, Reisspelzen usw.<\/td>\n<\/tr>\n<tr style=\"height: 13.50pt;\">\n<td style=\"height: 13.50pt;\" height=\"18\">Metall<\/td>\n<td>Aluminiumdosen, Aluminiumprofile, etc.<\/td>\n<\/tr>\n<tr style=\"height: 13.50pt;\">\n<td style=\"height: 13.50pt;\" height=\"18\">Andere<\/td>\n<td>Hausm\u00fcll, Schw\u00e4mme, Gummistreifen, farbbeschichtete Stahlfliesen usw.<\/td>\n<\/tr>\n<\/tbody>\n<\/table>\n<h3>Modellparameter:<\/h3>\n<table style=\"border-collapse: collapse; width: 1178px; height: 543px;\" border=\"0\" width=\"972\" cellspacing=\"0\" cellpadding=\"0\">\n<tbody>\n<tr style=\"height: 13.50pt;\">\n<td class=\"et3\" style=\"height: 13.50pt; width: 234.75pt;\" width=\"313\" height=\"18\">Modell<\/td>\n<td class=\"et4\" style=\"width: 123.75pt;\" width=\"165\">GSB-V0604<\/td>\n<td class=\"et4\" style=\"width: 119.25pt;\" width=\"159\">GSB-V0806<\/td>\n<td class=\"et4\" style=\"width: 125.25pt;\" width=\"167\">GSB-V1107<\/td>\n<td class=\"et4\" style=\"width: 126.00pt;\" width=\"168\">GSB-V1208<\/td>\n<\/tr>\n<tr style=\"height: 13.50pt;\">\n<td class=\"et3\" style=\"height: 13.50pt; width: 234.75pt;\" width=\"313\" height=\"18\">Gr\u00f6\u00dfe der Einf\u00fcll\u00f6ffnung (L\u00d7H) (mm)<\/td>\n<td class=\"et4\" style=\"width: 123.75pt;\" width=\"165\">600\u00d7360<\/td>\n<td class=\"et4\" style=\"width: 119.25pt;\" width=\"159\">800\u00d7450<\/td>\n<td class=\"et4\" style=\"width: 125.25pt;\" width=\"167\">1100\u00d7550<\/td>\n<td class=\"et4\" style=\"width: 126.00pt;\" width=\"168\">1200\u00d7550<\/td>\n<\/tr>\n<tr style=\"height: 13.50pt;\">\n<td class=\"et3\" style=\"height: 13.50pt; width: 234.75pt;\" width=\"313\" height=\"18\">Packungsgr\u00f6\u00dfe (L\u00d7B\u00d7H)(mm)<\/td>\n<td class=\"et4\" style=\"width: 123.75pt;\" width=\"165\">600\u00d7400\u00d7(400-640)<\/td>\n<td class=\"et4\" style=\"width: 119.25pt;\" width=\"159\">800\u00d7600\u00d7(300-800)<\/td>\n<td class=\"et4\" style=\"width: 125.25pt;\" width=\"167\">1100\u00d7700\u00d7(500-950)<\/td>\n<td class=\"et4\" style=\"width: 126.00pt;\" width=\"168\">1200\u00d7800\u00d7(500-950)<\/td>\n<\/tr>\n<tr style=\"height: 13.50pt;\">\n<td class=\"et3\" style=\"height: 13.50pt; width: 234.75pt;\" width=\"313\" height=\"18\">Zykluszeit (s)<\/td>\n<td class=\"et4\" style=\"width: 123.75pt;\" width=\"165\">25<\/td>\n<td class=\"et4\" style=\"width: 119.25pt;\" width=\"159\">50<\/td>\n<td class=\"et4\" style=\"width: 125.25pt;\" width=\"167\">50<\/td>\n<td class=\"et4\" style=\"width: 126.00pt;\" width=\"168\">47<\/td>\n<\/tr>\n<tr style=\"height: 13.50pt;\">\n<td class=\"et3\" style=\"height: 13.50pt; width: 234.75pt;\" width=\"313\" height=\"18\">Anzahl der Umreifungsspuren (PCS)<\/td>\n<td class=\"et4\" style=\"width: 123.75pt;\" width=\"165\">4<\/td>\n<td class=\"et4\" style=\"width: 119.25pt;\" width=\"159\">4<\/td>\n<td class=\"et4\" style=\"width: 125.25pt;\" width=\"167\">4<\/td>\n<td class=\"et4\" style=\"width: 126.00pt;\" width=\"168\">4<\/td>\n<\/tr>\n<tr style=\"height: 13.50pt;\">\n<td class=\"et3\" style=\"height: 13.50pt; width: 234.75pt;\" width=\"313\" height=\"18\">Innendurchmesser des Hauptzylinders (mm)<\/td>\n<td class=\"et4\" style=\"width: 123.75pt;\" width=\"165\">\u03c690<\/td>\n<td class=\"et4\" style=\"width: 119.25pt;\" width=\"159\">\u03c6125<\/td>\n<td class=\"et4\" style=\"width: 125.25pt;\" width=\"167\">\u03c6110<\/td>\n<td class=\"et4\" style=\"width: 126.00pt;\" width=\"168\">\u03c6125<\/td>\n<\/tr>\n<tr style=\"height: 13.50pt;\">\n<td class=\"et3\" style=\"height: 13.50pt; width: 234.75pt;\" width=\"313\" height=\"18\">Druck im Hauptzylinder (T)<\/td>\n<td class=\"et4\" style=\"width: 123.75pt;\" width=\"165\">16<\/td>\n<td class=\"et4\" style=\"width: 119.25pt;\" width=\"159\">31.5<\/td>\n<td class=\"et4\" style=\"width: 125.25pt;\" width=\"167\">25\u00d72<\/td>\n<td class=\"et4\" style=\"width: 126.00pt;\" width=\"168\">31.5\u00d72<\/td>\n<\/tr>\n<tr style=\"height: 13.50pt;\">\n<td class=\"et3\" style=\"height: 13.50pt; width: 234.75pt;\" width=\"313\" height=\"18\">Hydraulische Leistung (kW)<\/td>\n<td class=\"et4\" style=\"width: 123.75pt;\" width=\"165\">2.2<\/td>\n<td class=\"et4\" style=\"width: 119.25pt;\" width=\"159\">4<\/td>\n<td class=\"et4\" style=\"width: 125.25pt;\" width=\"167\">5.5<\/td>\n<td class=\"et4\" style=\"width: 126.00pt;\" width=\"168\">7.5<\/td>\n<\/tr>\n<tr style=\"height: 13.50pt;\">\n<td class=\"et3\" style=\"height: 13.50pt; width: 234.75pt;\" width=\"313\" height=\"18\">Abmessungen (L\u00d7B\u00d7H)(mm)<\/td>\n<td class=\"et4\" style=\"width: 123.75pt;\" width=\"165\">950\u00d7760\u00d72070<\/td>\n<td class=\"et4\" style=\"width: 119.25pt;\" width=\"159\">1150\u00d7960\u00d72850<\/td>\n<td class=\"et4\" style=\"width: 125.25pt;\" width=\"167\">1580\u00d71080\u00d73140<\/td>\n<td class=\"et4\" style=\"width: 126.00pt;\" width=\"168\">1680\u00d71160\u00d73280<\/td>\n<\/tr>\n<tr style=\"height: 13.50pt;\">\n<td class=\"et3\" style=\"height: 13.50pt; width: 234.75pt;\" width=\"313\" height=\"18\">Gesamtgewicht (kg)<\/td>\n<td class=\"et4\" style=\"width: 123.75pt;\" width=\"165\">Etwa 500<\/td>\n<td class=\"et4\" style=\"width: 119.25pt;\" width=\"159\">Etwa 850<\/td>\n<td class=\"et4\" style=\"width: 125.25pt;\" width=\"167\">Etwa 1500<\/td>\n<td class=\"et4\" style=\"width: 126.00pt;\" width=\"168\">Etwa 1850<\/td>\n<\/tr>\n<\/tbody>\n<\/table>\n<p>Die oben genannten Modelle sind universelle Standardmodelle. Wenn Sie andere Modelle ben\u00f6tigen, wenden Sie sich bitte an unsere Mitarbeiter, und wir k\u00f6nnen auch ma\u00dfgeschneiderte Dienstleistungen nach Ihren Bed\u00fcrfnissen anbieten.<\/p>\n<h3>Technische Highlights:<\/h3>\n<p>1. Lange Lebensdauer der Maschine<br \/>\nAus hochwertigem Stahl und verdickten Stahlplatten gefertigt, bleibt er erm\u00fcdungsfrei und verformt sich auch bei l\u00e4ngerem Gebrauch nicht.<\/p>\n<p>2. Umfassender Sicherheitsschutz<br \/>\nEs gibt zahlreiche Sicherheitsma\u00dfnahmen, um potenziellen Gefahren vorzubeugen.<\/p>\n<p>3. Einfache Bedienung f\u00fcr Arbeiter<br \/>\nEin ausgereiftes intelligentes Betriebsprogramm sorgt f\u00fcr einfachen, sorgenfreien Betrieb und hohe Effizienz<\/p>\n<p><img fetchpriority=\"high\" decoding=\"async\" class=\"alignnone wp-image-1018\" title=\"Vertikale Ballenpressen\" src=\"https:\/\/www.gigapa.com\/wp-content\/uploads\/2025\/05\/\u5e9f\u7eb82.jpg\" alt=\"Vertikale Ballenpressen\" width=\"500\" height=\"314\" srcset=\"https:\/\/www.gigapa.com\/wp-content\/uploads\/2025\/05\/\u5e9f\u7eb82.jpg 1034w, https:\/\/www.gigapa.com\/wp-content\/uploads\/2025\/05\/\u5e9f\u7eb82-300x188.jpg 300w, https:\/\/www.gigapa.com\/wp-content\/uploads\/2025\/05\/\u5e9f\u7eb82-1024x643.jpg 1024w, https:\/\/www.gigapa.com\/wp-content\/uploads\/2025\/05\/\u5e9f\u7eb82-768x482.jpg 768w, https:\/\/www.gigapa.com\/wp-content\/uploads\/2025\/05\/\u5e9f\u7eb82-600x377.jpg 600w\" sizes=\"(max-width: 500px) 100vw, 500px\" \/> <img decoding=\"async\" class=\"alignnone wp-image-1019\" title=\"Vertikale Ballenpressen\" src=\"https:\/\/www.gigapa.com\/wp-content\/uploads\/2025\/05\/\u79f8\u79c6\u6253\u5305.jpg\" alt=\"Vertikale Ballenpressen\" width=\"500\" height=\"314\" srcset=\"https:\/\/www.gigapa.com\/wp-content\/uploads\/2025\/05\/\u79f8\u79c6\u6253\u5305.jpg 1034w, https:\/\/www.gigapa.com\/wp-content\/uploads\/2025\/05\/\u79f8\u79c6\u6253\u5305-300x188.jpg 300w, https:\/\/www.gigapa.com\/wp-content\/uploads\/2025\/05\/\u79f8\u79c6\u6253\u5305-1024x643.jpg 1024w, https:\/\/www.gigapa.com\/wp-content\/uploads\/2025\/05\/\u79f8\u79c6\u6253\u5305-768x482.jpg 768w, https:\/\/www.gigapa.com\/wp-content\/uploads\/2025\/05\/\u79f8\u79c6\u6253\u5305-600x377.jpg 600w\" sizes=\"(max-width: 500px) 100vw, 500px\" \/><\/p>\n<p><img decoding=\"async\" class=\"alignnone wp-image-1020\" title=\"Vertikale Ballenpressen\" src=\"https:\/\/www.gigapa.com\/wp-content\/uploads\/2025\/05\/\u5851\u6599\u74f64.jpg\" alt=\"Vertikale Ballenpressen\" width=\"500\" height=\"314\" srcset=\"https:\/\/www.gigapa.com\/wp-content\/uploads\/2025\/05\/\u5851\u6599\u74f64.jpg 1034w, https:\/\/www.gigapa.com\/wp-content\/uploads\/2025\/05\/\u5851\u6599\u74f64-300x188.jpg 300w, https:\/\/www.gigapa.com\/wp-content\/uploads\/2025\/05\/\u5851\u6599\u74f64-1024x643.jpg 1024w, https:\/\/www.gigapa.com\/wp-content\/uploads\/2025\/05\/\u5851\u6599\u74f64-768x482.jpg 768w, https:\/\/www.gigapa.com\/wp-content\/uploads\/2025\/05\/\u5851\u6599\u74f64-600x377.jpg 600w\" sizes=\"(max-width: 500px) 100vw, 500px\" \/> <img loading=\"lazy\" decoding=\"async\" class=\"alignnone wp-image-1021\" title=\"Vertikale Ballenpressen\" src=\"https:\/\/www.gigapa.com\/wp-content\/uploads\/2025\/05\/\u6613\u62c9\u7f503.jpg\" alt=\"Vertikale Ballenpressen\" width=\"500\" height=\"314\" srcset=\"https:\/\/www.gigapa.com\/wp-content\/uploads\/2025\/05\/\u6613\u62c9\u7f503.jpg 1034w, https:\/\/www.gigapa.com\/wp-content\/uploads\/2025\/05\/\u6613\u62c9\u7f503-300x188.jpg 300w, https:\/\/www.gigapa.com\/wp-content\/uploads\/2025\/05\/\u6613\u62c9\u7f503-1024x643.jpg 1024w, https:\/\/www.gigapa.com\/wp-content\/uploads\/2025\/05\/\u6613\u62c9\u7f503-768x482.jpg 768w, https:\/\/www.gigapa.com\/wp-content\/uploads\/2025\/05\/\u6613\u62c9\u7f503-600x377.jpg 600w\" sizes=\"(max-width: 500px) 100vw, 500px\" \/><\/p>\n<h3>Arbeitsprinzip<\/h3>\n<p data-immersive-translate-walked=\"f154a824-f1fc-46e7-bb58-d103bf037719\">1. Material laden<\/p>\n<ul>\n<li class=\"ds-markdown-paragraph\" data-immersive-translate-paragraph=\"1\" data-immersive-translate-walked=\"f154a824-f1fc-46e7-bb58-d103bf037719\">vertikale Presskammer von oben oder von der Seite.<\/li>\n<li class=\"ds-markdown-paragraph\" data-immersive-translate-walked=\"f154a824-f1fc-46e7-bb58-d103bf037719\" data-immersive-translate-paragraph=\"1\">Die Kammer ist in der Regel eine robuste Stahlkonstruktion mit einem Hydraulikzylinder am Boden.<\/li>\n<\/ul>\n<p data-immersive-translate-walked=\"f154a824-f1fc-46e7-bb58-d103bf037719\">2. Komprimierungsverfahren<\/p>\n<ul>\n<li class=\"ds-markdown-paragraph\" data-immersive-translate-walked=\"f154a824-f1fc-46e7-bb58-d103bf037719\" data-immersive-translate-paragraph=\"1\">Ein Hydraulikzylinder treibt den Stempel an, der sich nach oben bewegt, um das Material gegen eine feste Platte zu pressen.<\/li>\n<li class=\"ds-markdown-paragraph\" data-immersive-translate-walked=\"f154a824-f1fc-46e7-bb58-d103bf037719\" data-immersive-translate-paragraph=\"1\">Die Presskraft kann je nach Gr\u00f6\u00dfe der Maschine und Materialart zwischen 10 und 100+ Tonnen betragen.<\/li>\n<li class=\"ds-markdown-paragraph\" data-immersive-translate-walked=\"f154a824-f1fc-46e7-bb58-d103bf037719\" data-immersive-translate-paragraph=\"1\">Um eine optimale Dichte zu erreichen, k\u00f6nnen mehrere Kompressionszyklen erforderlich sein.<\/li>\n<\/ul>\n<p data-immersive-translate-walked=\"f154a824-f1fc-46e7-bb58-d103bf037719\">3. Binden von Ballen<\/p>\n<ul>\n<li class=\"ds-markdown-paragraph\" data-immersive-translate-walked=\"f154a824-f1fc-46e7-bb58-d103bf037719\" data-immersive-translate-paragraph=\"1\">Sobald das Material vollst\u00e4ndig komprimiert ist, f\u00fchrt der Bediener (oder ein automatisiertes System) den Bindedraht, das Umreifungsband oder die Schnur durch die vordefinierten Schlitze ein.<\/li>\n<li class=\"ds-markdown-paragraph\" data-immersive-translate-walked=\"f154a824-f1fc-46e7-bb58-d103bf037719\" data-immersive-translate-paragraph=\"1\">Der gebundene Ballen beh\u00e4lt seine Form, wenn der Druck nachl\u00e4sst.<\/li>\n<\/ul>\n<p data-immersive-translate-walked=\"f154a824-f1fc-46e7-bb58-d103bf037719\">4. Auswurf<\/p>\n<ul>\n<li class=\"ds-markdown-paragraph\" data-immersive-translate-walked=\"f154a824-f1fc-46e7-bb58-d103bf037719\" data-immersive-translate-paragraph=\"1\">Der Hydraulikzylinder zieht sich zur\u00fcck, und der fertige Ballen wird aus der Kammer ausgeworfen (entweder manuell oder \u00fcber einen Kippmechanismus).<\/li>\n<li class=\"ds-markdown-paragraph\" data-immersive-translate-walked=\"f154a824-f1fc-46e7-bb58-d103bf037719\" data-immersive-translate-paragraph=\"1\">Einige Modelle verf\u00fcgen \u00fcber einen Ballenkicker, der den Ballen auf eine Palette oder ein F\u00f6rderband schiebt.<\/li>\n<\/ul>\n<p data-immersive-translate-walked=\"f154a824-f1fc-46e7-bb58-d103bf037719\">5. Zyklus-Reset<\/p>\n<ul>\n<li class=\"ds-markdown-paragraph\" data-immersive-translate-walked=\"f154a824-f1fc-46e7-bb58-d103bf037719\" data-immersive-translate-paragraph=\"1\">Die Maschine wird zur\u00fcckgesetzt, und der Vorgang wird f\u00fcr die n\u00e4chste Charge wiederholt.<\/li>\n<\/ul>\n<h3>FAQs<\/h3>\n<p>F: 1. was ist der Unterschied zwischen einer vertikalen Ballenpresse und einer horizontalen Ballenpresse?<\/p>\n<ul>\n<li>Vertikal: platzsparend, geeignet f\u00fcr kleine Fabriken, Superm\u00e4rkte usw., preiswert und eher manuell zu bedienen.<\/li>\n<li>Horizontal: gro\u00dfe Leistung, vollautomatisch, geeignet f\u00fcr gro\u00dfe Recyclingstationen, aber teurer und platzaufwendiger.<\/li>\n<\/ul>\n<p>F: 2. wie lange dauert es, eine Altpapierbox zu verpacken?<\/p>\n<ul>\n<li>In der Regel 3 bis 5 Minuten (einschlie\u00dflich Beladung, Komprimierung und B\u00fcndelung), wobei die Geschwindigkeit von den F\u00e4higkeiten des Bedieners und der Maschinenleistung abh\u00e4ngt.<\/li>\n<\/ul>\n<p>F: 3. wie ist eine vertikale Ballenpresse zu warten?<\/p>\n<ul>\n<li>Regelm\u00e4\u00dfig Schmier\u00f6l nachf\u00fcllen<\/li>\n<li>Pr\u00fcfen Sie, ob das Hydraulik\u00f6l ausreichend ist<\/li>\n<li>Beseitigen Sie die R\u00fcckst\u00e4nde im Ballenbeh\u00e4lter<\/li>\n<li>Achten Sie darauf, ob das Ballenseil\/der Draht normal ist.<\/li>\n<\/ul>\n<p>F: 4. kann die vertikale Ballenpresse automatisch geb\u00fcndelt werden?<\/p>\n<ul>\n<li>Halbautomatisch: erfordert das manuelle Einf\u00e4deln von Draht oder Umreifungsband (\u00fcblich bei kosteng\u00fcnstigen Maschinen).<\/li>\n<li>Vollautomatisch: mit automatischer B\u00fcndelungsvorrichtung (h\u00f6herer Preis, geeignet f\u00fcr h\u00e4ufigen Gebrauch).<\/li>\n<\/ul>\n<p data-start=\"1754\" data-end=\"1939\">F: 5. kann die Maschine individuell angepasst werden?<br data-start=\"1791\" data-end=\"1794\" \/>Ja, die Presskraft, die Ballengr\u00f6\u00dfe, die Einf\u00fcll\u00f6ffnung und das elektrische System k\u00f6nnen je nach Materialart und Produktionskapazit\u00e4t angepasst werden.<\/p>\n<p data-start=\"1754\" data-end=\"1939\">F: 6. wie lange ist die Lebensdauer der Maschine?<br data-start=\"2185\" data-end=\"2188\" \/>Bei regelm\u00e4\u00dfiger Wartung kann eine hochwertige vertikale Ballenpresse je nach Verwendung und Materialart mehr als 8-10 Jahre halten.<\/p>\n<p data-start=\"151\" data-end=\"339\">F: 7. welche Zahlungsarten akzeptieren Sie?<br data-start=\"193\" data-end=\"196\" \/>Wir akzeptieren haupts\u00e4chlich T\/T. Eine 30% Anzahlung ist im Voraus erforderlich, und die verbleibende 70% Balance wird vor dem Versand bezahlt.<\/p>\n<p data-start=\"346\" data-end=\"503\">F: 8. wie lauten Ihre Handelsbedingungen?<br data-start=\"379\" data-end=\"382\" \/>Unsere Standardhandelsbedingungen sind FOB Shanghai.<\/p>","protected":false},"excerpt":{"rendered":"<p>Die hydraulische vertikale Ballenpresse ist eine hocheffiziente L\u00f6sung zum Verdichten und Pressen verschiedener Materialien wie Karton, Kunststoff, Papier und Textilien. Durch ihre vertikale Struktur maximiert sie die Raumeffizienz und liefert gleichzeitig eine starke Verdichtung. Diese Maschine ist ideal f\u00fcr Branchen, in denen Abfallmaterialien recycelt und entsorgt werden m\u00fcssen. Sie hilft bei der Reduzierung des Lagerplatzes, der Verbesserung der Handhabungseffizienz und der Herstellung dicht gepackter Ballen f\u00fcr den einfachen Transport.<\/p>","protected":false},"featured_media":1884,"template":"","meta":{"site-sidebar-layout":"default","site-content-layout":"","ast-site-content-layout":"default","site-content-style":"default","site-sidebar-style":"default","ast-global-header-display":"","ast-banner-title-visibility":"","ast-main-header-display":"","ast-hfb-above-header-display":"","ast-hfb-below-header-display":"","ast-hfb-mobile-header-display":"","site-post-title":"","ast-breadcrumbs-content":"","ast-featured-img":"","footer-sml-layout":"","ast-disable-related-posts":"","theme-transparent-header-meta":"default","adv-header-id-meta":"","stick-header-meta":"","header-above-stick-meta":"","header-main-stick-meta":"","header-below-stick-meta":"","astra-migrate-meta-layouts":"set","ast-page-background-enabled":"default","ast-page-background-meta":{"desktop":{"background-color":"var(--ast-global-color-5)","background-image":"","background-repeat":"repeat","background-position":"center center","background-size":"auto","background-attachment":"scroll","background-type":"","background-media":"","overlay-type":"","overlay-color":"","overlay-opacity":"","overlay-gradient":""},"tablet":{"background-color":"","background-image":"","background-repeat":"repeat","background-position":"center center","background-size":"auto","background-attachment":"scroll","background-type":"","background-media":"","overlay-type":"","overlay-color":"","overlay-opacity":"","overlay-gradient":""},"mobile":{"background-color":"","background-image":"","background-repeat":"repeat","background-position":"center center","background-size":"auto","background-attachment":"scroll","background-type":"","background-media":"","overlay-type":"","overlay-color":"","overlay-opacity":"","overlay-gradient":""}},"ast-content-background-meta":{"desktop":{"background-color":"var(--ast-global-color-4)","background-image":"","background-repeat":"repeat","background-position":"center center","background-size":"auto","background-attachment":"scroll","background-type":"","background-media":"","overlay-type":"","overlay-color":"","overlay-opacity":"","overlay-gradient":""},"tablet":{"background-color":"var(--ast-global-color-4)","background-image":"","background-repeat":"repeat","background-position":"center center","background-size":"auto","background-attachment":"scroll","background-type":"","background-media":"","overlay-type":"","overlay-color":"","overlay-opacity":"","overlay-gradient":""},"mobile":{"background-color":"var(--ast-global-color-4)","background-image":"","background-repeat":"repeat","background-position":"center center","background-size":"auto","background-attachment":"scroll","background-type":"","background-media":"","overlay-type":"","overlay-color":"","overlay-opacity":"","overlay-gradient":""}}},"product_brand":[],"product_cat":[21,152],"product_tag":[71,75,70,69,73,74,72],"class_list":{"0":"post-857","1":"product","2":"type-product","3":"status-publish","4":"has-post-thumbnail","6":"product_cat-baling-machine","7":"product_cat-vertical-baler","8":"product_tag-china-hydraulic-vertical-baler","9":"product_tag-hydraulic-baling-press-machine","10":"product_tag-hydraulic-vertical-baler-for-waste-recycling","11":"product_tag-hydraulic-vertical-plastic-baling-machine","12":"product_tag-hydraulic-vertical-waste-paper-baler","13":"product_tag-vertical-hydraulic-baler-factory","14":"product_tag-vertical-hydraulic-baler-machine","15":"desktop-align-left","16":"tablet-align-left","17":"mobile-align-left","19":"first","20":"instock","21":"featured","22":"shipping-taxable","23":"product-type-simple"},"_links":{"self":[{"href":"https:\/\/www.gigapa.com\/de\/wp-json\/wp\/v2\/product\/857","targetHints":{"allow":["GET"]}}],"collection":[{"href":"https:\/\/www.gigapa.com\/de\/wp-json\/wp\/v2\/product"}],"about":[{"href":"https:\/\/www.gigapa.com\/de\/wp-json\/wp\/v2\/types\/product"}],"version-history":[{"count":13,"href":"https:\/\/www.gigapa.com\/de\/wp-json\/wp\/v2\/product\/857\/revisions"}],"predecessor-version":[{"id":2760,"href":"https:\/\/www.gigapa.com\/de\/wp-json\/wp\/v2\/product\/857\/revisions\/2760"}],"wp:featuredmedia":[{"embeddable":true,"href":"https:\/\/www.gigapa.com\/de\/wp-json\/wp\/v2\/media\/1884"}],"wp:attachment":[{"href":"https:\/\/www.gigapa.com\/de\/wp-json\/wp\/v2\/media?parent=857"}],"wp:term":[{"taxonomy":"product_brand","embeddable":true,"href":"https:\/\/www.gigapa.com\/de\/wp-json\/wp\/v2\/product_brand?post=857"},{"taxonomy":"product_cat","embeddable":true,"href":"https:\/\/www.gigapa.com\/de\/wp-json\/wp\/v2\/product_cat?post=857"},{"taxonomy":"product_tag","embeddable":true,"href":"https:\/\/www.gigapa.com\/de\/wp-json\/wp\/v2\/product_tag?post=857"}],"curies":[{"name":"wp","href":"https:\/\/api.w.org\/{rel}","templated":true}]}}