{"id":862,"date":"2025-05-06T16:41:20","date_gmt":"2025-05-06T08:41:20","guid":{"rendered":"https:\/\/gigapa.com\/?post_type=product&#038;p=862"},"modified":"2025-10-13T09:20:56","modified_gmt":"2025-10-13T01:20:56","slug":"continuous-metal-baling-machines","status":"publish","type":"product","link":"https:\/\/www.gigapa.com\/de\/product\/continuous-metal-baling-machines\/","title":{"rendered":"GFB-C Kontinuierliche Metallballenpressen"},"content":{"rendered":"<h3>Einf\u00fchrung der Ausr\u00fcstung:<\/h3>\n<p>Kontinuierliche Metallballenpressen sind auch als Trichterpressen bekannt und werden in erster Linie zur Verdichtung von Metallschrott zu Bl\u00f6cken eingesetzt. Sie k\u00f6nnen etwas Fl\u00fcssigkeit verdr\u00e4ngen, die Sch\u00fcttdichte erh\u00f6hen, das Stapeln erleichtern und recyceln. Sie eignen sich besonders f\u00fcr Materialien mit einem hohen urspr\u00fcnglichen Sch\u00fcttgewicht. Durch die Verwendung eines Trichters f\u00fcr die Materiallagerung erm\u00f6glichen sie eine kontinuierliche Beschickung und Verdichtung, wodurch die Stillstandszeiten f\u00fcr die Beladung reduziert und die Produktionseffizienz gesteigert werden. In Kombination mit F\u00f6rderanlagen lassen sie sich leicht in bestehende Produktionsanlagen integrieren, um eine automatisierte Verarbeitungslinie zu bilden. Daher werden sie h\u00e4ufig dort eingesetzt, wo Materialien schwer zu verdichten sind, wo ein hoher Automatisierungsgrad erforderlich ist und wo sie eine Produktionslinie mit anderen Anlagen bilden m\u00fcssen.<\/p>\n<div class=\"ast-oembed-container\" style=\"height: 100%;\"><iframe title=\"Automatische Metallballenpresse zum Komprimieren von Aluminiumdosen #metalbaler\" width=\"500\" height=\"281\" src=\"https:\/\/www.youtube.com\/embed\/yoVsOgq1rH8?feature=oembed\" frameborder=\"0\" allow=\"accelerometer; autoplay; clipboard-write; encrypted-media; gyroscope; picture-in-picture; web-share\" referrerpolicy=\"strict-origin-when-cross-origin\" allowfullscreen><\/iframe><\/div>\n<h3>Anwendungsbereich:<\/h3>\n<table style=\"border-collapse: collapse; width: 1354px; height: 397px;\" border=\"0\" width=\"1470\" cellspacing=\"0\" cellpadding=\"0\">\n<tbody>\n<tr style=\"height: 13.50pt;\">\n<td style=\"height: 13.50pt; width: 177.00pt;\" width=\"236\" height=\"18\">Allgemeine Metallschrotte<\/td>\n<td style=\"width: 925.50pt;\" width=\"1234\">Aluminiumdosen, Stahlschrott, Eisenschrott, Aluminiumabf\u00e4lle, Kupferabf\u00e4lle, farbbeschichtete Stahlfliesen, Betonstahlabf\u00e4lle, Aluminiumprofilabf\u00e4lle<\/td>\n<\/tr>\n<tr style=\"height: 13.50pt;\">\n<td style=\"height: 13.50pt;\" height=\"18\">Eisenmetall-Granulat<\/td>\n<td>Granulierte Edelstahlsp\u00e4ne, granulierte Stahlsp\u00e4ne, granulierte Eisensp\u00e4ne, Stanzabf\u00e4lle<\/td>\n<\/tr>\n<tr style=\"height: 13.50pt;\">\n<td style=\"height: 13.50pt;\" height=\"18\">Nichteisenmetall-Granulat<\/td>\n<td>Granulierte Aluminiumsp\u00e4ne, granulierte Titansp\u00e4ne<\/td>\n<\/tr>\n<tr style=\"height: 13.50pt;\">\n<td style=\"height: 13.50pt;\" height=\"18\">Strukturelle Metallabf\u00e4lle<\/td>\n<td>Zerlegte Autokarosserien, Geh\u00e4use von Haushaltsger\u00e4ten und Computergeh\u00e4usen; Aluminiumfolie, die aus den Elektrodenst\u00fccken von Lithiumbatterien aussortiert wurde<\/td>\n<\/tr>\n<tr style=\"height: 13.50pt;\">\n<td style=\"height: 13.50pt;\" height=\"18\">Nebenprodukte der Herstellung<\/td>\n<td>Granulierte Sp\u00e4ne aus der veredelten Plattenproduktion, dicke Aluminiumbleche\/Aluminiumschrott aus der Grobbearbeitung<\/td>\n<\/tr>\n<tr style=\"height: 13.50pt;\">\n<td style=\"height: 13.50pt;\" height=\"18\">Verschiedene Metallabf\u00e4lle<\/td>\n<td>Siliziumstahlblechabf\u00e4lle, \u00d6lfilter, \u00d6lf\u00e4sser, Farbdosen, Aluminiumfolienproduktabf\u00e4lle<\/td>\n<\/tr>\n<tr style=\"height: 13.50pt;\">\n<td style=\"height: 13.50pt;\" height=\"18\">Anwendung Industrien<\/td>\n<td>Metallrecycling, Automobilbau, Luft- und Raumfahrt, Ressourcenregenerierung, Metallverh\u00fcttung, andere Industrien<\/td>\n<\/tr>\n<\/tbody>\n<\/table>\n<h3>Modellparameter:<\/h3>\n<table style=\"border-collapse: collapse; width: 708.77pt;\" border=\"0\" width=\"945\" cellspacing=\"0\" cellpadding=\"0\">\n<tbody>\n<tr style=\"height: 13.50pt;\">\n<td class=\"et2\" style=\"height: 13.50pt; width: 177.00pt;\" width=\"236\" height=\"18\">Modell<\/td>\n<td class=\"et2\" style=\"width: 120.75pt;\" width=\"161\">GFB-C2510<\/td>\n<td class=\"et2\" style=\"width: 135.75pt;\" width=\"181\">GFB-C3016<\/td>\n<td class=\"et2\" style=\"width: 140.25pt;\" width=\"187\">GFB-C3520<\/td>\n<td class=\"et2\" style=\"width: 135.00pt;\" width=\"180\">GFB-C4020<\/td>\n<\/tr>\n<tr style=\"height: 13.50pt;\">\n<td class=\"et2\" style=\"height: 13.50pt;\" height=\"18\">Verpackungsgr\u00f6\u00dfe (B\u00d7H)(mm)<\/td>\n<td class=\"et2\">250\u00d7250<\/td>\n<td class=\"et2\">300\u00d7300<\/td>\n<td class=\"et2\">350\u00d7350<\/td>\n<td class=\"et2\">400\u00d7400<\/td>\n<\/tr>\n<tr style=\"height: 13.50pt;\">\n<td class=\"et2\" style=\"height: 13.50pt;\" height=\"18\">Druck im Hauptzylinder (T)<\/td>\n<td class=\"et2\">100<\/td>\n<td class=\"et2\">160<\/td>\n<td class=\"et2\">200<\/td>\n<td class=\"et2\">250<\/td>\n<\/tr>\n<tr style=\"height: 13.50pt;\">\n<td class=\"et2\" style=\"height: 13.50pt;\" height=\"18\">Unterflurdruck (T)<\/td>\n<td class=\"et2\">50\u00d72<\/td>\n<td class=\"et2\">80\u00d72<\/td>\n<td class=\"et2\">100\u00d72<\/td>\n<td class=\"et2\">125\u00d72<\/td>\n<\/tr>\n<tr style=\"height: 13.50pt;\">\n<td class=\"et2\" style=\"height: 13.50pt;\" height=\"18\">Hydraulische Leistung (kW)<\/td>\n<td class=\"et2\">22<\/td>\n<td class=\"et2\">45<\/td>\n<td class=\"et2\">30\u00d72<\/td>\n<td class=\"et2\">45\u00d72<\/td>\n<\/tr>\n<tr style=\"height: 13.50pt;\">\n<td class=\"et2\" style=\"height: 13.50pt;\" height=\"18\">Host Gr\u00f6\u00dfe (L\u00d7B\u00d7H)(mm)<\/td>\n<td class=\"et2\">3150\u00d73300\u00d72150<\/td>\n<td class=\"et2\">3530\u00d73700\u00d72150<\/td>\n<td class=\"et2\">3950\u00d74130\u00d72450<\/td>\n<td class=\"et2\">4500\u00d74600\u00d72450<\/td>\n<\/tr>\n<tr style=\"height: 13.50pt;\">\n<td class=\"et2\" style=\"height: 13.50pt;\" height=\"18\">Gesamtgewicht (kg)<\/td>\n<td class=\"et2\">Ca. 6300<\/td>\n<td class=\"et2\">Ca. 7500<\/td>\n<td class=\"et2\">Ca. 9000<\/td>\n<td class=\"et2\">Ca. 11100<\/td>\n<\/tr>\n<\/tbody>\n<\/table>\n<p>Die oben genannten Modelle sind universelle Standardmodelle. Wenn Sie andere Modelle ben\u00f6tigen, wenden Sie sich bitte an unsere Mitarbeiter, und wir k\u00f6nnen auch ma\u00dfgeschneiderte Dienstleistungen nach Ihren Bed\u00fcrfnissen anbieten.<\/p>\n<h3>Technische Highlights:<\/h3>\n<p>1. Unendliche St\u00e4rke<br \/>\nDurch die beidseitige Zylinderverdichtung wird der Kompressionsdruck erh\u00f6ht und die Kompressionswirkung verbessert.<\/p>\n<p>2. Kanal f\u00fcr Abfallfl\u00fcssigkeiten<br \/>\nEinzigartige Kan\u00e4le f\u00fcr Fl\u00fcssigkeiten und Schutt sorgen f\u00fcr eine saubere und ordentliche Bodenoberfl\u00e4che.<\/p>\n<p>3. Intelligente Steuerung<br \/>\nDie Ingenieure haben ein intelligentes SPS-Programm entwickelt, das eine nahtlose Integration mit anderen Ger\u00e4ten erm\u00f6glicht.<\/p>\n<p><img fetchpriority=\"high\" decoding=\"async\" class=\"alignnone wp-image-1039\" title=\"Kontinuierliche Metallverpackungsmaschinen\" src=\"https:\/\/www.gigapa.com\/wp-content\/uploads\/2025\/05\/\u5e9f\u94a2\u7b4b\u4e00\u4f53\u6210\u578b.jpg\" alt=\"Kontinuierliche Metallverpackungsmaschinen\" width=\"500\" height=\"314\" srcset=\"https:\/\/www.gigapa.com\/wp-content\/uploads\/2025\/05\/\u5e9f\u94a2\u7b4b\u4e00\u4f53\u6210\u578b.jpg 1034w, https:\/\/www.gigapa.com\/wp-content\/uploads\/2025\/05\/\u5e9f\u94a2\u7b4b\u4e00\u4f53\u6210\u578b-300x188.jpg 300w, https:\/\/www.gigapa.com\/wp-content\/uploads\/2025\/05\/\u5e9f\u94a2\u7b4b\u4e00\u4f53\u6210\u578b-1024x643.jpg 1024w, https:\/\/www.gigapa.com\/wp-content\/uploads\/2025\/05\/\u5e9f\u94a2\u7b4b\u4e00\u4f53\u6210\u578b-768x482.jpg 768w, https:\/\/www.gigapa.com\/wp-content\/uploads\/2025\/05\/\u5e9f\u94a2\u7b4b\u4e00\u4f53\u6210\u578b-600x377.jpg 600w\" sizes=\"(max-width: 500px) 100vw, 500px\" \/> <img decoding=\"async\" class=\"alignnone wp-image-1040\" title=\"Kontinuierliche Metallverpackungsmaschinen\" src=\"https:\/\/www.gigapa.com\/wp-content\/uploads\/2025\/05\/\u5e9f\u94dd\u5c51\u4e00\u4f53\u6210\u578b.jpg\" alt=\"Kontinuierliche Metallverpackungsmaschinen\" width=\"500\" height=\"314\" srcset=\"https:\/\/www.gigapa.com\/wp-content\/uploads\/2025\/05\/\u5e9f\u94dd\u5c51\u4e00\u4f53\u6210\u578b.jpg 1034w, https:\/\/www.gigapa.com\/wp-content\/uploads\/2025\/05\/\u5e9f\u94dd\u5c51\u4e00\u4f53\u6210\u578b-300x188.jpg 300w, https:\/\/www.gigapa.com\/wp-content\/uploads\/2025\/05\/\u5e9f\u94dd\u5c51\u4e00\u4f53\u6210\u578b-1024x643.jpg 1024w, https:\/\/www.gigapa.com\/wp-content\/uploads\/2025\/05\/\u5e9f\u94dd\u5c51\u4e00\u4f53\u6210\u578b-768x482.jpg 768w, https:\/\/www.gigapa.com\/wp-content\/uploads\/2025\/05\/\u5e9f\u94dd\u5c51\u4e00\u4f53\u6210\u578b-600x377.jpg 600w\" sizes=\"(max-width: 500px) 100vw, 500px\" \/><\/p>\n<p><img decoding=\"async\" class=\"alignnone wp-image-1041\" title=\"Kontinuierliche Metallverpackungsmaschinen\" src=\"https:\/\/www.gigapa.com\/wp-content\/uploads\/2025\/05\/\u5e9f\u94dc\u7ebf.png\" alt=\"Kontinuierliche Metallverpackungsmaschinen\" width=\"500\" height=\"314\" srcset=\"https:\/\/www.gigapa.com\/wp-content\/uploads\/2025\/05\/\u5e9f\u94dc\u7ebf.png 1034w, https:\/\/www.gigapa.com\/wp-content\/uploads\/2025\/05\/\u5e9f\u94dc\u7ebf-300x188.png 300w, https:\/\/www.gigapa.com\/wp-content\/uploads\/2025\/05\/\u5e9f\u94dc\u7ebf-1024x643.png 1024w, https:\/\/www.gigapa.com\/wp-content\/uploads\/2025\/05\/\u5e9f\u94dc\u7ebf-768x482.png 768w, https:\/\/www.gigapa.com\/wp-content\/uploads\/2025\/05\/\u5e9f\u94dc\u7ebf-600x377.png 600w\" sizes=\"(max-width: 500px) 100vw, 500px\" \/> <img loading=\"lazy\" decoding=\"async\" class=\"alignnone wp-image-1042\" title=\"Kontinuierliche Metallverpackungsmaschinen\" src=\"https:\/\/www.gigapa.com\/wp-content\/uploads\/2025\/05\/\u6613\u62c9\u7f502.jpg\" alt=\"Kontinuierliche Metallverpackungsmaschinen\" width=\"500\" height=\"314\" srcset=\"https:\/\/www.gigapa.com\/wp-content\/uploads\/2025\/05\/\u6613\u62c9\u7f502.jpg 1034w, https:\/\/www.gigapa.com\/wp-content\/uploads\/2025\/05\/\u6613\u62c9\u7f502-300x188.jpg 300w, https:\/\/www.gigapa.com\/wp-content\/uploads\/2025\/05\/\u6613\u62c9\u7f502-1024x643.jpg 1024w, https:\/\/www.gigapa.com\/wp-content\/uploads\/2025\/05\/\u6613\u62c9\u7f502-768x482.jpg 768w, https:\/\/www.gigapa.com\/wp-content\/uploads\/2025\/05\/\u6613\u62c9\u7f502-600x377.jpg 600w\" sizes=\"(max-width: 500px) 100vw, 500px\" \/><\/p>\n<h3>Arbeitsprinzip<\/h3>\n<p data-start=\"548\" data-end=\"586\">1. <strong data-start=\"556\" data-end=\"586\">Beladung \u00fcber den Trichter<\/strong><\/p>\n<p data-start=\"590\" data-end=\"919\">Der Metallschrott wird zun\u00e4chst entweder manuell oder \u00fcber ein F\u00f6rderband in den Trichter der Maschine geladen. Der Trichter dient als Lagerraum f\u00fcr den Metallschrott und sorgt daf\u00fcr, dass der Schrott gleichm\u00e4\u00dfig in die Presskammer gelangt. Die Gr\u00f6\u00dfe des Trichters kann je nach Modell variieren und bestimmt die Menge an Metallschrott, die er auf einmal aufnehmen kann.<\/p>\n<p data-start=\"921\" data-end=\"952\">2. <strong data-start=\"929\" data-end=\"952\">Komprimierungsverfahren<\/strong><\/p>\n<ul>\n<li data-start=\"958\" data-end=\"1241\"><strong data-start=\"958\" data-end=\"981\">Kompressionskammer<\/strong>: Sobald der Metallschrott in die Kompressionskammer gelangt, wird das Hydrauliksystem aktiviert, um einen Kolben zu dr\u00fccken, der das Material zu einem kompakten Block komprimiert. Die Kompressionskraft wird \u00fcber einen Hydraulikzylinder aufgebracht, um den Schrott zu einem dichten Block zu pressen.<\/li>\n<li data-start=\"1247\" data-end=\"1583\"><strong data-start=\"1247\" data-end=\"1267\">Hydraulisches System<\/strong>: Das Hydrauliksystem ist das Herzst\u00fcck des Verdichtungsprozesses. Hochdruck-Hydraulik\u00f6l treibt den Kolben an, der den Metallschrott zu einem dicht gepackten Block verdichtet. W\u00e4hrend dieses Prozesses wird der Schrott auf eine hohe Dichte komprimiert, was normalerweise zu Bl\u00f6cken mit rechteckiger oder zylindrischer Form f\u00fchrt.<\/li>\n<li data-start=\"1589\" data-end=\"1822\"><strong data-start=\"1589\" data-end=\"1610\">Automatische Kontrolle<\/strong>: Die meisten kontinuierlichen Metallballenpressen sind mit einem automatischen Kontrollsystem ausgestattet. Das System steuert die Presskraft und -zeit in Abh\u00e4ngigkeit von der eingestellten Ballengr\u00f6\u00dfe und gew\u00e4hrleistet so eine gleichbleibende Dichte und Gr\u00f6\u00dfe f\u00fcr jeden Ballen.<\/li>\n<\/ul>\n<p data-start=\"1824\" data-end=\"1855\">3. <strong data-start=\"1832\" data-end=\"1855\">Ballenpressen und Auswurf<\/strong><\/p>\n<p data-start=\"1859\" data-end=\"2127\">Sobald der Metallschrott auf das gew\u00fcnschte Volumen und die gew\u00fcnschte Dichte verdichtet ist, aktiviert die Maschine das Bindesystem. Das Bindesystem verwendet normalerweise Stahldraht oder Kunststoffb\u00e4nder, um den gepressten Block in Form zu bringen. Nach dem Abbinden wird der Ballen aus der Maschine ausgesto\u00dfen.<\/p>\n<ul>\n<li data-start=\"2134\" data-end=\"2302\"><strong data-start=\"2134\" data-end=\"2150\">Bindesystem<\/strong>: Stahldraht- oder Kunststoffb\u00e4nder werden von einem mechanischen oder hydraulischen Arm verwendet, um den Ballen zu sichern, damit er w\u00e4hrend des Transports und der Lagerung intakt bleibt.<\/li>\n<li data-start=\"2308\" data-end=\"2500\"><strong data-start=\"2308\" data-end=\"2327\">Auswurfsystem<\/strong>: Nachdem der Ballen abgebunden ist, wird er automatisch \u00fcber ein hydraulisches oder mechanisches Aussto\u00dfsystem aus der Maschine geschoben und ist bereit f\u00fcr die Weiterverarbeitung, den Transport oder den Verkauf.<\/li>\n<\/ul>\n<p data-start=\"2502\" data-end=\"2549\">4. <strong data-start=\"2510\" data-end=\"2549\">Kontinuierlicher Betrieb und Automatisierung<\/strong><\/p>\n<p data-start=\"2553\" data-end=\"2823\">Der \"kontinuierliche\" Charakter der kontinuierlichen Metallballenpresse erm\u00f6glicht einen Betrieb ohne Unterbrechung. Mit einem automatischen Steuerungssystem kann die Maschine kontinuierlich die Funktionen Laden, Pressen, Binden und Auswerfen ausf\u00fchren, was die Produktionseffizienz erheblich steigert.<\/p>\n<h3 data-start=\"2825\" data-end=\"2844\">Hauptkomponenten<\/h3>\n<ol>\n<li data-start=\"2848\" data-end=\"2967\"><strong data-start=\"2848\" data-end=\"2868\">Hydraulisches System<\/strong>: Er treibt die Maschine an, indem er mit Hilfe von Hydraulikzylindern und -kolben den Schrott verdichtet.<\/li>\n<li data-start=\"2971\" data-end=\"3052\"><strong data-start=\"2971\" data-end=\"2981\">Trichter<\/strong>: Der Bereich, in dem der Metallschrott gelagert und in die Maschine geladen wird.<\/li>\n<li data-start=\"3056\" data-end=\"3161\"><strong data-start=\"3056\" data-end=\"3079\">Kompressionskammer<\/strong>: Der Bereich, in dem der Metallschrott unter hohem Druck zu einem Block gepresst wird.<\/li>\n<li data-start=\"3165\" data-end=\"3272\"><strong data-start=\"3165\" data-end=\"3181\">Bindesystem<\/strong>: Bindet den verdichteten Block mit Stahldraht oder Kunststoffb\u00e4ndern, damit er sich nicht lockert.<\/li>\n<li data-start=\"3276\" data-end=\"3359\"><strong data-start=\"3276\" data-end=\"3295\">Auswurfvorrichtung<\/strong>: Schiebt den gebundenen Block zur weiteren Bearbeitung aus der Maschine.<\/li>\n<\/ol>","protected":false},"excerpt":{"rendered":"<p>Die kontinuierliche Metallballenpresse ist eine hocheffiziente L\u00f6sung f\u00fcr das kontinuierliche Pressen und Pressen von Metallschrott ohne Unterbrechungen. Sie wurde f\u00fcr die Verarbeitung gro\u00dfer Mengen von Materialien wie Aluminium, Stahl und Kupfer entwickelt und arbeitet mit minimalen Ausfallzeiten, was einen rationalisierten Arbeitsablauf gew\u00e4hrleistet. Diese Maschine ist ideal f\u00fcr Schrottpl\u00e4tze, Recyclinganlagen und metallverarbeitende Betriebe und zeichnet sich durch eine robuste Konstruktion, einen hohen Durchsatz und eine hervorragende Ballendichte aus. Ihr kontinuierlicher Betrieb senkt die Arbeitskosten, steigert die Produktivit\u00e4t und erh\u00f6ht die Sicherheit, da das Material w\u00e4hrend des Pressvorgangs zur\u00fcckgehalten wird.<\/p>","protected":false},"featured_media":1733,"template":"","meta":{"site-sidebar-layout":"default","site-content-layout":"","ast-site-content-layout":"default","site-content-style":"default","site-sidebar-style":"default","ast-global-header-display":"","ast-banner-title-visibility":"","ast-main-header-display":"","ast-hfb-above-header-display":"","ast-hfb-below-header-display":"","ast-hfb-mobile-header-display":"","site-post-title":"","ast-breadcrumbs-content":"","ast-featured-img":"","footer-sml-layout":"","ast-disable-related-posts":"","theme-transparent-header-meta":"default","adv-header-id-meta":"","stick-header-meta":"","header-above-stick-meta":"","header-main-stick-meta":"","header-below-stick-meta":"","astra-migrate-meta-layouts":"set","ast-page-background-enabled":"default","ast-page-background-meta":{"desktop":{"background-color":"var(--ast-global-color-5)","background-image":"","background-repeat":"repeat","background-position":"center center","background-size":"auto","background-attachment":"scroll","background-type":"","background-media":"","overlay-type":"","overlay-color":"","overlay-opacity":"","overlay-gradient":""},"tablet":{"background-color":"","background-image":"","background-repeat":"repeat","background-position":"center center","background-size":"auto","background-attachment":"scroll","background-type":"","background-media":"","overlay-type":"","overlay-color":"","overlay-opacity":"","overlay-gradient":""},"mobile":{"background-color":"","background-image":"","background-repeat":"repeat","background-position":"center center","background-size":"auto","background-attachment":"scroll","background-type":"","background-media":"","overlay-type":"","overlay-color":"","overlay-opacity":"","overlay-gradient":""}},"ast-content-background-meta":{"desktop":{"background-color":"var(--ast-global-color-4)","background-image":"","background-repeat":"repeat","background-position":"center center","background-size":"auto","background-attachment":"scroll","background-type":"","background-media":"","overlay-type":"","overlay-color":"","overlay-opacity":"","overlay-gradient":""},"tablet":{"background-color":"var(--ast-global-color-4)","background-image":"","background-repeat":"repeat","background-position":"center center","background-size":"auto","background-attachment":"scroll","background-type":"","background-media":"","overlay-type":"","overlay-color":"","overlay-opacity":"","overlay-gradient":""},"mobile":{"background-color":"var(--ast-global-color-4)","background-image":"","background-repeat":"repeat","background-position":"center center","background-size":"auto","background-attachment":"scroll","background-type":"","background-media":"","overlay-type":"","overlay-color":"","overlay-opacity":"","overlay-gradient":""}}},"product_brand":[],"product_cat":[21,155],"product_tag":[104,103,101,102,100,99],"class_list":{"0":"post-862","1":"product","2":"type-product","3":"status-publish","4":"has-post-thumbnail","6":"product_cat-baling-machine","7":"product_cat-metal-baler","8":"product_tag-china-continuous-metal-baler-factory","9":"product_tag-china-continuous-metal-baling-machine","10":"product_tag-continuous-baler-for-aluminum-shaving","11":"product_tag-continuous-baler-for-ubc","12":"product_tag-continuous-hydraulic-baler-machine","13":"product_tag-continuous-scrap-metal-baler","14":"desktop-align-left","15":"tablet-align-left","16":"mobile-align-left","18":"first","19":"instock","20":"featured","21":"shipping-taxable","22":"product-type-simple"},"_links":{"self":[{"href":"https:\/\/www.gigapa.com\/de\/wp-json\/wp\/v2\/product\/862","targetHints":{"allow":["GET"]}}],"collection":[{"href":"https:\/\/www.gigapa.com\/de\/wp-json\/wp\/v2\/product"}],"about":[{"href":"https:\/\/www.gigapa.com\/de\/wp-json\/wp\/v2\/types\/product"}],"version-history":[{"count":7,"href":"https:\/\/www.gigapa.com\/de\/wp-json\/wp\/v2\/product\/862\/revisions"}],"predecessor-version":[{"id":2483,"href":"https:\/\/www.gigapa.com\/de\/wp-json\/wp\/v2\/product\/862\/revisions\/2483"}],"wp:featuredmedia":[{"embeddable":true,"href":"https:\/\/www.gigapa.com\/de\/wp-json\/wp\/v2\/media\/1733"}],"wp:attachment":[{"href":"https:\/\/www.gigapa.com\/de\/wp-json\/wp\/v2\/media?parent=862"}],"wp:term":[{"taxonomy":"product_brand","embeddable":true,"href":"https:\/\/www.gigapa.com\/de\/wp-json\/wp\/v2\/product_brand?post=862"},{"taxonomy":"product_cat","embeddable":true,"href":"https:\/\/www.gigapa.com\/de\/wp-json\/wp\/v2\/product_cat?post=862"},{"taxonomy":"product_tag","embeddable":true,"href":"https:\/\/www.gigapa.com\/de\/wp-json\/wp\/v2\/product_tag?post=862"}],"curies":[{"name":"wp","href":"https:\/\/api.w.org\/{rel}","templated":true}]}}