{"id":864,"date":"2025-05-06T16:44:45","date_gmt":"2025-05-06T08:44:45","guid":{"rendered":"https:\/\/gigapa.com\/?post_type=product&#038;p=864"},"modified":"2025-10-28T08:28:35","modified_gmt":"2025-10-28T00:28:35","slug":"hydraulic-cylinder","status":"publish","type":"product","link":"https:\/\/www.gigapa.com\/de\/product\/hydraulic-cylinder\/","title":{"rendered":"Hydraulik-Zylinder"},"content":{"rendered":"<h3>Einf\u00fchrung der Ausr\u00fcstung:<\/h3>\n<p>Ein Hydraulikzylinder ist ein Ger\u00e4t, das hydraulische Energie in mechanische Energie umwandelt und in erster Linie zur Erzeugung linearer Bewegungen und Kr\u00e4fte verwendet wird. Er ist weit verbreitet in hydraulischen Ger\u00e4ten, Baumaschinen, metallurgischen Ger\u00e4ten, Schiffen, Luft- und Raumfahrt und anderen Bereichen. Unser Unternehmen ist eine originelle Fabrik mit Gantry-CNC-Fr\u00e4smaschinen und mehreren gro\u00dfen Drehb\u00e4nken und verf\u00fcgt \u00fcber umfangreiche Erfahrung in der Produktion und Herstellung von gro\u00dfen \u00d6lzylindern. Wir haben auch die F\u00e4higkeit zur technischen Kommunikation und zum Design, so dass wir in der Lage sind, verschiedene Nicht-Standard-Hydraulikzylinder f\u00fcr Sie ma\u00dfzuschneidern.<\/p>\n<div style=\"width: 1280px;\" class=\"wp-video\"><!--[if lt IE 9]><script>document.createElement('video');<\/script><![endif]-->\n<video class=\"wp-video-shortcode\" id=\"video-864-1\" width=\"1280\" height=\"720\" preload=\"metadata\" controls=\"controls\"><source type=\"video\/mp4\" src=\"https:\/\/www.gigapa.com\/wp-content\/uploads\/2025\/05\/\u6db2\u538b\u7f38.mp4?_=1\" \/><a href=\"https:\/\/www.gigapa.com\/wp-content\/uploads\/2025\/05\/\u6db2\u538b\u7f38.mp4\">https:\/\/www.gigapa.com\/wp-content\/uploads\/2025\/05\/\u6db2\u538b\u7f38.mp4<\/a><\/video><\/div>\n<h3><\/h3>\n<h3>Anwendungsbereich:<\/h3>\n<table style=\"border-collapse: collapse; width: 795.02pt;\" border=\"0\" width=\"1060\" cellspacing=\"0\" cellpadding=\"0\">\n<tbody>\n<tr style=\"height: 13.50pt;\">\n<td style=\"height: 13.50pt; width: 155.25pt;\" width=\"207\" height=\"18\">Ballenpressen &amp; Scheren<\/td>\n<td style=\"width: 639.75pt;\" width=\"853\">Auto-Pressen, Metall-Pressen, Vertikal-Pressen, Horizontal-Pressen, Portalscheren, Kastenscheren, Alligatorscheren<\/td>\n<\/tr>\n<tr style=\"height: 13.50pt;\">\n<td style=\"height: 13.50pt;\" height=\"18\">Baumaschinen<\/td>\n<td>Bagger, Bulldozer, Lader<\/td>\n<\/tr>\n<tr style=\"height: 13.50pt;\">\n<td style=\"height: 13.50pt;\" height=\"18\">Metallverarbeitung<\/td>\n<td>Walzwerke, Stranggussanlagen, Schmiedepressen<\/td>\n<\/tr>\n<tr style=\"height: 13.50pt;\">\n<td style=\"height: 13.50pt;\" height=\"18\">Industrielle Maschinen<\/td>\n<td>Schermaschinen, Stanzmaschinen, Spritzgie\u00dfmaschinen<\/td>\n<\/tr>\n<tr style=\"height: 13.50pt;\">\n<td style=\"height: 13.50pt;\" height=\"18\">Komponenten f\u00fcr die Luft- und Raumfahrt<\/td>\n<td>Fahrwerk, Rudersteuerung<\/td>\n<\/tr>\n<tr style=\"height: 13.50pt;\">\n<td style=\"height: 13.50pt;\" height=\"18\">Sonstige Ausstattung<\/td>\n<td>Pressen, Hebeb\u00fchnen<\/td>\n<\/tr>\n<\/tbody>\n<\/table>\n<h3>Technische Highlights:<\/h3>\n<p>1. Integral geschmiedete Zylinderrohre:<br \/>\nDie Trommel der gro\u00dfen \u00d6lzylinder ist aus einem St\u00fcck geschmiedet, das stabil, frei von \u00d6lverlusten und sicher und zuverl\u00e4ssig ist.<\/p>\n<p>2. Verkleidung aus einer Kupferlegierung:<br \/>\nDie Kolbenposition der integrierten Kolbenstange wird im Kupferschwei\u00dfverfahren hergestellt, wodurch nicht nur die Festigkeit der Kolbenstange selbst gew\u00e4hrleistet wird, sondern auch eine Arbeitsfl\u00e4che mit guten Gleiteigenschaften entsteht, wodurch die Lebensdauer des Hydraulikzylinders verbessert wird.<\/p>\n<p>3. Professionelle Anpassungsdienste:<br \/>\nSchnelle Reaktion, professionelle technische Beratung, individuelles Design und Anpassungsdienste je nach Bedarf, um spezielle Anwendungsszenarien zu erf\u00fcllen.<\/p>","protected":false},"excerpt":{"rendered":"<p>Ein Hydraulikzylinder ist ein robuster mechanischer Antrieb, der hydraulische Energie in lineare Kraft und Bewegung umwandelt. Er ist auf Langlebigkeit ausgelegt und besteht aus einem Kolben, einer Stange, einem Zylinder und Dichtungen, die einen reibungslosen Betrieb unter hohen Druckbedingungen gew\u00e4hrleisten. Hydraulikzylinder werden h\u00e4ufig im Bauwesen, in der Fertigung und in der Landwirtschaft eingesetzt und eignen sich hervorragend zum pr\u00e4zisen Heben, Schieben und Ziehen schwerer Lasten. Zu den wichtigsten Merkmalen geh\u00f6ren korrosionsbest\u00e4ndige Materialien, anpassbare Hubl\u00e4ngen und eine hohe Tragf\u00e4higkeit. Ob f\u00fcr Industriemaschinen, Bagger oder Hydraulikpressen, unsere Zylinder bieten Zuverl\u00e4ssigkeit, Effizienz und eine lange Lebensdauer.<\/p>","protected":false},"featured_media":1335,"template":"","meta":{"site-sidebar-layout":"default","site-content-layout":"","ast-site-content-layout":"default","site-content-style":"default","site-sidebar-style":"default","ast-global-header-display":"","ast-banner-title-visibility":"","ast-main-header-display":"","ast-hfb-above-header-display":"","ast-hfb-below-header-display":"","ast-hfb-mobile-header-display":"","site-post-title":"","ast-breadcrumbs-content":"","ast-featured-img":"","footer-sml-layout":"","ast-disable-related-posts":"","theme-transparent-header-meta":"default","adv-header-id-meta":"","stick-header-meta":"","header-above-stick-meta":"","header-main-stick-meta":"","header-below-stick-meta":"","astra-migrate-meta-layouts":"set","ast-page-background-enabled":"default","ast-page-background-meta":{"desktop":{"background-color":"var(--ast-global-color-5)","background-image":"","background-repeat":"repeat","background-position":"center center","background-size":"auto","background-attachment":"scroll","background-type":"","background-media":"","overlay-type":"","overlay-color":"","overlay-opacity":"","overlay-gradient":""},"tablet":{"background-color":"","background-image":"","background-repeat":"repeat","background-position":"center center","background-size":"auto","background-attachment":"scroll","background-type":"","background-media":"","overlay-type":"","overlay-color":"","overlay-opacity":"","overlay-gradient":""},"mobile":{"background-color":"","background-image":"","background-repeat":"repeat","background-position":"center center","background-size":"auto","background-attachment":"scroll","background-type":"","background-media":"","overlay-type":"","overlay-color":"","overlay-opacity":"","overlay-gradient":""}},"ast-content-background-meta":{"desktop":{"background-color":"var(--ast-global-color-4)","background-image":"","background-repeat":"repeat","background-position":"center center","background-size":"auto","background-attachment":"scroll","background-type":"","background-media":"","overlay-type":"","overlay-color":"","overlay-opacity":"","overlay-gradient":""},"tablet":{"background-color":"var(--ast-global-color-4)","background-image":"","background-repeat":"repeat","background-position":"center center","background-size":"auto","background-attachment":"scroll","background-type":"","background-media":"","overlay-type":"","overlay-color":"","overlay-opacity":"","overlay-gradient":""},"mobile":{"background-color":"var(--ast-global-color-4)","background-image":"","background-repeat":"repeat","background-position":"center center","background-size":"auto","background-attachment":"scroll","background-type":"","background-media":"","overlay-type":"","overlay-color":"","overlay-opacity":"","overlay-gradient":""}}},"product_brand":[],"product_cat":[19],"product_tag":[31,34,35,33,32],"class_list":{"0":"post-864","1":"product","2":"type-product","3":"status-publish","4":"has-post-thumbnail","6":"product_cat-hydraulic-components","7":"product_tag-china-hydraulic-cylinder","8":"product_tag-hydraulic-cylinder-factory","9":"product_tag-hydraulic-cylinder-for-sale","10":"product_tag-hydraulic-cylinder-manufacturer","11":"product_tag-hydraulic-cylinder-supplier","12":"desktop-align-left","13":"tablet-align-left","14":"mobile-align-left","16":"first","17":"instock","18":"shipping-taxable","19":"product-type-simple"},"_links":{"self":[{"href":"https:\/\/www.gigapa.com\/de\/wp-json\/wp\/v2\/product\/864","targetHints":{"allow":["GET"]}}],"collection":[{"href":"https:\/\/www.gigapa.com\/de\/wp-json\/wp\/v2\/product"}],"about":[{"href":"https:\/\/www.gigapa.com\/de\/wp-json\/wp\/v2\/types\/product"}],"version-history":[{"count":6,"href":"https:\/\/www.gigapa.com\/de\/wp-json\/wp\/v2\/product\/864\/revisions"}],"predecessor-version":[{"id":2773,"href":"https:\/\/www.gigapa.com\/de\/wp-json\/wp\/v2\/product\/864\/revisions\/2773"}],"wp:featuredmedia":[{"embeddable":true,"href":"https:\/\/www.gigapa.com\/de\/wp-json\/wp\/v2\/media\/1335"}],"wp:attachment":[{"href":"https:\/\/www.gigapa.com\/de\/wp-json\/wp\/v2\/media?parent=864"}],"wp:term":[{"taxonomy":"product_brand","embeddable":true,"href":"https:\/\/www.gigapa.com\/de\/wp-json\/wp\/v2\/product_brand?post=864"},{"taxonomy":"product_cat","embeddable":true,"href":"https:\/\/www.gigapa.com\/de\/wp-json\/wp\/v2\/product_cat?post=864"},{"taxonomy":"product_tag","embeddable":true,"href":"https:\/\/www.gigapa.com\/de\/wp-json\/wp\/v2\/product_tag?post=864"}],"curies":[{"name":"wp","href":"https:\/\/api.w.org\/{rel}","templated":true}]}}