{"id":865,"date":"2025-05-06T16:44:31","date_gmt":"2025-05-06T08:44:31","guid":{"rendered":"https:\/\/gigapa.com\/?post_type=product&#038;p=865"},"modified":"2025-10-28T08:29:29","modified_gmt":"2025-10-28T00:29:29","slug":"hydraulic-power-unit","status":"publish","type":"product","link":"https:\/\/www.gigapa.com\/de\/product\/hydraulic-power-unit\/","title":{"rendered":"Hydraulisches Aggregat"},"content":{"rendered":"<h3>Einf\u00fchrung der Ausr\u00fcstung:<\/h3>\n<p>Die Hydraulikstation ist das \"Herz\" des Hydrauliksystems und dient haupts\u00e4chlich dazu, die erforderliche hydraulische Energie f\u00fcr hydraulische Ger\u00e4te bereitzustellen. Sie entnimmt Hydraulik\u00f6l aus dem \u00d6ltank, indem sie die \u00d6lpumpe mit einem Elektro- oder Verbrennungsmotor antreibt. Die \u00d6lpumpe wandelt die mechanische Energie des Elektro- oder Verbrennungsmotors in hydraulische Energie um, die dann \u00fcber Komponenten wie Druckregelventile, Wegeventile und Rohrleitungen zu den Hydraulikzylindern, Hydraulikmotoren und anderen Aktuatoren geleitet wird, um diese zur Ausf\u00fchrung verschiedener mechanischer Aktionen anzutreiben.<\/p>\n<h3>Anwendungsbereich:<\/h3>\n<table style=\"border-collapse: collapse; width: 980px; height: 352px;\" border=\"0\" width=\"733\" cellspacing=\"0\" cellpadding=\"0\">\n<tbody>\n<tr style=\"height: 13.50pt;\">\n<td style=\"height: 13.50pt; width: 155.25pt;\" width=\"207\" height=\"18\">Ballenpressen<\/td>\n<td style=\"width: 394.50pt;\" width=\"526\">Autoballenpressen, Metallballenpressen, vertikale Ballenpressen, horizontale Ballenpressen<\/td>\n<\/tr>\n<tr style=\"height: 13.50pt;\">\n<td style=\"height: 13.50pt;\" height=\"18\">Scheren &amp; Brecher<\/td>\n<td>Portalscheren, Kastenscheren, Krokodilscheren, hydraulische Brecher<\/td>\n<\/tr>\n<tr style=\"height: 13.50pt;\">\n<td style=\"height: 13.50pt;\" height=\"18\">Ausr\u00fcstung zum Schmieden<\/td>\n<td>Schmiedemaschinen, Druckgussmaschinen<\/td>\n<\/tr>\n<tr style=\"height: 13.50pt;\">\n<td style=\"height: 13.50pt;\" height=\"18\">Maschinen f\u00fcr die Holzbearbeitung<\/td>\n<td>Hobelmaschinen, S\u00e4gemaschinen, Fr\u00e4smaschinen<\/td>\n<\/tr>\n<tr style=\"height: 13.50pt;\">\n<td style=\"height: 13.50pt;\" height=\"18\">Verarbeitungsger\u00e4te<\/td>\n<td>Schermaschinen, Stanzmaschinen<\/td>\n<\/tr>\n<tr style=\"height: 13.50pt;\">\n<td style=\"height: 13.50pt;\" height=\"18\">Kunststoff-Maschinen<\/td>\n<td>Spritzgie\u00dfmaschinen<\/td>\n<\/tr>\n<tr style=\"height: 13.50pt;\">\n<td style=\"height: 13.50pt;\" height=\"18\">Andere Felder<\/td>\n<td>Pressen, Hebeb\u00fchnen<\/td>\n<\/tr>\n<\/tbody>\n<\/table>\n<h3>Technische Highlights:<\/h3>\n<p>1. Kundenspezifisches Design:<br \/>\nProfessionelle, kundenspezifische Designs werden auf der Grundlage von Anwendungsszenarien, Lastanforderungen, Kontrollschemata und Arbeit bereitgestellt.<\/p>\n<p>2. Technische Unterst\u00fctzung:<br \/>\nUmfassende technische Unterst\u00fctzung und Schulungen werden angeboten, damit sich die Benutzer mit der Verwendung und Wartung der Hydraulikstationen vertraut machen k\u00f6nnen.<\/p>\n<p>3. After-Sales-Unterst\u00fctzung:<br \/>\nEin langfristiger Kundendienst sorgt f\u00fcr einen stabilen Betrieb der Hydraulikstationen.<\/p>","protected":false},"excerpt":{"rendered":"<p>Das Hydraulikaggregat (HPU) ist eine wichtige Komponente, die in hydraulischen Systemen eingesetzt wird, um die erforderliche Leistung f\u00fcr verschiedene industrielle Anwendungen bereitzustellen. Es besteht aus einem Motor, einer Pumpe, einem Beh\u00e4lter und Steuerventilen, die zusammenarbeiten, um Hydraulikdruck zu erzeugen, zu speichern und zu regulieren. HPUs werden h\u00e4ufig in Maschinen wie Ballenpressen, Pressen und Aufz\u00fcgen eingesetzt und bieten hohe Effizienz und Zuverl\u00e4ssigkeit. Sie sind auf Langlebigkeit ausgelegt und k\u00f6nnen schwere Aufgaben bew\u00e4ltigen, um einen reibungslosen und kontinuierlichen Betrieb zu gew\u00e4hrleisten.<\/p>","protected":false},"featured_media":1906,"template":"","meta":{"site-sidebar-layout":"default","site-content-layout":"","ast-site-content-layout":"default","site-content-style":"default","site-sidebar-style":"default","ast-global-header-display":"","ast-banner-title-visibility":"","ast-main-header-display":"","ast-hfb-above-header-display":"","ast-hfb-below-header-display":"","ast-hfb-mobile-header-display":"","site-post-title":"","ast-breadcrumbs-content":"","ast-featured-img":"","footer-sml-layout":"","ast-disable-related-posts":"","theme-transparent-header-meta":"default","adv-header-id-meta":"","stick-header-meta":"","header-above-stick-meta":"","header-main-stick-meta":"","header-below-stick-meta":"","astra-migrate-meta-layouts":"set","ast-page-background-enabled":"default","ast-page-background-meta":{"desktop":{"background-color":"var(--ast-global-color-5)","background-image":"","background-repeat":"repeat","background-position":"center center","background-size":"auto","background-attachment":"scroll","background-type":"","background-media":"","overlay-type":"","overlay-color":"","overlay-opacity":"","overlay-gradient":""},"tablet":{"background-color":"","background-image":"","background-repeat":"repeat","background-position":"center center","background-size":"auto","background-attachment":"scroll","background-type":"","background-media":"","overlay-type":"","overlay-color":"","overlay-opacity":"","overlay-gradient":""},"mobile":{"background-color":"","background-image":"","background-repeat":"repeat","background-position":"center center","background-size":"auto","background-attachment":"scroll","background-type":"","background-media":"","overlay-type":"","overlay-color":"","overlay-opacity":"","overlay-gradient":""}},"ast-content-background-meta":{"desktop":{"background-color":"var(--ast-global-color-4)","background-image":"","background-repeat":"repeat","background-position":"center center","background-size":"auto","background-attachment":"scroll","background-type":"","background-media":"","overlay-type":"","overlay-color":"","overlay-opacity":"","overlay-gradient":""},"tablet":{"background-color":"var(--ast-global-color-4)","background-image":"","background-repeat":"repeat","background-position":"center center","background-size":"auto","background-attachment":"scroll","background-type":"","background-media":"","overlay-type":"","overlay-color":"","overlay-opacity":"","overlay-gradient":""},"mobile":{"background-color":"var(--ast-global-color-4)","background-image":"","background-repeat":"repeat","background-position":"center center","background-size":"auto","background-attachment":"scroll","background-type":"","background-media":"","overlay-type":"","overlay-color":"","overlay-opacity":"","overlay-gradient":""}}},"product_brand":[],"product_cat":[19],"product_tag":[36,39,41,38,40,37],"class_list":{"0":"post-865","1":"product","2":"type-product","3":"status-publish","4":"has-post-thumbnail","6":"product_cat-hydraulic-components","7":"product_tag-china-hydraulic-power-unit","8":"product_tag-hydraulic-power-unit-factory","9":"product_tag-hydraulic-power-unit-for-sale","10":"product_tag-hydraulic-power-unit-manufacturer","11":"product_tag-hydraulic-power-unit-price","12":"product_tag-hydraulic-power-unit-supplier","13":"desktop-align-left","14":"tablet-align-left","15":"mobile-align-left","17":"first","18":"instock","19":"shipping-taxable","20":"product-type-simple"},"_links":{"self":[{"href":"https:\/\/www.gigapa.com\/de\/wp-json\/wp\/v2\/product\/865","targetHints":{"allow":["GET"]}}],"collection":[{"href":"https:\/\/www.gigapa.com\/de\/wp-json\/wp\/v2\/product"}],"about":[{"href":"https:\/\/www.gigapa.com\/de\/wp-json\/wp\/v2\/types\/product"}],"version-history":[{"count":4,"href":"https:\/\/www.gigapa.com\/de\/wp-json\/wp\/v2\/product\/865\/revisions"}],"predecessor-version":[{"id":2774,"href":"https:\/\/www.gigapa.com\/de\/wp-json\/wp\/v2\/product\/865\/revisions\/2774"}],"wp:featuredmedia":[{"embeddable":true,"href":"https:\/\/www.gigapa.com\/de\/wp-json\/wp\/v2\/media\/1906"}],"wp:attachment":[{"href":"https:\/\/www.gigapa.com\/de\/wp-json\/wp\/v2\/media?parent=865"}],"wp:term":[{"taxonomy":"product_brand","embeddable":true,"href":"https:\/\/www.gigapa.com\/de\/wp-json\/wp\/v2\/product_brand?post=865"},{"taxonomy":"product_cat","embeddable":true,"href":"https:\/\/www.gigapa.com\/de\/wp-json\/wp\/v2\/product_cat?post=865"},{"taxonomy":"product_tag","embeddable":true,"href":"https:\/\/www.gigapa.com\/de\/wp-json\/wp\/v2\/product_tag?post=865"}],"curies":[{"name":"wp","href":"https:\/\/api.w.org\/{rel}","templated":true}]}}