{"id":2033,"date":"2025-06-17T15:40:43","date_gmt":"2025-06-17T07:40:43","guid":{"rendered":"https:\/\/www.gigapa.com\/?page_id=2033"},"modified":"2025-09-19T15:54:32","modified_gmt":"2025-09-19T07:54:32","slug":"success-cases","status":"publish","type":"page","link":"https:\/\/www.gigapa.com\/es\/success-cases\/","title":{"rendered":"Casos de \u00e9xito"},"content":{"rendered":"<div data-elementor-type=\"wp-page\" data-elementor-id=\"2033\" class=\"elementor elementor-2033\" data-elementor-post-type=\"page\">\n\t\t\t\t<div class=\"elementor-element elementor-element-748af17 e-flex e-con-boxed e-con e-parent\" data-id=\"748af17\" data-element_type=\"container\" data-e-type=\"container\" data-settings=\"{&quot;background_background&quot;:&quot;classic&quot;}\">\n\t\t\t\t\t<div class=\"e-con-inner\">\n\t\t\t\t<div class=\"elementor-element elementor-element-e233b95 elementor-widget elementor-widget-heading\" data-id=\"e233b95\" data-element_type=\"widget\" data-e-type=\"widget\" data-widget_type=\"heading.default\">\n\t\t\t\t<div class=\"elementor-widget-container\">\n\t\t\t\t\t<h1 class=\"elementor-heading-title elementor-size-default\">Casos de \u00e9xito<\/h1>\t\t\t\t<\/div>\n\t\t\t\t<\/div>\n\t\t\t\t\t<\/div>\n\t\t\t\t<\/div>\n\t\t<div class=\"elementor-element elementor-element-6aa9a7e e-flex e-con-boxed e-con e-parent\" data-id=\"6aa9a7e\" data-element_type=\"container\" data-e-type=\"container\">\n\t\t\t\t\t<div class=\"e-con-inner\">\n\t\t\t\t<div class=\"elementor-element elementor-element-32bc6d6 elementor-widget elementor-widget-woocommerce-breadcrumb\" data-id=\"32bc6d6\" data-element_type=\"widget\" data-e-type=\"widget\" data-widget_type=\"woocommerce-breadcrumb.default\">\n\t\t\t\t<div class=\"elementor-widget-container\">\n\t\t\t\t\t<nav class=\"woocommerce-breadcrumb\" aria-label=\"Breadcrumb\" data-no-translation=\"\" data-trp-gettext=\"\">Inicio<\/nav>\t\t\t\t<\/div>\n\t\t\t\t<\/div>\n\t\t\t\t<div class=\"elementor-element elementor-element-752b48f elementor-widget elementor-widget-heading\" data-id=\"752b48f\" data-element_type=\"widget\" data-e-type=\"widget\" data-widget_type=\"heading.default\">\n\t\t\t\t<div class=\"elementor-widget-container\">\n\t\t\t\t\t<h2 class=\"elementor-heading-title elementor-size-default\">F\u00e1brica de origen de equipos de maquinaria hidr\u00e1ulica<\/h2>\t\t\t\t<\/div>\n\t\t\t\t<\/div>\n\t\t\t\t<div class=\"elementor-element elementor-element-4251ca0 elementor-widget elementor-widget-heading\" data-id=\"4251ca0\" data-element_type=\"widget\" data-e-type=\"widget\" data-widget_type=\"heading.default\">\n\t\t\t\t<div class=\"elementor-widget-container\">\n\t\t\t\t\t<h2 class=\"elementor-heading-title elementor-size-default\">Puede personalizarse en profundidad<\/h2>\t\t\t\t<\/div>\n\t\t\t\t<\/div>\n\t\t\t\t\t<\/div>\n\t\t\t\t<\/div>\n\t\t<div class=\"elementor-element elementor-element-8aa78cb e-flex e-con-boxed e-con e-parent\" data-id=\"8aa78cb\" data-element_type=\"container\" data-e-type=\"container\">\n\t\t\t\t\t<div class=\"e-con-inner\">\n\t\t<div class=\"elementor-element elementor-element-6b1110e e-con-full e-flex e-con e-child\" data-id=\"6b1110e\" data-element_type=\"container\" data-e-type=\"container\">\n\t\t\t\t<div class=\"elementor-element elementor-element-110d0f4 elementor-widget elementor-widget-image\" data-id=\"110d0f4\" data-element_type=\"widget\" data-e-type=\"widget\" data-widget_type=\"image.default\">\n\t\t\t\t<div class=\"elementor-widget-container\">\n\t\t\t\t\t\t\t\t\t\t\t\t\t\t\t\t<a href=\"\/es\/gts-e-dual-shaft-shredder\/\">\n\t\t\t\t\t\t\t<img fetchpriority=\"high\" decoding=\"async\" width=\"300\" height=\"300\" src=\"https:\/\/www.gigapa.com\/wp-content\/uploads\/2025\/05\/\u4fee\u6539\u56fe\u72471-300x300.png\" class=\"attachment-medium size-medium wp-image-1732\" alt=\"Trituradoras de doble eje\" srcset=\"https:\/\/www.gigapa.com\/wp-content\/uploads\/2025\/05\/\u4fee\u6539\u56fe\u72471-300x300.png 300w, https:\/\/www.gigapa.com\/wp-content\/uploads\/2025\/05\/\u4fee\u6539\u56fe\u72471-150x150.png 150w, https:\/\/www.gigapa.com\/wp-content\/uploads\/2025\/05\/\u4fee\u6539\u56fe\u72471-12x12.png 12w, https:\/\/www.gigapa.com\/wp-content\/uploads\/2025\/05\/\u4fee\u6539\u56fe\u72471-100x100.png 100w, https:\/\/www.gigapa.com\/wp-content\/uploads\/2025\/05\/\u4fee\u6539\u56fe\u72471.png 400w\" sizes=\"(max-width: 300px) 100vw, 300px\" \/>\t\t\t\t\t\t\t\t<\/a>\n\t\t\t\t\t\t\t\t\t\t\t\t\t\t\t<\/div>\n\t\t\t\t<\/div>\n\t\t\t\t<div class=\"elementor-element elementor-element-fe53292 elementor-widget elementor-widget-heading\" data-id=\"fe53292\" data-element_type=\"widget\" data-e-type=\"widget\" data-widget_type=\"heading.default\">\n\t\t\t\t<div class=\"elementor-widget-container\">\n\t\t\t\t\t<h3 class=\"elementor-heading-title elementor-size-default\"><a href=\"\/es\/gts-e-dual-shaft-shredder\/\">\u3010Powerful Momentum, Efficient Output\u3011- Trituradora de doble eje GTS-E<\/a><\/h3>\t\t\t\t<\/div>\n\t\t\t\t<\/div>\n\t\t\t\t<\/div>\n\t\t<div class=\"elementor-element elementor-element-9fb72af e-con-full e-flex e-con e-child\" data-id=\"9fb72af\" data-element_type=\"container\" data-e-type=\"container\">\n\t\t\t\t<div class=\"elementor-element elementor-element-7a36969 elementor-widget elementor-widget-image\" data-id=\"7a36969\" data-element_type=\"widget\" data-e-type=\"widget\" data-widget_type=\"image.default\">\n\t\t\t\t<div class=\"elementor-widget-container\">\n\t\t\t\t\t\t\t\t\t\t\t\t\t\t\t\t<a href=\"\/es\/gfb-h-metal-press-machine\/\">\n\t\t\t\t\t\t\t<img decoding=\"async\" width=\"295\" height=\"300\" src=\"https:\/\/www.gigapa.com\/wp-content\/uploads\/2025\/04\/BAI\u538b\u997c\u673a.pngxiugai-295x300.png\" class=\"attachment-medium size-medium wp-image-749\" alt=\"briquetadora de chatarra\" srcset=\"\" sizes=\"(max-width: 295px) 100vw, 295px\" data-srcset=\"\" \/>\t\t\t\t\t\t\t\t<\/a>\n\t\t\t\t\t\t\t\t\t\t\t\t\t\t\t<\/div>\n\t\t\t\t<\/div>\n\t\t\t\t<div class=\"elementor-element elementor-element-a76d037 elementor-widget elementor-widget-heading\" data-id=\"a76d037\" data-element_type=\"widget\" data-e-type=\"widget\" data-widget_type=\"heading.default\">\n\t\t\t\t<div class=\"elementor-widget-container\">\n\t\t\t\t\t<h3 class=\"elementor-heading-title elementor-size-default\"><a href=\"\/es\/gfb-h-metal-press-machine\/\">\u3010Briquetado con un solo clic, convierte la chatarra en oro\u3011- M\u00e1quina de prensado de metales GFB-H<\/a><\/h3>\t\t\t\t<\/div>\n\t\t\t\t<\/div>\n\t\t\t\t<\/div>\n\t\t<div class=\"elementor-element elementor-element-6164812 e-con-full e-flex e-con e-child\" data-id=\"6164812\" data-element_type=\"container\" data-e-type=\"container\">\n\t\t\t\t<div class=\"elementor-element elementor-element-f594146 elementor-widget elementor-widget-image\" data-id=\"f594146\" data-element_type=\"widget\" data-e-type=\"widget\" data-widget_type=\"image.default\">\n\t\t\t\t<div class=\"elementor-widget-container\">\n\t\t\t\t\t\t\t\t\t\t\t\t\t\t\t\t<a href=\"\/es\/gss-f-single-shaft-shredder\/\">\n\t\t\t\t\t\t\t<img decoding=\"async\" width=\"300\" height=\"300\" src=\"https:\/\/www.gigapa.com\/wp-content\/uploads\/2025\/05\/BAI\u5355\u8f74\u6495\u788e\u673a-300x300.png\" class=\"attachment-medium size-medium wp-image-1881\" alt=\"trituradora de un solo eje\" srcset=\"\" sizes=\"(max-width: 300px) 100vw, 300px\" data-srcset=\"\" \/>\t\t\t\t\t\t\t\t<\/a>\n\t\t\t\t\t\t\t\t\t\t\t\t\t\t\t<\/div>\n\t\t\t\t<\/div>\n\t\t\t\t<div class=\"elementor-element elementor-element-c0f442e elementor-widget elementor-widget-heading\" data-id=\"c0f442e\" data-element_type=\"widget\" data-e-type=\"widget\" data-widget_type=\"heading.default\">\n\t\t\t\t<div class=\"elementor-widget-container\">\n\t\t\t\t\t<h3 class=\"elementor-heading-title elementor-size-default\"><a href=\"\/es\/gss-f-single-shaft-shredder\/\">\u3010Medical Waste Destroyer\u3011-- Trituradora de un solo eje GSS-F<\/a><\/h3>\t\t\t\t<\/div>\n\t\t\t\t<\/div>\n\t\t\t\t<\/div>\n\t\t<div class=\"elementor-element elementor-element-eb6f2a2 e-con-full e-flex e-con e-child\" data-id=\"eb6f2a2\" data-element_type=\"container\" data-e-type=\"container\">\n\t\t\t\t<div class=\"elementor-element elementor-element-0048fc0 elementor-widget elementor-widget-image\" data-id=\"0048fc0\" data-element_type=\"widget\" data-e-type=\"widget\" data-widget_type=\"image.default\">\n\t\t\t\t<div class=\"elementor-widget-container\">\n\t\t\t\t\t\t\t\t\t\t\t\t\t\t\t\t<a href=\"\/es\/gbw-c-wood-shaving-machine\/\">\n\t\t\t\t\t\t\t<img loading=\"lazy\" decoding=\"async\" width=\"300\" height=\"300\" src=\"https:\/\/www.gigapa.com\/wp-content\/uploads\/2025\/06\/\u5fae\u4fe1\u56fe\u7247_20250616091927-300x300.png\" class=\"attachment-medium size-medium wp-image-1955\" alt=\"M\u00e1quina de virutas para lechos de animales\" srcset=\"https:\/\/www.gigapa.com\/wp-content\/uploads\/2025\/06\/\u5fae\u4fe1\u56fe\u7247_20250616091927-300x300.png 300w, https:\/\/www.gigapa.com\/wp-content\/uploads\/2025\/06\/\u5fae\u4fe1\u56fe\u7247_20250616091927-150x150.png 150w, https:\/\/www.gigapa.com\/wp-content\/uploads\/2025\/06\/\u5fae\u4fe1\u56fe\u7247_20250616091927-768x768.png 768w, https:\/\/www.gigapa.com\/wp-content\/uploads\/2025\/06\/\u5fae\u4fe1\u56fe\u7247_20250616091927-12x12.png 12w, https:\/\/www.gigapa.com\/wp-content\/uploads\/2025\/06\/\u5fae\u4fe1\u56fe\u7247_20250616091927-600x600.png 600w, https:\/\/www.gigapa.com\/wp-content\/uploads\/2025\/06\/\u5fae\u4fe1\u56fe\u7247_20250616091927-100x100.png 100w, https:\/\/www.gigapa.com\/wp-content\/uploads\/2025\/06\/\u5fae\u4fe1\u56fe\u7247_20250616091927.png 800w\" sizes=\"(max-width: 300px) 100vw, 300px\" \/>\t\t\t\t\t\t\t\t<\/a>\n\t\t\t\t\t\t\t\t\t\t\t\t\t\t\t<\/div>\n\t\t\t\t<\/div>\n\t\t\t\t<div class=\"elementor-element elementor-element-7c81027 elementor-widget elementor-widget-heading\" data-id=\"7c81027\" data-element_type=\"widget\" data-e-type=\"widget\" data-widget_type=\"heading.default\">\n\t\t\t\t<div class=\"elementor-widget-container\">\n\t\t\t\t\t<h3 class=\"elementor-heading-title elementor-size-default\"><a href=\"\/es\/gbw-c-wood-shaving-machine\/\">\u3010Boost Profits, Double Efficiency\u3011-- M\u00e1quina de afeitar de madera GBW-C<\/a><\/h3>\t\t\t\t<\/div>\n\t\t\t\t<\/div>\n\t\t\t\t<div class=\"elementor-element elementor-element-50cb21f elementor-widget elementor-widget-image\" data-id=\"50cb21f\" data-element_type=\"widget\" data-e-type=\"widget\" data-widget_type=\"image.default\">\n\t\t\t\t<div class=\"elementor-widget-container\">\n\t\t\t\t\t\t\t\t\t\t\t\t\t\t\t\t<a href=\"https:\/\/www.gigapa.com\/es\/gbb-h-bagging-baler\/\">\n\t\t\t\t\t\t\t<img loading=\"lazy\" decoding=\"async\" width=\"300\" height=\"300\" src=\"https:\/\/www.gigapa.com\/wp-content\/uploads\/2025\/03\/\u5957\u888b\u673a-300x300.png\" class=\"attachment-medium size-medium wp-image-573\" alt=\"ensiladora empacadora\" srcset=\"\" sizes=\"(max-width: 300px) 100vw, 300px\" data-srcset=\"\" \/>\t\t\t\t\t\t\t\t<\/a>\n\t\t\t\t\t\t\t\t\t\t\t\t\t\t\t<\/div>\n\t\t\t\t<\/div>\n\t\t\t\t<div class=\"elementor-element elementor-element-0ce766e elementor-widget elementor-widget-heading\" data-id=\"0ce766e\" data-element_type=\"widget\" data-e-type=\"widget\" data-widget_type=\"heading.default\">\n\t\t\t\t<div class=\"elementor-widget-container\">\n\t\t\t\t\t<h3 class=\"elementor-heading-title elementor-size-default\"><a href=\"https:\/\/www.gigapa.com\/es\/gbb-h-bagging-baler\/\">\u3010Compresi\u00f3n con un solo bot\u00f3n, embolsado f\u00e1cil - \u00a1Ahorra tiempo, mano de obra, costes y espacio!\u3011- Empacadora de embolsado GBB-H<\/a><\/h3>\t\t\t\t<\/div>\n\t\t\t\t<\/div>\n\t\t\t\t<\/div>\n\t\t<div class=\"elementor-element elementor-element-293c3b4 e-con-full e-flex e-con e-child\" data-id=\"293c3b4\" data-element_type=\"container\" data-e-type=\"container\">\n\t\t\t\t<div class=\"elementor-element elementor-element-b62d4b0 elementor-widget elementor-widget-image\" data-id=\"b62d4b0\" data-element_type=\"widget\" data-e-type=\"widget\" data-widget_type=\"image.default\">\n\t\t\t\t<div class=\"elementor-widget-container\">\n\t\t\t\t\t\t\t\t\t\t\t\t\t\t\t\t<a href=\"\/es\/intelligent-control-minimal-maintenance-continuous-metal-baler-for-profit-and-efficiency-win-win-gfb-c-metal-baler\/\">\n\t\t\t\t\t\t\t<img loading=\"lazy\" decoding=\"async\" width=\"300\" height=\"300\" src=\"https:\/\/www.gigapa.com\/wp-content\/uploads\/2025\/05\/\u56fe2-300x300.png\" class=\"attachment-medium size-medium wp-image-1733\" alt=\"Empacadoras continuas de metales\" srcset=\"\" sizes=\"(max-width: 300px) 100vw, 300px\" data-srcset=\"\" \/>\t\t\t\t\t\t\t\t<\/a>\n\t\t\t\t\t\t\t\t\t\t\t\t\t\t\t<\/div>\n\t\t\t\t<\/div>\n\t\t\t\t<div class=\"elementor-element elementor-element-1dc8eca elementor-widget elementor-widget-heading\" data-id=\"1dc8eca\" data-element_type=\"widget\" data-e-type=\"widget\" data-widget_type=\"heading.default\">\n\t\t\t\t<div class=\"elementor-widget-container\">\n\t\t\t\t\t<h3 class=\"elementor-heading-title elementor-size-default\"><a href=\"\/es\/intelligent-control-minimal-maintenance-continuous-metal-baler-for-profit-and-efficiency-win-win-gfb-c-metal-baler\/\">\u3010Control inteligente, mantenimiento m\u00ednimo\u3011 - Prensa de metales GFB-C<\/a><\/h3>\t\t\t\t<\/div>\n\t\t\t\t<\/div>\n\t\t\t\t<div class=\"elementor-element elementor-element-8b597af elementor-widget elementor-widget-image\" data-id=\"8b597af\" data-element_type=\"widget\" data-e-type=\"widget\" data-widget_type=\"image.default\">\n\t\t\t\t<div class=\"elementor-widget-container\">\n\t\t\t\t\t\t\t\t\t\t\t\t\t\t\t\t<a href=\"https:\/\/www.gigapa.com\/es\/turning-waste-tires-into-black-gold-dual-shaft-shredder\/\">\n\t\t\t\t\t\t\t<img loading=\"lazy\" decoding=\"async\" width=\"300\" height=\"300\" src=\"https:\/\/www.gigapa.com\/wp-content\/uploads\/2025\/06\/\u53cc\u8f74\u6495\u788e\u673a2_\u4e94\u91d1\u3001\u5851\u6599\u7cbe\u4feeV3_20250616_180850_422_\u4e00\u952e\u900f\u660e\u80cc\u666f\u56fe_QASZNL-300x300.png\" class=\"attachment-medium size-medium wp-image-2011\" alt=\"Trituradora de chatarra de doble eje\" srcset=\"https:\/\/www.gigapa.com\/wp-content\/uploads\/2025\/06\/\u53cc\u8f74\u6495\u788e\u673a2_\u4e94\u91d1\u3001\u5851\u6599\u7cbe\u4feeV3_20250616_180850_422_\u4e00\u952e\u900f\u660e\u80cc\u666f\u56fe_QASZNL-300x300.png 300w, https:\/\/www.gigapa.com\/wp-content\/uploads\/2025\/06\/\u53cc\u8f74\u6495\u788e\u673a2_\u4e94\u91d1\u3001\u5851\u6599\u7cbe\u4feeV3_20250616_180850_422_\u4e00\u952e\u900f\u660e\u80cc\u666f\u56fe_QASZNL-150x150.png 150w, https:\/\/www.gigapa.com\/wp-content\/uploads\/2025\/06\/\u53cc\u8f74\u6495\u788e\u673a2_\u4e94\u91d1\u3001\u5851\u6599\u7cbe\u4feeV3_20250616_180850_422_\u4e00\u952e\u900f\u660e\u80cc\u666f\u56fe_QASZNL-768x768.png 768w, https:\/\/www.gigapa.com\/wp-content\/uploads\/2025\/06\/\u53cc\u8f74\u6495\u788e\u673a2_\u4e94\u91d1\u3001\u5851\u6599\u7cbe\u4feeV3_20250616_180850_422_\u4e00\u952e\u900f\u660e\u80cc\u666f\u56fe_QASZNL-12x12.png 12w, https:\/\/www.gigapa.com\/wp-content\/uploads\/2025\/06\/\u53cc\u8f74\u6495\u788e\u673a2_\u4e94\u91d1\u3001\u5851\u6599\u7cbe\u4feeV3_20250616_180850_422_\u4e00\u952e\u900f\u660e\u80cc\u666f\u56fe_QASZNL-600x600.png 600w, https:\/\/www.gigapa.com\/wp-content\/uploads\/2025\/06\/\u53cc\u8f74\u6495\u788e\u673a2_\u4e94\u91d1\u3001\u5851\u6599\u7cbe\u4feeV3_20250616_180850_422_\u4e00\u952e\u900f\u660e\u80cc\u666f\u56fe_QASZNL-100x100.png 100w, https:\/\/www.gigapa.com\/wp-content\/uploads\/2025\/06\/\u53cc\u8f74\u6495\u788e\u673a2_\u4e94\u91d1\u3001\u5851\u6599\u7cbe\u4feeV3_20250616_180850_422_\u4e00\u952e\u900f\u660e\u80cc\u666f\u56fe_QASZNL.png 1024w\" sizes=\"(max-width: 300px) 100vw, 300px\" \/>\t\t\t\t\t\t\t\t<\/a>\n\t\t\t\t\t\t\t\t\t\t\t\t\t\t\t<\/div>\n\t\t\t\t<\/div>\n\t\t\t\t<div class=\"elementor-element elementor-element-a33297d elementor-widget elementor-widget-heading\" data-id=\"a33297d\" data-element_type=\"widget\" data-e-type=\"widget\" data-widget_type=\"heading.default\">\n\t\t\t\t<div class=\"elementor-widget-container\">\n\t\t\t\t\t<h3 class=\"elementor-heading-title elementor-size-default\"><a href=\"https:\/\/www.gigapa.com\/es\/turning-waste-tires-into-black-gold-dual-shaft-shredder\/\">\u3010Convertir neum\u00e1ticos usados en oro negro - Nueva potencia para la econom\u00eda circular\u3011 - Trituradora de doble eje GTS-E<\/a><\/h3>\t\t\t\t<\/div>\n\t\t\t\t<\/div>\n\t\t\t\t<\/div>\n\t\t<div class=\"elementor-element elementor-element-77130f6 e-con-full e-flex e-con e-child\" data-id=\"77130f6\" data-element_type=\"container\" data-e-type=\"container\">\n\t\t\t\t<div class=\"elementor-element elementor-element-79657cc elementor-widget elementor-widget-image\" data-id=\"79657cc\" data-element_type=\"widget\" data-e-type=\"widget\" data-widget_type=\"image.default\">\n\t\t\t\t<div class=\"elementor-widget-container\">\n\t\t\t\t\t\t\t\t\t\t\t\t\t\t\t\t<a href=\"https:\/\/www.gigapa.com\/es\/ghp-series-hydraulic-press\/\">\n\t\t\t\t\t\t\t<img loading=\"lazy\" decoding=\"async\" width=\"1024\" height=\"768\" src=\"https:\/\/www.gigapa.com\/wp-content\/uploads\/2025\/06\/Hydraulic-Press-for-Testing-in-Zhangjiagang3-1024x768.png\" class=\"attachment-large size-large wp-image-2211\" alt=\"Prensa hidr\u00e1ulica para pruebas en Zhangjiagang\" srcset=\"https:\/\/www.gigapa.com\/wp-content\/uploads\/2025\/06\/Hydraulic-Press-for-Testing-in-Zhangjiagang3-1024x768.png 1024w, https:\/\/www.gigapa.com\/wp-content\/uploads\/2025\/06\/Hydraulic-Press-for-Testing-in-Zhangjiagang3-300x225.png 300w, https:\/\/www.gigapa.com\/wp-content\/uploads\/2025\/06\/Hydraulic-Press-for-Testing-in-Zhangjiagang3-768x576.png 768w, https:\/\/www.gigapa.com\/wp-content\/uploads\/2025\/06\/Hydraulic-Press-for-Testing-in-Zhangjiagang3-16x12.png 16w, https:\/\/www.gigapa.com\/wp-content\/uploads\/2025\/06\/Hydraulic-Press-for-Testing-in-Zhangjiagang3-600x450.png 600w, https:\/\/www.gigapa.com\/wp-content\/uploads\/2025\/06\/Hydraulic-Press-for-Testing-in-Zhangjiagang3.png 1267w\" sizes=\"(max-width: 1024px) 100vw, 1024px\" \/>\t\t\t\t\t\t\t\t<\/a>\n\t\t\t\t\t\t\t\t\t\t\t\t\t\t\t<\/div>\n\t\t\t\t<\/div>\n\t\t\t\t<div class=\"elementor-element elementor-element-b02fa62 elementor-widget elementor-widget-heading\" data-id=\"b02fa62\" data-element_type=\"widget\" data-e-type=\"widget\" data-widget_type=\"heading.default\">\n\t\t\t\t<div class=\"elementor-widget-container\">\n\t\t\t\t\t<h3 class=\"elementor-heading-title elementor-size-default\"><a href=\"https:\/\/www.gigapa.com\/es\/ghp-series-hydraulic-press\/\">\u3010Inteligente CNC, control de presi\u00f3n a su alcance\u3011 - Prensa hidr\u00e1ulica de la serie GHP.<\/a><\/h3>\t\t\t\t<\/div>\n\t\t\t\t<\/div>\n\t\t\t\t<\/div>\n\t\t\t\t\t<\/div>\n\t\t\t\t<\/div>\n\t\t\t\t<\/div>","protected":false},"excerpt":{"rendered":"<p>Casos de \u00e9xito de maquinaria hidr\u00e1ulica Fuente de equipos de f\u00e1brica puede ser profundamente personalizado \u3010Powerful Momentum, Efficient Output\u3011- GTS-E Dual-Shaft Shredder \u3010One-Click Briquetting, [...]<\/p>","protected":false},"author":1,"featured_media":0,"parent":0,"menu_order":0,"comment_status":"closed","ping_status":"closed","template":"","meta":{"site-sidebar-layout":"no-sidebar","site-content-layout":"","ast-site-content-layout":"full-width-container","site-content-style":"default","site-sidebar-style":"default","ast-global-header-display":"","ast-banner-title-visibility":"","ast-main-header-display":"","ast-hfb-above-header-display":"","ast-hfb-below-header-display":"","ast-hfb-mobile-header-display":"","site-post-title":"disabled","ast-breadcrumbs-content":"","ast-featured-img":"disabled","footer-sml-layout":"","ast-disable-related-posts":"","theme-transparent-header-meta":"default","adv-header-id-meta":"","stick-header-meta":"","header-above-stick-meta":"","header-main-stick-meta":"","header-below-stick-meta":"","astra-migrate-meta-layouts":"set","ast-page-background-enabled":"default","ast-page-background-meta":{"desktop":{"background-color":"var(--ast-global-color-5)","background-image":"","background-repeat":"repeat","background-position":"center center","background-size":"auto","background-attachment":"scroll","background-type":"","background-media":"","overlay-type":"","overlay-color":"","overlay-opacity":"","overlay-gradient":""},"tablet":{"background-color":"","background-image":"","background-repeat":"repeat","background-position":"center center","background-size":"auto","background-attachment":"scroll","background-type":"","background-media":"","overlay-type":"","overlay-color":"","overlay-opacity":"","overlay-gradient":""},"mobile":{"background-color":"","background-image":"","background-repeat":"repeat","background-position":"center center","background-size":"auto","background-attachment":"scroll","background-type":"","background-media":"","overlay-type":"","overlay-color":"","overlay-opacity":"","overlay-gradient":""}},"ast-content-background-meta":{"desktop":{"background-color":"var(--ast-global-color-4)","background-image":"","background-repeat":"repeat","background-position":"center center","background-size":"auto","background-attachment":"scroll","background-type":"","background-media":"","overlay-type":"","overlay-color":"","overlay-opacity":"","overlay-gradient":""},"tablet":{"background-color":"var(--ast-global-color-4)","background-image":"","background-repeat":"repeat","background-position":"center center","background-size":"auto","background-attachment":"scroll","background-type":"","background-media":"","overlay-type":"","overlay-color":"","overlay-opacity":"","overlay-gradient":""},"mobile":{"background-color":"var(--ast-global-color-4)","background-image":"","background-repeat":"repeat","background-position":"center center","background-size":"auto","background-attachment":"scroll","background-type":"","background-media":"","overlay-type":"","overlay-color":"","overlay-opacity":"","overlay-gradient":""}},"footnotes":""},"class_list":["post-2033","page","type-page","status-publish","hentry"],"_hostinger_reach_plugin_has_subscription_block":false,"_hostinger_reach_plugin_is_elementor":false,"_links":{"self":[{"href":"https:\/\/www.gigapa.com\/es\/wp-json\/wp\/v2\/pages\/2033","targetHints":{"allow":["GET"]}}],"collection":[{"href":"https:\/\/www.gigapa.com\/es\/wp-json\/wp\/v2\/pages"}],"about":[{"href":"https:\/\/www.gigapa.com\/es\/wp-json\/wp\/v2\/types\/page"}],"author":[{"embeddable":true,"href":"https:\/\/www.gigapa.com\/es\/wp-json\/wp\/v2\/users\/1"}],"replies":[{"embeddable":true,"href":"https:\/\/www.gigapa.com\/es\/wp-json\/wp\/v2\/comments?post=2033"}],"version-history":[{"count":52,"href":"https:\/\/www.gigapa.com\/es\/wp-json\/wp\/v2\/pages\/2033\/revisions"}],"predecessor-version":[{"id":2684,"href":"https:\/\/www.gigapa.com\/es\/wp-json\/wp\/v2\/pages\/2033\/revisions\/2684"}],"wp:attachment":[{"href":"https:\/\/www.gigapa.com\/es\/wp-json\/wp\/v2\/media?parent=2033"}],"curies":[{"name":"wp","href":"https:\/\/api.w.org\/{rel}","templated":true}]}}