{"id":2034,"date":"2025-06-17T15:40:28","date_gmt":"2025-06-17T07:40:28","guid":{"rendered":"https:\/\/www.gigapa.com\/?page_id=2034"},"modified":"2025-07-07T15:33:32","modified_gmt":"2025-07-07T07:33:32","slug":"gts-e-dual-shaft-shredder","status":"publish","type":"page","link":"https:\/\/www.gigapa.com\/es\/gts-e-dual-shaft-shredder\/","title":{"rendered":"\u3010Powerful Momentum, Efficient Output\u3011 - Trituradora de doble eje GTS-E"},"content":{"rendered":"<div data-elementor-type=\"wp-page\" data-elementor-id=\"2034\" class=\"elementor elementor-2034\" data-elementor-post-type=\"page\">\n\t\t\t\t<div class=\"elementor-element elementor-element-f4ffe10 e-flex e-con-boxed e-con e-parent\" data-id=\"f4ffe10\" data-element_type=\"container\" data-e-type=\"container\">\n\t\t\t\t\t<div class=\"e-con-inner\">\n\t\t\t\t<div class=\"elementor-element elementor-element-c199ab4 elementor-widget elementor-widget-heading\" data-id=\"c199ab4\" data-element_type=\"widget\" data-e-type=\"widget\" data-widget_type=\"heading.default\">\n\t\t\t\t<div class=\"elementor-widget-container\">\n\t\t\t\t\t<h1 class=\"elementor-heading-title elementor-size-default\">\u3010Powerful Momentum, Efficient Output\u3011- Trituradora de doble eje GTS-E<\/h1>\t\t\t\t<\/div>\n\t\t\t\t<\/div>\n\t\t\t\t<div class=\"elementor-element elementor-element-09e8edd elementor-widget elementor-widget-woocommerce-breadcrumb\" data-id=\"09e8edd\" data-element_type=\"widget\" data-e-type=\"widget\" data-widget_type=\"woocommerce-breadcrumb.default\">\n\t\t\t\t<div class=\"elementor-widget-container\">\n\t\t\t\t\t<nav class=\"woocommerce-breadcrumb\" aria-label=\"Breadcrumb\" data-no-translation=\"\" data-trp-gettext=\"\">Inicio<\/nav>\t\t\t\t<\/div>\n\t\t\t\t<\/div>\n\t\t\t\t<div class=\"elementor-element elementor-element-9bcabc6 elementor-widget elementor-widget-text-editor\" data-id=\"9bcabc6\" data-element_type=\"widget\" data-e-type=\"widget\" data-widget_type=\"text-editor.default\">\n\t\t\t\t<div class=\"elementor-widget-container\">\n\t\t\t\t\t\t\t\t\t<p><strong><b>Nombre del proyecto: <\/b><\/strong>Trituraci\u00f3n y eliminaci\u00f3n de residuos m\u00e9dicos en Tianjin<br \/><strong><b>Cliente:<\/b><\/strong>\u00a0Empresa de eliminaci\u00f3n de residuos m\u00e9dicos en Tianjin<br \/><strong><b>Ubicaci\u00f3n: <\/b><\/strong>Tianjin, China<\/p><h2><strong><b>Antecedentes del proyecto:<\/b><\/strong><\/h2><p>La pandemia ha provocado la generaci\u00f3n de una gran cantidad de residuos m\u00e9dicos cargados de virus, siendo el sistema sanitario el que produce el mayor volumen y se enfrenta a la demanda m\u00e1s urgente. Si bien el uso en primera l\u00ednea es fundamental, la eliminaci\u00f3n a tiempo de los residuos es igualmente esencial para evitar la propagaci\u00f3n de virus. La trituradora de doble eje de alto rendimiento se utiliza para triturar art\u00edculos como jeringuillas, trajes de protecci\u00f3n, gafas y guantes m\u00e9dicos. Los residuos m\u00e9dicos de pl\u00e1stico, como las jeringuillas, pueden triturarse a\u00fan m\u00e1s en peque\u00f1as part\u00edculas (asegur\u00e1ndose de que el equipo est\u00e9 sellado para evitar la dispersi\u00f3n de aerosoles). Los fragmentos de pl\u00e1stico completamente desinfectados (por ejemplo, polipropileno PP, polietileno PE) pueden entregarse a empresas autorizadas de reciclaje de residuos m\u00e9dicos para su fusi\u00f3n y regeneraci\u00f3n, reutiliz\u00e1ndolos para usos no m\u00e9dicos (como macetas o tableros de pl\u00e1stico). Las agujas deben recogerse por separado, destruy\u00e9ndose los pat\u00f3genos mediante fundici\u00f3n a alta temperatura (\u22651200\u00b0C) antes de la recuperaci\u00f3n del metal. Los residuos restantes se env\u00edan a plantas de incineraci\u00f3n de residuos m\u00e9dicos para su tratamiento.<\/p><p><img fetchpriority=\"high\" decoding=\"async\" class=\"aligncenter wp-image-2038\" src=\"https:\/\/www.gigapa.com\/wp-content\/uploads\/2025\/06\/\u56fe\u72471.png\" alt=\"\" width=\"800\" height=\"534\" srcset=\"https:\/\/www.gigapa.com\/wp-content\/uploads\/2025\/06\/\u56fe\u72471.png 1003w, https:\/\/www.gigapa.com\/wp-content\/uploads\/2025\/06\/\u56fe\u72471-300x200.png 300w, https:\/\/www.gigapa.com\/wp-content\/uploads\/2025\/06\/\u56fe\u72471-768x512.png 768w, https:\/\/www.gigapa.com\/wp-content\/uploads\/2025\/06\/\u56fe\u72471-18x12.png 18w, https:\/\/www.gigapa.com\/wp-content\/uploads\/2025\/06\/\u56fe\u72471-600x400.png 600w\" sizes=\"(max-width: 800px) 100vw, 800px\" \/><\/p><p><img decoding=\"async\" class=\"aligncenter wp-image-2039\" src=\"https:\/\/www.gigapa.com\/wp-content\/uploads\/2025\/06\/\u56fe\u72472.png\" alt=\"\" width=\"800\" height=\"533\" srcset=\"https:\/\/www.gigapa.com\/wp-content\/uploads\/2025\/06\/\u56fe\u72472.png 1017w, https:\/\/www.gigapa.com\/wp-content\/uploads\/2025\/06\/\u56fe\u72472-300x200.png 300w, https:\/\/www.gigapa.com\/wp-content\/uploads\/2025\/06\/\u56fe\u72472-768x512.png 768w, https:\/\/www.gigapa.com\/wp-content\/uploads\/2025\/06\/\u56fe\u72472-18x12.png 18w, https:\/\/www.gigapa.com\/wp-content\/uploads\/2025\/06\/\u56fe\u72472-600x400.png 600w\" sizes=\"(max-width: 800px) 100vw, 800px\" \/><\/p><h2><strong><b>Requisitos del cliente:<\/b><\/strong><\/h2><p>Se requiere un procesamiento urgente con un gran rendimiento diario para evitar la acumulaci\u00f3n que podr\u00eda provocar la propagaci\u00f3n de virus y riesgos para la seguridad. Se necesita un sistema de trituraci\u00f3n cerrado para evitar la liberaci\u00f3n de aerosoles durante la trituraci\u00f3n. El material debe triturarse lo m\u00e1s finamente posible para que la incineraci\u00f3n sea m\u00e1s eficaz y el tiempo de combusti\u00f3n menor.Trituraci\u00f3n de una sola pasada -sin ciclos m\u00faltiples de trituraci\u00f3n- para ahorrar tiempo y conseguir resultados \u00f3ptimos en un solo paso. La automatizaci\u00f3n y los sistemas inteligentes son esenciales para minimizar el contacto humano durante la pandemia.<\/p><h2><strong><b>Soluci\u00f3n:<\/b><\/strong><\/h2><p>Nuestro equipo t\u00e9cnico respondi\u00f3 r\u00e1pidamente a los requisitos y desarroll\u00f3 una soluci\u00f3n eficaz y racional utilizando el <a href=\"https:\/\/www.gigapa.com\/es\/product\/double-shaft-shredders\/\">Trituradora de doble eje GTS-E<\/a>\u00a0con: Espacio de trabajo cerrado a medida Sistema de control automatizado inteligente con PLC Siemens, componentes Schneider Electric y programas de control inteligentes Funcionamiento estable con controles f\u00e1ciles de usar y de aprender<\/p><p>Durante una pandemia de escasez de personal, el sistema permite el manejo seguro del equipo incluso a trabajadores con una formaci\u00f3n m\u00ednima o niveles educativos inferiores mediante una formaci\u00f3n de corta duraci\u00f3n. Las cuchillas especialmente dise\u00f1adas proporcionan la m\u00e1xima eficacia: Cuchillas de acero importado de alta aleaci\u00f3n que combinan dureza y tenacidad Cuchillas reparables con perfil de dientes optimizado para una trituraci\u00f3n m\u00e1s eficaz Conexi\u00f3n directa del motor a la caja de cambios y de la caja de cambios al eje de la cortadora que garantiza una transmisi\u00f3n suave y una alta eficiencia.<\/p><p><div style=\"width: 1620px;\" class=\"wp-video\"><!--[if lt IE 9]><script>document.createElement('video');<\/script><![endif]-->\n<video class=\"wp-video-shortcode\" id=\"video-2034-1\" width=\"1620\" height=\"1080\" preload=\"auto\" controls=\"controls\"><source type=\"video\/mp4\" src=\"https:\/\/www.gigapa.com\/wp-content\/uploads\/2025\/06\/\u533b\u7597\u5783\u573e\u7834\u788e.mp4?_=1\" \/><a href=\"https:\/\/www.gigapa.com\/wp-content\/uploads\/2025\/06\/\u533b\u7597\u5783\u573e\u7834\u788e.mp4\">https:\/\/www.gigapa.com\/wp-content\/uploads\/2025\/06\/\u533b\u7597\u5783\u573e\u7834\u788e.mp4<\/a><\/video><\/div><\/p><p><img decoding=\"async\" class=\"wp-image-524 size-full aligncenter\" src=\"https:\/\/www.gigapa.com\/wp-content\/uploads\/2025\/02\/\u56fe\u72479-6.png\" alt=\"Trituradoras de doble eje\" width=\"500\" height=\"253\" srcset=\"https:\/\/www.gigapa.com\/wp-content\/uploads\/2025\/02\/\u56fe\u72479-6.png 500w, https:\/\/www.gigapa.com\/wp-content\/uploads\/2025\/02\/\u56fe\u72479-6-300x152.png 300w\" sizes=\"(max-width: 500px) 100vw, 500px\" \/><\/p><p><img loading=\"lazy\" decoding=\"async\" class=\"wp-image-990 aligncenter\" src=\"https:\/\/www.gigapa.com\/wp-content\/uploads\/2025\/05\/\u533b\u7597\u5783\u573e5.jpg\" alt=\"Trituradoras de doble eje\" width=\"800\" height=\"502\" srcset=\"https:\/\/www.gigapa.com\/wp-content\/uploads\/2025\/05\/\u533b\u7597\u5783\u573e5.jpg 1034w, https:\/\/www.gigapa.com\/wp-content\/uploads\/2025\/05\/\u533b\u7597\u5783\u573e5-300x188.jpg 300w, https:\/\/www.gigapa.com\/wp-content\/uploads\/2025\/05\/\u533b\u7597\u5783\u573e5-1024x643.jpg 1024w, https:\/\/www.gigapa.com\/wp-content\/uploads\/2025\/05\/\u533b\u7597\u5783\u573e5-768x482.jpg 768w, https:\/\/www.gigapa.com\/wp-content\/uploads\/2025\/05\/\u533b\u7597\u5783\u573e5-600x377.jpg 600w\" sizes=\"(max-width: 800px) 100vw, 800px\" \/><\/p><p>GIGAPA se compromete a dar prioridad a los clientes. Basamos nuestros servicios y soluciones en satisfacer las necesidades de los clientes y, al mismo tiempo, abordar los problemas sociales, aportando nuestra contribuci\u00f3n a la sociedad. Entendemos a la perfecci\u00f3n los puntos d\u00e9biles y las preocupaciones de nuestros clientes y les ofrecemos soluciones espec\u00edficas para ayudarles a superar sus retos. A lo largo de la ejecuci\u00f3n de los proyectos, mantenemos una comunicaci\u00f3n constante con los clientes, fomentando la confianza mutua y logrando una cooperaci\u00f3n fruct\u00edfera. Juntos, aprovechamos el poder de GIGAPA para establecer puntos de referencia en el sector.<\/p>\t\t\t\t\t\t\t\t<\/div>\n\t\t\t\t<\/div>\n\t\t\t\t\t<\/div>\n\t\t\t\t<\/div>\n\t\t<div class=\"elementor-element elementor-element-5d031fa e-flex e-con-boxed e-con e-parent\" data-id=\"5d031fa\" data-element_type=\"container\" data-e-type=\"container\">\n\t\t\t\t\t<div class=\"e-con-inner\">\n\t\t\t\t<div class=\"elementor-element elementor-element-696a70c elementor-widget elementor-widget-wpforms\" data-id=\"696a70c\" data-element_type=\"widget\" data-e-type=\"widget\" data-widget_type=\"wpforms.default\">\n\t\t\t\t<div class=\"elementor-widget-container\">\n\t\t\t\t\t<style id=\"wpforms-css-vars-elementor-widget-696a70c\">\n\t\t\t\t.elementor-widget-wpforms.elementor-element-696a70c {\n\t\t\t\t--wpforms-field-size-input-height: 43px;\n--wpforms-field-size-input-spacing: 15px;\n--wpforms-field-size-font-size: 16px;\n--wpforms-field-size-line-height: 19px;\n--wpforms-field-size-padding-h: 14px;\n--wpforms-field-size-checkbox-size: 16px;\n--wpforms-field-size-sublabel-spacing: 5px;\n--wpforms-field-size-icon-size: 1;\n--wpforms-label-size-font-size: 16px;\n--wpforms-label-size-line-height: 19px;\n--wpforms-label-size-sublabel-font-size: 14px;\n--wpforms-label-size-sublabel-line-height: 17px;\n--wpforms-button-size-font-size: 17px;\n--wpforms-button-size-height: 41px;\n--wpforms-button-size-padding-h: 15px;\n--wpforms-button-size-margin-top: 10px;\n\n\t\t\t}\n\t\t\t<\/style><div class=\"wpforms-container wpforms-container-full wpforms-render-modern\" id=\"wpforms-992\"><form id=\"wpforms-form-992\" class=\"wpforms-validate wpforms-form wpforms-ajax-form\" data-formid=\"992\" method=\"post\" enctype=\"multipart\/form-data\" action=\"\/es\/wp-json\/wp\/v2\/pages\/2034\" data-token=\"e222e14b642e66d528c567c6e9f9d64d\" data-token-time=\"1778856596\" data-trp-original-action=\"\/es\/wp-json\/wp\/v2\/pages\/2034\"><noscript class=\"wpforms-error-noscript\">Por favor, active JavaScript en su navegador para completar este formulario.<\/noscript><div class=\"wpforms-hidden\" id=\"wpforms-error-noscript\">Por favor, active JavaScript en su navegador para completar este formulario.<\/div><div class=\"wpforms-field-container\"><div id=\"wpforms-992-field_6-container\" class=\"wpforms-field wpforms-field-text\" data-field-id=\"6\"><label class=\"wpforms-field-label\" for=\"wpforms-992-field_6\">Nombre<\/label><input type=\"text\" id=\"wpforms-992-field_6\" class=\"wpforms-field-large\" name=\"wpforms[fields][6]\" aria-errormessage=\"wpforms-992-field_6-error\" ><\/div><div id=\"wpforms-992-field_4-container\" class=\"wpforms-field wpforms-field-email\" data-field-id=\"4\"><label class=\"wpforms-field-label\" for=\"wpforms-992-field_4\">Correo electr\u00f3nico <span class=\"wpforms-required-label\" aria-hidden=\"true\">*<\/span><\/label><input type=\"email\" id=\"wpforms-992-field_4\" class=\"wpforms-field-large wpforms-field-required\" name=\"wpforms[fields][4]\" spellcheck=\"false\" aria-errormessage=\"wpforms-992-field_4-error\" required><\/div><div id=\"wpforms-992-field_2-container\" class=\"wpforms-field wpforms-field-text\" data-field-id=\"2\"><label class=\"wpforms-field-label\" for=\"wpforms-992-field_2\">Tel\u00e9fono <span class=\"wpforms-required-label\" aria-hidden=\"true\">*<\/span><\/label><input type=\"text\" id=\"wpforms-992-field_2\" class=\"wpforms-field-large wpforms-field-required\" name=\"wpforms[fields][2]\" aria-errormessage=\"wpforms-992-field_2-error\" required><\/div><div id=\"wpforms-992-field_5-container\" class=\"wpforms-field wpforms-field-textarea\" data-field-id=\"5\"><label class=\"wpforms-field-label\" for=\"wpforms-992-field_5\">Mensaje <span class=\"wpforms-required-label\" aria-hidden=\"true\">*<\/span><\/label><textarea id=\"wpforms-992-field_5\" class=\"wpforms-field-medium wpforms-field-required\" name=\"wpforms[fields][5]\" aria-errormessage=\"wpforms-992-field_5-error\" required><\/textarea><\/div><div id=\"wpforms-992-field_10-container\" class=\"wpforms-field wpforms-field-text hide-page-url\" data-field-id=\"10\"><label class=\"wpforms-field-label\" for=\"wpforms-992-field_10\">P\u00e1gina de presentaci\u00f3n<\/label><input type=\"text\" id=\"wpforms-992-field_10\" class=\"wpforms-field-large\" name=\"wpforms[fields][10]\" value=\"https:\/\/www.gigapa.com\/es\/wp-json\/wp\/v2\/pages\/2034\" aria-errormessage=\"wpforms-992-field_10-error\" ><\/div><div id=\"wpforms-992-field_11-container\" class=\"wpforms-field wpforms-field-text hidden-ip\" data-field-id=\"11\"><label class=\"wpforms-field-label\" for=\"wpforms-992-field_11\">IP del cliente<\/label><input type=\"text\" id=\"wpforms-992-field_11\" class=\"wpforms-field-large\" name=\"wpforms[fields][11]\" value=\"216.73.217.73\" aria-errormessage=\"wpforms-992-field_11-error\" ><\/div><\/div><!-- .wpforms-field-container --><div class=\"wpforms-recaptcha-container wpforms-is-recaptcha wpforms-is-recaptcha-type-invisible\" ><div class=\"g-recaptcha\" data-sitekey=\"6LdEtWsrAAAAAEmzxiBRi6AAl-KXXavWAmEJdn-a\" data-size=\"invisible\"><\/div><\/div><div class=\"wpforms-submit-container\" ><input type=\"hidden\" name=\"wpforms[id]\" value=\"992\"><input type=\"hidden\" name=\"page_title\" value=\"\"><input type=\"hidden\" name=\"page_url\" value=\"https:\/\/www.gigapa.com\/es\/wp-json\/wp\/v2\/pages\/2034\"><button type=\"submit\" name=\"wpforms[submit]\" id=\"wpforms-submit-992\" class=\"wpforms-submit\" data-alt-text=\"Sending...\" data-submit-text=\"Get Free Quote\" aria-live=\"assertive\" value=\"wpforms-submit\">Obtener presupuesto gratuito<\/button><img loading=\"lazy\" decoding=\"async\" src=\"https:\/\/www.gigapa.com\/wp-content\/plugins\/wpforms\/assets\/images\/submit-spin.svg\" class=\"wpforms-submit-spinner\" style=\"display: none;\" width=\"26\" height=\"26\" alt=\"Cargando\"><\/div><input type=\"hidden\" name=\"trp-form-language\" value=\"es\"\/><\/form><\/div>  <!-- .wpforms-container -->\t\t\t\t<\/div>\n\t\t\t\t<\/div>\n\t\t\t\t\t<\/div>\n\t\t\t\t<\/div>\n\t\t\t\t<\/div>","protected":false},"excerpt":{"rendered":"<p>\u3010Powerful Momentum, Efficient Output\u3011- GTS-E Dual-Shaft Shredder Nombre del proyecto: Trituraci\u00f3n y eliminaci\u00f3n de residuos m\u00e9dicos en TianjinCliente: Una empresa de eliminaci\u00f3n de residuos m\u00e9dicos [...]<\/p>","protected":false},"author":1,"featured_media":0,"parent":0,"menu_order":0,"comment_status":"closed","ping_status":"closed","template":"","meta":{"site-sidebar-layout":"no-sidebar","site-content-layout":"","ast-site-content-layout":"full-width-container","site-content-style":"default","site-sidebar-style":"default","ast-global-header-display":"","ast-banner-title-visibility":"","ast-main-header-display":"","ast-hfb-above-header-display":"","ast-hfb-below-header-display":"","ast-hfb-mobile-header-display":"","site-post-title":"disabled","ast-breadcrumbs-content":"","ast-featured-img":"disabled","footer-sml-layout":"","ast-disable-related-posts":"","theme-transparent-header-meta":"default","adv-header-id-meta":"","stick-header-meta":"","header-above-stick-meta":"","header-main-stick-meta":"","header-below-stick-meta":"","astra-migrate-meta-layouts":"set","ast-page-background-enabled":"default","ast-page-background-meta":{"desktop":{"background-color":"var(--ast-global-color-5)","background-image":"","background-repeat":"repeat","background-position":"center center","background-size":"auto","background-attachment":"scroll","background-type":"","background-media":"","overlay-type":"","overlay-color":"","overlay-opacity":"","overlay-gradient":""},"tablet":{"background-color":"","background-image":"","background-repeat":"repeat","background-position":"center center","background-size":"auto","background-attachment":"scroll","background-type":"","background-media":"","overlay-type":"","overlay-color":"","overlay-opacity":"","overlay-gradient":""},"mobile":{"background-color":"","background-image":"","background-repeat":"repeat","background-position":"center center","background-size":"auto","background-attachment":"scroll","background-type":"","background-media":"","overlay-type":"","overlay-color":"","overlay-opacity":"","overlay-gradient":""}},"ast-content-background-meta":{"desktop":{"background-color":"var(--ast-global-color-4)","background-image":"","background-repeat":"repeat","background-position":"center center","background-size":"auto","background-attachment":"scroll","background-type":"","background-media":"","overlay-type":"","overlay-color":"","overlay-opacity":"","overlay-gradient":""},"tablet":{"background-color":"var(--ast-global-color-4)","background-image":"","background-repeat":"repeat","background-position":"center center","background-size":"auto","background-attachment":"scroll","background-type":"","background-media":"","overlay-type":"","overlay-color":"","overlay-opacity":"","overlay-gradient":""},"mobile":{"background-color":"var(--ast-global-color-4)","background-image":"","background-repeat":"repeat","background-position":"center center","background-size":"auto","background-attachment":"scroll","background-type":"","background-media":"","overlay-type":"","overlay-color":"","overlay-opacity":"","overlay-gradient":""}},"footnotes":""},"class_list":["post-2034","page","type-page","status-publish","hentry"],"_hostinger_reach_plugin_has_subscription_block":false,"_hostinger_reach_plugin_is_elementor":false,"_links":{"self":[{"href":"https:\/\/www.gigapa.com\/es\/wp-json\/wp\/v2\/pages\/2034","targetHints":{"allow":["GET"]}}],"collection":[{"href":"https:\/\/www.gigapa.com\/es\/wp-json\/wp\/v2\/pages"}],"about":[{"href":"https:\/\/www.gigapa.com\/es\/wp-json\/wp\/v2\/types\/page"}],"author":[{"embeddable":true,"href":"https:\/\/www.gigapa.com\/es\/wp-json\/wp\/v2\/users\/1"}],"replies":[{"embeddable":true,"href":"https:\/\/www.gigapa.com\/es\/wp-json\/wp\/v2\/comments?post=2034"}],"version-history":[{"count":21,"href":"https:\/\/www.gigapa.com\/es\/wp-json\/wp\/v2\/pages\/2034\/revisions"}],"predecessor-version":[{"id":2342,"href":"https:\/\/www.gigapa.com\/es\/wp-json\/wp\/v2\/pages\/2034\/revisions\/2342"}],"wp:attachment":[{"href":"https:\/\/www.gigapa.com\/es\/wp-json\/wp\/v2\/media?parent=2034"}],"curies":[{"name":"wp","href":"https:\/\/api.w.org\/{rel}","templated":true}]}}