{"id":2193,"date":"2025-06-25T08:45:01","date_gmt":"2025-06-25T00:45:01","guid":{"rendered":"https:\/\/www.gigapa.com\/?page_id=2193"},"modified":"2025-06-25T11:48:20","modified_gmt":"2025-06-25T03:48:20","slug":"intelligent-control-minimal-maintenance-continuous-metal-baler-for-profit-and-efficiency-win-win-gfb-c-metal-baler","status":"publish","type":"page","link":"https:\/\/www.gigapa.com\/es\/intelligent-control-minimal-maintenance-continuous-metal-baler-for-profit-and-efficiency-win-win-gfb-c-metal-baler\/","title":{"rendered":"\u3010Control inteligente, mantenimiento m\u00ednimo: empacadora de metales continua para obtener beneficios y eficiencia \u00a1Win-Win!\u3011 - Empacadora de metales GFB-C"},"content":{"rendered":"<div data-elementor-type=\"wp-page\" data-elementor-id=\"2193\" class=\"elementor elementor-2193\" data-elementor-post-type=\"page\">\n\t\t\t\t<div class=\"elementor-element elementor-element-a39659c e-flex e-con-boxed e-con e-parent\" data-id=\"a39659c\" data-element_type=\"container\" data-e-type=\"container\">\n\t\t\t\t\t<div class=\"e-con-inner\">\n\t\t<div class=\"elementor-element elementor-element-7ff47c5 e-con-full e-flex e-con e-child\" data-id=\"7ff47c5\" data-element_type=\"container\" data-e-type=\"container\">\n\t\t\t\t<div class=\"elementor-element elementor-element-bd05d06 elementor-widget elementor-widget-heading\" data-id=\"bd05d06\" data-element_type=\"widget\" data-e-type=\"widget\" data-widget_type=\"heading.default\">\n\t\t\t\t<div class=\"elementor-widget-container\">\n\t\t\t\t\t<h1 class=\"elementor-heading-title elementor-size-default\">\u3010Control inteligente, mantenimiento m\u00ednimo: empacadora de metales continua para obtener beneficios y eficiencia \u00a1Win-Win!\u3011 - Empacadora de metales GFB-C<\/h1>\t\t\t\t<\/div>\n\t\t\t\t<\/div>\n\t\t\t\t<div class=\"elementor-element elementor-element-f9ae4a7 elementor-widget elementor-widget-woocommerce-breadcrumb\" data-id=\"f9ae4a7\" data-element_type=\"widget\" data-e-type=\"widget\" data-widget_type=\"woocommerce-breadcrumb.default\">\n\t\t\t\t<div class=\"elementor-widget-container\">\n\t\t\t\t\t<nav class=\"woocommerce-breadcrumb\" aria-label=\"Breadcrumb\" data-no-translation=\"\" data-trp-gettext=\"\">Inicio<\/nav>\t\t\t\t<\/div>\n\t\t\t\t<\/div>\n\t\t\t\t<div class=\"elementor-element elementor-element-8cdc039 elementor-widget elementor-widget-text-editor\" data-id=\"8cdc039\" data-element_type=\"widget\" data-e-type=\"widget\" data-widget_type=\"text-editor.default\">\n\t\t\t\t<div class=\"elementor-widget-container\">\n\t\t\t\t\t\t\t\t\t<p><strong><b>Nombre del proyecto: <\/b><\/strong>Compactaci\u00f3n de chatarra de aluminio en M\u00e9xico<br><strong><b>Nombre del cliente: <\/b><\/strong>Una empresa mexicana de reciclaje de chatarra<br><strong><b>Ubicaci\u00f3n del proyecto: <\/b><\/strong>M\u00e9xico<\/p>\n<h2><strong><b>Antecedentes del proyecto:<\/b><\/strong><\/h2>\n<p>El cliente es un procesador de recursos de reciclaje, siendo el aluminio una de sus principales categor\u00edas de reciclaje. La acumulaci\u00f3n de diversos desechos de aluminio ocupa un espacio considerable y complica la log\u00edstica, por lo que es necesario embalarlos para aumentar la densidad y reducir los costes de transporte.<\/p>\n<p><img fetchpriority=\"high\" decoding=\"async\" class=\"alignnone wp-image-2194 size-full\" src=\"https:\/\/www.gigapa.com\/wp-content\/uploads\/2025\/06\/Aluminum-Scrap-Compaction-in-Mexico.png\" alt=\"\" width=\"500\" height=\"667\" srcset=\"https:\/\/www.gigapa.com\/wp-content\/uploads\/2025\/06\/Aluminum-Scrap-Compaction-in-Mexico.png 500w, https:\/\/www.gigapa.com\/wp-content\/uploads\/2025\/06\/Aluminum-Scrap-Compaction-in-Mexico-225x300.png 225w, https:\/\/www.gigapa.com\/wp-content\/uploads\/2025\/06\/Aluminum-Scrap-Compaction-in-Mexico-9x12.png 9w\" sizes=\"(max-width: 500px) 100vw, 500px\" \/> <img decoding=\"async\" class=\"alignnone wp-image-2195\" src=\"https:\/\/www.gigapa.com\/wp-content\/uploads\/2025\/06\/Aluminum-Scrap-Compaction-in-Mexico2.png\" alt=\"\" width=\"587\" height=\"667\" srcset=\"https:\/\/www.gigapa.com\/wp-content\/uploads\/2025\/06\/Aluminum-Scrap-Compaction-in-Mexico2.png 559w, https:\/\/www.gigapa.com\/wp-content\/uploads\/2025\/06\/Aluminum-Scrap-Compaction-in-Mexico2-264x300.png 264w, https:\/\/www.gigapa.com\/wp-content\/uploads\/2025\/06\/Aluminum-Scrap-Compaction-in-Mexico2-11x12.png 11w\" sizes=\"(max-width: 587px) 100vw, 587px\" \/><\/p>\n<h2><strong><b>Requisitos del cliente:<\/b><\/strong><\/h2>\n<p>El equipo debe manipular varios tipos de chatarra de aluminio, produciendo balas bien compactadas y resistentes a la rotura. Requiere un funcionamiento totalmente automatizado, sistemas hidr\u00e1ulicos y el\u00e9ctricos fiables y cilindros hidr\u00e1ulicos que no presenten fugas bajo alta presi\u00f3n. Tras un uso prolongado, no debe presentar deformaciones ni abombamientos permanentes.<\/p>\n<h2><strong><b>Soluci\u00f3n:<\/b><\/strong><\/h2>\n<p>Tras recibir los requisitos del cliente, nuestro equipo t\u00e9cnico respondi\u00f3 r\u00e1pidamente con una soluci\u00f3n eficaz y racional: el&nbsp;<a href=\"https:\/\/www.gigapa.com\/es\/product\/continuous-metal-baling-machines\/\">Prensa continua de metales GFB-C<\/a>. Con un sistema de control inteligente y automatizado con PLC de Siemens, componentes de Schneider Electric y programaci\u00f3n de control inteligente, garantiza un funcionamiento estable y una manipulaci\u00f3n f\u00e1cil y segura para los trabajadores. Los ajustes de presi\u00f3n se optimizan para el material, maximizando la eficiencia.<\/p>\n<p><img decoding=\"async\" class=\"wp-image-1733 aligncenter\" src=\"https:\/\/www.gigapa.com\/wp-content\/uploads\/2025\/05\/\u56fe2.png\" alt=\"Empacadoras continuas de metales\" width=\"1000\" height=\"1000\" srcset=\"https:\/\/www.gigapa.com\/wp-content\/uploads\/2025\/05\/\u56fe2.png 2672w, https:\/\/www.gigapa.com\/wp-content\/uploads\/2025\/05\/\u56fe2-300x300.png 300w, https:\/\/www.gigapa.com\/wp-content\/uploads\/2025\/05\/\u56fe2-1024x1024.png 1024w, https:\/\/www.gigapa.com\/wp-content\/uploads\/2025\/05\/\u56fe2-150x150.png 150w, https:\/\/www.gigapa.com\/wp-content\/uploads\/2025\/05\/\u56fe2-768x768.png 768w, https:\/\/www.gigapa.com\/wp-content\/uploads\/2025\/05\/\u56fe2-1536x1536.png 1536w, https:\/\/www.gigapa.com\/wp-content\/uploads\/2025\/05\/\u56fe2-2048x2048.png 2048w, https:\/\/www.gigapa.com\/wp-content\/uploads\/2025\/05\/\u56fe2-12x12.png 12w, https:\/\/www.gigapa.com\/wp-content\/uploads\/2025\/05\/\u56fe2-600x600.png 600w, https:\/\/www.gigapa.com\/wp-content\/uploads\/2025\/05\/\u56fe2-100x100.png 100w\" sizes=\"(max-width: 1000px) 100vw, 1000px\" \/><\/p>\n<p>Los cilindros hidr\u00e1ulicos est\u00e1ndar de GIGAPA se construyen con tubos de acero sin soldadura de paredes gruesas de alto factor de seguridad o con forja integral, lo que proporciona un rendimiento estable y una compresi\u00f3n potente, \u00a1estableciendo un nuevo est\u00e1ndar de densidad en la industria!<\/p>\n<p>GIGAPA se compromete a dar prioridad a los clientes. Basamos nuestros servicios y soluciones en satisfacer las necesidades de los clientes y, al mismo tiempo, abordar los problemas sociales, aportando nuestra contribuci\u00f3n a la sociedad. Comprendiendo a fondo los puntos d\u00e9biles y las preocupaciones de nuestros clientes, proporcionamos soluciones espec\u00edficas para ayudarles a superar los retos. A lo largo de la ejecuci\u00f3n de los proyectos, mantenemos una comunicaci\u00f3n constante con los clientes, fomentando la confianza mutua y logrando una cooperaci\u00f3n fruct\u00edfera. Juntos, aprovechamos el poder de GIGAPA para establecer puntos de referencia en el sector.<\/p>\t\t\t\t\t\t\t\t<\/div>\n\t\t\t\t<\/div>\n\t\t\t\t<\/div>\n\t\t\t\t\t<\/div>\n\t\t\t\t<\/div>\n\t\t\t\t<\/div>","protected":false},"excerpt":{"rendered":"<p>\u3010Control Inteligente, Mantenimiento M\u00ednimo - Prensa compactadora de metales continua para ganancias y eficiencia Win-Win!\u3011 - Prensa compactadora de metales GFB-C Nombre del proyecto: Aluminio [...]<\/p>","protected":false},"author":1,"featured_media":0,"parent":0,"menu_order":0,"comment_status":"closed","ping_status":"closed","template":"","meta":{"site-sidebar-layout":"no-sidebar","site-content-layout":"","ast-site-content-layout":"full-width-container","site-content-style":"default","site-sidebar-style":"default","ast-global-header-display":"","ast-banner-title-visibility":"","ast-main-header-display":"","ast-hfb-above-header-display":"","ast-hfb-below-header-display":"","ast-hfb-mobile-header-display":"","site-post-title":"disabled","ast-breadcrumbs-content":"","ast-featured-img":"disabled","footer-sml-layout":"","ast-disable-related-posts":"","theme-transparent-header-meta":"default","adv-header-id-meta":"","stick-header-meta":"","header-above-stick-meta":"","header-main-stick-meta":"","header-below-stick-meta":"","astra-migrate-meta-layouts":"set","ast-page-background-enabled":"default","ast-page-background-meta":{"desktop":{"background-color":"var(--ast-global-color-5)","background-image":"","background-repeat":"repeat","background-position":"center center","background-size":"auto","background-attachment":"scroll","background-type":"","background-media":"","overlay-type":"","overlay-color":"","overlay-opacity":"","overlay-gradient":""},"tablet":{"background-color":"","background-image":"","background-repeat":"repeat","background-position":"center center","background-size":"auto","background-attachment":"scroll","background-type":"","background-media":"","overlay-type":"","overlay-color":"","overlay-opacity":"","overlay-gradient":""},"mobile":{"background-color":"","background-image":"","background-repeat":"repeat","background-position":"center center","background-size":"auto","background-attachment":"scroll","background-type":"","background-media":"","overlay-type":"","overlay-color":"","overlay-opacity":"","overlay-gradient":""}},"ast-content-background-meta":{"desktop":{"background-color":"var(--ast-global-color-4)","background-image":"","background-repeat":"repeat","background-position":"center center","background-size":"auto","background-attachment":"scroll","background-type":"","background-media":"","overlay-type":"","overlay-color":"","overlay-opacity":"","overlay-gradient":""},"tablet":{"background-color":"var(--ast-global-color-4)","background-image":"","background-repeat":"repeat","background-position":"center center","background-size":"auto","background-attachment":"scroll","background-type":"","background-media":"","overlay-type":"","overlay-color":"","overlay-opacity":"","overlay-gradient":""},"mobile":{"background-color":"var(--ast-global-color-4)","background-image":"","background-repeat":"repeat","background-position":"center center","background-size":"auto","background-attachment":"scroll","background-type":"","background-media":"","overlay-type":"","overlay-color":"","overlay-opacity":"","overlay-gradient":""}},"footnotes":""},"class_list":["post-2193","page","type-page","status-publish","hentry"],"_hostinger_reach_plugin_has_subscription_block":false,"_hostinger_reach_plugin_is_elementor":false,"_links":{"self":[{"href":"https:\/\/www.gigapa.com\/es\/wp-json\/wp\/v2\/pages\/2193","targetHints":{"allow":["GET"]}}],"collection":[{"href":"https:\/\/www.gigapa.com\/es\/wp-json\/wp\/v2\/pages"}],"about":[{"href":"https:\/\/www.gigapa.com\/es\/wp-json\/wp\/v2\/types\/page"}],"author":[{"embeddable":true,"href":"https:\/\/www.gigapa.com\/es\/wp-json\/wp\/v2\/users\/1"}],"replies":[{"embeddable":true,"href":"https:\/\/www.gigapa.com\/es\/wp-json\/wp\/v2\/comments?post=2193"}],"version-history":[{"count":14,"href":"https:\/\/www.gigapa.com\/es\/wp-json\/wp\/v2\/pages\/2193\/revisions"}],"predecessor-version":[{"id":2285,"href":"https:\/\/www.gigapa.com\/es\/wp-json\/wp\/v2\/pages\/2193\/revisions\/2285"}],"wp:attachment":[{"href":"https:\/\/www.gigapa.com\/es\/wp-json\/wp\/v2\/media?parent=2193"}],"curies":[{"name":"wp","href":"https:\/\/api.w.org\/{rel}","templated":true}]}}