{"id":2216,"date":"2025-06-25T09:08:33","date_gmt":"2025-06-25T01:08:33","guid":{"rendered":"https:\/\/www.gigapa.com\/?page_id=2216"},"modified":"2025-06-25T11:45:17","modified_gmt":"2025-06-25T03:45:17","slug":"gbb-h-bagging-baler","status":"publish","type":"page","link":"https:\/\/www.gigapa.com\/es\/gbb-h-bagging-baler\/","title":{"rendered":"\u3010Compresi\u00f3n con un solo bot\u00f3n, embolsado f\u00e1cil - \u00a1Ahorra tiempo, mano de obra, costes y espacio!\u3011- Empacadora de embolsado GBB-H"},"content":{"rendered":"<div data-elementor-type=\"wp-page\" data-elementor-id=\"2216\" class=\"elementor elementor-2216\" data-elementor-post-type=\"page\">\n\t\t\t\t<div class=\"elementor-element elementor-element-9308275 e-flex e-con-boxed e-con e-parent\" data-id=\"9308275\" data-element_type=\"container\" data-e-type=\"container\">\n\t\t\t\t\t<div class=\"e-con-inner\">\n\t\t<div class=\"elementor-element elementor-element-01ce740 e-con-full e-flex e-con e-child\" data-id=\"01ce740\" data-element_type=\"container\" data-e-type=\"container\">\n\t\t\t\t<div class=\"elementor-element elementor-element-7e19827 elementor-widget elementor-widget-heading\" data-id=\"7e19827\" data-element_type=\"widget\" data-e-type=\"widget\" data-widget_type=\"heading.default\">\n\t\t\t\t<div class=\"elementor-widget-container\">\n\t\t\t\t\t<h1 class=\"elementor-heading-title elementor-size-default\">\u3010Compresi\u00f3n con un solo bot\u00f3n, embolsado f\u00e1cil - \u00a1Ahorra tiempo, mano de obra, costes y espacio!\u3011- Empacadora de embolsado GBB-H<\/h1>\t\t\t\t<\/div>\n\t\t\t\t<\/div>\n\t\t\t\t<div class=\"elementor-element elementor-element-7516821 elementor-widget elementor-widget-woocommerce-breadcrumb\" data-id=\"7516821\" data-element_type=\"widget\" data-e-type=\"widget\" data-widget_type=\"woocommerce-breadcrumb.default\">\n\t\t\t\t<div class=\"elementor-widget-container\">\n\t\t\t\t\t<nav class=\"woocommerce-breadcrumb\" aria-label=\"Breadcrumb\" data-no-translation=\"\" data-trp-gettext=\"\">Inicio<\/nav>\t\t\t\t<\/div>\n\t\t\t\t<\/div>\n\t\t\t\t<div class=\"elementor-element elementor-element-3e08ba6 elementor-widget elementor-widget-text-editor\" data-id=\"3e08ba6\" data-element_type=\"widget\" data-e-type=\"widget\" data-widget_type=\"text-editor.default\">\n\t\t\t\t<div class=\"elementor-widget-container\">\n\t\t\t\t\t\t\t\t\t<p><strong><b>Nombre del proyecto: <\/b><\/strong>Proyecto de empacado de c\u00e1scara de arroz en Jap\u00f3n<br><strong><b>Nombre del cliente: <\/b><\/strong>Una empresa japonesa de procesamiento de arroz<br><strong><b>Ubicaci\u00f3n del proyecto: <\/b><\/strong>Jap\u00f3n<\/p>\n<h2><strong><b>Antecedentes del proyecto:<\/b><\/strong><\/h2>\n<p>El objetivo de la empresa es vender c\u00e1scara de arroz a las empresas transformadoras como materia prima para fertilizantes org\u00e1nicos. El empacado y la compresi\u00f3n de la c\u00e1scara de arroz pueden reducir los costes de transporte y almacenamiento en m\u00e1s de 50%.<\/p>\n<p><img fetchpriority=\"high\" decoding=\"async\" class=\"alignnone wp-image-2199\" src=\"https:\/\/www.gigapa.com\/wp-content\/uploads\/2025\/06\/Rice-Husk-Baling-Project-in-Japan2.png\" alt=\"\" width=\"440\" height=\"600\" srcset=\"https:\/\/www.gigapa.com\/wp-content\/uploads\/2025\/06\/Rice-Husk-Baling-Project-in-Japan2.png 540w, https:\/\/www.gigapa.com\/wp-content\/uploads\/2025\/06\/Rice-Husk-Baling-Project-in-Japan2-220x300.png 220w, https:\/\/www.gigapa.com\/wp-content\/uploads\/2025\/06\/Rice-Husk-Baling-Project-in-Japan2-9x12.png 9w\" sizes=\"(max-width: 440px) 100vw, 440px\" \/> <img decoding=\"async\" class=\"alignnone wp-image-2198 size-full\" src=\"https:\/\/www.gigapa.com\/wp-content\/uploads\/2025\/06\/Rice-Husk-Baling-Project-in-Japan.png\" alt=\"\" width=\"600\" height=\"600\" srcset=\"https:\/\/www.gigapa.com\/wp-content\/uploads\/2025\/06\/Rice-Husk-Baling-Project-in-Japan.png 600w, https:\/\/www.gigapa.com\/wp-content\/uploads\/2025\/06\/Rice-Husk-Baling-Project-in-Japan-300x300.png 300w, https:\/\/www.gigapa.com\/wp-content\/uploads\/2025\/06\/Rice-Husk-Baling-Project-in-Japan-150x150.png 150w, https:\/\/www.gigapa.com\/wp-content\/uploads\/2025\/06\/Rice-Husk-Baling-Project-in-Japan-12x12.png 12w, https:\/\/www.gigapa.com\/wp-content\/uploads\/2025\/06\/Rice-Husk-Baling-Project-in-Japan-100x100.png 100w\" sizes=\"(max-width: 600px) 100vw, 600px\" \/><\/p>\n<h2><strong><b>Requisitos del cliente:<\/b><\/strong><\/h2>\n<ul>\n<li>Capacidad de procesamiento: 1,5T\/hora<\/li>\n<li>Balas apilables y transportables<\/li>\n<li>Sistema de control PLC<\/li>\n<li>Funcionamiento sencillo<\/li>\n<li>Equipado con cinta de alimentaci\u00f3n<\/li>\n<\/ul>\n<h2><strong><b>Soluci\u00f3n:<\/b><\/strong><\/h2>\n<p>En funci\u00f3n de la capacidad de procesamiento requerida por el cliente, las especificaciones clave y los requisitos dimensionales, el&nbsp;<strong><b><a href=\"https:\/\/www.gigapa.com\/es\/product\/bagging-baling-machines\/\">Prensa embaladora hidr\u00e1ulica GBB-H<\/a><\/b><\/strong>&nbsp;y se acopl\u00f3 a un transportador de alimentaci\u00f3n. El sistema cuenta con un control totalmente autom\u00e1tico y un sistema de arranque de un solo toque, lo que garantiza un funcionamiento sencillo y c\u00f3modo para el trabajador.<\/p>\n<p><img decoding=\"async\" class=\"wp-image-2217 size-full aligncenter\" src=\"https:\/\/www.gigapa.com\/wp-content\/uploads\/2025\/06\/Rice-Husk-Baling-Project-in-Japan3.png\" alt=\"\" width=\"351\" height=\"271\" srcset=\"https:\/\/www.gigapa.com\/wp-content\/uploads\/2025\/06\/Rice-Husk-Baling-Project-in-Japan3.png 351w, https:\/\/www.gigapa.com\/wp-content\/uploads\/2025\/06\/Rice-Husk-Baling-Project-in-Japan3-300x232.png 300w, https:\/\/www.gigapa.com\/wp-content\/uploads\/2025\/06\/Rice-Husk-Baling-Project-in-Japan3-16x12.png 16w\" sizes=\"(max-width: 351px) 100vw, 351px\" \/><\/p>\n<p><img loading=\"lazy\" decoding=\"async\" class=\"wp-image-573 aligncenter\" src=\"https:\/\/www.gigapa.com\/wp-content\/uploads\/2025\/03\/\u5957\u888b\u673a.png\" alt=\"Ensacadoras Empacadoras\" width=\"1000\" height=\"1000\" srcset=\"https:\/\/www.gigapa.com\/wp-content\/uploads\/2025\/03\/\u5957\u888b\u673a.png 2000w, https:\/\/www.gigapa.com\/wp-content\/uploads\/2025\/03\/\u5957\u888b\u673a-300x300.png 300w, https:\/\/www.gigapa.com\/wp-content\/uploads\/2025\/03\/\u5957\u888b\u673a-100x100.png 100w, https:\/\/www.gigapa.com\/wp-content\/uploads\/2025\/03\/\u5957\u888b\u673a-600x600.png 600w, https:\/\/www.gigapa.com\/wp-content\/uploads\/2025\/03\/\u5957\u888b\u673a-1024x1024.png 1024w, https:\/\/www.gigapa.com\/wp-content\/uploads\/2025\/03\/\u5957\u888b\u673a-150x150.png 150w, https:\/\/www.gigapa.com\/wp-content\/uploads\/2025\/03\/\u5957\u888b\u673a-768x768.png 768w, https:\/\/www.gigapa.com\/wp-content\/uploads\/2025\/03\/\u5957\u888b\u673a-1536x1536.png 1536w\" sizes=\"(max-width: 1000px) 100vw, 1000px\" \/><\/p>\n<p>GIGAPA se compromete a dar prioridad a los clientes. Basamos nuestros servicios y soluciones en satisfacer las necesidades de los clientes y, al mismo tiempo, abordar los problemas sociales, aportando nuestra contribuci\u00f3n a la sociedad. Comprendiendo a fondo los puntos d\u00e9biles y las preocupaciones de nuestros clientes, proporcionamos soluciones espec\u00edficas para ayudarles a superar los retos. A lo largo de la ejecuci\u00f3n de los proyectos, mantenemos una comunicaci\u00f3n constante con los clientes, fomentando la confianza mutua y logrando una cooperaci\u00f3n fruct\u00edfera. Juntos, aprovechamos el poder de GIGAPA para establecer puntos de referencia en el sector.<\/p>\t\t\t\t\t\t\t\t<\/div>\n\t\t\t\t<\/div>\n\t\t\t\t<\/div>\n\t\t\t\t\t<\/div>\n\t\t\t\t<\/div>\n\t\t\t\t<\/div>","protected":false},"excerpt":{"rendered":"<p>\u3010Compresi\u00f3n con un bot\u00f3n, ensacado f\u00e1cil - \u00a1Ahorra tiempo, mano de obra, costes y espacio!\u3011- Empacadora de ensacado GBB-H Nombre del proyecto: Rice Husk Baling Proyecto [...]<\/p>","protected":false},"author":1,"featured_media":0,"parent":0,"menu_order":0,"comment_status":"closed","ping_status":"closed","template":"","meta":{"site-sidebar-layout":"no-sidebar","site-content-layout":"","ast-site-content-layout":"full-width-container","site-content-style":"default","site-sidebar-style":"default","ast-global-header-display":"","ast-banner-title-visibility":"","ast-main-header-display":"","ast-hfb-above-header-display":"","ast-hfb-below-header-display":"","ast-hfb-mobile-header-display":"","site-post-title":"disabled","ast-breadcrumbs-content":"","ast-featured-img":"disabled","footer-sml-layout":"","ast-disable-related-posts":"","theme-transparent-header-meta":"default","adv-header-id-meta":"","stick-header-meta":"","header-above-stick-meta":"","header-main-stick-meta":"","header-below-stick-meta":"","astra-migrate-meta-layouts":"set","ast-page-background-enabled":"default","ast-page-background-meta":{"desktop":{"background-color":"var(--ast-global-color-5)","background-image":"","background-repeat":"repeat","background-position":"center center","background-size":"auto","background-attachment":"scroll","background-type":"","background-media":"","overlay-type":"","overlay-color":"","overlay-opacity":"","overlay-gradient":""},"tablet":{"background-color":"","background-image":"","background-repeat":"repeat","background-position":"center center","background-size":"auto","background-attachment":"scroll","background-type":"","background-media":"","overlay-type":"","overlay-color":"","overlay-opacity":"","overlay-gradient":""},"mobile":{"background-color":"","background-image":"","background-repeat":"repeat","background-position":"center center","background-size":"auto","background-attachment":"scroll","background-type":"","background-media":"","overlay-type":"","overlay-color":"","overlay-opacity":"","overlay-gradient":""}},"ast-content-background-meta":{"desktop":{"background-color":"var(--ast-global-color-4)","background-image":"","background-repeat":"repeat","background-position":"center center","background-size":"auto","background-attachment":"scroll","background-type":"","background-media":"","overlay-type":"","overlay-color":"","overlay-opacity":"","overlay-gradient":""},"tablet":{"background-color":"var(--ast-global-color-4)","background-image":"","background-repeat":"repeat","background-position":"center center","background-size":"auto","background-attachment":"scroll","background-type":"","background-media":"","overlay-type":"","overlay-color":"","overlay-opacity":"","overlay-gradient":""},"mobile":{"background-color":"var(--ast-global-color-4)","background-image":"","background-repeat":"repeat","background-position":"center center","background-size":"auto","background-attachment":"scroll","background-type":"","background-media":"","overlay-type":"","overlay-color":"","overlay-opacity":"","overlay-gradient":""}},"footnotes":""},"class_list":["post-2216","page","type-page","status-publish","hentry"],"_hostinger_reach_plugin_has_subscription_block":false,"_hostinger_reach_plugin_is_elementor":false,"_links":{"self":[{"href":"https:\/\/www.gigapa.com\/es\/wp-json\/wp\/v2\/pages\/2216","targetHints":{"allow":["GET"]}}],"collection":[{"href":"https:\/\/www.gigapa.com\/es\/wp-json\/wp\/v2\/pages"}],"about":[{"href":"https:\/\/www.gigapa.com\/es\/wp-json\/wp\/v2\/types\/page"}],"author":[{"embeddable":true,"href":"https:\/\/www.gigapa.com\/es\/wp-json\/wp\/v2\/users\/1"}],"replies":[{"embeddable":true,"href":"https:\/\/www.gigapa.com\/es\/wp-json\/wp\/v2\/comments?post=2216"}],"version-history":[{"count":8,"href":"https:\/\/www.gigapa.com\/es\/wp-json\/wp\/v2\/pages\/2216\/revisions"}],"predecessor-version":[{"id":2276,"href":"https:\/\/www.gigapa.com\/es\/wp-json\/wp\/v2\/pages\/2216\/revisions\/2276"}],"wp:attachment":[{"href":"https:\/\/www.gigapa.com\/es\/wp-json\/wp\/v2\/media?parent=2216"}],"curies":[{"name":"wp","href":"https:\/\/api.w.org\/{rel}","templated":true}]}}