{"id":889,"date":"2025-05-06T15:27:16","date_gmt":"2025-05-06T07:27:16","guid":{"rendered":"https:\/\/gigapa.com\/?page_id=889"},"modified":"2025-07-24T17:09:10","modified_gmt":"2025-07-24T09:09:10","slug":"about-us","status":"publish","type":"page","link":"https:\/\/www.gigapa.com\/es\/about-us\/","title":{"rendered":"Qui\u00e9nes somos"},"content":{"rendered":"<div data-elementor-type=\"wp-page\" data-elementor-id=\"889\" class=\"elementor elementor-889\" data-elementor-post-type=\"page\">\n\t\t\t\t<div class=\"elementor-element elementor-element-ba014eb e-flex e-con-boxed e-con e-parent\" data-id=\"ba014eb\" data-element_type=\"container\" data-e-type=\"container\" data-settings=\"{&quot;background_background&quot;:&quot;classic&quot;}\">\n\t\t\t\t\t<div class=\"e-con-inner\">\n\t\t\t\t\t<\/div>\n\t\t\t\t<\/div>\n\t\t<div class=\"elementor-element elementor-element-7209166 e-flex e-con-boxed e-con e-parent\" data-id=\"7209166\" data-element_type=\"container\" data-e-type=\"container\">\n\t\t\t\t\t<div class=\"e-con-inner\">\n\t\t\t\t<div class=\"elementor-element elementor-element-41c5ec0 elementor-widget elementor-widget-heading\" data-id=\"41c5ec0\" data-element_type=\"widget\" data-e-type=\"widget\" data-widget_type=\"heading.default\">\n\t\t\t\t<div class=\"elementor-widget-container\">\n\t\t\t\t\t<h1 class=\"elementor-heading-title elementor-size-default\">Qui\u00e9nes somos<\/h1>\t\t\t\t<\/div>\n\t\t\t\t<\/div>\n\t\t\t\t<div class=\"elementor-element elementor-element-6b3c410 elementor-widget elementor-widget-woocommerce-breadcrumb\" data-id=\"6b3c410\" data-element_type=\"widget\" data-e-type=\"widget\" data-widget_type=\"woocommerce-breadcrumb.default\">\n\t\t\t\t<div class=\"elementor-widget-container\">\n\t\t\t\t\t<nav class=\"woocommerce-breadcrumb\" aria-label=\"Breadcrumb\" data-no-translation=\"\" data-trp-gettext=\"\">Inicio<\/nav>\t\t\t\t<\/div>\n\t\t\t\t<\/div>\n\t\t\t\t\t<\/div>\n\t\t\t\t<\/div>\n\t\t<div class=\"elementor-element elementor-element-a7cdb2f e-flex e-con-boxed e-con e-parent\" data-id=\"a7cdb2f\" data-element_type=\"container\" data-e-type=\"container\">\n\t\t\t\t\t<div class=\"e-con-inner\">\n\t\t<div class=\"elementor-element elementor-element-1314fc7 e-con-full e-flex e-con e-child\" data-id=\"1314fc7\" data-element_type=\"container\" data-e-type=\"container\">\n\t\t\t\t<div class=\"elementor-element elementor-element-aaf34bf elementor-widget elementor-widget-heading\" data-id=\"aaf34bf\" data-element_type=\"widget\" data-e-type=\"widget\" data-widget_type=\"heading.default\">\n\t\t\t\t<div class=\"elementor-widget-container\">\n\t\t\t\t\t<h2 class=\"elementor-heading-title elementor-size-default\">Perfil de la empresa<\/h2>\t\t\t\t<\/div>\n\t\t\t\t<\/div>\n\t\t\t\t<div class=\"elementor-element elementor-element-9b72aba elementor-widget elementor-widget-text-editor\" data-id=\"9b72aba\" data-element_type=\"widget\" data-e-type=\"widget\" data-widget_type=\"text-editor.default\">\n\t\t\t\t<div class=\"elementor-widget-container\">\n\t\t\t\t\t\t\t\t\t<p>Nantong GIGAPA Technology Co., Ltd. se centra en el campo de la maquinaria, se dedica principalmente a la investigaci\u00f3n y desarrollo, producci\u00f3n y venta de equipos hidr\u00e1ulicos, equipos de protecci\u00f3n del medio ambiente, equipos de procesamiento de recursos renovables, equipos de recursos de residuos s\u00f3lidos, cilindros hidr\u00e1ulicos personalizados, estaciones hidr\u00e1ulicas personalizadas y otros productos. El equipo de la empresa cuenta con m\u00e1s de diez a\u00f1os de experiencia en investigaci\u00f3n, desarrollo y fabricaci\u00f3n en campos relacionados. La empresa est\u00e1 ubicada en la ciudad de Rugao, provincia de Jiangsu, la ciudad natal de la longevidad en el mundo. Las oficinas de I+D y ventas se encuentran en el Parque Cient\u00edfico y Tecnol\u00f3gico de Rugao Smart Valley, y la planta de producci\u00f3n se encuentra en Baipu Town, una ciudad fuerte de la fabricaci\u00f3n industrial.<\/p><p>Bas\u00e1ndonos en m\u00e1s de diez a\u00f1os de experiencia y la experiencia personal en la comunicaci\u00f3n con muchos clientes, entendemos profundamente las preocupaciones y problemas de los clientes en el proceso de compra y uso de equipos. Nuestra existencia es llenar el vac\u00edo del mercado para que los clientes ya no tengan dificultades a la hora de elegir los equipos y facilitar a los clientes el uso de los equipos, reducir las preocupaciones de las empresas y reducir la pesada carga de los trabajadores.<\/p><p>La empresa est\u00e1 ansiosa por hacer realidad el valor social de la empresa, ganarse la confianza y el reconocimiento de los usuarios y asumir como misi\u00f3n \"resolver los puntos d\u00e9biles de los clientes y hacer realidad sus sue\u00f1os\", y est\u00e1 decidida a convertirse en una empresa conocida por su integridad y responsabilidad. Para ello, todos los que formamos GIGAPA debemos unificar nuestro pensamiento y esforzarnos por practicar los valores de \"ser honestos y fiables, sinceros y responsables, crear valor para los clientes, trabajar juntos, esforzarnos por progresar y crearnos un futuro.\"<\/p>\t\t\t\t\t\t\t\t<\/div>\n\t\t\t\t<\/div>\n\t\t\t\t<\/div>\n\t\t<div class=\"elementor-element elementor-element-47faafe e-con-full e-flex e-con e-child\" data-id=\"47faafe\" data-element_type=\"container\" data-e-type=\"container\">\n\t\t\t\t<div class=\"elementor-element elementor-element-504c299 elementor-widget elementor-widget-image\" data-id=\"504c299\" data-element_type=\"widget\" data-e-type=\"widget\" data-widget_type=\"image.default\">\n\t\t\t\t<div class=\"elementor-widget-container\">\n\t\t\t\t\t\t\t\t\t\t\t\t\t\t\t<img fetchpriority=\"high\" decoding=\"async\" width=\"768\" height=\"1024\" src=\"https:\/\/www.gigapa.com\/wp-content\/uploads\/2025\/07\/\u56fe\u72471-768x1024-1.jpg\" class=\"attachment-large size-large wp-image-2441\" alt=\"espect\u00e1culo de empresa\" srcset=\"https:\/\/www.gigapa.com\/wp-content\/uploads\/2025\/07\/\u56fe\u72471-768x1024-1.jpg 768w, https:\/\/www.gigapa.com\/wp-content\/uploads\/2025\/07\/\u56fe\u72471-768x1024-1-225x300.jpg 225w, https:\/\/www.gigapa.com\/wp-content\/uploads\/2025\/07\/\u56fe\u72471-768x1024-1-9x12.jpg 9w, https:\/\/www.gigapa.com\/wp-content\/uploads\/2025\/07\/\u56fe\u72471-768x1024-1-600x800.jpg 600w\" sizes=\"(max-width: 768px) 100vw, 768px\" \/>\t\t\t\t\t\t\t\t\t\t\t\t\t\t\t<\/div>\n\t\t\t\t<\/div>\n\t\t\t\t<\/div>\n\t\t\t\t\t<\/div>\n\t\t\t\t<\/div>\n\t\t<div class=\"elementor-element elementor-element-306cbb9 e-flex e-con-boxed e-con e-parent\" data-id=\"306cbb9\" data-element_type=\"container\" data-e-type=\"container\">\n\t\t\t\t\t<div class=\"e-con-inner\">\n\t\t\t\t<div class=\"elementor-element elementor-element-68358ae elementor-widget elementor-widget-text-editor\" data-id=\"68358ae\" data-element_type=\"widget\" data-e-type=\"widget\" data-widget_type=\"text-editor.default\">\n\t\t\t\t<div class=\"elementor-widget-container\">\n\t\t\t\t\t\t\t\t\t<h2 class=\"elementor-heading-title elementor-size-default elementor-inline-editing pen\" contenteditable=\"true\" spellcheck=\"false\" data-elementor-setting-key=\"title\" data-pen-placeholder=\"Type Here...\" data-qb-tmp-id=\"lt-215963\" data-gramm=\"false\">Cultura de empresa<\/h2><p>Misi\u00f3n de la empresa:<br \/>Resolver los puntos d\u00e9biles de los clientes y hacer realidad sus sue\u00f1os<\/p><p>Visi\u00f3n corporativa:<br \/>Convertirse en una empresa conocida por su integridad y responsabilidad<\/p><p>Valores fundamentales:<br \/>Ser honesto y fiable, sincero y responsable, crear valor para los clientes<br \/>\u00danete y coopera, esfu\u00e9rzate por progresar y cr\u00e9ate un futuro<\/p><h2>Historia del desarrollo<\/h2><p>2008: Puesta en marcha<br \/>En el a\u00f1o de los Juegos Ol\u00edmpicos de Pek\u00edn, que llevan el recuerdo de la naci\u00f3n, establecimos una f\u00e1brica de procesamiento de piezas de repuesto como empresa individual. Aunque la escala es limitada, hemos sentado las bases para el desarrollo con una artesan\u00eda exquisita y una gesti\u00f3n honesta, y nos hemos convertido en el primer proveedor profesional de piezas de maquinaria del \u00e1rea local.<\/p><p>2016: Transformaci\u00f3n y modernizaci\u00f3n<br \/>Registramos formalmente y establecimos la empresa, realizando el salto del procesamiento de piezas de repuesto a la fabricaci\u00f3n de equipos completos. En 2017, aprovechamos la oportunidad de las nuevas pol\u00edticas energ\u00e9ticas y desarrollamos de forma independiente prensas de torta 630T para producir en masa m\u00e1s de 20 juegos en medio a\u00f1o. El equipo t\u00e9cnico complet\u00f3 la actualizaci\u00f3n del proceso central en combate real y obtuvo una serie de certificaciones de patentes pr\u00e1cticas.<\/p><p>2017: Reubicaci\u00f3n estrat\u00e9gica<br \/>Debido a las necesidades de expansi\u00f3n del negocio, el traslado general a la nueva f\u00e1brica de la ciudad mejor\u00f3 notablemente las condiciones log\u00edsticas y el entorno de producci\u00f3n, sentando las bases para asumir pedidos de mayor envergadura.<\/p><p>2024: Optimizaci\u00f3n del sistema<br \/>Implantar un funcionamiento profesional de los segmentos de negocio, separar las empresas de I+D de las de ventas, mejorar la eficiencia de la gesti\u00f3n mediante la optimizaci\u00f3n organizativa y formar una estructura empresarial m\u00e1s clara.<\/p><p>Perspectivas de futuro: Grupo Hongji<br \/>Seguir promoviendo el camino del desarrollo profesional, y despu\u00e9s de que cada unidad de negocio madure, integrar y establecer el Grupo Hongji para lograr una gesti\u00f3n intensiva y un desarrollo coordinado.<\/p><h2>Entorno de trabajo<\/h2>\t\t\t\t\t\t\t\t<\/div>\n\t\t\t\t<\/div>\n\t\t\t\t\t<\/div>\n\t\t\t\t<\/div>\n\t\t<div class=\"elementor-element elementor-element-10b72c1 e-flex e-con-boxed e-con e-parent\" data-id=\"10b72c1\" data-element_type=\"container\" data-e-type=\"container\">\n\t\t\t\t\t<div class=\"e-con-inner\">\n\t\t<div class=\"elementor-element elementor-element-3973897 e-con-full e-flex e-con e-child\" data-id=\"3973897\" data-element_type=\"container\" data-e-type=\"container\">\n\t\t\t\t<div class=\"elementor-element elementor-element-fdb47aa elementor-widget elementor-widget-image\" data-id=\"fdb47aa\" data-element_type=\"widget\" data-e-type=\"widget\" data-widget_type=\"image.default\">\n\t\t\t\t<div class=\"elementor-widget-container\">\n\t\t\t\t\t\t\t\t\t\t\t\t\t\t\t<img decoding=\"async\" width=\"791\" height=\"531\" src=\"https:\/\/www.gigapa.com\/wp-content\/uploads\/2025\/05\/Work-Environment1.jpg\" class=\"attachment-large size-large wp-image-1171\" alt=\"Qui\u00e9nes somos\" srcset=\"https:\/\/www.gigapa.com\/wp-content\/uploads\/2025\/05\/Work-Environment1.jpg 791w, https:\/\/www.gigapa.com\/wp-content\/uploads\/2025\/05\/Work-Environment1-300x201.jpg 300w, https:\/\/www.gigapa.com\/wp-content\/uploads\/2025\/05\/Work-Environment1-768x516.jpg 768w, https:\/\/www.gigapa.com\/wp-content\/uploads\/2025\/05\/Work-Environment1-600x403.jpg 600w\" sizes=\"(max-width: 791px) 100vw, 791px\" \/>\t\t\t\t\t\t\t\t\t\t\t\t\t\t\t<\/div>\n\t\t\t\t<\/div>\n\t\t\t\t<\/div>\n\t\t<div class=\"elementor-element elementor-element-9f18b96 e-con-full e-flex e-con e-child\" data-id=\"9f18b96\" data-element_type=\"container\" data-e-type=\"container\">\n\t\t\t\t<div class=\"elementor-element elementor-element-37ebfba elementor-widget elementor-widget-image\" data-id=\"37ebfba\" data-element_type=\"widget\" data-e-type=\"widget\" data-widget_type=\"image.default\">\n\t\t\t\t<div class=\"elementor-widget-container\">\n\t\t\t\t\t\t\t\t\t\t\t\t\t\t\t<img decoding=\"async\" width=\"854\" height=\"562\" src=\"https:\/\/www.gigapa.com\/wp-content\/uploads\/2025\/05\/work1.jpg\" class=\"attachment-large size-large wp-image-1174\" alt=\"Qui\u00e9nes somos\" srcset=\"https:\/\/www.gigapa.com\/wp-content\/uploads\/2025\/05\/work1.jpg 854w, https:\/\/www.gigapa.com\/wp-content\/uploads\/2025\/05\/work1-300x197.jpg 300w, https:\/\/www.gigapa.com\/wp-content\/uploads\/2025\/05\/work1-768x505.jpg 768w, https:\/\/www.gigapa.com\/wp-content\/uploads\/2025\/05\/work1-600x395.jpg 600w\" sizes=\"(max-width: 854px) 100vw, 854px\" \/>\t\t\t\t\t\t\t\t\t\t\t\t\t\t\t<\/div>\n\t\t\t\t<\/div>\n\t\t\t\t<\/div>\n\t\t\t\t\t<\/div>\n\t\t\t\t<\/div>\n\t\t<div class=\"elementor-element elementor-element-bc88f72 e-flex e-con-boxed e-con e-parent\" data-id=\"bc88f72\" data-element_type=\"container\" data-e-type=\"container\">\n\t\t\t\t\t<div class=\"e-con-inner\">\n\t\t\t\t<div class=\"elementor-element elementor-element-dae968e elementor-widget elementor-widget-heading\" data-id=\"dae968e\" data-element_type=\"widget\" data-e-type=\"widget\" data-widget_type=\"heading.default\">\n\t\t\t\t<div class=\"elementor-widget-container\">\n\t\t\t\t\t<h2 class=\"elementor-heading-title elementor-size-default\">Visita a la f\u00e1brica<\/h2>\t\t\t\t<\/div>\n\t\t\t\t<\/div>\n\t\t\t\t<div class=\"elementor-element elementor-element-aaf1a3c elementor-widget elementor-widget-text-editor\" data-id=\"aaf1a3c\" data-element_type=\"widget\" data-e-type=\"widget\" data-widget_type=\"text-editor.default\">\n\t\t\t\t<div class=\"elementor-widget-container\">\n\t\t\t\t\t\t\t\t\t<p>Situada en Baipu Town, nuestra f\u00e1brica est\u00e1 equipada con avanzados centros de mecanizado CNC, equipos de soldadura de precisi\u00f3n y una mano de obra cualificada que garantiza que cada prensa embaladora cumpla con los m\u00e1s altos est\u00e1ndares. Desde el corte de la materia prima hasta el montaje final y la inspecci\u00f3n de calidad, cada proceso se supervisa cuidadosamente para garantizar un rendimiento y una durabilidad constantes. Nuestro equipo interno de ingenier\u00eda trabaja en estrecha colaboraci\u00f3n con producci\u00f3n para garantizar una personalizaci\u00f3n eficaz y una entrega r\u00e1pida.<\/p>\t\t\t\t\t\t\t\t<\/div>\n\t\t\t\t<\/div>\n\t\t\t\t\t<\/div>\n\t\t\t\t<\/div>\n\t\t<div class=\"elementor-element elementor-element-1110161 e-flex e-con-boxed e-con e-parent\" data-id=\"1110161\" data-element_type=\"container\" data-e-type=\"container\">\n\t\t\t\t\t<div class=\"e-con-inner\">\n\t\t<div class=\"elementor-element elementor-element-821bd03 e-con-full e-flex e-con e-child\" data-id=\"821bd03\" data-element_type=\"container\" data-e-type=\"container\">\n\t\t\t\t<div class=\"elementor-element elementor-element-52d7f29 elementor-widget elementor-widget-image\" data-id=\"52d7f29\" data-element_type=\"widget\" data-e-type=\"widget\" data-widget_type=\"image.default\">\n\t\t\t\t<div class=\"elementor-widget-container\">\n\t\t\t\t\t\t\t\t\t\t\t\t\t\t\t<img loading=\"lazy\" decoding=\"async\" width=\"1024\" height=\"768\" src=\"https:\/\/www.gigapa.com\/wp-content\/uploads\/2025\/07\/\u5fae\u4fe1\u56fe\u7247_20250122085450-1024x768.jpg\" class=\"attachment-large size-large wp-image-2413\" alt=\"visita a la f\u00e1brica\" srcset=\"https:\/\/www.gigapa.com\/wp-content\/uploads\/2025\/07\/\u5fae\u4fe1\u56fe\u7247_20250122085450-1024x768.jpg 1024w, https:\/\/www.gigapa.com\/wp-content\/uploads\/2025\/07\/\u5fae\u4fe1\u56fe\u7247_20250122085450-300x225.jpg 300w, https:\/\/www.gigapa.com\/wp-content\/uploads\/2025\/07\/\u5fae\u4fe1\u56fe\u7247_20250122085450-768x576.jpg 768w, https:\/\/www.gigapa.com\/wp-content\/uploads\/2025\/07\/\u5fae\u4fe1\u56fe\u7247_20250122085450-1536x1152.jpg 1536w, https:\/\/www.gigapa.com\/wp-content\/uploads\/2025\/07\/\u5fae\u4fe1\u56fe\u7247_20250122085450-2048x1536.jpg 2048w, https:\/\/www.gigapa.com\/wp-content\/uploads\/2025\/07\/\u5fae\u4fe1\u56fe\u7247_20250122085450-16x12.jpg 16w, https:\/\/www.gigapa.com\/wp-content\/uploads\/2025\/07\/\u5fae\u4fe1\u56fe\u7247_20250122085450-600x450.jpg 600w\" sizes=\"(max-width: 1024px) 100vw, 1024px\" \/>\t\t\t\t\t\t\t\t\t\t\t\t\t\t\t<\/div>\n\t\t\t\t<\/div>\n\t\t\t\t<\/div>\n\t\t<div class=\"elementor-element elementor-element-ed3abaf e-con-full e-flex e-con e-child\" data-id=\"ed3abaf\" data-element_type=\"container\" data-e-type=\"container\">\n\t\t\t\t<div class=\"elementor-element elementor-element-de721b4 elementor-widget elementor-widget-image\" data-id=\"de721b4\" data-element_type=\"widget\" data-e-type=\"widget\" data-widget_type=\"image.default\">\n\t\t\t\t<div class=\"elementor-widget-container\">\n\t\t\t\t\t\t\t\t\t\t\t\t\t\t\t<img loading=\"lazy\" decoding=\"async\" width=\"1024\" height=\"768\" src=\"https:\/\/www.gigapa.com\/wp-content\/uploads\/2025\/07\/\u5fae\u4fe1\u56fe\u7247_20250122085510-1024x768.jpg\" class=\"attachment-large size-large wp-image-2414\" alt=\"visita a la f\u00e1brica\" srcset=\"https:\/\/www.gigapa.com\/wp-content\/uploads\/2025\/07\/\u5fae\u4fe1\u56fe\u7247_20250122085510-1024x768.jpg 1024w, https:\/\/www.gigapa.com\/wp-content\/uploads\/2025\/07\/\u5fae\u4fe1\u56fe\u7247_20250122085510-300x225.jpg 300w, https:\/\/www.gigapa.com\/wp-content\/uploads\/2025\/07\/\u5fae\u4fe1\u56fe\u7247_20250122085510-768x576.jpg 768w, https:\/\/www.gigapa.com\/wp-content\/uploads\/2025\/07\/\u5fae\u4fe1\u56fe\u7247_20250122085510-1536x1152.jpg 1536w, https:\/\/www.gigapa.com\/wp-content\/uploads\/2025\/07\/\u5fae\u4fe1\u56fe\u7247_20250122085510-2048x1536.jpg 2048w, https:\/\/www.gigapa.com\/wp-content\/uploads\/2025\/07\/\u5fae\u4fe1\u56fe\u7247_20250122085510-16x12.jpg 16w, https:\/\/www.gigapa.com\/wp-content\/uploads\/2025\/07\/\u5fae\u4fe1\u56fe\u7247_20250122085510-600x450.jpg 600w\" sizes=\"(max-width: 1024px) 100vw, 1024px\" \/>\t\t\t\t\t\t\t\t\t\t\t\t\t\t\t<\/div>\n\t\t\t\t<\/div>\n\t\t\t\t<\/div>\n\t\t<div class=\"elementor-element elementor-element-62cefe1 e-con-full e-flex e-con e-child\" data-id=\"62cefe1\" data-element_type=\"container\" data-e-type=\"container\">\n\t\t\t\t<div class=\"elementor-element elementor-element-7e3e122 elementor-widget elementor-widget-image\" data-id=\"7e3e122\" data-element_type=\"widget\" data-e-type=\"widget\" data-widget_type=\"image.default\">\n\t\t\t\t<div class=\"elementor-widget-container\">\n\t\t\t\t\t\t\t\t\t\t\t\t\t\t\t<img loading=\"lazy\" decoding=\"async\" width=\"1024\" height=\"768\" src=\"https:\/\/www.gigapa.com\/wp-content\/uploads\/2025\/07\/\u5fae\u4fe1\u56fe\u7247_20250122085550-1024x768.jpg\" class=\"attachment-large size-large wp-image-2415\" alt=\"visita a la f\u00e1brica\" srcset=\"https:\/\/www.gigapa.com\/wp-content\/uploads\/2025\/07\/\u5fae\u4fe1\u56fe\u7247_20250122085550-1024x768.jpg 1024w, https:\/\/www.gigapa.com\/wp-content\/uploads\/2025\/07\/\u5fae\u4fe1\u56fe\u7247_20250122085550-300x225.jpg 300w, https:\/\/www.gigapa.com\/wp-content\/uploads\/2025\/07\/\u5fae\u4fe1\u56fe\u7247_20250122085550-768x576.jpg 768w, https:\/\/www.gigapa.com\/wp-content\/uploads\/2025\/07\/\u5fae\u4fe1\u56fe\u7247_20250122085550-1536x1152.jpg 1536w, https:\/\/www.gigapa.com\/wp-content\/uploads\/2025\/07\/\u5fae\u4fe1\u56fe\u7247_20250122085550-2048x1536.jpg 2048w, https:\/\/www.gigapa.com\/wp-content\/uploads\/2025\/07\/\u5fae\u4fe1\u56fe\u7247_20250122085550-16x12.jpg 16w, https:\/\/www.gigapa.com\/wp-content\/uploads\/2025\/07\/\u5fae\u4fe1\u56fe\u7247_20250122085550-600x450.jpg 600w\" sizes=\"(max-width: 1024px) 100vw, 1024px\" \/>\t\t\t\t\t\t\t\t\t\t\t\t\t\t\t<\/div>\n\t\t\t\t<\/div>\n\t\t\t\t<\/div>\n\t\t<div class=\"elementor-element elementor-element-4ceacb8 e-con-full e-flex e-con e-child\" data-id=\"4ceacb8\" data-element_type=\"container\" data-e-type=\"container\">\n\t\t\t\t<div class=\"elementor-element elementor-element-da2f503 elementor-widget elementor-widget-image\" data-id=\"da2f503\" data-element_type=\"widget\" data-e-type=\"widget\" data-widget_type=\"image.default\">\n\t\t\t\t<div class=\"elementor-widget-container\">\n\t\t\t\t\t\t\t\t\t\t\t\t\t\t\t<img loading=\"lazy\" decoding=\"async\" width=\"1024\" height=\"768\" src=\"https:\/\/www.gigapa.com\/wp-content\/uploads\/2025\/07\/\u5fae\u4fe1\u56fe\u7247_20250122085559-1024x768.jpg\" class=\"attachment-large size-large wp-image-2416\" alt=\"visita a la f\u00e1brica\" srcset=\"https:\/\/www.gigapa.com\/wp-content\/uploads\/2025\/07\/\u5fae\u4fe1\u56fe\u7247_20250122085559-1024x768.jpg 1024w, https:\/\/www.gigapa.com\/wp-content\/uploads\/2025\/07\/\u5fae\u4fe1\u56fe\u7247_20250122085559-300x225.jpg 300w, https:\/\/www.gigapa.com\/wp-content\/uploads\/2025\/07\/\u5fae\u4fe1\u56fe\u7247_20250122085559-768x576.jpg 768w, https:\/\/www.gigapa.com\/wp-content\/uploads\/2025\/07\/\u5fae\u4fe1\u56fe\u7247_20250122085559-1536x1152.jpg 1536w, https:\/\/www.gigapa.com\/wp-content\/uploads\/2025\/07\/\u5fae\u4fe1\u56fe\u7247_20250122085559-2048x1536.jpg 2048w, https:\/\/www.gigapa.com\/wp-content\/uploads\/2025\/07\/\u5fae\u4fe1\u56fe\u7247_20250122085559-16x12.jpg 16w, https:\/\/www.gigapa.com\/wp-content\/uploads\/2025\/07\/\u5fae\u4fe1\u56fe\u7247_20250122085559-600x450.jpg 600w\" sizes=\"(max-width: 1024px) 100vw, 1024px\" \/>\t\t\t\t\t\t\t\t\t\t\t\t\t\t\t<\/div>\n\t\t\t\t<\/div>\n\t\t\t\t<\/div>\n\t\t\t\t\t<\/div>\n\t\t\t\t<\/div>\n\t\t\t\t<\/div>","protected":false},"excerpt":{"rendered":"<p>Sobre nosotros Perfil de la empresa Nantong GIGAPA Technology Co., Ltd. se centra en el campo de la maquinaria, dedicada principalmente a la investigaci\u00f3n [...]<\/p>","protected":false},"author":1,"featured_media":707,"parent":0,"menu_order":0,"comment_status":"closed","ping_status":"closed","template":"","meta":{"site-sidebar-layout":"right-sidebar","site-content-layout":"","ast-site-content-layout":"default","site-content-style":"default","site-sidebar-style":"default","ast-global-header-display":"","ast-banner-title-visibility":"","ast-main-header-display":"","ast-hfb-above-header-display":"","ast-hfb-below-header-display":"","ast-hfb-mobile-header-display":"","site-post-title":"","ast-breadcrumbs-content":"","ast-featured-img":"","footer-sml-layout":"","ast-disable-related-posts":"","theme-transparent-header-meta":"default","adv-header-id-meta":"","stick-header-meta":"","header-above-stick-meta":"","header-main-stick-meta":"","header-below-stick-meta":"","astra-migrate-meta-layouts":"set","ast-page-background-enabled":"default","ast-page-background-meta":{"desktop":{"background-color":"var(--ast-global-color-5)","background-image":"","background-repeat":"repeat","background-position":"center center","background-size":"auto","background-attachment":"scroll","background-type":"","background-media":"","overlay-type":"","overlay-color":"","overlay-opacity":"","overlay-gradient":""},"tablet":{"background-color":"","background-image":"","background-repeat":"repeat","background-position":"center center","background-size":"auto","background-attachment":"scroll","background-type":"","background-media":"","overlay-type":"","overlay-color":"","overlay-opacity":"","overlay-gradient":""},"mobile":{"background-color":"","background-image":"","background-repeat":"repeat","background-position":"center center","background-size":"auto","background-attachment":"scroll","background-type":"","background-media":"","overlay-type":"","overlay-color":"","overlay-opacity":"","overlay-gradient":""}},"ast-content-background-meta":{"desktop":{"background-color":"var(--ast-global-color-4)","background-image":"","background-repeat":"repeat","background-position":"center center","background-size":"auto","background-attachment":"scroll","background-type":"","background-media":"","overlay-type":"","overlay-color":"","overlay-opacity":"","overlay-gradient":""},"tablet":{"background-color":"var(--ast-global-color-4)","background-image":"","background-repeat":"repeat","background-position":"center center","background-size":"auto","background-attachment":"scroll","background-type":"","background-media":"","overlay-type":"","overlay-color":"","overlay-opacity":"","overlay-gradient":""},"mobile":{"background-color":"var(--ast-global-color-4)","background-image":"","background-repeat":"repeat","background-position":"center center","background-size":"auto","background-attachment":"scroll","background-type":"","background-media":"","overlay-type":"","overlay-color":"","overlay-opacity":"","overlay-gradient":""}},"footnotes":""},"class_list":["post-889","page","type-page","status-publish","has-post-thumbnail","hentry"],"_hostinger_reach_plugin_has_subscription_block":false,"_hostinger_reach_plugin_is_elementor":false,"_links":{"self":[{"href":"https:\/\/www.gigapa.com\/es\/wp-json\/wp\/v2\/pages\/889","targetHints":{"allow":["GET"]}}],"collection":[{"href":"https:\/\/www.gigapa.com\/es\/wp-json\/wp\/v2\/pages"}],"about":[{"href":"https:\/\/www.gigapa.com\/es\/wp-json\/wp\/v2\/types\/page"}],"author":[{"embeddable":true,"href":"https:\/\/www.gigapa.com\/es\/wp-json\/wp\/v2\/users\/1"}],"replies":[{"embeddable":true,"href":"https:\/\/www.gigapa.com\/es\/wp-json\/wp\/v2\/comments?post=889"}],"version-history":[{"count":69,"href":"https:\/\/www.gigapa.com\/es\/wp-json\/wp\/v2\/pages\/889\/revisions"}],"predecessor-version":[{"id":2564,"href":"https:\/\/www.gigapa.com\/es\/wp-json\/wp\/v2\/pages\/889\/revisions\/2564"}],"wp:featuredmedia":[{"embeddable":true,"href":"https:\/\/www.gigapa.com\/es\/wp-json\/wp\/v2\/media\/707"}],"wp:attachment":[{"href":"https:\/\/www.gigapa.com\/es\/wp-json\/wp\/v2\/media?parent=889"}],"curies":[{"name":"wp","href":"https:\/\/api.w.org\/{rel}","templated":true}]}}