{"id":1807,"date":"2025-05-19T10:56:55","date_gmt":"2025-05-19T02:56:55","guid":{"rendered":"https:\/\/www.gigapa.com\/?post_type=product&#038;p=1807"},"modified":"2025-10-13T09:20:32","modified_gmt":"2025-10-13T01:20:32","slug":"marine-waste-baling-machine","status":"publish","type":"product","link":"https:\/\/www.gigapa.com\/es\/product\/marine-waste-baling-machine\/","title":{"rendered":"Prensa embaladora de residuos marinos"},"content":{"rendered":"<p>La enfardadora de residuos marinos es una soluci\u00f3n innovadora y resistente dise\u00f1ada para comprimir y enfardar eficazmente diversos tipos de residuos marinos. Esto incluye pl\u00e1sticos, redes de pesca, cuerdas, latas de aluminio y otros materiales reciclables recogidos en oc\u00e9anos, puertos y barcos. Ante la creciente preocupaci\u00f3n por la contaminaci\u00f3n marina y la necesidad de una gesti\u00f3n eficaz de los residuos en el sector mar\u00edtimo, esta m\u00e1quina ofrece una soluci\u00f3n robusta y sostenible para reducir el impacto medioambiental de la eliminaci\u00f3n de residuos.<\/p>\n<p>Los residuos marinos constituyen un reto importante, ya que la contaminaci\u00f3n por pl\u00e1sticos y los aparejos de pesca desechados amenazan la salud de los ecosistemas marinos. Nuestra empacadora de residuos marinos no s\u00f3lo contribuye a una gesti\u00f3n adecuada de los residuos, sino que tambi\u00e9n desempe\u00f1a un papel fundamental en la reducci\u00f3n del volumen de residuos, la optimizaci\u00f3n del almacenamiento y el transporte, y la promoci\u00f3n de los esfuerzos de reciclaje. Al convertir los residuos sueltos en balas fuertemente comprimidas, mejora la eficacia de la manipulaci\u00f3n de residuos, minimiza las necesidades de espacio de almacenamiento y facilita el transporte seguro y sencillo de los residuos para su reciclaje o eliminaci\u00f3n.<\/p>\n<h3 data-immersive-translate-walked=\"00e44dcb-682a-4379-afe2-db426b6f6b1a\"><strong data-immersive-translate-walked=\"00e44dcb-682a-4379-afe2-db426b6f6b1a\" data-immersive-translate-paragraph=\"1\">Principales caracter\u00edsticas y ventajas<\/strong><\/h3>\n<ul>\n<li data-immersive-translate-walked=\"00e44dcb-682a-4379-afe2-db426b6f6b1a\"><strong data-immersive-translate-walked=\"00e44dcb-682a-4379-afe2-db426b6f6b1a\">Alta fuerza de compresi\u00f3n<\/strong> - El potente sistema hidr\u00e1ulico garantiza la m\u00e1xima compactaci\u00f3n de los residuos, reduciendo el volumen hasta 80%.<\/li>\n<li class=\"ds-markdown-paragraph\" data-immersive-translate-walked=\"00e44dcb-682a-4379-afe2-db426b6f6b1a\" data-immersive-translate-paragraph=\"1\"><strong data-immersive-translate-walked=\"00e44dcb-682a-4379-afe2-db426b6f6b1a\">Construcci\u00f3n duradera<\/strong> - Fabricado con materiales de alta calidad resistentes a la corrosi\u00f3n para soportar los duros entornos marinos.<\/li>\n<li class=\"ds-markdown-paragraph\" data-immersive-translate-walked=\"00e44dcb-682a-4379-afe2-db426b6f6b1a\" data-immersive-translate-paragraph=\"1\"><strong data-immersive-translate-walked=\"00e44dcb-682a-4379-afe2-db426b6f6b1a\">Procesado vers\u00e1til<\/strong> - Capaz de manipular distintos tipos de residuos (pl\u00e1sticos, redes, cuerdas, latas de aluminio, etc.).<\/li>\n<li class=\"ds-markdown-paragraph\" data-immersive-translate-walked=\"00e44dcb-682a-4379-afe2-db426b6f6b1a\" data-immersive-translate-paragraph=\"1\"><strong data-immersive-translate-walked=\"00e44dcb-682a-4379-afe2-db426b6f6b1a\">Funcionamiento ecol\u00f3gico<\/strong> - Apoya los esfuerzos de reciclaje convirtiendo los residuos sueltos en balas compactas y manejables.<\/li>\n<li class=\"ds-markdown-paragraph\" data-immersive-translate-walked=\"00e44dcb-682a-4379-afe2-db426b6f6b1a\" data-immersive-translate-paragraph=\"1\"><strong data-immersive-translate-walked=\"00e44dcb-682a-4379-afe2-db426b6f6b1a\">Dise\u00f1o de bajo mantenimiento<\/strong> - Su s\u00f3lida ingenier\u00eda garantiza una fiabilidad a largo plazo con un mantenimiento m\u00ednimo.<\/li>\n<li class=\"ds-markdown-paragraph\" data-immersive-translate-walked=\"00e44dcb-682a-4379-afe2-db426b6f6b1a\" data-immersive-translate-paragraph=\"1\"><strong data-immersive-translate-walked=\"00e44dcb-682a-4379-afe2-db426b6f6b1a\">Tama\u00f1os de bala personalizables<\/strong> - Ajustes regulables para diferentes dimensiones de paca en funci\u00f3n de las necesidades de almacenamiento y log\u00edstica.<\/li>\n<li class=\"ds-markdown-paragraph\" data-immersive-translate-walked=\"00e44dcb-682a-4379-afe2-db426b6f6b1a\" data-immersive-translate-paragraph=\"1\"><strong data-immersive-translate-walked=\"00e44dcb-682a-4379-afe2-db426b6f6b1a\">Controles f\u00e1ciles de usar<\/strong>\u00a0- Funcionamiento sencillo con opciones automatizadas o semiautomatizadas para mayor eficacia.<\/li>\n<\/ul>\n<h3 data-immersive-translate-walked=\"00e44dcb-682a-4379-afe2-db426b6f6b1a\"><strong data-immersive-translate-walked=\"00e44dcb-682a-4379-afe2-db426b6f6b1a\" data-immersive-translate-paragraph=\"1\">Aplicaciones<\/strong><\/h3>\n<p class=\"ds-markdown-paragraph\" data-immersive-translate-walked=\"00e44dcb-682a-4379-afe2-db426b6f6b1a\" data-immersive-translate-paragraph=\"1\">La empacadora de residuos marinos es ideal para:<\/p>\n<ul>\n<li class=\"ds-markdown-paragraph\" data-immersive-translate-walked=\"00e44dcb-682a-4379-afe2-db426b6f6b1a\" data-immersive-translate-paragraph=\"1\"><strong data-immersive-translate-walked=\"00e44dcb-682a-4379-afe2-db426b6f6b1a\">Empresas pesqueras y navieras<\/strong>\u00a0- Gesti\u00f3n eficaz de los residuos a bordo y en los muelles.<\/li>\n<li class=\"ds-markdown-paragraph\" data-immersive-translate-walked=\"00e44dcb-682a-4379-afe2-db426b6f6b1a\" data-immersive-translate-paragraph=\"1\"><strong data-immersive-translate-walked=\"00e44dcb-682a-4379-afe2-db426b6f6b1a\">Autoridades portuarias y empresas de recogida de residuos<\/strong>\u00a0- Procesamiento de desechos marinos para su reciclado o eliminaci\u00f3n.<\/li>\n<li class=\"ds-markdown-paragraph\" data-immersive-translate-walked=\"00e44dcb-682a-4379-afe2-db426b6f6b1a\" data-immersive-translate-paragraph=\"1\"><strong data-immersive-translate-walked=\"00e44dcb-682a-4379-afe2-db426b6f6b1a\">Organizaciones medioambientales<\/strong>\u00a0- Apoyar las iniciativas de limpieza de los oc\u00e9anos compactando los residuos recogidos.<\/li>\n<li class=\"ds-markdown-paragraph\" data-immersive-translate-walked=\"00e44dcb-682a-4379-afe2-db426b6f6b1a\" data-immersive-translate-paragraph=\"1\"><strong data-immersive-translate-walked=\"00e44dcb-682a-4379-afe2-db426b6f6b1a\">Instalaciones de reciclado<\/strong>\u00a0- Preparaci\u00f3n de los residuos pl\u00e1sticos marinos para posteriores procesos de reciclado.<\/li>\n<\/ul>\n<p>&nbsp;<\/p>\n<p><img fetchpriority=\"high\" decoding=\"async\" class=\"alignnone size-medium wp-image-1809\" src=\"https:\/\/www.gigapa.com\/wp-content\/uploads\/2025\/05\/\u56fe\u72471-1-297x300.png\" alt=\"\" width=\"297\" height=\"300\" srcset=\"https:\/\/www.gigapa.com\/wp-content\/uploads\/2025\/05\/\u56fe\u72471-1-297x300.png 297w, https:\/\/www.gigapa.com\/wp-content\/uploads\/2025\/05\/\u56fe\u72471-1-12x12.png 12w, https:\/\/www.gigapa.com\/wp-content\/uploads\/2025\/05\/\u56fe\u72471-1-600x607.png 600w, https:\/\/www.gigapa.com\/wp-content\/uploads\/2025\/05\/\u56fe\u72471-1-100x100.png 100w, https:\/\/www.gigapa.com\/wp-content\/uploads\/2025\/05\/\u56fe\u72471-1.png 700w\" sizes=\"(max-width: 297px) 100vw, 297px\" \/><\/p>\n<p>&nbsp;<\/p>\n<h3>Especificaciones t\u00e9cnicas<\/h3>\n<table style=\"border-collapse: collapse; width: 525.77pt;\" border=\"0\" width=\"701\" cellspacing=\"0\" cellpadding=\"0\">\n<tbody>\n<tr style=\"height: 13.50pt;\">\n<td class=\"et3\" style=\"height: 13.50pt; width: 195.75pt;\" width=\"261\" height=\"18\">Especificaci\u00f3n<\/td>\n<td class=\"et3\" style=\"width: 165.35pt;\" width=\"220\">GBB-G0312<\/td>\n<td class=\"et3\" style=\"width: 165.35pt;\" width=\"220\">GSB-G0512<\/td>\n<\/tr>\n<tr style=\"height: 13.50pt;\">\n<td class=\"et4\" style=\"height: 13.50pt; width: 195.75pt;\" width=\"261\" height=\"18\">Tama\u00f1o del orificio de alimentaci\u00f3n (L\u00d7H) (mm)<\/td>\n<td class=\"et4\" style=\"width: 165.35pt;\" width=\"220\">350\u00d7220<\/td>\n<td class=\"et4\" style=\"width: 165.35pt;\" width=\"220\">500\u00d7220<\/td>\n<\/tr>\n<tr style=\"height: 13.50pt;\">\n<td class=\"et4\" style=\"height: 13.50pt; width: 195.75pt;\" width=\"261\" height=\"18\">Tama\u00f1o de la tolva (L\u00d7A\u00d7H) (mm)<\/td>\n<td class=\"et4\" style=\"width: 165.35pt;\" width=\"220\">350\u00d7350\u00d7400<\/td>\n<td class=\"et4\" style=\"width: 165.35pt;\" width=\"220\">500\u00d7500\u00d7550<\/td>\n<\/tr>\n<tr style=\"height: 13.50pt;\">\n<td class=\"et4\" style=\"height: 13.50pt; width: 195.75pt;\" width=\"261\" height=\"18\">Duraci\u00f3n del ciclo (s)<\/td>\n<td class=\"et4\" style=\"width: 165.35pt;\" width=\"220\">25<\/td>\n<td class=\"et4\" style=\"width: 165.35pt;\" width=\"220\">25<\/td>\n<\/tr>\n<tr style=\"height: 13.50pt;\">\n<td class=\"et4\" style=\"height: 13.50pt; width: 195.75pt;\" width=\"261\" height=\"18\">Di\u00e1metro del cilindro principal (mm)<\/td>\n<td class=\"et4\" style=\"width: 165.35pt;\" width=\"220\">\u03c680<\/td>\n<td class=\"et4\" style=\"width: 165.35pt;\" width=\"220\">\u03c680<\/td>\n<\/tr>\n<tr style=\"height: 13.50pt;\">\n<td class=\"et4\" style=\"height: 13.50pt; width: 195.75pt;\" width=\"261\" height=\"18\">N\u00famero de carneros (PCS)<\/td>\n<td class=\"et4\" style=\"width: 165.35pt;\" width=\"220\">1<\/td>\n<td class=\"et4\" style=\"width: 165.35pt;\" width=\"220\">1<\/td>\n<\/tr>\n<tr style=\"height: 13.50pt;\">\n<td class=\"et4\" style=\"height: 13.50pt; width: 195.75pt;\" width=\"261\" height=\"18\">Presi\u00f3n del pist\u00f3n principal (T)<\/td>\n<td class=\"et4\" style=\"width: 165.35pt;\" width=\"220\">12.82281633<\/td>\n<td class=\"et4\" style=\"width: 165.35pt;\" width=\"220\">12.82281633<\/td>\n<\/tr>\n<tr style=\"height: 13.50pt;\">\n<td class=\"et4\" style=\"height: 13.50pt; width: 195.75pt;\" width=\"261\" height=\"18\">Presi\u00f3n del ariete auxiliar (T)<\/td>\n<td class=\"et4\" style=\"width: 165.35pt;\" width=\"220\">12.5<\/td>\n<td class=\"et4\" style=\"width: 165.35pt;\" width=\"220\">12.5<\/td>\n<\/tr>\n<tr style=\"height: 13.50pt;\">\n<td class=\"et4\" style=\"height: 13.50pt; width: 195.75pt;\" width=\"261\" height=\"18\">Potencia hidr\u00e1ulica (kW)<\/td>\n<td class=\"et4\" style=\"width: 165.35pt;\" width=\"220\">1.5<\/td>\n<td class=\"et4\" style=\"width: 165.35pt;\" width=\"220\">1.5<\/td>\n<\/tr>\n<tr style=\"height: 13.50pt;\">\n<td class=\"et4\" style=\"height: 13.50pt; width: 195.75pt;\" width=\"261\" height=\"18\">Dimensiones (L\u00d7A\u00d7H) (mm)<\/td>\n<td class=\"et4\" style=\"width: 165.35pt;\" width=\"220\">760\u00d7700\u00d71650<\/td>\n<td class=\"et4\" style=\"width: 165.35pt;\" width=\"220\">840\u00d7700\u00d71800<\/td>\n<\/tr>\n<tr style=\"height: 13.50pt;\">\n<td class=\"et4\" style=\"height: 13.50pt; width: 195.75pt;\" width=\"261\" height=\"18\">Peso total (kg)<\/td>\n<td class=\"et4\" style=\"width: 165.35pt;\" width=\"220\">Aprox. 400<\/td>\n<td class=\"et4\" style=\"width: 165.35pt;\" width=\"220\">Aprox. 500<\/td>\n<\/tr>\n<\/tbody>\n<\/table>\n<p>Los modelos anteriores son modelos universales est\u00e1ndar. Si necesita otros modelos, p\u00f3ngase en contacto con nuestro personal, y tambi\u00e9n podemos ofrecer servicios personalizados seg\u00fan sus necesidades.<\/p>\n<h3 data-immersive-translate-walked=\"00e44dcb-682a-4379-afe2-db426b6f6b1a\"><strong data-immersive-translate-walked=\"00e44dcb-682a-4379-afe2-db426b6f6b1a\" data-immersive-translate-paragraph=\"1\">\u00bfPor qu\u00e9 elegir nuestra prensa compactadora hidr\u00e1ulica de desperdicios marinos?<\/strong><\/h3>\n<ul>\n<li data-immersive-translate-walked=\"00e44dcb-682a-4379-afe2-db426b6f6b1a\"><strong data-immersive-translate-walked=\"00e44dcb-682a-4379-afe2-db426b6f6b1a\">Eficacia probada<\/strong> - Reduce los costes de manipulaci\u00f3n de residuos y mejora la log\u00edstica.<\/li>\n<li data-immersive-translate-walked=\"00e44dcb-682a-4379-afe2-db426b6f6b1a\"><strong data-immersive-translate-walked=\"00e44dcb-682a-4379-afe2-db426b6f6b1a\">Impacto sostenible<\/strong> - Contribuye a unos oc\u00e9anos m\u00e1s limpios y a una gesti\u00f3n responsable de los residuos.<\/li>\n<li data-immersive-translate-walked=\"00e44dcb-682a-4379-afe2-db426b6f6b1a\"><strong data-immersive-translate-walked=\"00e44dcb-682a-4379-afe2-db426b6f6b1a\">Cumplimiento global<\/strong> - Cumple las normas medioambientales y de seguridad internacionales.<\/li>\n<li data-immersive-translate-walked=\"00e44dcb-682a-4379-afe2-db426b6f6b1a\"><strong data-immersive-translate-walked=\"00e44dcb-682a-4379-afe2-db426b6f6b1a\">Asistencia posventa<\/strong>\u00a0- Servicio t\u00e9cnico y disponibilidad de piezas de repuesto en todo el mundo.<\/li>\n<\/ul>\n<h3 class=\"\" data-start=\"2755\" data-end=\"2787\"><strong data-start=\"2762\" data-end=\"2787\">Tipos de residuos admitidos<\/strong><\/h3>\n<ul>\n<li data-start=\"2791\" data-end=\"2817\">Botellas de pl\u00e1stico, envases<\/li>\n<li data-start=\"2820\" data-end=\"2844\">Residuos de comida (con bolsas)<\/li>\n<li data-start=\"2847\" data-end=\"2863\">Cart\u00f3n, papel<\/li>\n<li data-start=\"2866\" data-end=\"2886\">Redes y cuerdas de pesca<\/li>\n<li data-start=\"2889\" data-end=\"2924\">Latas de aluminio y otros materiales reciclables<\/li>\n<\/ul>\n<p>Con su combinaci\u00f3n de resistencia, durabilidad y ventajas medioambientales, la empacadora de residuos marinos es la soluci\u00f3n definitiva para la gesti\u00f3n sostenible de residuos en el sector mar\u00edtimo. Tanto si busca mejorar la manipulaci\u00f3n de residuos en un buque como mejorar las operaciones portuarias, nuestra m\u00e1quina le ofrece la eficacia y fiabilidad que necesita. P\u00f3ngase en contacto con nosotros hoy mismo para obtener m\u00e1s informaci\u00f3n o solicitar un presupuesto.<\/p>","protected":false},"excerpt":{"rendered":"<p>La empacadora de residuos marinos es una compactadora hidr\u00e1ulica de alta resistencia dise\u00f1ada para procesar y empacar residuos marinos, incluidos pl\u00e1sticos, redes de pesca, cuerdas y otros residuos reciclables. Al comprimir los residuos sueltos en balas densas y manejables, reduce el espacio de almacenamiento, disminuye los costes de transporte y apoya los esfuerzos de limpieza sostenible de los oc\u00e9anos. Construida con materiales resistentes a la corrosi\u00f3n para entornos marinos dif\u00edciles, esta m\u00e1quina es ideal para flotas pesqueras, autoridades portuarias, instalaciones de reciclaje y organizaciones medioambientales.<\/p>","protected":false},"featured_media":1808,"template":"","meta":{"site-sidebar-layout":"default","site-content-layout":"","ast-site-content-layout":"default","site-content-style":"default","site-sidebar-style":"default","ast-global-header-display":"","ast-banner-title-visibility":"","ast-main-header-display":"","ast-hfb-above-header-display":"","ast-hfb-below-header-display":"","ast-hfb-mobile-header-display":"","site-post-title":"","ast-breadcrumbs-content":"","ast-featured-img":"","footer-sml-layout":"","ast-disable-related-posts":"","theme-transparent-header-meta":"default","adv-header-id-meta":"","stick-header-meta":"","header-above-stick-meta":"","header-main-stick-meta":"","header-below-stick-meta":"","astra-migrate-meta-layouts":"set","ast-page-background-enabled":"default","ast-page-background-meta":{"desktop":{"background-color":"var(--ast-global-color-5)","background-image":"","background-repeat":"repeat","background-position":"center center","background-size":"auto","background-attachment":"scroll","background-type":"","background-media":"","overlay-type":"","overlay-color":"","overlay-opacity":"","overlay-gradient":""},"tablet":{"background-color":"","background-image":"","background-repeat":"repeat","background-position":"center center","background-size":"auto","background-attachment":"scroll","background-type":"","background-media":"","overlay-type":"","overlay-color":"","overlay-opacity":"","overlay-gradient":""},"mobile":{"background-color":"","background-image":"","background-repeat":"repeat","background-position":"center center","background-size":"auto","background-attachment":"scroll","background-type":"","background-media":"","overlay-type":"","overlay-color":"","overlay-opacity":"","overlay-gradient":""}},"ast-content-background-meta":{"desktop":{"background-color":"var(--ast-global-color-4)","background-image":"","background-repeat":"repeat","background-position":"center center","background-size":"auto","background-attachment":"scroll","background-type":"","background-media":"","overlay-type":"","overlay-color":"","overlay-opacity":"","overlay-gradient":""},"tablet":{"background-color":"var(--ast-global-color-4)","background-image":"","background-repeat":"repeat","background-position":"center center","background-size":"auto","background-attachment":"scroll","background-type":"","background-media":"","overlay-type":"","overlay-color":"","overlay-opacity":"","overlay-gradient":""},"mobile":{"background-color":"var(--ast-global-color-4)","background-image":"","background-repeat":"repeat","background-position":"center center","background-size":"auto","background-attachment":"scroll","background-type":"","background-media":"","overlay-type":"","overlay-color":"","overlay-opacity":"","overlay-gradient":""}}},"product_brand":[],"product_cat":[21,152],"product_tag":[117,118,116,115,119,120],"class_list":{"0":"post-1807","1":"product","2":"type-product","3":"status-publish","4":"has-post-thumbnail","6":"product_cat-baling-machine","7":"product_cat-vertical-baler","8":"product_tag-china-marine-waste-baling-machine","9":"product_tag-hydraulic-marine-baler-for-sale","10":"product_tag-hydraulic-marine-garbage-baling-machine","11":"product_tag-marine-baler","12":"product_tag-marine-waste-baling-machine-factory","13":"product_tag-vertical-marine-baling-machine","14":"desktop-align-left","15":"tablet-align-left","16":"mobile-align-left","18":"first","19":"instock","20":"shipping-taxable","21":"product-type-simple"},"_links":{"self":[{"href":"https:\/\/www.gigapa.com\/es\/wp-json\/wp\/v2\/product\/1807","targetHints":{"allow":["GET"]}}],"collection":[{"href":"https:\/\/www.gigapa.com\/es\/wp-json\/wp\/v2\/product"}],"about":[{"href":"https:\/\/www.gigapa.com\/es\/wp-json\/wp\/v2\/types\/product"}],"version-history":[{"count":2,"href":"https:\/\/www.gigapa.com\/es\/wp-json\/wp\/v2\/product\/1807\/revisions"}],"predecessor-version":[{"id":1811,"href":"https:\/\/www.gigapa.com\/es\/wp-json\/wp\/v2\/product\/1807\/revisions\/1811"}],"wp:featuredmedia":[{"embeddable":true,"href":"https:\/\/www.gigapa.com\/es\/wp-json\/wp\/v2\/media\/1808"}],"wp:attachment":[{"href":"https:\/\/www.gigapa.com\/es\/wp-json\/wp\/v2\/media?parent=1807"}],"wp:term":[{"taxonomy":"product_brand","embeddable":true,"href":"https:\/\/www.gigapa.com\/es\/wp-json\/wp\/v2\/product_brand?post=1807"},{"taxonomy":"product_cat","embeddable":true,"href":"https:\/\/www.gigapa.com\/es\/wp-json\/wp\/v2\/product_cat?post=1807"},{"taxonomy":"product_tag","embeddable":true,"href":"https:\/\/www.gigapa.com\/es\/wp-json\/wp\/v2\/product_tag?post=1807"}],"curies":[{"name":"wp","href":"https:\/\/api.w.org\/{rel}","templated":true}]}}