{"id":1969,"date":"2025-06-17T10:34:57","date_gmt":"2025-06-17T02:34:57","guid":{"rendered":"https:\/\/www.gigapa.com\/?post_type=product&#038;p=1969"},"modified":"2025-10-13T09:20:16","modified_gmt":"2025-10-13T01:20:16","slug":"fully-auto-plastic-horizontal-baler","status":"publish","type":"product","link":"https:\/\/www.gigapa.com\/es\/product\/fully-auto-plastic-horizontal-baler\/","title":{"rendered":"Prensa embaladora horizontal de pl\u00e1sticos totalmente autom\u00e1tica"},"content":{"rendered":"<h3 data-immersive-translate-walked=\"8568c6e5-cd47-46f2-928d-6bdcbffb2f39\">Introducci\u00f3n<\/h3>\n<p class=\"ds-markdown-paragraph\" data-immersive-translate-walked=\"8568c6e5-cd47-46f2-928d-6bdcbffb2f39\" data-immersive-translate-paragraph=\"1\">La prensa horizontal de pl\u00e1stico totalmente autom\u00e1tica es una prensa hidr\u00e1ulica avanzada dise\u00f1ada para comprimir residuos de pl\u00e1stico, pel\u00edculas, botellas y otros materiales reciclables en balas compactas. Esta m\u00e1quina mejora la eficiencia del almacenamiento, reduce los costes de transporte y mejora las operaciones de reciclaje gracias a su funcionamiento totalmente autom\u00e1tico, su gran fuerza de compresi\u00f3n y su construcci\u00f3n duradera. Ideal para centros de reciclaje, instalaciones de gesti\u00f3n de residuos y plantas de fabricaci\u00f3n, esta prensa garantiza un procesamiento perfecto de grandes vol\u00famenes de residuos de pl\u00e1stico.<\/p>\n<h3 data-immersive-translate-walked=\"8568c6e5-cd47-46f2-928d-6bdcbffb2f39\">Caracter\u00edsticas principales<\/h3>\n<p data-immersive-translate-walked=\"8568c6e5-cd47-46f2-928d-6bdcbffb2f39\"><strong>1. Funcionamiento totalmente automatizado<\/strong><\/p>\n<ul>\n<li class=\"ds-markdown-paragraph\" data-immersive-translate-walked=\"8568c6e5-cd47-46f2-928d-6bdcbffb2f39\" data-immersive-translate-paragraph=\"1\">Equipada con un sistema de control PLC para la alimentaci\u00f3n, compresi\u00f3n, encuadernaci\u00f3n y expulsi\u00f3n autom\u00e1ticas.<\/li>\n<li class=\"ds-markdown-paragraph\" data-immersive-translate-walked=\"8568c6e5-cd47-46f2-928d-6bdcbffb2f39\" data-immersive-translate-paragraph=\"1\">Reduce el trabajo manual y aumenta la productividad con una intervenci\u00f3n m\u00ednima del operario.<\/li>\n<li class=\"ds-markdown-paragraph\" data-immersive-translate-walked=\"8568c6e5-cd47-46f2-928d-6bdcbffb2f39\" data-immersive-translate-paragraph=\"1\">Interfaz de pantalla t\u00e1ctil f\u00e1cil de usar para facilitar los ajustes y la supervisi\u00f3n.<\/li>\n<\/ul>\n<p data-immersive-translate-walked=\"8568c6e5-cd47-46f2-928d-6bdcbffb2f39\"><strong>2. Alta fuerza de compresi\u00f3n y eficiencia<\/strong><\/p>\n<ul>\n<li class=\"ds-markdown-paragraph\" data-immersive-translate-walked=\"8568c6e5-cd47-46f2-928d-6bdcbffb2f39\" data-immersive-translate-paragraph=\"1\">El potente sistema hidr\u00e1ulico genera alta presi\u00f3n, garantizando pacas bien compactadas.<\/li>\n<li class=\"ds-markdown-paragraph\" data-immersive-translate-walked=\"8568c6e5-cd47-46f2-928d-6bdcbffb2f39\" data-immersive-translate-paragraph=\"1\">Maximiza la densidad del material, reduciendo el espacio de almacenamiento y los costes log\u00edsticos.<\/li>\n<li class=\"ds-markdown-paragraph\" data-immersive-translate-walked=\"8568c6e5-cd47-46f2-928d-6bdcbffb2f39\" data-immersive-translate-paragraph=\"1\">Procesa una amplia gama de pl\u00e1sticos, como botellas de PET, HDPE, l\u00e1minas de LDPE y residuos de PP.<\/li>\n<\/ul>\n<p data-immersive-translate-walked=\"8568c6e5-cd47-46f2-928d-6bdcbffb2f39\"><strong>3. Construcci\u00f3n robusta y duradera<\/strong><\/p>\n<ul>\n<li class=\"ds-markdown-paragraph\" data-immersive-translate-walked=\"8568c6e5-cd47-46f2-928d-6bdcbffb2f39\" data-immersive-translate-paragraph=\"1\">Armaz\u00f3n de acero resistente y c\u00e1mara de compresi\u00f3n reforzada para un rendimiento duradero.<\/li>\n<li class=\"ds-markdown-paragraph\" data-immersive-translate-walked=\"8568c6e5-cd47-46f2-928d-6bdcbffb2f39\" data-immersive-translate-paragraph=\"1\">Componentes resistentes al desgaste para soportar un funcionamiento continuo en entornos exigentes.<\/li>\n<li class=\"ds-markdown-paragraph\" data-immersive-translate-walked=\"8568c6e5-cd47-46f2-928d-6bdcbffb2f39\" data-immersive-translate-paragraph=\"1\">Dise\u00f1o de bajo mantenimiento con piezas de f\u00e1cil acceso para su reparaci\u00f3n.<\/li>\n<\/ul>\n<p data-immersive-translate-walked=\"8568c6e5-cd47-46f2-928d-6bdcbffb2f39\"><strong>4. Seguridad y fiabilidad<\/strong><\/p>\n<ul>\n<li class=\"ds-markdown-paragraph\" data-immersive-translate-walked=\"8568c6e5-cd47-46f2-928d-6bdcbffb2f39\" data-immersive-translate-paragraph=\"1\">Bot\u00f3n de parada de emergencia y sensores de seguridad para evitar accidentes.<\/li>\n<li class=\"ds-markdown-paragraph\" data-immersive-translate-walked=\"8568c6e5-cd47-46f2-928d-6bdcbffb2f39\" data-immersive-translate-paragraph=\"1\">Puertas con enclavamiento y protecci\u00f3n contra sobrecargas para un funcionamiento seguro.<\/li>\n<li class=\"ds-markdown-paragraph\" data-immersive-translate-walked=\"8568c6e5-cd47-46f2-928d-6bdcbffb2f39\" data-immersive-translate-paragraph=\"1\">Cumple las normas internacionales de seguridad (certificaci\u00f3n CE, ISO).<\/li>\n<\/ul>\n<p data-immersive-translate-walked=\"8568c6e5-cd47-46f2-928d-6bdcbffb2f39\"><strong>5. Tama\u00f1o y salida de paca personalizables<\/strong><\/p>\n<ul>\n<li class=\"ds-markdown-paragraph\" data-immersive-translate-walked=\"8568c6e5-cd47-46f2-928d-6bdcbffb2f39\" data-immersive-translate-paragraph=\"1\">Dimensiones de bala ajustables para satisfacer las necesidades espec\u00edficas de reciclaje.<\/li>\n<li class=\"ds-markdown-paragraph\" data-immersive-translate-walked=\"8568c6e5-cd47-46f2-928d-6bdcbffb2f39\" data-immersive-translate-paragraph=\"1\">Sistema opcional de atado autom\u00e1tico (alambre o correa) para un atado seguro de las pacas.<\/li>\n<\/ul>\n<h3 data-immersive-translate-walked=\"8568c6e5-cd47-46f2-928d-6bdcbffb2f39\">Aplicaciones<\/h3>\n<p class=\"ds-markdown-paragraph\" data-immersive-translate-walked=\"8568c6e5-cd47-46f2-928d-6bdcbffb2f39\" data-immersive-translate-paragraph=\"1\">La prensa embaladora horizontal de pl\u00e1stico totalmente autom\u00e1tica es ampliamente utilizada en:<\/p>\n<ol>\n<li class=\"ds-markdown-paragraph\" data-immersive-translate-walked=\"8568c6e5-cd47-46f2-928d-6bdcbffb2f39\" data-immersive-translate-paragraph=\"1\">Plantas de reciclaje de pl\u00e1stico - Comprimir PET, HDPE, PVC y otros desechos de pl\u00e1stico.<\/li>\n<li class=\"ds-markdown-paragraph\" data-immersive-translate-walked=\"8568c6e5-cd47-46f2-928d-6bdcbffb2f39\" data-immersive-translate-paragraph=\"1\">Instalaciones de gesti\u00f3n de residuos - Procesan residuos pl\u00e1sticos postconsumo e industriales.<\/li>\n<li class=\"ds-markdown-paragraph\" data-immersive-translate-walked=\"8568c6e5-cd47-46f2-928d-6bdcbffb2f39\" data-immersive-translate-paragraph=\"1\">Unidades de fabricaci\u00f3n - Manipulaci\u00f3n de recortes de producci\u00f3n, productos defectuosos y materiales de embalaje.<\/li>\n<li class=\"ds-markdown-paragraph\" data-immersive-translate-walked=\"8568c6e5-cd47-46f2-928d-6bdcbffb2f39\" data-immersive-translate-paragraph=\"1\">Centros log\u00edsticos y de distribuci\u00f3n - Reduzca el volumen de residuos para una eliminaci\u00f3n rentable.<\/li>\n<\/ol>\n<h3 data-immersive-translate-walked=\"8568c6e5-cd47-46f2-928d-6bdcbffb2f39\">Por qu\u00e9 elegir nuestra prensa embaladora horizontal de pl\u00e1sticos totalmente autom\u00e1tica<\/h3>\n<p class=\"ds-markdown-paragraph\" data-immersive-translate-walked=\"8568c6e5-cd47-46f2-928d-6bdcbffb2f39\" data-immersive-translate-paragraph=\"1\">\u2714 Mayor productividad: el flujo de trabajo automatizado acelera el empacado, ahorrando tiempo y mano de obra.<br data-immersive-translate-walked=\"8568c6e5-cd47-46f2-928d-6bdcbffb2f39\" \/>\u2714 Ahorro de costes - Las balas compactas suponen menores gastos de almacenamiento y transporte.<br data-immersive-translate-walked=\"8568c6e5-cd47-46f2-928d-6bdcbffb2f39\" \/>\u2714 Respetuoso con el medio ambiente - Apoya el reciclaje sostenible optimizando el procesamiento de residuos.<br data-immersive-translate-walked=\"8568c6e5-cd47-46f2-928d-6bdcbffb2f39\" \/>\u2714 Bajo mantenimiento: los componentes duraderos minimizan el tiempo de inactividad y los costes de reparaci\u00f3n.<\/p>\n<h3 data-immersive-translate-walked=\"8568c6e5-cd47-46f2-928d-6bdcbffb2f39\">Especificaciones t\u00e9cnicas<\/h3>\n<div data-immersive-translate-walked=\"8568c6e5-cd47-46f2-928d-6bdcbffb2f39\">\n<table border=\"0\" width=\"989\" cellspacing=\"0\" cellpadding=\"0\">\n<tbody>\n<tr>\n<td class=\"et2\" width=\"266\" height=\"18\">Modelo<\/td>\n<td class=\"et2\" width=\"175\">GSB-F0707<\/td>\n<td class=\"et2\" width=\"181\">GSB-F1107<\/td>\n<td class=\"et2\" width=\"187\">GSB-F1111<\/td>\n<td class=\"et2\" width=\"180\">GSB-F1112<\/td>\n<\/tr>\n<tr>\n<td class=\"et2\" height=\"18\">Tama\u00f1o del embalaje (A\u00d7A\u00d7U)(mm)<\/td>\n<td class=\"et2\">720\u00d7720\u00d7(500-1500)<\/td>\n<td class=\"et2\">1100\u00d7750\u00d7(500-1500)<\/td>\n<td class=\"et2\">1100\u00d71100\u00d7(500-1800)<\/td>\n<td class=\"et2\">1100\u00d71250\u00d7(500-1800)<\/td>\n<\/tr>\n<tr>\n<td class=\"et2\" height=\"18\">N\u00famero de pasadas de encuadernaci\u00f3n (PC)<\/td>\n<td class=\"et2\">4<\/td>\n<td class=\"et2\">4<\/td>\n<td class=\"et2\">5<\/td>\n<td class=\"et2\">5<\/td>\n<\/tr>\n<tr>\n<td class=\"et2\" height=\"18\">Presi\u00f3n de la botella principal (T)<\/td>\n<td class=\"et2\">63<\/td>\n<td class=\"et2\">63<\/td>\n<td class=\"et2\">100<\/td>\n<td class=\"et2\">112<\/td>\n<\/tr>\n<tr>\n<td class=\"et2\" height=\"18\">Potencia hidr\u00e1ulica (kW)<\/td>\n<td class=\"et2\">22<\/td>\n<td class=\"et2\">22<\/td>\n<td class=\"et2\">45<\/td>\n<td class=\"et2\">55<\/td>\n<\/tr>\n<tr>\n<td class=\"et2\" height=\"18\">Tama\u00f1o del alojamiento (L\u00d7A\u00d7H)(mm)<\/td>\n<td class=\"et2\">6780\u00d73000\u00d73600<\/td>\n<td class=\"et2\">6880\u00d73800\u00d73600<\/td>\n<td class=\"et2\">8560\u00d73910\u00d74500<\/td>\n<td class=\"et2\">9260\u00d74120\u00d74850<\/td>\n<\/tr>\n<tr>\n<td class=\"et2\" height=\"18\">Peso total (kg)<\/td>\n<td class=\"et2\">Aproximadamente 6800<\/td>\n<td class=\"et2\">Aproximadamente 9100<\/td>\n<td class=\"et2\">Aproximadamente 18600<\/td>\n<td class=\"et2\">Aproximadamente 21300<\/td>\n<\/tr>\n<\/tbody>\n<\/table>\n<\/div>\n<p class=\"ds-markdown-paragraph\" data-immersive-translate-walked=\"8568c6e5-cd47-46f2-928d-6bdcbffb2f39\"><em data-immersive-translate-walked=\"8568c6e5-cd47-46f2-928d-6bdcbffb2f39\" data-immersive-translate-paragraph=\"1\">(Configuraciones personalizadas disponibles bajo pedido).<\/em><\/p>\n<h3 data-immersive-translate-walked=\"8568c6e5-cd47-46f2-928d-6bdcbffb2f39\">Conclusi\u00f3n<\/h3>\n<p class=\"ds-markdown-paragraph\" data-immersive-translate-walked=\"8568c6e5-cd47-46f2-928d-6bdcbffb2f39\" data-immersive-translate-paragraph=\"1\">La prensa horizontal de pl\u00e1stico totalmente autom\u00e1tica es una soluci\u00f3n inteligente, eficiente y fiable para la compactaci\u00f3n de residuos pl\u00e1sticos. Con automatizaci\u00f3n, alta potencia de compresi\u00f3n y bajos costes operativos, es la opci\u00f3n ideal para las empresas que buscan optimizar los procesos de reciclaje y reducir los gastos de manipulaci\u00f3n de residuos.<\/p>","protected":false},"excerpt":{"rendered":"<p>Comprime eficientemente PET, HDPE y otros residuos pl\u00e1sticos, completando autom\u00e1ticamente todo el proceso de alimentaci\u00f3n, compresi\u00f3n y empaquetado. Accionamiento hidr\u00e1ulico, con fuerte presi\u00f3n y alta densidad de empaquetado, ahorrando costes de almacenamiento y transporte. Adecuado para estaciones de reciclaje y plantas de procesamiento de pl\u00e1stico, mejorando la eficiencia de tratamiento de residuos en m\u00e1s de 30%.<\/p>","protected":false},"featured_media":1959,"template":"","meta":{"site-sidebar-layout":"default","site-content-layout":"","ast-site-content-layout":"default","site-content-style":"default","site-sidebar-style":"default","ast-global-header-display":"","ast-banner-title-visibility":"","ast-main-header-display":"","ast-hfb-above-header-display":"","ast-hfb-below-header-display":"","ast-hfb-mobile-header-display":"","site-post-title":"","ast-breadcrumbs-content":"","ast-featured-img":"","footer-sml-layout":"","ast-disable-related-posts":"","theme-transparent-header-meta":"default","adv-header-id-meta":"","stick-header-meta":"","header-above-stick-meta":"","header-main-stick-meta":"","header-below-stick-meta":"","astra-migrate-meta-layouts":"set","ast-page-background-enabled":"default","ast-page-background-meta":{"desktop":{"background-color":"var(--ast-global-color-5)","background-image":"","background-repeat":"repeat","background-position":"center center","background-size":"auto","background-attachment":"scroll","background-type":"","background-media":"","overlay-type":"","overlay-color":"","overlay-opacity":"","overlay-gradient":""},"tablet":{"background-color":"","background-image":"","background-repeat":"repeat","background-position":"center center","background-size":"auto","background-attachment":"scroll","background-type":"","background-media":"","overlay-type":"","overlay-color":"","overlay-opacity":"","overlay-gradient":""},"mobile":{"background-color":"","background-image":"","background-repeat":"repeat","background-position":"center center","background-size":"auto","background-attachment":"scroll","background-type":"","background-media":"","overlay-type":"","overlay-color":"","overlay-opacity":"","overlay-gradient":""}},"ast-content-background-meta":{"desktop":{"background-color":"var(--ast-global-color-4)","background-image":"","background-repeat":"repeat","background-position":"center center","background-size":"auto","background-attachment":"scroll","background-type":"","background-media":"","overlay-type":"","overlay-color":"","overlay-opacity":"","overlay-gradient":""},"tablet":{"background-color":"var(--ast-global-color-4)","background-image":"","background-repeat":"repeat","background-position":"center center","background-size":"auto","background-attachment":"scroll","background-type":"","background-media":"","overlay-type":"","overlay-color":"","overlay-opacity":"","overlay-gradient":""},"mobile":{"background-color":"var(--ast-global-color-4)","background-image":"","background-repeat":"repeat","background-position":"center center","background-size":"auto","background-attachment":"scroll","background-type":"","background-media":"","overlay-type":"","overlay-color":"","overlay-opacity":"","overlay-gradient":""}}},"product_brand":[],"product_cat":[21,153],"product_tag":[],"class_list":{"0":"post-1969","1":"product","2":"type-product","3":"status-publish","4":"has-post-thumbnail","6":"product_cat-baling-machine","7":"product_cat-horizontal-baler","8":"desktop-align-left","9":"tablet-align-left","10":"mobile-align-left","12":"first","13":"instock","14":"shipping-taxable","15":"product-type-simple"},"_links":{"self":[{"href":"https:\/\/www.gigapa.com\/es\/wp-json\/wp\/v2\/product\/1969","targetHints":{"allow":["GET"]}}],"collection":[{"href":"https:\/\/www.gigapa.com\/es\/wp-json\/wp\/v2\/product"}],"about":[{"href":"https:\/\/www.gigapa.com\/es\/wp-json\/wp\/v2\/types\/product"}],"version-history":[{"count":4,"href":"https:\/\/www.gigapa.com\/es\/wp-json\/wp\/v2\/product\/1969\/revisions"}],"predecessor-version":[{"id":2386,"href":"https:\/\/www.gigapa.com\/es\/wp-json\/wp\/v2\/product\/1969\/revisions\/2386"}],"wp:featuredmedia":[{"embeddable":true,"href":"https:\/\/www.gigapa.com\/es\/wp-json\/wp\/v2\/media\/1959"}],"wp:attachment":[{"href":"https:\/\/www.gigapa.com\/es\/wp-json\/wp\/v2\/media?parent=1969"}],"wp:term":[{"taxonomy":"product_brand","embeddable":true,"href":"https:\/\/www.gigapa.com\/es\/wp-json\/wp\/v2\/product_brand?post=1969"},{"taxonomy":"product_cat","embeddable":true,"href":"https:\/\/www.gigapa.com\/es\/wp-json\/wp\/v2\/product_cat?post=1969"},{"taxonomy":"product_tag","embeddable":true,"href":"https:\/\/www.gigapa.com\/es\/wp-json\/wp\/v2\/product_tag?post=1969"}],"curies":[{"name":"wp","href":"https:\/\/api.w.org\/{rel}","templated":true}]}}