{"id":1971,"date":"2025-06-17T11:30:43","date_gmt":"2025-06-17T03:30:43","guid":{"rendered":"https:\/\/www.gigapa.com\/?post_type=product&#038;p=1971"},"modified":"2025-11-05T08:59:57","modified_gmt":"2025-11-05T00:59:57","slug":"fully-automatic-strapping-baler-iron-wire","status":"publish","type":"product","link":"https:\/\/www.gigapa.com\/es\/product\/fully-automatic-strapping-baler-iron-wire\/","title":{"rendered":"Prensa embaladora autom\u00e1tica de flejes (alambre de hierro)"},"content":{"rendered":"<p data-start=\"226\" data-end=\"712\">La prensa flejadora totalmente autom\u00e1tica (alambre de hierro) es una m\u00e1quina de gesti\u00f3n de residuos robusta e inteligente dise\u00f1ada para agilizar el proceso de reciclaje mediante la compresi\u00f3n de grandes vol\u00famenes de material en balas densas y f\u00e1ciles de manejar aseguradas con alambre de hierro duradero. Fabricada para aplicaciones industriales de alto rendimiento, esta prensa ofrece automatizaci\u00f3n, velocidad y seguridad, lo que la convierte en la soluci\u00f3n ideal para centros modernos de procesamiento y reciclaje de residuos, centros log\u00edsticos e instalaciones de fabricaci\u00f3n.<\/p>\n<p data-start=\"714\" data-end=\"1009\">A medida que aumenta el volumen de residuos en todos los sectores, las empresas necesitan soluciones eficientes y fiables para gestionar y transportar los materiales reciclables. Esta empacadora satisface esa necesidad ofreciendo un sistema de empacado y flejado totalmente automatizado, lo que reduce significativamente los costes de mano de obra y mejora la eficiencia operativa.<\/p>\n<h3 data-start=\"1016\" data-end=\"1038\">Caracter\u00edsticas principales<\/h3>\n<p data-start=\"1040\" data-end=\"1077\"><strong>Funcionamiento totalmente autom\u00e1tico<\/strong><\/p>\n<p data-start=\"1078\" data-end=\"1436\">Desde la alimentaci\u00f3n hasta la compresi\u00f3n, pasando por la expulsi\u00f3n de las pacas y el flejado, todos los procesos se controlan autom\u00e1ticamente mediante un sistema PLC de f\u00e1cil manejo. Los operadores s\u00f3lo tienen que ajustar los par\u00e1metros y supervisar el rendimiento a trav\u00e9s de una interfaz de pantalla t\u00e1ctil, lo que permite que la empacadora funcione con una intervenci\u00f3n humana m\u00ednima. Esto garantiza un rendimiento constante y aumenta enormemente la productividad.<\/p>\n<p data-start=\"1438\" data-end=\"1483\"><strong>Sistema de flejado de alambre de hierro resistente<\/strong><\/p>\n<p data-start=\"1484\" data-end=\"1871\">A diferencia de las empacadoras que utilizan correas de pl\u00e1stico o hilo, este modelo utiliza alambre de hierro para el flejado, lo que ofrece una resistencia y durabilidad superiores. Esto es especialmente importante para materiales pesados y r\u00edgidos como cart\u00f3n, cartones y papel comprimido. El sistema autom\u00e1tico de atado con alambre garantiza que cada paca quede bien sujeta, estable durante el transporte y conforme a los requisitos de las instalaciones de reciclaje.<\/p>\n<p data-start=\"1873\" data-end=\"1908\"><strong>Construcci\u00f3n resistente<\/strong><\/p>\n<p data-start=\"1909\" data-end=\"2245\">Construida con acero de alta calidad resistente al desgaste, esta empacadora est\u00e1 dise\u00f1ada para un uso industrial ininterrumpido. Su bastidor reforzado, componentes hidr\u00e1ulicos y revestimientos resistentes al desgaste est\u00e1n dise\u00f1ados para soportar un funcionamiento a alta presi\u00f3n sin deformaci\u00f3n ni mantenimiento frecuente. Tambi\u00e9n incluye un potente sistema hidr\u00e1ulico para una compactaci\u00f3n fuerte y r\u00e1pida.<\/p>\n<p data-start=\"2247\" data-end=\"2281\"><strong>Producci\u00f3n constante de balas<\/strong><\/p>\n<p data-start=\"2282\" data-end=\"2558\">La m\u00e1quina produce balas uniformes de alta densidad con longitud y peso ajustables en funci\u00f3n del material y las necesidades del cliente. Esta uniformidad mejora la utilizaci\u00f3n del espacio en el almacenamiento y durante el transporte, lo que se traduce en menores costes log\u00edsticos y una gesti\u00f3n m\u00e1s organizada de los residuos.<\/p>\n<p data-start=\"2560\" data-end=\"2588\"><strong>Seguridad y control<\/strong><\/p>\n<p data-start=\"2589\" data-end=\"2899\">La seguridad es una caracter\u00edstica fundamental de esta empacadora. Los botones de parada de emergencia, los enclavamientos de puerta, la protecci\u00f3n contra sobrecargas y las alarmas de aver\u00eda est\u00e1n integrados para garantizar la seguridad del operador y evitar da\u00f1os en la m\u00e1quina. El panel de control inteligente muestra datos de funcionamiento en tiempo real y alertas del sistema para una respuesta r\u00e1pida y un funcionamiento sin problemas.<\/p>\n<h3 data-start=\"4041\" data-end=\"4064\">Aplicaciones<\/h3>\n<p data-start=\"4066\" data-end=\"4171\">La prensa embaladora autom\u00e1tica de flejes (alambre de hierro) se utiliza ampliamente en una variedad de industrias, incluyendo:<\/p>\n<ul>\n<li data-start=\"4175\" data-end=\"4256\">Centros de reciclaje - Para comprimir residuos de papel, cart\u00f3n y papel mezclado<\/li>\n<li data-start=\"4259\" data-end=\"4357\">Plantas de envasado e impresi\u00f3n - Gestionar los residuos generados por recortes e impresiones defectuosas<\/li>\n<li data-start=\"4360\" data-end=\"4442\">F\u00e1bricas de papel - Para recoger y enfardar recortes de bordes y rollos de desecho<\/li>\n<li data-start=\"4445\" data-end=\"4540\">Almacenes y centros de distribuci\u00f3n - Para compactar cartones y materiales de embalaje usados<\/li>\n<li data-start=\"4543\" data-end=\"4639\">Instalaciones de residuos s\u00f3lidos urbanos - Para la manipulaci\u00f3n de residuos secos antes de su transporte o incineraci\u00f3n<\/li>\n<\/ul>\n<p data-start=\"4641\" data-end=\"4669\">Es apto para la manipulaci\u00f3n:<\/p>\n<ul>\n<li data-start=\"4673\" data-end=\"4703\">Viejos cartones ondulados (OCC)<\/li>\n<li data-start=\"4706\" data-end=\"4733\">Residuos de papel y peri\u00f3dicos<\/li>\n<li data-start=\"4736\" data-end=\"4759\">Residuos de envases de papel<\/li>\n<li data-start=\"4762\" data-end=\"4814\">Residuos textiles ligeros (con configuraciones opcionales)<\/li>\n<\/ul>\n<h3 data-start=\"4821\" data-end=\"4860\">Ventajas para su empresa<\/h3>\n<ul>\n<li data-start=\"4864\" data-end=\"4985\">Menor dependencia de la mano de obra: La automatizaci\u00f3n total reduce las operaciones manuales, aumentando el rendimiento con menos trabajadores.<\/li>\n<li data-start=\"4988\" data-end=\"5079\">Menores costes de transporte: Las pacas m\u00e1s densas suponen menos viajes y m\u00e1s material por carga.<\/li>\n<li data-start=\"5082\" data-end=\"5189\">Mayor eficiencia en el lugar de trabajo: El almacenamiento limpio y compacto mejora la organizaci\u00f3n y la seguridad general de la planta.<\/li>\n<li data-start=\"5192\" data-end=\"5298\">Producci\u00f3n de calidad constante: Las pacas uniformes con flejes resistentes reducen la p\u00e9rdida de material durante la manipulaci\u00f3n.<\/li>\n<li data-start=\"5301\" data-end=\"5400\">Durabilidad y fiabilidad: Fabricado para durar en entornos industriales dif\u00edciles con un tiempo de inactividad m\u00ednimo.<\/li>\n<\/ul>\n<h3 data-start=\"5849\" data-end=\"5870\">Conclusi\u00f3n<\/h3>\n<p data-start=\"5872\" data-end=\"6234\">La prensa flejadora totalmente autom\u00e1tica (Iron Wire) no es s\u00f3lo una m\u00e1quina, es una inversi\u00f3n inteligente en eficiencia, sostenibilidad y reducci\u00f3n de costes. Dise\u00f1ada teniendo en cuenta las exigencias industriales, ofrece un rendimiento s\u00f3lido, un control inteligente y una potencia de flejado fiable, lo que permite a su empresa gestionar los materiales reciclables con m\u00e1s eficacia que nunca.<\/p>\n<p data-start=\"6236\" data-end=\"6434\">P\u00f3ngase en contacto con nosotros hoy mismo para saber c\u00f3mo puede encajar esta empacadora en su proceso de gesti\u00f3n de residuos o reciclaje. Disponemos de modelos personalizados y servicios OEM\/ODM para distribuidores globales y clientes empresariales.<\/p>","protected":false},"excerpt":{"rendered":"<p>Esta empacadora totalmente autom\u00e1tica est\u00e1 equipada con un sistema de flejado de alambre de hierro, que proporciona una sujeci\u00f3n robusta y fiable de las balas para aplicaciones de trabajo pesado. Ideal para comprimir papel, cart\u00f3n y otros materiales reciclables en entornos de gran volumen. Ofrece alimentaci\u00f3n, prensado y flejado horizontal autom\u00e1ticos, lo que reduce los costes de mano de obra y mejora la eficacia del procesamiento. Su estructura duradera y su control PLC inteligente la hacen adecuada para un uso industrial ininterrumpido.<\/p>","protected":false},"featured_media":1958,"template":"","meta":{"site-sidebar-layout":"default","site-content-layout":"","ast-site-content-layout":"default","site-content-style":"default","site-sidebar-style":"default","ast-global-header-display":"","ast-banner-title-visibility":"","ast-main-header-display":"","ast-hfb-above-header-display":"","ast-hfb-below-header-display":"","ast-hfb-mobile-header-display":"","site-post-title":"","ast-breadcrumbs-content":"","ast-featured-img":"","footer-sml-layout":"","ast-disable-related-posts":"","theme-transparent-header-meta":"default","adv-header-id-meta":"","stick-header-meta":"","header-above-stick-meta":"","header-main-stick-meta":"","header-below-stick-meta":"","astra-migrate-meta-layouts":"set","ast-page-background-enabled":"default","ast-page-background-meta":{"desktop":{"background-color":"var(--ast-global-color-5)","background-image":"","background-repeat":"repeat","background-position":"center center","background-size":"auto","background-attachment":"scroll","background-type":"","background-media":"","overlay-type":"","overlay-color":"","overlay-opacity":"","overlay-gradient":""},"tablet":{"background-color":"","background-image":"","background-repeat":"repeat","background-position":"center center","background-size":"auto","background-attachment":"scroll","background-type":"","background-media":"","overlay-type":"","overlay-color":"","overlay-opacity":"","overlay-gradient":""},"mobile":{"background-color":"","background-image":"","background-repeat":"repeat","background-position":"center center","background-size":"auto","background-attachment":"scroll","background-type":"","background-media":"","overlay-type":"","overlay-color":"","overlay-opacity":"","overlay-gradient":""}},"ast-content-background-meta":{"desktop":{"background-color":"var(--ast-global-color-4)","background-image":"","background-repeat":"repeat","background-position":"center center","background-size":"auto","background-attachment":"scroll","background-type":"","background-media":"","overlay-type":"","overlay-color":"","overlay-opacity":"","overlay-gradient":""},"tablet":{"background-color":"var(--ast-global-color-4)","background-image":"","background-repeat":"repeat","background-position":"center center","background-size":"auto","background-attachment":"scroll","background-type":"","background-media":"","overlay-type":"","overlay-color":"","overlay-opacity":"","overlay-gradient":""},"mobile":{"background-color":"var(--ast-global-color-4)","background-image":"","background-repeat":"repeat","background-position":"center center","background-size":"auto","background-attachment":"scroll","background-type":"","background-media":"","overlay-type":"","overlay-color":"","overlay-opacity":"","overlay-gradient":""}}},"product_brand":[],"product_cat":[21,153],"product_tag":[],"class_list":{"0":"post-1971","1":"product","2":"type-product","3":"status-publish","4":"has-post-thumbnail","6":"product_cat-baling-machine","7":"product_cat-horizontal-baler","8":"desktop-align-left","9":"tablet-align-left","10":"mobile-align-left","12":"first","13":"instock","14":"shipping-taxable","15":"product-type-simple"},"_links":{"self":[{"href":"https:\/\/www.gigapa.com\/es\/wp-json\/wp\/v2\/product\/1971","targetHints":{"allow":["GET"]}}],"collection":[{"href":"https:\/\/www.gigapa.com\/es\/wp-json\/wp\/v2\/product"}],"about":[{"href":"https:\/\/www.gigapa.com\/es\/wp-json\/wp\/v2\/types\/product"}],"version-history":[{"count":4,"href":"https:\/\/www.gigapa.com\/es\/wp-json\/wp\/v2\/product\/1971\/revisions"}],"predecessor-version":[{"id":2799,"href":"https:\/\/www.gigapa.com\/es\/wp-json\/wp\/v2\/product\/1971\/revisions\/2799"}],"wp:featuredmedia":[{"embeddable":true,"href":"https:\/\/www.gigapa.com\/es\/wp-json\/wp\/v2\/media\/1958"}],"wp:attachment":[{"href":"https:\/\/www.gigapa.com\/es\/wp-json\/wp\/v2\/media?parent=1971"}],"wp:term":[{"taxonomy":"product_brand","embeddable":true,"href":"https:\/\/www.gigapa.com\/es\/wp-json\/wp\/v2\/product_brand?post=1971"},{"taxonomy":"product_cat","embeddable":true,"href":"https:\/\/www.gigapa.com\/es\/wp-json\/wp\/v2\/product_cat?post=1971"},{"taxonomy":"product_tag","embeddable":true,"href":"https:\/\/www.gigapa.com\/es\/wp-json\/wp\/v2\/product_tag?post=1971"}],"curies":[{"name":"wp","href":"https:\/\/api.w.org\/{rel}","templated":true}]}}