{"id":1976,"date":"2025-06-19T09:49:20","date_gmt":"2025-06-19T01:49:20","guid":{"rendered":"https:\/\/www.gigapa.com\/?post_type=product&#038;p=1976"},"modified":"2026-05-08T17:27:17","modified_gmt":"2026-05-08T09:27:17","slug":"fully-auto-textile-horizontal-baler","status":"publish","type":"product","link":"https:\/\/www.gigapa.com\/es\/product\/fully-auto-textile-horizontal-baler\/","title":{"rendered":"Prensa embaladora horizontal semiautom\u00e1tica de textiles"},"content":{"rendered":"<p data-start=\"304\" data-end=\"670\">La prensa horizontal semiautom\u00e1tica para textiles es una soluci\u00f3n de empacado de alta eficiencia dise\u00f1ada espec\u00edficamente para la industria textil. Tanto si se trata de retales de algod\u00f3n, recortes de tejido, residuos de hilo o materiales no tejidos, esta m\u00e1quina automatiza todo el proceso de empacado para ayudar a las empresas a maximizar la productividad, reducir los costes de mano de obra y mejorar la eficiencia del almacenamiento.<\/p>\n<h3 data-start=\"672\" data-end=\"722\">\u00bfQu\u00e9 es una prensa embaladora horizontal semiautom\u00e1tica de textiles?<\/h3>\n<p data-start=\"724\" data-end=\"1184\">Una prensa horizontal semiautom\u00e1tica para textiles es un tipo de compactadora de residuos dise\u00f1ada para comprimir materiales textiles en balas densas y manejables. A diferencia de los modelos manuales o semiautom\u00e1ticos, esta prensa se caracteriza por la semiautomatizaci\u00f3n de la alimentaci\u00f3n, la compresi\u00f3n, el atado y la expulsi\u00f3n de las balas. Su dise\u00f1o horizontal la hace ideal para la alimentaci\u00f3n continua y las operaciones de gran volumen, lo que la convierte en la opci\u00f3n preferida para centros de reciclaje textil, f\u00e1bricas de confecci\u00f3n y f\u00e1bricas de tejidos.<\/p>\n<h3 data-start=\"1186\" data-end=\"1215\">Principales caracter\u00edsticas y ventajas<\/h3>\n<p data-start=\"1217\" data-end=\"1254\"><strong>1. Funcionamiento semiautom\u00e1tico<\/strong><\/p>\n<p data-start=\"1255\" data-end=\"1481\">Con control PLC y sensores automatizados, la m\u00e1quina requiere una intervenci\u00f3n manual m\u00ednima. Los procesos de alimentaci\u00f3n, compresi\u00f3n y atado se completan autom\u00e1ticamente, lo que garantiza un funcionamiento continuo y reduce la dependencia de la mano de obra.<\/p>\n<p data-start=\"1483\" data-end=\"1527\"><strong>2. Tratamiento eficaz de los residuos textiles<\/strong><\/p>\n<p data-start=\"1528\" data-end=\"1783\">Esta empacadora est\u00e1 dise\u00f1ada para manipular una amplia variedad de residuos textiles, como algod\u00f3n, lana, poli\u00e9ster, fieltro, tela vaquera y otras fibras sint\u00e9ticas o mezcladas. Garantiza un tama\u00f1o y peso uniformes de las balas, lo que mejora la eficacia de la carga para el almacenamiento o el transporte.<\/p>\n<p data-start=\"1785\" data-end=\"1829\"><strong>3. Alto rendimiento y productividad<\/strong><\/p>\n<p data-start=\"1830\" data-end=\"2076\">La prensa horizontal semiautom\u00e1tica para textiles est\u00e1 dise\u00f1ada para l\u00edneas de producci\u00f3n de gran capacidad. Cuenta con una amplia tolva de alimentaci\u00f3n y un fuerte sistema hidr\u00e1ulico para comprimir grandes vol\u00famenes de residuos r\u00e1pidamente, ideal para instalaciones de producci\u00f3n textil a gran escala.<\/p>\n<p data-start=\"2078\" data-end=\"2113\"><strong>4. Tama\u00f1os de bala que ahorran espacio<\/strong><\/p>\n<p data-start=\"2114\" data-end=\"2319\">La m\u00e1quina comprime los residuos textiles sueltos en balas compactas, reduciendo significativamente el espacio de almacenamiento. Las balas densas son m\u00e1s f\u00e1ciles de apilar, transportar y reciclar, lo que hace m\u00e1s eficiente la gesti\u00f3n del almac\u00e9n.<\/p>\n<p data-start=\"2321\" data-end=\"2368\"><strong>5. Estructura duradera y larga vida \u00fatil<\/strong><\/p>\n<p data-start=\"2369\" data-end=\"2596\">Construida con bastidores de acero reforzado y componentes resistentes al desgaste, esta empacadora est\u00e1 dise\u00f1ada para un funcionamiento a largo plazo en entornos industriales exigentes. Su robusto sistema hidr\u00e1ulico garantiza un rendimiento estable durante a\u00f1os de uso.<\/p>\n<p data-start=\"2598\" data-end=\"2629\"><strong>6. Dise\u00f1o personalizable<\/strong><\/p>\n<p data-start=\"2630\" data-end=\"2853\">La m\u00e1quina puede personalizarse en funci\u00f3n del tama\u00f1o y el tipo de residuos textiles que manipule. El tama\u00f1o de la bala, la fuerza de prensado y el m\u00e9todo de atado (flejado autom\u00e1tico con alambre o pl\u00e1stico) pueden ajustarse para adaptarse a sus necesidades operativas.<\/p>\n<h3 data-start=\"2855\" data-end=\"2895\">Aplicaciones en la industria textil<\/h3>\n<p data-start=\"2897\" data-end=\"2968\">La prensa compactadora horizontal autom\u00e1tica de desperdicios textiles es ampliamente utilizada en:<\/p>\n<ul>\n<li data-start=\"2972\" data-end=\"3000\">F\u00e1bricas de confecci\u00f3n<\/li>\n<li data-start=\"3003\" data-end=\"3031\">Instalaciones de reciclado textil<\/li>\n<li data-start=\"3034\" data-end=\"3060\">Hilander\u00edas y tejedur\u00edas<\/li>\n<li data-start=\"3063\" data-end=\"3089\">Productores de telas no tejidas<\/li>\n<li data-start=\"3092\" data-end=\"3118\">Puestos de embalaje en almac\u00e9n<\/li>\n<\/ul>\n<p data-start=\"3120\" data-end=\"3254\">Es especialmente eficaz para las empresas que pretenden reducir los costes operativos al tiempo que mantienen un sistema de gesti\u00f3n de residuos respetuoso con el medio ambiente.<\/p>\n<h3 data-start=\"3256\" data-end=\"3311\">\u00bfPor qu\u00e9 elegir nuestra prensa embaladora horizontal semiautom\u00e1tica de textiles?<\/h3>\n<ul>\n<li data-start=\"3315\" data-end=\"3369\">Ahorro de mano de obra: Reduce la carga de trabajo manual en m\u00e1s de 80%.<\/li>\n<li data-start=\"3372\" data-end=\"3442\">Eficiencia mejorada: Hasta 50% m\u00e1s productivas que las empacadoras manuales.<\/li>\n<li data-start=\"3445\" data-end=\"3543\">Calidad uniforme de las balas: El tama\u00f1o uniforme de las balas facilita el transporte y el reciclaje.<\/li>\n<li data-start=\"3546\" data-end=\"3649\">F\u00e1cil mantenimiento: El dise\u00f1o modular garantiza un acceso r\u00e1pido a los componentes para su inspecci\u00f3n y mantenimiento.<\/li>\n<li data-start=\"3652\" data-end=\"3743\">Respetuoso con el medio ambiente: Fomenta el reciclaje textil y ayuda a reducir los residuos de los vertederos.<\/li>\n<\/ul>\n<h3 data-start=\"3745\" data-end=\"3778\">Asistencia t\u00e9cnica y servicio<\/h3>\n<p data-start=\"3780\" data-end=\"4066\">Proporcionamos un amplio soporte post-venta para nuestra prensa embaladora horizontal textil, incluyendo gu\u00eda de instalaci\u00f3n, formaci\u00f3n de operadores, programas de mantenimiento regular, y una garant\u00eda de un a\u00f1o. Nuestro equipo t\u00e9cnico est\u00e1 disponible para la soluci\u00f3n de problemas a distancia o in situ siempre que sea necesario.<\/p>\n<h3 data-start=\"4068\" data-end=\"4086\">Reflexiones finales<\/h3>\n<p data-start=\"4088\" data-end=\"4476\">La prensa horizontal semiautom\u00e1tica para textiles es m\u00e1s que una simple m\u00e1quina compactadora de residuos; es una inversi\u00f3n inteligente que contribuye al ahorro de costes, la racionalizaci\u00f3n de la producci\u00f3n y la gesti\u00f3n sostenible de los residuos textiles. Para los fabricantes y recicladores que buscan optimizar el espacio, mejorar la seguridad y aumentar la eficiencia operativa, esta prensa semiautom\u00e1tica ofrece una soluci\u00f3n ideal a largo plazo.<\/p>\n<p data-start=\"4478\" data-end=\"4594\">P\u00f3ngase en contacto con nosotros hoy mismo para obtener m\u00e1s informaci\u00f3n sobre c\u00f3mo la prensa horizontal semiautom\u00e1tica para textiles puede beneficiar a su empresa.<\/p>","protected":false},"excerpt":{"rendered":"<p>La prensa horizontal semiautom\u00e1tica para textiles est\u00e1 dise\u00f1ada para la compresi\u00f3n eficaz de residuos textiles, incluidos restos de tejidos, ropa usada y recortes de producci\u00f3n. Con alimentaci\u00f3n, compactaci\u00f3n, flejado y expulsi\u00f3n de balas semiautom\u00e1ticas, reduce significativamente la mano de obra a la vez que aumenta la producci\u00f3n. Ideal para talleres de confecci\u00f3n, f\u00e1bricas textiles e instalaciones de reciclaje, esta m\u00e1quina crea balas densas y uniformes que son f\u00e1ciles de manejar y transportar. Construida para un funcionamiento continuo, cuenta con un sistema de control PLC, una robusta construcci\u00f3n de acero y ajustes personalizables para adaptarse a distintos tipos y vol\u00famenes de material. Una soluci\u00f3n perfecta para la gesti\u00f3n de residuos textiles a gran escala.<\/p>","protected":false},"featured_media":1956,"template":"","meta":{"site-sidebar-layout":"default","site-content-layout":"","ast-site-content-layout":"default","site-content-style":"default","site-sidebar-style":"default","ast-global-header-display":"","ast-banner-title-visibility":"","ast-main-header-display":"","ast-hfb-above-header-display":"","ast-hfb-below-header-display":"","ast-hfb-mobile-header-display":"","site-post-title":"","ast-breadcrumbs-content":"","ast-featured-img":"","footer-sml-layout":"","ast-disable-related-posts":"","theme-transparent-header-meta":"default","adv-header-id-meta":"","stick-header-meta":"","header-above-stick-meta":"","header-main-stick-meta":"","header-below-stick-meta":"","astra-migrate-meta-layouts":"set","ast-page-background-enabled":"default","ast-page-background-meta":{"desktop":{"background-color":"var(--ast-global-color-5)","background-image":"","background-repeat":"repeat","background-position":"center center","background-size":"auto","background-attachment":"scroll","background-type":"","background-media":"","overlay-type":"","overlay-color":"","overlay-opacity":"","overlay-gradient":""},"tablet":{"background-color":"","background-image":"","background-repeat":"repeat","background-position":"center center","background-size":"auto","background-attachment":"scroll","background-type":"","background-media":"","overlay-type":"","overlay-color":"","overlay-opacity":"","overlay-gradient":""},"mobile":{"background-color":"","background-image":"","background-repeat":"repeat","background-position":"center center","background-size":"auto","background-attachment":"scroll","background-type":"","background-media":"","overlay-type":"","overlay-color":"","overlay-opacity":"","overlay-gradient":""}},"ast-content-background-meta":{"desktop":{"background-color":"var(--ast-global-color-4)","background-image":"","background-repeat":"repeat","background-position":"center center","background-size":"auto","background-attachment":"scroll","background-type":"","background-media":"","overlay-type":"","overlay-color":"","overlay-opacity":"","overlay-gradient":""},"tablet":{"background-color":"var(--ast-global-color-4)","background-image":"","background-repeat":"repeat","background-position":"center center","background-size":"auto","background-attachment":"scroll","background-type":"","background-media":"","overlay-type":"","overlay-color":"","overlay-opacity":"","overlay-gradient":""},"mobile":{"background-color":"var(--ast-global-color-4)","background-image":"","background-repeat":"repeat","background-position":"center center","background-size":"auto","background-attachment":"scroll","background-type":"","background-media":"","overlay-type":"","overlay-color":"","overlay-opacity":"","overlay-gradient":""}}},"product_brand":[],"product_cat":[21,153],"product_tag":[199,198,200,195,202,201,196,194,203,197],"class_list":{"0":"post-1976","1":"product","2":"type-product","3":"status-publish","4":"has-post-thumbnail","6":"product_cat-baling-machine","7":"product_cat-horizontal-baler","8":"product_tag-clothes-baler-machine","9":"product_tag-fabric-baling-press","10":"product_tag-garment-waste-baler","11":"product_tag-horizontal-textile-baler","12":"product_tag-hydraulic-textile-baler","13":"product_tag-industrial-textile-baler","14":"product_tag-semi-automatic-baler-machine","15":"product_tag-textile-baling-machine","16":"product_tag-textile-recycling-baler","17":"product_tag-textile-waste-baler","18":"desktop-align-left","19":"tablet-align-left","20":"mobile-align-left","22":"first","23":"instock","24":"shipping-taxable","25":"product-type-simple"},"_links":{"self":[{"href":"https:\/\/www.gigapa.com\/es\/wp-json\/wp\/v2\/product\/1976","targetHints":{"allow":["GET"]}}],"collection":[{"href":"https:\/\/www.gigapa.com\/es\/wp-json\/wp\/v2\/product"}],"about":[{"href":"https:\/\/www.gigapa.com\/es\/wp-json\/wp\/v2\/types\/product"}],"version-history":[{"count":4,"href":"https:\/\/www.gigapa.com\/es\/wp-json\/wp\/v2\/product\/1976\/revisions"}],"predecessor-version":[{"id":2794,"href":"https:\/\/www.gigapa.com\/es\/wp-json\/wp\/v2\/product\/1976\/revisions\/2794"}],"wp:featuredmedia":[{"embeddable":true,"href":"https:\/\/www.gigapa.com\/es\/wp-json\/wp\/v2\/media\/1956"}],"wp:attachment":[{"href":"https:\/\/www.gigapa.com\/es\/wp-json\/wp\/v2\/media?parent=1976"}],"wp:term":[{"taxonomy":"product_brand","embeddable":true,"href":"https:\/\/www.gigapa.com\/es\/wp-json\/wp\/v2\/product_brand?post=1976"},{"taxonomy":"product_cat","embeddable":true,"href":"https:\/\/www.gigapa.com\/es\/wp-json\/wp\/v2\/product_cat?post=1976"},{"taxonomy":"product_tag","embeddable":true,"href":"https:\/\/www.gigapa.com\/es\/wp-json\/wp\/v2\/product_tag?post=1976"}],"curies":[{"name":"wp","href":"https:\/\/api.w.org\/{rel}","templated":true}]}}