{"id":1978,"date":"2025-06-17T11:48:05","date_gmt":"2025-06-17T03:48:05","guid":{"rendered":"https:\/\/www.gigapa.com\/?post_type=product&#038;p=1978"},"modified":"2026-03-16T14:51:49","modified_gmt":"2026-03-16T06:51:49","slug":"animal-bedding-shavings-machine","status":"publish","type":"product","link":"https:\/\/www.gigapa.com\/es\/product\/animal-bedding-shavings-machine\/","title":{"rendered":"M\u00e1quina de virutas para lechos de animales"},"content":{"rendered":"<p data-start=\"207\" data-end=\"684\" data-immersive-translate-walked=\"0e74255f-0271-4f05-bd9c-3cfa8dc97462\" data-immersive-translate-paragraph=\"1\">La m\u00e1quina de virutas para lechos de animales es una unidad de procesamiento de madera especializada dise\u00f1ada para convertir troncos, recortes de madera o bloques de madera en virutas de madera suaves, esponjosas y consistentes, ideales para lechos de animales. Tanto si se dedica a la ganader\u00eda como a la gesti\u00f3n de instalaciones equinas o a la producci\u00f3n de lechos comerciales, esta m\u00e1quina garantiza un suministro fiable e higi\u00e9nico de virutas de alta calidad, lo que contribuye a mejorar el confort, la salud y la higiene de los animales.<\/p>\n<p data-start=\"686\" data-end=\"1012\" data-immersive-translate-walked=\"0e74255f-0271-4f05-bd9c-3cfa8dc97462\" data-immersive-translate-paragraph=\"1\">Con la creciente demanda de lechos limpios y absorbentes para animales, la necesidad de una producci\u00f3n de virutas automatizada y de alta capacidad nunca ha sido mayor. Esta m\u00e1quina responde a esa demanda con una productividad superior, una producci\u00f3n uniforme y una manipulaci\u00f3n manual m\u00ednima, lo que le ayuda a ahorrar mano de obra, reducir costes y garantizar un suministro constante de lechos.<\/p>\n<h3><strong>Ficha t\u00e9cnica<\/strong><\/h3>\n<table>\n<tbody>\n<tr>\n<td width=\"73\"><strong><b>M<\/b><\/strong><strong><b>odel<\/b><\/strong><\/td>\n<td width=\"95\"><strong><b>T<\/b><\/strong><strong><b>Rendimiento total<\/b><\/strong><\/td>\n<td width=\"132\"><strong><b>F<\/b><\/strong><strong><b>edida de apertura<\/b><\/strong><\/td>\n<td width=\"97\"><strong><b>O<\/b><\/strong><strong><b>utput<\/b><\/strong><\/td>\n<td width=\"83\"><strong><b>W<\/b><\/strong><strong><b>ocho<\/b><\/strong><\/td>\n<td width=\"139\"><strong><b>O<\/b><\/strong><strong><b>dimensiones totales<\/b><\/strong><\/td>\n<\/tr>\n<tr>\n<td width=\"73\"><strong><b>GSW-S105<\/b><\/strong><\/td>\n<td width=\"95\"><strong><b>11,5 kW<\/b><\/strong><\/td>\n<td width=\"132\"><b>100 * 50 cm<\/b><\/td>\n<td width=\"97\"><strong><b>150-200 kg\/h<\/b><\/strong><\/td>\n<td width=\"83\"><b>1.100 kg<\/b><\/td>\n<td width=\"139\"><strong><b>320*100*140cm<\/b><\/strong><\/td>\n<\/tr>\n<tr>\n<td width=\"73\"><strong><b>GSW-T135<\/b><\/strong><\/td>\n<td width=\"95\"><strong><b>19kw<\/b><\/strong><\/td>\n<td width=\"132\"><strong><b>130*50cm<\/b><\/strong><\/td>\n<td width=\"97\"><strong><b>200-300 kg\/h<\/b><\/strong><\/td>\n<td width=\"83\"><b>1.600 kg<\/b><\/td>\n<td width=\"139\"><strong><b>380*100*160cm<\/b><\/strong><\/td>\n<\/tr>\n<tr>\n<td width=\"73\"><strong><b>GSW-F145<\/b><\/strong><\/td>\n<td width=\"95\"><b>34,1 kW<\/b><\/td>\n<td width=\"132\"><strong><b>140*50cm<\/b><\/strong><\/td>\n<td width=\"97\"><strong><b>800-1000 kg\/h<\/b><\/strong><\/td>\n<td width=\"83\"><b>2100 kg<\/b><\/td>\n<td width=\"139\"><strong><b>390*135*140cm<\/b><\/strong><\/td>\n<\/tr>\n<tr>\n<td width=\"73\"><strong><b>GCW-T146<\/b><\/strong><\/td>\n<td width=\"95\"><strong><b>21,1 kW<\/b><\/strong><\/td>\n<td width=\"132\"><strong><b>140*60cm<\/b><\/strong><\/td>\n<td width=\"97\"><strong><b>600-800 kg\/h<\/b><\/strong><\/td>\n<td width=\"83\"><strong><b>2800kg<\/b><\/strong><\/td>\n<td width=\"139\"><strong><b>330*165*150cm<\/b><\/strong><\/td>\n<\/tr>\n<tr>\n<td width=\"73\"><strong><b>GCW-F146<\/b><\/strong><\/td>\n<td width=\"95\"><b>35,1 kW<\/b><\/td>\n<td width=\"132\"><strong><b>140*60cm<\/b><\/strong><\/td>\n<td width=\"97\"><strong><b>1200-1500kg\/h<\/b><\/strong><\/td>\n<td width=\"83\"><b>3300 kg<\/b><\/td>\n<td width=\"139\"><strong><b>380*165*155cm<\/b><\/strong><\/td>\n<\/tr>\n<tr>\n<td width=\"73\"><strong><b>GSW-F149<\/b><\/strong><\/td>\n<td width=\"95\"><b>53 kW<\/b><\/td>\n<td width=\"132\"><strong><b>140*90cm<\/b><\/strong><\/td>\n<td width=\"97\"><strong><b>1500-2000kg\/h<\/b><\/strong><\/td>\n<td width=\"83\"><b>5800 kg<\/b><\/td>\n<td width=\"139\"><strong><b>530*210*220cm<\/b><\/strong><\/td>\n<\/tr>\n<tr>\n<td width=\"73\"><strong><b>GSW-F209<\/b><\/strong><\/td>\n<td width=\"95\"><b>53 kW<\/b><\/td>\n<td width=\"132\"><strong><b>200*90cm<\/b><\/strong><\/td>\n<td width=\"97\"><strong><b>2000-2500kg\/h<\/b><\/strong><\/td>\n<td width=\"83\"><b>6600 kg<\/b><\/td>\n<td width=\"139\"><strong><b>560*210*220cm<\/b><\/strong><\/td>\n<\/tr>\n<tr>\n<td width=\"73\"><strong><b>GSW-B269<\/b><\/strong><\/td>\n<td width=\"95\"><b>99 kW<\/b><\/td>\n<td width=\"132\"><strong><b>260*90cm<\/b><\/strong><\/td>\n<td width=\"97\"><strong><b>3000 kg\/h<\/b><\/strong><\/td>\n<td width=\"83\"><b>7000 kg<\/b><\/td>\n<td width=\"139\"><strong><b>660*210*240cm<\/b><\/strong><\/td>\n<\/tr>\n<tr>\n<td width=\"73\"><strong><b>GSW-E349<\/b><\/strong><\/td>\n<td width=\"95\"><b>100,5 kW<\/b><\/td>\n<td width=\"132\"><strong><b>340*90cm<\/b><\/strong><\/td>\n<td width=\"97\"><strong><b>4000 kg\/h<\/b><\/strong><\/td>\n<td width=\"83\"><b>8500 kg<\/b><\/td>\n<td width=\"139\"><strong><b>810*210*240cm<\/b><\/strong><\/td>\n<\/tr>\n<\/tbody>\n<\/table>\n<h3 data-start=\"1019\" data-end=\"1035\" data-immersive-translate-walked=\"0e74255f-0271-4f05-bd9c-3cfa8dc97462\" data-immersive-translate-paragraph=\"1\">Caracter\u00edsticas principales<\/h3>\n<p data-start=\"1037\" data-end=\"1389\" data-immersive-translate-walked=\"0e74255f-0271-4f05-bd9c-3cfa8dc97462\" data-immersive-translate-paragraph=\"1\">Afeitado de madera de alta eficiencia<br data-start=\"1069\" data-end=\"1072\" data-immersive-translate-walked=\"0e74255f-0271-4f05-bd9c-3cfa8dc97462\" \/>La m\u00e1quina cuenta con una serie de cuchillas afiladas y duraderas montadas en un tambor giratorio. A medida que pasa la madera, las cuchillas la cortan en virutas finas y uniformes sin generar polvo ni astillas. Este proceso preserva la suavidad natural y la capacidad de absorci\u00f3n de la madera, por lo que las virutas resultantes son ideales para la cama.<\/p>\n<p data-start=\"1391\" data-end=\"1706\" data-immersive-translate-walked=\"0e74255f-0271-4f05-bd9c-3cfa8dc97462\" data-immersive-translate-paragraph=\"1\">Espesor de afeitado ajustable<br data-start=\"1423\" data-end=\"1426\" data-immersive-translate-walked=\"0e74255f-0271-4f05-bd9c-3cfa8dc97462\" \/>Los operarios pueden ajustar f\u00e1cilmente el grosor de las virutas, que suele oscilar entre 0,5 mm y 2 mm, en funci\u00f3n del tipo de animal y las preferencias del lecho. Las virutas finas son ideales para aves de corral y animales peque\u00f1os, mientras que las m\u00e1s gruesas y resistentes se prefieren para caballos y ganado vacuno.<\/p>\n<p data-start=\"1708\" data-end=\"2035\" data-immersive-translate-walked=\"0e74255f-0271-4f05-bd9c-3cfa8dc97462\" data-immersive-translate-paragraph=\"1\">Construcci\u00f3n robusta para un uso continuo<br data-start=\"1750\" data-end=\"1753\" data-immersive-translate-walked=\"0e74255f-0271-4f05-bd9c-3cfa8dc97462\" \/>Construida con un bastidor de acero de alta resistencia, cojinetes industriales y componentes resistentes al desgaste, la m\u00e1quina de virutas para lechos de animales est\u00e1 dise\u00f1ada para funcionar las 24 horas del d\u00eda, los 7 d\u00edas de la semana, en entornos exigentes. Puede procesar varios tipos de madera blanda y dura, como pino, \u00e1lamo, abeto o abedul.<\/p>\n<p data-start=\"2037\" data-end=\"2360\" data-immersive-translate-walked=\"0e74255f-0271-4f05-bd9c-3cfa8dc97462\" data-immersive-translate-paragraph=\"1\">Alimentaci\u00f3n y salida autom\u00e1ticas<br data-start=\"2069\" data-end=\"2072\" data-immersive-translate-walked=\"0e74255f-0271-4f05-bd9c-3cfa8dc97462\" \/>Equipada con sistemas de alimentaci\u00f3n de troncos hidr\u00e1ulicos o mediante cinta transportadora, la m\u00e1quina ofrece un funcionamiento autom\u00e1tico para una producci\u00f3n constante. Las virutas procesadas pueden descargarse directamente en cintas transportadoras o en sistemas de envasado, lo que reduce la mano de obra y mejora la higiene durante la recogida y el transporte.<\/p>\n<p data-start=\"2362\" data-end=\"2628\" data-immersive-translate-walked=\"0e74255f-0271-4f05-bd9c-3cfa8dc97462\" data-immersive-translate-paragraph=\"1\">Bajo nivel de ruido y funciones de seguridad<br data-start=\"2395\" data-end=\"2398\" data-immersive-translate-walked=\"0e74255f-0271-4f05-bd9c-3cfa8dc97462\" \/>A pesar de su gran capacidad, la m\u00e1quina funciona con un nivel relativamente bajo de ruido y vibraciones. Las funciones de seguridad integradas, como los interruptores de parada de emergencia, la protecci\u00f3n contra sobrecargas y las cubiertas protectoras, garantizan un funcionamiento seguro para el personal de la f\u00e1brica.<\/p>\n<h3 data-start=\"3045\" data-end=\"3061\" data-immersive-translate-walked=\"0e74255f-0271-4f05-bd9c-3cfa8dc97462\" data-immersive-translate-paragraph=\"1\">Aplicaciones<\/h3>\n<p data-start=\"3063\" data-end=\"3117\" data-immersive-translate-walked=\"0e74255f-0271-4f05-bd9c-3cfa8dc97462\" data-immersive-translate-paragraph=\"1\">La m\u00e1quina de virutas para lechos de animales se utiliza ampliamente en:<\/p>\n<ul>\n<li data-start=\"3121\" data-end=\"3207\" data-immersive-translate-walked=\"0e74255f-0271-4f05-bd9c-3cfa8dc97462\" data-immersive-translate-paragraph=\"1\">Granjas av\u00edcolas - para proporcionar yacija seca e higi\u00e9nica a pollos, patos y pavos.<\/li>\n<li data-start=\"3210\" data-end=\"3292\" data-immersive-translate-walked=\"0e74255f-0271-4f05-bd9c-3cfa8dc97462\" data-immersive-translate-paragraph=\"1\">Cuadras para caballos: camas confortables y acolchadas para la salud equina<\/li>\n<li data-start=\"3295\" data-end=\"3374\" data-immersive-translate-walked=\"0e74255f-0271-4f05-bd9c-3cfa8dc97462\" data-immersive-translate-paragraph=\"1\">Explotaciones lecheras y ganaderas: mejora de la higiene de las ubres y reducci\u00f3n de los olores amoniacales<\/li>\n<li data-start=\"3377\" data-end=\"3467\" data-immersive-translate-walked=\"0e74255f-0271-4f05-bd9c-3cfa8dc97462\" data-immersive-translate-paragraph=\"1\">Criadores de animales de compa\u00f1\u00eda y zool\u00f3gicos - para camas seguras y suaves de peque\u00f1os animales y especies ex\u00f3ticas<\/li>\n<li data-start=\"3470\" data-end=\"3559\" data-immersive-translate-walked=\"0e74255f-0271-4f05-bd9c-3cfa8dc97462\" data-immersive-translate-paragraph=\"1\">Fabricantes de material de cama - para la producci\u00f3n a granel y el envasado de virutas ensacadas<\/li>\n<\/ul>\n<p data-start=\"3561\" data-end=\"3677\" data-immersive-translate-walked=\"0e74255f-0271-4f05-bd9c-3cfa8dc97462\" data-immersive-translate-paragraph=\"1\">Tambi\u00e9n es adecuado para producir material de cama para cl\u00ednicas veterinarias, laboratorios y refugios de animales.<\/p>\n<h3 data-start=\"3684\" data-end=\"3705\" data-immersive-translate-walked=\"0e74255f-0271-4f05-bd9c-3cfa8dc97462\" data-immersive-translate-paragraph=\"1\">Beneficios para las empresas<\/h3>\n<ul>\n<li data-start=\"3709\" data-end=\"3819\" data-immersive-translate-walked=\"0e74255f-0271-4f05-bd9c-3cfa8dc97462\" data-immersive-translate-paragraph=\"1\">Producci\u00f3n de calidad uniforme - Garantiza virutas uniformes en cada lote, ideal para el envasado de ropa de cama de marca.<\/li>\n<li data-start=\"3822\" data-end=\"3897\" data-immersive-translate-walked=\"0e74255f-0271-4f05-bd9c-3cfa8dc97462\" data-immersive-translate-paragraph=\"1\">Reducci\u00f3n de costes - Convierte la madera barata o de desecho en un producto de alto valor<\/li>\n<li data-start=\"3900\" data-end=\"3996\" data-immersive-translate-walked=\"0e74255f-0271-4f05-bd9c-3cfa8dc97462\" data-immersive-translate-paragraph=\"1\">Producci\u00f3n higi\u00e9nica - La cama sin polvo y resistente al moho ayuda a prevenir las infecciones animales<\/li>\n<li data-start=\"3999\" data-end=\"4116\" data-immersive-translate-walked=\"0e74255f-0271-4f05-bd9c-3cfa8dc97462\" data-immersive-translate-paragraph=\"1\">Dise\u00f1o personalizable: disponible en distintos tama\u00f1os y capacidades para adaptarse a explotaciones peque\u00f1as o f\u00e1bricas a gran escala.<\/li>\n<li data-start=\"4119\" data-end=\"4242\" data-immersive-translate-walked=\"0e74255f-0271-4f05-bd9c-3cfa8dc97462\" data-immersive-translate-paragraph=\"1\">Respetuoso con el medio ambiente - Fomenta el reciclaje de subproductos de la madera y reduce la dependencia de materiales sint\u00e9ticos para las camas.<\/li>\n<\/ul>\n<h3 data-start=\"4249\" data-end=\"4263\" data-immersive-translate-walked=\"0e74255f-0271-4f05-bd9c-3cfa8dc97462\" data-immersive-translate-paragraph=\"1\">Conclusi\u00f3n<\/h3>\n<p data-start=\"4265\" data-end=\"4783\" data-immersive-translate-walked=\"0e74255f-0271-4f05-bd9c-3cfa8dc97462\" data-immersive-translate-paragraph=\"1\">La m\u00e1quina de virutas para lechos de animales es imprescindible para cualquier empresa o granja que necesite un suministro constante de lechos limpios, uniformes y seguros para los animales. Su dise\u00f1o duradero, alto rendimiento y ajuste flexible de la viruta la convierten en una soluci\u00f3n fiable tanto para operaciones a peque\u00f1a escala como para la producci\u00f3n comercial a gran escala. Al automatizar el proceso y mantener una calidad constante, esta m\u00e1quina no s\u00f3lo mejora el confort y la higiene de sus animales, sino que tambi\u00e9n aumenta su eficacia operativa y su rentabilidad.<\/p>","protected":false},"excerpt":{"rendered":"<p>La m\u00e1quina de virutas para lechos de animales convierte troncos y restos de madera en virutas suaves y sin polvo para caballos, aves de corral y ganado. Ofrece una calidad uniforme, un grosor ajustable y un alto rendimiento, ideal para granjas, establos y proveedores de lechos comerciales.<\/p>","protected":false},"featured_media":1955,"template":"","meta":{"site-sidebar-layout":"default","site-content-layout":"","ast-site-content-layout":"default","site-content-style":"default","site-sidebar-style":"default","ast-global-header-display":"","ast-banner-title-visibility":"","ast-main-header-display":"","ast-hfb-above-header-display":"","ast-hfb-below-header-display":"","ast-hfb-mobile-header-display":"","site-post-title":"","ast-breadcrumbs-content":"","ast-featured-img":"","footer-sml-layout":"","theme-transparent-header-meta":"default","adv-header-id-meta":"","stick-header-meta":"","header-above-stick-meta":"","header-main-stick-meta":"","header-below-stick-meta":"","astra-migrate-meta-layouts":"set","ast-page-background-enabled":"default","ast-page-background-meta":{"desktop":{"background-color":"var(--ast-global-color-5)","background-image":"","background-repeat":"repeat","background-position":"center center","background-size":"auto","background-attachment":"scroll","background-type":"","background-media":"","overlay-type":"","overlay-color":"","overlay-opacity":"","overlay-gradient":""},"tablet":{"background-color":"","background-image":"","background-repeat":"repeat","background-position":"center center","background-size":"auto","background-attachment":"scroll","background-type":"","background-media":"","overlay-type":"","overlay-color":"","overlay-opacity":"","overlay-gradient":""},"mobile":{"background-color":"","background-image":"","background-repeat":"repeat","background-position":"center center","background-size":"auto","background-attachment":"scroll","background-type":"","background-media":"","overlay-type":"","overlay-color":"","overlay-opacity":"","overlay-gradient":""}},"ast-content-background-meta":{"desktop":{"background-color":"var(--ast-global-color-4)","background-image":"","background-repeat":"repeat","background-position":"center center","background-size":"auto","background-attachment":"scroll","background-type":"","background-media":"","overlay-type":"","overlay-color":"","overlay-opacity":"","overlay-gradient":""},"tablet":{"background-color":"var(--ast-global-color-4)","background-image":"","background-repeat":"repeat","background-position":"center center","background-size":"auto","background-attachment":"scroll","background-type":"","background-media":"","overlay-type":"","overlay-color":"","overlay-opacity":"","overlay-gradient":""},"mobile":{"background-color":"var(--ast-global-color-4)","background-image":"","background-repeat":"repeat","background-position":"center center","background-size":"auto","background-attachment":"scroll","background-type":"","background-media":"","overlay-type":"","overlay-color":"","overlay-opacity":"","overlay-gradient":""}}},"product_brand":[],"product_cat":[20,150],"product_tag":[],"class_list":{"0":"post-1978","1":"product","2":"type-product","3":"status-publish","4":"has-post-thumbnail","6":"product_cat-shredding-and-crushing-machine","7":"product_cat-wood-shavings-machine","8":"desktop-align-left","9":"tablet-align-left","10":"mobile-align-left","12":"first","13":"instock","14":"shipping-taxable","15":"product-type-simple"},"_links":{"self":[{"href":"https:\/\/www.gigapa.com\/es\/wp-json\/wp\/v2\/product\/1978","targetHints":{"allow":["GET"]}}],"collection":[{"href":"https:\/\/www.gigapa.com\/es\/wp-json\/wp\/v2\/product"}],"about":[{"href":"https:\/\/www.gigapa.com\/es\/wp-json\/wp\/v2\/types\/product"}],"version-history":[{"count":6,"href":"https:\/\/www.gigapa.com\/es\/wp-json\/wp\/v2\/product\/1978\/revisions"}],"predecessor-version":[{"id":2977,"href":"https:\/\/www.gigapa.com\/es\/wp-json\/wp\/v2\/product\/1978\/revisions\/2977"}],"wp:featuredmedia":[{"embeddable":true,"href":"https:\/\/www.gigapa.com\/es\/wp-json\/wp\/v2\/media\/1955"}],"wp:attachment":[{"href":"https:\/\/www.gigapa.com\/es\/wp-json\/wp\/v2\/media?parent=1978"}],"wp:term":[{"taxonomy":"product_brand","embeddable":true,"href":"https:\/\/www.gigapa.com\/es\/wp-json\/wp\/v2\/product_brand?post=1978"},{"taxonomy":"product_cat","embeddable":true,"href":"https:\/\/www.gigapa.com\/es\/wp-json\/wp\/v2\/product_cat?post=1978"},{"taxonomy":"product_tag","embeddable":true,"href":"https:\/\/www.gigapa.com\/es\/wp-json\/wp\/v2\/product_tag?post=1978"}],"curies":[{"name":"wp","href":"https:\/\/api.w.org\/{rel}","templated":true}]}}