{"id":1980,"date":"2025-06-17T14:30:58","date_gmt":"2025-06-17T06:30:58","guid":{"rendered":"https:\/\/www.gigapa.com\/?post_type=product&#038;p=1980"},"modified":"2025-10-13T09:19:54","modified_gmt":"2025-10-13T01:19:54","slug":"dual-shaft-scrap-metal-shredder","status":"publish","type":"product","link":"https:\/\/www.gigapa.com\/es\/product\/dual-shaft-scrap-metal-shredder\/","title":{"rendered":"Trituradora de chatarra de doble eje"},"content":{"rendered":"<p data-start=\"221\" data-end=\"784\">La trituradora de chatarra de doble eje es una m\u00e1quina de trituraci\u00f3n industrial dise\u00f1ada para procesar una amplia gama de residuos met\u00e1licos ferrosos y no ferrosos. Dise\u00f1ada con dos ejes y un potente par de salida, ofrece una reducci\u00f3n eficaz del tama\u00f1o de materiales met\u00e1licos resistentes, como perfiles de aluminio, bidones de acero, tubos de cobre, radiadores, carcasas de veh\u00edculos, chatarra de electrodom\u00e9sticos y mucho m\u00e1s. Tanto si se utiliza en centros de reciclaje, plantas de procesamiento de metales o instalaciones de tratamiento de residuos, esta trituradora maximiza la recuperaci\u00f3n de material y reduce los costes de transporte y eliminaci\u00f3n.<\/p>\n<h3 data-start=\"791\" data-end=\"811\">Caracter\u00edsticas principales<\/h3>\n<p data-start=\"813\" data-end=\"1175\">1. Dise\u00f1o de doble eje de alto par<br data-start=\"849\" data-end=\"852\" \/>Equipada con dos ejes paralelos accionados por motorreductores de alta potencia, esta trituradora produce una enorme fuerza de cizallamiento y desgarro. Puede descomponer chatarra voluminosa y dif\u00edcil de procesar en piezas manejables sin vibraciones ni ruidos excesivos. Los ejes contrarrotantes garantizan una alimentaci\u00f3n continua y un tama\u00f1o de salida uniforme.<\/p>\n<p data-start=\"1177\" data-end=\"1294\">2. Manipulaci\u00f3n vers\u00e1til de residuos met\u00e1licos<br data-start=\"1214\" data-end=\"1217\" \/>La trituradora es capaz de procesar una amplia variedad de materiales, incluidos:<\/p>\n<ul>\n<li data-start=\"1298\" data-end=\"1328\">Perfiles y chapas de aluminio<\/li>\n<li data-start=\"1331\" data-end=\"1362\">Radiadores de cobre y aluminio<\/li>\n<li data-start=\"1365\" data-end=\"1393\">Bidones y contenedores de acero<\/li>\n<li data-start=\"1396\" data-end=\"1422\">Virutas de metal<\/li>\n<li data-start=\"1425\" data-end=\"1486\">Desguace de bicicletas, lavadoras y electrodom\u00e9sticos<\/li>\n<li data-start=\"1489\" data-end=\"1520\">Carcasas y chasis de autom\u00f3viles<\/li>\n<li data-start=\"1523\" data-end=\"1574\">Residuos electr\u00f3nicos con componentes met\u00e1licos<\/li>\n<\/ul>\n<p data-start=\"1576\" data-end=\"1830\">3. Cuchillas resistentes al desgaste<br data-start=\"1604\" data-end=\"1607\" \/>Las cuchillas est\u00e1n fabricadas con acero aleado endurecido o acero para herramientas con alto contenido en cromo para ofrecer una mayor resistencia a la abrasi\u00f3n y a los impactos. Son modulares, reemplazables y pueden personalizarse en funci\u00f3n de las necesidades espec\u00edficas de la aplicaci\u00f3n y el tama\u00f1o de salida.<\/p>\n<p data-start=\"1832\" data-end=\"2149\">4. Rendimiento a baja velocidad y alto par motor<br data-start=\"1873\" data-end=\"1876\" \/>A diferencia de las trituradoras de alta velocidad, este modelo de doble eje funciona a baja velocidad de rotaci\u00f3n, lo que minimiza la generaci\u00f3n de polvo, reduce el ruido y prolonga la vida \u00fatil de los componentes clave. Es especialmente id\u00f3nea para manipular metales duros que requieren una rotura gradual y con mucha fuerza.<\/p>\n<p data-start=\"2151\" data-end=\"2467\">5. Sistema de control inteligente<br data-start=\"2184\" data-end=\"2187\" \/>Integrada con un PLC (controlador l\u00f3gico programable), la m\u00e1quina dispone de rotaci\u00f3n inversa autom\u00e1tica en caso de sobrecarga o atasco, lo que evita da\u00f1os y garantiza un funcionamiento seguro e ininterrumpido. Los paneles de control pueden adaptarse con pantallas t\u00e1ctiles y sistemas de supervisi\u00f3n remota.<\/p>\n<h3 data-start=\"2474\" data-end=\"2515\">Especificaciones t\u00e9cnicas (muestra)<\/h3>\n<ul>\n<li data-start=\"2519\" data-end=\"2562\">Potencia del motor: 30-150 kW (personalizable)<\/li>\n<li data-start=\"2565\" data-end=\"2607\">Capacidad de trituraci\u00f3n: 1 - 15 toneladas\/hora<\/li>\n<li data-start=\"2610\" data-end=\"2638\">Velocidad del eje: 10-30 rpm<\/li>\n<li data-start=\"2641\" data-end=\"2679\">Material de la hoja: 9CrSi \/ H13 \/ D2<\/li>\n<li data-start=\"2682\" data-end=\"2740\">Sistema de control: PLC Siemens con protecci\u00f3n contra sobrecarga<\/li>\n<li data-start=\"2743\" data-end=\"2806\">Sistema de alimentaci\u00f3n: Manual, con cinta transportadora o empujador hidr\u00e1ulico<\/li>\n<li data-start=\"2809\" data-end=\"2851\">Descarga: Transportador o tolva a medida<\/li>\n<li data-start=\"2854\" data-end=\"2924\">Complementos opcionales: Separador magn\u00e9tico, control de polvo, sistema de refrigeraci\u00f3n<\/li>\n<\/ul>\n<h3 data-start=\"2931\" data-end=\"2964\">Aplicaciones y ventajas<\/h3>\n<p data-start=\"2966\" data-end=\"3020\">La trituradora de chatarra de doble eje es ampliamente utilizada en:<\/p>\n<ul>\n<li data-start=\"3024\" data-end=\"3109\">Metal Recycling Yards - Para la reducci\u00f3n de tama\u00f1o antes de la posterior separaci\u00f3n o fusi\u00f3n<\/li>\n<li data-start=\"3112\" data-end=\"3205\">Instalaciones de eliminaci\u00f3n de residuos electr\u00f3nicos - Para destruir y reducir de forma segura los aparatos electr\u00f3nicos con piezas met\u00e1licas.<\/li>\n<li data-start=\"3208\" data-end=\"3295\">Plantas de desguace de autom\u00f3viles - Para el pretratamiento de carcasas y piezas de recambio de veh\u00edculos<\/li>\n<li data-start=\"3298\" data-end=\"3408\">Gesti\u00f3n de residuos industriales - Para gestionar grandes vol\u00famenes de chatarra met\u00e1lica procedente de f\u00e1bricas y l\u00edneas de producci\u00f3n.<\/li>\n<li data-start=\"3411\" data-end=\"3506\">Acer\u00edas y fundiciones - Para reprocesar y recuperar el valor met\u00e1lico de los residuos de producci\u00f3n<\/li>\n<\/ul>\n<p data-start=\"3508\" data-end=\"3529\">Los beneficios incluyen:<\/p>\n<ul>\n<li data-start=\"3533\" data-end=\"3575\">Reducci\u00f3n eficaz de residuos met\u00e1licos voluminosos<\/li>\n<li data-start=\"3578\" data-end=\"3625\">Aumento de los \u00edndices de recuperaci\u00f3n de metales reciclables<\/li>\n<li data-start=\"3628\" data-end=\"3667\">Reducci\u00f3n de la mano de obra y del trabajo de corte manual<\/li>\n<li data-start=\"3670\" data-end=\"3702\">Mayor seguridad y automatizaci\u00f3n<\/li>\n<li data-start=\"3705\" data-end=\"3739\">Menores costes de transporte y vertido<\/li>\n<\/ul>\n<h3 data-start=\"3746\" data-end=\"3795\">\u00bfPor qu\u00e9 elegir nuestra trituradora de metal de doble eje?<\/h3>\n<ul>\n<li data-start=\"3799\" data-end=\"3856\">Bastidor resistente para un funcionamiento industrial prolongado<\/li>\n<li data-start=\"3859\" data-end=\"3940\">Configuraciones personalizables para adaptarse a distintos metales y vol\u00famenes de procesamiento<\/li>\n<li data-start=\"3943\" data-end=\"4025\">Los motores de bajo consumo reducen el consumo de energ\u00eda sin comprometer el par motor<\/li>\n<li data-start=\"4028\" data-end=\"4132\">Rendimiento probado en mercados globales como el Sudeste Asi\u00e1tico, Europa del Este y Oriente Medio.<\/li>\n<li data-start=\"4135\" data-end=\"4207\">Asistencia r\u00e1pida y piezas de repuesto disponibles para el mantenimiento a largo plazo<\/li>\n<\/ul>\n<h3 data-start=\"4214\" data-end=\"4232\">Conclusi\u00f3n<\/h3>\n<p data-start=\"4234\" data-end=\"4622\">Si su operaci\u00f3n implica el reciclaje o la gesti\u00f3n de residuos met\u00e1licos, la trituradora de chatarra de doble eje es una inversi\u00f3n inteligente. Con su construcci\u00f3n duradera, potente par motor y automatizaci\u00f3n inteligente, garantiza la trituraci\u00f3n segura y eficiente de una amplia variedad de materiales de chatarra. Aumente su productividad, mejore la eficacia de la manipulaci\u00f3n de materiales y reduzca los costes operativos generales.<\/p>","protected":false},"excerpt":{"rendered":"<p>Esta trituradora de chatarra de doble eje est\u00e1 dise\u00f1ada para un uso industrial intensivo. Maneja con facilidad diversos residuos met\u00e1licos, como bidones de acero, l\u00e1minas de aluminio y residuos electr\u00f3nicos, y ofrece un par elevado y un rendimiento de trituraci\u00f3n fiable.<\/p>","protected":false},"featured_media":2011,"template":"","meta":{"site-sidebar-layout":"default","site-content-layout":"","ast-site-content-layout":"default","site-content-style":"default","site-sidebar-style":"default","ast-global-header-display":"","ast-banner-title-visibility":"","ast-main-header-display":"","ast-hfb-above-header-display":"","ast-hfb-below-header-display":"","ast-hfb-mobile-header-display":"","site-post-title":"","ast-breadcrumbs-content":"","ast-featured-img":"","footer-sml-layout":"","ast-disable-related-posts":"","theme-transparent-header-meta":"default","adv-header-id-meta":"","stick-header-meta":"","header-above-stick-meta":"","header-main-stick-meta":"","header-below-stick-meta":"","astra-migrate-meta-layouts":"set","ast-page-background-enabled":"default","ast-page-background-meta":{"desktop":{"background-color":"var(--ast-global-color-5)","background-image":"","background-repeat":"repeat","background-position":"center center","background-size":"auto","background-attachment":"scroll","background-type":"","background-media":"","overlay-type":"","overlay-color":"","overlay-opacity":"","overlay-gradient":""},"tablet":{"background-color":"","background-image":"","background-repeat":"repeat","background-position":"center center","background-size":"auto","background-attachment":"scroll","background-type":"","background-media":"","overlay-type":"","overlay-color":"","overlay-opacity":"","overlay-gradient":""},"mobile":{"background-color":"","background-image":"","background-repeat":"repeat","background-position":"center center","background-size":"auto","background-attachment":"scroll","background-type":"","background-media":"","overlay-type":"","overlay-color":"","overlay-opacity":"","overlay-gradient":""}},"ast-content-background-meta":{"desktop":{"background-color":"var(--ast-global-color-4)","background-image":"","background-repeat":"repeat","background-position":"center center","background-size":"auto","background-attachment":"scroll","background-type":"","background-media":"","overlay-type":"","overlay-color":"","overlay-opacity":"","overlay-gradient":""},"tablet":{"background-color":"var(--ast-global-color-4)","background-image":"","background-repeat":"repeat","background-position":"center center","background-size":"auto","background-attachment":"scroll","background-type":"","background-media":"","overlay-type":"","overlay-color":"","overlay-opacity":"","overlay-gradient":""},"mobile":{"background-color":"var(--ast-global-color-4)","background-image":"","background-repeat":"repeat","background-position":"center center","background-size":"auto","background-attachment":"scroll","background-type":"","background-media":"","overlay-type":"","overlay-color":"","overlay-opacity":"","overlay-gradient":""}}},"product_brand":[],"product_cat":[20,149],"product_tag":[141,139,140,142],"class_list":{"0":"post-1980","1":"product","2":"type-product","3":"status-publish","4":"has-post-thumbnail","6":"product_cat-shredding-and-crushing-machine","7":"product_cat-double-shaft-shredder","8":"product_tag-bamboo-shredder","9":"product_tag-metal-shredder","10":"product_tag-tire-shredder","11":"product_tag-wood-shredder","12":"desktop-align-left","13":"tablet-align-left","14":"mobile-align-left","16":"first","17":"instock","18":"shipping-taxable","19":"product-type-simple"},"_links":{"self":[{"href":"https:\/\/www.gigapa.com\/es\/wp-json\/wp\/v2\/product\/1980","targetHints":{"allow":["GET"]}}],"collection":[{"href":"https:\/\/www.gigapa.com\/es\/wp-json\/wp\/v2\/product"}],"about":[{"href":"https:\/\/www.gigapa.com\/es\/wp-json\/wp\/v2\/types\/product"}],"version-history":[{"count":2,"href":"https:\/\/www.gigapa.com\/es\/wp-json\/wp\/v2\/product\/1980\/revisions"}],"predecessor-version":[{"id":2029,"href":"https:\/\/www.gigapa.com\/es\/wp-json\/wp\/v2\/product\/1980\/revisions\/2029"}],"wp:featuredmedia":[{"embeddable":true,"href":"https:\/\/www.gigapa.com\/es\/wp-json\/wp\/v2\/media\/2011"}],"wp:attachment":[{"href":"https:\/\/www.gigapa.com\/es\/wp-json\/wp\/v2\/media?parent=1980"}],"wp:term":[{"taxonomy":"product_brand","embeddable":true,"href":"https:\/\/www.gigapa.com\/es\/wp-json\/wp\/v2\/product_brand?post=1980"},{"taxonomy":"product_cat","embeddable":true,"href":"https:\/\/www.gigapa.com\/es\/wp-json\/wp\/v2\/product_cat?post=1980"},{"taxonomy":"product_tag","embeddable":true,"href":"https:\/\/www.gigapa.com\/es\/wp-json\/wp\/v2\/product_tag?post=1980"}],"curies":[{"name":"wp","href":"https:\/\/api.w.org\/{rel}","templated":true}]}}