{"id":1982,"date":"2025-06-19T09:32:27","date_gmt":"2025-06-19T01:32:27","guid":{"rendered":"https:\/\/www.gigapa.com\/?post_type=product&#038;p=1982"},"modified":"2026-05-08T17:31:35","modified_gmt":"2026-05-08T09:31:35","slug":"twin-shaft-e-waste-shredder","status":"publish","type":"product","link":"https:\/\/www.gigapa.com\/es\/product\/twin-shaft-e-waste-shredder\/","title":{"rendered":"Trituradora de residuos electr\u00f3nicos de doble eje"},"content":{"rendered":"<p data-start=\"216\" data-end=\"746\">A medida que el mundo genera m\u00e1s residuos electr\u00f3nicos que nunca, su correcta eliminaci\u00f3n se ha convertido tanto en una necesidad medioambiental como en un requisito normativo. La trituradora de residuos electr\u00f3nicos de doble eje est\u00e1 dise\u00f1ada espec\u00edficamente para afrontar los retos del reciclaje de productos electr\u00f3nicos de forma segura y eficaz. Tanto si est\u00e1 procesando placas de circuitos impresos, cables, discos duros o electrodom\u00e9sticos desechados, esta potente trituradora garantiza una reducci\u00f3n de tama\u00f1o uniforme, la destrucci\u00f3n de datos y la separaci\u00f3n de materiales, todo en una soluci\u00f3n compacta.<\/p>\n<p data-start=\"748\" data-end=\"974\">Con un dise\u00f1o duradero de doble eje, un rendimiento de par elevado a baja velocidad y funciones de seguridad avanzadas, esta m\u00e1quina es una opci\u00f3n ideal para instalaciones de reciclaje de residuos electr\u00f3nicos, fabricantes de productos electr\u00f3nicos y proveedores de servicios medioambientales.<\/p>\n<h3 data-start=\"981\" data-end=\"1026\">\u00bfQu\u00e9 es una trituradora de residuos electr\u00f3nicos de doble eje?<\/h3>\n<p data-start=\"1028\" data-end=\"1433\">Una trituradora de residuos electr\u00f3nicos de doble eje es una m\u00e1quina industrial equipada con dos ejes giratorios provistos de cuchillas entrelazadas. Estos ejes funcionan a baja velocidad y ofrecen un par elevado, lo que les permite desgarrar, cizallar y triturar los residuos electr\u00f3nicos en trozos peque\u00f1os y manejables. A diferencia de las trituradoras de alta velocidad, este dise\u00f1o de baja velocidad reduce el polvo y el ruido, minimiza el riesgo de incendio y prolonga la vida \u00fatil de la m\u00e1quina.<\/p>\n<p data-start=\"1435\" data-end=\"1610\">Esta trituradora es ideal para preprocesar varios tipos de residuos electr\u00f3nicos para su posterior separaci\u00f3n y reciclaje, como metales, pl\u00e1sticos y valiosos componentes de tierras raras.<\/p>\n<h3 data-start=\"1617\" data-end=\"1671\">Caracter\u00edsticas principales de la trituradora de residuos electr\u00f3nicos de doble eje<\/h3>\n<p data-start=\"1673\" data-end=\"1715\"><strong>Mecanismo de doble eje de alta resistencia<\/strong><\/p>\n<p data-start=\"1716\" data-end=\"1961\">La m\u00e1quina dispone de dos ejes contrarrotantes con cuchillas de acero endurecido, capaces de procesar materiales de residuos electr\u00f3nicos r\u00edgidos, mixtos o compuestos. La configuraci\u00f3n del eje permite acciones eficaces de desgarro y tracci\u00f3n, en lugar de solo corte.<\/p>\n<p data-start=\"1963\" data-end=\"1996\"><strong>Alto par, baja velocidad<\/strong><\/p>\n<p data-start=\"1997\" data-end=\"2146\">La baja velocidad de rotaci\u00f3n combinada con un elevado par motor permite a la trituradora desmenuzar componentes electr\u00f3nicos resistentes sin sobrecalentarse ni generar polvo excesivo.<\/p>\n<p data-start=\"2148\" data-end=\"2185\"><strong>Sistema de control inteligente<\/strong><\/p>\n<p data-start=\"2186\" data-end=\"2409\">Equipada con un sistema PLC (controlador l\u00f3gico programable), la trituradora ofrece arranque\/parada autom\u00e1ticos, funci\u00f3n de marcha atr\u00e1s en caso de atasco de material y protecci\u00f3n contra sobrecargas. Es f\u00e1cil de usar, fiable y segura de manejar.<\/p>\n<p data-start=\"2411\" data-end=\"2446\"><strong>Seguridad y control del polvo<\/strong><\/p>\n<p data-start=\"2447\" data-end=\"2627\">Dise\u00f1ada pensando en la seguridad del operario, la trituradora cuenta con una c\u00e1mara cerrada, botones de parada de emergencia e interfaces de extracci\u00f3n de polvo opcionales para minimizar los contaminantes en suspensi\u00f3n en el aire.<\/p>\n<p data-start=\"2629\" data-end=\"2667\"><strong>Manipulaci\u00f3n vers\u00e1til de materiales<\/strong><\/p>\n<p data-start=\"2668\" data-end=\"2741\">Esta trituradora de residuos electr\u00f3nicos puede procesar una amplia variedad de materiales, incluidos:<\/p>\n<ul>\n<li data-start=\"2745\" data-end=\"2776\">Placas de circuito impreso (PCB)<\/li>\n<li data-start=\"2779\" data-end=\"2809\">Cables el\u00e9ctricos<\/li>\n<li data-start=\"2812\" data-end=\"2839\">Tel\u00e9fonos m\u00f3viles y tabletas<\/li>\n<li data-start=\"2842\" data-end=\"2872\">Discos duros y unidades de memoria<\/li>\n<li data-start=\"2875\" data-end=\"2903\">Peque\u00f1os electrodom\u00e9sticos<\/li>\n<li data-start=\"2906\" data-end=\"2935\">Carcasas y teclados para port\u00e1tiles<\/li>\n<li data-start=\"2938\" data-end=\"2968\">Chatarra electr\u00f3nica con mezcla de metal y pl\u00e1stico<\/li>\n<\/ul>\n<h3 data-start=\"2975\" data-end=\"3031\">Ventajas de utilizar la trituradora de residuos electr\u00f3nicos de doble eje<\/h3>\n<p data-start=\"3033\" data-end=\"3071\"><strong>Desglose eficiente de materiales<\/strong><\/p>\n<p data-start=\"3072\" data-end=\"3258\">El dise\u00f1o de doble eje garantiza una trituraci\u00f3n uniforme de los residuos electr\u00f3nicos, prepar\u00e1ndolos para posteriores procesos de separaci\u00f3n mec\u00e1nica o manual. El material triturado es m\u00e1s f\u00e1cil de manipular y clasificar.<\/p>\n<p data-start=\"3260\" data-end=\"3293\"><strong>Destrucci\u00f3n segura de datos<\/strong><\/p>\n<p data-start=\"3294\" data-end=\"3449\">Para discos duros, smartphones o dispositivos de almacenamiento de datos, esta destructora ofrece una destrucci\u00f3n f\u00edsica que cumple las normas mundiales de seguridad y privacidad de datos.<\/p>\n<p data-start=\"3451\" data-end=\"3499\"><strong>Respeto del medio ambiente y cumplimiento de la normativa<\/strong><\/p>\n<p data-start=\"3500\" data-end=\"3651\">Un tratamiento adecuado de los residuos electr\u00f3nicos reduce el impacto ambiental nocivo y garantiza el cumplimiento de normativas como la WEEE, la RoHS y las leyes locales sobre residuos peligrosos.<\/p>\n<p data-start=\"3653\" data-end=\"3700\"><strong>Menores costes de explotaci\u00f3n y mantenimiento<\/strong><\/p>\n<p data-start=\"3701\" data-end=\"3854\">Gracias a su robusta construcci\u00f3n y a la protecci\u00f3n inteligente contra sobrecargas, la trituradora minimiza los tiempos de inactividad y prolonga la vida \u00fatil de las cuchillas y los componentes internos.<\/p>\n<p data-start=\"3856\" data-end=\"3893\"><strong>Adaptable a sus necesidades<\/strong><\/p>\n<p data-start=\"3894\" data-end=\"4083\">Dependiendo de su aplicaci\u00f3n, la m\u00e1quina puede configurarse para diferentes capacidades de producci\u00f3n, grosor de las cuchillas, tama\u00f1o de la c\u00e1mara y opciones de descarga (cinta transportadora, transportador de tornillo, etc.).<\/p>\n<h3 data-start=\"4090\" data-end=\"4149\">Aplicaciones en las industrias de residuos electr\u00f3nicos y reciclaje<\/h3>\n<p data-start=\"4151\" data-end=\"4205\">La trituradora de residuos electr\u00f3nicos de doble eje se utiliza ampliamente en:<\/p>\n<ul>\n<li data-start=\"4209\" data-end=\"4235\">Plantas de reciclaje de residuos electr\u00f3nicos<\/li>\n<li data-start=\"4238\" data-end=\"4276\">Instalaciones de fabricaci\u00f3n de productos electr\u00f3nicos<\/li>\n<li data-start=\"4279\" data-end=\"4314\">Servicios de eliminaci\u00f3n de activos inform\u00e1ticos (ITAD)<\/li>\n<li data-start=\"4317\" data-end=\"4350\">Tratamiento de residuos s\u00f3lidos urbanos<\/li>\n<li data-start=\"4353\" data-end=\"4414\">Procesadores de residuos de aparatos el\u00e9ctricos y electr\u00f3nicos (RAEE)<\/li>\n<li data-start=\"4417\" data-end=\"4453\">Centros de reacondicionamiento y reciclaje<\/li>\n<\/ul>\n<p data-start=\"4455\" data-end=\"4547\">Desde peque\u00f1os aparatos electr\u00f3nicos hasta complejos dispositivos compuestos, esta destructora se encarga de todo con facilidad.<\/p>\n<h3 data-start=\"4554\" data-end=\"4598\">Construido para durar: calidad y durabilidad<\/h3>\n<p data-start=\"4600\" data-end=\"4748\">Fabricamos nuestras trituradoras con ingenier\u00eda de precisi\u00f3n y materiales de alta calidad para garantizar un rendimiento duradero. Entre las principales caracter\u00edsticas de calidad se incluyen:<\/p>\n<ul>\n<li data-start=\"4752\" data-end=\"4785\">Cuchillas de aleaci\u00f3n de acero con tratamiento t\u00e9rmico<\/li>\n<li data-start=\"4788\" data-end=\"4812\">Bastidor de acero reforzado<\/li>\n<li data-start=\"4815\" data-end=\"4841\">Base antivibraciones<\/li>\n<li data-start=\"4844\" data-end=\"4893\">Reductores y motores de gran potencia de las mejores marcas<\/li>\n<li data-start=\"4896\" data-end=\"4929\">Producci\u00f3n con certificaci\u00f3n CE e ISO<\/li>\n<\/ul>\n<p data-start=\"4931\" data-end=\"5055\">Cada m\u00e1quina se somete a rigurosas pruebas de calidad antes de su entrega para garantizar que cumple las expectativas de seguridad y rendimiento.<\/p>\n<h3>Asistencia y servicios posventa<\/h3>\n<p data-start=\"5103\" data-end=\"5201\">Cuando compra la trituradora de residuos electr\u00f3nicos de doble eje, cuenta con el respaldo de un equipo dedicado que le ofrece:<\/p>\n<ul>\n<li data-start=\"5205\" data-end=\"5246\">Gu\u00eda de instalaci\u00f3n y puesta en marcha<\/li>\n<li data-start=\"5249\" data-end=\"5288\">Formaci\u00f3n de operadores y tutoriales en v\u00eddeo<\/li>\n<li data-start=\"5291\" data-end=\"5318\">Piezas de repuesto de entrega r\u00e1pida<\/li>\n<li data-start=\"5321\" data-end=\"5345\">Asistencia t\u00e9cnica 24 horas al d\u00eda, 7 d\u00edas a la semana<\/li>\n<li data-start=\"5348\" data-end=\"5379\">Planificaci\u00f3n del programa de mantenimiento<\/li>\n<li data-start=\"5382\" data-end=\"5408\">Consultor\u00eda de personalizaci\u00f3n<\/li>\n<\/ul>\n<h3 data-start=\"5415\" data-end=\"5432\">Conclusi\u00f3n<\/h3>\n<p data-start=\"5434\" data-end=\"5800\">En una \u00e9poca en la que los residuos electr\u00f3nicos crecen exponencialmente, invertir en la trituradora de residuos electr\u00f3nicos de doble eje es una elecci\u00f3n inteligente y con visi\u00f3n de futuro tanto para empresas como para operaciones de reciclaje. Gracias a su robusta construcci\u00f3n, sus vers\u00e1tiles funciones y su dise\u00f1o respetuoso con el medio ambiente, ofrece una soluci\u00f3n eficaz, segura y escalable para hacer frente a los retos que plantean los residuos electr\u00f3nicos modernos.<\/p>\n<p data-start=\"5802\" data-end=\"5985\">Si busca reducir el impacto medioambiental, cumplir la normativa y recuperar materiales valiosos de los residuos electr\u00f3nicos, esta destructora es la soluci\u00f3n que estaba esperando.<\/p>","protected":false},"excerpt":{"rendered":"<p>La trituradora de residuos electr\u00f3nicos de doble eje est\u00e1 dise\u00f1ada para procesar residuos electr\u00f3nicos de forma segura y eficiente. Maneja f\u00e1cilmente placas de circuitos, cables, discos duros y peque\u00f1os aparatos, reduci\u00e9ndolos a piezas manejables para su posterior reciclaje. Con un alto par de torsi\u00f3n, un funcionamiento a baja velocidad y robustas cuchillas de acero, garantiza una trituraci\u00f3n precisa a la vez que minimiza el polvo y el ruido. Ideal para centros de reciclaje y fabricantes de productos electr\u00f3nicos, esta trituradora contribuye a una gesti\u00f3n de residuos respetuosa con el medio ambiente, mejora la recuperaci\u00f3n de materiales y cumple la normativa sobre residuos electr\u00f3nicos. Su dise\u00f1o duradero y su protecci\u00f3n inteligente contra sobrecargas garantizan un rendimiento estable en entornos exigentes.<\/p>","protected":false},"featured_media":1953,"template":"","meta":{"site-sidebar-layout":"default","site-content-layout":"","ast-site-content-layout":"default","site-content-style":"default","site-sidebar-style":"default","ast-global-header-display":"","ast-banner-title-visibility":"","ast-main-header-display":"","ast-hfb-above-header-display":"","ast-hfb-below-header-display":"","ast-hfb-mobile-header-display":"","site-post-title":"","ast-breadcrumbs-content":"","ast-featured-img":"","footer-sml-layout":"","ast-disable-related-posts":"","theme-transparent-header-meta":"default","adv-header-id-meta":"","stick-header-meta":"","header-above-stick-meta":"","header-main-stick-meta":"","header-below-stick-meta":"","astra-migrate-meta-layouts":"set","ast-page-background-enabled":"default","ast-page-background-meta":{"desktop":{"background-color":"var(--ast-global-color-5)","background-image":"","background-repeat":"repeat","background-position":"center center","background-size":"auto","background-attachment":"scroll","background-type":"","background-media":"","overlay-type":"","overlay-color":"","overlay-opacity":"","overlay-gradient":""},"tablet":{"background-color":"","background-image":"","background-repeat":"repeat","background-position":"center center","background-size":"auto","background-attachment":"scroll","background-type":"","background-media":"","overlay-type":"","overlay-color":"","overlay-opacity":"","overlay-gradient":""},"mobile":{"background-color":"","background-image":"","background-repeat":"repeat","background-position":"center center","background-size":"auto","background-attachment":"scroll","background-type":"","background-media":"","overlay-type":"","overlay-color":"","overlay-opacity":"","overlay-gradient":""}},"ast-content-background-meta":{"desktop":{"background-color":"var(--ast-global-color-4)","background-image":"","background-repeat":"repeat","background-position":"center center","background-size":"auto","background-attachment":"scroll","background-type":"","background-media":"","overlay-type":"","overlay-color":"","overlay-opacity":"","overlay-gradient":""},"tablet":{"background-color":"var(--ast-global-color-4)","background-image":"","background-repeat":"repeat","background-position":"center center","background-size":"auto","background-attachment":"scroll","background-type":"","background-media":"","overlay-type":"","overlay-color":"","overlay-opacity":"","overlay-gradient":""},"mobile":{"background-color":"var(--ast-global-color-4)","background-image":"","background-repeat":"repeat","background-position":"center center","background-size":"auto","background-attachment":"scroll","background-type":"","background-media":"","overlay-type":"","overlay-color":"","overlay-opacity":"","overlay-gradient":""}}},"product_brand":[],"product_cat":[20,149],"product_tag":[213,214,207,211,205,210,212,209,204,208],"class_list":{"0":"post-1982","1":"product","2":"type-product","3":"status-publish","4":"has-post-thumbnail","6":"product_cat-shredding-and-crushing-machine","7":"product_cat-double-shaft-shredder","8":"product_tag-circuit-board-shredder","9":"product_tag-computer-scrap-shredder","10":"product_tag-double-shaft-e-waste-shredder","11":"product_tag-e-waste-recycling-machine","12":"product_tag-e-waste-shredder-machine","13":"product_tag-electronic-scrap-shredder","14":"product_tag-industrial-e-waste-shredder","15":"product_tag-pcb-shredder-machine","16":"product_tag-twin-shaft-e-waste-shredder","17":"product_tag-twin-shaft-shredder-for-electronics","18":"desktop-align-left","19":"tablet-align-left","20":"mobile-align-left","22":"first","23":"instock","24":"shipping-taxable","25":"product-type-simple"},"_links":{"self":[{"href":"https:\/\/www.gigapa.com\/es\/wp-json\/wp\/v2\/product\/1982","targetHints":{"allow":["GET"]}}],"collection":[{"href":"https:\/\/www.gigapa.com\/es\/wp-json\/wp\/v2\/product"}],"about":[{"href":"https:\/\/www.gigapa.com\/es\/wp-json\/wp\/v2\/types\/product"}],"version-history":[{"count":3,"href":"https:\/\/www.gigapa.com\/es\/wp-json\/wp\/v2\/product\/1982\/revisions"}],"predecessor-version":[{"id":2979,"href":"https:\/\/www.gigapa.com\/es\/wp-json\/wp\/v2\/product\/1982\/revisions\/2979"}],"wp:featuredmedia":[{"embeddable":true,"href":"https:\/\/www.gigapa.com\/es\/wp-json\/wp\/v2\/media\/1953"}],"wp:attachment":[{"href":"https:\/\/www.gigapa.com\/es\/wp-json\/wp\/v2\/media?parent=1982"}],"wp:term":[{"taxonomy":"product_brand","embeddable":true,"href":"https:\/\/www.gigapa.com\/es\/wp-json\/wp\/v2\/product_brand?post=1982"},{"taxonomy":"product_cat","embeddable":true,"href":"https:\/\/www.gigapa.com\/es\/wp-json\/wp\/v2\/product_cat?post=1982"},{"taxonomy":"product_tag","embeddable":true,"href":"https:\/\/www.gigapa.com\/es\/wp-json\/wp\/v2\/product_tag?post=1982"}],"curies":[{"name":"wp","href":"https:\/\/api.w.org\/{rel}","templated":true}]}}