{"id":1984,"date":"2025-06-19T09:22:04","date_gmt":"2025-06-19T01:22:04","guid":{"rendered":"https:\/\/www.gigapa.com\/?post_type=product&#038;p=1984"},"modified":"2025-10-13T09:15:17","modified_gmt":"2025-10-13T01:15:17","slug":"heavy-duty-twin-shaft-shredder","status":"publish","type":"product","link":"https:\/\/www.gigapa.com\/es\/product\/heavy-duty-twin-shaft-shredder\/","title":{"rendered":"Trituradora de doble eje para trabajos pesados"},"content":{"rendered":"<p data-start=\"243\" data-end=\"712\" data-immersive-translate-walked=\"f13ecb9b-f395-4d73-8ba2-14988f63f557\" data-immersive-translate-paragraph=\"1\">La reducci\u00f3n eficaz y fiable de residuos es un aspecto cr\u00edtico de las operaciones industriales modernas. La trituradora de doble eje para trabajos pesados est\u00e1 dise\u00f1ada para hacer frente a las tareas de trituraci\u00f3n m\u00e1s exigentes en una amplia gama de industrias. Tanto si se trata de residuos voluminosos como de escombros de construcci\u00f3n, bidones met\u00e1licos, caucho, madera, residuos electr\u00f3nicos o incluso materiales peligrosos, esta trituradora de doble eje est\u00e1 dise\u00f1ada para ofrecer un par elevado, una baja velocidad y un potente rendimiento d\u00eda tras d\u00eda.<\/p>\n<p data-start=\"714\" data-end=\"1053\" data-immersive-translate-walked=\"f13ecb9b-f395-4d73-8ba2-14988f63f557\" data-immersive-translate-paragraph=\"1\">Construido para un funcionamiento continuo a gran escala, este robusto sistema de trituraci\u00f3n transforma materiales complejos y de gran tama\u00f1o en piezas manejables y uniformes adecuadas para su reciclaje, incineraci\u00f3n o eliminaci\u00f3n. Si sus instalaciones requieren un procesamiento de residuos de alta capacidad con un tiempo de inactividad m\u00ednimo, la trituradora de doble eje para trabajos pesados es la soluci\u00f3n perfecta.<\/p>\n<h3 data-start=\"1060\" data-end=\"1108\" data-immersive-translate-walked=\"f13ecb9b-f395-4d73-8ba2-14988f63f557\">\u00bfQu\u00e9 es una trituradora de doble eje para trabajos pesados?<\/h3>\n<p data-start=\"1110\" data-end=\"1508\" data-immersive-translate-walked=\"f13ecb9b-f395-4d73-8ba2-14988f63f557\" data-immersive-translate-paragraph=\"1\">Una trituradora de doble eje es una m\u00e1quina industrial que utiliza dos ejes paralelos equipados con cuchillas que giran en sentido contrario. Estas cuchillas agarran, desgarran y cizallan los materiales en trozos m\u00e1s peque\u00f1os utilizando un par de torsi\u00f3n en lugar de un corte a alta velocidad. A diferencia de las trituradoras de un solo eje, los sistemas de doble eje son ideales para la trituraci\u00f3n gruesa de materiales demasiado grandes, duros o contaminados para procesadores m\u00e1s finos.<\/p>\n<p data-start=\"1510\" data-end=\"1711\" data-immersive-translate-walked=\"f13ecb9b-f395-4d73-8ba2-14988f63f557\" data-immersive-translate-paragraph=\"1\">Este modelo especial para trabajos pesados est\u00e1 fabricado con una carcasa de acero reforzado, cuchillas de aleaci\u00f3n endurecida y un sistema de control inteligente, lo que la hace id\u00f3nea para las aplicaciones m\u00e1s agresivas.<\/p>\n<h3 data-start=\"1718\" data-end=\"1776\" data-immersive-translate-walked=\"f13ecb9b-f395-4d73-8ba2-14988f63f557\">Caracter\u00edsticas principales de la trituradora de doble eje para trabajos pesados<\/h3>\n<p data-start=\"1778\" data-end=\"1821\" data-immersive-translate-walked=\"f13ecb9b-f395-4d73-8ba2-14988f63f557\" data-immersive-translate-paragraph=\"1\"><strong>Alto par y baja velocidad<\/strong><\/p>\n<p data-start=\"1822\" data-end=\"2044\" data-immersive-translate-walked=\"f13ecb9b-f395-4d73-8ba2-14988f63f557\" data-immersive-translate-paragraph=\"1\">La trituradora funciona a bajas velocidades de rotaci\u00f3n pero ofrece un alto par motor. Este dise\u00f1o garantiza la eficiencia energ\u00e9tica, un funcionamiento silencioso y una menor generaci\u00f3n de polvo y calor, a la vez que tritura residuos duros o voluminosos con facilidad.<\/p>\n<p data-start=\"2046\" data-end=\"2094\" data-immersive-translate-walked=\"f13ecb9b-f395-4d73-8ba2-14988f63f557\" data-immersive-translate-paragraph=\"1\"><strong>Construcci\u00f3n robusta para un uso prolongado<\/strong><\/p>\n<p data-start=\"2095\" data-end=\"2279\" data-immersive-translate-walked=\"f13ecb9b-f395-4d73-8ba2-14988f63f557\" data-immersive-translate-paragraph=\"1\">Todo el bastidor est\u00e1 fabricado en acero soldado de alta resistencia, reforzado con almohadillas antivibraci\u00f3n y paneles protectores. Est\u00e1 construido para resistir la deformaci\u00f3n y el desgaste en entornos de alto estr\u00e9s.<\/p>\n<p data-start=\"2281\" data-end=\"2322\" data-immersive-translate-walked=\"f13ecb9b-f395-4d73-8ba2-14988f63f557\" data-immersive-translate-paragraph=\"1\"><strong>Cuchillas de corte resistentes al desgaste<\/strong><\/p>\n<p data-start=\"2323\" data-end=\"2535\" data-immersive-translate-walked=\"f13ecb9b-f395-4d73-8ba2-14988f63f557\" data-immersive-translate-paragraph=\"1\">Cada eje est\u00e1 revestido con cuchillas reemplazables de aleaci\u00f3n de acero de alta calidad tratadas t\u00e9rmicamente para ofrecer resistencia al desgaste y una larga vida \u00fatil. Hay disponibles diferentes configuraciones de cuchillas en funci\u00f3n del tipo de material.<\/p>\n<p data-start=\"2537\" data-end=\"2574\" data-immersive-translate-walked=\"f13ecb9b-f395-4d73-8ba2-14988f63f557\" data-immersive-translate-paragraph=\"1\"><strong>Sistema de control inteligente (PLC)<\/strong><\/p>\n<p data-start=\"2575\" data-end=\"2794\" data-immersive-translate-walked=\"f13ecb9b-f395-4d73-8ba2-14988f63f557\" data-immersive-translate-paragraph=\"1\">Un sistema de control PLC integrado permite el arranque\/parada autom\u00e1ticos, la rotaci\u00f3n inversa en caso de sobrecarga y la funci\u00f3n de parada de emergencia. El sistema tambi\u00e9n supervisa el par de las palas, la velocidad y la temperatura del motor en tiempo real.<\/p>\n<p data-start=\"2796\" data-end=\"2841\" data-immersive-translate-walked=\"f13ecb9b-f395-4d73-8ba2-14988f63f557\" data-immersive-translate-paragraph=\"1\"><strong>Tama\u00f1o y rendimiento personalizables<\/strong><\/p>\n<p data-start=\"2842\" data-end=\"2989\" data-immersive-translate-walked=\"f13ecb9b-f395-4d73-8ba2-14988f63f557\" data-immersive-translate-paragraph=\"1\">En funci\u00f3n de sus requisitos de capacidad de trituraci\u00f3n, la m\u00e1quina puede personalizarse en cuanto a potencia del motor, longitud del eje, grosor de la cuchilla y tama\u00f1o de la c\u00e1mara.<\/p>\n<p data-start=\"2991\" data-end=\"3025\" data-immersive-translate-walked=\"f13ecb9b-f395-4d73-8ba2-14988f63f557\" data-immersive-translate-paragraph=\"1\"><strong>Protecci\u00f3n Auto-Reverse<\/strong><\/p>\n<p data-start=\"3026\" data-end=\"3198\" data-immersive-translate-walked=\"f13ecb9b-f395-4d73-8ba2-14988f63f557\" data-immersive-translate-paragraph=\"1\">Para evitar atascos, la trituradora invierte autom\u00e1ticamente la direcci\u00f3n del eje cuando detecta un bloqueo de material, y reanuda el funcionamiento normal una vez que el material se ha retirado.<\/p>\n<h3 data-start=\"3205\" data-end=\"3262\" data-immersive-translate-walked=\"f13ecb9b-f395-4d73-8ba2-14988f63f557\">Ventajas de utilizar una trituradora de doble eje para trabajos pesados<\/h3>\n<p data-start=\"3264\" data-end=\"3303\" data-immersive-translate-walked=\"f13ecb9b-f395-4d73-8ba2-14988f63f557\" data-immersive-translate-paragraph=\"1\"><strong>1. Versatilidad entre materiales<\/strong><\/p>\n<p data-start=\"3304\" data-end=\"3513\" data-immersive-translate-walked=\"f13ecb9b-f395-4d73-8ba2-14988f63f557\" data-immersive-translate-paragraph=\"1\">Desde barriles de pl\u00e1stico hasta neum\u00e1ticos de autom\u00f3vil, chatarra de aluminio e incluso residuos electr\u00f3nicos, esta trituradora puede procesar un amplio espectro de materiales dif\u00edciles de procesar. Es una soluci\u00f3n todo en uno para flujos de residuos complejos.<\/p>\n<p data-start=\"3515\" data-end=\"3558\" data-immersive-translate-walked=\"f13ecb9b-f395-4d73-8ba2-14988f63f557\" data-immersive-translate-paragraph=\"1\"><strong>2. Aumento de la eficacia operativa<\/strong><\/p>\n<p data-start=\"3559\" data-end=\"3750\" data-immersive-translate-walked=\"f13ecb9b-f395-4d73-8ba2-14988f63f557\" data-immersive-translate-paragraph=\"1\">La gran capacidad y la capacidad de alimentaci\u00f3n continua ayudan a aumentar la productividad general. Con una supervisi\u00f3n m\u00ednima, los operarios pueden centrarse en otras tareas mientras la trituradora funciona en segundo plano.<\/p>\n<p data-start=\"3752\" data-end=\"3793\" data-immersive-translate-walked=\"f13ecb9b-f395-4d73-8ba2-14988f63f557\" data-immersive-translate-paragraph=\"1\"><strong>3. Mejora de la seguridad y el cumplimiento<\/strong><\/p>\n<p data-start=\"3794\" data-end=\"3972\" data-immersive-translate-walked=\"f13ecb9b-f395-4d73-8ba2-14988f63f557\" data-immersive-translate-paragraph=\"1\">Al reducir el tama\u00f1o de los residuos, la m\u00e1quina ayuda a garantizar el cumplimiento de la normativa local e internacional sobre tratamiento de residuos, al tiempo que minimiza los riesgos de incendio y contaminaci\u00f3n.<\/p>\n<p data-start=\"3974\" data-end=\"4025\" data-immersive-translate-walked=\"f13ecb9b-f395-4d73-8ba2-14988f63f557\" data-immersive-translate-paragraph=\"1\"><strong>4. Apoyo al reciclaje y la recuperaci\u00f3n de residuos<\/strong><\/p>\n<p data-start=\"4026\" data-end=\"4218\" data-immersive-translate-walked=\"f13ecb9b-f395-4d73-8ba2-14988f63f557\" data-immersive-translate-paragraph=\"1\">El producto triturado es perfecto para su posterior procesamiento, ya sea clasificaci\u00f3n, incineraci\u00f3n o reciclado directo, lo que ayuda a las empresas a minimizar el uso de vertederos y recuperar valiosos materiales secundarios.<\/p>\n<p data-start=\"4220\" data-end=\"4254\" data-immersive-translate-walked=\"f13ecb9b-f395-4d73-8ba2-14988f63f557\" data-immersive-translate-paragraph=\"1\"><strong>5. Menores costes de mantenimiento<\/strong><\/p>\n<p data-start=\"4255\" data-end=\"4414\" data-immersive-translate-walked=\"f13ecb9b-f395-4d73-8ba2-14988f63f557\" data-immersive-translate-paragraph=\"1\">Gracias a su robusta construcci\u00f3n y a la protecci\u00f3n autom\u00e1tica contra sobrecargas, el tiempo de inactividad se reduce al m\u00ednimo. El dise\u00f1o modular de las piezas tambi\u00e9n permite sustituir r\u00e1pidamente los componentes de desgaste.<\/p>\n<h3 data-start=\"4421\" data-end=\"4467\" data-immersive-translate-walked=\"f13ecb9b-f395-4d73-8ba2-14988f63f557\">Aplicaciones t\u00edpicas y tipos de material<\/h3>\n<p data-start=\"4469\" data-end=\"4551\" data-immersive-translate-walked=\"f13ecb9b-f395-4d73-8ba2-14988f63f557\" data-immersive-translate-paragraph=\"1\">La trituradora de doble eje para trabajos pesados se utiliza ampliamente en las siguientes industrias:<\/p>\n<ul>\n<li data-start=\"4555\" data-end=\"4635\" data-immersive-translate-walked=\"f13ecb9b-f395-4d73-8ba2-14988f63f557\" data-immersive-translate-paragraph=\"1\">Tratamiento de residuos municipales - Basura dom\u00e9stica, residuos org\u00e1nicos, voluminosos<\/li>\n<li data-start=\"4638\" data-end=\"4712\" data-immersive-translate-walked=\"f13ecb9b-f395-4d73-8ba2-14988f63f557\" data-immersive-translate-paragraph=\"1\">Construcci\u00f3n y demolici\u00f3n - Madera, piezas de hormig\u00f3n, placas aislantes<\/li>\n<li data-start=\"4715\" data-end=\"4789\" data-immersive-translate-walked=\"f13ecb9b-f395-4d73-8ba2-14988f63f557\" data-immersive-translate-paragraph=\"1\">Reciclaje de chatarra - Chapas de aluminio, bidones de acero, virutas de metal<\/li>\n<li data-start=\"4792\" data-end=\"4856\" data-immersive-translate-walked=\"f13ecb9b-f395-4d73-8ba2-14988f63f557\" data-immersive-translate-paragraph=\"1\">Industria del pl\u00e1stico - Envases, tuber\u00edas y piezas moldeadas de pl\u00e1stico<\/li>\n<li data-start=\"4859\" data-end=\"4922\" data-immersive-translate-walked=\"f13ecb9b-f395-4d73-8ba2-14988f63f557\" data-immersive-translate-paragraph=\"1\">Caucho y neum\u00e1ticos - Neum\u00e1ticos para autom\u00f3viles, cintas transportadoras, planchas de caucho<\/li>\n<li data-start=\"4925\" data-end=\"4992\" data-immersive-translate-walked=\"f13ecb9b-f395-4d73-8ba2-14988f63f557\" data-immersive-translate-paragraph=\"1\">Gesti\u00f3n de residuos electr\u00f3nicos - Placas de circuitos, cables, peque\u00f1os electrodom\u00e9sticos<\/li>\n<li data-start=\"4995\" data-end=\"5065\" data-immersive-translate-walked=\"f13ecb9b-f395-4d73-8ba2-14988f63f557\" data-immersive-translate-paragraph=\"1\">Trituraci\u00f3n de textiles y tejidos - Ropa usada, textiles industriales<\/li>\n<li data-start=\"5068\" data-end=\"5135\" data-immersive-translate-walked=\"f13ecb9b-f395-4d73-8ba2-14988f63f557\" data-immersive-translate-paragraph=\"1\">Residuos agr\u00edcolas - Biomasa, c\u00e1scaras de coco, residuos de ca\u00f1a de az\u00facar<\/li>\n<\/ul>\n<p data-start=\"5137\" data-end=\"5236\" data-immersive-translate-walked=\"f13ecb9b-f395-4d73-8ba2-14988f63f557\" data-immersive-translate-paragraph=\"1\">Sea cual sea su sector, si su material es duro, enmara\u00f1ado o de gran tama\u00f1o, esta m\u00e1quina puede con \u00e9l.<\/p>\n<h3 data-start=\"5243\" data-end=\"5271\" data-immersive-translate-walked=\"f13ecb9b-f395-4d73-8ba2-14988f63f557\">Opciones de personalizaci\u00f3n<\/h3>\n<p data-start=\"5273\" data-end=\"5369\" data-immersive-translate-walked=\"f13ecb9b-f395-4d73-8ba2-14988f63f557\" data-immersive-translate-paragraph=\"1\">Entendemos que cada aplicaci\u00f3n es diferente. Por eso ofrecemos m\u00faltiples funciones personalizadas:<\/p>\n<ul>\n<li data-start=\"5373\" data-end=\"5411\" data-immersive-translate-walked=\"f13ecb9b-f395-4d73-8ba2-14988f63f557\" data-immersive-translate-paragraph=\"1\">Opciones de potencia del motor (de 30 kW a 200 kW+)<\/li>\n<li data-start=\"5414\" data-end=\"5463\" data-immersive-translate-walked=\"f13ecb9b-f395-4d73-8ba2-14988f63f557\" data-immersive-translate-paragraph=\"1\">Grosor de la cuchilla (15 mm-100 mm) y tipo de material<\/li>\n<li data-start=\"5466\" data-end=\"5512\" data-immersive-translate-walked=\"f13ecb9b-f395-4d73-8ba2-14988f63f557\" data-immersive-translate-paragraph=\"1\">Dimensiones de la c\u00e1mara adaptadas al tama\u00f1o del material<\/li>\n<li data-start=\"5515\" data-end=\"5544\" data-immersive-translate-walked=\"f13ecb9b-f395-4d73-8ba2-14988f63f557\" data-immersive-translate-paragraph=\"1\">Integraci\u00f3n de la cinta de salida<\/li>\n<li data-start=\"5547\" data-end=\"5574\" data-immersive-translate-walked=\"f13ecb9b-f395-4d73-8ba2-14988f63f557\" data-immersive-translate-paragraph=\"1\">Interfaz de recogida de polvo<\/li>\n<li data-start=\"5577\" data-end=\"5624\" data-immersive-translate-walked=\"f13ecb9b-f395-4d73-8ba2-14988f63f557\" data-immersive-translate-paragraph=\"1\">Vigilancia a distancia y sistemas de alerta automatizados<\/li>\n<\/ul>\n<p data-start=\"5626\" data-end=\"5738\" data-immersive-translate-walked=\"f13ecb9b-f395-4d73-8ba2-14988f63f557\" data-immersive-translate-paragraph=\"1\">Nuestros ingenieros trabajan con usted para crear la configuraci\u00f3n adecuada para su tipo de residuos, volumen y objetivos de procesamiento.<\/p>\n<hr data-start=\"5740\" data-end=\"5743\" data-immersive-translate-walked=\"f13ecb9b-f395-4d73-8ba2-14988f63f557\" \/>\n<h3 data-start=\"5745\" data-end=\"5788\" data-immersive-translate-walked=\"f13ecb9b-f395-4d73-8ba2-14988f63f557\">Certificaciones y garant\u00eda de calidad<\/h3>\n<p data-start=\"5790\" data-end=\"5855\" data-immersive-translate-walked=\"f13ecb9b-f395-4d73-8ba2-14988f63f557\" data-immersive-translate-paragraph=\"1\">Nuestras m\u00e1quinas cumplen las estrictas normas internacionales:<\/p>\n<ul>\n<li data-start=\"5859\" data-end=\"5873\" data-immersive-translate-walked=\"f13ecb9b-f395-4d73-8ba2-14988f63f557\" data-immersive-translate-paragraph=\"1\">Certificado CE<\/li>\n<li data-start=\"5876\" data-end=\"5896\" data-immersive-translate-walked=\"f13ecb9b-f395-4d73-8ba2-14988f63f557\" data-immersive-translate-paragraph=\"1\">Conformidad con ISO 9001<\/li>\n<li data-start=\"5899\" data-end=\"5931\" data-immersive-translate-walked=\"f13ecb9b-f395-4d73-8ba2-14988f63f557\" data-immersive-translate-paragraph=\"1\">Probado en f\u00e1brica antes del env\u00edo<\/li>\n<li data-start=\"5934\" data-end=\"5979\" data-immersive-translate-walked=\"f13ecb9b-f395-4d73-8ba2-14988f63f557\" data-immersive-translate-paragraph=\"1\">Incluye informes de inspecci\u00f3n y v\u00eddeos de pruebas<\/li>\n<\/ul>\n<p data-start=\"5981\" data-end=\"6105\" data-immersive-translate-walked=\"f13ecb9b-f395-4d73-8ba2-14988f63f557\" data-immersive-translate-paragraph=\"1\">S\u00f3lo utilizamos componentes de calidad industrial de marcas mundiales de confianza (Siemens, SKF, etc.) para garantizar la fiabilidad y el rendimiento.<\/p>\n<h3 data-start=\"6112\" data-end=\"6160\" data-immersive-translate-walked=\"f13ecb9b-f395-4d73-8ba2-14988f63f557\">Servicio posventa y asistencia t\u00e9cnica<\/h3>\n<p data-start=\"6162\" data-end=\"6220\" data-immersive-translate-walked=\"f13ecb9b-f395-4d73-8ba2-14988f63f557\" data-immersive-translate-paragraph=\"1\">Su inversi\u00f3n est\u00e1 protegida por nuestro s\u00f3lido sistema de asistencia:<\/p>\n<ul>\n<li data-start=\"6224\" data-end=\"6280\" data-immersive-translate-walked=\"f13ecb9b-f395-4d73-8ba2-14988f63f557\" data-immersive-translate-paragraph=\"1\">Asesoramiento profesional para la instalaci\u00f3n (in situ o a distancia)<\/li>\n<li data-start=\"6283\" data-end=\"6331\" data-immersive-translate-walked=\"f13ecb9b-f395-4d73-8ba2-14988f63f557\" data-immersive-translate-paragraph=\"1\">Instrucciones de formaci\u00f3n y mantenimiento del operador<\/li>\n<li data-start=\"6334\" data-end=\"6378\" data-immersive-translate-walked=\"f13ecb9b-f395-4d73-8ba2-14988f63f557\" data-immersive-translate-paragraph=\"1\">Disponibilidad de piezas de repuesto y entrega r\u00e1pida<\/li>\n<li data-start=\"6381\" data-end=\"6435\" data-immersive-translate-walked=\"f13ecb9b-f395-4d73-8ba2-14988f63f557\" data-immersive-translate-paragraph=\"1\">L\u00ednea de atenci\u00f3n al cliente 24\/7 y resoluci\u00f3n de problemas por v\u00eddeo<\/li>\n<li data-start=\"6438\" data-end=\"6490\" data-immersive-translate-walked=\"f13ecb9b-f395-4d73-8ba2-14988f63f557\" data-immersive-translate-paragraph=\"1\">Contratos de servicio a largo plazo para clientes industriales<\/li>\n<\/ul>\n<h3 data-start=\"6497\" data-end=\"6514\" data-immersive-translate-walked=\"f13ecb9b-f395-4d73-8ba2-14988f63f557\">Conclusi\u00f3n<\/h3>\n<p data-start=\"6516\" data-end=\"6837\" data-immersive-translate-walked=\"f13ecb9b-f395-4d73-8ba2-14988f63f557\" data-immersive-translate-paragraph=\"1\">La trituradora de doble eje para trabajos pesados no es una trituradora industrial m\u00e1s: es un socio fiable en la reducci\u00f3n de residuos, la recuperaci\u00f3n de recursos y la responsabilidad medioambiental. Su potente estructura, funciones de automatizaci\u00f3n y versatilidad de aplicaciones la hacen ideal para empresas que manipulan materiales de desecho grandes o dif\u00edciles.<\/p>\n<p data-start=\"6839\" data-end=\"7010\" data-immersive-translate-walked=\"f13ecb9b-f395-4d73-8ba2-14988f63f557\" data-immersive-translate-paragraph=\"1\">Tanto si trabaja en una instalaci\u00f3n municipal de residuos, una planta de reciclaje o una l\u00ednea de fabricaci\u00f3n, esta trituradora proporciona la fuerza y la inteligencia que su operaci\u00f3n necesita.<\/p>","protected":false},"excerpt":{"rendered":"<p>La trituradora de doble eje para trabajos pesados est\u00e1 dise\u00f1ada para aplicaciones industriales extremas, con motores duales de 30-200 kW que procesan sin esfuerzo metales, neum\u00e1ticos y residuos electr\u00f3nicos con un rendimiento de 50-100 T\/hora. Sus cuchillas de acero endurecido ofrecen una vida \u00fatil 3 veces superior a la de las trituradoras est\u00e1ndar, mientras que los tama\u00f1os de criba personalizables garantizan una clasificaci\u00f3n precisa de la salida. El sistema incluye protecci\u00f3n contra sobrecargas, inversi\u00f3n autom\u00e1tica y alertas de lubricaci\u00f3n para un funcionamiento ininterrumpido. Perfecta para plantas de reciclaje de metales, instalaciones de procesamiento de neum\u00e1ticos y l\u00edneas de desmantelamiento de residuos electr\u00f3nicos, esta m\u00e1quina con certificaci\u00f3n CE e ISO ofrece la m\u00e1xima durabilidad con un mantenimiento m\u00ednimo.<\/p>","protected":false},"featured_media":2147,"template":"","meta":{"site-sidebar-layout":"default","site-content-layout":"","ast-site-content-layout":"default","site-content-style":"default","site-sidebar-style":"default","ast-global-header-display":"","ast-banner-title-visibility":"","ast-main-header-display":"","ast-hfb-above-header-display":"","ast-hfb-below-header-display":"","ast-hfb-mobile-header-display":"","site-post-title":"","ast-breadcrumbs-content":"","ast-featured-img":"","footer-sml-layout":"","ast-disable-related-posts":"","theme-transparent-header-meta":"default","adv-header-id-meta":"","stick-header-meta":"","header-above-stick-meta":"","header-main-stick-meta":"","header-below-stick-meta":"","astra-migrate-meta-layouts":"set","ast-page-background-enabled":"default","ast-page-background-meta":{"desktop":{"background-color":"var(--ast-global-color-5)","background-image":"","background-repeat":"repeat","background-position":"center center","background-size":"auto","background-attachment":"scroll","background-type":"","background-media":"","overlay-type":"","overlay-color":"","overlay-opacity":"","overlay-gradient":""},"tablet":{"background-color":"","background-image":"","background-repeat":"repeat","background-position":"center center","background-size":"auto","background-attachment":"scroll","background-type":"","background-media":"","overlay-type":"","overlay-color":"","overlay-opacity":"","overlay-gradient":""},"mobile":{"background-color":"","background-image":"","background-repeat":"repeat","background-position":"center center","background-size":"auto","background-attachment":"scroll","background-type":"","background-media":"","overlay-type":"","overlay-color":"","overlay-opacity":"","overlay-gradient":""}},"ast-content-background-meta":{"desktop":{"background-color":"var(--ast-global-color-4)","background-image":"","background-repeat":"repeat","background-position":"center center","background-size":"auto","background-attachment":"scroll","background-type":"","background-media":"","overlay-type":"","overlay-color":"","overlay-opacity":"","overlay-gradient":""},"tablet":{"background-color":"var(--ast-global-color-4)","background-image":"","background-repeat":"repeat","background-position":"center center","background-size":"auto","background-attachment":"scroll","background-type":"","background-media":"","overlay-type":"","overlay-color":"","overlay-opacity":"","overlay-gradient":""},"mobile":{"background-color":"var(--ast-global-color-4)","background-image":"","background-repeat":"repeat","background-position":"center center","background-size":"auto","background-attachment":"scroll","background-type":"","background-media":"","overlay-type":"","overlay-color":"","overlay-opacity":"","overlay-gradient":""}}},"product_brand":[],"product_cat":[20,149],"product_tag":[],"class_list":{"0":"post-1984","1":"product","2":"type-product","3":"status-publish","4":"has-post-thumbnail","6":"product_cat-shredding-and-crushing-machine","7":"product_cat-double-shaft-shredder","8":"desktop-align-left","9":"tablet-align-left","10":"mobile-align-left","12":"first","13":"instock","14":"shipping-taxable","15":"product-type-simple"},"_links":{"self":[{"href":"https:\/\/www.gigapa.com\/es\/wp-json\/wp\/v2\/product\/1984","targetHints":{"allow":["GET"]}}],"collection":[{"href":"https:\/\/www.gigapa.com\/es\/wp-json\/wp\/v2\/product"}],"about":[{"href":"https:\/\/www.gigapa.com\/es\/wp-json\/wp\/v2\/types\/product"}],"version-history":[{"count":3,"href":"https:\/\/www.gigapa.com\/es\/wp-json\/wp\/v2\/product\/1984\/revisions"}],"predecessor-version":[{"id":2148,"href":"https:\/\/www.gigapa.com\/es\/wp-json\/wp\/v2\/product\/1984\/revisions\/2148"}],"wp:featuredmedia":[{"embeddable":true,"href":"https:\/\/www.gigapa.com\/es\/wp-json\/wp\/v2\/media\/2147"}],"wp:attachment":[{"href":"https:\/\/www.gigapa.com\/es\/wp-json\/wp\/v2\/media?parent=1984"}],"wp:term":[{"taxonomy":"product_brand","embeddable":true,"href":"https:\/\/www.gigapa.com\/es\/wp-json\/wp\/v2\/product_brand?post=1984"},{"taxonomy":"product_cat","embeddable":true,"href":"https:\/\/www.gigapa.com\/es\/wp-json\/wp\/v2\/product_cat?post=1984"},{"taxonomy":"product_tag","embeddable":true,"href":"https:\/\/www.gigapa.com\/es\/wp-json\/wp\/v2\/product_tag?post=1984"}],"curies":[{"name":"wp","href":"https:\/\/api.w.org\/{rel}","templated":true}]}}