{"id":1986,"date":"2025-06-19T09:01:21","date_gmt":"2025-06-19T01:01:21","guid":{"rendered":"https:\/\/www.gigapa.com\/?post_type=product&#038;p=1986"},"modified":"2025-10-13T09:15:24","modified_gmt":"2025-10-13T01:15:24","slug":"fully-automatic-horizontal-baler-pp-pet-strap","status":"publish","type":"product","link":"https:\/\/www.gigapa.com\/es\/product\/fully-automatic-horizontal-baler-pp-pet-strap\/","title":{"rendered":"Prensa embaladora horizontal totalmente autom\u00e1tica (fleje PP\/PET)"},"content":{"rendered":"<p data-start=\"256\" data-end=\"739\" data-immersive-translate-walked=\"e6b01ccc-ff44-428b-9be7-c36321e56974\" data-immersive-translate-paragraph=\"1\">En los entornos industriales modernos, la gesti\u00f3n eficaz de los residuos ya no es opcional, sino esencial. La prensa horizontal totalmente autom\u00e1tica (fleje PP\/PET) est\u00e1 dise\u00f1ada para satisfacer las demandas de operaciones de gran volumen que requieren soluciones de empacado uniformes, fiables y r\u00e1pidas. Tanto si gestiona papel reciclable, cart\u00f3n, film de pl\u00e1stico, restos textiles u otros materiales comprimibles, esta prensa ofrece automatizaci\u00f3n, precisi\u00f3n y productividad, todo en un sistema racionalizado.<\/p>\n<p data-start=\"741\" data-end=\"1089\" data-immersive-translate-walked=\"e6b01ccc-ff44-428b-9be7-c36321e56974\" data-immersive-translate-paragraph=\"1\">Construida para un funcionamiento continuo, esta m\u00e1quina est\u00e1 equipada con alimentaci\u00f3n, compresi\u00f3n, flejado y expulsi\u00f3n de pacas autom\u00e1ticos, lo que reduce la necesidad de intervenci\u00f3n manual al tiempo que aumenta el rendimiento y la eficacia operativa. Combinada con un sistema de flejado de PP\/PET, produce pacas compactas y bien atadas que son f\u00e1ciles de apilar, almacenar y transportar.<\/p>\n<h3 data-start=\"1096\" data-end=\"1164\" data-immersive-translate-walked=\"e6b01ccc-ff44-428b-9be7-c36321e56974\">\u00bfQu\u00e9 es una prensa embaladora horizontal totalmente autom\u00e1tica con fleje de PP\/PET?<\/h3>\n<p data-start=\"1166\" data-end=\"1519\" data-immersive-translate-walked=\"e6b01ccc-ff44-428b-9be7-c36321e56974\" data-immersive-translate-paragraph=\"1\">Una prensa horizontal totalmente autom\u00e1tica es una m\u00e1quina industrial robusta que automatiza el proceso de compactaci\u00f3n de residuos sueltos en balas densas y uniformes. A diferencia de las prensas verticales, que requieren carga y flejado manuales, las prensas horizontales funcionan de forma continua y son m\u00e1s adecuadas para centros de reciclaje a gran escala, plantas de fabricaci\u00f3n y centros log\u00edsticos.<\/p>\n<p data-start=\"1521\" data-end=\"1840\" data-immersive-translate-walked=\"e6b01ccc-ff44-428b-9be7-c36321e56974\" data-immersive-translate-paragraph=\"1\">La integraci\u00f3n de un sistema de fleje de PP\/PET permite el atado autom\u00e1tico de pacas utilizando materiales de flejado de pl\u00e1stico duraderos. Estos flejes ofrecen una excelente resistencia a la tracci\u00f3n, a la intemperie y a la seguridad en comparaci\u00f3n con los alambres met\u00e1licos tradicionales. El resultado es un proceso de empacado r\u00e1pido, eficaz y seguro de principio a fin.<\/p>\n<h3 data-start=\"1847\" data-end=\"1906\" data-immersive-translate-walked=\"e6b01ccc-ff44-428b-9be7-c36321e56974\">Caracter\u00edsticas principales de la prensa horizontal totalmente autom\u00e1tica<\/h3>\n<p data-start=\"1908\" data-end=\"1949\" data-immersive-translate-walked=\"e6b01ccc-ff44-428b-9be7-c36321e56974\" data-immersive-translate-paragraph=\"1\"><strong>Alimentaci\u00f3n y compresi\u00f3n autom\u00e1ticas<\/strong><\/p>\n<p data-start=\"1950\" data-end=\"2109\" data-immersive-translate-walked=\"e6b01ccc-ff44-428b-9be7-c36321e56974\" data-immersive-translate-paragraph=\"1\">El sistema cuenta con un transportador de alimentaci\u00f3n y un ciclo de compactaci\u00f3n hidr\u00e1ulico totalmente automatizados, que garantizan la entrada continua de material sin necesidad de detenerse para realizar ajustes manuales.<\/p>\n<p data-start=\"2111\" data-end=\"2144\" data-immersive-translate-walked=\"e6b01ccc-ff44-428b-9be7-c36321e56974\" data-immersive-translate-paragraph=\"1\"><strong>Sistema de flejado PP\/PET<\/strong><\/p>\n<p data-start=\"2145\" data-end=\"2328\" data-immersive-translate-walked=\"e6b01ccc-ff44-428b-9be7-c36321e56974\" data-immersive-translate-paragraph=\"1\">Utilizando flejes de pl\u00e1stico -polipropileno (PP) o tereftalato de polietileno (PET)-, la m\u00e1quina ata cada paca con flejes fuertes y resistentes a la intemperie que son seguros y ecol\u00f3gicos.<\/p>\n<p data-start=\"2330\" data-end=\"2363\" data-immersive-translate-walked=\"e6b01ccc-ff44-428b-9be7-c36321e56974\" data-immersive-translate-paragraph=\"1\"><strong>Control por pantalla t\u00e1ctil PLC<\/strong><\/p>\n<p data-start=\"2364\" data-end=\"2542\" data-immersive-translate-walked=\"e6b01ccc-ff44-428b-9be7-c36321e56974\" data-immersive-translate-paragraph=\"1\">Un sistema de control inteligente con una pantalla t\u00e1ctil PLC f\u00e1cil de usar permite a los operadores ajustar la configuraci\u00f3n, supervisar las operaciones y recibir alertas para el mantenimiento o la soluci\u00f3n de problemas.<\/p>\n<p data-start=\"2544\" data-end=\"2581\" data-immersive-translate-walked=\"e6b01ccc-ff44-428b-9be7-c36321e56974\" data-immersive-translate-paragraph=\"1\"><strong>Sistema hidr\u00e1ulico de alta resistencia<\/strong><\/p>\n<p data-start=\"2582\" data-end=\"2737\" data-immersive-translate-walked=\"e6b01ccc-ff44-428b-9be7-c36321e56974\" data-immersive-translate-paragraph=\"1\">La empacadora est\u00e1 accionada por una unidad hidr\u00e1ulica de alta presi\u00f3n que garantiza una potente compactaci\u00f3n, produciendo pacas de alta densidad ideales para el almacenamiento y el transporte.<\/p>\n<p data-start=\"2739\" data-end=\"2774\" data-immersive-translate-walked=\"e6b01ccc-ff44-428b-9be7-c36321e56974\" data-immersive-translate-paragraph=\"1\"><strong>Funcionamiento continuo 24\/7<\/strong><\/p>\n<p data-start=\"2775\" data-end=\"2911\" data-immersive-translate-walked=\"e6b01ccc-ff44-428b-9be7-c36321e56974\" data-immersive-translate-paragraph=\"1\">Dise\u00f1ada para entornos exigentes, la empacadora permite trabajar las 24 horas del d\u00eda, maximizando la productividad y minimizando los costes de mano de obra.<\/p>\n<p data-start=\"2913\" data-end=\"2944\" data-immersive-translate-walked=\"e6b01ccc-ff44-428b-9be7-c36321e56974\" data-immersive-translate-paragraph=\"1\"><strong>Tama\u00f1os de bala ajustables<\/strong><\/p>\n<p data-start=\"2945\" data-end=\"3084\" data-immersive-translate-walked=\"e6b01ccc-ff44-428b-9be7-c36321e56974\" data-immersive-translate-paragraph=\"1\">En funci\u00f3n del tipo de material y de las necesidades log\u00edsticas, puede ajustar la longitud y la densidad de las balas, lo que permite un control total de la producci\u00f3n de residuos.<\/p>\n<h3 data-start=\"3091\" data-end=\"3139\" data-immersive-translate-walked=\"e6b01ccc-ff44-428b-9be7-c36321e56974\">\u00bfPor qu\u00e9 elegir flejes de PP\/PET en lugar de alambre de acero?<\/h3>\n<p data-start=\"3141\" data-end=\"3289\" data-immersive-translate-walked=\"e6b01ccc-ff44-428b-9be7-c36321e56974\" data-immersive-translate-paragraph=\"1\">Una de las caracter\u00edsticas m\u00e1s innovadoras de esta empacadora es el uso de flejes de pl\u00e1stico PP o PET. En comparaci\u00f3n con el alambre de acero tradicional, los flejes de pl\u00e1stico:<\/p>\n<ul>\n<li data-start=\"3293\" data-end=\"3329\" data-immersive-translate-walked=\"e6b01ccc-ff44-428b-9be7-c36321e56974\" data-immersive-translate-paragraph=\"1\">Son m\u00e1s seguros de manejar (sin bordes afilados)<\/li>\n<li data-start=\"3332\" data-end=\"3377\" data-immersive-translate-walked=\"e6b01ccc-ff44-428b-9be7-c36321e56974\" data-immersive-translate-paragraph=\"1\">Ofrecen mayor flexibilidad y amortiguaci\u00f3n<\/li>\n<li data-start=\"3380\" data-end=\"3419\" data-immersive-translate-walked=\"e6b01ccc-ff44-428b-9be7-c36321e56974\" data-immersive-translate-paragraph=\"1\">Son resistentes a la humedad y la corrosi\u00f3n<\/li>\n<li data-start=\"3422\" data-end=\"3466\" data-immersive-translate-walked=\"e6b01ccc-ff44-428b-9be7-c36321e56974\" data-immersive-translate-paragraph=\"1\">Puede reciclarse junto con el contenido de la bala<\/li>\n<li data-start=\"3469\" data-end=\"3528\" data-immersive-translate-walked=\"e6b01ccc-ff44-428b-9be7-c36321e56974\" data-immersive-translate-paragraph=\"1\">No requieren equipo de protecci\u00f3n especializado durante su manipulaci\u00f3n<\/li>\n<\/ul>\n<p data-start=\"3530\" data-end=\"3631\" data-immersive-translate-walked=\"e6b01ccc-ff44-428b-9be7-c36321e56974\" data-immersive-translate-paragraph=\"1\">Esto las hace ideales para empresas centradas en la seguridad, la eficiencia y la responsabilidad medioambiental.<\/p>\n<h3 data-start=\"3638\" data-end=\"3699\" data-immersive-translate-walked=\"e6b01ccc-ff44-428b-9be7-c36321e56974\">Ventajas del uso de prensas horizontales totalmente autom\u00e1ticas<\/h3>\n<p data-start=\"3701\" data-end=\"3733\" data-immersive-translate-walked=\"e6b01ccc-ff44-428b-9be7-c36321e56974\" data-immersive-translate-paragraph=\"1\"><strong>Menores costes de explotaci\u00f3n<\/strong><\/p>\n<p data-start=\"3734\" data-end=\"3853\" data-immersive-translate-walked=\"e6b01ccc-ff44-428b-9be7-c36321e56974\" data-immersive-translate-paragraph=\"1\">Reduzca los costes de mano de obra con la automatizaci\u00f3n total. Un operador puede supervisar todo el proceso, liberando personal para otras tareas.<\/p>\n<p data-start=\"3855\" data-end=\"3886\" data-immersive-translate-walked=\"e6b01ccc-ff44-428b-9be7-c36321e56974\" data-immersive-translate-paragraph=\"1\"><strong>Mayor eficacia<\/strong><\/p>\n<p data-start=\"3887\" data-end=\"4030\" data-immersive-translate-walked=\"e6b01ccc-ff44-428b-9be7-c36321e56974\" data-immersive-translate-paragraph=\"1\">La alimentaci\u00f3n continua y el flejado autom\u00e1tico garantizan un procesamiento del material m\u00e1s r\u00e1pido y uniforme que los sistemas manuales o semiautom\u00e1ticos.<\/p>\n<p data-start=\"4032\" data-end=\"4066\" data-immersive-translate-walked=\"e6b01ccc-ff44-428b-9be7-c36321e56974\" data-immersive-translate-paragraph=\"1\"><strong>Manipulaci\u00f3n optimizada de balas<\/strong><\/p>\n<p data-start=\"4067\" data-end=\"4199\" data-immersive-translate-walked=\"e6b01ccc-ff44-428b-9be7-c36321e56974\" data-immersive-translate-paragraph=\"1\">Las balas uniformes ahorran espacio y mejoran la eficacia del apilamiento en el almacenamiento y durante el transporte, reduciendo los costes de env\u00edo y el tiempo de manipulaci\u00f3n.<\/p>\n<p data-start=\"4201\" data-end=\"4236\" data-immersive-translate-walked=\"e6b01ccc-ff44-428b-9be7-c36321e56974\" data-immersive-translate-paragraph=\"1\"><strong>Respetuoso con el medio ambiente<\/strong><\/p>\n<p data-start=\"4237\" data-end=\"4348\" data-immersive-translate-walked=\"e6b01ccc-ff44-428b-9be7-c36321e56974\" data-immersive-translate-paragraph=\"1\">Esta m\u00e1quina apoya las iniciativas ecol\u00f3gicas de su empresa haciendo que el reciclaje sea m\u00e1s racional y rentable.<\/p>\n<p data-start=\"4350\" data-end=\"4377\" data-immersive-translate-walked=\"e6b01ccc-ff44-428b-9be7-c36321e56974\" data-immersive-translate-paragraph=\"1\"><strong>Menos tiempo de inactividad<\/strong><\/p>\n<p data-start=\"4378\" data-end=\"4500\" data-immersive-translate-walked=\"e6b01ccc-ff44-428b-9be7-c36321e56974\" data-immersive-translate-paragraph=\"1\">Con alertas inteligentes, f\u00e1cil acceso para el mantenimiento y componentes duraderos, la m\u00e1quina minimiza las aver\u00edas y maximiza el tiempo de actividad.<\/p>\n<h3 data-start=\"4507\" data-end=\"4553\" data-immersive-translate-walked=\"e6b01ccc-ff44-428b-9be7-c36321e56974\">Aplicaciones en m\u00faltiples sectores<\/h3>\n<p data-start=\"4555\" data-end=\"4665\" data-immersive-translate-walked=\"e6b01ccc-ff44-428b-9be7-c36321e56974\" data-immersive-translate-paragraph=\"1\">La prensa horizontal totalmente autom\u00e1tica (fleje PP\/PET) es adecuada para una amplia gama de industrias, entre las que se incluyen:<\/p>\n<ul>\n<li data-start=\"4669\" data-end=\"4746\" data-immersive-translate-walked=\"e6b01ccc-ff44-428b-9be7-c36321e56974\" data-immersive-translate-paragraph=\"1\">Centros de reciclaje - Para embalar papel mezclado, botellas de PET y pel\u00edculas de pl\u00e1stico<\/li>\n<li data-start=\"4749\" data-end=\"4827\" data-immersive-translate-walked=\"e6b01ccc-ff44-428b-9be7-c36321e56974\" data-immersive-translate-paragraph=\"1\">Plantas de envasado e impresi\u00f3n - Para compactar recortes de papel y cart\u00f3n<\/li>\n<li data-start=\"4830\" data-end=\"4897\" data-immersive-translate-walked=\"e6b01ccc-ff44-428b-9be7-c36321e56974\" data-immersive-translate-paragraph=\"1\">Centros de log\u00edstica y distribuci\u00f3n - Para gestionar los residuos de envases<\/li>\n<li data-start=\"4900\" data-end=\"4952\" data-immersive-translate-walked=\"e6b01ccc-ff44-428b-9be7-c36321e56974\" data-immersive-translate-paragraph=\"1\">Industria textil - Para comprimir retales de tela<\/li>\n<li data-start=\"4955\" data-end=\"5038\" data-immersive-translate-walked=\"e6b01ccc-ff44-428b-9be7-c36321e56974\" data-immersive-translate-paragraph=\"1\">Procesamiento agr\u00edcola - Para comprimir material vegetal seco o residuos de envases<\/li>\n<\/ul>\n<p data-start=\"5040\" data-end=\"5136\" data-immersive-translate-walked=\"e6b01ccc-ff44-428b-9be7-c36321e56974\" data-immersive-translate-paragraph=\"1\">Dondequiera que se generen grandes vol\u00famenes de material comprimible, esta m\u00e1quina es un activo valioso.<\/p>\n<h3 data-start=\"5143\" data-end=\"5181\" data-immersive-translate-walked=\"e6b01ccc-ff44-428b-9be7-c36321e56974\">Opciones de personalizaci\u00f3n disponibles<\/h3>\n<p data-start=\"5183\" data-end=\"5249\" data-immersive-translate-walked=\"e6b01ccc-ff44-428b-9be7-c36321e56974\" data-immersive-translate-paragraph=\"1\">Ofrecemos varias opciones de personalizaci\u00f3n para adaptarnos a sus necesidades espec\u00edficas:<\/p>\n<ul>\n<li data-start=\"5253\" data-end=\"5283\" data-immersive-translate-walked=\"e6b01ccc-ff44-428b-9be7-c36321e56974\" data-immersive-translate-paragraph=\"1\">Anchura y longitud de la cinta transportadora<\/li>\n<li data-start=\"5286\" data-end=\"5315\" data-immersive-translate-walked=\"e6b01ccc-ff44-428b-9be7-c36321e56974\" data-immersive-translate-paragraph=\"1\">Ajustes de tama\u00f1o y peso de la paca<\/li>\n<li data-start=\"5318\" data-end=\"5342\" data-immersive-translate-walked=\"e6b01ccc-ff44-428b-9be7-c36321e56974\" data-immersive-translate-paragraph=\"1\">Niveles de fuerza de compresi\u00f3n<\/li>\n<li data-start=\"5345\" data-end=\"5370\" data-immersive-translate-walked=\"e6b01ccc-ff44-428b-9be7-c36321e56974\" data-immersive-translate-paragraph=\"1\">N\u00famero de l\u00edneas de flejado<\/li>\n<li data-start=\"5373\" data-end=\"5406\" data-immersive-translate-walked=\"e6b01ccc-ff44-428b-9be7-c36321e56974\" data-immersive-translate-paragraph=\"1\">Sistema de atado manual frente a autom\u00e1tico<\/li>\n<li data-start=\"5409\" data-end=\"5433\" data-immersive-translate-walked=\"e6b01ccc-ff44-428b-9be7-c36321e56974\" data-immersive-translate-paragraph=\"1\">Dise\u00f1os de armarios de seguridad<\/li>\n<li data-start=\"5436\" data-end=\"5462\" data-immersive-translate-walked=\"e6b01ccc-ff44-428b-9be7-c36321e56974\" data-immersive-translate-paragraph=\"1\">Color de la m\u00e1quina y marca<\/li>\n<\/ul>\n<p data-start=\"5464\" data-end=\"5614\" data-immersive-translate-walked=\"e6b01ccc-ff44-428b-9be7-c36321e56974\" data-immersive-translate-paragraph=\"1\">Tanto si necesita integrar la empacadora en una l\u00ednea existente como si requiere una soluci\u00f3n independiente, podemos adaptar la m\u00e1quina al flujo de trabajo de sus instalaciones.<\/p>\n<h3 data-start=\"5621\" data-end=\"5664\" data-immersive-translate-walked=\"e6b01ccc-ff44-428b-9be7-c36321e56974\">Garant\u00eda de calidad y certificaciones<\/h3>\n<p data-start=\"5666\" data-end=\"5728\" data-immersive-translate-walked=\"e6b01ccc-ff44-428b-9be7-c36321e56974\" data-immersive-translate-paragraph=\"1\">Nuestras m\u00e1quinas se construyen seg\u00fan normas internacionales e incluyen:<\/p>\n<ul>\n<li data-start=\"5732\" data-end=\"5761\" data-immersive-translate-walked=\"e6b01ccc-ff44-428b-9be7-c36321e56974\">Certificaciones CE e ISO<\/li>\n<li data-start=\"5764\" data-end=\"5810\" data-immersive-translate-walked=\"e6b01ccc-ff44-428b-9be7-c36321e56974\" data-immersive-translate-paragraph=\"1\">Componentes hidr\u00e1ulicos y el\u00e9ctricos de alta calidad<\/li>\n<li data-start=\"5813\" data-end=\"5857\" data-immersive-translate-walked=\"e6b01ccc-ff44-428b-9be7-c36321e56974\" data-immersive-translate-paragraph=\"1\">Rigurosas pruebas en f\u00e1brica y control de calidad<\/li>\n<li data-start=\"5860\" data-end=\"5899\" data-immersive-translate-walked=\"e6b01ccc-ff44-428b-9be7-c36321e56974\" data-immersive-translate-paragraph=\"1\">Cumplimiento de las normas mundiales de seguridad<\/li>\n<\/ul>\n<p data-start=\"5901\" data-end=\"5999\" data-immersive-translate-walked=\"e6b01ccc-ff44-428b-9be7-c36321e56974\" data-immersive-translate-paragraph=\"1\">Cada unidad se somete a una estricta inspecci\u00f3n previa al env\u00edo para garantizar un rendimiento y una durabilidad \u00f3ptimos.<\/p>\n<h3 data-start=\"6006\" data-end=\"6048\" data-immersive-translate-walked=\"e6b01ccc-ff44-428b-9be7-c36321e56974\">Asistencia posventa de confianza<\/h3>\n<p data-start=\"6050\" data-end=\"6149\" data-immersive-translate-walked=\"e6b01ccc-ff44-428b-9be7-c36321e56974\" data-immersive-translate-paragraph=\"1\">Cuando invierte en nuestra empacadora totalmente autom\u00e1tica, tambi\u00e9n est\u00e1 invirtiendo en asistencia a largo plazo. Le ofrecemos:<\/p>\n<ul>\n<li data-start=\"6153\" data-end=\"6193\" data-immersive-translate-walked=\"e6b01ccc-ff44-428b-9be7-c36321e56974\" data-immersive-translate-paragraph=\"1\">Gu\u00eda de instalaci\u00f3n remota e in situ<\/li>\n<li data-start=\"6196\" data-end=\"6222\" data-immersive-translate-walked=\"e6b01ccc-ff44-428b-9be7-c36321e56974\" data-immersive-translate-paragraph=\"1\">Programas de formaci\u00f3n de operadores<\/li>\n<li data-start=\"6225\" data-end=\"6253\" data-immersive-translate-walked=\"e6b01ccc-ff44-428b-9be7-c36321e56974\" data-immersive-translate-paragraph=\"1\">Paquetes de servicios de mantenimiento<\/li>\n<li data-start=\"6256\" data-end=\"6290\" data-immersive-translate-walked=\"e6b01ccc-ff44-428b-9be7-c36321e56974\" data-immersive-translate-paragraph=\"1\">Disponibilidad de piezas de recambio en todo el mundo<\/li>\n<li data-start=\"6293\" data-end=\"6345\" data-immersive-translate-walked=\"e6b01ccc-ff44-428b-9be7-c36321e56974\" data-immersive-translate-paragraph=\"1\">Asistencia t\u00e9cnica 24 horas al d\u00eda, 7 d\u00edas a la semana, por tel\u00e9fono, correo electr\u00f3nico o v\u00eddeo<\/li>\n<\/ul>\n<h3 data-start=\"6352\" data-end=\"6369\" data-immersive-translate-walked=\"e6b01ccc-ff44-428b-9be7-c36321e56974\">Conclusi\u00f3n<\/h3>\n<p data-start=\"6371\" data-end=\"6751\" data-immersive-translate-walked=\"e6b01ccc-ff44-428b-9be7-c36321e56974\" data-immersive-translate-paragraph=\"1\">La prensa horizontal totalmente autom\u00e1tica con fleje de PP\/PET es la soluci\u00f3n definitiva para las empresas que exigen un alto rendimiento, fiabilidad y un procesamiento de residuos respetuoso con el medio ambiente. Gracias a su automatizaci\u00f3n avanzada, su fleje de pl\u00e1stico seguro y resistente y sus funciones personalizables, es la m\u00e1quina perfecta para optimizar la gesti\u00f3n de residuos al tiempo que respalda los objetivos de sostenibilidad de su empresa.<\/p>\n<p data-start=\"6753\" data-end=\"6889\" data-immersive-translate-walked=\"e6b01ccc-ff44-428b-9be7-c36321e56974\" data-immersive-translate-paragraph=\"1\">Si su empresa est\u00e1 preparada para reducir costes, mejorar la productividad y actualizar sus capacidades de reciclaje, esta empacadora es la elecci\u00f3n inteligente.<\/p>","protected":false},"excerpt":{"rendered":"<p>Esta prensa horizontal totalmente autom\u00e1tica con sistema de flejado de PP\/PET est\u00e1 dise\u00f1ada para procesar grandes vol\u00famenes de residuos. Automatiza la compresi\u00f3n, el flejado y la expulsi\u00f3n de las balas, reduciendo los costes de mano de obra y aumentando la productividad. Adecuada para cart\u00f3n, pl\u00e1sticos, textiles, etc., la prensa produce balas uniformes y densas que facilitan el almacenamiento y el transporte. Dise\u00f1ada para un uso industrial ininterrumpido, presenta una construcci\u00f3n duradera, sistemas de control avanzados y ajustes personalizables para satisfacer necesidades operativas espec\u00edficas. Ideal para centros de reciclaje, plantas de fabricaci\u00f3n e instalaciones log\u00edsticas, esta m\u00e1quina agiliza la gesti\u00f3n de residuos y apoya las pr\u00e1cticas empresariales sostenibles.<\/p>","protected":false},"featured_media":1951,"template":"","meta":{"site-sidebar-layout":"default","site-content-layout":"","ast-site-content-layout":"default","site-content-style":"default","site-sidebar-style":"default","ast-global-header-display":"","ast-banner-title-visibility":"","ast-main-header-display":"","ast-hfb-above-header-display":"","ast-hfb-below-header-display":"","ast-hfb-mobile-header-display":"","site-post-title":"","ast-breadcrumbs-content":"","ast-featured-img":"","footer-sml-layout":"","ast-disable-related-posts":"","theme-transparent-header-meta":"default","adv-header-id-meta":"","stick-header-meta":"","header-above-stick-meta":"","header-main-stick-meta":"","header-below-stick-meta":"","astra-migrate-meta-layouts":"set","ast-page-background-enabled":"default","ast-page-background-meta":{"desktop":{"background-color":"var(--ast-global-color-5)","background-image":"","background-repeat":"repeat","background-position":"center center","background-size":"auto","background-attachment":"scroll","background-type":"","background-media":"","overlay-type":"","overlay-color":"","overlay-opacity":"","overlay-gradient":""},"tablet":{"background-color":"","background-image":"","background-repeat":"repeat","background-position":"center center","background-size":"auto","background-attachment":"scroll","background-type":"","background-media":"","overlay-type":"","overlay-color":"","overlay-opacity":"","overlay-gradient":""},"mobile":{"background-color":"","background-image":"","background-repeat":"repeat","background-position":"center center","background-size":"auto","background-attachment":"scroll","background-type":"","background-media":"","overlay-type":"","overlay-color":"","overlay-opacity":"","overlay-gradient":""}},"ast-content-background-meta":{"desktop":{"background-color":"var(--ast-global-color-4)","background-image":"","background-repeat":"repeat","background-position":"center center","background-size":"auto","background-attachment":"scroll","background-type":"","background-media":"","overlay-type":"","overlay-color":"","overlay-opacity":"","overlay-gradient":""},"tablet":{"background-color":"var(--ast-global-color-4)","background-image":"","background-repeat":"repeat","background-position":"center center","background-size":"auto","background-attachment":"scroll","background-type":"","background-media":"","overlay-type":"","overlay-color":"","overlay-opacity":"","overlay-gradient":""},"mobile":{"background-color":"var(--ast-global-color-4)","background-image":"","background-repeat":"repeat","background-position":"center center","background-size":"auto","background-attachment":"scroll","background-type":"","background-media":"","overlay-type":"","overlay-color":"","overlay-opacity":"","overlay-gradient":""}}},"product_brand":[],"product_cat":[21,153],"product_tag":[],"class_list":{"0":"post-1986","1":"product","2":"type-product","3":"status-publish","4":"has-post-thumbnail","6":"product_cat-baling-machine","7":"product_cat-horizontal-baler","8":"desktop-align-left","9":"tablet-align-left","10":"mobile-align-left","12":"first","13":"instock","14":"shipping-taxable","15":"product-type-simple"},"_links":{"self":[{"href":"https:\/\/www.gigapa.com\/es\/wp-json\/wp\/v2\/product\/1986","targetHints":{"allow":["GET"]}}],"collection":[{"href":"https:\/\/www.gigapa.com\/es\/wp-json\/wp\/v2\/product"}],"about":[{"href":"https:\/\/www.gigapa.com\/es\/wp-json\/wp\/v2\/types\/product"}],"version-history":[{"count":3,"href":"https:\/\/www.gigapa.com\/es\/wp-json\/wp\/v2\/product\/1986\/revisions"}],"predecessor-version":[{"id":2387,"href":"https:\/\/www.gigapa.com\/es\/wp-json\/wp\/v2\/product\/1986\/revisions\/2387"}],"wp:featuredmedia":[{"embeddable":true,"href":"https:\/\/www.gigapa.com\/es\/wp-json\/wp\/v2\/media\/1951"}],"wp:attachment":[{"href":"https:\/\/www.gigapa.com\/es\/wp-json\/wp\/v2\/media?parent=1986"}],"wp:term":[{"taxonomy":"product_brand","embeddable":true,"href":"https:\/\/www.gigapa.com\/es\/wp-json\/wp\/v2\/product_brand?post=1986"},{"taxonomy":"product_cat","embeddable":true,"href":"https:\/\/www.gigapa.com\/es\/wp-json\/wp\/v2\/product_cat?post=1986"},{"taxonomy":"product_tag","embeddable":true,"href":"https:\/\/www.gigapa.com\/es\/wp-json\/wp\/v2\/product_tag?post=1986"}],"curies":[{"name":"wp","href":"https:\/\/api.w.org\/{rel}","templated":true}]}}