{"id":1988,"date":"2025-06-19T08:44:15","date_gmt":"2025-06-19T00:44:15","guid":{"rendered":"https:\/\/www.gigapa.com\/?post_type=product&#038;p=1988"},"modified":"2025-10-13T09:15:31","modified_gmt":"2025-10-13T01:15:31","slug":"vertical-baling-press-machine","status":"publish","type":"product","link":"https:\/\/www.gigapa.com\/es\/product\/vertical-baling-press-machine\/","title":{"rendered":"Prensa embaladora vertical"},"content":{"rendered":"<p data-start=\"165\" data-end=\"614\" data-immersive-translate-walked=\"662ace0b-dde6-4a57-8ef9-d70211bd73a1\" data-immersive-translate-paragraph=\"1\">La gesti\u00f3n de residuos ha dejado de ser una tarea secundaria para convertirse en una parte estrat\u00e9gica de la gesti\u00f3n de una empresa moderna y sostenible. La prensa de balas vertical est\u00e1 dise\u00f1ada para afrontar este reto. Tanto si trabaja en un almac\u00e9n con mucho movimiento, en una bulliciosa tienda minorista, en un centro log\u00edstico o en una planta de reciclaje, esta m\u00e1quina ofrece una soluci\u00f3n compacta pero potente para comprimir una amplia variedad de materiales reciclables: cart\u00f3n, pl\u00e1stico, restos textiles, etc.<\/p>\n<p data-start=\"616\" data-end=\"913\" data-immersive-translate-walked=\"662ace0b-dde6-4a57-8ef9-d70211bd73a1\" data-immersive-translate-paragraph=\"1\">Con su sistema hidr\u00e1ulico de alta resistencia, su robusto bastidor de acero y su interfaz de f\u00e1cil manejo, esta empacadora vertical convierte los residuos sueltos y voluminosos en balas compactas f\u00e1ciles de almacenar, transportar y reciclar. \u00bfEl resultado? Un espacio de trabajo m\u00e1s limpio, costes de transporte reducidos y una huella m\u00e1s ecol\u00f3gica para su empresa.<\/p>\n<h3 data-start=\"920\" data-end=\"976\" data-immersive-translate-walked=\"662ace0b-dde6-4a57-8ef9-d70211bd73a1\" data-immersive-translate-paragraph=\"1\">\u00bfQu\u00e9 es exactamente una prensa embaladora vertical?<\/h3>\n<p data-start=\"978\" data-end=\"1364\" data-immersive-translate-walked=\"662ace0b-dde6-4a57-8ef9-d70211bd73a1\" data-immersive-translate-paragraph=\"1\">En esencia, una prensa de balas vertical es una compactadora. Utiliza presi\u00f3n hidr\u00e1ulica vertical para prensar materiales de desecho, como cajas de cart\u00f3n aplanadas o envoltorios retr\u00e1ctiles, en balas apilables. A diferencia de los modelos horizontales, que suelen requerir m\u00e1s espacio y cuestan m\u00e1s por adelantado, las prensas verticales son ideales para empresas que necesitan un alto rendimiento sin sacrificar una valiosa superficie.<\/p>\n<p data-start=\"1366\" data-end=\"1652\" data-immersive-translate-walked=\"662ace0b-dde6-4a57-8ef9-d70211bd73a1\" data-immersive-translate-paragraph=\"1\">La m\u00e1quina cuenta con una puerta de carga frontal, una resistente placa de prensado y un panel de control. Algunos modelos ofrecen expulsi\u00f3n autom\u00e1tica de las balas; otros utilizan sistemas manuales. El proceso es sencillo: cargar los residuos, cerrar la c\u00e1mara, pulsar un bot\u00f3n y dejar que la m\u00e1quina haga el trabajo pesado.<\/p>\n<h3 data-start=\"1659\" data-end=\"1699\" data-immersive-translate-walked=\"662ace0b-dde6-4a57-8ef9-d70211bd73a1\" data-immersive-translate-paragraph=\"1\">Caracter\u00edsticas b\u00e1sicas que marcan la diferencia<\/h3>\n<p data-start=\"1701\" data-end=\"1918\" data-immersive-translate-walked=\"662ace0b-dde6-4a57-8ef9-d70211bd73a1\" data-immersive-translate-paragraph=\"1\">Potente presi\u00f3n hidr\u00e1ulica<br data-start=\"1732\" data-end=\"1735\" data-immersive-translate-walked=\"662ace0b-dde6-4a57-8ef9-d70211bd73a1\" \/>No se deje enga\u00f1ar por su dise\u00f1o vertical: esta m\u00e1quina ofrece una gran fuerza de compactaci\u00f3n. Garantiza que los materiales se prensen firmemente en balas, minimizando los espacios de aire y maximizando la densidad.<\/p>\n<p data-start=\"1920\" data-end=\"2112\" data-immersive-translate-walked=\"662ace0b-dde6-4a57-8ef9-d70211bd73a1\" data-immersive-translate-paragraph=\"1\">Disposici\u00f3n vertical consciente del espacio<br data-start=\"1955\" data-end=\"1958\" data-immersive-translate-walked=\"662ace0b-dde6-4a57-8ef9-d70211bd73a1\" \/>\u00bfTiene poco espacio? No hay problema. Su forma vertical se adapta perfectamente a las esquinas estrechas, por lo que es ideal para operaciones m\u00e1s peque\u00f1as o lugares con una superficie limitada.<\/p>\n<p data-start=\"2114\" data-end=\"2320\" data-immersive-translate-walked=\"662ace0b-dde6-4a57-8ef9-d70211bd73a1\" data-immersive-translate-paragraph=\"1\">Controles simplificados<br data-start=\"2137\" data-end=\"2140\" data-immersive-translate-walked=\"662ace0b-dde6-4a57-8ef9-d70211bd73a1\" \/>El manejo de la empacadora es intuitivo. El panel incluye botones claros y caracter\u00edsticas de seguridad como funciones de parada de emergencia y luces indicadoras. Incluso el personal nuevo puede formarse en cuesti\u00f3n de minutos.<\/p>\n<p data-start=\"2322\" data-end=\"2513\" data-immersive-translate-walked=\"662ace0b-dde6-4a57-8ef9-d70211bd73a1\" data-immersive-translate-paragraph=\"1\">Modos de funcionamiento flexibles<br data-start=\"2350\" data-end=\"2353\" data-immersive-translate-walked=\"662ace0b-dde6-4a57-8ef9-d70211bd73a1\" \/>\u00bfNecesita un control total? Opte por la versi\u00f3n manual. \u00bfPrefiere un enfoque m\u00e1s \u00e1gil? Elija un modelo semiautom\u00e1tico. En cualquier caso, la empacadora se adapta a su flujo de trabajo.<\/p>\n<p data-start=\"2515\" data-end=\"2698\" data-immersive-translate-walked=\"662ace0b-dde6-4a57-8ef9-d70211bd73a1\" data-immersive-translate-paragraph=\"1\">Construido para durar<br data-start=\"2532\" data-end=\"2535\" data-immersive-translate-walked=\"662ace0b-dde6-4a57-8ef9-d70211bd73a1\" \/>Fabricada en acero reforzado y equipada con enclavamientos de seguridad, esta empacadora est\u00e1 preparada para un uso industrial intensivo. No es solo una m\u00e1quina, es un activo a largo plazo.<\/p>\n<h3 data-start=\"2705\" data-end=\"2762\" data-immersive-translate-walked=\"662ace0b-dde6-4a57-8ef9-d70211bd73a1\" data-immersive-translate-paragraph=\"1\">Por qu\u00e9 las empresas conf\u00edan en las prensas de balas verticales<\/h3>\n<p data-start=\"2764\" data-end=\"2947\" data-immersive-translate-walked=\"662ace0b-dde6-4a57-8ef9-d70211bd73a1\" data-immersive-translate-paragraph=\"1\">1. Menos volumen, m\u00e1s espacio<br data-start=\"2794\" data-end=\"2797\" data-immersive-translate-walked=\"662ace0b-dde6-4a57-8ef9-d70211bd73a1\" \/>Al comprimir los residuos sueltos en balas s\u00f3lidas, puede reducir dr\u00e1sticamente el volumen. Esto significa menos desorden y m\u00e1s espacio utilizable en sus instalaciones.<\/p>\n<p data-start=\"2949\" data-end=\"3107\" data-immersive-translate-walked=\"662ace0b-dde6-4a57-8ef9-d70211bd73a1\" data-immersive-translate-paragraph=\"1\">2. Ahorre dinero en la recogida de residuos<br data-start=\"2983\" data-end=\"2986\" data-immersive-translate-walked=\"662ace0b-dde6-4a57-8ef9-d70211bd73a1\" \/>Menor volumen de residuos = menos recogidas = facturas de eliminaci\u00f3n m\u00e1s bajas. Adem\u00e1s, puede incluso ganar dinero con la venta de sus residuos reciclables compactados.<\/p>\n<p data-start=\"3109\" data-end=\"3277\" data-immersive-translate-walked=\"662ace0b-dde6-4a57-8ef9-d70211bd73a1\" data-immersive-translate-paragraph=\"1\">3. Orden y seguridad<br data-start=\"3137\" data-end=\"3140\" data-immersive-translate-walked=\"662ace0b-dde6-4a57-8ef9-d70211bd73a1\" \/>Un espacio de trabajo desordenado no s\u00f3lo es poco profesional, sino inseguro. Mantener los materiales organizados en balas mejora la limpieza y la seguridad en el lugar de trabajo.<\/p>\n<p data-start=\"3279\" data-end=\"3453\" data-immersive-translate-walked=\"662ace0b-dde6-4a57-8ef9-d70211bd73a1\" data-immersive-translate-paragraph=\"1\">4. Bueno para el planeta<br data-start=\"3305\" data-end=\"3308\" data-immersive-translate-walked=\"662ace0b-dde6-4a57-8ef9-d70211bd73a1\" \/>El reciclaje es m\u00e1s eficaz cuando los materiales est\u00e1n preenvasados. Es m\u00e1s f\u00e1cil para los recicladores y su empresa contribuye positivamente al medio ambiente.<\/p>\n<p data-start=\"3455\" data-end=\"3640\" data-immersive-translate-walked=\"662ace0b-dde6-4a57-8ef9-d70211bd73a1\" data-immersive-translate-paragraph=\"1\">5. Cumplir la normativa con facilidad<br data-start=\"3486\" data-end=\"3489\" data-immersive-translate-walked=\"662ace0b-dde6-4a57-8ef9-d70211bd73a1\" \/>Con la creciente presi\u00f3n de las normativas locales sobre la gesti\u00f3n de residuos, una prensa de balas ayuda a garantizar que se siguen los protocolos de clasificaci\u00f3n y manipulaci\u00f3n adecuados.<\/p>\n<h3 data-start=\"3647\" data-end=\"3682\" data-immersive-translate-walked=\"662ace0b-dde6-4a57-8ef9-d70211bd73a1\" data-immersive-translate-paragraph=\"1\">\u00bfD\u00f3nde se puede utilizar esta m\u00e1quina?<\/h3>\n<p data-start=\"3684\" data-end=\"3759\" data-immersive-translate-walked=\"662ace0b-dde6-4a57-8ef9-d70211bd73a1\" data-immersive-translate-paragraph=\"1\">Su versatilidad es uno de sus mayores puntos fuertes. Los casos de uso m\u00e1s comunes son:<\/p>\n<ul>\n<li data-start=\"3763\" data-end=\"3836\" data-immersive-translate-walked=\"662ace0b-dde6-4a57-8ef9-d70211bd73a1\" data-immersive-translate-paragraph=\"1\">Venta al por menor y supermercados - Enfardado de envases de cart\u00f3n y envoltorios de pl\u00e1stico<\/li>\n<li data-start=\"3839\" data-end=\"3909\" data-immersive-translate-walked=\"662ace0b-dde6-4a57-8ef9-d70211bd73a1\" data-immersive-translate-paragraph=\"1\">Almacenes y centros de distribuci\u00f3n - Gesti\u00f3n diaria de residuos de envases<\/li>\n<li data-start=\"3912\" data-end=\"3980\" data-immersive-translate-walked=\"662ace0b-dde6-4a57-8ef9-d70211bd73a1\" data-immersive-translate-paragraph=\"1\">Fabricaci\u00f3n - Compresi\u00f3n de materiales sobrantes de la producci\u00f3n<\/li>\n<li data-start=\"3983\" data-end=\"4055\" data-immersive-translate-walked=\"662ace0b-dde6-4a57-8ef9-d70211bd73a1\" data-immersive-translate-paragraph=\"1\">Estaciones de reciclaje - Organizaci\u00f3n y preparaci\u00f3n de materiales para su reventa<\/li>\n<li data-start=\"4058\" data-end=\"4127\" data-immersive-translate-walked=\"662ace0b-dde6-4a57-8ef9-d70211bd73a1\" data-immersive-translate-paragraph=\"1\">Industria textil y de la confecci\u00f3n - Manipulaci\u00f3n de residuos o recortes de tejidos<\/li>\n<\/ul>\n<p data-start=\"4129\" data-end=\"4252\" data-immersive-translate-walked=\"662ace0b-dde6-4a57-8ef9-d70211bd73a1\" data-immersive-translate-paragraph=\"1\">Tanto si produce s\u00f3lo un par de pacas al d\u00eda como si trabaja con vol\u00famenes mayores, hay un modelo que se adapta a sus necesidades.<\/p>\n<h3 data-start=\"4259\" data-end=\"4292\" data-immersive-translate-walked=\"662ace0b-dde6-4a57-8ef9-d70211bd73a1\" data-immersive-translate-paragraph=\"1\">A la medida de sus necesidades<\/h3>\n<p data-start=\"4294\" data-end=\"4425\" data-immersive-translate-walked=\"662ace0b-dde6-4a57-8ef9-d70211bd73a1\" data-immersive-translate-paragraph=\"1\">Entendemos que las operaciones var\u00edan de un negocio a otro. Por eso nuestras m\u00e1quinas ofrecen m\u00faltiples opciones de personalizaci\u00f3n, como:<\/p>\n<ul>\n<li data-start=\"4429\" data-end=\"4463\" data-immersive-translate-walked=\"662ace0b-dde6-4a57-8ef9-d70211bd73a1\" data-immersive-translate-paragraph=\"1\">Diferentes tama\u00f1os y pesos de paca<\/li>\n<li data-start=\"4466\" data-end=\"4496\" data-immersive-translate-walked=\"662ace0b-dde6-4a57-8ef9-d70211bd73a1\" data-immersive-translate-paragraph=\"1\">Fuerza de compresi\u00f3n ajustable<\/li>\n<li data-start=\"4499\" data-end=\"4542\" data-immersive-translate-walked=\"662ace0b-dde6-4a57-8ef9-d70211bd73a1\" data-immersive-translate-paragraph=\"1\">Sistemas de expulsi\u00f3n de balas manuales o hidr\u00e1ulicos<\/li>\n<li data-start=\"4545\" data-end=\"4574\" data-immersive-translate-walked=\"662ace0b-dde6-4a57-8ef9-d70211bd73a1\" data-immersive-translate-paragraph=\"1\">Paneles de control multiling\u00fces<\/li>\n<li data-start=\"4577\" data-end=\"4605\" data-immersive-translate-walked=\"662ace0b-dde6-4a57-8ef9-d70211bd73a1\" data-immersive-translate-paragraph=\"1\">Colores y marcas personalizados<\/li>\n<\/ul>\n<p data-start=\"4607\" data-end=\"4701\" data-immersive-translate-walked=\"662ace0b-dde6-4a57-8ef9-d70211bd73a1\" data-immersive-translate-paragraph=\"1\">\u00bfNecesita algo \u00fanico? Tambi\u00e9n ofrecemos servicios OEM y ODM para adaptarnos a su flujo de trabajo espec\u00edfico.<\/p>\n<h3 data-start=\"4708\" data-end=\"4726\" data-immersive-translate-walked=\"662ace0b-dde6-4a57-8ef9-d70211bd73a1\" data-immersive-translate-paragraph=\"1\">\u00bfPor qu\u00e9 elegirnos?<\/h3>\n<p data-start=\"4728\" data-end=\"4848\" data-immersive-translate-walked=\"662ace0b-dde6-4a57-8ef9-d70211bd73a1\" data-immersive-translate-paragraph=\"1\">Con una d\u00e9cada de experiencia en soluciones para residuos industriales, respaldamos cada una de las prensas que fabricamos. Nuestras m\u00e1quinas son:<\/p>\n<ul>\n<li data-start=\"4852\" data-end=\"4876\" data-immersive-translate-walked=\"662ace0b-dde6-4a57-8ef9-d70211bd73a1\">Certificaci\u00f3n CE e ISO<\/li>\n<li data-start=\"4879\" data-end=\"4910\" data-immersive-translate-walked=\"662ace0b-dde6-4a57-8ef9-d70211bd73a1\" data-immersive-translate-paragraph=\"1\">Construido con componentes de primera calidad<\/li>\n<li data-start=\"4913\" data-end=\"4962\" data-immersive-translate-walked=\"662ace0b-dde6-4a57-8ef9-d70211bd73a1\" data-immersive-translate-paragraph=\"1\">Se entrega con formaci\u00f3n completa y manuales<\/li>\n<li data-start=\"4965\" data-end=\"5006\" data-immersive-translate-walked=\"662ace0b-dde6-4a57-8ef9-d70211bd73a1\" data-immersive-translate-paragraph=\"1\">Con el apoyo de equipos t\u00e9cnicos reactivos<\/li>\n<li data-start=\"5009\" data-end=\"5059\" data-immersive-translate-walked=\"662ace0b-dde6-4a57-8ef9-d70211bd73a1\" data-immersive-translate-paragraph=\"1\">Disponibles a precios competitivos con entrega r\u00e1pida<\/li>\n<\/ul>\n<p data-start=\"5061\" data-end=\"5183\" data-immersive-translate-walked=\"662ace0b-dde6-4a57-8ef9-d70211bd73a1\" data-immersive-translate-paragraph=\"1\">Nuestros clientes de todo el mundo, desde peque\u00f1os talleres hasta f\u00e1bricas multinacionales, conf\u00edan en nosotros para obtener equipos duraderos y un servicio fiable.<\/p>\n<h3 data-start=\"5190\" data-end=\"5231\" data-immersive-translate-walked=\"662ace0b-dde6-4a57-8ef9-d70211bd73a1\" data-immersive-translate-paragraph=\"1\">Asistencia fiable, incluso despu\u00e9s de la venta<\/h3>\n<p data-start=\"5233\" data-end=\"5320\" data-immersive-translate-walked=\"662ace0b-dde6-4a57-8ef9-d70211bd73a1\" data-immersive-translate-paragraph=\"1\">No nos limitamos a vender m\u00e1quinas: apoyamos su negocio. Nuestro servicio posventa incluye:<\/p>\n<ul>\n<li data-start=\"5324\" data-end=\"5354\" data-immersive-translate-walked=\"662ace0b-dde6-4a57-8ef9-d70211bd73a1\" data-immersive-translate-paragraph=\"1\">Gu\u00eda de instalaci\u00f3n remota<\/li>\n<li data-start=\"5357\" data-end=\"5400\" data-immersive-translate-walked=\"662ace0b-dde6-4a57-8ef9-d70211bd73a1\" data-immersive-translate-paragraph=\"1\">Videotutoriales de funcionamiento y mantenimiento<\/li>\n<li data-start=\"5403\" data-end=\"5434\" data-immersive-translate-walked=\"662ace0b-dde6-4a57-8ef9-d70211bd73a1\" data-immersive-translate-paragraph=\"1\">Piezas de repuesto f\u00e1cilmente disponibles<\/li>\n<li data-start=\"5437\" data-end=\"5469\" data-immersive-translate-walked=\"662ace0b-dde6-4a57-8ef9-d70211bd73a1\" data-immersive-translate-paragraph=\"1\">Mantenimiento programado a petici\u00f3n<\/li>\n<\/ul>\n<p data-start=\"5471\" data-end=\"5512\" data-immersive-translate-walked=\"662ace0b-dde6-4a57-8ef9-d70211bd73a1\" data-immersive-translate-paragraph=\"1\">Su \u00e9xito es nuestro compromiso a largo plazo.<\/p>\n<h3 data-start=\"5519\" data-end=\"5537\" data-immersive-translate-walked=\"662ace0b-dde6-4a57-8ef9-d70211bd73a1\" data-immersive-translate-paragraph=\"1\">Reflexiones finales<\/h3>\n<p data-start=\"5539\" data-end=\"5892\" data-immersive-translate-walked=\"662ace0b-dde6-4a57-8ef9-d70211bd73a1\" data-immersive-translate-paragraph=\"1\">En el vertiginoso mundo empresarial actual, preocupado por el medio ambiente, una prensa de balas vertical es algo m\u00e1s que una herramienta: es una inversi\u00f3n inteligente. Simplifica la gesti\u00f3n de residuos, reduce costes y apoya los objetivos medioambientales. Tanto si su objetivo es mejorar su estrategia de residuos como si busca un espacio de trabajo m\u00e1s limpio y eficiente, nuestra prensa de balas verticales es la soluci\u00f3n.<\/p>","protected":false},"excerpt":{"rendered":"<p>Nuestra prensa embaladora vertical compacta cart\u00f3n, textiles y residuos pl\u00e1sticos en balas densas, reduciendo el volumen hasta 90%. Dise\u00f1ada para almacenes, centros de reciclaje y plantas de fabricaci\u00f3n, presenta una gran fuerza de compresi\u00f3n (10-50 toneladas), un bajo consumo de energ\u00eda y enclavamientos de seguridad. Su dise\u00f1o vertical ahorra espacio y mejora la eficiencia en la manipulaci\u00f3n de residuos. Las opciones incluyen sistemas de atado autom\u00e1tico, controles PLC y tama\u00f1os de bala personalizados. Reduzca los costes de eliminaci\u00f3n y aumente los ingresos por reciclaje con esta soluci\u00f3n resistente y de bajo mantenimiento.<\/p>","protected":false},"featured_media":1950,"template":"","meta":{"site-sidebar-layout":"default","site-content-layout":"","ast-site-content-layout":"default","site-content-style":"default","site-sidebar-style":"default","ast-global-header-display":"","ast-banner-title-visibility":"","ast-main-header-display":"","ast-hfb-above-header-display":"","ast-hfb-below-header-display":"","ast-hfb-mobile-header-display":"","site-post-title":"","ast-breadcrumbs-content":"","ast-featured-img":"","footer-sml-layout":"","ast-disable-related-posts":"","theme-transparent-header-meta":"default","adv-header-id-meta":"","stick-header-meta":"","header-above-stick-meta":"","header-main-stick-meta":"","header-below-stick-meta":"","astra-migrate-meta-layouts":"set","ast-page-background-enabled":"default","ast-page-background-meta":{"desktop":{"background-color":"var(--ast-global-color-5)","background-image":"","background-repeat":"repeat","background-position":"center center","background-size":"auto","background-attachment":"scroll","background-type":"","background-media":"","overlay-type":"","overlay-color":"","overlay-opacity":"","overlay-gradient":""},"tablet":{"background-color":"","background-image":"","background-repeat":"repeat","background-position":"center center","background-size":"auto","background-attachment":"scroll","background-type":"","background-media":"","overlay-type":"","overlay-color":"","overlay-opacity":"","overlay-gradient":""},"mobile":{"background-color":"","background-image":"","background-repeat":"repeat","background-position":"center center","background-size":"auto","background-attachment":"scroll","background-type":"","background-media":"","overlay-type":"","overlay-color":"","overlay-opacity":"","overlay-gradient":""}},"ast-content-background-meta":{"desktop":{"background-color":"var(--ast-global-color-4)","background-image":"","background-repeat":"repeat","background-position":"center center","background-size":"auto","background-attachment":"scroll","background-type":"","background-media":"","overlay-type":"","overlay-color":"","overlay-opacity":"","overlay-gradient":""},"tablet":{"background-color":"var(--ast-global-color-4)","background-image":"","background-repeat":"repeat","background-position":"center center","background-size":"auto","background-attachment":"scroll","background-type":"","background-media":"","overlay-type":"","overlay-color":"","overlay-opacity":"","overlay-gradient":""},"mobile":{"background-color":"var(--ast-global-color-4)","background-image":"","background-repeat":"repeat","background-position":"center center","background-size":"auto","background-attachment":"scroll","background-type":"","background-media":"","overlay-type":"","overlay-color":"","overlay-opacity":"","overlay-gradient":""}}},"product_brand":[],"product_cat":[21,152],"product_tag":[],"class_list":{"0":"post-1988","1":"product","2":"type-product","3":"status-publish","4":"has-post-thumbnail","6":"product_cat-baling-machine","7":"product_cat-vertical-baler","8":"desktop-align-left","9":"tablet-align-left","10":"mobile-align-left","12":"first","13":"instock","14":"shipping-taxable","15":"product-type-simple"},"_links":{"self":[{"href":"https:\/\/www.gigapa.com\/es\/wp-json\/wp\/v2\/product\/1988","targetHints":{"allow":["GET"]}}],"collection":[{"href":"https:\/\/www.gigapa.com\/es\/wp-json\/wp\/v2\/product"}],"about":[{"href":"https:\/\/www.gigapa.com\/es\/wp-json\/wp\/v2\/types\/product"}],"version-history":[{"count":2,"href":"https:\/\/www.gigapa.com\/es\/wp-json\/wp\/v2\/product\/1988\/revisions"}],"predecessor-version":[{"id":2140,"href":"https:\/\/www.gigapa.com\/es\/wp-json\/wp\/v2\/product\/1988\/revisions\/2140"}],"wp:featuredmedia":[{"embeddable":true,"href":"https:\/\/www.gigapa.com\/es\/wp-json\/wp\/v2\/media\/1950"}],"wp:attachment":[{"href":"https:\/\/www.gigapa.com\/es\/wp-json\/wp\/v2\/media?parent=1988"}],"wp:term":[{"taxonomy":"product_brand","embeddable":true,"href":"https:\/\/www.gigapa.com\/es\/wp-json\/wp\/v2\/product_brand?post=1988"},{"taxonomy":"product_cat","embeddable":true,"href":"https:\/\/www.gigapa.com\/es\/wp-json\/wp\/v2\/product_cat?post=1988"},{"taxonomy":"product_tag","embeddable":true,"href":"https:\/\/www.gigapa.com\/es\/wp-json\/wp\/v2\/product_tag?post=1988"}],"curies":[{"name":"wp","href":"https:\/\/api.w.org\/{rel}","templated":true}]}}