{"id":1992,"date":"2025-06-18T14:27:01","date_gmt":"2025-06-18T06:27:01","guid":{"rendered":"https:\/\/www.gigapa.com\/?post_type=product&#038;p=1992"},"modified":"2025-10-13T09:15:52","modified_gmt":"2025-10-13T01:15:52","slug":"standard-vertical-hydraulic-baler-manual-door-opening","status":"publish","type":"product","link":"https:\/\/www.gigapa.com\/es\/product\/standard-vertical-hydraulic-baler-manual-door-opening\/","title":{"rendered":"Empacadora hidr\u00e1ulica vertical est\u00e1ndar - (Apertura manual de la puerta)"},"content":{"rendered":"<p data-start=\"274\" data-end=\"799\">En el entorno industrial actual, cada vez m\u00e1s concienciado con la ecolog\u00eda y la eficiencia, la gesti\u00f3n de residuos se ha convertido en una prioridad fundamental en muchos sectores. Ya sea en la fabricaci\u00f3n, el comercio minorista, la distribuci\u00f3n o la log\u00edstica, las empresas buscan constantemente soluciones que sean rentables, ahorren espacio y sean responsables con el medio ambiente. La prensa hidr\u00e1ulica vertical est\u00e1ndar con apertura manual de la puerta ofrece una soluci\u00f3n fiable, f\u00e1cil de usar y econ\u00f3mica para compactar una amplia gama de materiales de desecho reciclables.<\/p>\n<p data-start=\"801\" data-end=\"1217\">Esta prensa vertical est\u00e1 dise\u00f1ada espec\u00edficamente para satisfacer las necesidades de las empresas que producen vol\u00famenes moderados de materiales de desecho como cart\u00f3n, papel, textiles, pel\u00edculas de pl\u00e1stico y envases blandos. Comprime estos materiales en balas apretadas que son m\u00e1s f\u00e1ciles de almacenar, transportar o reciclar, lo que permite a las empresas reducir los costes de eliminaci\u00f3n, mantener espacios de trabajo m\u00e1s ordenados y demostrar responsabilidad medioambiental.<\/p>\n<h3 data-start=\"1224\" data-end=\"1260\"><strong data-start=\"1228\" data-end=\"1260\">Dise\u00f1o vertical que ahorra espacio<\/strong><\/h3>\n<p data-start=\"1262\" data-end=\"1688\">La configuraci\u00f3n vertical de esta empacadora es ideal para empresas con espacio limitado. Su estructura vertical permite instalarla en \u00e1reas m\u00e1s peque\u00f1as, como almacenes, trastiendas y muelles de carga estrechos, sin interferir en las operaciones cotidianas. Su tama\u00f1o compacto no sacrifica el rendimiento y sigue ofreciendo una gran fuerza de compactaci\u00f3n, lo que la convierte en la opci\u00f3n preferida para peque\u00f1as y medianas empresas.<\/p>\n<h3 data-start=\"1695\" data-end=\"1752\"><strong data-start=\"1699\" data-end=\"1752\">Apertura manual de la puerta para un manejo seguro y sencillo<\/strong><\/h3>\n<p data-start=\"1754\" data-end=\"2128\">En <strong data-start=\"1758\" data-end=\"1781\">apertura manual de la puerta<\/strong> ofrece un acceso controlado y seguro a la c\u00e1mara de carga. Este dise\u00f1o permite a los operadores abrir y cerrar manualmente la puerta delantera al cargar materiales o retirar pacas terminadas. A diferencia de las puertas automatizadas, que requieren mecanismos m\u00e1s complejos y mantenimiento, el sistema manual reduce la complejidad mec\u00e1nica y mejora la fiabilidad de la m\u00e1quina.<\/p>\n<p data-start=\"2130\" data-end=\"2452\">Adem\u00e1s, el accionamiento manual de la puerta aumenta el control del usuario, lo que puede resultar especialmente beneficioso cuando se procesan materiales irregulares o poco consistentes, como recortes textiles o cart\u00f3n arrugado. Los operarios pueden supervisar de cerca la c\u00e1mara, colocar los materiales correctamente y garantizar la m\u00e1xima eficacia de la carga antes de la compresi\u00f3n.<\/p>\n<h3 data-start=\"2459\" data-end=\"2502\"><strong data-start=\"2463\" data-end=\"2502\">Ideal para una amplia gama de materiales<\/strong><\/h3>\n<p data-start=\"2504\" data-end=\"2617\">La prensa hidr\u00e1ulica vertical est\u00e1ndar est\u00e1 dise\u00f1ada para la compactaci\u00f3n de m\u00faltiples materiales. Se utiliza ampliamente en la manipulaci\u00f3n:<\/p>\n<ul>\n<li data-start=\"2621\" data-end=\"2653\">Cajas de cart\u00f3n ondulado (OCC)<\/li>\n<li data-start=\"2656\" data-end=\"2691\">Papel de oficina y documentos triturados<\/li>\n<li data-start=\"2694\" data-end=\"2742\">Pel\u00edculas de pl\u00e1stico, envoltorios retr\u00e1ctiles y residuos de envases<\/li>\n<li data-start=\"2745\" data-end=\"2779\">Textiles, trapos y restos de prendas de vestir<\/li>\n<li data-start=\"2782\" data-end=\"2817\">Latas de aluminio y botellas de PET (secas)<\/li>\n<li data-start=\"2820\" data-end=\"2843\">Residuos s\u00f3lidos secos en general<\/li>\n<\/ul>\n<p data-start=\"2845\" data-end=\"3096\">Esta versatilidad convierte a la m\u00e1quina en una excelente empacadora universal para empresas con diversos flujos de residuos. Tambi\u00e9n fomenta la separaci\u00f3n de materiales en origen, lo que ayuda a las empresas a cumplir la normativa local sobre reciclaje y a mejorar la eficiencia del reciclaje.<\/p>\n<h3 data-start=\"3103\" data-end=\"3141\"><strong data-start=\"3107\" data-end=\"3141\">Reducci\u00f3n rentable de residuos<\/strong><\/h3>\n<p data-start=\"3143\" data-end=\"3278\">Al comprimir grandes vol\u00famenes de residuos sueltos en balas m\u00e1s peque\u00f1as y densas, la empacadora vertical ofrece ventajas econ\u00f3micas directas, entre las que se incluyen:<\/p>\n<ul>\n<li data-start=\"3282\" data-end=\"3316\">Menor frecuencia de recogida de residuos<\/li>\n<li data-start=\"3319\" data-end=\"3361\">Reducci\u00f3n de las tasas de transporte y vertido<\/li>\n<li data-start=\"3364\" data-end=\"3396\">Requisitos de almacenamiento minimizados<\/li>\n<li data-start=\"3399\" data-end=\"3439\">Mayor limpieza y seguridad de las instalaciones<\/li>\n<\/ul>\n<p data-start=\"3441\" data-end=\"3639\">Estos ahorros se acumulan r\u00e1pidamente, especialmente para las empresas con residuos de envases recurrentes. Adem\u00e1s, las balas bien formadas pueden venderse o transportarse a empresas de reciclaje, convirtiendo los residuos en ingresos potenciales.<\/p>\n<h3 data-start=\"3646\" data-end=\"3687\"><strong data-start=\"3650\" data-end=\"3687\">F\u00e1cil de usar y de bajo mantenimiento<\/strong><\/h3>\n<p data-start=\"3689\" data-end=\"4066\">La empacadora se ha dise\u00f1ado pensando en la sencillez, lo que facilita su uso por parte de los operarios con una formaci\u00f3n m\u00ednima. Las funciones b\u00e1sicas son intuitivas, lo que permite una r\u00e1pida incorporaci\u00f3n y un funcionamiento uniforme incluso en entornos de alta rotaci\u00f3n. El mecanismo de puerta de accionamiento manual tambi\u00e9n contribuye a reducir las aver\u00edas y las necesidades de mantenimiento a lo largo del tiempo, lo que reduce el tiempo de inactividad y los costes de servicio.<\/p>\n<p data-start=\"4068\" data-end=\"4099\">Las principales ventajas para los usuarios son:<\/p>\n<ul>\n<li data-start=\"4103\" data-end=\"4141\">Interfaz de control f\u00e1cil de entender<\/li>\n<li data-start=\"4144\" data-end=\"4180\">Sistema de alimentaci\u00f3n manual a la altura de la cintura<\/li>\n<li data-start=\"4183\" data-end=\"4224\">Proceso sencillo de retirada y atado de la paca<\/li>\n<li data-start=\"4227\" data-end=\"4270\">Componentes duraderos dise\u00f1ados para una larga vida \u00fatil<\/li>\n<\/ul>\n<p data-start=\"4272\" data-end=\"4391\">Estas caracter\u00edsticas la hacen especialmente adecuada para peque\u00f1as empresas u operaciones sin personal dedicado a la gesti\u00f3n de residuos.<\/p>\n<h3 data-start=\"5077\" data-end=\"5124\"><strong data-start=\"5081\" data-end=\"5124\">Aplicaciones en m\u00faltiples sectores<\/strong><\/h3>\n<p data-start=\"5126\" data-end=\"5260\">La flexibilidad, fiabilidad y asequibilidad de esta empacadora la hacen adecuada para una amplia gama de industrias y sectores, entre los que se incluyen:<\/p>\n<ul>\n<li data-start=\"5264\" data-end=\"5361\"><strong data-start=\"5264\" data-end=\"5291\">Minoristas y supermercados<\/strong> - Para residuos de envases cotidianos como cajas de cart\u00f3n y envoltorios retr\u00e1ctiles<\/li>\n<li data-start=\"5364\" data-end=\"5447\"><strong data-start=\"5364\" data-end=\"5393\">Almacenamiento y log\u00edstica<\/strong> - Para l\u00e1minas de pl\u00e1stico, papel y envases desechados<\/li>\n<li data-start=\"5450\" data-end=\"5528\"><strong data-start=\"5450\" data-end=\"5483\">F\u00e1bricas textiles y de confecci\u00f3n<\/strong> - Para retales de tela y ropa defectuosa<\/li>\n<li data-start=\"5531\" data-end=\"5601\"><strong data-start=\"5531\" data-end=\"5560\">Puntos de venta de alimentos y bebidas<\/strong> - Para envases secos y latas<\/li>\n<li data-start=\"5604\" data-end=\"5704\"><strong data-start=\"5604\" data-end=\"5626\">Sector hostelero<\/strong> - Hoteles y complejos tur\u00edsticos que gestionan grandes vol\u00famenes de residuos de envases relacionados con los hu\u00e9spedes<\/li>\n<li data-start=\"5707\" data-end=\"5781\"><strong data-start=\"5707\" data-end=\"5729\">Oficinas comerciales<\/strong> - Para residuos de papel y programas internos de reciclaje<\/li>\n<\/ul>\n<p data-start=\"5783\" data-end=\"5907\">Su dise\u00f1o de puerta manual permite una f\u00e1cil integraci\u00f3n en los flujos de trabajo existentes sin necesidad de complejas actualizaciones o automatizaci\u00f3n.<\/p>\n<h3 data-start=\"5914\" data-end=\"5963\"><strong data-start=\"5918\" data-end=\"5963\">Una inversi\u00f3n inteligente para el crecimiento sostenible<\/strong><\/h3>\n<p data-start=\"5965\" data-end=\"6307\">La prensa hidr\u00e1ulica vertical est\u00e1ndar (apertura de puerta manual) es m\u00e1s que una m\u00e1quina: es una inversi\u00f3n estrat\u00e9gica en eficiencia, limpieza y sostenibilidad. Con el aumento de los costes de eliminaci\u00f3n de residuos y la creciente demanda de operaciones ecol\u00f3gicas por parte de los consumidores, las empresas deben implementar estrategias de reducci\u00f3n de residuos que ofrezcan un valor real.<\/p>\n<p data-start=\"6309\" data-end=\"6576\">Esta prensa ofrece exactamente eso: rendimiento fiable, mantenimiento m\u00ednimo, funcionamiento sencillo y ahorro inmediato de costes. Tanto si acaba de empezar a organizar sus residuos como si desea dejar de utilizar contenedores sueltos, esta prensa le ofrece una soluci\u00f3n inteligente y escalable.<\/p>\n<h3 data-start=\"6583\" data-end=\"6601\"><strong data-start=\"6587\" data-end=\"6601\">Conclusi\u00f3n<\/strong><\/h3>\n<p data-start=\"6603\" data-end=\"7007\">Si su empresa genera residuos reciclables y est\u00e1 buscando una forma asequible, eficiente y respetuosa con el medio ambiente de gestionarlos, la prensa hidr\u00e1ulica vertical est\u00e1ndar con apertura manual de la puerta es la opci\u00f3n ideal. Dise\u00f1ada para equilibrar sencillez y funcionalidad, esta prensa es la compa\u00f1era perfecta para cualquier empresa que desee racionalizar sus operaciones, reducir costes y contribuir a un futuro m\u00e1s ecol\u00f3gico.<\/p>","protected":false},"excerpt":{"rendered":"<p data-start=\"480\" data-end=\"1132\">La prensa hidr\u00e1ulica vertical est\u00e1ndar con apertura manual de la puerta es una soluci\u00f3n fiable para compactar cart\u00f3n, pl\u00e1sticos, textiles y otros materiales reciclables. Dise\u00f1ada para facilitar su uso y reducir el mantenimiento, esta prensa cuenta con una puerta delantera de accionamiento manual para una carga y descarga seguras. Su dise\u00f1o vertical ahorra espacio, por lo que es ideal para tiendas minoristas, almacenes, f\u00e1bricas y centros de reciclaje. Gracias a su potente presi\u00f3n hidr\u00e1ulica, reduce eficazmente el volumen de residuos y favorece las operaciones sostenibles. Rentable y f\u00e1cil de usar, es perfecta para empresas que buscan gestionar sus residuos de forma m\u00e1s responsable y mejorar la limpieza del lugar.<\/p>","protected":false},"featured_media":1948,"template":"","meta":{"site-sidebar-layout":"default","site-content-layout":"","ast-site-content-layout":"default","site-content-style":"default","site-sidebar-style":"default","ast-global-header-display":"","ast-banner-title-visibility":"","ast-main-header-display":"","ast-hfb-above-header-display":"","ast-hfb-below-header-display":"","ast-hfb-mobile-header-display":"","site-post-title":"","ast-breadcrumbs-content":"","ast-featured-img":"","footer-sml-layout":"","ast-disable-related-posts":"","theme-transparent-header-meta":"default","adv-header-id-meta":"","stick-header-meta":"","header-above-stick-meta":"","header-main-stick-meta":"","header-below-stick-meta":"","astra-migrate-meta-layouts":"set","ast-page-background-enabled":"default","ast-page-background-meta":{"desktop":{"background-color":"var(--ast-global-color-5)","background-image":"","background-repeat":"repeat","background-position":"center center","background-size":"auto","background-attachment":"scroll","background-type":"","background-media":"","overlay-type":"","overlay-color":"","overlay-opacity":"","overlay-gradient":""},"tablet":{"background-color":"","background-image":"","background-repeat":"repeat","background-position":"center center","background-size":"auto","background-attachment":"scroll","background-type":"","background-media":"","overlay-type":"","overlay-color":"","overlay-opacity":"","overlay-gradient":""},"mobile":{"background-color":"","background-image":"","background-repeat":"repeat","background-position":"center center","background-size":"auto","background-attachment":"scroll","background-type":"","background-media":"","overlay-type":"","overlay-color":"","overlay-opacity":"","overlay-gradient":""}},"ast-content-background-meta":{"desktop":{"background-color":"var(--ast-global-color-4)","background-image":"","background-repeat":"repeat","background-position":"center center","background-size":"auto","background-attachment":"scroll","background-type":"","background-media":"","overlay-type":"","overlay-color":"","overlay-opacity":"","overlay-gradient":""},"tablet":{"background-color":"var(--ast-global-color-4)","background-image":"","background-repeat":"repeat","background-position":"center center","background-size":"auto","background-attachment":"scroll","background-type":"","background-media":"","overlay-type":"","overlay-color":"","overlay-opacity":"","overlay-gradient":""},"mobile":{"background-color":"var(--ast-global-color-4)","background-image":"","background-repeat":"repeat","background-position":"center center","background-size":"auto","background-attachment":"scroll","background-type":"","background-media":"","overlay-type":"","overlay-color":"","overlay-opacity":"","overlay-gradient":""}}},"product_brand":[],"product_cat":[21,152],"product_tag":[],"class_list":{"0":"post-1992","1":"product","2":"type-product","3":"status-publish","4":"has-post-thumbnail","6":"product_cat-baling-machine","7":"product_cat-vertical-baler","8":"desktop-align-left","9":"tablet-align-left","10":"mobile-align-left","12":"first","13":"instock","14":"shipping-taxable","15":"product-type-simple"},"_links":{"self":[{"href":"https:\/\/www.gigapa.com\/es\/wp-json\/wp\/v2\/product\/1992","targetHints":{"allow":["GET"]}}],"collection":[{"href":"https:\/\/www.gigapa.com\/es\/wp-json\/wp\/v2\/product"}],"about":[{"href":"https:\/\/www.gigapa.com\/es\/wp-json\/wp\/v2\/types\/product"}],"version-history":[{"count":2,"href":"https:\/\/www.gigapa.com\/es\/wp-json\/wp\/v2\/product\/1992\/revisions"}],"predecessor-version":[{"id":2138,"href":"https:\/\/www.gigapa.com\/es\/wp-json\/wp\/v2\/product\/1992\/revisions\/2138"}],"wp:featuredmedia":[{"embeddable":true,"href":"https:\/\/www.gigapa.com\/es\/wp-json\/wp\/v2\/media\/1948"}],"wp:attachment":[{"href":"https:\/\/www.gigapa.com\/es\/wp-json\/wp\/v2\/media?parent=1992"}],"wp:term":[{"taxonomy":"product_brand","embeddable":true,"href":"https:\/\/www.gigapa.com\/es\/wp-json\/wp\/v2\/product_brand?post=1992"},{"taxonomy":"product_cat","embeddable":true,"href":"https:\/\/www.gigapa.com\/es\/wp-json\/wp\/v2\/product_cat?post=1992"},{"taxonomy":"product_tag","embeddable":true,"href":"https:\/\/www.gigapa.com\/es\/wp-json\/wp\/v2\/product_tag?post=1992"}],"curies":[{"name":"wp","href":"https:\/\/api.w.org\/{rel}","templated":true}]}}