{"id":1994,"date":"2025-06-18T09:49:58","date_gmt":"2025-06-18T01:49:58","guid":{"rendered":"https:\/\/www.gigapa.com\/?post_type=product&#038;p=1994"},"modified":"2025-10-13T09:15:52","modified_gmt":"2025-10-13T01:15:52","slug":"vertical-solid-waste-baler","status":"publish","type":"product","link":"https:\/\/www.gigapa.com\/es\/product\/vertical-solid-waste-baler\/","title":{"rendered":"Prensa embaladora vertical de residuos s\u00f3lidos"},"content":{"rendered":"<h3 data-start=\"215\" data-end=\"239\" data-immersive-translate-walked=\"d031e606-b67d-4f5f-96db-1fa1e624d354\"><strong data-start=\"215\" data-end=\"239\" data-immersive-translate-walked=\"d031e606-b67d-4f5f-96db-1fa1e624d354\" data-immersive-translate-paragraph=\"1\">Descripci\u00f3n del producto:<\/strong><\/h3>\n<p data-start=\"241\" data-end=\"678\" data-immersive-translate-walked=\"d031e606-b67d-4f5f-96db-1fa1e624d354\" data-immersive-translate-paragraph=\"1\">La prensa vertical para residuos s\u00f3lidos es un equipo esencial para empresas e instalaciones que generan grandes vol\u00famenes de residuos s\u00f3lidos y materiales reciclables. Dise\u00f1ada para proporcionar una soluci\u00f3n fiable y que ahorra espacio para compactar materiales como cart\u00f3n, papel, film de pl\u00e1stico, textiles y residuos s\u00f3lidos en general, esta prensa vertical ayuda a reducir los costes de eliminaci\u00f3n, mejorar la limpieza de las instalaciones y apoyar los objetivos de sostenibilidad.<\/p>\n<p data-start=\"680\" data-end=\"1036\" data-immersive-translate-walked=\"d031e606-b67d-4f5f-96db-1fa1e624d354\" data-immersive-translate-paragraph=\"1\">En una \u00e9poca en la que la responsabilidad medioambiental y la eficiencia operativa son prioridades absolutas, la gesti\u00f3n eficaz de los residuos es m\u00e1s importante que nunca. La prensa vertical para residuos s\u00f3lidos ofrece una soluci\u00f3n sencilla pero potente a estas necesidades, permitiendo a las organizaciones agilizar la manipulaci\u00f3n de residuos, aumentar las tasas de reciclaje y mantener el cumplimiento de la normativa.<\/p>\n<h3 data-start=\"1038\" data-end=\"1070\" data-immersive-translate-walked=\"d031e606-b67d-4f5f-96db-1fa1e624d354\"><strong data-start=\"1038\" data-end=\"1070\" data-immersive-translate-walked=\"d031e606-b67d-4f5f-96db-1fa1e624d354\" data-immersive-translate-paragraph=\"1\">Principales caracter\u00edsticas y ventajas:<\/strong><\/h3>\n<p data-start=\"1077\" data-end=\"1505\" data-immersive-translate-walked=\"d031e606-b67d-4f5f-96db-1fa1e624d354\" data-immersive-translate-paragraph=\"1\"><strong data-start=\"1077\" data-end=\"1115\" data-immersive-translate-walked=\"d031e606-b67d-4f5f-96db-1fa1e624d354\" data-immersive-translate-paragraph=\"1\">1. Dise\u00f1o vertical que ahorra espacio<\/strong><br data-start=\"1115\" data-end=\"1118\" data-immersive-translate-walked=\"d031e606-b67d-4f5f-96db-1fa1e624d354\" \/>Una de las ventajas m\u00e1s notables de esta empacadora es su estructura vertical, que reduce significativamente el espacio necesario para su instalaci\u00f3n y funcionamiento. Ideal para instalaciones con \u00e1reas de trabajo limitadas -como almacenes, tiendas minoristas, centros de distribuci\u00f3n y hoteles-, puede colocarse contra una pared o en una esquina, maximizando el espacio \u00fatil sin dejar de manipular grandes vol\u00famenes de residuos.<\/p>\n<p data-start=\"1512\" data-end=\"1644\" data-immersive-translate-walked=\"d031e606-b67d-4f5f-96db-1fa1e624d354\" data-immersive-translate-paragraph=\"1\"><strong data-start=\"1512\" data-end=\"1556\" data-immersive-translate-walked=\"d031e606-b67d-4f5f-96db-1fa1e624d354\" data-immersive-translate-paragraph=\"1\">2. Capacidades vers\u00e1tiles de manipulaci\u00f3n de residuos<\/strong><br data-start=\"1556\" data-end=\"1559\" data-immersive-translate-walked=\"d031e606-b67d-4f5f-96db-1fa1e624d354\" \/>Esta empacadora est\u00e1 dise\u00f1ada para procesar una amplia gama de materiales de desecho s\u00f3lidos, incluyendo:<\/p>\n<ul>\n<li data-start=\"1648\" data-end=\"1670\" data-immersive-translate-walked=\"d031e606-b67d-4f5f-96db-1fa1e624d354\" data-immersive-translate-paragraph=\"1\">Cart\u00f3n ondulado<\/li>\n<li data-start=\"1673\" data-end=\"1710\" data-immersive-translate-walked=\"d031e606-b67d-4f5f-96db-1fa1e624d354\" data-immersive-translate-paragraph=\"1\">Papel de oficina y documentos triturados<\/li>\n<li data-start=\"1713\" data-end=\"1751\" data-immersive-translate-walked=\"d031e606-b67d-4f5f-96db-1fa1e624d354\" data-immersive-translate-paragraph=\"1\">Film, envolturas y bolsas de pl\u00e1stico<\/li>\n<li data-start=\"1754\" data-end=\"1780\" data-immersive-translate-walked=\"d031e606-b67d-4f5f-96db-1fa1e624d354\" data-immersive-translate-paragraph=\"1\">Materiales de envasado blandos<\/li>\n<li data-start=\"1783\" data-end=\"1816\" data-immersive-translate-walked=\"d031e606-b67d-4f5f-96db-1fa1e624d354\" data-immersive-translate-paragraph=\"1\">Desechos textiles y residuos de tejidos<\/li>\n<li data-start=\"1819\" data-end=\"1870\" data-immersive-translate-walked=\"d031e606-b67d-4f5f-96db-1fa1e624d354\" data-immersive-translate-paragraph=\"1\">Latas de aluminio y botellas de PET (sin l\u00edquido)<\/li>\n<li data-start=\"1873\" data-end=\"1898\" data-immersive-translate-walked=\"d031e606-b67d-4f5f-96db-1fa1e624d354\" data-immersive-translate-paragraph=\"1\">Residuos s\u00f3lidos secos en general<\/li>\n<\/ul>\n<p data-start=\"1900\" data-end=\"2050\" data-immersive-translate-walked=\"d031e606-b67d-4f5f-96db-1fa1e624d354\" data-immersive-translate-paragraph=\"1\">Su capacidad para gestionar diversos materiales la convierte en una soluci\u00f3n universal para las empresas que desean centralizar y simplificar su proceso de gesti\u00f3n de residuos.<\/p>\n<p data-start=\"2057\" data-end=\"2281\" data-immersive-translate-walked=\"d031e606-b67d-4f5f-96db-1fa1e624d354\" data-immersive-translate-paragraph=\"1\"><strong data-start=\"2057\" data-end=\"2105\" data-immersive-translate-walked=\"d031e606-b67d-4f5f-96db-1fa1e624d354\" data-immersive-translate-paragraph=\"1\">3. Reducci\u00f3n de costes mediante la compresi\u00f3n del volumen<\/strong><br data-start=\"2105\" data-end=\"2108\" data-immersive-translate-walked=\"d031e606-b67d-4f5f-96db-1fa1e624d354\" \/>Una de las mayores ventajas de utilizar una prensa vertical es la importante reducci\u00f3n del volumen de residuos. Al comprimir los materiales en balas densas y manejables, las empresas pueden:<\/p>\n<ul>\n<li data-start=\"2285\" data-end=\"2338\" data-immersive-translate-walked=\"d031e606-b67d-4f5f-96db-1fa1e624d354\" data-immersive-translate-paragraph=\"1\">Minimizar la frecuencia y el coste de la recogida de residuos<\/li>\n<li data-start=\"2341\" data-end=\"2395\" data-immersive-translate-walked=\"d031e606-b67d-4f5f-96db-1fa1e624d354\" data-immersive-translate-paragraph=\"1\">Reducir los costes de transporte de los materiales reciclables<\/li>\n<li data-start=\"2398\" data-end=\"2453\" data-immersive-translate-walked=\"d031e606-b67d-4f5f-96db-1fa1e624d354\" data-immersive-translate-paragraph=\"1\">Elimina la necesidad de voluminosos contenedores de almacenamiento de residuos<\/li>\n<li data-start=\"2456\" data-end=\"2505\" data-immersive-translate-walked=\"d031e606-b67d-4f5f-96db-1fa1e624d354\" data-immersive-translate-paragraph=\"1\">Mejorar la eficacia del almacenamiento y la limpieza de las instalaciones<\/li>\n<\/ul>\n<p data-start=\"2507\" data-end=\"2584\" data-immersive-translate-walked=\"d031e606-b67d-4f5f-96db-1fa1e624d354\" data-immersive-translate-paragraph=\"1\">Esto se traduce directamente en un ahorro de costes cuantificable y en una mejora del flujo operativo.<\/p>\n<p data-start=\"2591\" data-end=\"3109\" data-immersive-translate-walked=\"d031e606-b67d-4f5f-96db-1fa1e624d354\" data-immersive-translate-paragraph=\"1\"><strong data-start=\"2591\" data-end=\"2653\" data-immersive-translate-walked=\"d031e606-b67d-4f5f-96db-1fa1e624d354\" data-immersive-translate-paragraph=\"1\">4. Apoya el cumplimiento de la normativa medioambiental y los esfuerzos de reciclaje<\/strong><br data-start=\"2653\" data-end=\"2656\" data-immersive-translate-walked=\"d031e606-b67d-4f5f-96db-1fa1e624d354\" \/>Los gobiernos y las agencias medioambientales de todo el mundo est\u00e1n endureciendo la normativa sobre eliminaci\u00f3n y reciclaje de residuos. La prensa vertical para residuos s\u00f3lidos ayuda a las empresas a cumplir estas normativas facilitando la segregaci\u00f3n de residuos y preparando los materiales reciclables para un procesamiento posterior eficiente. Muchos centros de reciclaje ofrecen descuentos por materiales bien compactados, lo que proporciona a las empresas una fuente adicional de ingresos y reduce el impacto medioambiental.<\/p>\n<p data-start=\"3116\" data-end=\"3612\" data-immersive-translate-walked=\"d031e606-b67d-4f5f-96db-1fa1e624d354\" data-immersive-translate-paragraph=\"1\"><strong data-start=\"3116\" data-end=\"3153\" data-immersive-translate-walked=\"d031e606-b67d-4f5f-96db-1fa1e624d354\" data-immersive-translate-paragraph=\"1\">5. F\u00e1cil de usar y ahorra trabajo<\/strong><br data-start=\"3153\" data-end=\"3156\" data-immersive-translate-walked=\"d031e606-b67d-4f5f-96db-1fa1e624d354\" \/>La empacadora cuenta con un sencillo sistema de control y un funcionamiento seguro y f\u00e1cil de usar. Con una c\u00e1mara de carga vertical, los operadores pueden cargar manualmente los materiales a la altura de la cintura sin necesidad de agacharse ni levantar objetos. La expulsi\u00f3n autom\u00e1tica de las balas simplifica el proceso de retirada, reduciendo la necesidad de intervenci\u00f3n manual y disminuyendo el riesgo de lesiones en el lugar de trabajo. Incluso el personal con una experiencia t\u00e9cnica m\u00ednima puede manejarla con seguridad y eficacia tras una breve formaci\u00f3n.<\/p>\n<p data-start=\"3619\" data-end=\"3772\" data-immersive-translate-walked=\"d031e606-b67d-4f5f-96db-1fa1e624d354\" data-immersive-translate-paragraph=\"1\"><strong data-start=\"3619\" data-end=\"3672\" data-immersive-translate-walked=\"d031e606-b67d-4f5f-96db-1fa1e624d354\" data-immersive-translate-paragraph=\"1\">6. Ideal para una amplia gama de industrias e instalaciones<\/strong><br data-start=\"3672\" data-end=\"3675\" data-immersive-translate-walked=\"d031e606-b67d-4f5f-96db-1fa1e624d354\" \/>La empacadora vertical de residuos s\u00f3lidos es muy adaptable y sirve a una amplia gama de sectores, entre los que se incluyen:<\/p>\n<ul>\n<li data-start=\"3776\" data-end=\"3842\" data-immersive-translate-walked=\"d031e606-b67d-4f5f-96db-1fa1e624d354\" data-immersive-translate-paragraph=\"1\"><strong data-start=\"3776\" data-end=\"3803\" data-immersive-translate-walked=\"d031e606-b67d-4f5f-96db-1fa1e624d354\">Minoristas y supermercados<\/strong>: Embalaje de cart\u00f3n y retractilado<\/li>\n<li data-start=\"3845\" data-end=\"3932\" data-immersive-translate-walked=\"d031e606-b67d-4f5f-96db-1fa1e624d354\" data-immersive-translate-paragraph=\"1\"><strong data-start=\"3845\" data-end=\"3874\" data-immersive-translate-walked=\"d031e606-b67d-4f5f-96db-1fa1e624d354\">Log\u00edstica y almacenamiento<\/strong>: Envoltorios de pal\u00e9s, cajas de cart\u00f3n ondulado y envases desechados<\/li>\n<li data-start=\"3935\" data-end=\"4007\" data-immersive-translate-walked=\"d031e606-b67d-4f5f-96db-1fa1e624d354\" data-immersive-translate-paragraph=\"1\"><strong data-start=\"3935\" data-end=\"3968\" data-immersive-translate-walked=\"d031e606-b67d-4f5f-96db-1fa1e624d354\">F\u00e1bricas textiles y de confecci\u00f3n<\/strong>: Recortes de tejido y residuos de producci\u00f3n<\/li>\n<li data-start=\"4010\" data-end=\"4084\" data-immersive-translate-walked=\"d031e606-b67d-4f5f-96db-1fa1e624d354\" data-immersive-translate-paragraph=\"1\"><strong data-start=\"4010\" data-end=\"4042\" data-immersive-translate-walked=\"d031e606-b67d-4f5f-96db-1fa1e624d354\">Servicios de comidas y bebidas<\/strong>: Residuos secos de envases, botellas y latas<\/li>\n<li data-start=\"4087\" data-end=\"4164\" data-immersive-translate-walked=\"d031e606-b67d-4f5f-96db-1fa1e624d354\" data-immersive-translate-paragraph=\"1\"><strong data-start=\"4087\" data-end=\"4109\" data-immersive-translate-walked=\"d031e606-b67d-4f5f-96db-1fa1e624d354\">Oficinas comerciales<\/strong>: Residuos de papel, destrucci\u00f3n de archivos y eliminaci\u00f3n de documentos<\/li>\n<li data-start=\"4167\" data-end=\"4256\" data-immersive-translate-walked=\"d031e606-b67d-4f5f-96db-1fa1e624d354\" data-immersive-translate-paragraph=\"1\"><strong data-start=\"4167\" data-end=\"4189\" data-immersive-translate-walked=\"d031e606-b67d-4f5f-96db-1fa1e624d354\">Sector hostelero<\/strong>: Hoteles, complejos tur\u00edsticos y restaurantes: gesti\u00f3n diaria de los residuos de envases<\/li>\n<\/ul>\n<p data-start=\"4258\" data-end=\"4366\" data-immersive-translate-walked=\"d031e606-b67d-4f5f-96db-1fa1e624d354\" data-immersive-translate-paragraph=\"1\">Su versatilidad la convierte en un activo valioso tanto para peque\u00f1as empresas como para operaciones industriales a gran escala.<\/p>\n<p data-start=\"4373\" data-end=\"4768\" data-immersive-translate-walked=\"d031e606-b67d-4f5f-96db-1fa1e624d354\" data-immersive-translate-paragraph=\"1\"><strong data-start=\"4373\" data-end=\"4426\" data-immersive-translate-walked=\"d031e606-b67d-4f5f-96db-1fa1e624d354\" data-immersive-translate-paragraph=\"1\">7. Entorno de trabajo limpio, ordenado y profesional<\/strong><br data-start=\"4426\" data-end=\"4429\" data-immersive-translate-walked=\"d031e606-b67d-4f5f-96db-1fa1e624d354\" \/>Los residuos sueltos ocupan un espacio valioso, desordenan el entorno de trabajo y suponen un riesgo de incendio y de seguridad. Al compactar los residuos en balas apretadas y apilables, la prensa vertical contribuye a que las instalaciones est\u00e9n m\u00e1s limpias y organizadas. Esto no s\u00f3lo mejora la eficiencia de los trabajadores, sino que tambi\u00e9n mejora la imagen de la empresa de cara a los clientes y los inspectores normativos.<\/p>\n<p data-start=\"4775\" data-end=\"5162\" data-immersive-translate-walked=\"d031e606-b67d-4f5f-96db-1fa1e624d354\" data-immersive-translate-paragraph=\"1\"><strong data-start=\"4775\" data-end=\"4817\" data-immersive-translate-walked=\"d031e606-b67d-4f5f-96db-1fa1e624d354\" data-immersive-translate-paragraph=\"1\">8. Sostenibilidad y reputaci\u00f3n de marca<\/strong><br data-start=\"4817\" data-end=\"4820\" data-immersive-translate-walked=\"d031e606-b67d-4f5f-96db-1fa1e624d354\" \/>A medida que m\u00e1s consumidores y socios comerciales hacen hincapi\u00e9 en la responsabilidad medioambiental, contar con pr\u00e1cticas de gesti\u00f3n de residuos visibles y responsables puede mejorar la percepci\u00f3n de la marca y dar a su empresa una ventaja competitiva. Utilizar una prensa vertical demuestra un enfoque proactivo hacia la sostenibilidad y posiciona a su empresa como respetuosa con el medio ambiente.<\/p>\n<p data-start=\"5169\" data-end=\"5578\" data-immersive-translate-walked=\"d031e606-b67d-4f5f-96db-1fa1e624d354\" data-immersive-translate-paragraph=\"1\"><strong data-start=\"5169\" data-end=\"5216\" data-immersive-translate-walked=\"d031e606-b67d-4f5f-96db-1fa1e624d354\" data-immersive-translate-paragraph=\"1\">9. Construcci\u00f3n duradera y de bajo mantenimiento<\/strong><br data-start=\"5216\" data-end=\"5219\" data-immersive-translate-walked=\"d031e606-b67d-4f5f-96db-1fa1e624d354\" \/>Construida con componentes de alta calidad y un robusto bastidor de acero, la prensa vertical de residuos s\u00f3lidos est\u00e1 dise\u00f1ada para un uso a largo plazo en entornos de alta demanda. Requiere un mantenimiento m\u00ednimo, lo que reduce el tiempo de inactividad y prolonga la vida \u00fatil operativa. Con los cuidados adecuados, esta m\u00e1quina proporciona un rendimiento constante durante a\u00f1os, ofreciendo un excelente retorno de la inversi\u00f3n.<\/p>\n<h3 data-start=\"5585\" data-end=\"5600\" data-immersive-translate-walked=\"d031e606-b67d-4f5f-96db-1fa1e624d354\"><strong data-start=\"5585\" data-end=\"5600\" data-immersive-translate-walked=\"d031e606-b67d-4f5f-96db-1fa1e624d354\" data-immersive-translate-paragraph=\"1\">Conclusi\u00f3n:<\/strong><\/h3>\n<p data-start=\"5602\" data-end=\"5937\" data-immersive-translate-walked=\"d031e606-b67d-4f5f-96db-1fa1e624d354\" data-immersive-translate-paragraph=\"1\">La prensa vertical de residuos s\u00f3lidos es una soluci\u00f3n inteligente, rentable y que ocupa poco espacio para cualquier empresa que desee mejorar su estrategia de gesti\u00f3n de residuos. Al reducir el volumen de residuos, disminuir los costes de eliminaci\u00f3n y mejorar los procesos de reciclaje, esta prensa contribuye directamente a su cuenta de resultados al tiempo que apoya los objetivos de sostenibilidad.<\/p>\n<p data-start=\"5939\" data-end=\"6181\" data-immersive-translate-walked=\"d031e606-b67d-4f5f-96db-1fa1e624d354\" data-immersive-translate-paragraph=\"1\">Tanto si se dedica a la venta al por menor de residuos de envases como si es un fabricante que gestiona los restos de producci\u00f3n o una propiedad comercial que desea mantener sus instalaciones limpias y eficientes, esta prensa le ofrece la flexibilidad, la seguridad y el rendimiento que necesita.<\/p>\n<p data-start=\"6183\" data-end=\"6331\" data-immersive-translate-walked=\"d031e606-b67d-4f5f-96db-1fa1e624d354\" data-immersive-translate-paragraph=\"1\">Invierta hoy mismo en la compactadora vertical de residuos s\u00f3lidos para transformar su proceso de gesti\u00f3n de residuos en una operaci\u00f3n racionalizada y respetuosa con el medio ambiente.<\/p>","protected":false},"excerpt":{"rendered":"<p>La prensa vertical para residuos s\u00f3lidos es una soluci\u00f3n compacta y potente para comprimir cart\u00f3n, pl\u00e1stico, envases y otros residuos s\u00f3lidos secos. Su dise\u00f1o vertical ahorra espacio a la vez que ofrece una alta eficiencia de compactaci\u00f3n, lo que la hace ideal para tiendas, almacenes, f\u00e1bricas y entornos comerciales. Esta prensa ayuda a reducir el volumen de residuos, disminuir los costes de eliminaci\u00f3n y apoyar las iniciativas de reciclaje. F\u00e1cil de usar y de bajo mantenimiento, se adapta f\u00e1cilmente a los flujos de trabajo existentes y promueve un entorno de trabajo limpio y organizado. Una opci\u00f3n excelente para las empresas que buscan una gesti\u00f3n sostenible de los residuos sin comprometer el espacio operativo ni el presupuesto.<\/p>","protected":false},"featured_media":1947,"template":"","meta":{"site-sidebar-layout":"default","site-content-layout":"","ast-site-content-layout":"default","site-content-style":"default","site-sidebar-style":"default","ast-global-header-display":"","ast-banner-title-visibility":"","ast-main-header-display":"","ast-hfb-above-header-display":"","ast-hfb-below-header-display":"","ast-hfb-mobile-header-display":"","site-post-title":"","ast-breadcrumbs-content":"","ast-featured-img":"","footer-sml-layout":"","ast-disable-related-posts":"","theme-transparent-header-meta":"default","adv-header-id-meta":"","stick-header-meta":"","header-above-stick-meta":"","header-main-stick-meta":"","header-below-stick-meta":"","astra-migrate-meta-layouts":"set","ast-page-background-enabled":"default","ast-page-background-meta":{"desktop":{"background-color":"var(--ast-global-color-5)","background-image":"","background-repeat":"repeat","background-position":"center center","background-size":"auto","background-attachment":"scroll","background-type":"","background-media":"","overlay-type":"","overlay-color":"","overlay-opacity":"","overlay-gradient":""},"tablet":{"background-color":"","background-image":"","background-repeat":"repeat","background-position":"center center","background-size":"auto","background-attachment":"scroll","background-type":"","background-media":"","overlay-type":"","overlay-color":"","overlay-opacity":"","overlay-gradient":""},"mobile":{"background-color":"","background-image":"","background-repeat":"repeat","background-position":"center center","background-size":"auto","background-attachment":"scroll","background-type":"","background-media":"","overlay-type":"","overlay-color":"","overlay-opacity":"","overlay-gradient":""}},"ast-content-background-meta":{"desktop":{"background-color":"var(--ast-global-color-4)","background-image":"","background-repeat":"repeat","background-position":"center center","background-size":"auto","background-attachment":"scroll","background-type":"","background-media":"","overlay-type":"","overlay-color":"","overlay-opacity":"","overlay-gradient":""},"tablet":{"background-color":"var(--ast-global-color-4)","background-image":"","background-repeat":"repeat","background-position":"center center","background-size":"auto","background-attachment":"scroll","background-type":"","background-media":"","overlay-type":"","overlay-color":"","overlay-opacity":"","overlay-gradient":""},"mobile":{"background-color":"var(--ast-global-color-4)","background-image":"","background-repeat":"repeat","background-position":"center center","background-size":"auto","background-attachment":"scroll","background-type":"","background-media":"","overlay-type":"","overlay-color":"","overlay-opacity":"","overlay-gradient":""}}},"product_brand":[],"product_cat":[21,152],"product_tag":[],"class_list":{"0":"post-1994","1":"product","2":"type-product","3":"status-publish","4":"has-post-thumbnail","6":"product_cat-baling-machine","7":"product_cat-vertical-baler","8":"desktop-align-left","9":"tablet-align-left","10":"mobile-align-left","12":"first","13":"instock","14":"shipping-taxable","15":"product-type-simple"},"_links":{"self":[{"href":"https:\/\/www.gigapa.com\/es\/wp-json\/wp\/v2\/product\/1994","targetHints":{"allow":["GET"]}}],"collection":[{"href":"https:\/\/www.gigapa.com\/es\/wp-json\/wp\/v2\/product"}],"about":[{"href":"https:\/\/www.gigapa.com\/es\/wp-json\/wp\/v2\/types\/product"}],"version-history":[{"count":2,"href":"https:\/\/www.gigapa.com\/es\/wp-json\/wp\/v2\/product\/1994\/revisions"}],"predecessor-version":[{"id":2137,"href":"https:\/\/www.gigapa.com\/es\/wp-json\/wp\/v2\/product\/1994\/revisions\/2137"}],"wp:featuredmedia":[{"embeddable":true,"href":"https:\/\/www.gigapa.com\/es\/wp-json\/wp\/v2\/media\/1947"}],"wp:attachment":[{"href":"https:\/\/www.gigapa.com\/es\/wp-json\/wp\/v2\/media?parent=1994"}],"wp:term":[{"taxonomy":"product_brand","embeddable":true,"href":"https:\/\/www.gigapa.com\/es\/wp-json\/wp\/v2\/product_brand?post=1994"},{"taxonomy":"product_cat","embeddable":true,"href":"https:\/\/www.gigapa.com\/es\/wp-json\/wp\/v2\/product_cat?post=1994"},{"taxonomy":"product_tag","embeddable":true,"href":"https:\/\/www.gigapa.com\/es\/wp-json\/wp\/v2\/product_tag?post=1994"}],"curies":[{"name":"wp","href":"https:\/\/api.w.org\/{rel}","templated":true}]}}