{"id":1996,"date":"2025-06-18T09:31:25","date_gmt":"2025-06-18T01:31:25","guid":{"rendered":"https:\/\/www.gigapa.com\/?post_type=product&#038;p=1996"},"modified":"2025-10-13T09:16:04","modified_gmt":"2025-10-13T01:16:04","slug":"single-shaft-shredder-flat-pushing","status":"publish","type":"product","link":"https:\/\/www.gigapa.com\/es\/product\/single-shaft-shredder-flat-pushing\/","title":{"rendered":"Trituradora de un eje (empuje plano)"},"content":{"rendered":"<h3 data-start=\"323\" data-end=\"347\" data-immersive-translate-walked=\"c66c6190-f640-4ac3-b4c5-9c62bdc808a8\"><strong data-start=\"323\" data-end=\"347\" data-immersive-translate-walked=\"c66c6190-f640-4ac3-b4c5-9c62bdc808a8\" data-immersive-translate-paragraph=\"1\">Descripci\u00f3n del producto:<\/strong><\/h3>\n<p data-start=\"349\" data-end=\"718\" data-immersive-translate-walked=\"c66c6190-f640-4ac3-b4c5-9c62bdc808a8\" data-immersive-translate-paragraph=\"1\">La trituradora de un solo eje (empuje plano) es una soluci\u00f3n avanzada de trituraci\u00f3n de residuos industriales dise\u00f1ada para la reducci\u00f3n de material de alta eficiencia en una amplia gama de industrias. Con un mecanismo de empuje plano que garantiza una alimentaci\u00f3n uniforme del material, esta trituradora est\u00e1 dise\u00f1ada para procesar residuos voluminosos, densos o irregulares con una precisi\u00f3n y fiabilidad superiores.<\/p>\n<p data-start=\"720\" data-end=\"1141\" data-immersive-translate-walked=\"c66c6190-f640-4ac3-b4c5-9c62bdc808a8\" data-immersive-translate-paragraph=\"1\">En los sectores modernos de fabricaci\u00f3n, reciclaje y gesti\u00f3n de residuos, la reducci\u00f3n eficaz del tama\u00f1o es esencial para mejorar el procesamiento posterior, reducir los costes de eliminaci\u00f3n y lograr operaciones sostenibles. Tanto si se trata de chatarra de pl\u00e1stico, bloques de madera, restos textiles, recortes de goma o metales ligeros, la trituradora de un solo eje (empuje plano) ofrece una respuesta compacta pero potente a sus necesidades de manipulaci\u00f3n de materiales.<\/p>\n<h3 data-start=\"1143\" data-end=\"1206\" data-immersive-translate-walked=\"c66c6190-f640-4ac3-b4c5-9c62bdc808a8\"><strong data-start=\"1143\" data-end=\"1206\" data-immersive-translate-walked=\"c66c6190-f640-4ac3-b4c5-9c62bdc808a8\" data-immersive-translate-paragraph=\"1\">Principales ventajas de la trituradora de un solo eje (empuje plano):<\/strong><\/h3>\n<p data-start=\"1208\" data-end=\"1640\" data-immersive-translate-walked=\"c66c6190-f640-4ac3-b4c5-9c62bdc808a8\" data-immersive-translate-paragraph=\"1\"><strong data-start=\"1208\" data-end=\"1257\" data-immersive-translate-walked=\"c66c6190-f640-4ac3-b4c5-9c62bdc808a8\" data-immersive-translate-paragraph=\"1\">1. Alimentaci\u00f3n optimizada con sistema de empuje plano<\/strong><br data-start=\"1257\" data-end=\"1260\" data-immersive-translate-walked=\"c66c6190-f640-4ac3-b4c5-9c62bdc808a8\" \/>La caracter\u00edstica m\u00e1s destacada de este modelo es su sistema de empuje plano. A diferencia de los sistemas de alimentaci\u00f3n por gravedad o rotativos, el empuje plano proporciona una presi\u00f3n uniforme en toda la c\u00e1mara de alimentaci\u00f3n. Esto permite una entrada de material m\u00e1s suave y controlada, especialmente con materiales desiguales, voluminosos o dif\u00edciles de agarrar. El resultado es un flujo de trituraci\u00f3n continuo con un m\u00ednimo de atascos e interrupciones de material.<\/p>\n<p data-start=\"1642\" data-end=\"2053\" data-immersive-translate-walked=\"c66c6190-f640-4ac3-b4c5-9c62bdc808a8\" data-immersive-translate-paragraph=\"1\"><strong data-start=\"1642\" data-end=\"1673\" data-immersive-translate-walked=\"c66c6190-f640-4ac3-b4c5-9c62bdc808a8\" data-immersive-translate-paragraph=\"1\">2. Manipulaci\u00f3n vers\u00e1til de residuos<\/strong><br data-start=\"1673\" data-end=\"1676\" data-immersive-translate-walked=\"c66c6190-f640-4ac3-b4c5-9c62bdc808a8\" \/>La trituradora de un solo eje (empuje plano) es una m\u00e1quina polivalente capaz de procesar una amplia gama de materiales. Tanto si trabaja con pl\u00e1sticos r\u00edgidos, pel\u00edculas blandas, caucho grueso, residuos de envases, textiles o incluso residuos electr\u00f3nicos, esta trituradora se adapta a sus necesidades. Es especialmente eficaz para preprocesar residuos antes de granularlos, incinerarlos o reciclarlos.<\/p>\n<p data-start=\"2055\" data-end=\"2411\" data-immersive-translate-walked=\"c66c6190-f640-4ac3-b4c5-9c62bdc808a8\" data-immersive-translate-paragraph=\"1\"><strong data-start=\"2055\" data-end=\"2094\" data-immersive-translate-walked=\"c66c6190-f640-4ac3-b4c5-9c62bdc808a8\" data-immersive-translate-paragraph=\"1\">3. Reducci\u00f3n superior del tama\u00f1o del material<\/strong><br data-start=\"2094\" data-end=\"2097\" data-immersive-translate-walked=\"c66c6190-f640-4ac3-b4c5-9c62bdc808a8\" \/>Esta trituradora est\u00e1 equipada para transformar art\u00edculos grandes y dif\u00edciles de manejar en fragmentos uniformes, lo que mejora la eficacia de las fases de procesamiento posteriores, como la clasificaci\u00f3n, la compactaci\u00f3n o la extrusi\u00f3n. El tama\u00f1o uniforme de las part\u00edculas que se consigue con esta m\u00e1quina contribuye a una producci\u00f3n reciclada de mayor valor y a una mejor manipulaci\u00f3n log\u00edstica.<\/p>\n<p data-start=\"2413\" data-end=\"2778\" data-immersive-translate-walked=\"c66c6190-f640-4ac3-b4c5-9c62bdc808a8\" data-immersive-translate-paragraph=\"1\"><strong data-start=\"2413\" data-end=\"2463\" data-immersive-translate-walked=\"c66c6190-f640-4ac3-b4c5-9c62bdc808a8\" data-immersive-translate-paragraph=\"1\">4. Durabilidad y fiabilidad de grado industrial<\/strong><br data-start=\"2463\" data-end=\"2466\" data-immersive-translate-walked=\"c66c6190-f640-4ac3-b4c5-9c62bdc808a8\" \/>La trituradora monoeje est\u00e1 dise\u00f1ada para entornos industriales exigentes. Su robusta estructura y sus componentes resistentes al desgaste garantizan una larga durabilidad incluso en condiciones de uso continuo. Con un rotor de alta resistencia y cuchillas de alto rendimiento, esta trituradora puede soportar materiales abrasivos y duras condiciones de funcionamiento.<\/p>\n<p data-start=\"2780\" data-end=\"3158\" data-immersive-translate-walked=\"c66c6190-f640-4ac3-b4c5-9c62bdc808a8\" data-immersive-translate-paragraph=\"1\"><strong data-start=\"2780\" data-end=\"2823\" data-immersive-translate-walked=\"c66c6190-f640-4ac3-b4c5-9c62bdc808a8\" data-immersive-translate-paragraph=\"1\">5. Automatizaci\u00f3n y bajo mantenimiento<\/strong><br data-start=\"2823\" data-end=\"2826\" data-immersive-translate-walked=\"c66c6190-f640-4ac3-b4c5-9c62bdc808a8\" \/>Con caracter\u00edsticas de dise\u00f1o inteligente como el control autom\u00e1tico del empuje, la rotaci\u00f3n inversa para evitar atascos y puntos de mantenimiento de f\u00e1cil acceso, la m\u00e1quina ofrece un elevado tiempo de funcionamiento y una menor necesidad de mano de obra. La placa de empuje plana se controla con precisi\u00f3n para maximizar el rendimiento a la vez que se protegen los componentes internos.<\/p>\n<p data-start=\"3160\" data-end=\"3536\" data-immersive-translate-walked=\"c66c6190-f640-4ac3-b4c5-9c62bdc808a8\" data-immersive-translate-paragraph=\"1\"><strong data-start=\"3160\" data-end=\"3217\" data-immersive-translate-walked=\"c66c6190-f640-4ac3-b4c5-9c62bdc808a8\" data-immersive-translate-paragraph=\"1\">6. Control del ruido y el polvo para entornos de trabajo m\u00e1s seguros<\/strong><br data-start=\"3217\" data-end=\"3220\" data-immersive-translate-walked=\"c66c6190-f640-4ac3-b4c5-9c62bdc808a8\" \/>La trituraci\u00f3n industrial puede ser ruidosa y polvorienta, creando un lugar de trabajo inc\u00f3modo o peligroso. La trituradora de un solo eje (empuje plano) soluciona este problema con carcasas aisladas, velocidades de alimentaci\u00f3n controladas y caracter\u00edsticas de dise\u00f1o que limitan el polvo. Esto la hace m\u00e1s adecuada para su uso en interiores de f\u00e1bricas o en zonas de trabajo cercanas a los empleados.<\/p>\n<p data-start=\"3538\" data-end=\"3872\" data-immersive-translate-walked=\"c66c6190-f640-4ac3-b4c5-9c62bdc808a8\" data-immersive-translate-paragraph=\"1\"><strong data-start=\"3538\" data-end=\"3582\" data-immersive-translate-walked=\"c66c6190-f640-4ac3-b4c5-9c62bdc808a8\" data-immersive-translate-paragraph=\"1\">7. Espacio eficiente y f\u00e1cil de integrar<\/strong><br data-start=\"3582\" data-end=\"3585\" data-immersive-translate-walked=\"c66c6190-f640-4ac3-b4c5-9c62bdc808a8\" \/>Gracias a su tama\u00f1o compacto y a su dise\u00f1o de empuje vertical, la m\u00e1quina ahorra espacio y se integra perfectamente en las l\u00edneas de producci\u00f3n o los sistemas de reciclaje existentes. Puede integrarse con cintas transportadoras, empacadoras, granuladoras o silos de almacenamiento en funci\u00f3n de los requisitos de su operaci\u00f3n.<\/p>\n<p data-start=\"3874\" data-end=\"4279\" data-immersive-translate-walked=\"c66c6190-f640-4ac3-b4c5-9c62bdc808a8\" data-immersive-translate-paragraph=\"1\"><strong data-start=\"3874\" data-end=\"3925\" data-immersive-translate-walked=\"c66c6190-f640-4ac3-b4c5-9c62bdc808a8\" data-immersive-translate-paragraph=\"1\">8. Eficiencia energ\u00e9tica y beneficios medioambientales<\/strong><br data-start=\"3925\" data-end=\"3928\" data-immersive-translate-walked=\"c66c6190-f640-4ac3-b4c5-9c62bdc808a8\" \/>La trituraci\u00f3n eficiente de residuos no s\u00f3lo reduce los costes de eliminaci\u00f3n, sino que tambi\u00e9n contribuye a unas pr\u00e1cticas industriales m\u00e1s sostenibles. Al reducir el volumen de residuos en origen, esta trituradora ayuda a reducir el uso de combustible en el transporte y mejora las tasas de reciclaje. Su funcionamiento energ\u00e9ticamente eficiente se traduce en un menor consumo de energ\u00eda a lo largo del tiempo, en consonancia con los objetivos de fabricaci\u00f3n ecol\u00f3gica.<\/p>\n<h3 data-start=\"4281\" data-end=\"4305\" data-immersive-translate-walked=\"c66c6190-f640-4ac3-b4c5-9c62bdc808a8\"><strong data-start=\"4281\" data-end=\"4305\" data-immersive-translate-walked=\"c66c6190-f640-4ac3-b4c5-9c62bdc808a8\" data-immersive-translate-paragraph=\"1\">Aplicaciones comunes:<\/strong><\/h3>\n<ul>\n<li data-start=\"4309\" data-end=\"4423\" data-immersive-translate-walked=\"c66c6190-f640-4ac3-b4c5-9c62bdc808a8\" data-immersive-translate-paragraph=\"1\"><strong data-start=\"4309\" data-end=\"4329\" data-immersive-translate-walked=\"c66c6190-f640-4ac3-b4c5-9c62bdc808a8\">Industria del pl\u00e1stico<\/strong>: Pretrituraci\u00f3n de corredores de moldeo por inyecci\u00f3n, l\u00e1minas de pl\u00e1stico, botellas, pel\u00edculas y envases.<\/li>\n<li data-start=\"4426\" data-end=\"4525\" data-immersive-translate-walked=\"c66c6190-f640-4ac3-b4c5-9c62bdc808a8\" data-immersive-translate-paragraph=\"1\"><strong data-start=\"4426\" data-end=\"4445\" data-immersive-translate-walked=\"c66c6190-f640-4ac3-b4c5-9c62bdc808a8\">Transformaci\u00f3n de la madera<\/strong>: Trituraci\u00f3n de recortes de madera, pal\u00e9s, tableros de fibra y embalajes de madera.<\/li>\n<li data-start=\"4528\" data-end=\"4625\" data-immersive-translate-walked=\"c66c6190-f640-4ac3-b4c5-9c62bdc808a8\" data-immersive-translate-paragraph=\"1\"><strong data-start=\"4528\" data-end=\"4551\" data-immersive-translate-walked=\"c66c6190-f640-4ac3-b4c5-9c62bdc808a8\">Textil y confecci\u00f3n<\/strong>: Manipulaci\u00f3n de restos de tela, ropa vieja, residuos no tejidos y rollos textiles.<\/li>\n<li data-start=\"4628\" data-end=\"4731\" data-immersive-translate-walked=\"c66c6190-f640-4ac3-b4c5-9c62bdc808a8\" data-immersive-translate-paragraph=\"1\"><strong data-start=\"4628\" data-end=\"4647\" data-immersive-translate-walked=\"c66c6190-f640-4ac3-b4c5-9c62bdc808a8\">Goma y espuma<\/strong>: Reducci\u00f3n de fragmentos de neum\u00e1ticos, juntas de goma, espuma aislante y material de amortiguaci\u00f3n.<\/li>\n<li data-start=\"4734\" data-end=\"4829\" data-immersive-translate-walked=\"c66c6190-f640-4ac3-b4c5-9c62bdc808a8\" data-immersive-translate-paragraph=\"1\"><strong data-start=\"4734\" data-end=\"4764\" data-immersive-translate-walked=\"c66c6190-f640-4ac3-b4c5-9c62bdc808a8\">Residuos electr\u00f3nicos<\/strong>: Procesamiento de teclados, cables, carcasas y peque\u00f1os componentes electr\u00f3nicos.<\/li>\n<li data-start=\"4832\" data-end=\"4931\" data-immersive-translate-walked=\"c66c6190-f640-4ac3-b4c5-9c62bdc808a8\" data-immersive-translate-paragraph=\"1\"><strong data-start=\"4832\" data-end=\"4860\" data-immersive-translate-walked=\"c66c6190-f640-4ac3-b4c5-9c62bdc808a8\">Residuos industriales generales<\/strong>: Mezcla de desechos de fabricaci\u00f3n, residuos de envases y productos defectuosos.<\/li>\n<\/ul>\n<h3 data-start=\"4933\" data-end=\"4971\" data-immersive-translate-walked=\"c66c6190-f640-4ac3-b4c5-9c62bdc808a8\"><strong data-start=\"4933\" data-end=\"4971\" data-immersive-translate-walked=\"c66c6190-f640-4ac3-b4c5-9c62bdc808a8\" data-immersive-translate-paragraph=\"1\">\u00bfPor qu\u00e9 elegir el modelo de empuje plano?<\/strong><\/h3>\n<p data-start=\"4973\" data-end=\"5375\" data-immersive-translate-walked=\"c66c6190-f640-4ac3-b4c5-9c62bdc808a8\" data-immersive-translate-paragraph=\"1\">El mecanismo de empuje plano proporciona a esta trituradora una ventaja en t\u00e9rminos de consistencia de procesamiento y adaptabilidad del material. Mientras que las trituradoras tradicionales pueden tener problemas con los residuos de gran tama\u00f1o o de forma irregular, la acci\u00f3n de empuje plano garantiza que los materiales se presionen directa y uniformemente hacia el rotor de corte. Esto no s\u00f3lo mejora el rendimiento, sino tambi\u00e9n la calidad y la previsibilidad de la producci\u00f3n triturada.<\/p>\n<p data-start=\"5377\" data-end=\"5705\" data-immersive-translate-walked=\"c66c6190-f640-4ac3-b4c5-9c62bdc808a8\" data-immersive-translate-paragraph=\"1\">Adem\u00e1s, el dise\u00f1o minimiza el tiempo de inactividad entre ciclos de trituraci\u00f3n, ya que el empujador mantiene un contacto constante con el lecho de material. El resultado es una mayor eficacia de procesamiento y una reducci\u00f3n de los costes operativos. El mantenimiento se simplifica con herramientas de corte f\u00e1cilmente reemplazables y paneles de acceso intuitivo para limpieza y ajustes.<\/p>\n<h3 data-start=\"5707\" data-end=\"5722\" data-immersive-translate-walked=\"c66c6190-f640-4ac3-b4c5-9c62bdc808a8\"><strong data-start=\"5707\" data-end=\"5722\" data-immersive-translate-walked=\"c66c6190-f640-4ac3-b4c5-9c62bdc808a8\" data-immersive-translate-paragraph=\"1\">Conclusi\u00f3n:<\/strong><\/h3>\n<p data-start=\"5724\" data-end=\"6119\" data-immersive-translate-walked=\"c66c6190-f640-4ac3-b4c5-9c62bdc808a8\" data-immersive-translate-paragraph=\"1\">La trituradora de un solo eje (empuje plano) es una m\u00e1quina de reducci\u00f3n de residuos de calidad profesional que ofrece un rendimiento constante, una excelente versatilidad y una fiabilidad excepcional. Adecuada para una amplia gama de industrias, desde pl\u00e1sticos y envases hasta textiles y residuos electr\u00f3nicos, es una inversi\u00f3n inteligente para las empresas que buscan una gesti\u00f3n de residuos eficiente, rentable y responsable con el medio ambiente.<\/p>\n<p data-start=\"6121\" data-end=\"6368\" data-immersive-translate-walked=\"c66c6190-f640-4ac3-b4c5-9c62bdc808a8\" data-immersive-translate-paragraph=\"1\">Su combinaci\u00f3n de sistema de alimentaci\u00f3n de empuje plano, construcci\u00f3n robusta y controles preparados para la automatizaci\u00f3n la hacen ideal para empresas que buscan mejorar su capacidad de trituraci\u00f3n e integrar la reducci\u00f3n de tama\u00f1o en procesos de reciclaje o producci\u00f3n m\u00e1s amplios.<\/p>\n<p data-start=\"6370\" data-end=\"6569\" data-immersive-translate-walked=\"c66c6190-f640-4ac3-b4c5-9c62bdc808a8\" data-immersive-translate-paragraph=\"1\">Tanto si est\u00e1 actualizando su sistema de manipulaci\u00f3n de residuos como si est\u00e1 construyendo una nueva l\u00ednea de procesamiento, la trituradora de un solo eje (empuje plano) ofrece la resistencia, flexibilidad y precisi\u00f3n que exige su operaci\u00f3n.<\/p>","protected":false},"excerpt":{"rendered":"<p>La trituradora de un solo eje (empuje plano) es una soluci\u00f3n robusta y eficaz para procesar una amplia gama de residuos industriales, incluidos pl\u00e1sticos, madera, textiles y caucho. Su sistema de empuje plano garantiza una alimentaci\u00f3n constante del material, minimiza los atascos y proporciona una reducci\u00f3n uniforme del tama\u00f1o. Construida para ofrecer durabilidad y un funcionamiento continuo, esta trituradora es ideal para instalaciones de reciclaje, plantas de fabricaci\u00f3n y centros de tratamiento de residuos. Con un dise\u00f1o compacto y de bajo mantenimiento, se integra perfectamente en los flujos de trabajo existentes y favorece una gesti\u00f3n de residuos sostenible y rentable.<\/p>","protected":false},"featured_media":1946,"template":"","meta":{"site-sidebar-layout":"default","site-content-layout":"","ast-site-content-layout":"default","site-content-style":"default","site-sidebar-style":"default","ast-global-header-display":"","ast-banner-title-visibility":"","ast-main-header-display":"","ast-hfb-above-header-display":"","ast-hfb-below-header-display":"","ast-hfb-mobile-header-display":"","site-post-title":"","ast-breadcrumbs-content":"","ast-featured-img":"","footer-sml-layout":"","ast-disable-related-posts":"","theme-transparent-header-meta":"default","adv-header-id-meta":"","stick-header-meta":"","header-above-stick-meta":"","header-main-stick-meta":"","header-below-stick-meta":"","astra-migrate-meta-layouts":"set","ast-page-background-enabled":"default","ast-page-background-meta":{"desktop":{"background-color":"var(--ast-global-color-5)","background-image":"","background-repeat":"repeat","background-position":"center center","background-size":"auto","background-attachment":"scroll","background-type":"","background-media":"","overlay-type":"","overlay-color":"","overlay-opacity":"","overlay-gradient":""},"tablet":{"background-color":"","background-image":"","background-repeat":"repeat","background-position":"center center","background-size":"auto","background-attachment":"scroll","background-type":"","background-media":"","overlay-type":"","overlay-color":"","overlay-opacity":"","overlay-gradient":""},"mobile":{"background-color":"","background-image":"","background-repeat":"repeat","background-position":"center center","background-size":"auto","background-attachment":"scroll","background-type":"","background-media":"","overlay-type":"","overlay-color":"","overlay-opacity":"","overlay-gradient":""}},"ast-content-background-meta":{"desktop":{"background-color":"var(--ast-global-color-4)","background-image":"","background-repeat":"repeat","background-position":"center center","background-size":"auto","background-attachment":"scroll","background-type":"","background-media":"","overlay-type":"","overlay-color":"","overlay-opacity":"","overlay-gradient":""},"tablet":{"background-color":"var(--ast-global-color-4)","background-image":"","background-repeat":"repeat","background-position":"center center","background-size":"auto","background-attachment":"scroll","background-type":"","background-media":"","overlay-type":"","overlay-color":"","overlay-opacity":"","overlay-gradient":""},"mobile":{"background-color":"var(--ast-global-color-4)","background-image":"","background-repeat":"repeat","background-position":"center center","background-size":"auto","background-attachment":"scroll","background-type":"","background-media":"","overlay-type":"","overlay-color":"","overlay-opacity":"","overlay-gradient":""}}},"product_brand":[],"product_cat":[20,148],"product_tag":[127,138,137],"class_list":{"0":"post-1996","1":"product","2":"type-product","3":"status-publish","4":"has-post-thumbnail","6":"product_cat-shredding-and-crushing-machine","7":"product_cat-single-shaft-shredder","8":"product_tag-animal-carcass-shredder","9":"product_tag-fabric-shredder","10":"product_tag-plastic-shredder","11":"desktop-align-left","12":"tablet-align-left","13":"mobile-align-left","15":"first","16":"instock","17":"shipping-taxable","18":"product-type-simple"},"_links":{"self":[{"href":"https:\/\/www.gigapa.com\/es\/wp-json\/wp\/v2\/product\/1996","targetHints":{"allow":["GET"]}}],"collection":[{"href":"https:\/\/www.gigapa.com\/es\/wp-json\/wp\/v2\/product"}],"about":[{"href":"https:\/\/www.gigapa.com\/es\/wp-json\/wp\/v2\/types\/product"}],"version-history":[{"count":2,"href":"https:\/\/www.gigapa.com\/es\/wp-json\/wp\/v2\/product\/1996\/revisions"}],"predecessor-version":[{"id":2136,"href":"https:\/\/www.gigapa.com\/es\/wp-json\/wp\/v2\/product\/1996\/revisions\/2136"}],"wp:featuredmedia":[{"embeddable":true,"href":"https:\/\/www.gigapa.com\/es\/wp-json\/wp\/v2\/media\/1946"}],"wp:attachment":[{"href":"https:\/\/www.gigapa.com\/es\/wp-json\/wp\/v2\/media?parent=1996"}],"wp:term":[{"taxonomy":"product_brand","embeddable":true,"href":"https:\/\/www.gigapa.com\/es\/wp-json\/wp\/v2\/product_brand?post=1996"},{"taxonomy":"product_cat","embeddable":true,"href":"https:\/\/www.gigapa.com\/es\/wp-json\/wp\/v2\/product_cat?post=1996"},{"taxonomy":"product_tag","embeddable":true,"href":"https:\/\/www.gigapa.com\/es\/wp-json\/wp\/v2\/product_tag?post=1996"}],"curies":[{"name":"wp","href":"https:\/\/api.w.org\/{rel}","templated":true}]}}