{"id":1998,"date":"2025-06-18T09:28:09","date_gmt":"2025-06-18T01:28:09","guid":{"rendered":"https:\/\/www.gigapa.com\/?post_type=product&#038;p=1998"},"modified":"2025-10-13T09:16:13","modified_gmt":"2025-10-13T01:16:13","slug":"medical-waste-single-shaft-shredder","status":"publish","type":"product","link":"https:\/\/www.gigapa.com\/es\/product\/medical-waste-single-shaft-shredder\/","title":{"rendered":"Trituradora de residuos m\u00e9dicos de un solo eje"},"content":{"rendered":"<h3 data-start=\"373\" data-end=\"397\"><strong data-start=\"373\" data-end=\"397\">Descripci\u00f3n del producto:<\/strong><\/h3>\n<p data-start=\"399\" data-end=\"793\">La trituradora de un solo eje para residuos m\u00e9dicos es una soluci\u00f3n muy eficaz adaptada a los retos espec\u00edficos de la gesti\u00f3n de residuos peligrosos en los sectores sanitario y m\u00e9dico. Dise\u00f1ada para ofrecer durabilidad, precisi\u00f3n e higiene, esta trituradora desempe\u00f1a un papel crucial a la hora de reducir el volumen de residuos infecciosos, facilitar una eliminaci\u00f3n m\u00e1s segura y garantizar el cumplimiento de las estrictas normas reglamentarias.<\/p>\n<p data-start=\"795\" data-end=\"1337\">Los residuos m\u00e9dicos son uno de los flujos de residuos m\u00e1s complejos y delicados que se generan en hospitales, cl\u00ednicas, laboratorios e instalaciones farmac\u00e9uticas. Incluyen una amplia gama de materiales peligrosos como jeringuillas, bistur\u00edes, gasas contaminadas, envases de pl\u00e1stico, medicamentos caducados y otros residuos biocontaminados. La manipulaci\u00f3n inadecuada de estos residuos plantea graves riesgos para la salud p\u00fablica, los trabajadores sanitarios y el medio ambiente. Por eso, la trituraci\u00f3n fiable y conforme a las normas es un primer paso esencial en el proceso de tratamiento de residuos m\u00e9dicos.<\/p>\n<p data-start=\"1339\" data-end=\"1675\">La trituradora de un solo eje se ha dise\u00f1ado espec\u00edficamente para satisfacer estos requisitos cr\u00edticos. A diferencia de los sistemas de trituraci\u00f3n convencionales, que pueden tener problemas con materiales de alimentaci\u00f3n poco consistentes o requerir un mantenimiento exhaustivo, esta m\u00e1quina ofrece un proceso de trituraci\u00f3n robusto y racionalizado adecuado para un funcionamiento continuo en entornos exigentes.<\/p>\n<h3 data-start=\"1677\" data-end=\"1737\"><strong data-start=\"1677\" data-end=\"1737\">Principales ventajas de la trituradora de residuos m\u00e9dicos de un solo eje:<\/strong><\/h3>\n<p data-start=\"1739\" data-end=\"2231\"><strong data-start=\"1739\" data-end=\"1773\">1. Mayor seguridad e higiene<\/strong><br data-start=\"1773\" data-end=\"1776\" \/>La seguridad es una prioridad absoluta cuando se manipulan residuos m\u00e9dicos infecciosos. La trituradora cuenta con una c\u00e1mara de trituraci\u00f3n totalmente cerrada y un dise\u00f1o que minimiza el contacto humano directo con materiales peligrosos. Su sistema automatizado de alimentaci\u00f3n y descarga reduce la necesidad de manipulaci\u00f3n manual, lo que disminuye significativamente el riesgo de lesiones y contaminaci\u00f3n. Las estructuras de sellado antifugas y las superficies f\u00e1ciles de limpiar ayudan a garantizar altos niveles de higiene durante todo el funcionamiento.<\/p>\n<p data-start=\"2233\" data-end=\"2624\"><strong data-start=\"2233\" data-end=\"2266\">2. Reducci\u00f3n eficaz del volumen<\/strong><br data-start=\"2266\" data-end=\"2269\" \/>El objetivo principal de la trituraci\u00f3n de residuos m\u00e9dicos es reducir su volumen antes de los pasos de tratamiento posteriores, como el autoclave, la incineraci\u00f3n o la desinfecci\u00f3n qu\u00edmica. La trituradora de residuos m\u00e9dicos de un solo eje destaca por su capacidad para dividir residuos voluminosos en piezas uniformes y manejables, lo que optimiza el procesamiento posterior y reduce dr\u00e1sticamente los costes de almacenamiento y transporte.<\/p>\n<p data-start=\"2626\" data-end=\"3099\"><strong data-start=\"2626\" data-end=\"2663\">3. Versatilidad entre tipos de residuos<\/strong><br data-start=\"2663\" data-end=\"2666\" \/>Esta trituradora es capaz de procesar una amplia variedad de materiales de residuos m\u00e9dicos, desde pl\u00e1sticos blandos y envases hasta art\u00edculos m\u00e1s duros como herramientas met\u00e1licas y envases de vidrio. Su dise\u00f1o de un solo eje garantiza un rendimiento de trituraci\u00f3n uniforme y controlado, lo que la hace ideal para cargas de residuos mixtas sin necesidad de clasificaci\u00f3n previa. Tanto si se trata de residuos de bolsas rojas, objetos punzantes en contenedores o EPI desechables, la trituradora ofrece un rendimiento fiable.<\/p>\n<p data-start=\"3101\" data-end=\"3548\"><strong data-start=\"3101\" data-end=\"3149\">4. Cumplimiento de la normativa medioambiental<\/strong><br data-start=\"3149\" data-end=\"3152\" \/>La correcta trituraci\u00f3n de residuos m\u00e9dicos no es s\u00f3lo una cuesti\u00f3n de eficacia operativa: es un requisito legal en muchas jurisdicciones. La trituradora de un solo eje para residuos m\u00e9dicos cumple plenamente las normativas medioambientales y sanitarias locales e internacionales al destruir de forma fiable los materiales contaminados. Esto ayuda a las instituciones sanitarias a mantener sus licencias y proteger su reputaci\u00f3n.<\/p>\n<p data-start=\"3550\" data-end=\"4054\"><strong data-start=\"3550\" data-end=\"3602\">5. Dise\u00f1ado para un alto rendimiento y un bajo tiempo de inactividad<\/strong><br data-start=\"3602\" data-end=\"3605\" \/>En los entornos hospitalarios o cl\u00ednicos de gran actividad, los residuos se acumulan r\u00e1pidamente. La trituradora de residuos m\u00e9dicos de un solo eje est\u00e1 dise\u00f1ada para manipular grandes vol\u00famenes de forma continua con una supervisi\u00f3n m\u00ednima. El sistema est\u00e1 equipado con funciones automatizadas como la inversi\u00f3n autom\u00e1tica para evitar atascos y obstrucciones. Los puntos de acceso para el mantenimiento est\u00e1n estrat\u00e9gicamente situados y los componentes resistentes al desgaste reducen la frecuencia de las revisiones, lo que garantiza un tiempo de funcionamiento prolongado y reduce las interrupciones operativas.<\/p>\n<p data-start=\"4056\" data-end=\"4574\"><strong data-start=\"4056\" data-end=\"4091\">6. Gesti\u00f3n sostenible de residuos<\/strong><br data-start=\"4091\" data-end=\"4094\" \/>La sostenibilidad se est\u00e1 convirtiendo en un principio b\u00e1sico de la infraestructura sanitaria moderna. Al incorporar la trituraci\u00f3n al proceso de gesti\u00f3n de residuos, las instalaciones pueden reducir dr\u00e1sticamente el volumen de residuos que acaban en los vertederos. En algunos casos, los residuos m\u00e9dicos triturados pueden incluso convertirse en inertes y reutilizarse como combustible alternativo o material reciclado, dependiendo de la normativa local. Por lo tanto, la trituradora de un solo eje para residuos m\u00e9dicos contribuye a que las operaciones sean m\u00e1s ecol\u00f3gicas y rentables.<\/p>\n<p data-start=\"4576\" data-end=\"5088\"><strong data-start=\"4576\" data-end=\"4617\">7. Tama\u00f1o compacto, dise\u00f1o escalable<\/strong><br data-start=\"4617\" data-end=\"4620\" \/>Muchas instalaciones m\u00e9dicas tienen un espacio limitado para los equipos de gesti\u00f3n de residuos. El dise\u00f1o compacto del triturador de residuos m\u00e9dicos de un solo eje lo hace adecuado para su instalaci\u00f3n incluso en entornos restringidos. Para hospitales a gran escala o instalaciones centralizadas de tratamiento de residuos, pueden configurarse varias unidades para satisfacer demandas de gran capacidad. El sistema tambi\u00e9n es compatible con cintas transportadoras, contenedores y unidades de esterilizaci\u00f3n, por lo que su integraci\u00f3n en los flujos de trabajo existentes resulta f\u00e1cil y eficaz.<\/p>\n<p data-start=\"5090\" data-end=\"5498\"><strong data-start=\"5090\" data-end=\"5127\">8. Funcionamiento silencioso y controlado<\/strong><br data-start=\"5127\" data-end=\"5130\" \/>A diferencia de las grandes trituradoras industriales, que pueden ser ruidosas y molestas, este modelo est\u00e1 dise\u00f1ado con aislamiento ac\u00fastico y un motor poco ruidoso. Esto la hace ideal para funcionar cerca de entornos sensibles, como alas de hospital o zonas de laboratorio. El par de salida constante del eje \u00fanico garantiza un corte suave y uniforme sin vibraciones ni fuertes esfuerzos mec\u00e1nicos.<\/p>\n<h3 data-start=\"5500\" data-end=\"5532\"><strong data-start=\"5500\" data-end=\"5532\">Escenarios de aplicaci\u00f3n ideales:<\/strong><\/h3>\n<ul>\n<li data-start=\"5536\" data-end=\"5580\">Hospitales generales y unidades de urgencias<\/li>\n<li data-start=\"5583\" data-end=\"5627\">Cl\u00ednicas especializadas y centros ambulatorios<\/li>\n<li data-start=\"5630\" data-end=\"5654\">Laboratorios de patolog\u00eda<\/li>\n<li data-start=\"5657\" data-end=\"5693\">Bancos de sangre e instalaciones de an\u00e1lisis<\/li>\n<li data-start=\"5696\" data-end=\"5726\">Fabricantes farmac\u00e9uticos<\/li>\n<li data-start=\"5729\" data-end=\"5773\">Plantas centralizadas de tratamiento de residuos m\u00e9dicos<\/li>\n<li data-start=\"5776\" data-end=\"5825\">Empresas de eliminaci\u00f3n de residuos reguladas por la administraci\u00f3n<\/li>\n<\/ul>\n<h3 data-start=\"5827\" data-end=\"5842\"><strong data-start=\"5827\" data-end=\"5842\">Conclusi\u00f3n:<\/strong><\/h3>\n<p data-start=\"5844\" data-end=\"6208\">La trituradora de residuos m\u00e9dicos de un solo eje es una herramienta indispensable para cualquier organizaci\u00f3n que desee gestionar su flujo de residuos sanitarios de forma m\u00e1s segura, limpia y eficiente. Centrada en la seguridad, el rendimiento, el cumplimiento y la sostenibilidad, esta m\u00e1quina representa una inversi\u00f3n inteligente para las necesidades de gesti\u00f3n de residuos a largo plazo de las instituciones m\u00e9dicas modernas.<\/p>\n<p data-start=\"6210\" data-end=\"6558\">Tanto si est\u00e1 actualizando su sistema de tratamiento de residuos como si est\u00e1 creando una nueva instalaci\u00f3n, la elecci\u00f3n del equipo de trituraci\u00f3n adecuado es una decisi\u00f3n fundamental. Con la trituradora de un solo eje para residuos m\u00e9dicos, obtendr\u00e1 un socio fiable que le ayudar\u00e1 a proteger a su personal, a sus pacientes y al medio ambiente, al tiempo que agiliza sus operaciones para lograr la m\u00e1xima eficiencia.<\/p>","protected":false},"excerpt":{"rendered":"<p>La trituradora de residuos m\u00e9dicos de un solo eje ofrece una soluci\u00f3n fiable e higi\u00e9nica para la gesti\u00f3n de residuos m\u00e9dicos peligrosos. Dise\u00f1ada para hospitales, laboratorios y cl\u00ednicas, reduce eficazmente el volumen de materiales contaminados como jeringuillas, envases y medicamentos caducados. Con alimentaci\u00f3n autom\u00e1tica, bajo nivel de ruido y un tama\u00f1o compacto, esta trituradora garantiza la seguridad, la eficacia y el cumplimiento de la normativa medioambiental. Es compatible con la gesti\u00f3n sostenible de residuos y se integra f\u00e1cilmente con sistemas de esterilizaci\u00f3n o incineraci\u00f3n, lo que la convierte en una parte esencial del flujo de trabajo de procesamiento de residuos de cualquier centro sanitario.<\/p>","protected":false},"featured_media":1945,"template":"","meta":{"site-sidebar-layout":"default","site-content-layout":"","ast-site-content-layout":"default","site-content-style":"default","site-sidebar-style":"default","ast-global-header-display":"","ast-banner-title-visibility":"","ast-main-header-display":"","ast-hfb-above-header-display":"","ast-hfb-below-header-display":"","ast-hfb-mobile-header-display":"","site-post-title":"","ast-breadcrumbs-content":"","ast-featured-img":"","footer-sml-layout":"","ast-disable-related-posts":"","theme-transparent-header-meta":"default","adv-header-id-meta":"","stick-header-meta":"","header-above-stick-meta":"","header-main-stick-meta":"","header-below-stick-meta":"","astra-migrate-meta-layouts":"set","ast-page-background-enabled":"default","ast-page-background-meta":{"desktop":{"background-color":"var(--ast-global-color-5)","background-image":"","background-repeat":"repeat","background-position":"center center","background-size":"auto","background-attachment":"scroll","background-type":"","background-media":"","overlay-type":"","overlay-color":"","overlay-opacity":"","overlay-gradient":""},"tablet":{"background-color":"","background-image":"","background-repeat":"repeat","background-position":"center center","background-size":"auto","background-attachment":"scroll","background-type":"","background-media":"","overlay-type":"","overlay-color":"","overlay-opacity":"","overlay-gradient":""},"mobile":{"background-color":"","background-image":"","background-repeat":"repeat","background-position":"center center","background-size":"auto","background-attachment":"scroll","background-type":"","background-media":"","overlay-type":"","overlay-color":"","overlay-opacity":"","overlay-gradient":""}},"ast-content-background-meta":{"desktop":{"background-color":"var(--ast-global-color-4)","background-image":"","background-repeat":"repeat","background-position":"center center","background-size":"auto","background-attachment":"scroll","background-type":"","background-media":"","overlay-type":"","overlay-color":"","overlay-opacity":"","overlay-gradient":""},"tablet":{"background-color":"var(--ast-global-color-4)","background-image":"","background-repeat":"repeat","background-position":"center center","background-size":"auto","background-attachment":"scroll","background-type":"","background-media":"","overlay-type":"","overlay-color":"","overlay-opacity":"","overlay-gradient":""},"mobile":{"background-color":"var(--ast-global-color-4)","background-image":"","background-repeat":"repeat","background-position":"center center","background-size":"auto","background-attachment":"scroll","background-type":"","background-media":"","overlay-type":"","overlay-color":"","overlay-opacity":"","overlay-gradient":""}}},"product_brand":[],"product_cat":[20,148],"product_tag":[],"class_list":{"0":"post-1998","1":"product","2":"type-product","3":"status-publish","4":"has-post-thumbnail","6":"product_cat-shredding-and-crushing-machine","7":"product_cat-single-shaft-shredder","8":"desktop-align-left","9":"tablet-align-left","10":"mobile-align-left","12":"first","13":"instock","14":"shipping-taxable","15":"product-type-simple"},"_links":{"self":[{"href":"https:\/\/www.gigapa.com\/es\/wp-json\/wp\/v2\/product\/1998","targetHints":{"allow":["GET"]}}],"collection":[{"href":"https:\/\/www.gigapa.com\/es\/wp-json\/wp\/v2\/product"}],"about":[{"href":"https:\/\/www.gigapa.com\/es\/wp-json\/wp\/v2\/types\/product"}],"version-history":[{"count":2,"href":"https:\/\/www.gigapa.com\/es\/wp-json\/wp\/v2\/product\/1998\/revisions"}],"predecessor-version":[{"id":2135,"href":"https:\/\/www.gigapa.com\/es\/wp-json\/wp\/v2\/product\/1998\/revisions\/2135"}],"wp:featuredmedia":[{"embeddable":true,"href":"https:\/\/www.gigapa.com\/es\/wp-json\/wp\/v2\/media\/1945"}],"wp:attachment":[{"href":"https:\/\/www.gigapa.com\/es\/wp-json\/wp\/v2\/media?parent=1998"}],"wp:term":[{"taxonomy":"product_brand","embeddable":true,"href":"https:\/\/www.gigapa.com\/es\/wp-json\/wp\/v2\/product_brand?post=1998"},{"taxonomy":"product_cat","embeddable":true,"href":"https:\/\/www.gigapa.com\/es\/wp-json\/wp\/v2\/product_cat?post=1998"},{"taxonomy":"product_tag","embeddable":true,"href":"https:\/\/www.gigapa.com\/es\/wp-json\/wp\/v2\/product_tag?post=1998"}],"curies":[{"name":"wp","href":"https:\/\/api.w.org\/{rel}","templated":true}]}}