{"id":2002,"date":"2025-06-18T09:03:44","date_gmt":"2025-06-18T01:03:44","guid":{"rendered":"https:\/\/www.gigapa.com\/?post_type=product&#038;p=2002"},"modified":"2025-11-05T08:52:01","modified_gmt":"2025-11-05T00:52:01","slug":"fully-automatic-baler-for-textile-waste","status":"publish","type":"product","link":"https:\/\/www.gigapa.com\/es\/product\/fully-automatic-baler-for-textile-waste\/","title":{"rendered":"Prensa semiautom\u00e1tica para residuos textiles"},"content":{"rendered":"<p data-start=\"213\" data-end=\"853\">En la industria textil actual, en r\u00e1pida evoluci\u00f3n, la gesti\u00f3n eficaz y sostenible de los residuos se ha convertido en una preocupaci\u00f3n fundamental. Los residuos textiles, si no se gestionan adecuadamente, pueden contribuir de forma significativa a la contaminaci\u00f3n medioambiental y al aumento de los costes operativos. La prensa semiautom\u00e1tica para residuos textiles ofrece una soluci\u00f3n avanzada, fiable y rentable a estos retos. Dise\u00f1ada para agilizar la manipulaci\u00f3n y eliminaci\u00f3n de residuos textiles, esta prensa de \u00faltima generaci\u00f3n ofrece a los fabricantes textiles, centros de reciclaje y empresas de gesti\u00f3n de residuos un m\u00e9todo automatizado para comprimir y agrupar los residuos textiles de forma eficaz.<\/p>\n<h3 data-start=\"855\" data-end=\"909\">\u00bfQu\u00e9 es una prensa semiautom\u00e1tica para residuos textiles?<\/h3>\n<p data-start=\"911\" data-end=\"1442\">Una prensa semiautom\u00e1tica es una m\u00e1quina de alta ingenier\u00eda dise\u00f1ada para compactar residuos textiles sueltos en balas densas y manejables sin necesidad de intervenci\u00f3n humana constante. A diferencia de las prensas tradicionales, que requieren alimentaci\u00f3n y manejo manuales, esta m\u00e1quina automatiza todo el proceso, desde la alimentaci\u00f3n y la compresi\u00f3n hasta el atado y la expulsi\u00f3n de la paca. Esta automatizaci\u00f3n no s\u00f3lo ahorra costes de mano de obra, sino que tambi\u00e9n aumenta la seguridad operativa y la productividad, lo que permite a las empresas centrarse en otras actividades principales mientras los residuos se gestionan de forma eficiente.<\/p>\n<h3 data-start=\"1444\" data-end=\"1507\">Principales ventajas de utilizar una prensa semiautom\u00e1tica de residuos textiles<\/h3>\n<p data-start=\"1509\" data-end=\"1949\"><strong data-start=\"1509\" data-end=\"1555\">1. M\u00e1xima eficiencia gracias a la automatizaci\u00f3n<\/strong><br data-start=\"1555\" data-end=\"1558\" \/>La empacadora semiautom\u00e1tica integra sistemas de control inteligentes que gestionan a la perfecci\u00f3n cada paso del proceso de empacado. Desde la carga autom\u00e1tica de los restos textiles hasta la compresi\u00f3n hidr\u00e1ulica y el atado final, la m\u00e1quina trabaja de forma continua sin necesidad de intervenci\u00f3n manual. Esto reduce el tiempo de inactividad y aumenta el rendimiento general, por lo que resulta ideal para plantas textiles con una elevada producci\u00f3n de residuos.<\/p>\n<p data-start=\"1951\" data-end=\"2351\"><strong data-start=\"1951\" data-end=\"1993\">2. Mejora de la manipulaci\u00f3n y el almacenamiento de residuos<\/strong><br data-start=\"1993\" data-end=\"1996\" \/>Los residuos textiles suelen ser voluminosos y dif\u00edciles de almacenar o transportar. Al comprimir estos materiales en balas compactas, la prensa reduce significativamente el volumen, lo que hace que el almacenamiento sea m\u00e1s eficiente en t\u00e9rminos de espacio y reduce los costes de transporte. Las balas densas son m\u00e1s f\u00e1ciles de manipular, apilar y enviar, lo que ayuda a agilizar la log\u00edstica y reducir la huella de carbono durante el transporte.<\/p>\n<p data-start=\"2353\" data-end=\"2718\"><strong data-start=\"2353\" data-end=\"2400\">3. Mejora de la seguridad y la ergonom\u00eda en el lugar de trabajo<\/strong><br data-start=\"2400\" data-end=\"2403\" \/>La manipulaci\u00f3n manual de residuos textiles sueltos puede provocar lesiones y fatiga en el lugar de trabajo. La prensa semiautom\u00e1tica reduce la necesidad de contacto humano directo con los materiales de desecho, minimizando as\u00ed el riesgo de accidentes. Los procesos automatizados tambi\u00e9n reducen las tareas manuales repetitivas, mejorando la ergonom\u00eda y el bienestar de los trabajadores.<\/p>\n<p data-start=\"2720\" data-end=\"3074\"><strong data-start=\"2720\" data-end=\"2768\">4. Versatilidad para diversos materiales textiles<\/strong><br data-start=\"2768\" data-end=\"2771\" \/>Esta empacadora est\u00e1 dise\u00f1ada para manipular una amplia gama de tipos de residuos textiles, incluidos restos de algod\u00f3n, hilo, recortes de tejido y prendas usadas. Su dise\u00f1o adaptable le permite procesar eficazmente materiales de distintas formas y densidades, garantizando una calidad constante de las balas independientemente de la composici\u00f3n de los residuos.<\/p>\n<p data-start=\"3076\" data-end=\"3548\"><strong data-start=\"3076\" data-end=\"3111\">5. 5. Sostenibilidad medioambiental<\/strong><br data-start=\"3111\" data-end=\"3114\" \/>Con la creciente presi\u00f3n normativa y los compromisos de responsabilidad corporativa hacia la sostenibilidad, las empresas deben adoptar pr\u00e1cticas de gesti\u00f3n de residuos m\u00e1s ecol\u00f3gicas. La prensa semiautom\u00e1tica para residuos textiles ayuda a las empresas a cumplir los objetivos medioambientales facilitando la compactaci\u00f3n de los residuos y los esfuerzos de reutilizaci\u00f3n o reciclaje. Al reducir el volumen de residuos, contribuye a reducir el uso de vertederos y las emisiones de gases de efecto invernadero procedentes del transporte.<\/p>\n<h3 data-start=\"3550\" data-end=\"3610\">Aplicaciones en la industria textil y de reciclado<\/h3>\n<p data-start=\"3612\" data-end=\"3731\">Esta avanzada enfardadora encuentra aplicaciones en numerosos sectores relacionados con la producci\u00f3n textil y la gesti\u00f3n de residuos:<\/p>\n<ul>\n<li data-start=\"3735\" data-end=\"3878\"><strong data-start=\"3735\" data-end=\"3768\">F\u00e1bricas textiles:<\/strong> Gestione eficazmente los restos generados durante la producci\u00f3n de tejidos, reduciendo el desorden y optimizando la eliminaci\u00f3n de residuos.<\/li>\n<li data-start=\"3881\" data-end=\"4043\"><strong data-start=\"3881\" data-end=\"3906\">Instalaciones de reciclaje:<\/strong> Prepare los residuos textiles para su reciclaje comprimiendo y agrupando los materiales, lo que hace que el proceso de reciclaje sea m\u00e1s \u00e1gil y econ\u00f3mico.<\/li>\n<li data-start=\"4046\" data-end=\"4197\"><strong data-start=\"4046\" data-end=\"4075\">Unidades de producci\u00f3n de prendas de vestir:<\/strong> Gestione el tejido sobrante y las prendas defectuosas mediante el empacado compacto, mejorando la limpieza y reduciendo el desperdicio de material.<\/li>\n<li data-start=\"4200\" data-end=\"4358\"><strong data-start=\"4200\" data-end=\"4231\">Empresas de gesti\u00f3n de residuos:<\/strong> Proporcionar a los clientes una soluci\u00f3n fiable para la compactaci\u00f3n de residuos textiles, mejorando la oferta de servicios y la eficacia operativa.<\/li>\n<\/ul>\n<h3 data-start=\"4360\" data-end=\"4415\">\u00bfPor qu\u00e9 elegir nuestra prensa compactadora hidr\u00e1ulica semiautom\u00e1tica de desperdicios textiles?<\/h3>\n<p data-start=\"4417\" data-end=\"4593\">Nos enorgullecemos de ofrecer soluciones de empacado de vanguardia que combinan tecnolog\u00eda innovadora con durabilidad y facilidad de uso. Nuestra empacadora semiautom\u00e1tica destaca por:<\/p>\n<ul>\n<li data-start=\"4597\" data-end=\"4733\"><strong data-start=\"4597\" data-end=\"4621\">Automatizaci\u00f3n superior:<\/strong> Permite el funcionamiento manos libres con sistemas de control inteligentes, lo que reduce las necesidades de mano de obra y la complejidad operativa.<\/li>\n<li data-start=\"4736\" data-end=\"4889\"><strong data-start=\"4736\" data-end=\"4761\">Calidad de construcci\u00f3n robusta:<\/strong> Fabricado con materiales y componentes de alta calidad para garantizar un rendimiento duradero incluso en condiciones de uso industrial intensivo.<\/li>\n<li data-start=\"4892\" data-end=\"5007\"><strong data-start=\"4892\" data-end=\"4920\">Interfaz f\u00e1cil de usar:<\/strong> Dise\u00f1ada para facilitar el manejo y el mantenimiento, lo que reduce la curva de aprendizaje y el tiempo de inactividad.<\/li>\n<li data-start=\"5010\" data-end=\"5177\"><strong data-start=\"5010\" data-end=\"5036\">Apoyo integral:<\/strong> Proporcionamos instalaci\u00f3n experta, formaci\u00f3n de operadores y servicio posventa para garantizar que su empacadora funcione de forma \u00f3ptima durante todo su ciclo de vida.<\/li>\n<li data-start=\"5180\" data-end=\"5329\"><strong data-start=\"5180\" data-end=\"5207\">Soluciones personalizables:<\/strong> Trabajamos en estrecha colaboraci\u00f3n con los clientes para adaptar la configuraci\u00f3n de la empacadora en funci\u00f3n de su volumen espec\u00edfico de residuos y de las caracter\u00edsticas del material.<\/li>\n<\/ul>\n<h3 data-start=\"5331\" data-end=\"5401\">C\u00f3mo contribuye la empacadora semiautom\u00e1tica al \u00e9xito de su negocio<\/h3>\n<p data-start=\"5403\" data-end=\"5930\">Adoptar una prensa semiautom\u00e1tica para residuos textiles es algo m\u00e1s que una simple mejora operativa: es un movimiento estrat\u00e9gico que mejora la sostenibilidad, la rentabilidad y la productividad de su empresa. Al automatizar el proceso de compactaci\u00f3n de residuos, liberar\u00e1 valiosos recursos humanos para otras tareas, reducir\u00e1 los costes de gesti\u00f3n de residuos y mejorar\u00e1 la seguridad general de las instalaciones. Adem\u00e1s, la reducci\u00f3n del volumen y la mejora de la manipulaci\u00f3n de residuos se traducen directamente en una reducci\u00f3n de los gastos de transporte y una mejor utilizaci\u00f3n del espacio en almacenes y dep\u00f3sitos.<\/p>\n<p data-start=\"5932\" data-end=\"6319\">Adem\u00e1s, con la industria textil mundial cada vez m\u00e1s escrutada por su huella medioambiental, la implantaci\u00f3n de soluciones avanzadas de gesti\u00f3n de residuos como nuestra prensa semiautom\u00e1tica demuestra su compromiso con las pr\u00e1cticas de producci\u00f3n responsables. Esto no solo refuerza la reputaci\u00f3n de su marca, sino que tambi\u00e9n puede abrirle las puertas a colaboraciones con compradores y partes interesadas concienciados con el medio ambiente.<\/p>\n<h3 data-start=\"6321\" data-end=\"6335\">Conclusi\u00f3n<\/h3>\n<p data-start=\"6337\" data-end=\"6649\">La prensa semiautom\u00e1tica para residuos textiles representa el futuro de la gesti\u00f3n sostenible y eficiente de residuos textiles. Su automatizaci\u00f3n, fiabilidad y versatilidad la convierten en un activo indispensable para cualquier empresa relacionada con el sector textil que pretenda optimizar los procesos de gesti\u00f3n de residuos minimizando el impacto medioambiental.<\/p>\n<p data-start=\"6651\" data-end=\"6926\">Si desea mejorar su sistema de gesti\u00f3n de residuos textiles con una prensa semiautom\u00e1tica de \u00faltima generaci\u00f3n que garantice una mayor productividad, ahorro de costes y sostenibilidad, p\u00f3ngase en contacto con nosotros hoy mismo para obtener m\u00e1s informaci\u00f3n y soluciones personalizadas adaptadas a sus necesidades espec\u00edficas.<\/p>","protected":false},"excerpt":{"rendered":"<p>La prensa semiautom\u00e1tica para residuos textiles ofrece un empacado automatizado y de alta eficiencia de restos textiles. Comprime los residuos en balas densas, reduciendo los costes de almacenamiento y transporte al tiempo que mejora la seguridad y la sostenibilidad en el lugar de trabajo. Ideal para fabricantes textiles y centros de reciclaje que buscan soluciones inteligentes para los residuos.<\/p>","protected":false},"featured_media":1943,"template":"","meta":{"site-sidebar-layout":"default","site-content-layout":"","ast-site-content-layout":"default","site-content-style":"default","site-sidebar-style":"default","ast-global-header-display":"","ast-banner-title-visibility":"","ast-main-header-display":"","ast-hfb-above-header-display":"","ast-hfb-below-header-display":"","ast-hfb-mobile-header-display":"","site-post-title":"","ast-breadcrumbs-content":"","ast-featured-img":"","footer-sml-layout":"","theme-transparent-header-meta":"default","adv-header-id-meta":"","stick-header-meta":"","header-above-stick-meta":"","header-main-stick-meta":"","header-below-stick-meta":"","astra-migrate-meta-layouts":"set","ast-page-background-enabled":"default","ast-page-background-meta":{"desktop":{"background-color":"var(--ast-global-color-5)","background-image":"","background-repeat":"repeat","background-position":"center center","background-size":"auto","background-attachment":"scroll","background-type":"","background-media":"","overlay-type":"","overlay-color":"","overlay-opacity":"","overlay-gradient":""},"tablet":{"background-color":"","background-image":"","background-repeat":"repeat","background-position":"center center","background-size":"auto","background-attachment":"scroll","background-type":"","background-media":"","overlay-type":"","overlay-color":"","overlay-opacity":"","overlay-gradient":""},"mobile":{"background-color":"","background-image":"","background-repeat":"repeat","background-position":"center center","background-size":"auto","background-attachment":"scroll","background-type":"","background-media":"","overlay-type":"","overlay-color":"","overlay-opacity":"","overlay-gradient":""}},"ast-content-background-meta":{"desktop":{"background-color":"var(--ast-global-color-4)","background-image":"","background-repeat":"repeat","background-position":"center center","background-size":"auto","background-attachment":"scroll","background-type":"","background-media":"","overlay-type":"","overlay-color":"","overlay-opacity":"","overlay-gradient":""},"tablet":{"background-color":"var(--ast-global-color-4)","background-image":"","background-repeat":"repeat","background-position":"center center","background-size":"auto","background-attachment":"scroll","background-type":"","background-media":"","overlay-type":"","overlay-color":"","overlay-opacity":"","overlay-gradient":""},"mobile":{"background-color":"var(--ast-global-color-4)","background-image":"","background-repeat":"repeat","background-position":"center center","background-size":"auto","background-attachment":"scroll","background-type":"","background-media":"","overlay-type":"","overlay-color":"","overlay-opacity":"","overlay-gradient":""}}},"product_brand":[],"product_cat":[21,153],"product_tag":[],"class_list":{"0":"post-2002","1":"product","2":"type-product","3":"status-publish","4":"has-post-thumbnail","6":"product_cat-baling-machine","7":"product_cat-horizontal-baler","8":"desktop-align-left","9":"tablet-align-left","10":"mobile-align-left","12":"first","13":"instock","14":"shipping-taxable","15":"product-type-simple"},"_links":{"self":[{"href":"https:\/\/www.gigapa.com\/es\/wp-json\/wp\/v2\/product\/2002","targetHints":{"allow":["GET"]}}],"collection":[{"href":"https:\/\/www.gigapa.com\/es\/wp-json\/wp\/v2\/product"}],"about":[{"href":"https:\/\/www.gigapa.com\/es\/wp-json\/wp\/v2\/types\/product"}],"version-history":[{"count":4,"href":"https:\/\/www.gigapa.com\/es\/wp-json\/wp\/v2\/product\/2002\/revisions"}],"predecessor-version":[{"id":2796,"href":"https:\/\/www.gigapa.com\/es\/wp-json\/wp\/v2\/product\/2002\/revisions\/2796"}],"wp:featuredmedia":[{"embeddable":true,"href":"https:\/\/www.gigapa.com\/es\/wp-json\/wp\/v2\/media\/1943"}],"wp:attachment":[{"href":"https:\/\/www.gigapa.com\/es\/wp-json\/wp\/v2\/media?parent=2002"}],"wp:term":[{"taxonomy":"product_brand","embeddable":true,"href":"https:\/\/www.gigapa.com\/es\/wp-json\/wp\/v2\/product_brand?post=2002"},{"taxonomy":"product_cat","embeddable":true,"href":"https:\/\/www.gigapa.com\/es\/wp-json\/wp\/v2\/product_cat?post=2002"},{"taxonomy":"product_tag","embeddable":true,"href":"https:\/\/www.gigapa.com\/es\/wp-json\/wp\/v2\/product_tag?post=2002"}],"curies":[{"name":"wp","href":"https:\/\/api.w.org\/{rel}","templated":true}]}}