{"id":2004,"date":"2025-06-18T08:34:31","date_gmt":"2025-06-18T00:34:31","guid":{"rendered":"https:\/\/www.gigapa.com\/?post_type=product&#038;p=2004"},"modified":"2025-10-13T09:16:39","modified_gmt":"2025-10-13T01:16:39","slug":"gfw-c-wood-shavings-machine-chain","status":"publish","type":"product","link":"https:\/\/www.gigapa.com\/es\/product\/gfw-c-wood-shavings-machine-chain\/","title":{"rendered":"GFW-C M\u00e1quina de virutas de madera\uff08Cadena\uff09"},"content":{"rendered":"<p data-start=\"227\" data-end=\"639\" data-immersive-translate-walked=\"9ec46095-6f33-46d5-a55c-91c5fae88c58\" data-immersive-translate-paragraph=\"1\">En <em data-start=\"231\" data-end=\"262\" data-immersive-translate-walked=\"9ec46095-6f33-46d5-a55c-91c5fae88c58\">M\u00e1quina de virutas de madera (cadena)<\/em> es una m\u00e1quina industrial de alto rendimiento dise\u00f1ada para producir virutas de madera limpias, uniformes y sin polvo a partir de troncos, restos de madera, ramas u otras piezas de madera. Con un sistema de alimentaci\u00f3n por cadena duradero y una estructura de corte de precisi\u00f3n, se utiliza ampliamente en la producci\u00f3n de camas para animales, la avicultura, el embalaje de madera, la preparaci\u00f3n de combustible de biomasa y las industrias de fabricaci\u00f3n a base de madera.<\/p>\n<p data-start=\"641\" data-end=\"859\" data-immersive-translate-walked=\"9ec46095-6f33-46d5-a55c-91c5fae88c58\" data-immersive-translate-paragraph=\"1\">Este modelo de cadena garantiza una alimentaci\u00f3n estable, un espesor de viruta preciso y una intensidad de trabajo reducida, por lo que es la opci\u00f3n preferida para las f\u00e1bricas que buscan una producci\u00f3n automatizada y continua de virutas de madera con un m\u00ednimo de residuos.<\/p>\n<h3 data-start=\"866\" data-end=\"913\" data-immersive-translate-walked=\"9ec46095-6f33-46d5-a55c-91c5fae88c58\" data-immersive-translate-paragraph=\"1\">\u00bfQu\u00e9 es una m\u00e1quina de virutas de madera alimentada por cadena?<\/h3>\n<p data-start=\"915\" data-end=\"1323\" data-immersive-translate-walked=\"9ec46095-6f33-46d5-a55c-91c5fae88c58\" data-immersive-translate-paragraph=\"1\">A diferencia de las m\u00e1quinas accionadas por rodillos o correas, la m\u00e1quina de virutas de madera de cadena est\u00e1 equipada con un sistema transportador de cadena que sujeta y transporta de forma segura la madera en bruto al cabezal de corte. Esta estructura evita el deslizamiento o la alimentaci\u00f3n desigual, lo que mejora directamente la consistencia de la viruta y la capacidad de producci\u00f3n. Es especialmente adecuada para procesar materiales de grano recto y segmentos de troncos de longitud fija.<\/p>\n<p data-start=\"1325\" data-end=\"1582\" data-immersive-translate-walked=\"9ec46095-6f33-46d5-a55c-91c5fae88c58\" data-immersive-translate-paragraph=\"1\">Una vez que la madera est\u00e1 sujeta por la plataforma de alimentaci\u00f3n de cadena, avanza de forma constante hacia las cuchillas giratorias de alta velocidad que afeitan la superficie capa a capa. Las virutas finales son suaves, finas y de tama\u00f1o uniforme, ideales para camas de animales o relleno de embalajes.<\/p>\n<h3 data-start=\"1589\" data-end=\"1642\" data-immersive-translate-walked=\"9ec46095-6f33-46d5-a55c-91c5fae88c58\" data-immersive-translate-paragraph=\"1\">Caracter\u00edsticas principales de la m\u00e1quina de virutas de madera (cadena)<\/h3>\n<ul data-start=\"1644\" data-end=\"2469\" data-immersive-translate-walked=\"9ec46095-6f33-46d5-a55c-91c5fae88c58\">\n<li data-start=\"1644\" data-end=\"1804\" data-immersive-translate-walked=\"9ec46095-6f33-46d5-a55c-91c5fae88c58\">\n<p data-start=\"1646\" data-end=\"1804\" data-immersive-translate-walked=\"9ec46095-6f33-46d5-a55c-91c5fae88c58\" data-immersive-translate-paragraph=\"1\">Alimentador de cadena duradero<br data-start=\"1680\" data-end=\"1683\" data-immersive-translate-walked=\"9ec46095-6f33-46d5-a55c-91c5fae88c58\" \/>Proporciona un avance suave y preciso del material, garantizando un corte uniforme y evitando que la madera en bruto se mueva durante el funcionamiento.<\/p>\n<\/li>\n<li data-start=\"1806\" data-end=\"1966\" data-immersive-translate-walked=\"9ec46095-6f33-46d5-a55c-91c5fae88c58\">\n<p data-start=\"1808\" data-end=\"1966\" data-immersive-translate-walked=\"9ec46095-6f33-46d5-a55c-91c5fae88c58\" data-immersive-translate-paragraph=\"1\">Espesor de afeitado ajustable<br data-start=\"1840\" data-end=\"1843\" data-immersive-translate-walked=\"9ec46095-6f33-46d5-a55c-91c5fae88c58\" \/>La altura y la posici\u00f3n de la cuchilla pueden ajustarse con precisi\u00f3n para lograr el grosor de afeitado deseado, que oscila entre 0,2 mm y 2 mm.<\/p>\n<\/li>\n<li data-start=\"1968\" data-end=\"2120\" data-immersive-translate-walked=\"9ec46095-6f33-46d5-a55c-91c5fae88c58\">\n<p data-start=\"1970\" data-end=\"2120\" data-immersive-translate-walked=\"9ec46095-6f33-46d5-a55c-91c5fae88c58\" data-immersive-translate-paragraph=\"1\">Sistema de cabezal de corte de alta eficiencia<br data-start=\"2007\" data-end=\"2010\" data-immersive-translate-walked=\"9ec46095-6f33-46d5-a55c-91c5fae88c58\" \/>Equipada con cuchillas de acero afiladas y resistentes al desgaste que producen virutas limpias y rizadas con baja producci\u00f3n de polvo.<\/p>\n<\/li>\n<li data-start=\"2122\" data-end=\"2300\" data-immersive-translate-walked=\"9ec46095-6f33-46d5-a55c-91c5fae88c58\">\n<p data-start=\"2124\" data-end=\"2300\" data-immersive-translate-walked=\"9ec46095-6f33-46d5-a55c-91c5fae88c58\" data-immersive-translate-paragraph=\"1\">Bastidor de alta resistencia<br data-start=\"2157\" data-end=\"2160\" data-immersive-translate-walked=\"9ec46095-6f33-46d5-a55c-91c5fae88c58\" \/>El cuerpo de la m\u00e1quina est\u00e1 fabricado con gruesas placas de acero al carbono, que proporcionan durabilidad a largo plazo y resistencia a las vibraciones en condiciones de funcionamiento continuo.<\/p>\n<\/li>\n<li data-start=\"2302\" data-end=\"2469\" data-immersive-translate-walked=\"9ec46095-6f33-46d5-a55c-91c5fae88c58\">\n<p data-start=\"2304\" data-end=\"2469\" data-immersive-translate-walked=\"9ec46095-6f33-46d5-a55c-91c5fae88c58\" data-immersive-translate-paragraph=\"1\">F\u00e1cil mantenimiento y dise\u00f1o seguro<br data-start=\"2342\" data-end=\"2345\" data-immersive-translate-walked=\"9ec46095-6f33-46d5-a55c-91c5fae88c58\" \/>Dise\u00f1ada con ranuras de sustituci\u00f3n de cuchillas de acceso r\u00e1pido, enclavamientos de seguridad y botones de parada de emergencia para la protecci\u00f3n del operario.<\/p>\n<\/li>\n<\/ul>\n<h3 data-start=\"2476\" data-end=\"2492\" data-immersive-translate-walked=\"9ec46095-6f33-46d5-a55c-91c5fae88c58\" data-immersive-translate-paragraph=\"1\">Aplicaciones<\/h3>\n<p data-start=\"2494\" data-end=\"2589\" data-immersive-translate-walked=\"9ec46095-6f33-46d5-a55c-91c5fae88c58\" data-immersive-translate-paragraph=\"1\">En <em data-start=\"2498\" data-end=\"2529\" data-immersive-translate-walked=\"9ec46095-6f33-46d5-a55c-91c5fae88c58\">M\u00e1quina de virutas de madera (cadena)<\/em> es ideal para diversos usos industriales y agr\u00edcolas:<\/p>\n<ul data-start=\"2591\" data-end=\"3207\" data-immersive-translate-walked=\"9ec46095-6f33-46d5-a55c-91c5fae88c58\">\n<li data-start=\"2591\" data-end=\"2712\" data-immersive-translate-walked=\"9ec46095-6f33-46d5-a55c-91c5fae88c58\">\n<p data-start=\"2593\" data-end=\"2712\" data-immersive-translate-walked=\"9ec46095-6f33-46d5-a55c-91c5fae88c58\" data-immersive-translate-paragraph=\"1\">Producci\u00f3n de camas para animales<br data-start=\"2622\" data-end=\"2625\" data-immersive-translate-walked=\"9ec46095-6f33-46d5-a55c-91c5fae88c58\" \/>Produce virutas suaves y sin polvo para aves de corral, caballos, vacas lecheras y peque\u00f1os animales dom\u00e9sticos.<\/p>\n<\/li>\n<li data-start=\"2714\" data-end=\"2820\" data-immersive-translate-walked=\"9ec46095-6f33-46d5-a55c-91c5fae88c58\">\n<p data-start=\"2716\" data-end=\"2820\" data-immersive-translate-walked=\"9ec46095-6f33-46d5-a55c-91c5fae88c58\" data-immersive-translate-paragraph=\"1\">Material de embalaje<br data-start=\"2738\" data-end=\"2741\" data-immersive-translate-walked=\"9ec46095-6f33-46d5-a55c-91c5fae88c58\" \/>Se utiliza como relleno amortiguador en cajones o cajas de madera para proteger mercanc\u00edas fr\u00e1giles.<\/p>\n<\/li>\n<li data-start=\"2822\" data-end=\"2946\" data-immersive-translate-walked=\"9ec46095-6f33-46d5-a55c-91c5fae88c58\">\n<p data-start=\"2824\" data-end=\"2946\" data-immersive-translate-walked=\"9ec46095-6f33-46d5-a55c-91c5fae88c58\" data-immersive-translate-paragraph=\"1\">Compostaje y biomasa<br data-start=\"2850\" data-end=\"2853\" data-immersive-translate-walked=\"9ec46095-6f33-46d5-a55c-91c5fae88c58\" \/>Convierte los residuos de madera en part\u00edculas uniformes aptas para el compostaje o el procesamiento de biocombustibles.<\/p>\n<\/li>\n<li data-start=\"2948\" data-end=\"3074\" data-immersive-translate-walked=\"9ec46095-6f33-46d5-a55c-91c5fae88c58\">\n<p data-start=\"2950\" data-end=\"3074\" data-immersive-translate-walked=\"9ec46095-6f33-46d5-a55c-91c5fae88c58\" data-immersive-translate-paragraph=\"1\">Industrias del mueble y del tablero<br data-start=\"2984\" data-end=\"2987\" data-immersive-translate-walked=\"9ec46095-6f33-46d5-a55c-91c5fae88c58\" \/>Genera virutas uniformes para la posterior producci\u00f3n de tableros de part\u00edculas o paneles aislantes.<\/p>\n<\/li>\n<li data-start=\"3076\" data-end=\"3207\" data-immersive-translate-walked=\"9ec46095-6f33-46d5-a55c-91c5fae88c58\">\n<p data-start=\"3078\" data-end=\"3207\" data-immersive-translate-walked=\"9ec46095-6f33-46d5-a55c-91c5fae88c58\" data-immersive-translate-paragraph=\"1\">Fabricaci\u00f3n de paletas de madera<br data-start=\"3109\" data-end=\"3112\" data-immersive-translate-walked=\"9ec46095-6f33-46d5-a55c-91c5fae88c58\" \/>Utiliza eficazmente la madera de desecho de pal\u00e9s y recortes, reduciendo los residuos en las l\u00edneas de producci\u00f3n.<\/p>\n<\/li>\n<\/ul>\n<h3 data-start=\"3214\" data-end=\"3243\" data-immersive-translate-walked=\"9ec46095-6f33-46d5-a55c-91c5fae88c58\" data-immersive-translate-paragraph=\"1\">Ventajas<\/h3>\n<ol data-start=\"3245\" data-end=\"3906\" data-immersive-translate-walked=\"9ec46095-6f33-46d5-a55c-91c5fae88c58\">\n<li data-start=\"3245\" data-end=\"3361\" data-immersive-translate-walked=\"9ec46095-6f33-46d5-a55c-91c5fae88c58\">\n<p data-start=\"3248\" data-end=\"3361\" data-immersive-translate-walked=\"9ec46095-6f33-46d5-a55c-91c5fae88c58\" data-immersive-translate-paragraph=\"1\">Calidad de producci\u00f3n constante<br data-start=\"3277\" data-end=\"3280\" data-immersive-translate-walked=\"9ec46095-6f33-46d5-a55c-91c5fae88c58\" \/>Obtenga virutas uniformes de primera calidad aptas para la reventa comercial o el uso final.<\/p>\n<\/li>\n<li data-start=\"3363\" data-end=\"3473\" data-immersive-translate-walked=\"9ec46095-6f33-46d5-a55c-91c5fae88c58\">\n<p data-start=\"3366\" data-end=\"3473\" data-immersive-translate-walked=\"9ec46095-6f33-46d5-a55c-91c5fae88c58\" data-immersive-translate-paragraph=\"1\">Reducci\u00f3n de los costes laborales<br data-start=\"3388\" data-end=\"3391\" data-immersive-translate-walked=\"9ec46095-6f33-46d5-a55c-91c5fae88c58\" \/>La alimentaci\u00f3n por cadena garantiza un funcionamiento semiautom\u00e1tico con menos intervenciones manuales.<\/p>\n<\/li>\n<li data-start=\"3475\" data-end=\"3611\" data-immersive-translate-walked=\"9ec46095-6f33-46d5-a55c-91c5fae88c58\">\n<p data-start=\"3478\" data-end=\"3611\" data-immersive-translate-walked=\"9ec46095-6f33-46d5-a55c-91c5fae88c58\" data-immersive-translate-paragraph=\"1\">Alta producci\u00f3n diaria<br data-start=\"3499\" data-end=\"3502\" data-immersive-translate-walked=\"9ec46095-6f33-46d5-a55c-91c5fae88c58\" \/>Capaz de procesar varios metros c\u00fabicos de madera por hora, dependiendo del tama\u00f1o de la m\u00e1quina y de las dimensiones de los troncos.<\/p>\n<\/li>\n<li data-start=\"3613\" data-end=\"3757\" data-immersive-translate-walked=\"9ec46095-6f33-46d5-a55c-91c5fae88c58\">\n<p data-start=\"3616\" data-end=\"3757\" data-immersive-translate-walked=\"9ec46095-6f33-46d5-a55c-91c5fae88c58\" data-immersive-translate-paragraph=\"1\">Adaptable a sus necesidades<br data-start=\"3646\" data-end=\"3649\" data-immersive-translate-walked=\"9ec46095-6f33-46d5-a55c-91c5fae88c58\" \/>M\u00faltiples modelos disponibles con diferentes espesores de rasurado, tama\u00f1os de alimentaci\u00f3n y configuraciones de potencia del motor.<\/p>\n<\/li>\n<li data-start=\"3759\" data-end=\"3906\" data-immersive-translate-walked=\"9ec46095-6f33-46d5-a55c-91c5fae88c58\">\n<p data-start=\"3762\" data-end=\"3906\" data-immersive-translate-walked=\"9ec46095-6f33-46d5-a55c-91c5fae88c58\" data-immersive-translate-paragraph=\"1\">Bajo mantenimiento, alto retorno de la inversi\u00f3n<br data-start=\"3791\" data-end=\"3794\" data-immersive-translate-walked=\"9ec46095-6f33-46d5-a55c-91c5fae88c58\" \/>Dise\u00f1ada para ofrecer una larga vida \u00fatil con piezas de desgaste f\u00e1ciles de sustituir, lo que reduce el tiempo de inactividad y el coste total de propiedad.<\/p>\n<\/li>\n<\/ol>\n<h3 data-start=\"84\" data-end=\"137\" data-immersive-translate-walked=\"0ff46864-e9bc-4926-86d7-982219388fa6\" data-immersive-translate-paragraph=\"1\">Disponible en modelos de alimentaci\u00f3n por cadena e hidr\u00e1ulicos<\/h3>\n<p data-start=\"139\" data-end=\"537\" data-immersive-translate-walked=\"0ff46864-e9bc-4926-86d7-982219388fa6\" data-immersive-translate-paragraph=\"1\">Adem\u00e1s de la versi\u00f3n con alimentaci\u00f3n por cadena, tambi\u00e9n ofrecemos una m\u00e1quina hidr\u00e1ulica para virutas de madera, que proporciona a\u00fan m\u00e1s flexibilidad para diferentes entornos de producci\u00f3n y necesidades de manipulaci\u00f3n del material. La versi\u00f3n hidr\u00e1ulica est\u00e1 equipada con un sistema de empuje hidr\u00e1ulico que presiona el material de madera hacia delante en el cabezal de corte, garantizando una alimentaci\u00f3n estable, especialmente para bloques de madera irregulares o m\u00e1s cortos.<\/p>\n<h4 data-start=\"539\" data-end=\"580\" data-immersive-translate-walked=\"0ff46864-e9bc-4926-86d7-982219388fa6\" data-immersive-translate-paragraph=\"1\">Principales ventajas del modelo hidr\u00e1ulico:<\/h4>\n<ul>\n<li data-start=\"584\" data-end=\"691\" data-immersive-translate-walked=\"0ff46864-e9bc-4926-86d7-982219388fa6\" data-immersive-translate-paragraph=\"1\">Alimentaci\u00f3n m\u00e1s adaptable: Ideal para formas de madera no uniformes como bloques, troncos cortos o restos de madera.<\/li>\n<li data-start=\"694\" data-end=\"793\" data-immersive-translate-walked=\"0ff46864-e9bc-4926-86d7-982219388fa6\" data-immersive-translate-paragraph=\"1\">Tama\u00f1o compacto: Optimizada para un espacio de taller limitado sin sacrificar el rendimiento de salida.<\/li>\n<li data-start=\"796\" data-end=\"902\" data-immersive-translate-walked=\"0ff46864-e9bc-4926-86d7-982219388fa6\" data-immersive-translate-paragraph=\"1\">Funcionamiento silencioso y suave: La alimentaci\u00f3n hidr\u00e1ulica proporciona un movimiento m\u00e1s suave con menos vibraciones y ruido.<\/li>\n<li data-start=\"905\" data-end=\"1036\" data-immersive-translate-walked=\"0ff46864-e9bc-4926-86d7-982219388fa6\" data-immersive-translate-paragraph=\"1\">F\u00e1cil manejo y mantenimiento: Los sencillos controles hidr\u00e1ulicos y el menor n\u00famero de piezas m\u00f3viles reducen la carga de trabajo del operador y el tiempo de mantenimiento.<\/li>\n<\/ul>\n<p data-start=\"1038\" data-end=\"1227\" data-immersive-translate-walked=\"0ff46864-e9bc-4926-86d7-982219388fa6\" data-immersive-translate-paragraph=\"1\">Esta doble oferta -rasuradoras de cadena e hidr\u00e1ulicas- permite a los clientes elegir la m\u00e1quina m\u00e1s adecuada en funci\u00f3n del tipo de material, el volumen de producci\u00f3n y los requisitos de automatizaci\u00f3n.<\/p>","protected":false},"excerpt":{"rendered":"<p>Nuestras m\u00e1quinas de virutas de madera est\u00e1n disponibles en modelos hidr\u00e1ulicos y de alimentaci\u00f3n por cadena, dise\u00f1ados para manipular distintos tipos y tama\u00f1os de madera. Producen virutas limpias y uniformes ideales para camas de animales, embalajes y combustible de biomasa. Construidas con materiales duraderos y cuchillas eficientes, estas m\u00e1quinas garantizan una alta productividad, un bajo mantenimiento y un funcionamiento seguro en entornos industriales.<\/p>","protected":false},"featured_media":1942,"template":"","meta":{"site-sidebar-layout":"default","site-content-layout":"","ast-site-content-layout":"default","site-content-style":"default","site-sidebar-style":"default","ast-global-header-display":"","ast-banner-title-visibility":"","ast-main-header-display":"","ast-hfb-above-header-display":"","ast-hfb-below-header-display":"","ast-hfb-mobile-header-display":"","site-post-title":"","ast-breadcrumbs-content":"","ast-featured-img":"","footer-sml-layout":"","ast-disable-related-posts":"","theme-transparent-header-meta":"default","adv-header-id-meta":"","stick-header-meta":"","header-above-stick-meta":"","header-main-stick-meta":"","header-below-stick-meta":"","astra-migrate-meta-layouts":"set","ast-page-background-enabled":"default","ast-page-background-meta":{"desktop":{"background-color":"var(--ast-global-color-5)","background-image":"","background-repeat":"repeat","background-position":"center center","background-size":"auto","background-attachment":"scroll","background-type":"","background-media":"","overlay-type":"","overlay-color":"","overlay-opacity":"","overlay-gradient":""},"tablet":{"background-color":"","background-image":"","background-repeat":"repeat","background-position":"center center","background-size":"auto","background-attachment":"scroll","background-type":"","background-media":"","overlay-type":"","overlay-color":"","overlay-opacity":"","overlay-gradient":""},"mobile":{"background-color":"","background-image":"","background-repeat":"repeat","background-position":"center center","background-size":"auto","background-attachment":"scroll","background-type":"","background-media":"","overlay-type":"","overlay-color":"","overlay-opacity":"","overlay-gradient":""}},"ast-content-background-meta":{"desktop":{"background-color":"var(--ast-global-color-4)","background-image":"","background-repeat":"repeat","background-position":"center center","background-size":"auto","background-attachment":"scroll","background-type":"","background-media":"","overlay-type":"","overlay-color":"","overlay-opacity":"","overlay-gradient":""},"tablet":{"background-color":"var(--ast-global-color-4)","background-image":"","background-repeat":"repeat","background-position":"center center","background-size":"auto","background-attachment":"scroll","background-type":"","background-media":"","overlay-type":"","overlay-color":"","overlay-opacity":"","overlay-gradient":""},"mobile":{"background-color":"var(--ast-global-color-4)","background-image":"","background-repeat":"repeat","background-position":"center center","background-size":"auto","background-attachment":"scroll","background-type":"","background-media":"","overlay-type":"","overlay-color":"","overlay-opacity":"","overlay-gradient":""}}},"product_brand":[],"product_cat":[20,150],"product_tag":[],"class_list":{"0":"post-2004","1":"product","2":"type-product","3":"status-publish","4":"has-post-thumbnail","6":"product_cat-shredding-and-crushing-machine","7":"product_cat-wood-shavings-machine","8":"desktop-align-left","9":"tablet-align-left","10":"mobile-align-left","12":"first","13":"instock","14":"shipping-taxable","15":"product-type-simple"},"_links":{"self":[{"href":"https:\/\/www.gigapa.com\/es\/wp-json\/wp\/v2\/product\/2004","targetHints":{"allow":["GET"]}}],"collection":[{"href":"https:\/\/www.gigapa.com\/es\/wp-json\/wp\/v2\/product"}],"about":[{"href":"https:\/\/www.gigapa.com\/es\/wp-json\/wp\/v2\/types\/product"}],"version-history":[{"count":3,"href":"https:\/\/www.gigapa.com\/es\/wp-json\/wp\/v2\/product\/2004\/revisions"}],"predecessor-version":[{"id":2132,"href":"https:\/\/www.gigapa.com\/es\/wp-json\/wp\/v2\/product\/2004\/revisions\/2132"}],"wp:featuredmedia":[{"embeddable":true,"href":"https:\/\/www.gigapa.com\/es\/wp-json\/wp\/v2\/media\/1942"}],"wp:attachment":[{"href":"https:\/\/www.gigapa.com\/es\/wp-json\/wp\/v2\/media?parent=2004"}],"wp:term":[{"taxonomy":"product_brand","embeddable":true,"href":"https:\/\/www.gigapa.com\/es\/wp-json\/wp\/v2\/product_brand?post=2004"},{"taxonomy":"product_cat","embeddable":true,"href":"https:\/\/www.gigapa.com\/es\/wp-json\/wp\/v2\/product_cat?post=2004"},{"taxonomy":"product_tag","embeddable":true,"href":"https:\/\/www.gigapa.com\/es\/wp-json\/wp\/v2\/product_tag?post=2004"}],"curies":[{"name":"wp","href":"https:\/\/api.w.org\/{rel}","templated":true}]}}