{"id":2006,"date":"2025-06-18T08:26:33","date_gmt":"2025-06-18T00:26:33","guid":{"rendered":"https:\/\/www.gigapa.com\/?post_type=product&#038;p=2006"},"modified":"2025-10-13T09:16:48","modified_gmt":"2025-10-13T01:16:48","slug":"hopper-type-metal-baler","status":"publish","type":"product","link":"https:\/\/www.gigapa.com\/es\/product\/hopper-type-metal-baler\/","title":{"rendered":"Prensa embaladora de metales con tolva"},"content":{"rendered":"<p data-start=\"200\" data-end=\"629\">La prensa para metales con tolva es una prensa de alta eficiencia dise\u00f1ada para manipular grandes vol\u00famenes de chatarra con un m\u00ednimo de mano de obra. Esta empacadora de alta resistencia est\u00e1 equipada con un sistema de alimentaci\u00f3n de tolva que permite la carga continua y autom\u00e1tica de material, lo que la convierte en la opci\u00f3n ideal para instalaciones de reciclaje, dep\u00f3sitos de chatarra, plantas de procesamiento de acero y fabricantes industriales que buscan optimizar su proceso de manipulaci\u00f3n de residuos met\u00e1licos.<\/p>\n<p data-start=\"631\" data-end=\"1056\">A diferencia de las empacadoras de metal tradicionales, que requieren alimentaci\u00f3n manual, la empacadora de tipo tolva utiliza una gran tolva para recibir autom\u00e1ticamente la chatarra procedente de cintas transportadoras, carretillas elevadoras o gr\u00faas. Una vez que el metal entra en la c\u00e1mara, la m\u00e1quina utiliza potentes cilindros hidr\u00e1ulicos para comprimir el material en balas densas y manejables. Este sistema automatizado mejora significativamente la eficacia operativa, reduce los costes de mano de obra y maximiza la producci\u00f3n.<\/p>\n<h3 data-start=\"1058\" data-end=\"1106\">Caracter\u00edsticas principales de la empacadora de pacas met\u00e1licas tipo tolva:<\/h3>\n<ul>\n<li data-start=\"1110\" data-end=\"1341\">Alimentaci\u00f3n autom\u00e1tica de la tolva: La tolva integrada permite la alimentaci\u00f3n continua de chatarra met\u00e1lica sin intervenci\u00f3n manual. Esto resulta especialmente \u00fatil para instalaciones que generan grandes vol\u00famenes de recortes, recortes o virutas.<\/li>\n<li data-start=\"1344\" data-end=\"1507\">Sistema hidr\u00e1ulico robusto: Equipada con cilindros hidr\u00e1ulicos de alta presi\u00f3n, la prensa comprime los desechos met\u00e1licos en bloques compactos de densidad y forma uniformes.<\/li>\n<li data-start=\"1510\" data-end=\"1650\">Bastidor resistente: Fabricado en acero resistente al desgaste, el bastidor ofrece una resistencia y durabilidad superiores para un uso industrial a largo plazo.<\/li>\n<li data-start=\"1653\" data-end=\"1806\">Sistema de control PLC: La interfaz f\u00e1cil de usar con el controlador l\u00f3gico programable (PLC) permite la automatizaci\u00f3n completa y el control preciso del proceso de empacado.<\/li>\n<li data-start=\"1809\" data-end=\"1967\">Tama\u00f1o de bala personalizable: Las dimensiones de las balas de salida se pueden personalizar para satisfacer los requisitos del cliente, lo que garantiza la compatibilidad con los sistemas de transporte y almacenamiento.<\/li>\n<li data-start=\"1970\" data-end=\"2082\">Dise\u00f1o de seguridad: Los enclavamientos de seguridad incorporados y las funciones de parada de emergencia garantizan la protecci\u00f3n del operador durante el uso.<\/li>\n<\/ul>\n<h3 data-start=\"2084\" data-end=\"2101\">Aplicaciones:<\/h3>\n<p data-start=\"2103\" data-end=\"2226\">La prensa para metales tipo tolva es adecuada para una amplia gama de operaciones de reciclaje de chatarra, entre las que se incluyen:<\/p>\n<ul>\n<li data-start=\"2229\" data-end=\"2244\">Acer\u00edas<\/li>\n<li data-start=\"2247\" data-end=\"2285\">Plantas de reciclaje de metales no f\u00e9rreos<\/li>\n<li data-start=\"2288\" data-end=\"2320\">F\u00e1bricas de extrusi\u00f3n de aluminio<\/li>\n<li data-start=\"2323\" data-end=\"2356\">Fabricantes de piezas para autom\u00f3viles<\/li>\n<li data-start=\"2359\" data-end=\"2387\">Talleres de estampaci\u00f3n met\u00e1lica<\/li>\n<li data-start=\"2390\" data-end=\"2441\">Centros de mecanizado y plantas de fabricaci\u00f3n de herramientas<\/li>\n<\/ul>\n<p data-start=\"2443\" data-end=\"2476\">Puede procesar materiales como:<\/p>\n<ul>\n<li data-start=\"2479\" data-end=\"2494\">Chatarra de aluminio<\/li>\n<li data-start=\"2497\" data-end=\"2519\">Cables y tuber\u00edas de cobre<\/li>\n<li data-start=\"2522\" data-end=\"2537\">Guarniciones de acero<\/li>\n<li data-start=\"2540\" data-end=\"2562\">Desechos de acero inoxidable<\/li>\n<li data-start=\"2565\" data-end=\"2578\">Virutas de hierro<\/li>\n<li data-start=\"2581\" data-end=\"2599\">Piezas met\u00e1licas de aleaci\u00f3n<\/li>\n<\/ul>\n<p data-start=\"2601\" data-end=\"2799\">Al convertir los residuos met\u00e1licos sueltos en balas de alta densidad, esta m\u00e1quina ayuda a las empresas a ahorrar en costes de transporte y almacenamiento, al tiempo que mejora el valor de la chatarra cuando se vende a fundiciones o procesadores de metales.<\/p>\n<h3 data-start=\"2801\" data-end=\"2853\">Ventajas del uso de nuestras prensas embaladoras de metal tipo tolva:<\/h3>\n<ol>\n<li data-start=\"2858\" data-end=\"2993\">Ahorro de mano de obra: La alimentaci\u00f3n autom\u00e1tica significa que se necesitan menos trabajadores para gestionar el proceso de empacado, liberando mano de obra para otras tareas.<\/li>\n<li data-start=\"2997\" data-end=\"3145\">Eficiencia en el tiempo: El funcionamiento m\u00e1s r\u00e1pido y el dise\u00f1o de alimentaci\u00f3n continua aumentan significativamente la productividad, lo que permite procesar m\u00e1s chatarra en menos tiempo.<\/li>\n<li data-start=\"3149\" data-end=\"3278\">Ahorro de espacio: Las balas comprimidas ocupan mucho menos espacio que las met\u00e1licas sueltas, lo que optimiza el almacenamiento en almacenes y contenedores.<\/li>\n<li data-start=\"3282\" data-end=\"3391\">Mayor valor de reventa: Las balas densas y uniformes son m\u00e1s f\u00e1ciles de manejar y m\u00e1s valiosas en el mercado del reciclaje.<\/li>\n<li data-start=\"3395\" data-end=\"3527\">Cumplimiento de la normativa medioambiental: Ayuda a cumplir las normas de protecci\u00f3n del medio ambiente fomentando la gesti\u00f3n sostenible de residuos y el reciclaje.<\/li>\n<\/ol>\n<h3 data-start=\"3529\" data-end=\"3572\">\u00bfPor qu\u00e9 elegir nuestras prensas embaladoras de metal tipo tolva?<\/h3>\n<p data-start=\"3574\" data-end=\"3859\">Contamos con a\u00f1os de experiencia en el dise\u00f1o y la fabricaci\u00f3n de equipos de empacado para aplicaciones industriales y comerciales. Nuestras prensas met\u00e1licas tipo tolva est\u00e1n dise\u00f1adas con precisi\u00f3n, utilizando materiales de alta calidad y componentes fiables para garantizar un rendimiento estable en entornos exigentes.<\/p>\n<p data-start=\"3861\" data-end=\"4149\">Tambi\u00e9n ofrecemos servicios de personalizaci\u00f3n para adaptarnos a su dise\u00f1o de producci\u00f3n y a sus necesidades de reciclaje, incluidos los ajustes del tama\u00f1o de la tolva, las dimensiones de las balas y la potencia del motor. Para garantizar la satisfacci\u00f3n del cliente, le ofrecemos asistencia t\u00e9cnica completa, orientaci\u00f3n para la instalaci\u00f3n y servicio posventa.<\/p>\n<h3 data-start=\"4156\" data-end=\"4170\">Conclusi\u00f3n<\/h3>\n<p data-start=\"4172\" data-end=\"4584\">La prensa de metales con tolva es un equipo esencial para cualquier empresa que trabaje con grandes vol\u00famenes de chatarra met\u00e1lica. Con su alimentaci\u00f3n automatizada, su potente compresi\u00f3n hidr\u00e1ulica y su dise\u00f1o de alta resistencia, esta m\u00e1quina ofrece una eficiencia y fiabilidad inigualables. Tanto si procesa residuos de aluminio, cobre o acero, nuestra prensa le ayuda a reducir costes, agilizar las operaciones y aumentar la rentabilidad.<\/p>","protected":false},"excerpt":{"rendered":"<p>La prensa para metales con tolva ofrece una potente compactaci\u00f3n para el procesamiento de chatarra. Su dise\u00f1o de tolva abierta permite la alimentaci\u00f3n continua de chatarra de acero, aluminio y cobre, mientras que la presi\u00f3n hidr\u00e1ulica de 50-200T crea balas densas y apilables (hasta 800 kg\/m\u00b3). Entre sus caracter\u00edsticas se incluyen la carga autom\u00e1tica, el control PLC y la protecci\u00f3n contra sobrecargas, lo que reduce los costes de mano de obra en 60%. Perfecta para desguaces, fundiciones y plantas de reciclaje.<\/p>","protected":false},"featured_media":1941,"template":"","meta":{"site-sidebar-layout":"default","site-content-layout":"","ast-site-content-layout":"default","site-content-style":"default","site-sidebar-style":"default","ast-global-header-display":"","ast-banner-title-visibility":"","ast-main-header-display":"","ast-hfb-above-header-display":"","ast-hfb-below-header-display":"","ast-hfb-mobile-header-display":"","site-post-title":"","ast-breadcrumbs-content":"","ast-featured-img":"","footer-sml-layout":"","ast-disable-related-posts":"","theme-transparent-header-meta":"default","adv-header-id-meta":"","stick-header-meta":"","header-above-stick-meta":"","header-main-stick-meta":"","header-below-stick-meta":"","astra-migrate-meta-layouts":"set","ast-page-background-enabled":"default","ast-page-background-meta":{"desktop":{"background-color":"var(--ast-global-color-5)","background-image":"","background-repeat":"repeat","background-position":"center center","background-size":"auto","background-attachment":"scroll","background-type":"","background-media":"","overlay-type":"","overlay-color":"","overlay-opacity":"","overlay-gradient":""},"tablet":{"background-color":"","background-image":"","background-repeat":"repeat","background-position":"center center","background-size":"auto","background-attachment":"scroll","background-type":"","background-media":"","overlay-type":"","overlay-color":"","overlay-opacity":"","overlay-gradient":""},"mobile":{"background-color":"","background-image":"","background-repeat":"repeat","background-position":"center center","background-size":"auto","background-attachment":"scroll","background-type":"","background-media":"","overlay-type":"","overlay-color":"","overlay-opacity":"","overlay-gradient":""}},"ast-content-background-meta":{"desktop":{"background-color":"var(--ast-global-color-4)","background-image":"","background-repeat":"repeat","background-position":"center center","background-size":"auto","background-attachment":"scroll","background-type":"","background-media":"","overlay-type":"","overlay-color":"","overlay-opacity":"","overlay-gradient":""},"tablet":{"background-color":"var(--ast-global-color-4)","background-image":"","background-repeat":"repeat","background-position":"center center","background-size":"auto","background-attachment":"scroll","background-type":"","background-media":"","overlay-type":"","overlay-color":"","overlay-opacity":"","overlay-gradient":""},"mobile":{"background-color":"var(--ast-global-color-4)","background-image":"","background-repeat":"repeat","background-position":"center center","background-size":"auto","background-attachment":"scroll","background-type":"","background-media":"","overlay-type":"","overlay-color":"","overlay-opacity":"","overlay-gradient":""}}},"product_brand":[],"product_cat":[21,155],"product_tag":[],"class_list":{"0":"post-2006","1":"product","2":"type-product","3":"status-publish","4":"has-post-thumbnail","6":"product_cat-baling-machine","7":"product_cat-metal-baler","8":"desktop-align-left","9":"tablet-align-left","10":"mobile-align-left","12":"first","13":"instock","14":"shipping-taxable","15":"product-type-simple"},"_links":{"self":[{"href":"https:\/\/www.gigapa.com\/es\/wp-json\/wp\/v2\/product\/2006","targetHints":{"allow":["GET"]}}],"collection":[{"href":"https:\/\/www.gigapa.com\/es\/wp-json\/wp\/v2\/product"}],"about":[{"href":"https:\/\/www.gigapa.com\/es\/wp-json\/wp\/v2\/types\/product"}],"version-history":[{"count":3,"href":"https:\/\/www.gigapa.com\/es\/wp-json\/wp\/v2\/product\/2006\/revisions"}],"predecessor-version":[{"id":2150,"href":"https:\/\/www.gigapa.com\/es\/wp-json\/wp\/v2\/product\/2006\/revisions\/2150"}],"wp:featuredmedia":[{"embeddable":true,"href":"https:\/\/www.gigapa.com\/es\/wp-json\/wp\/v2\/media\/1941"}],"wp:attachment":[{"href":"https:\/\/www.gigapa.com\/es\/wp-json\/wp\/v2\/media?parent=2006"}],"wp:term":[{"taxonomy":"product_brand","embeddable":true,"href":"https:\/\/www.gigapa.com\/es\/wp-json\/wp\/v2\/product_brand?post=2006"},{"taxonomy":"product_cat","embeddable":true,"href":"https:\/\/www.gigapa.com\/es\/wp-json\/wp\/v2\/product_cat?post=2006"},{"taxonomy":"product_tag","embeddable":true,"href":"https:\/\/www.gigapa.com\/es\/wp-json\/wp\/v2\/product_tag?post=2006"}],"curies":[{"name":"wp","href":"https:\/\/api.w.org\/{rel}","templated":true}]}}