{"id":2012,"date":"2025-06-17T16:08:51","date_gmt":"2025-06-17T08:08:51","guid":{"rendered":"https:\/\/www.gigapa.com\/?post_type=product&#038;p=2012"},"modified":"2025-10-13T09:17:02","modified_gmt":"2025-10-13T01:17:02","slug":"dual-shaft-shredder-for-waste-recycling","status":"publish","type":"product","link":"https:\/\/www.gigapa.com\/es\/product\/dual-shaft-shredder-for-waste-recycling\/","title":{"rendered":"Trituradora de doble eje para el reciclaje de residuos"},"content":{"rendered":"<p data-start=\"212\" data-end=\"598\" data-immersive-translate-walked=\"cc814a56-c726-41fa-87f3-90e3d83f536c\" data-immersive-translate-paragraph=\"1\">La trituradora de doble eje para reciclaje de residuos es una m\u00e1quina muy vers\u00e1til y robusta dise\u00f1ada para manipular una amplia variedad de materiales de desecho. Construida con componentes de calidad industrial y dise\u00f1ada para ofrecer la m\u00e1xima eficiencia, esta trituradora de doble eje es la soluci\u00f3n ideal para las industrias que buscan reducir el volumen de residuos, mejorar la eficiencia del reciclaje y garantizar el cumplimiento de la normativa medioambiental.<\/p>\n<h3 data-start=\"600\" data-end=\"657\" data-immersive-translate-walked=\"cc814a56-c726-41fa-87f3-90e3d83f536c\" data-immersive-translate-paragraph=\"1\">Rendimiento inigualable para el tratamiento de residuos pesados<\/h3>\n<p data-start=\"659\" data-end=\"1132\" data-immersive-translate-walked=\"cc814a56-c726-41fa-87f3-90e3d83f536c\" data-immersive-translate-paragraph=\"1\">En el n\u00facleo de esta trituradora hay dos ejes contrarrotantes equipados con motores de alto par y baja velocidad. Este dise\u00f1o permite a la trituradora procesar con facilidad incluso los materiales m\u00e1s duros, como bidones de pl\u00e1stico, chatarra met\u00e1lica, residuos electr\u00f3nicos, pal\u00e9s de madera, neum\u00e1ticos de caucho, textiles y residuos s\u00f3lidos urbanos (RSU). El funcionamiento a baja velocidad minimiza el ruido y la generaci\u00f3n de polvo a la vez que evita atascos y sobrecalentamientos, lo que la hace ideal para un funcionamiento continuo en entornos exigentes.<\/p>\n<h3 data-start=\"1134\" data-end=\"1182\" data-immersive-translate-walked=\"cc814a56-c726-41fa-87f3-90e3d83f536c\" data-immersive-translate-paragraph=\"1\">Construcci\u00f3n duradera, dise\u00f1ada para durar<\/h3>\n<p data-start=\"1184\" data-end=\"1556\" data-immersive-translate-walked=\"cc814a56-c726-41fa-87f3-90e3d83f536c\" data-immersive-translate-paragraph=\"1\">La trituradora de doble eje para el reciclaje de residuos est\u00e1 construida con una carcasa de acero de alta resistencia y cuchillas resistentes al desgaste que garantizan una larga durabilidad. Las cuchillas est\u00e1n fabricadas en acero endurecido de alta aleaci\u00f3n y son totalmente reemplazables, lo que reduce los costes de mantenimiento y el tiempo de inactividad. La caja de engranajes y el motor est\u00e1n integrados para ofrecer un rendimiento compacto y una transmisi\u00f3n de potencia optimizada.<\/p>\n<h3 data-start=\"1558\" data-end=\"1602\" data-immersive-translate-walked=\"cc814a56-c726-41fa-87f3-90e3d83f536c\" data-immersive-translate-paragraph=\"1\">Aplicaciones vers\u00e1tiles en todos los sectores<\/h3>\n<p data-start=\"1604\" data-end=\"1774\" data-immersive-translate-walked=\"cc814a56-c726-41fa-87f3-90e3d83f536c\" data-immersive-translate-paragraph=\"1\">Esta trituradora de doble eje se utiliza ampliamente en plantas de reciclaje, instalaciones de fabricaci\u00f3n, plantas de conversi\u00f3n de residuos en energ\u00eda y almacenes log\u00edsticos. Admite aplicaciones como:<\/p>\n<ul>\n<li data-start=\"1778\" data-end=\"1842\" data-immersive-translate-walked=\"cc814a56-c726-41fa-87f3-90e3d83f536c\" data-immersive-translate-paragraph=\"1\">Reciclaje de pl\u00e1sticos: trituraci\u00f3n de HDPE, PP, PET, PVC, etc.<\/li>\n<li data-start=\"1845\" data-end=\"1917\" data-immersive-translate-walked=\"cc814a56-c726-41fa-87f3-90e3d83f536c\" data-immersive-translate-paragraph=\"1\">Reciclado de metales: manipulaci\u00f3n de materiales ferrosos y no ferrosos ligeros<\/li>\n<li data-start=\"1920\" data-end=\"2010\" data-immersive-translate-walked=\"cc814a56-c726-41fa-87f3-90e3d83f536c\" data-immersive-translate-paragraph=\"1\">Residuos electr\u00f3nicos (e-waste) - desmantelamiento de placas de circuitos, cables y peque\u00f1os electrodom\u00e9sticos.<\/li>\n<li data-start=\"2013\" data-end=\"2082\" data-immersive-translate-walked=\"cc814a56-c726-41fa-87f3-90e3d83f536c\" data-immersive-translate-paragraph=\"1\">Tratamiento del caucho: trituraci\u00f3n de neum\u00e1ticos y planchas de caucho para su reutilizaci\u00f3n<\/li>\n<li data-start=\"2085\" data-end=\"2148\" data-immersive-translate-walked=\"cc814a56-c726-41fa-87f3-90e3d83f536c\" data-immersive-translate-paragraph=\"1\">Reciclaje de madera: descomposici\u00f3n de pal\u00e9s y embalajes de madera<\/li>\n<li data-start=\"2151\" data-end=\"2230\" data-immersive-translate-walked=\"cc814a56-c726-41fa-87f3-90e3d83f536c\" data-immersive-translate-paragraph=\"1\">Trituraci\u00f3n textil: reducci\u00f3n de ropa vieja, telas y materiales no tejidos<\/li>\n<\/ul>\n<h3 data-start=\"2232\" data-end=\"2276\" data-immersive-translate-walked=\"cc814a56-c726-41fa-87f3-90e3d83f536c\" data-immersive-translate-paragraph=\"1\">Controles inteligentes y funciones de seguridad<\/h3>\n<p data-start=\"2278\" data-end=\"2670\" data-immersive-translate-walked=\"cc814a56-c726-41fa-87f3-90e3d83f536c\" data-immersive-translate-paragraph=\"1\">Equipada con un panel de control f\u00e1cil de usar y un sistema PLC, la trituradora permite a los operadores ajustar la configuraci\u00f3n f\u00e1cilmente y supervisar las operaciones en tiempo real. Cuenta con protecci\u00f3n autom\u00e1tica contra sobrecargas, botones de parada de emergencia y funci\u00f3n de rotaci\u00f3n inversa para evitar da\u00f1os por bloqueos inesperados. Estas caracter\u00edsticas de seguridad garantizan un funcionamiento seguro y protegen tanto a la m\u00e1quina como al operador.<\/p>\n<h3 data-start=\"2672\" data-end=\"2713\" data-immersive-translate-walked=\"cc814a56-c726-41fa-87f3-90e3d83f536c\" data-immersive-translate-paragraph=\"1\">Soluci\u00f3n ecol\u00f3gica de reducci\u00f3n de residuos<\/h3>\n<p data-start=\"2715\" data-end=\"3126\" data-immersive-translate-walked=\"cc814a56-c726-41fa-87f3-90e3d83f536c\" data-immersive-translate-paragraph=\"1\">La trituradora de doble eje para el reciclaje de residuos desempe\u00f1a un papel crucial en la minimizaci\u00f3n de los residuos en vertederos y la maximizaci\u00f3n de la recuperaci\u00f3n de materiales. Al descomponer eficazmente los residuos voluminosos en piezas m\u00e1s peque\u00f1as y manejables, simplifica el procesamiento posterior y ayuda a cumplir las normas medioambientales. Las empresas que buscan reducir su huella de carbono y promover una econom\u00eda circular encontrar\u00e1n en esta trituradora un activo esencial.<\/p>\n<h3 data-start=\"3128\" data-end=\"3174\" data-immersive-translate-walked=\"cc814a56-c726-41fa-87f3-90e3d83f536c\" data-immersive-translate-paragraph=\"1\">F\u00e1cil mantenimiento y opciones de personalizaci\u00f3n<\/h3>\n<p data-start=\"3176\" data-end=\"3598\" data-immersive-translate-walked=\"cc814a56-c726-41fa-87f3-90e3d83f536c\" data-immersive-translate-paragraph=\"1\">La trituradora est\u00e1 dise\u00f1ada pensando en la accesibilidad, lo que permite una r\u00e1pida sustituci\u00f3n de las cuchillas y limpieza interna. Est\u00e1 disponible en varios modelos con configuraciones personalizables como la anchura de las cuchillas, la potencia del motor, el tama\u00f1o de la tolva y las opciones de descarga para adaptarse a las necesidades espec\u00edficas de reciclaje. Tanto si opera una peque\u00f1a planta de reciclaje como una instalaci\u00f3n industrial a gran escala, esta trituradora puede adaptarse a sus requisitos exactos.<\/p>\n<h3 data-start=\"3605\" data-end=\"3664\" data-immersive-translate-walked=\"cc814a56-c726-41fa-87f3-90e3d83f536c\">\u00bfPor qu\u00e9 elegir nuestra trituradora de doble eje para el reciclaje de residuos?<\/h3>\n<ul data-start=\"3666\" data-end=\"3975\" data-immersive-translate-walked=\"cc814a56-c726-41fa-87f3-90e3d83f536c\">\n<li data-start=\"3666\" data-end=\"3739\" data-immersive-translate-walked=\"cc814a56-c726-41fa-87f3-90e3d83f536c\">\n<p data-start=\"3668\" data-end=\"3739\" data-immersive-translate-walked=\"cc814a56-c726-41fa-87f3-90e3d83f536c\">Trituraci\u00f3n de alto par y baja velocidad para una potencia y precisi\u00f3n superiores<\/p>\n<\/li>\n<li data-start=\"3740\" data-end=\"3788\" data-immersive-translate-walked=\"cc814a56-c726-41fa-87f3-90e3d83f536c\">\n<p data-start=\"3742\" data-end=\"3788\" data-immersive-translate-walked=\"cc814a56-c726-41fa-87f3-90e3d83f536c\">Maneja una amplia gama de materiales de desecho<\/p>\n<\/li>\n<li data-start=\"3789\" data-end=\"3848\" data-immersive-translate-walked=\"cc814a56-c726-41fa-87f3-90e3d83f536c\">\n<p data-start=\"3791\" data-end=\"3848\" data-immersive-translate-walked=\"cc814a56-c726-41fa-87f3-90e3d83f536c\">Dise\u00f1ada para reducir al m\u00ednimo el tiempo de inactividad y el mantenimiento<\/p>\n<\/li>\n<li data-start=\"3849\" data-end=\"3912\" data-immersive-translate-walked=\"cc814a56-c726-41fa-87f3-90e3d83f536c\">\n<p data-start=\"3851\" data-end=\"3912\" data-immersive-translate-walked=\"cc814a56-c726-41fa-87f3-90e3d83f536c\">Apoya las iniciativas ecol\u00f3gicas y los objetivos de minimizaci\u00f3n de residuos<\/p>\n<\/li>\n<li data-start=\"3913\" data-end=\"3975\" data-immersive-translate-walked=\"cc814a56-c726-41fa-87f3-90e3d83f536c\">\n<p data-start=\"3915\" data-end=\"3975\" data-immersive-translate-walked=\"cc814a56-c726-41fa-87f3-90e3d83f536c\">Cumple las normas internacionales de calidad y seguridad<\/p>\n<\/li>\n<\/ul>\n<h3 data-start=\"3982\" data-end=\"3996\" data-immersive-translate-walked=\"cc814a56-c726-41fa-87f3-90e3d83f536c\">Conclusi\u00f3n<\/h3>\n<p data-start=\"3998\" data-end=\"4396\" data-immersive-translate-walked=\"cc814a56-c726-41fa-87f3-90e3d83f536c\" data-immersive-translate-paragraph=\"1\">Si busca una soluci\u00f3n fiable y de alto rendimiento para procesar residuos de forma rentable y responsable con el medio ambiente, la trituradora de doble eje para reciclaje de residuos es su mejor opci\u00f3n. Dise\u00f1ada para afrontar los retos de la gesti\u00f3n moderna de residuos, ofrece durabilidad, eficiencia y flexibilidad que mejorar\u00e1n sus operaciones de reciclaje y le ayudar\u00e1n a construir un futuro sostenible.<\/p>","protected":false},"excerpt":{"rendered":"<p>Nuestra trituradora de doble eje est\u00e1 dise\u00f1ada para un reciclaje de residuos de alto rendimiento, procesando sin esfuerzo pl\u00e1sticos, madera, caucho y metales ligeros. Gracias a sus robustos ejes dobles con cuchillas endurecidas, garantiza una trituraci\u00f3n uniforme con un mantenimiento m\u00ednimo. Ideal para instalaciones industriales, municipales y de reciclaje, esta trituradora maximiza la producci\u00f3n al tiempo que reduce el consumo de energ\u00eda. Su construcci\u00f3n duradera y los tama\u00f1os de criba personalizables permiten un control preciso del tama\u00f1o del material de salida. Tanto si manipula residuos voluminosos como si prepara materiales para su posterior reciclaje, esta m\u00e1quina ofrece una fiabilidad inigualable.<\/p>","protected":false},"featured_media":2151,"template":"","meta":{"site-sidebar-layout":"default","site-content-layout":"","ast-site-content-layout":"default","site-content-style":"default","site-sidebar-style":"default","ast-global-header-display":"","ast-banner-title-visibility":"","ast-main-header-display":"","ast-hfb-above-header-display":"","ast-hfb-below-header-display":"","ast-hfb-mobile-header-display":"","site-post-title":"","ast-breadcrumbs-content":"","ast-featured-img":"","footer-sml-layout":"","ast-disable-related-posts":"","theme-transparent-header-meta":"default","adv-header-id-meta":"","stick-header-meta":"","header-above-stick-meta":"","header-main-stick-meta":"","header-below-stick-meta":"","astra-migrate-meta-layouts":"set","ast-page-background-enabled":"default","ast-page-background-meta":{"desktop":{"background-color":"var(--ast-global-color-5)","background-image":"","background-repeat":"repeat","background-position":"center center","background-size":"auto","background-attachment":"scroll","background-type":"","background-media":"","overlay-type":"","overlay-color":"","overlay-opacity":"","overlay-gradient":""},"tablet":{"background-color":"","background-image":"","background-repeat":"repeat","background-position":"center center","background-size":"auto","background-attachment":"scroll","background-type":"","background-media":"","overlay-type":"","overlay-color":"","overlay-opacity":"","overlay-gradient":""},"mobile":{"background-color":"","background-image":"","background-repeat":"repeat","background-position":"center center","background-size":"auto","background-attachment":"scroll","background-type":"","background-media":"","overlay-type":"","overlay-color":"","overlay-opacity":"","overlay-gradient":""}},"ast-content-background-meta":{"desktop":{"background-color":"var(--ast-global-color-4)","background-image":"","background-repeat":"repeat","background-position":"center center","background-size":"auto","background-attachment":"scroll","background-type":"","background-media":"","overlay-type":"","overlay-color":"","overlay-opacity":"","overlay-gradient":""},"tablet":{"background-color":"var(--ast-global-color-4)","background-image":"","background-repeat":"repeat","background-position":"center center","background-size":"auto","background-attachment":"scroll","background-type":"","background-media":"","overlay-type":"","overlay-color":"","overlay-opacity":"","overlay-gradient":""},"mobile":{"background-color":"var(--ast-global-color-4)","background-image":"","background-repeat":"repeat","background-position":"center center","background-size":"auto","background-attachment":"scroll","background-type":"","background-media":"","overlay-type":"","overlay-color":"","overlay-opacity":"","overlay-gradient":""}}},"product_brand":[],"product_cat":[20,149],"product_tag":[],"class_list":{"0":"post-2012","1":"product","2":"type-product","3":"status-publish","4":"has-post-thumbnail","6":"product_cat-shredding-and-crushing-machine","7":"product_cat-double-shaft-shredder","8":"desktop-align-left","9":"tablet-align-left","10":"mobile-align-left","12":"first","13":"instock","14":"shipping-taxable","15":"product-type-simple"},"_links":{"self":[{"href":"https:\/\/www.gigapa.com\/es\/wp-json\/wp\/v2\/product\/2012","targetHints":{"allow":["GET"]}}],"collection":[{"href":"https:\/\/www.gigapa.com\/es\/wp-json\/wp\/v2\/product"}],"about":[{"href":"https:\/\/www.gigapa.com\/es\/wp-json\/wp\/v2\/types\/product"}],"version-history":[{"count":2,"href":"https:\/\/www.gigapa.com\/es\/wp-json\/wp\/v2\/product\/2012\/revisions"}],"predecessor-version":[{"id":2152,"href":"https:\/\/www.gigapa.com\/es\/wp-json\/wp\/v2\/product\/2012\/revisions\/2152"}],"wp:featuredmedia":[{"embeddable":true,"href":"https:\/\/www.gigapa.com\/es\/wp-json\/wp\/v2\/media\/2151"}],"wp:attachment":[{"href":"https:\/\/www.gigapa.com\/es\/wp-json\/wp\/v2\/media?parent=2012"}],"wp:term":[{"taxonomy":"product_brand","embeddable":true,"href":"https:\/\/www.gigapa.com\/es\/wp-json\/wp\/v2\/product_brand?post=2012"},{"taxonomy":"product_cat","embeddable":true,"href":"https:\/\/www.gigapa.com\/es\/wp-json\/wp\/v2\/product_cat?post=2012"},{"taxonomy":"product_tag","embeddable":true,"href":"https:\/\/www.gigapa.com\/es\/wp-json\/wp\/v2\/product_tag?post=2012"}],"curies":[{"name":"wp","href":"https:\/\/api.w.org\/{rel}","templated":true}]}}