{"id":2014,"date":"2025-06-18T08:21:38","date_gmt":"2025-06-18T00:21:38","guid":{"rendered":"https:\/\/www.gigapa.com\/?post_type=product&#038;p=2014"},"modified":"2025-10-13T09:16:53","modified_gmt":"2025-10-13T01:16:53","slug":"metal-scrap-baling-press-machine","status":"publish","type":"product","link":"https:\/\/www.gigapa.com\/es\/product\/metal-scrap-baling-press-machine\/","title":{"rendered":"Prensa embaladora de chatarra met\u00e1lica"},"content":{"rendered":"<p data-start=\"211\" data-end=\"708\">En <a href=\"https:\/\/www.gigapa.com\/es\/1-minute-understand-door-type-metal-briquetting-machine\/\"><i>prensa compactadora de chatarra<\/i><\/a>\u00a0es un dispositivo industrial altamente eficiente y duradero dise\u00f1ado para comprimir diversos tipos de chatarra met\u00e1lica en balas densas y manejables. Esta m\u00e1quina se utiliza ampliamente en industrias como el reciclaje de metales, el desguace de autom\u00f3viles, la fabricaci\u00f3n de acero y las plantas de procesamiento de metales. Al reducir el volumen de los materiales de desecho, simplifica la manipulaci\u00f3n, el almacenamiento, el transporte y el reciclaje, contribuyendo en \u00faltima instancia a un entorno industrial m\u00e1s limpio y sostenible.<\/p>\n<h3 data-start=\"710\" data-end=\"759\">Ingenier\u00eda de precisi\u00f3n para el m\u00e1ximo rendimiento<\/h3>\n<p data-start=\"761\" data-end=\"1098\">Nuestra prensa embaladora de chatarra met\u00e1lica est\u00e1 dise\u00f1ada con sistemas hidr\u00e1ulicos avanzados y materiales de alta resistencia para proporcionar una potente fuerza de compresi\u00f3n, garantizando una densidad de bala consistente. El equipo es capaz de manipular chatarra de metales ferrosos y no ferrosos, incluyendo aluminio, cobre, hierro, acero, acero inoxidable y materiales de aleaci\u00f3n.<\/p>\n<p data-start=\"1100\" data-end=\"1419\">El sistema hidr\u00e1ulico genera una presi\u00f3n significativa para comprimir la chatarra voluminosa y de forma irregular en bloques compactos, optimizando la capacidad de carga de camiones o contenedores. Esta reducci\u00f3n del volumen ayuda a los recicladores a ahorrar en costes de transporte y almacenamiento, al tiempo que aumenta el valor de la chatarra procesada para su reventa o fundici\u00f3n.<\/p>\n<h3 data-start=\"1421\" data-end=\"1452\">Principales caracter\u00edsticas y ventajas<\/h3>\n<ul>\n<li data-start=\"1456\" data-end=\"1594\"><strong data-start=\"1456\" data-end=\"1482\">Alta fuerza de compresi\u00f3n<\/strong>: Utiliza un sistema hidr\u00e1ulico de alta resistencia para ejercer una presi\u00f3n que oscila entre 63 y 200 toneladas, seg\u00fan el modelo.<\/li>\n<li data-start=\"1597\" data-end=\"1766\"><strong data-start=\"1597\" data-end=\"1623\">Tama\u00f1o de bala personalizable<\/strong>: Las dimensiones y el peso de las balas pueden adaptarse seg\u00fan los requisitos del cliente, lo que hace que la m\u00e1quina sea adecuada para diferentes flujos de trabajo de reciclaje.<\/li>\n<li data-start=\"1769\" data-end=\"1936\"><strong data-start=\"1769\" data-end=\"1803\">Opciones de control manual y PLC<\/strong>: Disponibles tanto en versiones manuales accionadas por palanca como en modelos totalmente autom\u00e1ticos controlados por PLC para adaptarse a diversas preferencias operativas.<\/li>\n<li data-start=\"1939\" data-end=\"2090\"><strong data-start=\"1939\" data-end=\"1962\">Construcci\u00f3n robusta<\/strong>: Fabricado con placas de acero de alta resistencia para una durabilidad a largo plazo y un mantenimiento m\u00ednimo, incluso en condiciones de funcionamiento continuo.<\/li>\n<li data-start=\"2093\" data-end=\"2241\"><strong data-start=\"2093\" data-end=\"2128\">Instalaci\u00f3n y funcionamiento sencillos<\/strong>: Dise\u00f1ado para facilitar la configuraci\u00f3n, el funcionamiento y el mantenimiento rutinario; apto para uso en interiores y exteriores.<\/li>\n<\/ul>\n<h3 data-start=\"2243\" data-end=\"2268\">Escenarios de aplicaci\u00f3n<\/h3>\n<p data-start=\"2270\" data-end=\"2320\">La prensa embaladora de chatarra met\u00e1lica es ideal para:<\/p>\n<ul>\n<li data-start=\"2324\" data-end=\"2392\"><strong data-start=\"2324\" data-end=\"2345\">Centros de reciclaje<\/strong> que buscan agilizar la tramitaci\u00f3n y la log\u00edstica<\/li>\n<li data-start=\"2395\" data-end=\"2472\"><strong data-start=\"2395\" data-end=\"2421\">Desguaces de autom\u00f3viles<\/strong> manipulaci\u00f3n de carcasas de autom\u00f3viles, piezas de motor y paneles de carrocer\u00eda<\/li>\n<li data-start=\"2475\" data-end=\"2548\"><strong data-start=\"2475\" data-end=\"2506\">Talleres de fabricaci\u00f3n de metales<\/strong> tratamiento de recortes y residuos de producci\u00f3n<\/li>\n<li data-start=\"2551\" data-end=\"2610\"><strong data-start=\"2551\" data-end=\"2566\">Acer\u00edas<\/strong> con el objetivo de reciclar la chatarra de producci\u00f3n interna<\/li>\n<li data-start=\"2613\" data-end=\"2676\"><strong data-start=\"2613\" data-end=\"2635\">Desguaces<\/strong> compactaci\u00f3n de chatarra procedente del desguace de buques<\/li>\n<\/ul>\n<p data-start=\"2678\" data-end=\"2862\">Independientemente del tipo de chatarra, ya sean virutas de metal ligero, latas de aluminio, varillas de acero o alambres de cobre, esta prensa garantiza un prensado uniforme para obtener un producto apilable de alta densidad.<\/p>\n<h3 data-start=\"2864\" data-end=\"2894\">Ventajas para su empresa<\/h3>\n<ol>\n<li data-start=\"2899\" data-end=\"3036\"><strong data-start=\"2899\" data-end=\"2933\">Mejorar la eficacia operativa<\/strong>: Automatiza el proceso de compactaci\u00f3n de residuos met\u00e1licos, reduciendo significativamente los costes de mano de obra y el tiempo de procesamiento.<\/li>\n<li data-start=\"3040\" data-end=\"3170\"><strong data-start=\"3040\" data-end=\"3071\">Reducir los costes de transporte<\/strong>: Un menor volumen de balas significa m\u00e1s material por env\u00edo, lo que reduce el consumo de combustible y los gastos log\u00edsticos.<\/li>\n<li data-start=\"3174\" data-end=\"3291\"><strong data-start=\"3174\" data-end=\"3192\">Aumentar la seguridad<\/strong>: Mantiene limpias las zonas de chatarra y reduce el riesgo de lesiones al consolidar las piezas met\u00e1licas sueltas y afiladas.<\/li>\n<li data-start=\"3295\" data-end=\"3411\"><strong data-start=\"3295\" data-end=\"3319\">Aumentar el valor de la chatarra<\/strong>: Las balas comprimidas alcanzan precios de mercado m\u00e1s altos debido a su facilidad de fusi\u00f3n y a su aspecto m\u00e1s limpio.<\/li>\n<li data-start=\"3415\" data-end=\"3549\"><strong data-start=\"3415\" data-end=\"3443\">Cumplimiento de la normativa medioambiental<\/strong>: Ayuda a cumplir la normativa medioambiental y de reciclaje fomentando pr\u00e1cticas sostenibles de manipulaci\u00f3n de materiales.<\/li>\n<\/ol>\n<h3 data-start=\"3551\" data-end=\"3569\">\u00bfPor qu\u00e9 elegirnos?<\/h3>\n<p data-start=\"3571\" data-end=\"3807\">Somos un fabricante y exportador de confianza de equipos de prensado de metales, con a\u00f1os de experiencia en el suministro de soluciones a clientes de toda Europa, Asia, Oriente Medio y Sudam\u00e9rica. Nuestras prensas compactadoras de chatarra met\u00e1lica vienen con:<\/p>\n<ul>\n<li data-start=\"3811\" data-end=\"3860\">Certificaciones CE e ISO para garantizar la calidad<\/li>\n<li data-start=\"3863\" data-end=\"3929\">Una amplia selecci\u00f3n de modelos (horizontal, vertical)<\/li>\n<li data-start=\"3932\" data-end=\"3996\">Opciones de personalizaci\u00f3n OEM para requisitos de producci\u00f3n espec\u00edficos<\/li>\n<li data-start=\"3999\" data-end=\"4096\">Asistencia posventa completa, que incluye orientaci\u00f3n en l\u00ednea, piezas de repuesto y formaci\u00f3n in situ.<\/li>\n<\/ul>","protected":false},"excerpt":{"rendered":"<p data-start=\"449\" data-end=\"840\">Nuestra prensa compactadora de chatarra met\u00e1lica es una potente soluci\u00f3n hidr\u00e1ulica para comprimir todo tipo de residuos met\u00e1licos, como acero, aluminio y cobre. Dise\u00f1ada para plantas de reciclaje e industrias de procesamiento de metales, ofrece una alta eficiencia, tama\u00f1os de bala personalizables y una gran durabilidad. Perfecta para ahorrar espacio, reducir los costes de transporte y maximizar el valor de la chatarra.<\/p>","protected":false},"featured_media":2010,"template":"","meta":{"site-sidebar-layout":"default","site-content-layout":"","ast-site-content-layout":"default","site-content-style":"default","site-sidebar-style":"default","ast-global-header-display":"","ast-banner-title-visibility":"","ast-main-header-display":"","ast-hfb-above-header-display":"","ast-hfb-below-header-display":"","ast-hfb-mobile-header-display":"","site-post-title":"","ast-breadcrumbs-content":"","ast-featured-img":"","footer-sml-layout":"","ast-disable-related-posts":"","theme-transparent-header-meta":"default","adv-header-id-meta":"","stick-header-meta":"","header-above-stick-meta":"","header-main-stick-meta":"","header-below-stick-meta":"","astra-migrate-meta-layouts":"set","ast-page-background-enabled":"default","ast-page-background-meta":{"desktop":{"background-color":"var(--ast-global-color-5)","background-image":"","background-repeat":"repeat","background-position":"center center","background-size":"auto","background-attachment":"scroll","background-type":"","background-media":"","overlay-type":"","overlay-color":"","overlay-opacity":"","overlay-gradient":""},"tablet":{"background-color":"","background-image":"","background-repeat":"repeat","background-position":"center center","background-size":"auto","background-attachment":"scroll","background-type":"","background-media":"","overlay-type":"","overlay-color":"","overlay-opacity":"","overlay-gradient":""},"mobile":{"background-color":"","background-image":"","background-repeat":"repeat","background-position":"center center","background-size":"auto","background-attachment":"scroll","background-type":"","background-media":"","overlay-type":"","overlay-color":"","overlay-opacity":"","overlay-gradient":""}},"ast-content-background-meta":{"desktop":{"background-color":"var(--ast-global-color-4)","background-image":"","background-repeat":"repeat","background-position":"center center","background-size":"auto","background-attachment":"scroll","background-type":"","background-media":"","overlay-type":"","overlay-color":"","overlay-opacity":"","overlay-gradient":""},"tablet":{"background-color":"var(--ast-global-color-4)","background-image":"","background-repeat":"repeat","background-position":"center center","background-size":"auto","background-attachment":"scroll","background-type":"","background-media":"","overlay-type":"","overlay-color":"","overlay-opacity":"","overlay-gradient":""},"mobile":{"background-color":"var(--ast-global-color-4)","background-image":"","background-repeat":"repeat","background-position":"center center","background-size":"auto","background-attachment":"scroll","background-type":"","background-media":"","overlay-type":"","overlay-color":"","overlay-opacity":"","overlay-gradient":""}}},"product_brand":[],"product_cat":[21,155],"product_tag":[132,135,133,131,134],"class_list":{"0":"post-2014","1":"product","2":"type-product","3":"status-publish","4":"has-post-thumbnail","6":"product_cat-baling-machine","7":"product_cat-metal-baler","8":"product_tag-aluminum-can-baler","9":"product_tag-copper-baler","10":"product_tag-metal-briquetting-machine","11":"product_tag-scrap-metal-baler","12":"product_tag-steel-baler","13":"desktop-align-left","14":"tablet-align-left","15":"mobile-align-left","17":"first","18":"instock","19":"shipping-taxable","20":"product-type-simple"},"_links":{"self":[{"href":"https:\/\/www.gigapa.com\/es\/wp-json\/wp\/v2\/product\/2014","targetHints":{"allow":["GET"]}}],"collection":[{"href":"https:\/\/www.gigapa.com\/es\/wp-json\/wp\/v2\/product"}],"about":[{"href":"https:\/\/www.gigapa.com\/es\/wp-json\/wp\/v2\/types\/product"}],"version-history":[{"count":3,"href":"https:\/\/www.gigapa.com\/es\/wp-json\/wp\/v2\/product\/2014\/revisions"}],"predecessor-version":[{"id":2322,"href":"https:\/\/www.gigapa.com\/es\/wp-json\/wp\/v2\/product\/2014\/revisions\/2322"}],"wp:featuredmedia":[{"embeddable":true,"href":"https:\/\/www.gigapa.com\/es\/wp-json\/wp\/v2\/media\/2010"}],"wp:attachment":[{"href":"https:\/\/www.gigapa.com\/es\/wp-json\/wp\/v2\/media?parent=2014"}],"wp:term":[{"taxonomy":"product_brand","embeddable":true,"href":"https:\/\/www.gigapa.com\/es\/wp-json\/wp\/v2\/product_brand?post=2014"},{"taxonomy":"product_cat","embeddable":true,"href":"https:\/\/www.gigapa.com\/es\/wp-json\/wp\/v2\/product_cat?post=2014"},{"taxonomy":"product_tag","embeddable":true,"href":"https:\/\/www.gigapa.com\/es\/wp-json\/wp\/v2\/product_tag?post=2014"}],"curies":[{"name":"wp","href":"https:\/\/api.w.org\/{rel}","templated":true}]}}