{"id":2016,"date":"2025-06-17T14:42:33","date_gmt":"2025-06-17T06:42:33","guid":{"rendered":"https:\/\/www.gigapa.com\/?post_type=product&#038;p=2016"},"modified":"2025-10-13T09:19:00","modified_gmt":"2025-10-13T01:19:00","slug":"door-cover-hydraulic-metal-baling-press","status":"publish","type":"product","link":"https:\/\/www.gigapa.com\/es\/product\/door-cover-hydraulic-metal-baling-press\/","title":{"rendered":"Prensa embaladora hidr\u00e1ulica de metales con tapa de puerta"},"content":{"rendered":"<p data-start=\"216\" data-end=\"639\" data-immersive-translate-walked=\"9fa03a8b-0bd0-4f86-b251-1ba77676cccc\" data-immersive-translate-paragraph=\"1\">La prensa compactadora hidr\u00e1ulica de metales con cubierta de puerta es una soluci\u00f3n de empacado de alta resistencia dise\u00f1ada para compactar una amplia variedad de chatarra en balas de alta densidad y f\u00e1ciles de transportar. Equipada con una cubierta de puerta delantera y cilindros hidr\u00e1ulicos de alta fuerza, esta prensa es ideal para centros de reciclaje, plantas de procesamiento de metales y dep\u00f3sitos de chatarra que buscan reducir el volumen de material, mejorar la log\u00edstica y aumentar la rentabilidad del reciclaje.<\/p>\n<h3 data-start=\"646\" data-end=\"666\" data-immersive-translate-walked=\"9fa03a8b-0bd0-4f86-b251-1ba77676cccc\">Caracter\u00edsticas principales<\/h3>\n<p data-start=\"668\" data-end=\"704\" data-immersive-translate-walked=\"9fa03a8b-0bd0-4f86-b251-1ba77676cccc\" data-immersive-translate-paragraph=\"1\"><strong>Estructura robusta de la cubierta de la puerta<\/strong><\/p>\n<p data-start=\"705\" data-end=\"976\" data-immersive-translate-walked=\"9fa03a8b-0bd0-4f86-b251-1ba77676cccc\" data-immersive-translate-paragraph=\"1\">Esta empacadora met\u00e1lica cuenta con una cubierta de puerta con bisagras frontales que cierra de forma segura la c\u00e1mara de compresi\u00f3n antes del prensado final. El dise\u00f1o mejora la seguridad operativa y garantiza que la chatarra permanezca en su sitio durante el proceso de compresi\u00f3n, produciendo pacas bien formadas y uniformes.<\/p>\n<p data-start=\"978\" data-end=\"1017\" data-immersive-translate-walked=\"9fa03a8b-0bd0-4f86-b251-1ba77676cccc\" data-immersive-translate-paragraph=\"1\"><strong>Sistema hidr\u00e1ulico de alta presi\u00f3n<\/strong><\/p>\n<p data-start=\"1018\" data-end=\"1312\" data-immersive-translate-walked=\"9fa03a8b-0bd0-4f86-b251-1ba77676cccc\" data-immersive-translate-paragraph=\"1\">Accionada por un sistema hidr\u00e1ulico de alta eficiencia, la empacadora proporciona una fuerza de prensado fuerte y estable, capaz de comprimir chatarra de acero, aluminio, cobre e inoxidable. El cilindro principal genera niveles de fuerza de hasta 1250 kN o m\u00e1s (seg\u00fan el modelo), lo que garantiza una producci\u00f3n de balas densas y apilables.<\/p>\n<p data-start=\"1314\" data-end=\"1355\" data-immersive-translate-walked=\"9fa03a8b-0bd0-4f86-b251-1ba77676cccc\" data-immersive-translate-paragraph=\"1\"><strong>Compatibilidad con materiales vers\u00e1tiles<\/strong><\/p>\n<p data-start=\"1356\" data-end=\"1437\" data-immersive-translate-walked=\"9fa03a8b-0bd0-4f86-b251-1ba77676cccc\" data-immersive-translate-paragraph=\"1\">Esta m\u00e1quina es adecuada para compactar diversos materiales de chatarra de metal, incluyendo:<\/p>\n<ul>\n<li data-start=\"1441\" data-end=\"1470\" data-immersive-translate-walked=\"9fa03a8b-0bd0-4f86-b251-1ba77676cccc\" data-immersive-translate-paragraph=\"1\">Chapas de acero ligeras y finas<\/li>\n<li data-start=\"1473\" data-end=\"1501\" data-immersive-translate-walked=\"9fa03a8b-0bd0-4f86-b251-1ba77676cccc\" data-immersive-translate-paragraph=\"1\">Latas y perfiles de aluminio<\/li>\n<li data-start=\"1504\" data-end=\"1528\" data-immersive-translate-walked=\"9fa03a8b-0bd0-4f86-b251-1ba77676cccc\" data-immersive-translate-paragraph=\"1\">Tubos y alambres de cobre<\/li>\n<li data-start=\"1531\" data-end=\"1559\" data-immersive-translate-walked=\"9fa03a8b-0bd0-4f86-b251-1ba77676cccc\" data-immersive-translate-paragraph=\"1\">Carcasas de coches y electrodom\u00e9sticos<\/li>\n<li data-start=\"1562\" data-end=\"1607\" data-immersive-translate-walked=\"9fa03a8b-0bd0-4f86-b251-1ba77676cccc\" data-immersive-translate-paragraph=\"1\">Recortes estructurales y residuos met\u00e1licos industriales<\/li>\n<\/ul>\n<p data-start=\"1609\" data-end=\"1776\" data-immersive-translate-walked=\"9fa03a8b-0bd0-4f86-b251-1ba77676cccc\" data-immersive-translate-paragraph=\"1\">Tanto si procesa chatarra de nueva producci\u00f3n como chatarra mezclada procedente de operaciones de desmantelamiento, la prensa compactadora hidr\u00e1ulica de metales con tapa de puerta ofrece resultados uniformes.<\/p>\n<p data-start=\"1778\" data-end=\"1817\" data-immersive-translate-walked=\"9fa03a8b-0bd0-4f86-b251-1ba77676cccc\" data-immersive-translate-paragraph=\"1\"><strong>Opciones de control manual y PLC<\/strong><\/p>\n<p data-start=\"1818\" data-end=\"2091\" data-immersive-translate-walked=\"9fa03a8b-0bd0-4f86-b251-1ba77676cccc\" data-immersive-translate-paragraph=\"1\">La empacadora, disponible con funcionamiento manual por palanca o automatizado por PLC, ofrece flexibilidad para diferentes necesidades operativas. Con el control PLC, los operadores pueden beneficiarse de las funciones de prensado de ciclo autom\u00e1tico, manejo con una sola pulsaci\u00f3n y autoprotecci\u00f3n del sistema hidr\u00e1ulico.<\/p>\n<p data-start=\"2093\" data-end=\"2121\" data-immersive-translate-walked=\"9fa03a8b-0bd0-4f86-b251-1ba77676cccc\" data-immersive-translate-paragraph=\"1\"><strong>F\u00e1cil descarga de pacas<\/strong><\/p>\n<p data-start=\"2122\" data-end=\"2380\" data-immersive-translate-walked=\"9fa03a8b-0bd0-4f86-b251-1ba77676cccc\" data-immersive-translate-paragraph=\"1\">La m\u00e1quina dispone de un eyector mec\u00e1nico o hidr\u00e1ulico que empuja autom\u00e1ticamente la paca terminada fuera de la c\u00e1mara de compresi\u00f3n, haciendo que el funcionamiento sea m\u00e1s r\u00e1pido y eficaz. Las balas pueden expulsarse horizontal o lateralmente en funci\u00f3n de la configuraci\u00f3n del modelo.<\/p>\n<h3 data-start=\"2387\" data-end=\"2428\" data-immersive-translate-walked=\"9fa03a8b-0bd0-4f86-b251-1ba77676cccc\">Especificaciones t\u00e9cnicas (muestra)<\/h3>\n<div class=\"_tableContainer_16hzy_1\" data-immersive-translate-walked=\"9fa03a8b-0bd0-4f86-b251-1ba77676cccc\">\n<div class=\"_tableWrapper_16hzy_14 group flex w-fit flex-col-reverse\" tabindex=\"-1\" data-immersive-translate-walked=\"9fa03a8b-0bd0-4f86-b251-1ba77676cccc\">\n<table class=\"w-fit min-w-(--thread-content-width)\" data-start=\"2430\" data-end=\"3020\" data-immersive-translate-walked=\"9fa03a8b-0bd0-4f86-b251-1ba77676cccc\">\n<thead data-start=\"2430\" data-end=\"2489\" data-immersive-translate-walked=\"9fa03a8b-0bd0-4f86-b251-1ba77676cccc\">\n<tr data-start=\"2430\" data-end=\"2489\" data-immersive-translate-walked=\"9fa03a8b-0bd0-4f86-b251-1ba77676cccc\">\n<th style=\"text-align: left;\" data-start=\"2430\" data-end=\"2456\" data-col-size=\"sm\" data-immersive-translate-walked=\"9fa03a8b-0bd0-4f86-b251-1ba77676cccc\" data-immersive-translate-paragraph=\"1\">Par\u00e1metro<\/th>\n<th style=\"text-align: left;\" data-start=\"2456\" data-end=\"2489\" data-col-size=\"sm\" data-immersive-translate-walked=\"9fa03a8b-0bd0-4f86-b251-1ba77676cccc\" data-immersive-translate-paragraph=\"1\">Valor<\/th>\n<\/tr>\n<\/thead>\n<tbody data-start=\"2549\" data-end=\"3020\" data-immersive-translate-walked=\"9fa03a8b-0bd0-4f86-b251-1ba77676cccc\">\n<tr data-start=\"2549\" data-end=\"2607\" data-immersive-translate-walked=\"9fa03a8b-0bd0-4f86-b251-1ba77676cccc\">\n<td data-start=\"2549\" data-end=\"2574\" data-col-size=\"sm\" data-immersive-translate-walked=\"9fa03a8b-0bd0-4f86-b251-1ba77676cccc\" data-immersive-translate-paragraph=\"1\">Fuerza de presi\u00f3n<\/td>\n<td data-col-size=\"sm\" data-start=\"2574\" data-end=\"2607\" data-immersive-translate-walked=\"9fa03a8b-0bd0-4f86-b251-1ba77676cccc\" data-immersive-translate-paragraph=\"1\">125 - 315 toneladas (personalizable)<\/td>\n<\/tr>\n<tr data-start=\"2608\" data-end=\"2666\" data-immersive-translate-walked=\"9fa03a8b-0bd0-4f86-b251-1ba77676cccc\">\n<td data-start=\"2608\" data-end=\"2633\" data-col-size=\"sm\" data-immersive-translate-walked=\"9fa03a8b-0bd0-4f86-b251-1ba77676cccc\" data-immersive-translate-paragraph=\"1\">Tama\u00f1o de bala<\/td>\n<td data-col-size=\"sm\" data-start=\"2633\" data-end=\"2666\" data-immersive-translate-walked=\"9fa03a8b-0bd0-4f86-b251-1ba77676cccc\" data-immersive-translate-paragraph=\"1\">300\u00d7300mm \/ 400\u00d7400mm etc.<\/td>\n<\/tr>\n<tr data-start=\"2667\" data-end=\"2725\" data-immersive-translate-walked=\"9fa03a8b-0bd0-4f86-b251-1ba77676cccc\">\n<td data-start=\"2667\" data-end=\"2692\" data-col-size=\"sm\" data-immersive-translate-walked=\"9fa03a8b-0bd0-4f86-b251-1ba77676cccc\" data-immersive-translate-paragraph=\"1\">Peso de la bala<\/td>\n<td data-col-size=\"sm\" data-start=\"2692\" data-end=\"2725\" data-immersive-translate-walked=\"9fa03a8b-0bd0-4f86-b251-1ba77676cccc\" data-immersive-translate-paragraph=\"1\">40 - 200 kg<\/td>\n<\/tr>\n<tr data-start=\"2726\" data-end=\"2784\" data-immersive-translate-walked=\"9fa03a8b-0bd0-4f86-b251-1ba77676cccc\">\n<td data-start=\"2726\" data-end=\"2751\" data-col-size=\"sm\" data-immersive-translate-walked=\"9fa03a8b-0bd0-4f86-b251-1ba77676cccc\" data-immersive-translate-paragraph=\"1\">Duraci\u00f3n del ciclo<\/td>\n<td data-col-size=\"sm\" data-start=\"2751\" data-end=\"2784\" data-immersive-translate-walked=\"9fa03a8b-0bd0-4f86-b251-1ba77676cccc\" data-immersive-translate-paragraph=\"1\">60 - 90 segundos<\/td>\n<\/tr>\n<tr data-start=\"2785\" data-end=\"2843\" data-immersive-translate-walked=\"9fa03a8b-0bd0-4f86-b251-1ba77676cccc\">\n<td data-start=\"2785\" data-end=\"2810\" data-col-size=\"sm\" data-immersive-translate-walked=\"9fa03a8b-0bd0-4f86-b251-1ba77676cccc\" data-immersive-translate-paragraph=\"1\">Potencia del motor<\/td>\n<td data-col-size=\"sm\" data-start=\"2810\" data-end=\"2843\" data-immersive-translate-walked=\"9fa03a8b-0bd0-4f86-b251-1ba77676cccc\" data-immersive-translate-paragraph=\"1\">15 - 45 kW<\/td>\n<\/tr>\n<tr data-start=\"2844\" data-end=\"2902\" data-immersive-translate-walked=\"9fa03a8b-0bd0-4f86-b251-1ba77676cccc\">\n<td data-start=\"2844\" data-end=\"2869\" data-col-size=\"sm\" data-immersive-translate-walked=\"9fa03a8b-0bd0-4f86-b251-1ba77676cccc\" data-immersive-translate-paragraph=\"1\">Modo de funcionamiento<\/td>\n<td data-col-size=\"sm\" data-start=\"2869\" data-end=\"2902\" data-immersive-translate-walked=\"9fa03a8b-0bd0-4f86-b251-1ba77676cccc\" data-immersive-translate-paragraph=\"1\">Manual \/ PLC Auto<\/td>\n<\/tr>\n<tr data-start=\"2903\" data-end=\"2961\" data-immersive-translate-walked=\"9fa03a8b-0bd0-4f86-b251-1ba77676cccc\">\n<td data-start=\"2903\" data-end=\"2928\" data-col-size=\"sm\" data-immersive-translate-walked=\"9fa03a8b-0bd0-4f86-b251-1ba77676cccc\" data-immersive-translate-paragraph=\"1\">M\u00e9todo de expulsi\u00f3n<\/td>\n<td data-col-size=\"sm\" data-start=\"2928\" data-end=\"2961\" data-immersive-translate-walked=\"9fa03a8b-0bd0-4f86-b251-1ba77676cccc\" data-immersive-translate-paragraph=\"1\">Empuje lateral hidr\u00e1ulico<\/td>\n<\/tr>\n<tr data-start=\"2962\" data-end=\"3020\" data-immersive-translate-walked=\"9fa03a8b-0bd0-4f86-b251-1ba77676cccc\">\n<td data-start=\"2962\" data-end=\"2987\" data-col-size=\"sm\" data-immersive-translate-walked=\"9fa03a8b-0bd0-4f86-b251-1ba77676cccc\" data-immersive-translate-paragraph=\"1\">Tipo de c\u00e1mara<\/td>\n<td data-col-size=\"sm\" data-start=\"2987\" data-end=\"3020\" data-immersive-translate-walked=\"9fa03a8b-0bd0-4f86-b251-1ba77676cccc\" data-immersive-translate-paragraph=\"1\">Cerrado con puerta abatible<\/td>\n<\/tr>\n<\/tbody>\n<\/table>\n<div class=\"sticky end-(--thread-content-margin) h-0 self-end select-none\" data-immersive-translate-walked=\"9fa03a8b-0bd0-4f86-b251-1ba77676cccc\">\n<h3 class=\"absolute end-0 flex items-end\" data-immersive-translate-walked=\"9fa03a8b-0bd0-4f86-b251-1ba77676cccc\"><span style=\"font-size: 1.5em; font-weight: bold;\">Escenarios de aplicaci\u00f3n<\/span><\/h3>\n<\/div>\n<\/div>\n<\/div>\n<p data-start=\"3058\" data-end=\"3124\" data-immersive-translate-walked=\"9fa03a8b-0bd0-4f86-b251-1ba77676cccc\" data-immersive-translate-paragraph=\"1\">La prensa compactadora hidr\u00e1ulica de metales con tapa de puerta se utiliza ampliamente en:<\/p>\n<ul>\n<li data-start=\"3128\" data-end=\"3208\" data-immersive-translate-walked=\"9fa03a8b-0bd0-4f86-b251-1ba77676cccc\" data-immersive-translate-paragraph=\"1\">Plantas de reciclaje de chatarra: para reducir el volumen y aumentar la densidad de almacenamiento<\/li>\n<li data-start=\"3211\" data-end=\"3277\" data-immersive-translate-walked=\"9fa03a8b-0bd0-4f86-b251-1ba77676cccc\" data-immersive-translate-paragraph=\"1\">Acer\u00edas y fundiciones - para la compactaci\u00f3n previa a la fusi\u00f3n de chatarra<\/li>\n<li data-start=\"3280\" data-end=\"3362\" data-immersive-translate-walked=\"9fa03a8b-0bd0-4f86-b251-1ba77676cccc\" data-immersive-translate-paragraph=\"1\">Empresas de comercio de metales: para facilitar el transporte y mejorar el valor de la chatarra<\/li>\n<li data-start=\"3365\" data-end=\"3445\" data-immersive-translate-walked=\"9fa03a8b-0bd0-4f86-b251-1ba77676cccc\" data-immersive-translate-paragraph=\"1\">Operaciones de desguace de veh\u00edculos - para el tratamiento de paneles y bastidores de carrocer\u00edas de autom\u00f3viles<\/li>\n<li data-start=\"3448\" data-end=\"3521\" data-immersive-translate-walked=\"9fa03a8b-0bd0-4f86-b251-1ba77676cccc\" data-immersive-translate-paragraph=\"1\">Plantas de fabricaci\u00f3n: para comprimir recortes y residuos de chapas met\u00e1licas<\/li>\n<\/ul>\n<p data-start=\"3523\" data-end=\"3680\" data-immersive-translate-walked=\"9fa03a8b-0bd0-4f86-b251-1ba77676cccc\" data-immersive-translate-paragraph=\"1\">Al reducir la chatarra suelta en balas compactas, minimiza los costes de transporte, reduce las necesidades de espacio en el almac\u00e9n y mejora el flujo de trabajo general de reciclaje.<\/p>\n<h3 data-start=\"3687\" data-end=\"3717\" data-immersive-translate-walked=\"9fa03a8b-0bd0-4f86-b251-1ba77676cccc\">Resumen de las ventajas<\/h3>\n<ul>\n<li data-start=\"3721\" data-end=\"3764\" data-immersive-translate-walked=\"9fa03a8b-0bd0-4f86-b251-1ba77676cccc\" data-immersive-translate-paragraph=\"1\">Bastidor de dise\u00f1o robusto para una larga vida \u00fatil<\/li>\n<li data-start=\"3767\" data-end=\"3834\" data-immersive-translate-walked=\"9fa03a8b-0bd0-4f86-b251-1ba77676cccc\" data-immersive-translate-paragraph=\"1\">La cubierta de la puerta garantiza pacas limpias y cuadradas con una p\u00e9rdida m\u00ednima de material<\/li>\n<li data-start=\"3837\" data-end=\"3895\" data-immersive-translate-walked=\"9fa03a8b-0bd0-4f86-b251-1ba77676cccc\" data-immersive-translate-paragraph=\"1\">Los eficientes componentes hidr\u00e1ulicos reducen el consumo de energ\u00eda<\/li>\n<li data-start=\"3898\" data-end=\"3959\" data-immersive-translate-walked=\"9fa03a8b-0bd0-4f86-b251-1ba77676cccc\" data-immersive-translate-paragraph=\"1\">Mandos a distancia o de pedal opcionales para mayor seguridad<\/li>\n<li data-start=\"3962\" data-end=\"4007\" data-immersive-translate-walked=\"9fa03a8b-0bd0-4f86-b251-1ba77676cccc\" data-immersive-translate-paragraph=\"1\">F\u00e1cil instalaci\u00f3n, funcionamiento y mantenimiento<\/li>\n<\/ul>\n<h3 data-start=\"4014\" data-end=\"4064\" data-immersive-translate-walked=\"9fa03a8b-0bd0-4f86-b251-1ba77676cccc\">\u00bfPor qu\u00e9 elegir nuestra prensa embaladora hidr\u00e1ulica con cubierta de puerta?<\/h3>\n<ul>\n<li data-start=\"4068\" data-end=\"4118\" data-immersive-translate-walked=\"9fa03a8b-0bd0-4f86-b251-1ba77676cccc\" data-immersive-translate-paragraph=\"1\">Certificaci\u00f3n ISO y CE para uso industrial en todo el mundo<\/li>\n<li data-start=\"4121\" data-end=\"4199\" data-immersive-translate-walked=\"9fa03a8b-0bd0-4f86-b251-1ba77676cccc\" data-immersive-translate-paragraph=\"1\">Especificaciones personalizables para adaptarse a distintos materiales y tama\u00f1os de salida<\/li>\n<li data-start=\"4202\" data-end=\"4263\" data-immersive-translate-walked=\"9fa03a8b-0bd0-4f86-b251-1ba77676cccc\" data-immersive-translate-paragraph=\"1\">Equipo de ingenier\u00eda experimentado con soporte de respuesta r\u00e1pida<\/li>\n<li data-start=\"4266\" data-end=\"4345\" data-immersive-translate-walked=\"9fa03a8b-0bd0-4f86-b251-1ba77676cccc\" data-immersive-translate-paragraph=\"1\">Instalaciones con \u00e9xito en el Sudeste Asi\u00e1tico, Europa y Sudam\u00e9rica<\/li>\n<li data-start=\"4348\" data-end=\"4421\" data-immersive-translate-walked=\"9fa03a8b-0bd0-4f86-b251-1ba77676cccc\" data-immersive-translate-paragraph=\"1\">Precios competitivos con piezas de repuesto y servicio posventa incluidos<\/li>\n<\/ul>\n<h3 data-start=\"4428\" data-end=\"4446\" data-immersive-translate-walked=\"9fa03a8b-0bd0-4f86-b251-1ba77676cccc\">Conclusi\u00f3n<\/h3>\n<p data-start=\"4448\" data-end=\"4841\" data-immersive-translate-walked=\"9fa03a8b-0bd0-4f86-b251-1ba77676cccc\">La prensa hidr\u00e1ulica para metales con cubierta de puerta es una soluci\u00f3n rentable y de alto rendimiento para la manipulaci\u00f3n de chatarra met\u00e1lica. Con su estructura de puerta segura, su potente sistema hidr\u00e1ulico y sus opciones de configuraci\u00f3n flexibles, esta m\u00e1quina ofrece una calidad de bala constante a la vez que reduce el tiempo de funcionamiento y los costes de mano de obra. Es el equipo ideal para cualquier instalaci\u00f3n que busque optimizar su proceso de reciclaje de metales.<\/p>","protected":false},"excerpt":{"rendered":"<p>La prensa compactadora hidr\u00e1ulica de metales con cubierta de puerta es una potente m\u00e1quina compactadora de chatarra dise\u00f1ada para comprimir diversos residuos met\u00e1licos, como acero, aluminio y cobre, en balas densas y apilables. Su dise\u00f1o de cubierta de puerta segura garantiza una formaci\u00f3n uniforme de las balas y una mayor seguridad para el operario. Ideal para instalaciones de reciclaje y plantas de procesamiento de metales, esta prensa aumenta la eficacia del almacenamiento y reduce los costes de transporte.<\/p>","protected":false},"featured_media":2009,"template":"","meta":{"site-sidebar-layout":"default","site-content-layout":"","ast-site-content-layout":"default","site-content-style":"default","site-sidebar-style":"default","ast-global-header-display":"","ast-banner-title-visibility":"","ast-main-header-display":"","ast-hfb-above-header-display":"","ast-hfb-below-header-display":"","ast-hfb-mobile-header-display":"","site-post-title":"","ast-breadcrumbs-content":"","ast-featured-img":"","footer-sml-layout":"","ast-disable-related-posts":"","theme-transparent-header-meta":"default","adv-header-id-meta":"","stick-header-meta":"","header-above-stick-meta":"","header-main-stick-meta":"","header-below-stick-meta":"","astra-migrate-meta-layouts":"set","ast-page-background-enabled":"default","ast-page-background-meta":{"desktop":{"background-color":"var(--ast-global-color-5)","background-image":"","background-repeat":"repeat","background-position":"center center","background-size":"auto","background-attachment":"scroll","background-type":"","background-media":"","overlay-type":"","overlay-color":"","overlay-opacity":"","overlay-gradient":""},"tablet":{"background-color":"","background-image":"","background-repeat":"repeat","background-position":"center center","background-size":"auto","background-attachment":"scroll","background-type":"","background-media":"","overlay-type":"","overlay-color":"","overlay-opacity":"","overlay-gradient":""},"mobile":{"background-color":"","background-image":"","background-repeat":"repeat","background-position":"center center","background-size":"auto","background-attachment":"scroll","background-type":"","background-media":"","overlay-type":"","overlay-color":"","overlay-opacity":"","overlay-gradient":""}},"ast-content-background-meta":{"desktop":{"background-color":"var(--ast-global-color-4)","background-image":"","background-repeat":"repeat","background-position":"center center","background-size":"auto","background-attachment":"scroll","background-type":"","background-media":"","overlay-type":"","overlay-color":"","overlay-opacity":"","overlay-gradient":""},"tablet":{"background-color":"var(--ast-global-color-4)","background-image":"","background-repeat":"repeat","background-position":"center center","background-size":"auto","background-attachment":"scroll","background-type":"","background-media":"","overlay-type":"","overlay-color":"","overlay-opacity":"","overlay-gradient":""},"mobile":{"background-color":"var(--ast-global-color-4)","background-image":"","background-repeat":"repeat","background-position":"center center","background-size":"auto","background-attachment":"scroll","background-type":"","background-media":"","overlay-type":"","overlay-color":"","overlay-opacity":"","overlay-gradient":""}}},"product_brand":[],"product_cat":[21,155],"product_tag":[144,143,131],"class_list":{"0":"post-2016","1":"product","2":"type-product","3":"status-publish","4":"has-post-thumbnail","6":"product_cat-baling-machine","7":"product_cat-metal-baler","8":"product_tag-hydraulic-metal-baler","9":"product_tag-metal-baling-machine","10":"product_tag-scrap-metal-baler","11":"desktop-align-left","12":"tablet-align-left","13":"mobile-align-left","15":"first","16":"instock","17":"shipping-taxable","18":"product-type-simple"},"_links":{"self":[{"href":"https:\/\/www.gigapa.com\/es\/wp-json\/wp\/v2\/product\/2016","targetHints":{"allow":["GET"]}}],"collection":[{"href":"https:\/\/www.gigapa.com\/es\/wp-json\/wp\/v2\/product"}],"about":[{"href":"https:\/\/www.gigapa.com\/es\/wp-json\/wp\/v2\/types\/product"}],"version-history":[{"count":2,"href":"https:\/\/www.gigapa.com\/es\/wp-json\/wp\/v2\/product\/2016\/revisions"}],"predecessor-version":[{"id":2032,"href":"https:\/\/www.gigapa.com\/es\/wp-json\/wp\/v2\/product\/2016\/revisions\/2032"}],"wp:featuredmedia":[{"embeddable":true,"href":"https:\/\/www.gigapa.com\/es\/wp-json\/wp\/v2\/media\/2009"}],"wp:attachment":[{"href":"https:\/\/www.gigapa.com\/es\/wp-json\/wp\/v2\/media?parent=2016"}],"wp:term":[{"taxonomy":"product_brand","embeddable":true,"href":"https:\/\/www.gigapa.com\/es\/wp-json\/wp\/v2\/product_brand?post=2016"},{"taxonomy":"product_cat","embeddable":true,"href":"https:\/\/www.gigapa.com\/es\/wp-json\/wp\/v2\/product_cat?post=2016"},{"taxonomy":"product_tag","embeddable":true,"href":"https:\/\/www.gigapa.com\/es\/wp-json\/wp\/v2\/product_tag?post=2016"}],"curies":[{"name":"wp","href":"https:\/\/api.w.org\/{rel}","templated":true}]}}