{"id":2018,"date":"2025-06-17T14:38:08","date_gmt":"2025-06-17T06:38:08","guid":{"rendered":"https:\/\/www.gigapa.com\/?post_type=product&#038;p=2018"},"modified":"2025-10-13T10:25:08","modified_gmt":"2025-10-13T02:25:08","slug":"single-shaft-granulator-multi-leaf-clover-shaped","status":"publish","type":"product","link":"https:\/\/www.gigapa.com\/es\/product\/single-shaft-granulator-multi-leaf-clover-shaped\/","title":{"rendered":"Granuladora de un solo eje (en forma de tr\u00e9bol de varias hojas)"},"content":{"rendered":"<p data-start=\"245\" data-end=\"774\">El granulador de un solo eje (con forma de tr\u00e9bol de varias hojas) es una m\u00e1quina avanzada de trituraci\u00f3n y granulaci\u00f3n dise\u00f1ada para reducir eficazmente el tama\u00f1o de los materiales en las industrias de reciclaje y procesamiento. Dise\u00f1ado con un rotor en forma de tr\u00e9bol de estructura \u00fanica, este granulador proporciona un rendimiento de cizallamiento superior y una salida de part\u00edculas uniforme. Tanto si procesa pl\u00e1sticos, caucho, film, fibras u otros materiales de densidad blanda a media, esta m\u00e1quina ofrece una eficacia excepcional, un bajo consumo de energ\u00eda y una larga vida \u00fatil.<\/p>\n<h3 data-start=\"781\" data-end=\"801\">Caracter\u00edsticas principales<\/h3>\n<p data-start=\"803\" data-end=\"856\"><strong>Exclusivo dise\u00f1o del rotor en forma de tr\u00e9bol de varias hojas<\/strong><\/p>\n<p data-start=\"857\" data-end=\"1204\">El rotor en forma de tr\u00e9bol es la caracter\u00edstica que define a esta granuladora de un solo eje. Sus m\u00faltiples puntos de corte curvados aumentan la superficie de contacto, proporcionando una mayor fuerza de cizallamiento y una granulaci\u00f3n m\u00e1s uniforme. El dise\u00f1o tambi\u00e9n reduce el riesgo de deslizamiento o atasco del material, lo que permite un rendimiento estable incluso con materias primas de forma irregular.<\/p>\n<p data-start=\"1206\" data-end=\"1246\"><strong>C\u00e1mara de corte de alta eficiencia<\/strong><\/p>\n<p data-start=\"1247\" data-end=\"1547\">La c\u00e1mara interna est\u00e1 dise\u00f1ada para mejorar el flujo de material y reducir la resistencia. Las cuchillas fijas y giratorias est\u00e1n alineadas con precisi\u00f3n para mantener tolerancias ajustadas, garantizando cortes limpios y reduciendo el polvo o los finos. Las cuchillas son f\u00e1cilmente ajustables y reemplazables, lo que minimiza el tiempo de inactividad y los costes de mantenimiento.<\/p>\n<p data-start=\"1549\" data-end=\"1589\"><strong>Motor y transmisi\u00f3n por engranajes de alta resistencia<\/strong><\/p>\n<p data-start=\"1590\" data-end=\"1855\">Equipada con un potente motor y una caja de engranajes de alta resistencia, la granuladora es capaz de procesar diversos materiales a velocidades y niveles de par controlados. El funcionamiento a baja velocidad reduce el ruido y la generaci\u00f3n de calor, mejorando las condiciones de trabajo y la longevidad de la m\u00e1quina.<\/p>\n<p data-start=\"1857\" data-end=\"1886\"><strong>Sistema de control inteligente<\/strong><\/p>\n<p data-start=\"1887\" data-end=\"2130\">Un sistema de control PLC integrado permite el arranque y parada autom\u00e1ticos, la protecci\u00f3n contra sobrecargas y la inversi\u00f3n del rotor para evitar atascos. Esto garantiza un funcionamiento m\u00e1s seguro e inteligente y protege los componentes internos de da\u00f1os debidos a variaciones inesperadas de la carga.<\/p>\n<p data-start=\"2132\" data-end=\"2165\"><strong>Seguridad y accesibilidad<\/strong><\/p>\n<p data-start=\"2166\" data-end=\"2374\">La granuladora presenta un dise\u00f1o compacto pero accesible con enclavamientos de seguridad en todas las puertas de mantenimiento. Los sistemas de apertura hidr\u00e1ulica y la sustituci\u00f3n de las rejillas sin herramientas permiten una limpieza r\u00e1pida y un reequipamiento \u00e1gil.<\/p>\n<h3 data-start=\"2381\" data-end=\"2422\">Especificaciones t\u00e9cnicas (muestra)<\/h3>\n<div class=\"_tableContainer_16hzy_1\">\n<div class=\"_tableWrapper_16hzy_14 group flex w-fit flex-col-reverse\" tabindex=\"-1\">\n<table class=\"w-fit min-w-(--thread-content-width)\" data-start=\"2424\" data-end=\"3034\">\n<thead data-start=\"2424\" data-end=\"2484\">\n<tr data-start=\"2424\" data-end=\"2484\">\n<th style=\"text-align: left;\" data-start=\"2424\" data-end=\"2450\" data-col-size=\"sm\">Par\u00e1metro<\/th>\n<th style=\"text-align: left;\" data-start=\"2450\" data-end=\"2484\" data-col-size=\"sm\">Valor<\/th>\n<\/tr>\n<\/thead>\n<tbody data-start=\"2547\" data-end=\"3034\">\n<tr data-start=\"2547\" data-end=\"2607\">\n<td data-start=\"2547\" data-end=\"2573\" data-col-size=\"sm\">Tipo de rotor<\/td>\n<td data-col-size=\"sm\" data-start=\"2573\" data-end=\"2607\">En forma de tr\u00e9bol de varias hojas<\/td>\n<\/tr>\n<tr data-start=\"2608\" data-end=\"2668\">\n<td data-start=\"2608\" data-end=\"2634\" data-col-size=\"sm\">Potencia del motor<\/td>\n<td data-col-size=\"sm\" data-start=\"2634\" data-end=\"2668\">22 - 90 kW (personalizable)<\/td>\n<\/tr>\n<tr data-start=\"2669\" data-end=\"2729\">\n<td data-start=\"2669\" data-end=\"2695\" data-col-size=\"sm\">Di\u00e1metro del rotor<\/td>\n<td data-col-size=\"sm\" data-start=\"2695\" data-end=\"2729\">400 - 600 mm<\/td>\n<\/tr>\n<tr data-start=\"2730\" data-end=\"2790\">\n<td data-start=\"2730\" data-end=\"2756\" data-col-size=\"sm\">Capacidad<\/td>\n<td data-col-size=\"sm\" data-start=\"2756\" data-end=\"2790\">300 - 2000 kg\/h<\/td>\n<\/tr>\n<tr data-start=\"2791\" data-end=\"2851\">\n<td data-start=\"2791\" data-end=\"2817\" data-col-size=\"sm\">Material del cuchillo<\/td>\n<td data-col-size=\"sm\" data-start=\"2817\" data-end=\"2851\">D2 \/ SKD-11 \/ 9CrSi<\/td>\n<\/tr>\n<tr data-start=\"2852\" data-end=\"2912\">\n<td data-start=\"2852\" data-end=\"2878\" data-col-size=\"sm\">Tama\u00f1o de la pantalla<\/td>\n<td data-col-size=\"sm\" data-start=\"2878\" data-end=\"2912\">10 - 60 mm (ajustable)<\/td>\n<\/tr>\n<tr data-start=\"2913\" data-end=\"2973\">\n<td data-start=\"2913\" data-end=\"2939\" data-col-size=\"sm\">Sistema de control<\/td>\n<td data-col-size=\"sm\" data-start=\"2939\" data-end=\"2973\">Siemens PLC<\/td>\n<\/tr>\n<tr data-start=\"2974\" data-end=\"3034\">\n<td data-start=\"2974\" data-end=\"3000\" data-col-size=\"sm\">M\u00e9todo de alimentaci\u00f3n<\/td>\n<td data-col-size=\"sm\" data-start=\"3000\" data-end=\"3034\">Transportador \/ Manual \/ Hidr\u00e1ulico<\/td>\n<\/tr>\n<\/tbody>\n<\/table>\n<\/div>\n<\/div>\n<h3 data-start=\"3041\" data-end=\"3067\">Campos de aplicaci\u00f3n<\/h3>\n<p data-start=\"3069\" data-end=\"3183\">El granulador de un solo eje (con forma de tr\u00e9bol de varias hojas) es adecuado para una amplia gama de aplicaciones, entre las que se incluyen:<\/p>\n<ul>\n<li data-start=\"3187\" data-end=\"3231\">Reciclaje de l\u00e1minas, tubos y botellas de pl\u00e1stico<\/li>\n<li data-start=\"3234\" data-end=\"3276\">Sacos tejidos, fibras y trituraci\u00f3n textil<\/li>\n<li data-start=\"3279\" data-end=\"3327\">Hoja de caucho y granulaci\u00f3n de recortes sobrantes<\/li>\n<li data-start=\"3330\" data-end=\"3392\">Transformaci\u00f3n de espuma, aislantes y materiales de construcci\u00f3n ligeros<\/li>\n<li data-start=\"3395\" data-end=\"3447\">Pretrituraci\u00f3n de revestimientos de cables y residuos el\u00e9ctricos<\/li>\n<li data-start=\"3450\" data-end=\"3486\">Granulaci\u00f3n de residuos industriales en general<\/li>\n<\/ul>\n<p data-start=\"3488\" data-end=\"3693\">Esta versatilidad la convierte en la mejor opci\u00f3n para plantas de reciclaje de pl\u00e1stico, empresas de gesti\u00f3n de residuos industriales e instalaciones de fabricaci\u00f3n que buscan reducir el volumen de material y mejorar la eficacia del procesamiento.<\/p>\n<h3 data-start=\"3700\" data-end=\"3765\">Ventajas del rotor en forma de tr\u00e9bol frente a los dise\u00f1os tradicionales<\/h3>\n<ul>\n<li data-start=\"3769\" data-end=\"3843\">Mayor superficie de corte: m\u00e1s cuchillas enganchan el material por rotaci\u00f3n<\/li>\n<li data-start=\"3846\" data-end=\"3915\">Mejor agarre del material - Su forma \u00fanica minimiza el deslizamiento del alimento<\/li>\n<li data-start=\"3918\" data-end=\"3991\">Rendimiento mejorado: mayor eficacia de corte con menos energ\u00eda<\/li>\n<li data-start=\"3994\" data-end=\"4063\">Mayor vida \u00fatil de la cuchilla - Menor desgaste gracias a una presi\u00f3n de corte equilibrada<\/li>\n<\/ul>\n<h3 data-start=\"4070\" data-end=\"4117\">\u00bfPor qu\u00e9 elegir nuestra granuladora de eje simple?<\/h3>\n<ul>\n<li data-start=\"4121\" data-end=\"4204\">Durabilidad probada con componentes resistentes al desgaste y carcasa de acero de alta resistencia<\/li>\n<li data-start=\"4207\" data-end=\"4275\">F\u00e1cil mantenimiento con sistema de caj\u00f3n hidr\u00e1ulico y acceso a las cuchillas<\/li>\n<li data-start=\"4278\" data-end=\"4352\">Configuraci\u00f3n personalizable para adaptarse a sus necesidades de material y capacidad<\/li>\n<li data-start=\"4355\" data-end=\"4412\">Asistencia t\u00e9cnica y disponibilidad de piezas de repuesto en todo el mundo<\/li>\n<li data-start=\"4415\" data-end=\"4451\">Dise\u00f1ado para un uso industrial ininterrumpido<\/li>\n<\/ul>\n<h3 data-start=\"4458\" data-end=\"4476\">Conclusi\u00f3n<\/h3>\n<p data-start=\"4478\" data-end=\"4850\">El granulador de un solo eje (con forma de tr\u00e9bol de varias hojas) es m\u00e1s que una herramienta b\u00e1sica de reducci\u00f3n de tama\u00f1o: es una m\u00e1quina dise\u00f1ada con precisi\u00f3n que aumenta la eficacia del reciclado, reduce los costes de funcionamiento y mejora la calidad de la producci\u00f3n. Su robusta construcci\u00f3n, sus controles inteligentes y su exclusivo dise\u00f1o del rotor la convierten en una opci\u00f3n fiable para las aplicaciones industriales y medioambientales modernas.<\/p>\n<p data-start=\"4852\" data-end=\"5095\">P\u00f3ngase en contacto con nosotros hoy mismo para obtener m\u00e1s detalles t\u00e9cnicos, un presupuesto personalizado o concertar una prueba. Tanto si est\u00e1 actualizando su l\u00ednea de reciclaje como si est\u00e1 iniciando un nuevo proyecto de gesti\u00f3n de residuos, este granulador ofrece un rendimiento a largo plazo en el que puede confiar.<\/p>","protected":false},"excerpt":{"rendered":"<p>Este granulador de un solo eje cuenta con un rotor en forma de tr\u00e9bol que proporciona un corte eficiente y limpio de pl\u00e1stico, caucho y residuos industriales blandos. Construido para un alto rendimiento y bajo mantenimiento.<\/p>","protected":false},"featured_media":2008,"template":"","meta":{"site-sidebar-layout":"default","site-content-layout":"","ast-site-content-layout":"default","site-content-style":"default","site-sidebar-style":"default","ast-global-header-display":"","ast-banner-title-visibility":"","ast-main-header-display":"","ast-hfb-above-header-display":"","ast-hfb-below-header-display":"","ast-hfb-mobile-header-display":"","site-post-title":"","ast-breadcrumbs-content":"","ast-featured-img":"","footer-sml-layout":"","ast-disable-related-posts":"","theme-transparent-header-meta":"default","adv-header-id-meta":"","stick-header-meta":"","header-above-stick-meta":"","header-main-stick-meta":"","header-below-stick-meta":"","astra-migrate-meta-layouts":"set","ast-page-background-enabled":"default","ast-page-background-meta":{"desktop":{"background-color":"var(--ast-global-color-5)","background-image":"","background-repeat":"repeat","background-position":"center center","background-size":"auto","background-attachment":"scroll","background-type":"","background-media":"","overlay-type":"","overlay-color":"","overlay-opacity":"","overlay-gradient":""},"tablet":{"background-color":"","background-image":"","background-repeat":"repeat","background-position":"center center","background-size":"auto","background-attachment":"scroll","background-type":"","background-media":"","overlay-type":"","overlay-color":"","overlay-opacity":"","overlay-gradient":""},"mobile":{"background-color":"","background-image":"","background-repeat":"repeat","background-position":"center center","background-size":"auto","background-attachment":"scroll","background-type":"","background-media":"","overlay-type":"","overlay-color":"","overlay-opacity":"","overlay-gradient":""}},"ast-content-background-meta":{"desktop":{"background-color":"var(--ast-global-color-4)","background-image":"","background-repeat":"repeat","background-position":"center center","background-size":"auto","background-attachment":"scroll","background-type":"","background-media":"","overlay-type":"","overlay-color":"","overlay-opacity":"","overlay-gradient":""},"tablet":{"background-color":"var(--ast-global-color-4)","background-image":"","background-repeat":"repeat","background-position":"center center","background-size":"auto","background-attachment":"scroll","background-type":"","background-media":"","overlay-type":"","overlay-color":"","overlay-opacity":"","overlay-gradient":""},"mobile":{"background-color":"var(--ast-global-color-4)","background-image":"","background-repeat":"repeat","background-position":"center center","background-size":"auto","background-attachment":"scroll","background-type":"","background-media":"","overlay-type":"","overlay-color":"","overlay-opacity":"","overlay-gradient":""}}},"product_brand":[],"product_cat":[20],"product_tag":[],"class_list":{"0":"post-2018","1":"product","2":"type-product","3":"status-publish","4":"has-post-thumbnail","6":"product_cat-shredding-and-crushing-machine","7":"desktop-align-left","8":"tablet-align-left","9":"mobile-align-left","11":"first","12":"instock","13":"shipping-taxable","14":"product-type-simple"},"_links":{"self":[{"href":"https:\/\/www.gigapa.com\/es\/wp-json\/wp\/v2\/product\/2018","targetHints":{"allow":["GET"]}}],"collection":[{"href":"https:\/\/www.gigapa.com\/es\/wp-json\/wp\/v2\/product"}],"about":[{"href":"https:\/\/www.gigapa.com\/es\/wp-json\/wp\/v2\/types\/product"}],"version-history":[{"count":4,"href":"https:\/\/www.gigapa.com\/es\/wp-json\/wp\/v2\/product\/2018\/revisions"}],"predecessor-version":[{"id":2715,"href":"https:\/\/www.gigapa.com\/es\/wp-json\/wp\/v2\/product\/2018\/revisions\/2715"}],"wp:featuredmedia":[{"embeddable":true,"href":"https:\/\/www.gigapa.com\/es\/wp-json\/wp\/v2\/media\/2008"}],"wp:attachment":[{"href":"https:\/\/www.gigapa.com\/es\/wp-json\/wp\/v2\/media?parent=2018"}],"wp:term":[{"taxonomy":"product_brand","embeddable":true,"href":"https:\/\/www.gigapa.com\/es\/wp-json\/wp\/v2\/product_brand?post=2018"},{"taxonomy":"product_cat","embeddable":true,"href":"https:\/\/www.gigapa.com\/es\/wp-json\/wp\/v2\/product_cat?post=2018"},{"taxonomy":"product_tag","embeddable":true,"href":"https:\/\/www.gigapa.com\/es\/wp-json\/wp\/v2\/product_tag?post=2018"}],"curies":[{"name":"wp","href":"https:\/\/api.w.org\/{rel}","templated":true}]}}